{"id":1760,"date":"2023-01-29T09:43:05","date_gmt":"2023-01-29T15:43:05","guid":{"rendered":"https:\/\/omnesbands.international\/?page_id=1760"},"modified":"2023-01-29T09:43:07","modified_gmt":"2023-01-29T15:43:07","slug":"miguel-a-sarrio-nadal-2","status":"publish","type":"page","link":"https:\/\/www.omnesbands.international\/en\/miguel-a-sarrio-nadal-2\/","title":{"rendered":"MIGUEL A. SARRIO NADAL"},"content":{"rendered":"<div class=\"wp-block-uagb-container uagb-block-e80562cd alignfull uagb-is-root-container\"><div class=\"uagb-container-inner-blocks-wrap\">\n<div class=\"wp-block-uagb-advanced-heading uagb-block-70f65910\"><h1 class=\"uagb-heading-text\"><strong>MIGUEL ANGEL SARRIO NADAL<\/strong><\/h1><\/div>\n<\/div><\/div>\n\n\n\n<div class=\"wp-block-uagb-container uagb-block-6ddeba67 alignfull uagb-is-root-container\"><div class=\"uagb-container-inner-blocks-wrap\">\n<div class=\"wp-block-uagb-container uagb-block-e3cdab91\">\n<p>MIGUEL \u00c1NGEL SARRI\u00d3 NADAL, has a degree in Orchestra Conducting from the Royal School of Music in London, has studied at the conservatory of Ontinyent, and in the higher conservatories of Salamanca and Valencia, obtaining the title of Professor in the specialty of Trumpet. He also holds a degree in Band Conducting from the ESMUCVALL, under the tutelage of Jos\u00e9 Rafael Pascual Vilaplana, Ram\u00f3n Garc\u00eda i Soler and Juan Alborch. He has a University Diploma, by the University of Valencia, in the specialties of Musical Education and Early Childhood Education.<\/p>\n<p>Since 1997 he has been a career civil servant in the body of Teachers, specializing in Music Education, being number 1 in his competition of all specialties.<\/p>\n<p>He has been director and professor of Trumpet of the Professional Conservatory \"Jos\u00e9 Melcior Gomis\" of Ontinyent, director of l'AEM \"La Nova\" of L'Olleria (Valencia), of S. M. \"El Valle\" of C\u00e0rrega (Valencia), of S. M. \"El Valle\" of C\u00e0rrega (Valencia). \"El Valle\" of C\u00e0rcer (Valencia), of the Uni\u00f3 Musical de L'Orxa (Alicante), of l' Agrupaci\u00f3 Musical Ontinyent (Valencia), of the Uni\u00f3 Musical d'Aielo de Malferit (Valencia), of the \"Colla de Dol\u00e7ainers i Tabaleters \"El Regall\" of Ontinyent and Director-founder of the \"Coral de la Pur\u00edssima\" of Ontinyent.<\/p>\n<p>His music, written exclusively for wind and percussion ensembles, has won 18 prizes in different national and international competitions, has been recorded in several CD's and has been published by Rober Martin (France), Omnesband and BRANFOR.<\/p>\n<p>He is currently Trumpet of the International Orchestra of Orchestra Conductors, federated musician with the Uni\u00f3 Musical d'Aielo (Valencia), specialist music teacher in the public school of Aielo de Malferit and Principal Conductor of the Societat Musical Vila de Bocairent.<\/p>\n<\/div>\n<\/div><\/div>\n\n\n<div class=\"woocommerce columns-4\"><\/div>","protected":false},"excerpt":{"rendered":"<p>MIGUEL ANGEL SARRI\u00d3 NADAL MIGUEL \u00c1NGEL SARRI\u00d3 NADAL, es Licenciado en Direcci\u00f3n de Orquesta por la Royal School of Musica de Londres, ha estudiado en el conservatorio de Ontinyent, y en los superiores de Salamanca y Valencia, obteniendo la titulaci\u00f3n de Profesor Superior en la especialidad de Trompeta. Tambi\u00e9n es titulado en Direcci\u00f3n de Banda [&hellip;]<\/p>\n","protected":false},"author":4,"featured_media":0,"parent":0,"menu_order":0,"comment_status":"closed","ping_status":"closed","template":"","meta":{"_acf_changed":false,"_uag_custom_page_level_css":"","site-sidebar-layout":"default","site-content-layout":"","ast-site-content-layout":"default","site-content-style":"default","site-sidebar-style":"default","ast-global-header-display":"","ast-banner-title-visibility":"","ast-main-header-display":"","ast-hfb-above-header-display":"","ast-hfb-below-header-display":"","ast-hfb-mobile-header-display":"","site-post-title":"disabled","ast-breadcrumbs-content":"","ast-featured-img":"","footer-sml-layout":"","ast-disable-related-posts":"","theme-transparent-header-meta":"","adv-header-id-meta":"","stick-header-meta":"","header-above-stick-meta":"","header-main-stick-meta":"","header-below-stick-meta":"","astra-migrate-meta-layouts":"default","ast-page-background-enabled":"default","ast-page-background-meta":{"desktop":{"background-color":"","background-image":"","background-repeat":"repeat","background-position":"center center","background-size":"auto","background-attachment":"scroll","background-type":"","background-media":"","overlay-type":"","overlay-color":"","overlay-opacity":"","overlay-gradient":""},"tablet":{"background-color":"","background-image":"","background-repeat":"repeat","background-position":"center center","background-size":"auto","background-attachment":"scroll","background-type":"","background-media":"","overlay-type":"","overlay-color":"","overlay-opacity":"","overlay-gradient":""},"mobile":{"background-color":"","background-image":"","background-repeat":"repeat","background-position":"center center","background-size":"auto","background-attachment":"scroll","background-type":"","background-media":"","overlay-type":"","overlay-color":"","overlay-opacity":"","overlay-gradient":""}},"ast-content-background-meta":{"desktop":{"background-color":"var(--ast-global-color-5)","background-image":"","background-repeat":"repeat","background-position":"center center","background-size":"auto","background-attachment":"scroll","background-type":"","background-media":"","overlay-type":"","overlay-color":"","overlay-opacity":"","overlay-gradient":""},"tablet":{"background-color":"var(--ast-global-color-5)","background-image":"","background-repeat":"repeat","background-position":"center center","background-size":"auto","background-attachment":"scroll","background-type":"","background-media":"","overlay-type":"","overlay-color":"","overlay-opacity":"","overlay-gradient":""},"mobile":{"background-color":"var(--ast-global-color-5)","background-image":"","background-repeat":"repeat","background-position":"center center","background-size":"auto","background-attachment":"scroll","background-type":"","background-media":"","overlay-type":"","overlay-color":"","overlay-opacity":"","overlay-gradient":""}},"footnotes":""},"class_list":["post-1760","page","type-page","status-publish","hentry"],"acf":[],"yoast_head":"<!-- This site is optimized with the Yoast SEO Premium plugin v22.4 (Yoast SEO v27.4) - https:\/\/yoast.com\/product\/yoast-seo-premium-wordpress\/ -->\n<title>MIGUEL A. SARRI\u00d3 NADAL -<\/title>\n<meta name=\"robots\" content=\"index, follow, max-snippet:-1, max-image-preview:large, max-video-preview:-1\" \/>\n<link rel=\"canonical\" href=\"https:\/\/www.omnesbands.international\/en\/miguel-a-sarrio-nadal-2\/\" \/>\n<meta property=\"og:locale\" content=\"en_US\" \/>\n<meta property=\"og:type\" content=\"article\" \/>\n<meta property=\"og:title\" content=\"MIGUEL A. SARRI\u00d3 NADAL\" \/>\n<meta property=\"og:description\" content=\"MIGUEL ANGEL SARRI\u00d3 NADAL MIGUEL \u00c1NGEL SARRI\u00d3 NADAL, es Licenciado en Direcci\u00f3n de Orquesta por la Royal School of Musica de Londres, ha estudiado en el conservatorio de Ontinyent, y en los superiores de Salamanca y Valencia, obteniendo la titulaci\u00f3n de Profesor Superior en la especialidad de Trompeta. Tambi\u00e9n es titulado en Direcci\u00f3n de Banda [&hellip;]\" \/>\n<meta property=\"og:url\" content=\"https:\/\/www.omnesbands.international\/en\/miguel-a-sarrio-nadal-2\/\" \/>\n<meta property=\"article:modified_time\" content=\"2023-01-29T15:43:07+00:00\" \/>\n<meta property=\"og:image\" content=\"https:\/\/www.omnesbands.international\/wp-content\/uploads\/2023\/01\/music-sheet-music-snowdrop-7107045.jpg\" \/>\n\t<meta property=\"og:image:width\" content=\"1280\" \/>\n\t<meta property=\"og:image:height\" content=\"742\" \/>\n\t<meta property=\"og:image:type\" content=\"image\/jpeg\" \/>\n<meta name=\"twitter:card\" content=\"summary_large_image\" \/>\n<meta name=\"twitter:label1\" content=\"Est. reading time\" \/>\n\t<meta name=\"twitter:data1\" content=\"2 minutes\" \/>\n<script type=\"application\/ld+json\" class=\"yoast-schema-graph\">{\"@context\":\"https:\\\/\\\/schema.org\",\"@graph\":[{\"@type\":\"WebPage\",\"@id\":\"https:\\\/\\\/www.omnesbands.international\\\/miguel-a-sarrio-nadal-2\\\/\",\"url\":\"https:\\\/\\\/www.omnesbands.international\\\/miguel-a-sarrio-nadal-2\\\/\",\"name\":\"MIGUEL A. SARRI\u00d3 NADAL -\",\"isPartOf\":{\"@id\":\"https:\\\/\\\/www.omnesbands.international\\\/#website\"},\"datePublished\":\"2023-01-29T15:43:05+00:00\",\"dateModified\":\"2023-01-29T15:43:07+00:00\",\"breadcrumb\":{\"@id\":\"https:\\\/\\\/www.omnesbands.international\\\/miguel-a-sarrio-nadal-2\\\/#breadcrumb\"},\"inLanguage\":\"en-US\",\"potentialAction\":[{\"@type\":\"ReadAction\",\"target\":[\"https:\\\/\\\/www.omnesbands.international\\\/miguel-a-sarrio-nadal-2\\\/\"]}]},{\"@type\":\"BreadcrumbList\",\"@id\":\"https:\\\/\\\/www.omnesbands.international\\\/miguel-a-sarrio-nadal-2\\\/#breadcrumb\",\"itemListElement\":[{\"@type\":\"ListItem\",\"position\":1,\"name\":\"Portada\",\"item\":\"https:\\\/\\\/www.omnesbands.international\\\/\"},{\"@type\":\"ListItem\",\"position\":2,\"name\":\"MIGUEL A. SARRI\u00d3 NADAL\"}]},{\"@type\":\"WebSite\",\"@id\":\"https:\\\/\\\/www.omnesbands.international\\\/#website\",\"url\":\"https:\\\/\\\/www.omnesbands.international\\\/\",\"name\":\"OMNESBANDS International\",\"description\":\"Partituras Originales de autores y compositores independientes\",\"publisher\":{\"@id\":\"https:\\\/\\\/www.omnesbands.international\\\/#organization\"},\"potentialAction\":[{\"@type\":\"SearchAction\",\"target\":{\"@type\":\"EntryPoint\",\"urlTemplate\":\"https:\\\/\\\/www.omnesbands.international\\\/?s={search_term_string}\"},\"query-input\":{\"@type\":\"PropertyValueSpecification\",\"valueRequired\":true,\"valueName\":\"search_term_string\"}}],\"inLanguage\":\"en-US\"},{\"@type\":\"Organization\",\"@id\":\"https:\\\/\\\/www.omnesbands.international\\\/#organization\",\"name\":\"Indra Consultores Internacionales\",\"alternateName\":\"Omnesbands\",\"url\":\"https:\\\/\\\/www.omnesbands.international\\\/\",\"logo\":{\"@type\":\"ImageObject\",\"inLanguage\":\"en-US\",\"@id\":\"https:\\\/\\\/www.omnesbands.international\\\/#\\\/schema\\\/logo\\\/image\\\/\",\"url\":\"https:\\\/\\\/omnesbands.international\\\/wp-content\\\/uploads\\\/2023\\\/06\\\/Logo-Nuevo-.png\",\"contentUrl\":\"https:\\\/\\\/omnesbands.international\\\/wp-content\\\/uploads\\\/2023\\\/06\\\/Logo-Nuevo-.png\",\"width\":394,\"height\":212,\"caption\":\"Indra Consultores Internacionales\"},\"image\":{\"@id\":\"https:\\\/\\\/www.omnesbands.international\\\/#\\\/schema\\\/logo\\\/image\\\/\"}}]}<\/script>\n<!-- \/ Yoast SEO Premium plugin. -->","yoast_head_json":{"title":"MIGUEL A. SARRI\u00d3 NADAL -","robots":{"index":"index","follow":"follow","max-snippet":"max-snippet:-1","max-image-preview":"max-image-preview:large","max-video-preview":"max-video-preview:-1"},"canonical":"https:\/\/www.omnesbands.international\/en\/miguel-a-sarrio-nadal-2\/","og_locale":"en_US","og_type":"article","og_title":"MIGUEL A. SARRI\u00d3 NADAL","og_description":"MIGUEL ANGEL SARRI\u00d3 NADAL MIGUEL \u00c1NGEL SARRI\u00d3 NADAL, es Licenciado en Direcci\u00f3n de Orquesta por la Royal School of Musica de Londres, ha estudiado en el conservatorio de Ontinyent, y en los superiores de Salamanca y Valencia, obteniendo la titulaci\u00f3n de Profesor Superior en la especialidad de Trompeta. Tambi\u00e9n es titulado en Direcci\u00f3n de Banda [&hellip;]","og_url":"https:\/\/www.omnesbands.international\/en\/miguel-a-sarrio-nadal-2\/","article_modified_time":"2023-01-29T15:43:07+00:00","og_image":[{"width":1280,"height":742,"url":"https:\/\/www.omnesbands.international\/wp-content\/uploads\/2023\/01\/music-sheet-music-snowdrop-7107045.jpg","type":"image\/jpeg"}],"twitter_card":"summary_large_image","twitter_misc":{"Est. reading time":"2 minutes"},"schema":{"@context":"https:\/\/schema.org","@graph":[{"@type":"WebPage","@id":"https:\/\/www.omnesbands.international\/miguel-a-sarrio-nadal-2\/","url":"https:\/\/www.omnesbands.international\/miguel-a-sarrio-nadal-2\/","name":"MIGUEL A. SARRI\u00d3 NADAL -","isPartOf":{"@id":"https:\/\/www.omnesbands.international\/#website"},"datePublished":"2023-01-29T15:43:05+00:00","dateModified":"2023-01-29T15:43:07+00:00","breadcrumb":{"@id":"https:\/\/www.omnesbands.international\/miguel-a-sarrio-nadal-2\/#breadcrumb"},"inLanguage":"en-US","potentialAction":[{"@type":"ReadAction","target":["https:\/\/www.omnesbands.international\/miguel-a-sarrio-nadal-2\/"]}]},{"@type":"BreadcrumbList","@id":"https:\/\/www.omnesbands.international\/miguel-a-sarrio-nadal-2\/#breadcrumb","itemListElement":[{"@type":"ListItem","position":1,"name":"Portada","item":"https:\/\/www.omnesbands.international\/"},{"@type":"ListItem","position":2,"name":"MIGUEL A. SARRI\u00d3 NADAL"}]},{"@type":"WebSite","@id":"https:\/\/www.omnesbands.international\/#website","url":"https:\/\/www.omnesbands.international\/","name":"OMNESBANDS International","description":"Original Sheet Music by independent authors and composers","publisher":{"@id":"https:\/\/www.omnesbands.international\/#organization"},"potentialAction":[{"@type":"SearchAction","target":{"@type":"EntryPoint","urlTemplate":"https:\/\/www.omnesbands.international\/?s={search_term_string}"},"query-input":{"@type":"PropertyValueSpecification","valueRequired":true,"valueName":"search_term_string"}}],"inLanguage":"en-US"},{"@type":"Organization","@id":"https:\/\/www.omnesbands.international\/#organization","name":"Indra International Consultants","alternateName":"Omnesbands","url":"https:\/\/www.omnesbands.international\/","logo":{"@type":"ImageObject","inLanguage":"en-US","@id":"https:\/\/www.omnesbands.international\/#\/schema\/logo\/image\/","url":"https:\/\/omnesbands.international\/wp-content\/uploads\/2023\/06\/Logo-Nuevo-.png","contentUrl":"https:\/\/omnesbands.international\/wp-content\/uploads\/2023\/06\/Logo-Nuevo-.png","width":394,"height":212,"caption":"Indra Consultores Internacionales"},"image":{"@id":"https:\/\/www.omnesbands.international\/#\/schema\/logo\/image\/"}}]}},"uagb_featured_image_src":{"full":false,"thumbnail":false,"medium":false,"medium_large":false,"large":false,"1536x1536":false,"2048x2048":false,"trp-custom-language-flag":false,"gg_gallery_thumbnail":false,"woocommerce_thumbnail":false,"woocommerce_single":false,"woocommerce_gallery_thumbnail":false},"uagb_author_info":{"display_name":"Melvin R. Portillo A:","author_link":"https:\/\/www.omnesbands.international\/en\/author\/portand\/"},"uagb_comment_info":0,"uagb_excerpt":"MIGUEL ANGEL SARRI\u00d3 NADAL MIGUEL \u00c1NGEL SARRI\u00d3 NADAL, es Licenciado en Direcci\u00f3n de Orquesta por la Royal School of Musica de Londres, ha estudiado en el conservatorio de Ontinyent, y en los superiores de Salamanca y Valencia, obteniendo la titulaci\u00f3n de Profesor Superior en la especialidad de Trompeta. Tambi\u00e9n es titulado en Direcci\u00f3n de Banda&hellip;","_links":{"self":[{"href":"https:\/\/www.omnesbands.international\/en\/wp-json\/wp\/v2\/pages\/1760","targetHints":{"allow":["GET"]}}],"collection":[{"href":"https:\/\/www.omnesbands.international\/en\/wp-json\/wp\/v2\/pages"}],"about":[{"href":"https:\/\/www.omnesbands.international\/en\/wp-json\/wp\/v2\/types\/page"}],"author":[{"embeddable":true,"href":"https:\/\/www.omnesbands.international\/en\/wp-json\/wp\/v2\/users\/4"}],"replies":[{"embeddable":true,"href":"https:\/\/www.omnesbands.international\/en\/wp-json\/wp\/v2\/comments?post=1760"}],"version-history":[{"count":1,"href":"https:\/\/www.omnesbands.international\/en\/wp-json\/wp\/v2\/pages\/1760\/revisions"}],"predecessor-version":[{"id":1761,"href":"https:\/\/www.omnesbands.international\/en\/wp-json\/wp\/v2\/pages\/1760\/revisions\/1761"}],"wp:attachment":[{"href":"https:\/\/www.omnesbands.international\/en\/wp-json\/wp\/v2\/media?parent=1760"}],"curies":[{"name":"wp","href":"https:\/\/api.w.org\/{rel}","templated":true}]}}