{"id":1765,"date":"2023-01-29T10:16:34","date_gmt":"2023-01-29T16:16:34","guid":{"rendered":"https:\/\/omnesbands.international\/?page_id=1765"},"modified":"2023-01-29T10:16:36","modified_gmt":"2023-01-29T16:16:36","slug":"norman-milanes-moreno-2","status":"publish","type":"page","link":"https:\/\/www.omnesbands.international\/en\/norman-milanes-moreno-2\/","title":{"rendered":"NORMAN MILANES MORENO"},"content":{"rendered":"<div class=\"wp-block-uagb-container uagb-block-42a01350 alignfull uagb-is-root-container\"><div class=\"uagb-container-inner-blocks-wrap\">\n<div class=\"wp-block-uagb-advanced-heading uagb-block-3559c54f\"><h1 class=\"uagb-heading-text\"><strong>NORMAN MILANES MORENO<\/strong><\/h1><\/div>\n<\/div><\/div>\n\n\n\n<div class=\"wp-block-uagb-container uagb-block-d3611423 alignfull uagb-is-root-container\"><div class=\"uagb-container-inner-blocks-wrap\">\n<div class=\"wp-block-uagb-container uagb-block-603601ab\">\n<p>He was born in Jiguan\u00ed, Cuba where he studied primary music with his father Miguel Milan\u00e9s. He graduated in piano, solfeggio and theory from the Oriente Provincial Conservatory. He also studies harmony and composition with Professor Enrique Bellver, conducting with Manuel Duchesne Cuz\u00e1n and Daniil Tiuilin. He was assistant director of the teachers Gonzalo Mantici and Rodrigo Prats.<\/p>\n<p>He is the founder of the \"Small Symphony Orchestra of Havana\" and of the \"Ernesto Lecuona\" Lyric Group. He has been director of the National Concert Band. He has directed in countries like Costa Rica, Nicaragua, Algeria, Germany, Poland, Bulgaria, Russia and Spain. He has also performed concerts with the Bogot\u00e1 and Medell\u00edn Symphony Orchestra, in Colombia. In Cuba he has directed the Symphony Orchestra of Cuba, Matanzas, Santa Clara, Camaguey and Oriente. He has organized courses in Orchestral and Band Conducting, as well as Harmony and Composition. Professor at the National School of Art, Principal Director of the Lyrical Comedy \"Gonzalo Roig\" of the Gran Teatro de La Habana and of the Symphony Orchestra of Cuban Radio and Television. Outstanding connoisseur of Cuban stage music, he directed the \u201cCuban Company of Operettas\u201d.<\/p>\n<p>He has been a teacher at the Escola Comarcal de la Vall d'Albaida and professes his teaching at the Ad Libitum school in Onteniente, Valencia, Spain. He is the founder of the Music Bands of the Cuban Navy and the Band of the General Staff, having directed other bands in the country, including the Provincial of Pinar del R\u00edo.<\/p>\n<\/div>\n<\/div><\/div>\n\n\n<div class=\"woocommerce columns-4\"><ul class=\"products columns-4\">\n<li class=\"desktop-align-left tablet-align-left mobile-align-left ast-product-gallery-layout-horizontal-slider product type-product post-1308 status-publish first instock product_cat-pasodobles product_tag-norman-milanes-moreno has-post-thumbnail downloadable virtual taxable purchasable product-type-simple\">\n\t<a href=\"https:\/\/www.omnesbands.international\/en\/product\/el-estudiante-boticario\/\" class=\"woocommerce-LoopProduct-link woocommerce-loop-product__link\"><img loading=\"lazy\" decoding=\"async\" width=\"300\" height=\"300\" src=\"https:\/\/www.omnesbands.international\/wp-content\/uploads\/2023\/01\/El-Estudiante-Boticario-1-300x300.jpg\" class=\"attachment-woocommerce_thumbnail size-woocommerce_thumbnail\" alt=\"El Estudiante Boticario\" srcset=\"https:\/\/www.omnesbands.international\/wp-content\/uploads\/2023\/01\/El-Estudiante-Boticario-1-300x300.jpg 300w, https:\/\/www.omnesbands.international\/wp-content\/uploads\/2023\/01\/El-Estudiante-Boticario-1-150x150.jpg 150w, https:\/\/www.omnesbands.international\/wp-content\/uploads\/2023\/01\/El-Estudiante-Boticario-1-11x12.jpg 11w, https:\/\/www.omnesbands.international\/wp-content\/uploads\/2023\/01\/El-Estudiante-Boticario-1-100x100.jpg 100w\" sizes=\"auto, (max-width: 300px) 100vw, 300px\" \/><h2 class=\"woocommerce-loop-product__title\">The Apothecary Student<\/h2>\n\t<span class=\"price\"><span class=\"woocommerce-Price-amount amount\"><bdi><span class=\"woocommerce-Price-currencySymbol\">&#36;<\/span>25.00<\/bdi><\/span><\/span>\n<\/a><a href=\"\/en\/wp-json\/wp\/v2\/pages\/1765?add-to-cart=1308\" aria-describedby=\"woocommerce_loop_add_to_cart_link_describedby_1308\" data-quantity=\"1\" class=\"button product_type_simple add_to_cart_button ajax_add_to_cart\" data-product_id=\"1308\" data-product_sku=\"EST-PAS-ESP-22\" aria-label=\"Add to cart: \u201cEl Estudiante Boticario\u201d\" rel=\"nofollow\" data-success_message=\"\u201cEl Estudiante Boticario\u201d has been added to your cart\" role=\"button\" data-no-translation=\"\" data-trp-gettext=\"\" data-no-translation-aria-label=\"\" data-no-translation-data-success_message=\"\">Add to cart<\/a>\t<span id=\"woocommerce_loop_add_to_cart_link_describedby_1308\" class=\"screen-reader-text\">\n\t\t\t<\/span>\n<\/li>\n<\/ul>\n<\/div>","protected":false},"excerpt":{"rendered":"<p>NORMAN MILAN\u00c9S MORENO Nace en Jiguan\u00ed, Cuba donde cursa estudios primarios de m\u00fasica con su padre Miguel Milan\u00e9s. Se grad\u00faa en piano, solfeo y teor\u00eda en el Conservatorio Provincial de Oriente. Adem\u00e1s estudia armon\u00eda y composici\u00f3n con el profesor Enrique Bellver, direcci\u00f3n con Manuel Duchesne Cuz\u00e1n y Daniil Tiuilin. Fue director asistente de los maestros [&hellip;]<\/p>\n","protected":false},"author":4,"featured_media":0,"parent":0,"menu_order":0,"comment_status":"closed","ping_status":"closed","template":"","meta":{"_acf_changed":false,"_uag_custom_page_level_css":"","site-sidebar-layout":"default","site-content-layout":"","ast-site-content-layout":"default","site-content-style":"default","site-sidebar-style":"default","ast-global-header-display":"","ast-banner-title-visibility":"","ast-main-header-display":"","ast-hfb-above-header-display":"","ast-hfb-below-header-display":"","ast-hfb-mobile-header-display":"","site-post-title":"disabled","ast-breadcrumbs-content":"","ast-featured-img":"","footer-sml-layout":"","ast-disable-related-posts":"","theme-transparent-header-meta":"","adv-header-id-meta":"","stick-header-meta":"","header-above-stick-meta":"","header-main-stick-meta":"","header-below-stick-meta":"","astra-migrate-meta-layouts":"default","ast-page-background-enabled":"default","ast-page-background-meta":{"desktop":{"background-color":"","background-image":"","background-repeat":"repeat","background-position":"center center","background-size":"auto","background-attachment":"scroll","background-type":"","background-media":"","overlay-type":"","overlay-color":"","overlay-opacity":"","overlay-gradient":""},"tablet":{"background-color":"","background-image":"","background-repeat":"repeat","background-position":"center center","background-size":"auto","background-attachment":"scroll","background-type":"","background-media":"","overlay-type":"","overlay-color":"","overlay-opacity":"","overlay-gradient":""},"mobile":{"background-color":"","background-image":"","background-repeat":"repeat","background-position":"center center","background-size":"auto","background-attachment":"scroll","background-type":"","background-media":"","overlay-type":"","overlay-color":"","overlay-opacity":"","overlay-gradient":""}},"ast-content-background-meta":{"desktop":{"background-color":"var(--ast-global-color-5)","background-image":"","background-repeat":"repeat","background-position":"center center","background-size":"auto","background-attachment":"scroll","background-type":"","background-media":"","overlay-type":"","overlay-color":"","overlay-opacity":"","overlay-gradient":""},"tablet":{"background-color":"var(--ast-global-color-5)","background-image":"","background-repeat":"repeat","background-position":"center center","background-size":"auto","background-attachment":"scroll","background-type":"","background-media":"","overlay-type":"","overlay-color":"","overlay-opacity":"","overlay-gradient":""},"mobile":{"background-color":"var(--ast-global-color-5)","background-image":"","background-repeat":"repeat","background-position":"center center","background-size":"auto","background-attachment":"scroll","background-type":"","background-media":"","overlay-type":"","overlay-color":"","overlay-opacity":"","overlay-gradient":""}},"footnotes":""},"class_list":["post-1765","page","type-page","status-publish","hentry"],"acf":[],"yoast_head":"<!-- This site is optimized with the Yoast SEO Premium plugin v22.4 (Yoast SEO v27.4) - https:\/\/yoast.com\/product\/yoast-seo-premium-wordpress\/ -->\n<title>NORMAN MILAN\u00c9S MORENO -<\/title>\n<meta name=\"robots\" content=\"index, follow, max-snippet:-1, max-image-preview:large, max-video-preview:-1\" \/>\n<link rel=\"canonical\" href=\"https:\/\/www.omnesbands.international\/en\/norman-milanes-moreno-2\/\" \/>\n<meta property=\"og:locale\" content=\"en_US\" \/>\n<meta property=\"og:type\" content=\"article\" \/>\n<meta property=\"og:title\" content=\"NORMAN MILAN\u00c9S MORENO\" \/>\n<meta property=\"og:description\" content=\"NORMAN MILAN\u00c9S MORENO Nace en Jiguan\u00ed, Cuba donde cursa estudios primarios de m\u00fasica con su padre Miguel Milan\u00e9s. Se grad\u00faa en piano, solfeo y teor\u00eda en el Conservatorio Provincial de Oriente. Adem\u00e1s estudia armon\u00eda y composici\u00f3n con el profesor Enrique Bellver, direcci\u00f3n con Manuel Duchesne Cuz\u00e1n y Daniil Tiuilin. Fue director asistente de los maestros [&hellip;]\" \/>\n<meta property=\"og:url\" content=\"https:\/\/www.omnesbands.international\/en\/norman-milanes-moreno-2\/\" \/>\n<meta property=\"article:modified_time\" content=\"2023-01-29T16:16:36+00:00\" \/>\n<meta property=\"og:image\" content=\"https:\/\/www.omnesbands.international\/wp-content\/uploads\/2023\/01\/music-sheet-music-snowdrop-7107045.jpg\" \/>\n\t<meta property=\"og:image:width\" content=\"1280\" \/>\n\t<meta property=\"og:image:height\" content=\"742\" \/>\n\t<meta property=\"og:image:type\" content=\"image\/jpeg\" \/>\n<meta name=\"twitter:card\" content=\"summary_large_image\" \/>\n<meta name=\"twitter:label1\" content=\"Est. reading time\" \/>\n\t<meta name=\"twitter:data1\" content=\"1 minute\" \/>\n<script type=\"application\/ld+json\" class=\"yoast-schema-graph\">{\"@context\":\"https:\\\/\\\/schema.org\",\"@graph\":[{\"@type\":\"WebPage\",\"@id\":\"https:\\\/\\\/www.omnesbands.international\\\/norman-milanes-moreno-2\\\/\",\"url\":\"https:\\\/\\\/www.omnesbands.international\\\/norman-milanes-moreno-2\\\/\",\"name\":\"NORMAN MILAN\u00c9S MORENO -\",\"isPartOf\":{\"@id\":\"https:\\\/\\\/www.omnesbands.international\\\/#website\"},\"datePublished\":\"2023-01-29T16:16:34+00:00\",\"dateModified\":\"2023-01-29T16:16:36+00:00\",\"breadcrumb\":{\"@id\":\"https:\\\/\\\/www.omnesbands.international\\\/norman-milanes-moreno-2\\\/#breadcrumb\"},\"inLanguage\":\"en-US\",\"potentialAction\":[{\"@type\":\"ReadAction\",\"target\":[\"https:\\\/\\\/www.omnesbands.international\\\/norman-milanes-moreno-2\\\/\"]}]},{\"@type\":\"BreadcrumbList\",\"@id\":\"https:\\\/\\\/www.omnesbands.international\\\/norman-milanes-moreno-2\\\/#breadcrumb\",\"itemListElement\":[{\"@type\":\"ListItem\",\"position\":1,\"name\":\"Portada\",\"item\":\"https:\\\/\\\/www.omnesbands.international\\\/\"},{\"@type\":\"ListItem\",\"position\":2,\"name\":\"NORMAN MILAN\u00c9S MORENO\"}]},{\"@type\":\"WebSite\",\"@id\":\"https:\\\/\\\/www.omnesbands.international\\\/#website\",\"url\":\"https:\\\/\\\/www.omnesbands.international\\\/\",\"name\":\"OMNESBANDS International\",\"description\":\"Partituras Originales de autores y compositores independientes\",\"publisher\":{\"@id\":\"https:\\\/\\\/www.omnesbands.international\\\/#organization\"},\"potentialAction\":[{\"@type\":\"SearchAction\",\"target\":{\"@type\":\"EntryPoint\",\"urlTemplate\":\"https:\\\/\\\/www.omnesbands.international\\\/?s={search_term_string}\"},\"query-input\":{\"@type\":\"PropertyValueSpecification\",\"valueRequired\":true,\"valueName\":\"search_term_string\"}}],\"inLanguage\":\"en-US\"},{\"@type\":\"Organization\",\"@id\":\"https:\\\/\\\/www.omnesbands.international\\\/#organization\",\"name\":\"Indra Consultores Internacionales\",\"alternateName\":\"Omnesbands\",\"url\":\"https:\\\/\\\/www.omnesbands.international\\\/\",\"logo\":{\"@type\":\"ImageObject\",\"inLanguage\":\"en-US\",\"@id\":\"https:\\\/\\\/www.omnesbands.international\\\/#\\\/schema\\\/logo\\\/image\\\/\",\"url\":\"https:\\\/\\\/omnesbands.international\\\/wp-content\\\/uploads\\\/2023\\\/06\\\/Logo-Nuevo-.png\",\"contentUrl\":\"https:\\\/\\\/omnesbands.international\\\/wp-content\\\/uploads\\\/2023\\\/06\\\/Logo-Nuevo-.png\",\"width\":394,\"height\":212,\"caption\":\"Indra Consultores Internacionales\"},\"image\":{\"@id\":\"https:\\\/\\\/www.omnesbands.international\\\/#\\\/schema\\\/logo\\\/image\\\/\"}}]}<\/script>\n<!-- \/ Yoast SEO Premium plugin. -->","yoast_head_json":{"title":"NORMAN MILAN\u00c9S MORENO -","robots":{"index":"index","follow":"follow","max-snippet":"max-snippet:-1","max-image-preview":"max-image-preview:large","max-video-preview":"max-video-preview:-1"},"canonical":"https:\/\/www.omnesbands.international\/en\/norman-milanes-moreno-2\/","og_locale":"en_US","og_type":"article","og_title":"NORMAN MILAN\u00c9S MORENO","og_description":"NORMAN MILAN\u00c9S MORENO Nace en Jiguan\u00ed, Cuba donde cursa estudios primarios de m\u00fasica con su padre Miguel Milan\u00e9s. Se grad\u00faa en piano, solfeo y teor\u00eda en el Conservatorio Provincial de Oriente. Adem\u00e1s estudia armon\u00eda y composici\u00f3n con el profesor Enrique Bellver, direcci\u00f3n con Manuel Duchesne Cuz\u00e1n y Daniil Tiuilin. Fue director asistente de los maestros [&hellip;]","og_url":"https:\/\/www.omnesbands.international\/en\/norman-milanes-moreno-2\/","article_modified_time":"2023-01-29T16:16:36+00:00","og_image":[{"width":1280,"height":742,"url":"https:\/\/www.omnesbands.international\/wp-content\/uploads\/2023\/01\/music-sheet-music-snowdrop-7107045.jpg","type":"image\/jpeg"}],"twitter_card":"summary_large_image","twitter_misc":{"Est. reading time":"1 minute"},"schema":{"@context":"https:\/\/schema.org","@graph":[{"@type":"WebPage","@id":"https:\/\/www.omnesbands.international\/norman-milanes-moreno-2\/","url":"https:\/\/www.omnesbands.international\/norman-milanes-moreno-2\/","name":"NORMAN MILAN\u00c9S MORENO -","isPartOf":{"@id":"https:\/\/www.omnesbands.international\/#website"},"datePublished":"2023-01-29T16:16:34+00:00","dateModified":"2023-01-29T16:16:36+00:00","breadcrumb":{"@id":"https:\/\/www.omnesbands.international\/norman-milanes-moreno-2\/#breadcrumb"},"inLanguage":"en-US","potentialAction":[{"@type":"ReadAction","target":["https:\/\/www.omnesbands.international\/norman-milanes-moreno-2\/"]}]},{"@type":"BreadcrumbList","@id":"https:\/\/www.omnesbands.international\/norman-milanes-moreno-2\/#breadcrumb","itemListElement":[{"@type":"ListItem","position":1,"name":"Portada","item":"https:\/\/www.omnesbands.international\/"},{"@type":"ListItem","position":2,"name":"NORMAN MILAN\u00c9S MORENO"}]},{"@type":"WebSite","@id":"https:\/\/www.omnesbands.international\/#website","url":"https:\/\/www.omnesbands.international\/","name":"OMNESBANDS International","description":"Original Sheet Music by independent authors and composers","publisher":{"@id":"https:\/\/www.omnesbands.international\/#organization"},"potentialAction":[{"@type":"SearchAction","target":{"@type":"EntryPoint","urlTemplate":"https:\/\/www.omnesbands.international\/?s={search_term_string}"},"query-input":{"@type":"PropertyValueSpecification","valueRequired":true,"valueName":"search_term_string"}}],"inLanguage":"en-US"},{"@type":"Organization","@id":"https:\/\/www.omnesbands.international\/#organization","name":"Indra International Consultants","alternateName":"Omnesbands","url":"https:\/\/www.omnesbands.international\/","logo":{"@type":"ImageObject","inLanguage":"en-US","@id":"https:\/\/www.omnesbands.international\/#\/schema\/logo\/image\/","url":"https:\/\/omnesbands.international\/wp-content\/uploads\/2023\/06\/Logo-Nuevo-.png","contentUrl":"https:\/\/omnesbands.international\/wp-content\/uploads\/2023\/06\/Logo-Nuevo-.png","width":394,"height":212,"caption":"Indra Consultores Internacionales"},"image":{"@id":"https:\/\/www.omnesbands.international\/#\/schema\/logo\/image\/"}}]}},"uagb_featured_image_src":{"full":false,"thumbnail":false,"medium":false,"medium_large":false,"large":false,"1536x1536":false,"2048x2048":false,"trp-custom-language-flag":false,"gg_gallery_thumbnail":false,"woocommerce_thumbnail":false,"woocommerce_single":false,"woocommerce_gallery_thumbnail":false},"uagb_author_info":{"display_name":"Melvin R. Portillo A:","author_link":"https:\/\/www.omnesbands.international\/en\/author\/portand\/"},"uagb_comment_info":0,"uagb_excerpt":"NORMAN MILAN\u00c9S MORENO Nace en Jiguan\u00ed, Cuba donde cursa estudios primarios de m\u00fasica con su padre Miguel Milan\u00e9s. Se grad\u00faa en piano, solfeo y teor\u00eda en el Conservatorio Provincial de Oriente. Adem\u00e1s estudia armon\u00eda y composici\u00f3n con el profesor Enrique Bellver, direcci\u00f3n con Manuel Duchesne Cuz\u00e1n y Daniil Tiuilin. Fue director asistente de los maestros&hellip;","_links":{"self":[{"href":"https:\/\/www.omnesbands.international\/en\/wp-json\/wp\/v2\/pages\/1765","targetHints":{"allow":["GET"]}}],"collection":[{"href":"https:\/\/www.omnesbands.international\/en\/wp-json\/wp\/v2\/pages"}],"about":[{"href":"https:\/\/www.omnesbands.international\/en\/wp-json\/wp\/v2\/types\/page"}],"author":[{"embeddable":true,"href":"https:\/\/www.omnesbands.international\/en\/wp-json\/wp\/v2\/users\/4"}],"replies":[{"embeddable":true,"href":"https:\/\/www.omnesbands.international\/en\/wp-json\/wp\/v2\/comments?post=1765"}],"version-history":[{"count":1,"href":"https:\/\/www.omnesbands.international\/en\/wp-json\/wp\/v2\/pages\/1765\/revisions"}],"predecessor-version":[{"id":1766,"href":"https:\/\/www.omnesbands.international\/en\/wp-json\/wp\/v2\/pages\/1765\/revisions\/1766"}],"wp:attachment":[{"href":"https:\/\/www.omnesbands.international\/en\/wp-json\/wp\/v2\/media?parent=1765"}],"curies":[{"name":"wp","href":"https:\/\/api.w.org\/{rel}","templated":true}]}}