{"id":1767,"date":"2023-01-29T10:21:15","date_gmt":"2023-01-29T16:21:15","guid":{"rendered":"https:\/\/omnesbands.international\/?page_id=1767"},"modified":"2023-01-29T10:21:18","modified_gmt":"2023-01-29T16:21:18","slug":"pablo-angles-galindo-2","status":"publish","type":"page","link":"https:\/\/www.omnesbands.international\/en\/pablo-angles-galindo-2\/","title":{"rendered":"PABLO ANGLES GALINDO"},"content":{"rendered":"<div class=\"wp-block-uagb-container uagb-block-a711fb99 alignfull uagb-is-root-container\"><div class=\"uagb-container-inner-blocks-wrap\">\n<div class=\"wp-block-uagb-advanced-heading uagb-block-2343b177\"><h1 class=\"uagb-heading-text\"><strong>PABLO ANGLES GALINDO<\/strong><\/h1><\/div>\n<\/div><\/div>\n\n\n\n<div class=\"wp-block-uagb-container uagb-block-8b4824e7 alignfull uagb-is-root-container\"><div class=\"uagb-container-inner-blocks-wrap\">\n<div class=\"wp-block-uagb-container uagb-block-42d5c798\">\n<p>Born in Benicarlo. He began his musical studies at the A.M. City of Benicarl\u00f3 with the teacher Jos\u00e9 Antonio Valls. He continues and ends them at the Higher Conservatories of Valencia and Zaragoza, centers where he obtains the following qualifications and recognitions: Piano Professor, Clarinet Professor, Solfeggio, Snare and Transposition, Choir Conducting, Orchestra Conducting, Harmony, Counterpoint, Composition and Instrumentation, with Honorable Mention in Counterpoint and Fugue and Extraordinary End of Degree Award in Composition and Instrumentation.<\/p>\n<p>At the age of 18, he took over the leadership of the A.M. City of Benicarlo. He obtained numerous awards in the different competitions in which he participated as director: Provincial Contest, Autonomous Contest, City of Valencia International Contest, World Music Contest of Kerkrade (Holland), CIM Vila de Altea, Citta' di Sinnai International Contest, where he won the award to the best director of the contest in its two participations, Vila de la S\u00e9nia International Music Bands Contest\u2026<br \/>He has been director of the Band of the Federation of Musical Societies of the Valencian Community during the year 2004.<\/p>\n<p>He is a regular member of different qualification juries in prestigious composition and interpretation competitions.<br \/>He has been a professor by competitive examination of Secondary Education since 1992 and a professor of this body since 2016. He regularly teaches very diverse specialization courses for different entities.<\/p>\n<p>He is a member as a composer of the General Society of Authors of Spain, of the Association of Composers of Moors and Christians and of the Association of Valencian Composers COSICOVA. He has premiered more than 50 works for very diverse groups, obtaining numerous awards in different competitions: V Composition Contest for Rafael Rodr\u00edguez Albert Band of the Diputaci\u00f3n de Alicante, II Composition Contest of Festera de Altea Music, VIII Contest of Callosa d'en Sarri\u00e0, II Vila de Petrer Competition, I Alaqu\u00e0s Competition, VI Montserrat International Composition Competition for Chamber Music, VI Altea Composition Competition, VI City of Torrevieja Symphonic Band Composition Competition, 27th International Original Composition Competition for Band of Corciano (Italy)\u2026<br \/>He currently combines his work as a composer with that of Head of Department of the Music area of the I.E.S. Leopoldo Querol de Vinar\u00f2s, professor at the International University of Valencia as director of the Master's Final Project and director of the Benicarl\u00f3 City School of Music and Band.<\/p>\n<\/div>\n<\/div><\/div>\n\n\n<div class=\"woocommerce columns-4\"><ul class=\"products columns-4\">\n<li class=\"desktop-align-left tablet-align-left mobile-align-left ast-product-gallery-layout-horizontal-slider product type-product post-1051 status-publish first instock product_cat-musica-de-calle product_tag-pablo-angles-galindo has-post-thumbnail downloadable virtual taxable purchasable product-type-simple\">\n\t<a href=\"https:\/\/www.omnesbands.international\/en\/product\/als-creuats-de-peniscola\/\" class=\"woocommerce-LoopProduct-link woocommerce-loop-product__link\"><img loading=\"lazy\" decoding=\"async\" width=\"300\" height=\"300\" src=\"https:\/\/www.omnesbands.international\/wp-content\/uploads\/2023\/01\/Als-Creuats-de-Peniscola-300x300.jpg\" class=\"attachment-woocommerce_thumbnail size-woocommerce_thumbnail\" alt=\"Als Creuats de Pe\u00f1\u00edscola\" srcset=\"https:\/\/www.omnesbands.international\/wp-content\/uploads\/2023\/01\/Als-Creuats-de-Peniscola-300x300.jpg 300w, https:\/\/www.omnesbands.international\/wp-content\/uploads\/2023\/01\/Als-Creuats-de-Peniscola-150x150.jpg 150w, https:\/\/www.omnesbands.international\/wp-content\/uploads\/2023\/01\/Als-Creuats-de-Peniscola-100x100.jpg 100w\" sizes=\"auto, (max-width: 300px) 100vw, 300px\" \/><h2 class=\"woocommerce-loop-product__title\">Als Creuats de Pe\u00f1\u00edscola<\/h2>\n\t<span class=\"price\"><span class=\"woocommerce-Price-amount amount\"><bdi><span class=\"woocommerce-Price-currencySymbol\">&#36;<\/span>25.00<\/bdi><\/span><\/span>\n<\/a><a href=\"\/en\/wp-json\/wp\/v2\/pages\/1767?add-to-cart=1051\" aria-describedby=\"woocommerce_loop_add_to_cart_link_describedby_1051\" data-quantity=\"1\" class=\"button product_type_simple add_to_cart_button ajax_add_to_cart\" data-product_id=\"1051\" data-product_sku=\"ACR-CAL-ESP-22\" aria-label=\"Add to cart: \u201cAls Creuats de Pe\u00f1\u00edscola\u201d\" rel=\"nofollow\" data-success_message=\"\u201cAls Creuats de Pe\u00f1\u00edscola\u201d has been added to your cart\" role=\"button\" data-no-translation=\"\" data-trp-gettext=\"\" data-no-translation-aria-label=\"\" data-no-translation-data-success_message=\"\">Add to cart<\/a>\t<span id=\"woocommerce_loop_add_to_cart_link_describedby_1051\" class=\"screen-reader-text\">\n\t\t\t<\/span>\n<\/li>\n<li class=\"desktop-align-left tablet-align-left mobile-align-left ast-product-gallery-layout-horizontal-slider product type-product post-1082 status-publish instock product_cat-musica-de-calle product_tag-pablo-angles-galindo has-post-thumbnail downloadable virtual taxable purchasable product-type-simple\">\n\t<a href=\"https:\/\/www.omnesbands.international\/en\/product\/conqueridors\/\" class=\"woocommerce-LoopProduct-link woocommerce-loop-product__link\"><img loading=\"lazy\" decoding=\"async\" width=\"300\" height=\"300\" src=\"https:\/\/www.omnesbands.international\/wp-content\/uploads\/2023\/01\/Conqueridors-1-300x300.jpg\" class=\"attachment-woocommerce_thumbnail size-woocommerce_thumbnail\" alt=\"Conqueridors\" srcset=\"https:\/\/www.omnesbands.international\/wp-content\/uploads\/2023\/01\/Conqueridors-1-300x300.jpg 300w, https:\/\/www.omnesbands.international\/wp-content\/uploads\/2023\/01\/Conqueridors-1-150x150.jpg 150w, https:\/\/www.omnesbands.international\/wp-content\/uploads\/2023\/01\/Conqueridors-1-100x100.jpg 100w\" sizes=\"auto, (max-width: 300px) 100vw, 300px\" \/><h2 class=\"woocommerce-loop-product__title\">conquerors<\/h2>\n\t<span class=\"price\"><span class=\"woocommerce-Price-amount amount\"><bdi><span class=\"woocommerce-Price-currencySymbol\">&#36;<\/span>25.00<\/bdi><\/span><\/span>\n<\/a><a href=\"\/en\/wp-json\/wp\/v2\/pages\/1767?add-to-cart=1082\" aria-describedby=\"woocommerce_loop_add_to_cart_link_describedby_1082\" data-quantity=\"1\" class=\"button product_type_simple add_to_cart_button ajax_add_to_cart\" data-product_id=\"1082\" data-product_sku=\"CON-CAL-ESP-22\" aria-label=\"Add to cart: \u201cConqueridors\u201d\" rel=\"nofollow\" data-success_message=\"\u201cConqueridors\u201d has been added to your cart\" role=\"button\" data-no-translation=\"\" data-trp-gettext=\"\" data-no-translation-aria-label=\"\" data-no-translation-data-success_message=\"\">Add to cart<\/a>\t<span id=\"woocommerce_loop_add_to_cart_link_describedby_1082\" class=\"screen-reader-text\">\n\t\t\t<\/span>\n<\/li>\n<li class=\"desktop-align-left tablet-align-left mobile-align-left ast-product-gallery-layout-horizontal-slider product type-product post-1365 status-publish instock product_cat-pasodobles product_tag-pablo-angles-galindo has-post-thumbnail downloadable virtual taxable purchasable product-type-simple\">\n\t<a href=\"https:\/\/www.omnesbands.international\/en\/product\/paco-i-mari-carmen\/\" class=\"woocommerce-LoopProduct-link woocommerce-loop-product__link\"><img loading=\"lazy\" decoding=\"async\" width=\"300\" height=\"300\" src=\"https:\/\/www.omnesbands.international\/wp-content\/uploads\/2023\/01\/Pacoi-300x300.jpg\" class=\"attachment-woocommerce_thumbnail size-woocommerce_thumbnail\" alt=\"Paco i Mari Carmen\" srcset=\"https:\/\/www.omnesbands.international\/wp-content\/uploads\/2023\/01\/Pacoi-300x300.jpg 300w, https:\/\/www.omnesbands.international\/wp-content\/uploads\/2023\/01\/Pacoi-150x150.jpg 150w, https:\/\/www.omnesbands.international\/wp-content\/uploads\/2023\/01\/Pacoi-100x100.jpg 100w\" sizes=\"auto, (max-width: 300px) 100vw, 300px\" \/><h2 class=\"woocommerce-loop-product__title\">Paco and Mari Carmen<\/h2>\n\t<span class=\"price\"><span class=\"woocommerce-Price-amount amount\"><bdi><span class=\"woocommerce-Price-currencySymbol\">&#36;<\/span>25.00<\/bdi><\/span><\/span>\n<\/a><a href=\"\/en\/wp-json\/wp\/v2\/pages\/1767?add-to-cart=1365\" aria-describedby=\"woocommerce_loop_add_to_cart_link_describedby_1365\" data-quantity=\"1\" class=\"button product_type_simple add_to_cart_button ajax_add_to_cart\" data-product_id=\"1365\" data-product_sku=\"PAC-PAS-ESP-22\" aria-label=\"Add to cart: \u201cPaco i Mari Carmen\u201d\" rel=\"nofollow\" data-success_message=\"\u201cPaco i Mari Carmen\u201d has been added to your cart\" role=\"button\" data-no-translation=\"\" data-trp-gettext=\"\" data-no-translation-aria-label=\"\" data-no-translation-data-success_message=\"\">Add to cart<\/a>\t<span id=\"woocommerce_loop_add_to_cart_link_describedby_1365\" class=\"screen-reader-text\">\n\t\t\t<\/span>\n<\/li>\n<\/ul>\n<\/div>","protected":false},"excerpt":{"rendered":"<p>PABLO ANGL\u00c9S GALINDO Nace en Benicarl\u00f3. Inicia sus estudios musicales en la A.M. Ciudad de Benicarl\u00f3 con el maestro Jos\u00e9 Antonio Valls. Los contin\u00faa y finaliza en los Conservatorios Superiores de Valencia y Zaragoza, centros donde obtiene las siguientes titulaciones y reconocimientos: Profesor de Piano, Profesor Superior de Clarinete, Solfeo, Repentizaci\u00f3n y Transposici\u00f3n, Direcci\u00f3n de [&hellip;]<\/p>\n","protected":false},"author":4,"featured_media":0,"parent":0,"menu_order":0,"comment_status":"closed","ping_status":"closed","template":"","meta":{"_acf_changed":false,"_uag_custom_page_level_css":"","site-sidebar-layout":"default","site-content-layout":"","ast-site-content-layout":"default","site-content-style":"default","site-sidebar-style":"default","ast-global-header-display":"","ast-banner-title-visibility":"","ast-main-header-display":"","ast-hfb-above-header-display":"","ast-hfb-below-header-display":"","ast-hfb-mobile-header-display":"","site-post-title":"disabled","ast-breadcrumbs-content":"","ast-featured-img":"","footer-sml-layout":"","ast-disable-related-posts":"","theme-transparent-header-meta":"","adv-header-id-meta":"","stick-header-meta":"","header-above-stick-meta":"","header-main-stick-meta":"","header-below-stick-meta":"","astra-migrate-meta-layouts":"default","ast-page-background-enabled":"default","ast-page-background-meta":{"desktop":{"background-color":"","background-image":"","background-repeat":"repeat","background-position":"center center","background-size":"auto","background-attachment":"scroll","background-type":"","background-media":"","overlay-type":"","overlay-color":"","overlay-opacity":"","overlay-gradient":""},"tablet":{"background-color":"","background-image":"","background-repeat":"repeat","background-position":"center center","background-size":"auto","background-attachment":"scroll","background-type":"","background-media":"","overlay-type":"","overlay-color":"","overlay-opacity":"","overlay-gradient":""},"mobile":{"background-color":"","background-image":"","background-repeat":"repeat","background-position":"center center","background-size":"auto","background-attachment":"scroll","background-type":"","background-media":"","overlay-type":"","overlay-color":"","overlay-opacity":"","overlay-gradient":""}},"ast-content-background-meta":{"desktop":{"background-color":"var(--ast-global-color-5)","background-image":"","background-repeat":"repeat","background-position":"center center","background-size":"auto","background-attachment":"scroll","background-type":"","background-media":"","overlay-type":"","overlay-color":"","overlay-opacity":"","overlay-gradient":""},"tablet":{"background-color":"var(--ast-global-color-5)","background-image":"","background-repeat":"repeat","background-position":"center center","background-size":"auto","background-attachment":"scroll","background-type":"","background-media":"","overlay-type":"","overlay-color":"","overlay-opacity":"","overlay-gradient":""},"mobile":{"background-color":"var(--ast-global-color-5)","background-image":"","background-repeat":"repeat","background-position":"center center","background-size":"auto","background-attachment":"scroll","background-type":"","background-media":"","overlay-type":"","overlay-color":"","overlay-opacity":"","overlay-gradient":""}},"footnotes":""},"class_list":["post-1767","page","type-page","status-publish","hentry"],"acf":[],"yoast_head":"<!-- This site is optimized with the Yoast SEO Premium plugin v22.4 (Yoast SEO v27.4) - https:\/\/yoast.com\/product\/yoast-seo-premium-wordpress\/ -->\n<title>PABLO ANGL\u00c9S GALINDO -<\/title>\n<meta name=\"robots\" content=\"index, follow, max-snippet:-1, max-image-preview:large, max-video-preview:-1\" \/>\n<link rel=\"canonical\" href=\"https:\/\/www.omnesbands.international\/en\/pablo-angles-galindo-2\/\" \/>\n<meta property=\"og:locale\" content=\"en_US\" \/>\n<meta property=\"og:type\" content=\"article\" \/>\n<meta property=\"og:title\" content=\"PABLO ANGL\u00c9S GALINDO\" \/>\n<meta property=\"og:description\" content=\"PABLO ANGL\u00c9S GALINDO Nace en Benicarl\u00f3. Inicia sus estudios musicales en la A.M. Ciudad de Benicarl\u00f3 con el maestro Jos\u00e9 Antonio Valls. Los contin\u00faa y finaliza en los Conservatorios Superiores de Valencia y Zaragoza, centros donde obtiene las siguientes titulaciones y reconocimientos: Profesor de Piano, Profesor Superior de Clarinete, Solfeo, Repentizaci\u00f3n y Transposici\u00f3n, Direcci\u00f3n de [&hellip;]\" \/>\n<meta property=\"og:url\" content=\"https:\/\/www.omnesbands.international\/en\/pablo-angles-galindo-2\/\" \/>\n<meta property=\"article:modified_time\" content=\"2023-01-29T16:21:18+00:00\" \/>\n<meta property=\"og:image\" content=\"https:\/\/www.omnesbands.international\/wp-content\/uploads\/2023\/01\/music-sheet-music-snowdrop-7107045.jpg\" \/>\n\t<meta property=\"og:image:width\" content=\"1280\" \/>\n\t<meta property=\"og:image:height\" content=\"742\" \/>\n\t<meta property=\"og:image:type\" content=\"image\/jpeg\" \/>\n<meta name=\"twitter:card\" content=\"summary_large_image\" \/>\n<meta name=\"twitter:label1\" content=\"Est. reading time\" \/>\n\t<meta name=\"twitter:data1\" content=\"2 minutes\" \/>\n<script type=\"application\/ld+json\" class=\"yoast-schema-graph\">{\"@context\":\"https:\\\/\\\/schema.org\",\"@graph\":[{\"@type\":\"WebPage\",\"@id\":\"https:\\\/\\\/www.omnesbands.international\\\/en\\\/pablo-angles-galindo-2\\\/\",\"url\":\"https:\\\/\\\/www.omnesbands.international\\\/en\\\/pablo-angles-galindo-2\\\/\",\"name\":\"PABLO ANGL\u00c9S GALINDO -\",\"isPartOf\":{\"@id\":\"https:\\\/\\\/www.omnesbands.international\\\/#website\"},\"datePublished\":\"2023-01-29T16:21:15+00:00\",\"dateModified\":\"2023-01-29T16:21:18+00:00\",\"breadcrumb\":{\"@id\":\"https:\\\/\\\/www.omnesbands.international\\\/en\\\/pablo-angles-galindo-2\\\/#breadcrumb\"},\"inLanguage\":\"en-US\",\"potentialAction\":[{\"@type\":\"ReadAction\",\"target\":[\"https:\\\/\\\/www.omnesbands.international\\\/en\\\/pablo-angles-galindo-2\\\/\"]}]},{\"@type\":\"BreadcrumbList\",\"@id\":\"https:\\\/\\\/www.omnesbands.international\\\/en\\\/pablo-angles-galindo-2\\\/#breadcrumb\",\"itemListElement\":[{\"@type\":\"ListItem\",\"position\":1,\"name\":\"Portada\",\"item\":\"https:\\\/\\\/www.omnesbands.international\\\/\"},{\"@type\":\"ListItem\",\"position\":2,\"name\":\"PABLO ANGL\u00c9S GALINDO\"}]},{\"@type\":\"WebSite\",\"@id\":\"https:\\\/\\\/www.omnesbands.international\\\/#website\",\"url\":\"https:\\\/\\\/www.omnesbands.international\\\/\",\"name\":\"OMNESBANDS International\",\"description\":\"Partituras Originales de autores y compositores independientes\",\"publisher\":{\"@id\":\"https:\\\/\\\/www.omnesbands.international\\\/#organization\"},\"potentialAction\":[{\"@type\":\"SearchAction\",\"target\":{\"@type\":\"EntryPoint\",\"urlTemplate\":\"https:\\\/\\\/www.omnesbands.international\\\/?s={search_term_string}\"},\"query-input\":{\"@type\":\"PropertyValueSpecification\",\"valueRequired\":true,\"valueName\":\"search_term_string\"}}],\"inLanguage\":\"en-US\"},{\"@type\":\"Organization\",\"@id\":\"https:\\\/\\\/www.omnesbands.international\\\/#organization\",\"name\":\"Indra Consultores Internacionales\",\"alternateName\":\"Omnesbands\",\"url\":\"https:\\\/\\\/www.omnesbands.international\\\/\",\"logo\":{\"@type\":\"ImageObject\",\"inLanguage\":\"en-US\",\"@id\":\"https:\\\/\\\/www.omnesbands.international\\\/#\\\/schema\\\/logo\\\/image\\\/\",\"url\":\"https:\\\/\\\/omnesbands.international\\\/wp-content\\\/uploads\\\/2023\\\/06\\\/Logo-Nuevo-.png\",\"contentUrl\":\"https:\\\/\\\/omnesbands.international\\\/wp-content\\\/uploads\\\/2023\\\/06\\\/Logo-Nuevo-.png\",\"width\":394,\"height\":212,\"caption\":\"Indra Consultores Internacionales\"},\"image\":{\"@id\":\"https:\\\/\\\/www.omnesbands.international\\\/#\\\/schema\\\/logo\\\/image\\\/\"}}]}<\/script>\n<!-- \/ Yoast SEO Premium plugin. -->","yoast_head_json":{"title":"PABLO ANGL\u00c9S GALINDO -","robots":{"index":"index","follow":"follow","max-snippet":"max-snippet:-1","max-image-preview":"max-image-preview:large","max-video-preview":"max-video-preview:-1"},"canonical":"https:\/\/www.omnesbands.international\/en\/pablo-angles-galindo-2\/","og_locale":"en_US","og_type":"article","og_title":"PABLO ANGL\u00c9S GALINDO","og_description":"PABLO ANGL\u00c9S GALINDO Nace en Benicarl\u00f3. Inicia sus estudios musicales en la A.M. Ciudad de Benicarl\u00f3 con el maestro Jos\u00e9 Antonio Valls. Los contin\u00faa y finaliza en los Conservatorios Superiores de Valencia y Zaragoza, centros donde obtiene las siguientes titulaciones y reconocimientos: Profesor de Piano, Profesor Superior de Clarinete, Solfeo, Repentizaci\u00f3n y Transposici\u00f3n, Direcci\u00f3n de [&hellip;]","og_url":"https:\/\/www.omnesbands.international\/en\/pablo-angles-galindo-2\/","article_modified_time":"2023-01-29T16:21:18+00:00","og_image":[{"width":1280,"height":742,"url":"https:\/\/www.omnesbands.international\/wp-content\/uploads\/2023\/01\/music-sheet-music-snowdrop-7107045.jpg","type":"image\/jpeg"}],"twitter_card":"summary_large_image","twitter_misc":{"Est. reading time":"2 minutes"},"schema":{"@context":"https:\/\/schema.org","@graph":[{"@type":"WebPage","@id":"https:\/\/www.omnesbands.international\/en\/pablo-angles-galindo-2\/","url":"https:\/\/www.omnesbands.international\/en\/pablo-angles-galindo-2\/","name":"PABLO ANGL\u00c9S GALINDO -","isPartOf":{"@id":"https:\/\/www.omnesbands.international\/#website"},"datePublished":"2023-01-29T16:21:15+00:00","dateModified":"2023-01-29T16:21:18+00:00","breadcrumb":{"@id":"https:\/\/www.omnesbands.international\/en\/pablo-angles-galindo-2\/#breadcrumb"},"inLanguage":"en-US","potentialAction":[{"@type":"ReadAction","target":["https:\/\/www.omnesbands.international\/en\/pablo-angles-galindo-2\/"]}]},{"@type":"BreadcrumbList","@id":"https:\/\/www.omnesbands.international\/en\/pablo-angles-galindo-2\/#breadcrumb","itemListElement":[{"@type":"ListItem","position":1,"name":"Portada","item":"https:\/\/www.omnesbands.international\/"},{"@type":"ListItem","position":2,"name":"PABLO ANGL\u00c9S GALINDO"}]},{"@type":"WebSite","@id":"https:\/\/www.omnesbands.international\/#website","url":"https:\/\/www.omnesbands.international\/","name":"OMNESBANDS International","description":"Original Sheet Music by independent authors and composers","publisher":{"@id":"https:\/\/www.omnesbands.international\/#organization"},"potentialAction":[{"@type":"SearchAction","target":{"@type":"EntryPoint","urlTemplate":"https:\/\/www.omnesbands.international\/?s={search_term_string}"},"query-input":{"@type":"PropertyValueSpecification","valueRequired":true,"valueName":"search_term_string"}}],"inLanguage":"en-US"},{"@type":"Organization","@id":"https:\/\/www.omnesbands.international\/#organization","name":"Indra International Consultants","alternateName":"Omnesbands","url":"https:\/\/www.omnesbands.international\/","logo":{"@type":"ImageObject","inLanguage":"en-US","@id":"https:\/\/www.omnesbands.international\/#\/schema\/logo\/image\/","url":"https:\/\/omnesbands.international\/wp-content\/uploads\/2023\/06\/Logo-Nuevo-.png","contentUrl":"https:\/\/omnesbands.international\/wp-content\/uploads\/2023\/06\/Logo-Nuevo-.png","width":394,"height":212,"caption":"Indra Consultores Internacionales"},"image":{"@id":"https:\/\/www.omnesbands.international\/#\/schema\/logo\/image\/"}}]}},"uagb_featured_image_src":{"full":false,"thumbnail":false,"medium":false,"medium_large":false,"large":false,"1536x1536":false,"2048x2048":false,"trp-custom-language-flag":false,"gg_gallery_thumbnail":false,"woocommerce_thumbnail":false,"woocommerce_single":false,"woocommerce_gallery_thumbnail":false},"uagb_author_info":{"display_name":"Melvin R. Portillo A:","author_link":"https:\/\/www.omnesbands.international\/en\/author\/portand\/"},"uagb_comment_info":0,"uagb_excerpt":"PABLO ANGL\u00c9S GALINDO Nace en Benicarl\u00f3. Inicia sus estudios musicales en la A.M. Ciudad de Benicarl\u00f3 con el maestro Jos\u00e9 Antonio Valls. Los contin\u00faa y finaliza en los Conservatorios Superiores de Valencia y Zaragoza, centros donde obtiene las siguientes titulaciones y reconocimientos: Profesor de Piano, Profesor Superior de Clarinete, Solfeo, Repentizaci\u00f3n y Transposici\u00f3n, Direcci\u00f3n de&hellip;","_links":{"self":[{"href":"https:\/\/www.omnesbands.international\/en\/wp-json\/wp\/v2\/pages\/1767","targetHints":{"allow":["GET"]}}],"collection":[{"href":"https:\/\/www.omnesbands.international\/en\/wp-json\/wp\/v2\/pages"}],"about":[{"href":"https:\/\/www.omnesbands.international\/en\/wp-json\/wp\/v2\/types\/page"}],"author":[{"embeddable":true,"href":"https:\/\/www.omnesbands.international\/en\/wp-json\/wp\/v2\/users\/4"}],"replies":[{"embeddable":true,"href":"https:\/\/www.omnesbands.international\/en\/wp-json\/wp\/v2\/comments?post=1767"}],"version-history":[{"count":1,"href":"https:\/\/www.omnesbands.international\/en\/wp-json\/wp\/v2\/pages\/1767\/revisions"}],"predecessor-version":[{"id":1768,"href":"https:\/\/www.omnesbands.international\/en\/wp-json\/wp\/v2\/pages\/1767\/revisions\/1768"}],"wp:attachment":[{"href":"https:\/\/www.omnesbands.international\/en\/wp-json\/wp\/v2\/media?parent=1767"}],"curies":[{"name":"wp","href":"https:\/\/api.w.org\/{rel}","templated":true}]}}