{"id":1771,"date":"2023-01-29T10:30:52","date_gmt":"2023-01-29T16:30:52","guid":{"rendered":"https:\/\/omnesbands.international\/?page_id=1771"},"modified":"2023-01-29T10:32:23","modified_gmt":"2023-01-29T16:32:23","slug":"rafael-garrigos-garcia-2","status":"publish","type":"page","link":"https:\/\/www.omnesbands.international\/en\/rafael-garrigos-garcia-2\/","title":{"rendered":"RAFAEL GARRIGOS GARCIA"},"content":{"rendered":"<div class=\"wp-block-uagb-container uagb-block-418e24bc alignfull uagb-is-root-container\"><div class=\"uagb-container-inner-blocks-wrap\">\n<div class=\"wp-block-uagb-advanced-heading uagb-block-d7b3d7ea\"><h1 class=\"uagb-heading-text\"><strong>RAFAEL GARRIGOS GARCIA<\/strong><\/h1><\/div>\n<\/div><\/div>\n\n\n\n<div class=\"wp-block-uagb-container uagb-block-5702a126 alignfull uagb-is-root-container\"><div class=\"uagb-container-inner-blocks-wrap\">\n<div class=\"wp-block-uagb-container uagb-block-7e86f388\">\n<p>Rafael M. Garrig\u00f3s Garc\u00eda (1966, Enguera-Valencia). He began his musical studies at the school of the band Uni\u00f3n Musical Santa Cecilia de Enguera. Later he carried out musical studies in the superior conservatories of Valencia, Madrid, Granada, Murcia, in the specialties of Horn, Piano, Harmony, Counterpoint and Fugue, Composition, Orchestra Direction and Choir Direction. He has obtained an Extraordinary Prize in the specialty of Choir Direction and in Composition and Instrumentation. Parallel to his musical studies, he has completed university studies in Pedagogy.<\/p>\n<p>He has been principal conductor of the following groups: Orchestra and Choir of the Professional Conservatory of Music of Ja\u00e9n, Youth Orchestra of the Professional Conservatory of Music of Alicante, Choral Group of Benidorm, Crevillent Choir of Crevillent, Band of Music \"La Primitiva\" of the Association d'amics de la M\u00fasica de Callosa d'en Sarri\u00e1, Symphonic Band and Chamber Orchestra of the Altean Philharmonic Society, and Symphonic Band of the Musical Society \u201cLa Alianza\u201d of Mutxamel (Alicante). He is currently the principal conductor of the Uni\u00f3n Musical de Canyada (Alicante) band, and of the Symphonic Band of the Uni\u00f3n Musical de Agost Philharmonic Society. With these groups he has made concert tours in Portugal, France and Italy.<\/p>\n<p>Currently he also works as musical director with the \"Compa\u00f1\u00eda L\u00edrica Andaluza\", with which he performs zarzuela performances such as \"agua, azucarillos y aguardiente\", \"la revoltosa\", \"la gran v\u00eda\", or \"la boda de Luis Alonso\".<\/p>\n<p>As a guest he has conducted, among others, the Municipal Symphonic Band of Alicante, Symphonic Band of the Musical Society \"La Primitiva Setabense\" of Xativa, Uni\u00f3n Musical de Ibi Band, Youth Band of Santa Maria da Feira (Portugal), Symphonic Band of the Musical Society \"La Nueva\" of X\u00e1tiva, Orchestra of the Superior Conservatory of Music of Castell\u00f3n, Banda Uni\u00f3n Musical Santa Cecilia de Enguera, Municipal Band of Ja\u00e9n, Banda Societat Musical l'Harmonia de Alacant, Orchestra of the Andalusian Lyric Company.<\/p>\n<p>In his role as composer, works for orchestra, choir, band and chamber groups have been premiered in Alicante, Valencia, Castell\u00f3n, Murcia, Andalusia, etc. He has also composed various works of an educational nature that have been part of the programs of study of conservatories such as the one in Valencia, Castell\u00f3n and Alicante. Some of his works have been programmed on RNE, Channel 9, Radio LP and RAI (Italian Radio Television) and are published by the AB M\u00fasica publishing house in Valencia.<\/p>\n<p>He has been part of the jury of composition and interpretation competitions such as the Callosa d'en Sarri\u00e1 Festival Music Composition Contest 2007 and 2008, Mutxamel Pasodobles Composition Contest 2007, Final Phase of the 8th Vinalop\u00f3 Regional Instrumental Performance Contest 2008 , VII Contest of Festival Music Bands of Altea la Vella 2009, among others.<\/p>\n<p>Since 1991 he has belonged to the Body of Music and Performing Arts Teachers of the State, and since 1999 he has been a professor at the Professional Conservatory of Music of Alicante, teaching the subjects of Musical Language, Musical Informatics and Complementary Piano.<\/p>\n<\/div>\n<\/div><\/div>\n\n\n<div class=\"woocommerce columns-4\"><\/div>","protected":false},"excerpt":{"rendered":"<p>RAFAEL GARRIG\u00d3S GARC\u00cdA Rafael M. Garrig\u00f3s Garc\u00eda (1966, Enguera-Valencia). Comienza sus estudios musicales en la escuela de la banda Uni\u00f3n Musical Santa Cecilia de Enguera. M\u00e1s tarde realiza estudios musicales en los conservatorios superiores de Valencia, Madrid, Granada, Murcia, en las especialidades de Trompa, Piano, Armon\u00eda, Contrapunto y fuga, Composici\u00f3n, Direcci\u00f3n de Orquesta y Direcci\u00f3n [&hellip;]<\/p>\n","protected":false},"author":4,"featured_media":0,"parent":0,"menu_order":0,"comment_status":"closed","ping_status":"closed","template":"","meta":{"_acf_changed":false,"_uag_custom_page_level_css":"","site-sidebar-layout":"default","site-content-layout":"","ast-site-content-layout":"default","site-content-style":"default","site-sidebar-style":"default","ast-global-header-display":"","ast-banner-title-visibility":"","ast-main-header-display":"","ast-hfb-above-header-display":"","ast-hfb-below-header-display":"","ast-hfb-mobile-header-display":"","site-post-title":"disabled","ast-breadcrumbs-content":"","ast-featured-img":"","footer-sml-layout":"","ast-disable-related-posts":"","theme-transparent-header-meta":"","adv-header-id-meta":"","stick-header-meta":"","header-above-stick-meta":"","header-main-stick-meta":"","header-below-stick-meta":"","astra-migrate-meta-layouts":"default","ast-page-background-enabled":"default","ast-page-background-meta":{"desktop":{"background-color":"","background-image":"","background-repeat":"repeat","background-position":"center center","background-size":"auto","background-attachment":"scroll","background-type":"","background-media":"","overlay-type":"","overlay-color":"","overlay-opacity":"","overlay-gradient":""},"tablet":{"background-color":"","background-image":"","background-repeat":"repeat","background-position":"center center","background-size":"auto","background-attachment":"scroll","background-type":"","background-media":"","overlay-type":"","overlay-color":"","overlay-opacity":"","overlay-gradient":""},"mobile":{"background-color":"","background-image":"","background-repeat":"repeat","background-position":"center center","background-size":"auto","background-attachment":"scroll","background-type":"","background-media":"","overlay-type":"","overlay-color":"","overlay-opacity":"","overlay-gradient":""}},"ast-content-background-meta":{"desktop":{"background-color":"var(--ast-global-color-5)","background-image":"","background-repeat":"repeat","background-position":"center center","background-size":"auto","background-attachment":"scroll","background-type":"","background-media":"","overlay-type":"","overlay-color":"","overlay-opacity":"","overlay-gradient":""},"tablet":{"background-color":"var(--ast-global-color-5)","background-image":"","background-repeat":"repeat","background-position":"center center","background-size":"auto","background-attachment":"scroll","background-type":"","background-media":"","overlay-type":"","overlay-color":"","overlay-opacity":"","overlay-gradient":""},"mobile":{"background-color":"var(--ast-global-color-5)","background-image":"","background-repeat":"repeat","background-position":"center center","background-size":"auto","background-attachment":"scroll","background-type":"","background-media":"","overlay-type":"","overlay-color":"","overlay-opacity":"","overlay-gradient":""}},"footnotes":""},"class_list":["post-1771","page","type-page","status-publish","hentry"],"acf":[],"yoast_head":"<!-- This site is optimized with the Yoast SEO Premium plugin v22.4 (Yoast SEO v27.4) - https:\/\/yoast.com\/product\/yoast-seo-premium-wordpress\/ -->\n<title>RAFAEL GARRIG\u00d3S GARC\u00cdA -<\/title>\n<meta name=\"robots\" content=\"index, follow, max-snippet:-1, max-image-preview:large, max-video-preview:-1\" \/>\n<link rel=\"canonical\" href=\"https:\/\/www.omnesbands.international\/en\/rafael-garrigos-garcia-2\/\" \/>\n<meta property=\"og:locale\" content=\"en_US\" \/>\n<meta property=\"og:type\" content=\"article\" \/>\n<meta property=\"og:title\" content=\"RAFAEL GARRIG\u00d3S GARC\u00cdA\" \/>\n<meta property=\"og:description\" content=\"RAFAEL GARRIG\u00d3S GARC\u00cdA Rafael M. Garrig\u00f3s Garc\u00eda (1966, Enguera-Valencia). Comienza sus estudios musicales en la escuela de la banda Uni\u00f3n Musical Santa Cecilia de Enguera. M\u00e1s tarde realiza estudios musicales en los conservatorios superiores de Valencia, Madrid, Granada, Murcia, en las especialidades de Trompa, Piano, Armon\u00eda, Contrapunto y fuga, Composici\u00f3n, Direcci\u00f3n de Orquesta y Direcci\u00f3n [&hellip;]\" \/>\n<meta property=\"og:url\" content=\"https:\/\/www.omnesbands.international\/en\/rafael-garrigos-garcia-2\/\" \/>\n<meta property=\"article:modified_time\" content=\"2023-01-29T16:32:23+00:00\" \/>\n<meta property=\"og:image\" content=\"https:\/\/www.omnesbands.international\/wp-content\/uploads\/2023\/01\/music-sheet-music-snowdrop-7107045.jpg\" \/>\n\t<meta property=\"og:image:width\" content=\"1280\" \/>\n\t<meta property=\"og:image:height\" content=\"742\" \/>\n\t<meta property=\"og:image:type\" content=\"image\/jpeg\" \/>\n<meta name=\"twitter:card\" content=\"summary_large_image\" \/>\n<meta name=\"twitter:label1\" content=\"Est. reading time\" \/>\n\t<meta name=\"twitter:data1\" content=\"3 minutes\" \/>\n<script type=\"application\/ld+json\" class=\"yoast-schema-graph\">{\"@context\":\"https:\\\/\\\/schema.org\",\"@graph\":[{\"@type\":\"WebPage\",\"@id\":\"https:\\\/\\\/www.omnesbands.international\\\/rafael-garrigos-garcia-2\\\/\",\"url\":\"https:\\\/\\\/www.omnesbands.international\\\/rafael-garrigos-garcia-2\\\/\",\"name\":\"RAFAEL GARRIG\u00d3S GARC\u00cdA -\",\"isPartOf\":{\"@id\":\"https:\\\/\\\/www.omnesbands.international\\\/#website\"},\"datePublished\":\"2023-01-29T16:30:52+00:00\",\"dateModified\":\"2023-01-29T16:32:23+00:00\",\"breadcrumb\":{\"@id\":\"https:\\\/\\\/www.omnesbands.international\\\/rafael-garrigos-garcia-2\\\/#breadcrumb\"},\"inLanguage\":\"en-US\",\"potentialAction\":[{\"@type\":\"ReadAction\",\"target\":[\"https:\\\/\\\/www.omnesbands.international\\\/rafael-garrigos-garcia-2\\\/\"]}]},{\"@type\":\"BreadcrumbList\",\"@id\":\"https:\\\/\\\/www.omnesbands.international\\\/rafael-garrigos-garcia-2\\\/#breadcrumb\",\"itemListElement\":[{\"@type\":\"ListItem\",\"position\":1,\"name\":\"Portada\",\"item\":\"https:\\\/\\\/www.omnesbands.international\\\/\"},{\"@type\":\"ListItem\",\"position\":2,\"name\":\"RAFAEL GARRIG\u00d3S GARC\u00cdA\"}]},{\"@type\":\"WebSite\",\"@id\":\"https:\\\/\\\/www.omnesbands.international\\\/#website\",\"url\":\"https:\\\/\\\/www.omnesbands.international\\\/\",\"name\":\"OMNESBANDS International\",\"description\":\"Partituras Originales de autores y compositores independientes\",\"publisher\":{\"@id\":\"https:\\\/\\\/www.omnesbands.international\\\/#organization\"},\"potentialAction\":[{\"@type\":\"SearchAction\",\"target\":{\"@type\":\"EntryPoint\",\"urlTemplate\":\"https:\\\/\\\/www.omnesbands.international\\\/?s={search_term_string}\"},\"query-input\":{\"@type\":\"PropertyValueSpecification\",\"valueRequired\":true,\"valueName\":\"search_term_string\"}}],\"inLanguage\":\"en-US\"},{\"@type\":\"Organization\",\"@id\":\"https:\\\/\\\/www.omnesbands.international\\\/#organization\",\"name\":\"Indra Consultores Internacionales\",\"alternateName\":\"Omnesbands\",\"url\":\"https:\\\/\\\/www.omnesbands.international\\\/\",\"logo\":{\"@type\":\"ImageObject\",\"inLanguage\":\"en-US\",\"@id\":\"https:\\\/\\\/www.omnesbands.international\\\/#\\\/schema\\\/logo\\\/image\\\/\",\"url\":\"https:\\\/\\\/omnesbands.international\\\/wp-content\\\/uploads\\\/2023\\\/06\\\/Logo-Nuevo-.png\",\"contentUrl\":\"https:\\\/\\\/omnesbands.international\\\/wp-content\\\/uploads\\\/2023\\\/06\\\/Logo-Nuevo-.png\",\"width\":394,\"height\":212,\"caption\":\"Indra Consultores Internacionales\"},\"image\":{\"@id\":\"https:\\\/\\\/www.omnesbands.international\\\/#\\\/schema\\\/logo\\\/image\\\/\"}}]}<\/script>\n<!-- \/ Yoast SEO Premium plugin. -->","yoast_head_json":{"title":"RAFAEL GARRIG\u00d3S GARC\u00cdA -","robots":{"index":"index","follow":"follow","max-snippet":"max-snippet:-1","max-image-preview":"max-image-preview:large","max-video-preview":"max-video-preview:-1"},"canonical":"https:\/\/www.omnesbands.international\/en\/rafael-garrigos-garcia-2\/","og_locale":"en_US","og_type":"article","og_title":"RAFAEL GARRIG\u00d3S GARC\u00cdA","og_description":"RAFAEL GARRIG\u00d3S GARC\u00cdA Rafael M. Garrig\u00f3s Garc\u00eda (1966, Enguera-Valencia). Comienza sus estudios musicales en la escuela de la banda Uni\u00f3n Musical Santa Cecilia de Enguera. M\u00e1s tarde realiza estudios musicales en los conservatorios superiores de Valencia, Madrid, Granada, Murcia, en las especialidades de Trompa, Piano, Armon\u00eda, Contrapunto y fuga, Composici\u00f3n, Direcci\u00f3n de Orquesta y Direcci\u00f3n [&hellip;]","og_url":"https:\/\/www.omnesbands.international\/en\/rafael-garrigos-garcia-2\/","article_modified_time":"2023-01-29T16:32:23+00:00","og_image":[{"width":1280,"height":742,"url":"https:\/\/www.omnesbands.international\/wp-content\/uploads\/2023\/01\/music-sheet-music-snowdrop-7107045.jpg","type":"image\/jpeg"}],"twitter_card":"summary_large_image","twitter_misc":{"Est. reading time":"3 minutes"},"schema":{"@context":"https:\/\/schema.org","@graph":[{"@type":"WebPage","@id":"https:\/\/www.omnesbands.international\/rafael-garrigos-garcia-2\/","url":"https:\/\/www.omnesbands.international\/rafael-garrigos-garcia-2\/","name":"RAFAEL GARRIG\u00d3S GARC\u00cdA -","isPartOf":{"@id":"https:\/\/www.omnesbands.international\/#website"},"datePublished":"2023-01-29T16:30:52+00:00","dateModified":"2023-01-29T16:32:23+00:00","breadcrumb":{"@id":"https:\/\/www.omnesbands.international\/rafael-garrigos-garcia-2\/#breadcrumb"},"inLanguage":"en-US","potentialAction":[{"@type":"ReadAction","target":["https:\/\/www.omnesbands.international\/rafael-garrigos-garcia-2\/"]}]},{"@type":"BreadcrumbList","@id":"https:\/\/www.omnesbands.international\/rafael-garrigos-garcia-2\/#breadcrumb","itemListElement":[{"@type":"ListItem","position":1,"name":"Portada","item":"https:\/\/www.omnesbands.international\/"},{"@type":"ListItem","position":2,"name":"RAFAEL GARRIG\u00d3S GARC\u00cdA"}]},{"@type":"WebSite","@id":"https:\/\/www.omnesbands.international\/#website","url":"https:\/\/www.omnesbands.international\/","name":"OMNESBANDS International","description":"Original Sheet Music by independent authors and composers","publisher":{"@id":"https:\/\/www.omnesbands.international\/#organization"},"potentialAction":[{"@type":"SearchAction","target":{"@type":"EntryPoint","urlTemplate":"https:\/\/www.omnesbands.international\/?s={search_term_string}"},"query-input":{"@type":"PropertyValueSpecification","valueRequired":true,"valueName":"search_term_string"}}],"inLanguage":"en-US"},{"@type":"Organization","@id":"https:\/\/www.omnesbands.international\/#organization","name":"Indra International Consultants","alternateName":"Omnesbands","url":"https:\/\/www.omnesbands.international\/","logo":{"@type":"ImageObject","inLanguage":"en-US","@id":"https:\/\/www.omnesbands.international\/#\/schema\/logo\/image\/","url":"https:\/\/omnesbands.international\/wp-content\/uploads\/2023\/06\/Logo-Nuevo-.png","contentUrl":"https:\/\/omnesbands.international\/wp-content\/uploads\/2023\/06\/Logo-Nuevo-.png","width":394,"height":212,"caption":"Indra Consultores Internacionales"},"image":{"@id":"https:\/\/www.omnesbands.international\/#\/schema\/logo\/image\/"}}]}},"uagb_featured_image_src":{"full":false,"thumbnail":false,"medium":false,"medium_large":false,"large":false,"1536x1536":false,"2048x2048":false,"trp-custom-language-flag":false,"gg_gallery_thumbnail":false,"woocommerce_thumbnail":false,"woocommerce_single":false,"woocommerce_gallery_thumbnail":false},"uagb_author_info":{"display_name":"Melvin R. Portillo A:","author_link":"https:\/\/www.omnesbands.international\/en\/author\/portand\/"},"uagb_comment_info":0,"uagb_excerpt":"RAFAEL GARRIG\u00d3S GARC\u00cdA Rafael M. Garrig\u00f3s Garc\u00eda (1966, Enguera-Valencia). Comienza sus estudios musicales en la escuela de la banda Uni\u00f3n Musical Santa Cecilia de Enguera. M\u00e1s tarde realiza estudios musicales en los conservatorios superiores de Valencia, Madrid, Granada, Murcia, en las especialidades de Trompa, Piano, Armon\u00eda, Contrapunto y fuga, Composici\u00f3n, Direcci\u00f3n de Orquesta y Direcci\u00f3n&hellip;","_links":{"self":[{"href":"https:\/\/www.omnesbands.international\/en\/wp-json\/wp\/v2\/pages\/1771","targetHints":{"allow":["GET"]}}],"collection":[{"href":"https:\/\/www.omnesbands.international\/en\/wp-json\/wp\/v2\/pages"}],"about":[{"href":"https:\/\/www.omnesbands.international\/en\/wp-json\/wp\/v2\/types\/page"}],"author":[{"embeddable":true,"href":"https:\/\/www.omnesbands.international\/en\/wp-json\/wp\/v2\/users\/4"}],"replies":[{"embeddable":true,"href":"https:\/\/www.omnesbands.international\/en\/wp-json\/wp\/v2\/comments?post=1771"}],"version-history":[{"count":2,"href":"https:\/\/www.omnesbands.international\/en\/wp-json\/wp\/v2\/pages\/1771\/revisions"}],"predecessor-version":[{"id":1773,"href":"https:\/\/www.omnesbands.international\/en\/wp-json\/wp\/v2\/pages\/1771\/revisions\/1773"}],"wp:attachment":[{"href":"https:\/\/www.omnesbands.international\/en\/wp-json\/wp\/v2\/media?parent=1771"}],"curies":[{"name":"wp","href":"https:\/\/api.w.org\/{rel}","templated":true}]}}