{"id":1787,"date":"2023-01-29T14:31:19","date_gmt":"2023-01-29T20:31:19","guid":{"rendered":"https:\/\/omnesbands.international\/?page_id=1787"},"modified":"2023-01-29T14:31:21","modified_gmt":"2023-01-29T20:31:21","slug":"salva-lujan-2","status":"publish","type":"page","link":"https:\/\/www.omnesbands.international\/en\/salva-lujan-2\/","title":{"rendered":"SAVE LUJAN"},"content":{"rendered":"<div class=\"wp-block-uagb-container uagb-block-a7b23003 alignfull uagb-is-root-container\"><div class=\"uagb-container-inner-blocks-wrap\">\n<div class=\"wp-block-uagb-advanced-heading uagb-block-70312929\"><h1 class=\"uagb-heading-text\"><strong>SAVE LUJAN<\/strong><\/h1><\/div>\n<\/div><\/div>\n\n\n\n<div class=\"wp-block-uagb-container uagb-block-06d72329 alignfull uagb-is-root-container\"><div class=\"uagb-container-inner-blocks-wrap\">\n<div class=\"wp-block-uagb-container uagb-block-776c9fb9\">\n<p>SALVA LUJ\u00c1N is a composer and conductor born in Valencia (Spain). He teaches Composition at the \"Salvador Segu\u00ed\" Superior Conservatory in Castell\u00f3n, is the principal conductor of the Ayorense Musical Society and, in turn, a board member of the Association of Symphonic Composers of the Valencian Community (COSICOVA).<\/p>\n<p>Since childhood, Salva has always felt the need to communicate and his experience from a young age with piano lessons naturally led him to do so through music. His early concern for composition was cultivated during his adolescence and learning harmony with his teacher and friend, Miguel \u00c1ngel Mateu, made him understand music from a different point of view than the conventional one.<\/p>\n<p>His passion for musical art and the desire to further develop his creativity led him to train in several Conservatories where he obtained the Title of Professor of Solfeggio, Music Theory, Repentance, Transposition and Piano. Training that he later complemented with a Higher Degree in Composition and Orchestration and a Master's Degree in Musical Research from the International University of Valencia.<\/p>\n<p>Once his training was completed, Salva focused his creative work on a single objective; communicate and enhance the emotional value of music by providing it with multicolored prisms to make it attractive, heartfelt and enduring to the public, who is, ultimately, the great recipient.<\/p>\n<p>Today her works, in which music for wind orchestra predominates, are interpreted and studied in numerous countries, in addition to being nominated for the Euterpe Awards (2009) and awarded in numerous composition contests, nationally and internationally, such as the III Ibero-American Composition Contest \"Villa de Ortigueira\" in Galicia (2010) or the IV International Composition Contest \"La Prime L'\u00fas\" in Bertiolo (Italy, 2013) or the Fideu music awards in the \"creation\" section musical\u00bb (2021), among others.<\/p>\n<p>Simultaneously to his facets as a composer and teacher, his work as a conductor, whose training has been in charge of the maestros Jan Cober, Jos\u00e9 Rafael Pascual Vilaplana and Ferrer Ferran, has been widely recognized and awarded. They include, among others: winner of the I National Contest for Conducting Music Bands \"Cueva de Medrano\" in Ciudad Real (2008), as well as numerous awards in various competitions such as 1st prize (Honorable Mention) in the second category of the \u201cCiutat de Val\u00e8ncia\u201d International Band Contest in 2014. Being aware that excellence in this field requires constant training and even with almost 20 years of experience, he continues to explore musically with internationally renowned maestros such as Miquel Rodrigo i Tamarit. <br \/><br \/>Currently, Salva lives and works for and for music, being requested as a jury in various competitions such as the 39th Valencian Community Music Band Contest, as well as invited to give presentations and conduct his own music in numerous musical groups such as the Municipal Band. de Mur\u00e7a (Portugal), the Harmonie Municipale D'Orthez (France) or the Municipal Band of Marratx\u00ed in Mallorca (Spain), among others. Regarding his composition, he has different commissions that will be premiered over the next two years.<\/p>\n<\/div>\n<\/div><\/div>\n\n\n<div class=\"woocommerce columns-4\"><\/div>","protected":false},"excerpt":{"rendered":"<p>SALVA LUJ\u00c1N SALVA LUJ\u00c1N es un compositor y director nacido en Valencia (Espa\u00f1a). Imparte docencia como catedr\u00e1tico de Composici\u00f3n en el Conservatorio Superior \u00abSalvador Segu\u00ed\u00bb de Castell\u00f3n, es director titular de la Sociedad Musical Ayorense y, a su vez, miembro directivo de la Asociaci\u00f3n de Compositores Sinf\u00f3nicos de la Comunidad Valenciana (COSICOVA). Desde la infancia, [&hellip;]<\/p>\n","protected":false},"author":4,"featured_media":0,"parent":0,"menu_order":0,"comment_status":"closed","ping_status":"closed","template":"","meta":{"_acf_changed":false,"_uag_custom_page_level_css":"","site-sidebar-layout":"default","site-content-layout":"","ast-site-content-layout":"default","site-content-style":"default","site-sidebar-style":"default","ast-global-header-display":"","ast-banner-title-visibility":"","ast-main-header-display":"","ast-hfb-above-header-display":"","ast-hfb-below-header-display":"","ast-hfb-mobile-header-display":"","site-post-title":"disabled","ast-breadcrumbs-content":"","ast-featured-img":"","footer-sml-layout":"","ast-disable-related-posts":"","theme-transparent-header-meta":"","adv-header-id-meta":"","stick-header-meta":"","header-above-stick-meta":"","header-main-stick-meta":"","header-below-stick-meta":"","astra-migrate-meta-layouts":"default","ast-page-background-enabled":"default","ast-page-background-meta":{"desktop":{"background-color":"","background-image":"","background-repeat":"repeat","background-position":"center center","background-size":"auto","background-attachment":"scroll","background-type":"","background-media":"","overlay-type":"","overlay-color":"","overlay-opacity":"","overlay-gradient":""},"tablet":{"background-color":"","background-image":"","background-repeat":"repeat","background-position":"center center","background-size":"auto","background-attachment":"scroll","background-type":"","background-media":"","overlay-type":"","overlay-color":"","overlay-opacity":"","overlay-gradient":""},"mobile":{"background-color":"","background-image":"","background-repeat":"repeat","background-position":"center center","background-size":"auto","background-attachment":"scroll","background-type":"","background-media":"","overlay-type":"","overlay-color":"","overlay-opacity":"","overlay-gradient":""}},"ast-content-background-meta":{"desktop":{"background-color":"var(--ast-global-color-5)","background-image":"","background-repeat":"repeat","background-position":"center center","background-size":"auto","background-attachment":"scroll","background-type":"","background-media":"","overlay-type":"","overlay-color":"","overlay-opacity":"","overlay-gradient":""},"tablet":{"background-color":"var(--ast-global-color-5)","background-image":"","background-repeat":"repeat","background-position":"center center","background-size":"auto","background-attachment":"scroll","background-type":"","background-media":"","overlay-type":"","overlay-color":"","overlay-opacity":"","overlay-gradient":""},"mobile":{"background-color":"var(--ast-global-color-5)","background-image":"","background-repeat":"repeat","background-position":"center center","background-size":"auto","background-attachment":"scroll","background-type":"","background-media":"","overlay-type":"","overlay-color":"","overlay-opacity":"","overlay-gradient":""}},"footnotes":""},"class_list":["post-1787","page","type-page","status-publish","hentry"],"acf":[],"yoast_head":"<!-- This site is optimized with the Yoast SEO Premium plugin v22.4 (Yoast SEO v27.4) - https:\/\/yoast.com\/product\/yoast-seo-premium-wordpress\/ -->\n<title>SALVA LUJ\u00c1N -<\/title>\n<meta name=\"robots\" content=\"index, follow, max-snippet:-1, max-image-preview:large, max-video-preview:-1\" \/>\n<link rel=\"canonical\" href=\"https:\/\/www.omnesbands.international\/en\/salva-lujan-2\/\" \/>\n<meta property=\"og:locale\" content=\"en_US\" \/>\n<meta property=\"og:type\" content=\"article\" \/>\n<meta property=\"og:title\" content=\"SALVA LUJ\u00c1N\" \/>\n<meta property=\"og:description\" content=\"SALVA LUJ\u00c1N SALVA LUJ\u00c1N es un compositor y director nacido en Valencia (Espa\u00f1a). Imparte docencia como catedr\u00e1tico de Composici\u00f3n en el Conservatorio Superior \u00abSalvador Segu\u00ed\u00bb de Castell\u00f3n, es director titular de la Sociedad Musical Ayorense y, a su vez, miembro directivo de la Asociaci\u00f3n de Compositores Sinf\u00f3nicos de la Comunidad Valenciana (COSICOVA). Desde la infancia, [&hellip;]\" \/>\n<meta property=\"og:url\" content=\"https:\/\/www.omnesbands.international\/en\/salva-lujan-2\/\" \/>\n<meta property=\"article:modified_time\" content=\"2023-01-29T20:31:21+00:00\" \/>\n<meta property=\"og:image\" content=\"https:\/\/www.omnesbands.international\/wp-content\/uploads\/2023\/01\/music-sheet-music-snowdrop-7107045.jpg\" \/>\n\t<meta property=\"og:image:width\" content=\"1280\" \/>\n\t<meta property=\"og:image:height\" content=\"742\" \/>\n\t<meta property=\"og:image:type\" content=\"image\/jpeg\" \/>\n<meta name=\"twitter:card\" content=\"summary_large_image\" \/>\n<meta name=\"twitter:label1\" content=\"Est. reading time\" \/>\n\t<meta name=\"twitter:data1\" content=\"3 minutes\" \/>\n<script type=\"application\/ld+json\" class=\"yoast-schema-graph\">{\"@context\":\"https:\\\/\\\/schema.org\",\"@graph\":[{\"@type\":\"WebPage\",\"@id\":\"https:\\\/\\\/www.omnesbands.international\\\/salva-lujan-2\\\/\",\"url\":\"https:\\\/\\\/www.omnesbands.international\\\/salva-lujan-2\\\/\",\"name\":\"SALVA LUJ\u00c1N -\",\"isPartOf\":{\"@id\":\"https:\\\/\\\/www.omnesbands.international\\\/#website\"},\"datePublished\":\"2023-01-29T20:31:19+00:00\",\"dateModified\":\"2023-01-29T20:31:21+00:00\",\"breadcrumb\":{\"@id\":\"https:\\\/\\\/www.omnesbands.international\\\/salva-lujan-2\\\/#breadcrumb\"},\"inLanguage\":\"en-US\",\"potentialAction\":[{\"@type\":\"ReadAction\",\"target\":[\"https:\\\/\\\/www.omnesbands.international\\\/salva-lujan-2\\\/\"]}]},{\"@type\":\"BreadcrumbList\",\"@id\":\"https:\\\/\\\/www.omnesbands.international\\\/salva-lujan-2\\\/#breadcrumb\",\"itemListElement\":[{\"@type\":\"ListItem\",\"position\":1,\"name\":\"Portada\",\"item\":\"https:\\\/\\\/www.omnesbands.international\\\/\"},{\"@type\":\"ListItem\",\"position\":2,\"name\":\"SALVA LUJ\u00c1N\"}]},{\"@type\":\"WebSite\",\"@id\":\"https:\\\/\\\/www.omnesbands.international\\\/#website\",\"url\":\"https:\\\/\\\/www.omnesbands.international\\\/\",\"name\":\"OMNESBANDS International\",\"description\":\"Partituras Originales de autores y compositores independientes\",\"publisher\":{\"@id\":\"https:\\\/\\\/www.omnesbands.international\\\/#organization\"},\"potentialAction\":[{\"@type\":\"SearchAction\",\"target\":{\"@type\":\"EntryPoint\",\"urlTemplate\":\"https:\\\/\\\/www.omnesbands.international\\\/?s={search_term_string}\"},\"query-input\":{\"@type\":\"PropertyValueSpecification\",\"valueRequired\":true,\"valueName\":\"search_term_string\"}}],\"inLanguage\":\"en-US\"},{\"@type\":\"Organization\",\"@id\":\"https:\\\/\\\/www.omnesbands.international\\\/#organization\",\"name\":\"Indra Consultores Internacionales\",\"alternateName\":\"Omnesbands\",\"url\":\"https:\\\/\\\/www.omnesbands.international\\\/\",\"logo\":{\"@type\":\"ImageObject\",\"inLanguage\":\"en-US\",\"@id\":\"https:\\\/\\\/www.omnesbands.international\\\/#\\\/schema\\\/logo\\\/image\\\/\",\"url\":\"https:\\\/\\\/omnesbands.international\\\/wp-content\\\/uploads\\\/2023\\\/06\\\/Logo-Nuevo-.png\",\"contentUrl\":\"https:\\\/\\\/omnesbands.international\\\/wp-content\\\/uploads\\\/2023\\\/06\\\/Logo-Nuevo-.png\",\"width\":394,\"height\":212,\"caption\":\"Indra Consultores Internacionales\"},\"image\":{\"@id\":\"https:\\\/\\\/www.omnesbands.international\\\/#\\\/schema\\\/logo\\\/image\\\/\"}}]}<\/script>\n<!-- \/ Yoast SEO Premium plugin. -->","yoast_head_json":{"title":"SALVA LUJ\u00c1N -","robots":{"index":"index","follow":"follow","max-snippet":"max-snippet:-1","max-image-preview":"max-image-preview:large","max-video-preview":"max-video-preview:-1"},"canonical":"https:\/\/www.omnesbands.international\/en\/salva-lujan-2\/","og_locale":"en_US","og_type":"article","og_title":"SALVA LUJ\u00c1N","og_description":"SALVA LUJ\u00c1N SALVA LUJ\u00c1N es un compositor y director nacido en Valencia (Espa\u00f1a). Imparte docencia como catedr\u00e1tico de Composici\u00f3n en el Conservatorio Superior \u00abSalvador Segu\u00ed\u00bb de Castell\u00f3n, es director titular de la Sociedad Musical Ayorense y, a su vez, miembro directivo de la Asociaci\u00f3n de Compositores Sinf\u00f3nicos de la Comunidad Valenciana (COSICOVA). Desde la infancia, [&hellip;]","og_url":"https:\/\/www.omnesbands.international\/en\/salva-lujan-2\/","article_modified_time":"2023-01-29T20:31:21+00:00","og_image":[{"width":1280,"height":742,"url":"https:\/\/www.omnesbands.international\/wp-content\/uploads\/2023\/01\/music-sheet-music-snowdrop-7107045.jpg","type":"image\/jpeg"}],"twitter_card":"summary_large_image","twitter_misc":{"Est. reading time":"3 minutes"},"schema":{"@context":"https:\/\/schema.org","@graph":[{"@type":"WebPage","@id":"https:\/\/www.omnesbands.international\/salva-lujan-2\/","url":"https:\/\/www.omnesbands.international\/salva-lujan-2\/","name":"SALVA LUJ\u00c1N -","isPartOf":{"@id":"https:\/\/www.omnesbands.international\/#website"},"datePublished":"2023-01-29T20:31:19+00:00","dateModified":"2023-01-29T20:31:21+00:00","breadcrumb":{"@id":"https:\/\/www.omnesbands.international\/salva-lujan-2\/#breadcrumb"},"inLanguage":"en-US","potentialAction":[{"@type":"ReadAction","target":["https:\/\/www.omnesbands.international\/salva-lujan-2\/"]}]},{"@type":"BreadcrumbList","@id":"https:\/\/www.omnesbands.international\/salva-lujan-2\/#breadcrumb","itemListElement":[{"@type":"ListItem","position":1,"name":"Portada","item":"https:\/\/www.omnesbands.international\/"},{"@type":"ListItem","position":2,"name":"SALVA LUJ\u00c1N"}]},{"@type":"WebSite","@id":"https:\/\/www.omnesbands.international\/#website","url":"https:\/\/www.omnesbands.international\/","name":"OMNESBANDS International","description":"Original Sheet Music by independent authors and composers","publisher":{"@id":"https:\/\/www.omnesbands.international\/#organization"},"potentialAction":[{"@type":"SearchAction","target":{"@type":"EntryPoint","urlTemplate":"https:\/\/www.omnesbands.international\/?s={search_term_string}"},"query-input":{"@type":"PropertyValueSpecification","valueRequired":true,"valueName":"search_term_string"}}],"inLanguage":"en-US"},{"@type":"Organization","@id":"https:\/\/www.omnesbands.international\/#organization","name":"Indra International Consultants","alternateName":"Omnesbands","url":"https:\/\/www.omnesbands.international\/","logo":{"@type":"ImageObject","inLanguage":"en-US","@id":"https:\/\/www.omnesbands.international\/#\/schema\/logo\/image\/","url":"https:\/\/omnesbands.international\/wp-content\/uploads\/2023\/06\/Logo-Nuevo-.png","contentUrl":"https:\/\/omnesbands.international\/wp-content\/uploads\/2023\/06\/Logo-Nuevo-.png","width":394,"height":212,"caption":"Indra Consultores Internacionales"},"image":{"@id":"https:\/\/www.omnesbands.international\/#\/schema\/logo\/image\/"}}]}},"uagb_featured_image_src":{"full":false,"thumbnail":false,"medium":false,"medium_large":false,"large":false,"1536x1536":false,"2048x2048":false,"trp-custom-language-flag":false,"gg_gallery_thumbnail":false,"woocommerce_thumbnail":false,"woocommerce_single":false,"woocommerce_gallery_thumbnail":false},"uagb_author_info":{"display_name":"Melvin R. Portillo A:","author_link":"https:\/\/www.omnesbands.international\/en\/author\/portand\/"},"uagb_comment_info":0,"uagb_excerpt":"SALVA LUJ\u00c1N SALVA LUJ\u00c1N es un compositor y director nacido en Valencia (Espa\u00f1a). Imparte docencia como catedr\u00e1tico de Composici\u00f3n en el Conservatorio Superior \u00abSalvador Segu\u00ed\u00bb de Castell\u00f3n, es director titular de la Sociedad Musical Ayorense y, a su vez, miembro directivo de la Asociaci\u00f3n de Compositores Sinf\u00f3nicos de la Comunidad Valenciana (COSICOVA). Desde la infancia,&hellip;","_links":{"self":[{"href":"https:\/\/www.omnesbands.international\/en\/wp-json\/wp\/v2\/pages\/1787","targetHints":{"allow":["GET"]}}],"collection":[{"href":"https:\/\/www.omnesbands.international\/en\/wp-json\/wp\/v2\/pages"}],"about":[{"href":"https:\/\/www.omnesbands.international\/en\/wp-json\/wp\/v2\/types\/page"}],"author":[{"embeddable":true,"href":"https:\/\/www.omnesbands.international\/en\/wp-json\/wp\/v2\/users\/4"}],"replies":[{"embeddable":true,"href":"https:\/\/www.omnesbands.international\/en\/wp-json\/wp\/v2\/comments?post=1787"}],"version-history":[{"count":1,"href":"https:\/\/www.omnesbands.international\/en\/wp-json\/wp\/v2\/pages\/1787\/revisions"}],"predecessor-version":[{"id":1788,"href":"https:\/\/www.omnesbands.international\/en\/wp-json\/wp\/v2\/pages\/1787\/revisions\/1788"}],"wp:attachment":[{"href":"https:\/\/www.omnesbands.international\/en\/wp-json\/wp\/v2\/media?parent=1787"}],"curies":[{"name":"wp","href":"https:\/\/api.w.org\/{rel}","templated":true}]}}