{"id":1789,"date":"2023-01-29T16:29:15","date_gmt":"2023-01-29T22:29:15","guid":{"rendered":"https:\/\/omnesbands.international\/?page_id=1789"},"modified":"2023-02-03T18:50:13","modified_gmt":"2023-02-04T00:50:13","slug":"sergi-querol-i-tormo-2","status":"publish","type":"page","link":"https:\/\/www.omnesbands.international\/en\/sergi-querol-i-tormo-2\/","title":{"rendered":"SERGI QUEROL I TORMO"},"content":{"rendered":"<div class=\"wp-block-uagb-container uagb-block-71ec0d13 alignfull uagb-is-root-container\"><div class=\"uagb-container-inner-blocks-wrap\">\n<div class=\"wp-block-uagb-advanced-heading uagb-block-74d1b5e7\"><h1 class=\"uagb-heading-text\"><strong>SERGI QUEROL I TORMO<\/strong><\/h1><\/div>\n<\/div><\/div>\n\n\n\n<div class=\"wp-block-uagb-container uagb-block-86d4c2a3 alignfull uagb-is-root-container\"><div class=\"uagb-container-inner-blocks-wrap\">\n<div class=\"wp-block-uagb-container uagb-block-16a674bb\">\n<p>2,251 \/ 5,000\nResultados de traducci\u00f3n\nTraducci\u00f3n\nHe was born in Albaida (Valencia) on November 26, ig7o and began in the world of music teaching with his cousin Esperanza at the age of 7. He continues his musical training at the \"Uni\u00f3 Musical d' Albaida UAranya\" school, attending the classes of the teachers Francisco Mart\u00ednez Molla and Dami\u00e1n Soler Va\u00f1\u00f3, later joining that band as a trombonist.<\/p>\n<p>Later he expanded his studies at the Albaida Municipal School of Music where he studied Trombone with Francisco N\u00e1jera Perona. Musical Language with Patricia Porta and Ana Albert and Choir with Jos\u00e9 Soler. She entered the Professional Conservatory of Music \"Melchor Gomis\" in Ontinyent where she expanded her studies in various fields: Musical Language with Juan Jos\u00e9 Silvestre. Piano with Maria Moncunill and Basilio Fern\u00e1ndez. of Chamber Music with Pilar Ferrero. Oscar Aparisi and Jos\u00e9 Vte. Prince. of Trornb\u00f3n with Francisco N\u00e1jera. Jesus Gasco. Antonio Alvarez and Felix Garcia. Orchestra with Sergio Alapont. Immaculate Mateu and Manel Garcia. of Harmony with Tom\u00e1s Gilabert and Jes\u00fas Vizca\u00edno. Choir with Jos\u00e9 Soler and Inmaculada Mateu. Music History with Angel Mart\u00ednez Escutia and Maria Benavent and Musical Analysis with Claudia Montero and Ram\u00f3n Jover.<\/p>\n<p><br \/>He has also studied Band Direction with the prestigious professor Jos\u00e9 Rafael Pascual Vilaplana. Instrumentation with Ram\u00f3n Garc\u00eda i Soler and Musical Analysis with Tom\u00e1s Gilabert. He has composed various works of M\u00fasica Festera and has recorded and edited a monographic CD with various pieces under the title \u201cGratus\u201d.<\/p>\n<p><br \/>He also composed the fanfare `Millenium. the bells of Albaida- for the historic act of inauguration and blessing of the bells of Albaida restored in the year 2oo3. He has also recorded \u201cSagittarius\u201d. a CD of Pop Music combining different musical styles such as Bolero. the Ballad. etc and his musical activity is dedicated to the composition of Music for Band, reaching his compositions a high degree of acceptance and followers in the festive world.<\/p>\n<p><br \/>He has won several religious music composition contests for children's choirs and was deputy director of the \"Uni\u00f3 Musical dAlbaida\" UAranya, coinciding with the time of the direction of maestro Ram\u00f3n Garc\u00eda i Soler.<\/p>\n<\/div>\n<\/div><\/div>\n\n\n<div class=\"woocommerce columns-4\"><\/div>","protected":false},"excerpt":{"rendered":"<p>SERGI QUEROL I TORMO Nace en Albaida (Valencia) el 26 de noviembre de ig7o y se inicia en el mundo de la m\u00fasica impartiendo clases con su prima Esperanza a la edad de 7 a\u00f1os. Sigue su formaci\u00f3n musical en la escuela de la &#8220;Uni\u00f3 Musical d&#8217;Albaida UAranya asistiendo a las clases de los maestros [&hellip;]<\/p>\n","protected":false},"author":4,"featured_media":0,"parent":0,"menu_order":0,"comment_status":"closed","ping_status":"closed","template":"","meta":{"_acf_changed":false,"_uag_custom_page_level_css":"","site-sidebar-layout":"default","site-content-layout":"","ast-site-content-layout":"default","site-content-style":"default","site-sidebar-style":"default","ast-global-header-display":"","ast-banner-title-visibility":"","ast-main-header-display":"","ast-hfb-above-header-display":"","ast-hfb-below-header-display":"","ast-hfb-mobile-header-display":"","site-post-title":"disabled","ast-breadcrumbs-content":"","ast-featured-img":"","footer-sml-layout":"","ast-disable-related-posts":"","theme-transparent-header-meta":"","adv-header-id-meta":"","stick-header-meta":"","header-above-stick-meta":"","header-main-stick-meta":"","header-below-stick-meta":"","astra-migrate-meta-layouts":"default","ast-page-background-enabled":"default","ast-page-background-meta":{"desktop":{"background-color":"","background-image":"","background-repeat":"repeat","background-position":"center center","background-size":"auto","background-attachment":"scroll","background-type":"","background-media":"","overlay-type":"","overlay-color":"","overlay-opacity":"","overlay-gradient":""},"tablet":{"background-color":"","background-image":"","background-repeat":"repeat","background-position":"center center","background-size":"auto","background-attachment":"scroll","background-type":"","background-media":"","overlay-type":"","overlay-color":"","overlay-opacity":"","overlay-gradient":""},"mobile":{"background-color":"","background-image":"","background-repeat":"repeat","background-position":"center center","background-size":"auto","background-attachment":"scroll","background-type":"","background-media":"","overlay-type":"","overlay-color":"","overlay-opacity":"","overlay-gradient":""}},"ast-content-background-meta":{"desktop":{"background-color":"var(--ast-global-color-5)","background-image":"","background-repeat":"repeat","background-position":"center center","background-size":"auto","background-attachment":"scroll","background-type":"","background-media":"","overlay-type":"","overlay-color":"","overlay-opacity":"","overlay-gradient":""},"tablet":{"background-color":"var(--ast-global-color-5)","background-image":"","background-repeat":"repeat","background-position":"center center","background-size":"auto","background-attachment":"scroll","background-type":"","background-media":"","overlay-type":"","overlay-color":"","overlay-opacity":"","overlay-gradient":""},"mobile":{"background-color":"var(--ast-global-color-5)","background-image":"","background-repeat":"repeat","background-position":"center center","background-size":"auto","background-attachment":"scroll","background-type":"","background-media":"","overlay-type":"","overlay-color":"","overlay-opacity":"","overlay-gradient":""}},"footnotes":""},"class_list":["post-1789","page","type-page","status-publish","hentry"],"acf":[],"yoast_head":"<!-- This site is optimized with the Yoast SEO Premium plugin v22.4 (Yoast SEO v27.4) - https:\/\/yoast.com\/product\/yoast-seo-premium-wordpress\/ -->\n<title>SERGI QUEROL I TORMO -<\/title>\n<meta name=\"robots\" content=\"index, follow, max-snippet:-1, max-image-preview:large, max-video-preview:-1\" \/>\n<link rel=\"canonical\" href=\"https:\/\/www.omnesbands.international\/en\/sergi-querol-i-tormo-2\/\" \/>\n<meta property=\"og:locale\" content=\"en_US\" \/>\n<meta property=\"og:type\" content=\"article\" \/>\n<meta property=\"og:title\" content=\"SERGI QUEROL I TORMO\" \/>\n<meta property=\"og:description\" content=\"SERGI QUEROL I TORMO Nace en Albaida (Valencia) el 26 de noviembre de ig7o y se inicia en el mundo de la m\u00fasica impartiendo clases con su prima Esperanza a la edad de 7 a\u00f1os. Sigue su formaci\u00f3n musical en la escuela de la &#8220;Uni\u00f3 Musical d&#8217;Albaida UAranya asistiendo a las clases de los maestros [&hellip;]\" \/>\n<meta property=\"og:url\" content=\"https:\/\/www.omnesbands.international\/en\/sergi-querol-i-tormo-2\/\" \/>\n<meta property=\"article:modified_time\" content=\"2023-02-04T00:50:13+00:00\" \/>\n<meta property=\"og:image\" content=\"https:\/\/www.omnesbands.international\/wp-content\/uploads\/2023\/01\/music-sheet-music-snowdrop-7107045.jpg\" \/>\n\t<meta property=\"og:image:width\" content=\"1280\" \/>\n\t<meta property=\"og:image:height\" content=\"742\" \/>\n\t<meta property=\"og:image:type\" content=\"image\/jpeg\" \/>\n<meta name=\"twitter:card\" content=\"summary_large_image\" \/>\n<meta name=\"twitter:label1\" content=\"Est. reading time\" \/>\n\t<meta name=\"twitter:data1\" content=\"2 minutes\" \/>\n<script type=\"application\/ld+json\" class=\"yoast-schema-graph\">{\"@context\":\"https:\\\/\\\/schema.org\",\"@graph\":[{\"@type\":\"WebPage\",\"@id\":\"https:\\\/\\\/www.omnesbands.international\\\/sergi-querol-i-tormo-2\\\/\",\"url\":\"https:\\\/\\\/www.omnesbands.international\\\/sergi-querol-i-tormo-2\\\/\",\"name\":\"SERGI QUEROL I TORMO -\",\"isPartOf\":{\"@id\":\"https:\\\/\\\/www.omnesbands.international\\\/#website\"},\"datePublished\":\"2023-01-29T22:29:15+00:00\",\"dateModified\":\"2023-02-04T00:50:13+00:00\",\"breadcrumb\":{\"@id\":\"https:\\\/\\\/www.omnesbands.international\\\/sergi-querol-i-tormo-2\\\/#breadcrumb\"},\"inLanguage\":\"en-US\",\"potentialAction\":[{\"@type\":\"ReadAction\",\"target\":[\"https:\\\/\\\/www.omnesbands.international\\\/sergi-querol-i-tormo-2\\\/\"]}]},{\"@type\":\"BreadcrumbList\",\"@id\":\"https:\\\/\\\/www.omnesbands.international\\\/sergi-querol-i-tormo-2\\\/#breadcrumb\",\"itemListElement\":[{\"@type\":\"ListItem\",\"position\":1,\"name\":\"Portada\",\"item\":\"https:\\\/\\\/www.omnesbands.international\\\/\"},{\"@type\":\"ListItem\",\"position\":2,\"name\":\"SERGI QUEROL I TORMO\"}]},{\"@type\":\"WebSite\",\"@id\":\"https:\\\/\\\/www.omnesbands.international\\\/#website\",\"url\":\"https:\\\/\\\/www.omnesbands.international\\\/\",\"name\":\"OMNESBANDS International\",\"description\":\"Partituras Originales de autores y compositores independientes\",\"publisher\":{\"@id\":\"https:\\\/\\\/www.omnesbands.international\\\/#organization\"},\"potentialAction\":[{\"@type\":\"SearchAction\",\"target\":{\"@type\":\"EntryPoint\",\"urlTemplate\":\"https:\\\/\\\/www.omnesbands.international\\\/?s={search_term_string}\"},\"query-input\":{\"@type\":\"PropertyValueSpecification\",\"valueRequired\":true,\"valueName\":\"search_term_string\"}}],\"inLanguage\":\"en-US\"},{\"@type\":\"Organization\",\"@id\":\"https:\\\/\\\/www.omnesbands.international\\\/#organization\",\"name\":\"Indra Consultores Internacionales\",\"alternateName\":\"Omnesbands\",\"url\":\"https:\\\/\\\/www.omnesbands.international\\\/\",\"logo\":{\"@type\":\"ImageObject\",\"inLanguage\":\"en-US\",\"@id\":\"https:\\\/\\\/www.omnesbands.international\\\/#\\\/schema\\\/logo\\\/image\\\/\",\"url\":\"https:\\\/\\\/omnesbands.international\\\/wp-content\\\/uploads\\\/2023\\\/06\\\/Logo-Nuevo-.png\",\"contentUrl\":\"https:\\\/\\\/omnesbands.international\\\/wp-content\\\/uploads\\\/2023\\\/06\\\/Logo-Nuevo-.png\",\"width\":394,\"height\":212,\"caption\":\"Indra Consultores Internacionales\"},\"image\":{\"@id\":\"https:\\\/\\\/www.omnesbands.international\\\/#\\\/schema\\\/logo\\\/image\\\/\"}}]}<\/script>\n<!-- \/ Yoast SEO Premium plugin. -->","yoast_head_json":{"title":"SERGI QUEROL I TORMO -","robots":{"index":"index","follow":"follow","max-snippet":"max-snippet:-1","max-image-preview":"max-image-preview:large","max-video-preview":"max-video-preview:-1"},"canonical":"https:\/\/www.omnesbands.international\/en\/sergi-querol-i-tormo-2\/","og_locale":"en_US","og_type":"article","og_title":"SERGI QUEROL I TORMO","og_description":"SERGI QUEROL I TORMO Nace en Albaida (Valencia) el 26 de noviembre de ig7o y se inicia en el mundo de la m\u00fasica impartiendo clases con su prima Esperanza a la edad de 7 a\u00f1os. Sigue su formaci\u00f3n musical en la escuela de la &#8220;Uni\u00f3 Musical d&#8217;Albaida UAranya asistiendo a las clases de los maestros [&hellip;]","og_url":"https:\/\/www.omnesbands.international\/en\/sergi-querol-i-tormo-2\/","article_modified_time":"2023-02-04T00:50:13+00:00","og_image":[{"width":1280,"height":742,"url":"https:\/\/www.omnesbands.international\/wp-content\/uploads\/2023\/01\/music-sheet-music-snowdrop-7107045.jpg","type":"image\/jpeg"}],"twitter_card":"summary_large_image","twitter_misc":{"Est. reading time":"2 minutes"},"schema":{"@context":"https:\/\/schema.org","@graph":[{"@type":"WebPage","@id":"https:\/\/www.omnesbands.international\/sergi-querol-i-tormo-2\/","url":"https:\/\/www.omnesbands.international\/sergi-querol-i-tormo-2\/","name":"SERGI QUEROL I TORMO -","isPartOf":{"@id":"https:\/\/www.omnesbands.international\/#website"},"datePublished":"2023-01-29T22:29:15+00:00","dateModified":"2023-02-04T00:50:13+00:00","breadcrumb":{"@id":"https:\/\/www.omnesbands.international\/sergi-querol-i-tormo-2\/#breadcrumb"},"inLanguage":"en-US","potentialAction":[{"@type":"ReadAction","target":["https:\/\/www.omnesbands.international\/sergi-querol-i-tormo-2\/"]}]},{"@type":"BreadcrumbList","@id":"https:\/\/www.omnesbands.international\/sergi-querol-i-tormo-2\/#breadcrumb","itemListElement":[{"@type":"ListItem","position":1,"name":"Portada","item":"https:\/\/www.omnesbands.international\/"},{"@type":"ListItem","position":2,"name":"SERGI QUEROL I TORMO"}]},{"@type":"WebSite","@id":"https:\/\/www.omnesbands.international\/#website","url":"https:\/\/www.omnesbands.international\/","name":"OMNESBANDS International","description":"Original Sheet Music by independent authors and composers","publisher":{"@id":"https:\/\/www.omnesbands.international\/#organization"},"potentialAction":[{"@type":"SearchAction","target":{"@type":"EntryPoint","urlTemplate":"https:\/\/www.omnesbands.international\/?s={search_term_string}"},"query-input":{"@type":"PropertyValueSpecification","valueRequired":true,"valueName":"search_term_string"}}],"inLanguage":"en-US"},{"@type":"Organization","@id":"https:\/\/www.omnesbands.international\/#organization","name":"Indra International Consultants","alternateName":"Omnesbands","url":"https:\/\/www.omnesbands.international\/","logo":{"@type":"ImageObject","inLanguage":"en-US","@id":"https:\/\/www.omnesbands.international\/#\/schema\/logo\/image\/","url":"https:\/\/omnesbands.international\/wp-content\/uploads\/2023\/06\/Logo-Nuevo-.png","contentUrl":"https:\/\/omnesbands.international\/wp-content\/uploads\/2023\/06\/Logo-Nuevo-.png","width":394,"height":212,"caption":"Indra Consultores Internacionales"},"image":{"@id":"https:\/\/www.omnesbands.international\/#\/schema\/logo\/image\/"}}]}},"uagb_featured_image_src":{"full":false,"thumbnail":false,"medium":false,"medium_large":false,"large":false,"1536x1536":false,"2048x2048":false,"trp-custom-language-flag":false,"gg_gallery_thumbnail":false,"woocommerce_thumbnail":false,"woocommerce_single":false,"woocommerce_gallery_thumbnail":false},"uagb_author_info":{"display_name":"Melvin R. Portillo A:","author_link":"https:\/\/www.omnesbands.international\/en\/author\/portand\/"},"uagb_comment_info":0,"uagb_excerpt":"SERGI QUEROL I TORMO Nace en Albaida (Valencia) el 26 de noviembre de ig7o y se inicia en el mundo de la m\u00fasica impartiendo clases con su prima Esperanza a la edad de 7 a\u00f1os. Sigue su formaci\u00f3n musical en la escuela de la &#8220;Uni\u00f3 Musical d&#8217;Albaida UAranya asistiendo a las clases de los maestros&hellip;","_links":{"self":[{"href":"https:\/\/www.omnesbands.international\/en\/wp-json\/wp\/v2\/pages\/1789","targetHints":{"allow":["GET"]}}],"collection":[{"href":"https:\/\/www.omnesbands.international\/en\/wp-json\/wp\/v2\/pages"}],"about":[{"href":"https:\/\/www.omnesbands.international\/en\/wp-json\/wp\/v2\/types\/page"}],"author":[{"embeddable":true,"href":"https:\/\/www.omnesbands.international\/en\/wp-json\/wp\/v2\/users\/4"}],"replies":[{"embeddable":true,"href":"https:\/\/www.omnesbands.international\/en\/wp-json\/wp\/v2\/comments?post=1789"}],"version-history":[{"count":4,"href":"https:\/\/www.omnesbands.international\/en\/wp-json\/wp\/v2\/pages\/1789\/revisions"}],"predecessor-version":[{"id":1855,"href":"https:\/\/www.omnesbands.international\/en\/wp-json\/wp\/v2\/pages\/1789\/revisions\/1855"}],"wp:attachment":[{"href":"https:\/\/www.omnesbands.international\/en\/wp-json\/wp\/v2\/media?parent=1789"}],"curies":[{"name":"wp","href":"https:\/\/api.w.org\/{rel}","templated":true}]}}