{"id":1802,"date":"2023-01-29T18:11:46","date_gmt":"2023-01-30T00:11:46","guid":{"rendered":"https:\/\/omnesbands.international\/?page_id=1802"},"modified":"2023-01-29T18:11:48","modified_gmt":"2023-01-30T00:11:48","slug":"victor-valles-fornet-2","status":"publish","type":"page","link":"https:\/\/www.omnesbands.international\/en\/victor-valles-fornet-2\/","title":{"rendered":"VICTOR VALLES FORNET"},"content":{"rendered":"<div class=\"wp-block-uagb-container uagb-block-cf31e1bf alignfull uagb-is-root-container\"><div class=\"uagb-container-inner-blocks-wrap\">\n<div class=\"wp-block-uagb-advanced-heading uagb-block-7b0d8b09\"><h1 class=\"uagb-heading-text\"><strong>VICTOR VALLES FORNET<\/strong><\/h1><\/div>\n<\/div><\/div>\n\n\n\n<div class=\"wp-block-uagb-container uagb-block-8a7e71be alignfull uagb-is-root-container\"><div class=\"uagb-container-inner-blocks-wrap\">\n<div class=\"wp-block-uagb-container uagb-block-4a7ed608\">\n<p>V\u00edctor Vall\u00e9s Fornet (1984) was born in Vergel (Alicante). He finished the Intermediate Degree in trumpet and piano at the Professional Conservatories \"Tenor Cortis\" and \"Josep Climent\" in Denia and Oliva respectively. In 2008 he obtained a higher degree in Composition and an Extraordinary Final Degree Award at the \"Joaqu\u00edn Rodrigo\" Conservatory of Music in Valencia, studying with professors such as Ram\u00f3n Ramos, Gregorio Jim\u00e9nez, Enrique Sanz, C\u00e9sar Cano, Emilio Caland\u00edn, Francisco Tamarit... and carrying out a research project (Honours) on the two brass quintets that Enrique Sanz-Burguete has up to now: Gaud\u00ed*um and Bettina versus Goethe. Work published in the form of analysis in the magazine specialized in contemporary music Espacio Sonoro (www.tallersonoro.com\/anterioresES\/25\/index.html). In 2010 he finished the Master of Music in the specialty of \"Contemporary Music\" at the UPV with a research paper on Carmelo A. Bernaola entitled \"Analysis, flexibility and phenomenology in Sound Morphology of Carmelo A. Bernaola\".<\/p>\n<p>He takes analysis and composition courses with Ivan Nonmick, Agust\u00edn Charles, Leonardo Balada, Bishoff\u2026 and conducting with Jos\u00e9 R. Pascual-Vilaplana (for 4 years), Joan Espinosa, Jan Cober, Alex Schillings, Thomas Doos and Eugene Corporon.<\/p>\n<p>His works have been performed at festivals such as \"Synth\u00e8se 2008 de Bourges\" (France), \"IV Conference on Contemporary Music\" (C\u00f3rdoba -Argentina-), \"Cuadraphonic Conference\" University of Quilmes (Buenos Aires -Argentina-), \"Zeppelin 2008 \u201d (Barcelona), \u201cLlocs de Pas 2009 and 2010\u201d (Barcelona), \u201cMeeting Point 2007, 2008, 2010, 2011, 2012, 2013, 2014 and 2016\u201d (Electroacoustic music festival organized by the AMEE -Spanish Association of Electroacoustic Music-) \u201cElectroacoustic Spring in Valencia 2007 and 2008\u201d (Valencia), \u201cSpanish Brass Alzira 2010, 2014, 2015 and 2017\u2033, \u201cBrassurround Torrent Festival 2012 and 2016\u201d, \u201cAvu\u00ed M\u00fasica Season 2012 \u2013 2021\u201d (Barcelona) , \u201cEnsems\u201d 2015, 2020 and 2021 (Valencia)\u2026 premiering works at them, performers of the stature of Josep Fuster (OBC clarinet), Vicent L\u00f3pez (tuba), Amores Grup de Percussi\u00f3, Spanish Brass Luur Metalls, Quintet Cuesta, Art of Brass Valencia, Quintet Verger, QMAV and Municipal Bands of Valencia, Mallorca and Bil bao\u2026 in auditoriums such as the Palau de la M\u00fasica in Valencia, the headquarters of the BBVA Foundation in Madrid, the Aula Magistral of the Palacio de la \u00d3pera Reina Sof\u00eda in Valencia, the Mompou Auditorium in Barcelona, the Euskalduna Palace in Bilbao and the Alfredo Kraus Auditorium in Gran Canaria.<\/p>\n<p>Some of these works are registered both on CD and as sheet music at the publishers Al Puerto, Brotons &amp; Mercadal, B&amp;M Llevant, Omnes Band, Piles, MusicVall and the Spanish Brass (SB) publisher.<\/p>\n<p>He has been awarded in the following composition contests:<\/p>\n<p>\u2013 1st Prize in the XLVIII edition of the Alcoy 2012 Festival Music Composition Contest.<br \/>\u2013 1st Prize in the IV edition of the International Composition Contest for Villa de Muro Band 2012.<br \/>\u2013 1st Prize in the 1st edition of the Villena 2013 Festive Music Composition Contest.<br \/>(Among others)<\/p>\n<\/div>\n<\/div><\/div>\n\n\n<div class=\"woocommerce columns-4\"><ul class=\"products columns-4\">\n<li class=\"desktop-align-left tablet-align-left mobile-align-left ast-product-gallery-layout-horizontal-slider product type-product post-1142 status-publish first instock product_cat-sinfonicas product_tag-victor-valles-fornet has-post-thumbnail downloadable virtual taxable purchasable product-type-simple\">\n\t<a href=\"https:\/\/www.omnesbands.international\/en\/product\/mutacions\/\" class=\"woocommerce-LoopProduct-link woocommerce-loop-product__link\"><img loading=\"lazy\" decoding=\"async\" width=\"300\" height=\"300\" src=\"https:\/\/www.omnesbands.international\/wp-content\/uploads\/2023\/01\/Mutaciones-300x300.jpg\" class=\"attachment-woocommerce_thumbnail size-woocommerce_thumbnail\" alt=\"Mutaciones\" srcset=\"https:\/\/www.omnesbands.international\/wp-content\/uploads\/2023\/01\/Mutaciones-300x300.jpg 300w, https:\/\/www.omnesbands.international\/wp-content\/uploads\/2023\/01\/Mutaciones-150x150.jpg 150w, https:\/\/www.omnesbands.international\/wp-content\/uploads\/2023\/01\/Mutaciones-12x12.jpg 12w, https:\/\/www.omnesbands.international\/wp-content\/uploads\/2023\/01\/Mutaciones-100x100.jpg 100w\" sizes=\"auto, (max-width: 300px) 100vw, 300px\" \/><h2 class=\"woocommerce-loop-product__title\">mutations<\/h2>\n\t<span class=\"price\"><span class=\"woocommerce-Price-amount amount\"><bdi><span class=\"woocommerce-Price-currencySymbol\">&#36;<\/span>40.00<\/bdi><\/span><\/span>\n<\/a><a href=\"\/en\/wp-json\/wp\/v2\/pages\/1802?add-to-cart=1142\" aria-describedby=\"woocommerce_loop_add_to_cart_link_describedby_1142\" data-quantity=\"1\" class=\"button product_type_simple add_to_cart_button ajax_add_to_cart\" data-product_id=\"1142\" data-product_sku=\"MUT-SIN-ESP-22\" aria-label=\"Add to cart: \u201cMutacions\u201d\" rel=\"nofollow\" data-success_message=\"\u201cMutacions\u201d has been added to your cart\" role=\"button\" data-no-translation=\"\" data-trp-gettext=\"\" data-no-translation-aria-label=\"\" data-no-translation-data-success_message=\"\">Add to cart<\/a>\t<span id=\"woocommerce_loop_add_to_cart_link_describedby_1142\" class=\"screen-reader-text\">\n\t\t\t<\/span>\n<\/li>\n<\/ul>\n<\/div>","protected":false},"excerpt":{"rendered":"<p>VICTOR VALL\u00c9S FORNET V\u00edctor Vall\u00e9s Fornet (1984) nace en Vergel (Alicante). Finaliza el Grado Medio de trompeta y piano en los Conservatorios Profesionales \u201cTenor Cortis\u201d y \u201cJosep Climent\u201d de Denia y Oliva respectivamente. En el 2008 obtiene el t\u00edtulo superior de Composici\u00f3n y Premio Extraordinario Final de Carrera en el Conservatorio Superior de M\u00fasica \u201cJoaqu\u00edn [&hellip;]<\/p>\n","protected":false},"author":4,"featured_media":0,"parent":0,"menu_order":0,"comment_status":"closed","ping_status":"closed","template":"","meta":{"_acf_changed":false,"_uag_custom_page_level_css":"","site-sidebar-layout":"default","site-content-layout":"","ast-site-content-layout":"default","site-content-style":"default","site-sidebar-style":"default","ast-global-header-display":"","ast-banner-title-visibility":"","ast-main-header-display":"","ast-hfb-above-header-display":"","ast-hfb-below-header-display":"","ast-hfb-mobile-header-display":"","site-post-title":"disabled","ast-breadcrumbs-content":"","ast-featured-img":"","footer-sml-layout":"","ast-disable-related-posts":"","theme-transparent-header-meta":"","adv-header-id-meta":"","stick-header-meta":"","header-above-stick-meta":"","header-main-stick-meta":"","header-below-stick-meta":"","astra-migrate-meta-layouts":"default","ast-page-background-enabled":"default","ast-page-background-meta":{"desktop":{"background-color":"","background-image":"","background-repeat":"repeat","background-position":"center center","background-size":"auto","background-attachment":"scroll","background-type":"","background-media":"","overlay-type":"","overlay-color":"","overlay-opacity":"","overlay-gradient":""},"tablet":{"background-color":"","background-image":"","background-repeat":"repeat","background-position":"center center","background-size":"auto","background-attachment":"scroll","background-type":"","background-media":"","overlay-type":"","overlay-color":"","overlay-opacity":"","overlay-gradient":""},"mobile":{"background-color":"","background-image":"","background-repeat":"repeat","background-position":"center center","background-size":"auto","background-attachment":"scroll","background-type":"","background-media":"","overlay-type":"","overlay-color":"","overlay-opacity":"","overlay-gradient":""}},"ast-content-background-meta":{"desktop":{"background-color":"var(--ast-global-color-5)","background-image":"","background-repeat":"repeat","background-position":"center center","background-size":"auto","background-attachment":"scroll","background-type":"","background-media":"","overlay-type":"","overlay-color":"","overlay-opacity":"","overlay-gradient":""},"tablet":{"background-color":"var(--ast-global-color-5)","background-image":"","background-repeat":"repeat","background-position":"center center","background-size":"auto","background-attachment":"scroll","background-type":"","background-media":"","overlay-type":"","overlay-color":"","overlay-opacity":"","overlay-gradient":""},"mobile":{"background-color":"var(--ast-global-color-5)","background-image":"","background-repeat":"repeat","background-position":"center center","background-size":"auto","background-attachment":"scroll","background-type":"","background-media":"","overlay-type":"","overlay-color":"","overlay-opacity":"","overlay-gradient":""}},"footnotes":""},"class_list":["post-1802","page","type-page","status-publish","hentry"],"acf":[],"yoast_head":"<!-- This site is optimized with the Yoast SEO Premium plugin v22.4 (Yoast SEO v27.4) - https:\/\/yoast.com\/product\/yoast-seo-premium-wordpress\/ -->\n<title>VICTOR VALL\u00c9S FORNET -<\/title>\n<meta name=\"robots\" content=\"index, follow, max-snippet:-1, max-image-preview:large, max-video-preview:-1\" \/>\n<link rel=\"canonical\" href=\"https:\/\/www.omnesbands.international\/en\/victor-valles-fornet-2\/\" \/>\n<meta property=\"og:locale\" content=\"en_US\" \/>\n<meta property=\"og:type\" content=\"article\" \/>\n<meta property=\"og:title\" content=\"VICTOR VALL\u00c9S FORNET\" \/>\n<meta property=\"og:description\" content=\"VICTOR VALL\u00c9S FORNET V\u00edctor Vall\u00e9s Fornet (1984) nace en Vergel (Alicante). Finaliza el Grado Medio de trompeta y piano en los Conservatorios Profesionales \u201cTenor Cortis\u201d y \u201cJosep Climent\u201d de Denia y Oliva respectivamente. En el 2008 obtiene el t\u00edtulo superior de Composici\u00f3n y Premio Extraordinario Final de Carrera en el Conservatorio Superior de M\u00fasica \u201cJoaqu\u00edn [&hellip;]\" \/>\n<meta property=\"og:url\" content=\"https:\/\/www.omnesbands.international\/en\/victor-valles-fornet-2\/\" \/>\n<meta property=\"article:modified_time\" content=\"2023-01-30T00:11:48+00:00\" \/>\n<meta property=\"og:image\" content=\"https:\/\/www.omnesbands.international\/wp-content\/uploads\/2023\/01\/music-sheet-music-snowdrop-7107045.jpg\" \/>\n\t<meta property=\"og:image:width\" content=\"1280\" \/>\n\t<meta property=\"og:image:height\" content=\"742\" \/>\n\t<meta property=\"og:image:type\" content=\"image\/jpeg\" \/>\n<meta name=\"twitter:card\" content=\"summary_large_image\" \/>\n<meta name=\"twitter:label1\" content=\"Est. reading time\" \/>\n\t<meta name=\"twitter:data1\" content=\"3 minutes\" \/>\n<script type=\"application\/ld+json\" class=\"yoast-schema-graph\">{\"@context\":\"https:\\\/\\\/schema.org\",\"@graph\":[{\"@type\":\"WebPage\",\"@id\":\"https:\\\/\\\/www.omnesbands.international\\\/victor-valles-fornet-2\\\/\",\"url\":\"https:\\\/\\\/www.omnesbands.international\\\/victor-valles-fornet-2\\\/\",\"name\":\"VICTOR VALL\u00c9S FORNET -\",\"isPartOf\":{\"@id\":\"https:\\\/\\\/www.omnesbands.international\\\/#website\"},\"datePublished\":\"2023-01-30T00:11:46+00:00\",\"dateModified\":\"2023-01-30T00:11:48+00:00\",\"breadcrumb\":{\"@id\":\"https:\\\/\\\/www.omnesbands.international\\\/victor-valles-fornet-2\\\/#breadcrumb\"},\"inLanguage\":\"en-US\",\"potentialAction\":[{\"@type\":\"ReadAction\",\"target\":[\"https:\\\/\\\/www.omnesbands.international\\\/victor-valles-fornet-2\\\/\"]}]},{\"@type\":\"BreadcrumbList\",\"@id\":\"https:\\\/\\\/www.omnesbands.international\\\/victor-valles-fornet-2\\\/#breadcrumb\",\"itemListElement\":[{\"@type\":\"ListItem\",\"position\":1,\"name\":\"Portada\",\"item\":\"https:\\\/\\\/www.omnesbands.international\\\/\"},{\"@type\":\"ListItem\",\"position\":2,\"name\":\"VICTOR VALL\u00c9S FORNET\"}]},{\"@type\":\"WebSite\",\"@id\":\"https:\\\/\\\/www.omnesbands.international\\\/#website\",\"url\":\"https:\\\/\\\/www.omnesbands.international\\\/\",\"name\":\"OMNESBANDS International\",\"description\":\"Partituras Originales de autores y compositores independientes\",\"publisher\":{\"@id\":\"https:\\\/\\\/www.omnesbands.international\\\/#organization\"},\"potentialAction\":[{\"@type\":\"SearchAction\",\"target\":{\"@type\":\"EntryPoint\",\"urlTemplate\":\"https:\\\/\\\/www.omnesbands.international\\\/?s={search_term_string}\"},\"query-input\":{\"@type\":\"PropertyValueSpecification\",\"valueRequired\":true,\"valueName\":\"search_term_string\"}}],\"inLanguage\":\"en-US\"},{\"@type\":\"Organization\",\"@id\":\"https:\\\/\\\/www.omnesbands.international\\\/#organization\",\"name\":\"Indra Consultores Internacionales\",\"alternateName\":\"Omnesbands\",\"url\":\"https:\\\/\\\/www.omnesbands.international\\\/\",\"logo\":{\"@type\":\"ImageObject\",\"inLanguage\":\"en-US\",\"@id\":\"https:\\\/\\\/www.omnesbands.international\\\/#\\\/schema\\\/logo\\\/image\\\/\",\"url\":\"https:\\\/\\\/omnesbands.international\\\/wp-content\\\/uploads\\\/2023\\\/06\\\/Logo-Nuevo-.png\",\"contentUrl\":\"https:\\\/\\\/omnesbands.international\\\/wp-content\\\/uploads\\\/2023\\\/06\\\/Logo-Nuevo-.png\",\"width\":394,\"height\":212,\"caption\":\"Indra Consultores Internacionales\"},\"image\":{\"@id\":\"https:\\\/\\\/www.omnesbands.international\\\/#\\\/schema\\\/logo\\\/image\\\/\"}}]}<\/script>\n<!-- \/ Yoast SEO Premium plugin. -->","yoast_head_json":{"title":"VICTOR VALL\u00c9S FORNET -","robots":{"index":"index","follow":"follow","max-snippet":"max-snippet:-1","max-image-preview":"max-image-preview:large","max-video-preview":"max-video-preview:-1"},"canonical":"https:\/\/www.omnesbands.international\/en\/victor-valles-fornet-2\/","og_locale":"en_US","og_type":"article","og_title":"VICTOR VALL\u00c9S FORNET","og_description":"VICTOR VALL\u00c9S FORNET V\u00edctor Vall\u00e9s Fornet (1984) nace en Vergel (Alicante). Finaliza el Grado Medio de trompeta y piano en los Conservatorios Profesionales \u201cTenor Cortis\u201d y \u201cJosep Climent\u201d de Denia y Oliva respectivamente. En el 2008 obtiene el t\u00edtulo superior de Composici\u00f3n y Premio Extraordinario Final de Carrera en el Conservatorio Superior de M\u00fasica \u201cJoaqu\u00edn [&hellip;]","og_url":"https:\/\/www.omnesbands.international\/en\/victor-valles-fornet-2\/","article_modified_time":"2023-01-30T00:11:48+00:00","og_image":[{"width":1280,"height":742,"url":"https:\/\/www.omnesbands.international\/wp-content\/uploads\/2023\/01\/music-sheet-music-snowdrop-7107045.jpg","type":"image\/jpeg"}],"twitter_card":"summary_large_image","twitter_misc":{"Est. reading time":"3 minutes"},"schema":{"@context":"https:\/\/schema.org","@graph":[{"@type":"WebPage","@id":"https:\/\/www.omnesbands.international\/victor-valles-fornet-2\/","url":"https:\/\/www.omnesbands.international\/victor-valles-fornet-2\/","name":"VICTOR VALL\u00c9S FORNET -","isPartOf":{"@id":"https:\/\/www.omnesbands.international\/#website"},"datePublished":"2023-01-30T00:11:46+00:00","dateModified":"2023-01-30T00:11:48+00:00","breadcrumb":{"@id":"https:\/\/www.omnesbands.international\/victor-valles-fornet-2\/#breadcrumb"},"inLanguage":"en-US","potentialAction":[{"@type":"ReadAction","target":["https:\/\/www.omnesbands.international\/victor-valles-fornet-2\/"]}]},{"@type":"BreadcrumbList","@id":"https:\/\/www.omnesbands.international\/victor-valles-fornet-2\/#breadcrumb","itemListElement":[{"@type":"ListItem","position":1,"name":"Portada","item":"https:\/\/www.omnesbands.international\/"},{"@type":"ListItem","position":2,"name":"VICTOR VALL\u00c9S FORNET"}]},{"@type":"WebSite","@id":"https:\/\/www.omnesbands.international\/#website","url":"https:\/\/www.omnesbands.international\/","name":"OMNESBANDS International","description":"Original Sheet Music by independent authors and composers","publisher":{"@id":"https:\/\/www.omnesbands.international\/#organization"},"potentialAction":[{"@type":"SearchAction","target":{"@type":"EntryPoint","urlTemplate":"https:\/\/www.omnesbands.international\/?s={search_term_string}"},"query-input":{"@type":"PropertyValueSpecification","valueRequired":true,"valueName":"search_term_string"}}],"inLanguage":"en-US"},{"@type":"Organization","@id":"https:\/\/www.omnesbands.international\/#organization","name":"Indra International Consultants","alternateName":"Omnesbands","url":"https:\/\/www.omnesbands.international\/","logo":{"@type":"ImageObject","inLanguage":"en-US","@id":"https:\/\/www.omnesbands.international\/#\/schema\/logo\/image\/","url":"https:\/\/omnesbands.international\/wp-content\/uploads\/2023\/06\/Logo-Nuevo-.png","contentUrl":"https:\/\/omnesbands.international\/wp-content\/uploads\/2023\/06\/Logo-Nuevo-.png","width":394,"height":212,"caption":"Indra Consultores Internacionales"},"image":{"@id":"https:\/\/www.omnesbands.international\/#\/schema\/logo\/image\/"}}]}},"uagb_featured_image_src":{"full":false,"thumbnail":false,"medium":false,"medium_large":false,"large":false,"1536x1536":false,"2048x2048":false,"trp-custom-language-flag":false,"gg_gallery_thumbnail":false,"woocommerce_thumbnail":false,"woocommerce_single":false,"woocommerce_gallery_thumbnail":false},"uagb_author_info":{"display_name":"Melvin R. Portillo A:","author_link":"https:\/\/www.omnesbands.international\/en\/author\/portand\/"},"uagb_comment_info":0,"uagb_excerpt":"VICTOR VALL\u00c9S FORNET V\u00edctor Vall\u00e9s Fornet (1984) nace en Vergel (Alicante). Finaliza el Grado Medio de trompeta y piano en los Conservatorios Profesionales \u201cTenor Cortis\u201d y \u201cJosep Climent\u201d de Denia y Oliva respectivamente. En el 2008 obtiene el t\u00edtulo superior de Composici\u00f3n y Premio Extraordinario Final de Carrera en el Conservatorio Superior de M\u00fasica \u201cJoaqu\u00edn&hellip;","_links":{"self":[{"href":"https:\/\/www.omnesbands.international\/en\/wp-json\/wp\/v2\/pages\/1802","targetHints":{"allow":["GET"]}}],"collection":[{"href":"https:\/\/www.omnesbands.international\/en\/wp-json\/wp\/v2\/pages"}],"about":[{"href":"https:\/\/www.omnesbands.international\/en\/wp-json\/wp\/v2\/types\/page"}],"author":[{"embeddable":true,"href":"https:\/\/www.omnesbands.international\/en\/wp-json\/wp\/v2\/users\/4"}],"replies":[{"embeddable":true,"href":"https:\/\/www.omnesbands.international\/en\/wp-json\/wp\/v2\/comments?post=1802"}],"version-history":[{"count":1,"href":"https:\/\/www.omnesbands.international\/en\/wp-json\/wp\/v2\/pages\/1802\/revisions"}],"predecessor-version":[{"id":1803,"href":"https:\/\/www.omnesbands.international\/en\/wp-json\/wp\/v2\/pages\/1802\/revisions\/1803"}],"wp:attachment":[{"href":"https:\/\/www.omnesbands.international\/en\/wp-json\/wp\/v2\/media?parent=1802"}],"curies":[{"name":"wp","href":"https:\/\/api.w.org\/{rel}","templated":true}]}}