{"id":1176,"date":"2023-01-24T23:24:35","date_gmt":"2023-01-25T05:24:35","guid":{"rendered":"https:\/\/omnesbands.international\/?post_type=product&#038;p=1176"},"modified":"2023-11-13T18:44:33","modified_gmt":"2023-11-14T00:44:33","slug":"dux-ioaxim","status":"publish","type":"product","link":"https:\/\/www.omnesbands.international\/en\/product\/dux-ioaxim\/","title":{"rendered":"Doge Ioaxim"},"content":{"rendered":"<p>Dedicated to Joaqu\u00edn Cerd\u00e1, Captain Cristiano in 1995 by the \u201cFil\u00e0 Melers\u201d of L&#039;Olleria (Valencia). Work of the author Oscar Vidal Belda, He has been principal conductor of different band formations and has directed as guest conductor many other symphonic bands in Spain. He has conducted the Barcelona Municipal Band within the Barcelona LEM festival, premiering works by contemporary composers such as Agust\u00ed Mart\u00ednez, Jane Rigler, Lloren\u00e7 Barber, Xavier Maristany or Miguel Mar\u00edn among others. He has premiered works by contemporary composers at the \u201cC\u00edrculo de Bellas Artes\u201d within the experimental music festival \u201cEscena Contempor\u00e1nea\u201d, at the ENSEMS in Valencia and at the National Music Auditorium in Madrid.<br \/>\nHis works have been performed by different Spanish bands, receiving commissions such as the work \u201cLocus Solus\u201d for the Barcelona Municipal Band or \u201cI don&#039;t understand this music\u201d dedicated to the Spanish trumpeter Jos\u00e9 Ch\u00e1fer.<\/p>","protected":false},"excerpt":{"rendered":"<p>Dedicated to Joaqu\u00edn Cerd\u00e1, Captain Cristiano in 1995 by the \u201cFil\u00e0 Melers\u201d of L&#039;Olleria (Valencia). Work of the author Oscar Vidal Belda, He has been principal conductor of different band formations and has directed as guest conductor many other symphonic bands in Spain. He has conducted the Barcelona Municipal Band within the Barcelona LEM festival, premiering works by contemporary composers such as Agust\u00ed Mart\u00ednez, Jane Rigler, Lloren\u00e7 Barber, Xavier Maristany or Miguel Mar\u00edn among others. He has premiered works by contemporary composers at the \u201cC\u00edrculo de Bellas Artes\u201d within the experimental music festival \u201cEscena Contempor\u00e1nea\u201d, at the ENSEMS in Valencia and at the National Music Auditorium in Madrid.<br \/>\nHis works have been performed by different Spanish bands, receiving commissions such as the work \u201cLocus Solus\u201d for the Barcelona Municipal Band or \u201cI don&#039;t understand this music\u201d dedicated to the Spanish trumpeter Jos\u00e9 Ch\u00e1fer.<\/p>","protected":false},"featured_media":2749,"comment_status":"open","ping_status":"closed","template":"","meta":{"_acf_changed":false,"_uag_custom_page_level_css":"","site-sidebar-layout":"default","site-content-layout":"default","ast-site-content-layout":"default","site-content-style":"default","site-sidebar-style":"default","ast-global-header-display":"","ast-banner-title-visibility":"","ast-main-header-display":"","ast-hfb-above-header-display":"","ast-hfb-below-header-display":"","ast-hfb-mobile-header-display":"","site-post-title":"","ast-breadcrumbs-content":"","ast-featured-img":"","footer-sml-layout":"","ast-disable-related-posts":"","theme-transparent-header-meta":"default","adv-header-id-meta":"","stick-header-meta":"default","header-above-stick-meta":"","header-main-stick-meta":"","header-below-stick-meta":"","astra-migrate-meta-layouts":"set","ast-page-background-enabled":"default","ast-page-background-meta":{"desktop":{"background-color":"","background-image":"","background-repeat":"repeat","background-position":"center center","background-size":"auto","background-attachment":"scroll","background-type":"","background-media":"","overlay-type":"","overlay-color":"","overlay-opacity":"","overlay-gradient":""},"tablet":{"background-color":"","background-image":"","background-repeat":"repeat","background-position":"center center","background-size":"auto","background-attachment":"scroll","background-type":"","background-media":"","overlay-type":"","overlay-color":"","overlay-opacity":"","overlay-gradient":""},"mobile":{"background-color":"","background-image":"","background-repeat":"repeat","background-position":"center center","background-size":"auto","background-attachment":"scroll","background-type":"","background-media":"","overlay-type":"","overlay-color":"","overlay-opacity":"","overlay-gradient":""}},"ast-content-background-meta":{"desktop":{"background-color":"var(--ast-global-color-5)","background-image":"","background-repeat":"repeat","background-position":"center center","background-size":"auto","background-attachment":"scroll","background-type":"","background-media":"","overlay-type":"","overlay-color":"","overlay-opacity":"","overlay-gradient":""},"tablet":{"background-color":"var(--ast-global-color-5)","background-image":"","background-repeat":"repeat","background-position":"center center","background-size":"auto","background-attachment":"scroll","background-type":"","background-media":"","overlay-type":"","overlay-color":"","overlay-opacity":"","overlay-gradient":""},"mobile":{"background-color":"var(--ast-global-color-5)","background-image":"","background-repeat":"repeat","background-position":"center center","background-size":"auto","background-attachment":"scroll","background-type":"","background-media":"","overlay-type":"","overlay-color":"","overlay-opacity":"","overlay-gradient":""}}},"product_brand":[],"product_cat":[28],"product_tag":[68],"class_list":{"0":"post-1176","1":"product","2":"type-product","3":"status-publish","4":"has-post-thumbnail","6":"product_cat-musica-de-calle","7":"product_tag-oscar-vidal-belda","8":"desktop-align-left","9":"tablet-align-left","10":"mobile-align-left","11":"ast-product-gallery-layout-horizontal-slider","13":"first","14":"instock","15":"downloadable","16":"virtual","17":"taxable","18":"purchasable","19":"product-type-simple"},"acf":[],"yoast_head":"<!-- This site is optimized with the Yoast SEO Premium plugin v22.4 (Yoast SEO v27.4) - https:\/\/yoast.com\/product\/yoast-seo-premium-wordpress\/ -->\n<title>Dux Ioaxim -<\/title>\n<meta name=\"description\" content=\"Partituras de m\u00fasica de calle para Orquestas y bandas. M\u00fasica escrita.\" \/>\n<meta name=\"robots\" content=\"index, follow, max-snippet:-1, max-image-preview:large, max-video-preview:-1\" \/>\n<link rel=\"canonical\" href=\"https:\/\/www.omnesbands.international\/en\/product\/dux-ioaxim\/\" \/>\n<meta property=\"og:locale\" content=\"en_US\" \/>\n<meta property=\"og:type\" content=\"article\" \/>\n<meta property=\"og:title\" content=\"Dux Ioaxim\" \/>\n<meta property=\"og:description\" content=\"Partituras de m\u00fasica de calle para Orquestas y bandas. M\u00fasica escrita.\" \/>\n<meta property=\"og:url\" content=\"https:\/\/www.omnesbands.international\/en\/product\/dux-ioaxim\/\" \/>\n<meta property=\"article:modified_time\" content=\"2023-11-14T00:44:33+00:00\" \/>\n<meta property=\"og:image\" content=\"https:\/\/www.omnesbands.international\/wp-content\/uploads\/2023\/01\/Dux-Ioaxim-1.jpg\" \/>\n\t<meta property=\"og:image:width\" content=\"776\" \/>\n\t<meta property=\"og:image:height\" content=\"796\" \/>\n\t<meta property=\"og:image:type\" content=\"image\/jpeg\" \/>\n<meta name=\"twitter:card\" content=\"summary_large_image\" \/>\n<meta name=\"twitter:label1\" content=\"Price\" \/>\n\t<meta name=\"twitter:data1\" content=\"&#036;25.00\" \/>\n\t<meta name=\"twitter:label2\" content=\"Availability\" \/>\n\t<meta name=\"twitter:data2\" content=\"In stock\" \/>\n<script type=\"application\/ld+json\" class=\"yoast-schema-graph\">{\"@context\":\"https:\\\/\\\/schema.org\",\"@graph\":[{\"@type\":\"WebPage\",\"@id\":\"https:\\\/\\\/www.omnesbands.international\\\/producto\\\/dux-ioaxim\\\/\",\"url\":\"https:\\\/\\\/www.omnesbands.international\\\/producto\\\/dux-ioaxim\\\/\",\"name\":\"Dux Ioaxim -\",\"isPartOf\":{\"@id\":\"https:\\\/\\\/www.omnesbands.international\\\/#website\"},\"primaryImageOfPage\":{\"@id\":\"https:\\\/\\\/www.omnesbands.international\\\/producto\\\/dux-ioaxim\\\/#primaryimage\"},\"image\":{\"@id\":\"https:\\\/\\\/www.omnesbands.international\\\/producto\\\/dux-ioaxim\\\/#primaryimage\"},\"thumbnailUrl\":\"https:\\\/\\\/www.omnesbands.international\\\/wp-content\\\/uploads\\\/2023\\\/01\\\/Dux-Ioaxim-1.jpg\",\"datePublished\":\"2023-01-25T05:24:35+00:00\",\"dateModified\":\"2023-11-14T00:44:33+00:00\",\"description\":\"Partituras de m\u00fasica de calle para Orquestas y bandas. M\u00fasica escrita.\",\"breadcrumb\":{\"@id\":\"https:\\\/\\\/www.omnesbands.international\\\/producto\\\/dux-ioaxim\\\/#breadcrumb\"},\"inLanguage\":\"en-US\",\"potentialAction\":[{\"@type\":\"ReadAction\",\"target\":[\"https:\\\/\\\/www.omnesbands.international\\\/producto\\\/dux-ioaxim\\\/\"]}]},{\"@type\":\"ImageObject\",\"inLanguage\":\"en-US\",\"@id\":\"https:\\\/\\\/www.omnesbands.international\\\/producto\\\/dux-ioaxim\\\/#primaryimage\",\"url\":\"https:\\\/\\\/www.omnesbands.international\\\/wp-content\\\/uploads\\\/2023\\\/01\\\/Dux-Ioaxim-1.jpg\",\"contentUrl\":\"https:\\\/\\\/www.omnesbands.international\\\/wp-content\\\/uploads\\\/2023\\\/01\\\/Dux-Ioaxim-1.jpg\",\"width\":776,\"height\":796,\"caption\":\"Dux Ioaxim\"},{\"@type\":\"BreadcrumbList\",\"@id\":\"https:\\\/\\\/www.omnesbands.international\\\/producto\\\/dux-ioaxim\\\/#breadcrumb\",\"itemListElement\":[{\"@type\":\"ListItem\",\"position\":1,\"name\":\"Portada\",\"item\":\"https:\\\/\\\/www.omnesbands.international\\\/\"},{\"@type\":\"ListItem\",\"position\":2,\"name\":\"Tienda\",\"item\":\"https:\\\/\\\/www.omnesbands.international\\\/en\\\/shop\\\/\"},{\"@type\":\"ListItem\",\"position\":3,\"name\":\"Dux Ioaxim\"}]},{\"@type\":\"WebSite\",\"@id\":\"https:\\\/\\\/www.omnesbands.international\\\/#website\",\"url\":\"https:\\\/\\\/www.omnesbands.international\\\/\",\"name\":\"OMNESBANDS International\",\"description\":\"Partituras Originales de autores y compositores independientes\",\"publisher\":{\"@id\":\"https:\\\/\\\/www.omnesbands.international\\\/#organization\"},\"potentialAction\":[{\"@type\":\"SearchAction\",\"target\":{\"@type\":\"EntryPoint\",\"urlTemplate\":\"https:\\\/\\\/www.omnesbands.international\\\/?s={search_term_string}\"},\"query-input\":{\"@type\":\"PropertyValueSpecification\",\"valueRequired\":true,\"valueName\":\"search_term_string\"}}],\"inLanguage\":\"en-US\"},{\"@type\":\"Organization\",\"@id\":\"https:\\\/\\\/www.omnesbands.international\\\/#organization\",\"name\":\"Indra Consultores Internacionales\",\"alternateName\":\"Omnesbands\",\"url\":\"https:\\\/\\\/www.omnesbands.international\\\/\",\"logo\":{\"@type\":\"ImageObject\",\"inLanguage\":\"en-US\",\"@id\":\"https:\\\/\\\/www.omnesbands.international\\\/#\\\/schema\\\/logo\\\/image\\\/\",\"url\":\"https:\\\/\\\/omnesbands.international\\\/wp-content\\\/uploads\\\/2023\\\/06\\\/Logo-Nuevo-.png\",\"contentUrl\":\"https:\\\/\\\/omnesbands.international\\\/wp-content\\\/uploads\\\/2023\\\/06\\\/Logo-Nuevo-.png\",\"width\":394,\"height\":212,\"caption\":\"Indra Consultores Internacionales\"},\"image\":{\"@id\":\"https:\\\/\\\/www.omnesbands.international\\\/#\\\/schema\\\/logo\\\/image\\\/\"}}]}<\/script>\n<meta property=\"product:price:amount\" content=\"25.00\" \/>\n<meta property=\"product:price:currency\" content=\"USD\" \/>\n<meta property=\"og:availability\" content=\"instock\" \/>\n<meta property=\"product:availability\" content=\"instock\" \/>\n<meta property=\"product:retailer_item_id\" content=\"DUX-CAL-ESP-22\" \/>\n<meta property=\"product:condition\" content=\"new\" \/>\n<!-- \/ Yoast SEO Premium plugin. -->","yoast_head_json":{"title":"Dux Ioaxim -","description":"Partituras de m\u00fasica de calle para Orquestas y bandas. M\u00fasica escrita.","robots":{"index":"index","follow":"follow","max-snippet":"max-snippet:-1","max-image-preview":"max-image-preview:large","max-video-preview":"max-video-preview:-1"},"canonical":"https:\/\/www.omnesbands.international\/en\/product\/dux-ioaxim\/","og_locale":"en_US","og_type":"article","og_title":"Dux Ioaxim","og_description":"Partituras de m\u00fasica de calle para Orquestas y bandas. M\u00fasica escrita.","og_url":"https:\/\/www.omnesbands.international\/en\/product\/dux-ioaxim\/","article_modified_time":"2023-11-14T00:44:33+00:00","og_image":[{"width":776,"height":796,"url":"https:\/\/www.omnesbands.international\/wp-content\/uploads\/2023\/01\/Dux-Ioaxim-1.jpg","type":"image\/jpeg"}],"twitter_card":"summary_large_image","twitter_misc":{"Price":"&#36;25.00","Availability":"In stock"},"schema":{"@context":"https:\/\/schema.org","@graph":[{"@type":"WebPage","@id":"https:\/\/www.omnesbands.international\/producto\/dux-ioaxim\/","url":"https:\/\/www.omnesbands.international\/producto\/dux-ioaxim\/","name":"Dux Ioaxim -","isPartOf":{"@id":"https:\/\/www.omnesbands.international\/#website"},"primaryImageOfPage":{"@id":"https:\/\/www.omnesbands.international\/producto\/dux-ioaxim\/#primaryimage"},"image":{"@id":"https:\/\/www.omnesbands.international\/producto\/dux-ioaxim\/#primaryimage"},"thumbnailUrl":"https:\/\/www.omnesbands.international\/wp-content\/uploads\/2023\/01\/Dux-Ioaxim-1.jpg","datePublished":"2023-01-25T05:24:35+00:00","dateModified":"2023-11-14T00:44:33+00:00","description":"Partituras de m\u00fasica de calle para Orquestas y bandas. M\u00fasica escrita.","breadcrumb":{"@id":"https:\/\/www.omnesbands.international\/producto\/dux-ioaxim\/#breadcrumb"},"inLanguage":"en-US","potentialAction":[{"@type":"ReadAction","target":["https:\/\/www.omnesbands.international\/producto\/dux-ioaxim\/"]}]},{"@type":"ImageObject","inLanguage":"en-US","@id":"https:\/\/www.omnesbands.international\/producto\/dux-ioaxim\/#primaryimage","url":"https:\/\/www.omnesbands.international\/wp-content\/uploads\/2023\/01\/Dux-Ioaxim-1.jpg","contentUrl":"https:\/\/www.omnesbands.international\/wp-content\/uploads\/2023\/01\/Dux-Ioaxim-1.jpg","width":776,"height":796,"caption":"Dux Ioaxim"},{"@type":"BreadcrumbList","@id":"https:\/\/www.omnesbands.international\/producto\/dux-ioaxim\/#breadcrumb","itemListElement":[{"@type":"ListItem","position":1,"name":"Portada","item":"https:\/\/www.omnesbands.international\/"},{"@type":"ListItem","position":2,"name":"Tienda","item":"https:\/\/www.omnesbands.international\/en\/shop\/"},{"@type":"ListItem","position":3,"name":"Dux Ioaxim"}]},{"@type":"WebSite","@id":"https:\/\/www.omnesbands.international\/#website","url":"https:\/\/www.omnesbands.international\/","name":"OMNESBANDS International","description":"Original Sheet Music by independent authors and composers","publisher":{"@id":"https:\/\/www.omnesbands.international\/#organization"},"potentialAction":[{"@type":"SearchAction","target":{"@type":"EntryPoint","urlTemplate":"https:\/\/www.omnesbands.international\/?s={search_term_string}"},"query-input":{"@type":"PropertyValueSpecification","valueRequired":true,"valueName":"search_term_string"}}],"inLanguage":"en-US"},{"@type":"Organization","@id":"https:\/\/www.omnesbands.international\/#organization","name":"Indra International Consultants","alternateName":"Omnesbands","url":"https:\/\/www.omnesbands.international\/","logo":{"@type":"ImageObject","inLanguage":"en-US","@id":"https:\/\/www.omnesbands.international\/#\/schema\/logo\/image\/","url":"https:\/\/omnesbands.international\/wp-content\/uploads\/2023\/06\/Logo-Nuevo-.png","contentUrl":"https:\/\/omnesbands.international\/wp-content\/uploads\/2023\/06\/Logo-Nuevo-.png","width":394,"height":212,"caption":"Indra Consultores Internacionales"},"image":{"@id":"https:\/\/www.omnesbands.international\/#\/schema\/logo\/image\/"}}]},"product_price_amount":"25.00","product_price_currency":"USD","og_availability":"instock","product_availability":"instock","product_retailer_item_id":"DUX-CAL-ESP-22","product_condition":"new"},"uagb_featured_image_src":{"full":["https:\/\/www.omnesbands.international\/wp-content\/uploads\/2023\/01\/Dux-Ioaxim-1.jpg",776,796,false],"thumbnail":["https:\/\/www.omnesbands.international\/wp-content\/uploads\/2023\/01\/Dux-Ioaxim-1-150x150.jpg",150,150,true],"medium":["https:\/\/www.omnesbands.international\/wp-content\/uploads\/2023\/01\/Dux-Ioaxim-1-292x300.jpg",292,300,true],"medium_large":["https:\/\/www.omnesbands.international\/wp-content\/uploads\/2023\/01\/Dux-Ioaxim-1-768x788.jpg",768,788,true],"large":["https:\/\/www.omnesbands.international\/wp-content\/uploads\/2023\/01\/Dux-Ioaxim-1.jpg",776,796,false],"1536x1536":["https:\/\/www.omnesbands.international\/wp-content\/uploads\/2023\/01\/Dux-Ioaxim-1.jpg",776,796,false],"2048x2048":["https:\/\/www.omnesbands.international\/wp-content\/uploads\/2023\/01\/Dux-Ioaxim-1.jpg",776,796,false],"trp-custom-language-flag":["https:\/\/www.omnesbands.international\/wp-content\/uploads\/2023\/01\/Dux-Ioaxim-1-12x12.jpg",12,12,true],"gg_gallery_thumbnail":["https:\/\/www.omnesbands.international\/wp-content\/uploads\/2023\/01\/Dux-Ioaxim-1-450x250.jpg",450,250,true],"woocommerce_thumbnail":["https:\/\/www.omnesbands.international\/wp-content\/uploads\/2023\/01\/Dux-Ioaxim-1-300x300.jpg",300,300,true],"woocommerce_single":["https:\/\/www.omnesbands.international\/wp-content\/uploads\/2023\/01\/Dux-Ioaxim-1-600x615.jpg",600,615,true],"woocommerce_gallery_thumbnail":["https:\/\/www.omnesbands.international\/wp-content\/uploads\/2023\/01\/Dux-Ioaxim-1-100x100.jpg",100,100,true]},"uagb_author_info":{"display_name":"Melvin R. Portillo A:","author_link":"https:\/\/www.omnesbands.international\/en\/author\/"},"uagb_comment_info":0,"uagb_excerpt":"Dedicada a Joaqu\u00edn Cerd\u00e1, Capit\u00e1n Cristiano en 1995 por la \u201cFil\u00e0 Melers\u201d de L\u2019Olleria (Valencia). Obra del autor Oscar Vidal Belda, Ha sido director titular de diferentes formaciones band\u00edsticas y ha dirigido en calidad de director invitado otras muchas bandas sinf\u00f3nicas de la geograf\u00eda espa\u00f1ola. Ha dirigido a la Banda Municipal de Barcelona dentro del&hellip;","_links":{"self":[{"href":"https:\/\/www.omnesbands.international\/en\/wp-json\/wp\/v2\/product\/1176","targetHints":{"allow":["GET"]}}],"collection":[{"href":"https:\/\/www.omnesbands.international\/en\/wp-json\/wp\/v2\/product"}],"about":[{"href":"https:\/\/www.omnesbands.international\/en\/wp-json\/wp\/v2\/types\/product"}],"replies":[{"embeddable":true,"href":"https:\/\/www.omnesbands.international\/en\/wp-json\/wp\/v2\/comments?post=1176"}],"wp:featuredmedia":[{"embeddable":true,"href":"https:\/\/www.omnesbands.international\/en\/wp-json\/wp\/v2\/media\/2749"}],"wp:attachment":[{"href":"https:\/\/www.omnesbands.international\/en\/wp-json\/wp\/v2\/media?parent=1176"}],"wp:term":[{"taxonomy":"product_brand","embeddable":true,"href":"https:\/\/www.omnesbands.international\/en\/wp-json\/wp\/v2\/product_brand?post=1176"},{"taxonomy":"product_cat","embeddable":true,"href":"https:\/\/www.omnesbands.international\/en\/wp-json\/wp\/v2\/product_cat?post=1176"},{"taxonomy":"product_tag","embeddable":true,"href":"https:\/\/www.omnesbands.international\/en\/wp-json\/wp\/v2\/product_tag?post=1176"}],"curies":[{"name":"wp","href":"https:\/\/api.w.org\/{rel}","templated":true}]}}