{"id":1308,"date":"2023-01-25T10:16:12","date_gmt":"2023-01-25T16:16:12","guid":{"rendered":"https:\/\/omnesbands.international\/?post_type=product&#038;p=1308"},"modified":"2023-11-13T22:44:37","modified_gmt":"2023-11-14T04:44:37","slug":"el-estudiante-boticario","status":"publish","type":"product","link":"https:\/\/www.omnesbands.international\/en\/product\/el-estudiante-boticario\/","title":{"rendered":"The Apothecary Student"},"content":{"rendered":"<p>Pasodoble by composer Norman Milan\u00e9s Moreno. Founder of the \u201cLittle Symphony Orchestra of Havana\u201d and the \u201cErnesto Lecuona\u201d Lyric Group. He has been director of the National Concert Band. He has directed in countries such as Costa Rica, Nicaragua, Algeria, Germany, Poland, Bulgaria, Russia and Spain. He has also performed concerts with the Bogot\u00e1 and Medell\u00edn Symphony Orchestra, in Colombia. In Cuba he has directed the Cuban, Matanzas, Santa Clara, Camaguey and Oriente Symphony Orchestras. He has organized courses in Orchestral and Band Conducting, as well as Harmony and Composition. Professor at the National School of Art, Principal Director of the Lyrical Comedy \u201cGonzalo Roig\u201d of the Gran Teatro de La Habana and of the Cuban Radio and Television Symphony Orchestra. An outstanding connoisseur of Cuban stage music, he directed the \u201cCompa\u00f1\u00eda Cubana de Operettas\u201d.<\/p>","protected":false},"excerpt":{"rendered":"<p>Pasodoble by composer Norman Milan\u00e9s Moreno. Founder of the \u201cLittle Symphony Orchestra of Havana\u201d and the \u201cErnesto Lecuona\u201d Lyric Group. He has been director of the National Concert Band.<\/p>\n<p>He has directed in countries such as Costa Rica, Nicaragua, Algeria, Germany, Poland, Bulgaria, Russia and Spain. He has also performed concerts with the Bogot\u00e1 and Medell\u00edn Symphony Orchestra, in Colombia. In Cuba he has directed the Cuban, Matanzas, Santa Clara, Camaguey and Oriente Symphony Orchestras.<\/p>\n<p>He has organized courses in Orchestral and Band Conducting, as well as Harmony and Composition. Professor at the National School of Art, Principal Director of the Lyrical Comedy \u201cGonzalo Roig\u201d of the Gran Teatro de La Habana and of the Cuban Radio and Television Symphony Orchestra.<\/p>\n<p>An outstanding connoisseur of Cuban stage music, he directed the \u201cCompa\u00f1\u00eda Cubana de Operettas\u201d. Dedicated to my friend Vicent Colomer Molina.<\/p>","protected":false},"featured_media":2561,"comment_status":"open","ping_status":"closed","template":"","meta":{"_acf_changed":false,"_uag_custom_page_level_css":"","site-sidebar-layout":"default","site-content-layout":"default","ast-site-content-layout":"default","site-content-style":"default","site-sidebar-style":"default","ast-global-header-display":"","ast-banner-title-visibility":"","ast-main-header-display":"","ast-hfb-above-header-display":"","ast-hfb-below-header-display":"","ast-hfb-mobile-header-display":"","site-post-title":"","ast-breadcrumbs-content":"","ast-featured-img":"","footer-sml-layout":"","ast-disable-related-posts":"","theme-transparent-header-meta":"default","adv-header-id-meta":"","stick-header-meta":"default","header-above-stick-meta":"","header-main-stick-meta":"","header-below-stick-meta":"","astra-migrate-meta-layouts":"set","ast-page-background-enabled":"default","ast-page-background-meta":{"desktop":{"background-color":"","background-image":"","background-repeat":"repeat","background-position":"center center","background-size":"auto","background-attachment":"scroll","background-type":"","background-media":"","overlay-type":"","overlay-color":"","overlay-opacity":"","overlay-gradient":""},"tablet":{"background-color":"","background-image":"","background-repeat":"repeat","background-position":"center center","background-size":"auto","background-attachment":"scroll","background-type":"","background-media":"","overlay-type":"","overlay-color":"","overlay-opacity":"","overlay-gradient":""},"mobile":{"background-color":"","background-image":"","background-repeat":"repeat","background-position":"center center","background-size":"auto","background-attachment":"scroll","background-type":"","background-media":"","overlay-type":"","overlay-color":"","overlay-opacity":"","overlay-gradient":""}},"ast-content-background-meta":{"desktop":{"background-color":"var(--ast-global-color-5)","background-image":"","background-repeat":"repeat","background-position":"center center","background-size":"auto","background-attachment":"scroll","background-type":"","background-media":"","overlay-type":"","overlay-color":"","overlay-opacity":"","overlay-gradient":""},"tablet":{"background-color":"var(--ast-global-color-5)","background-image":"","background-repeat":"repeat","background-position":"center center","background-size":"auto","background-attachment":"scroll","background-type":"","background-media":"","overlay-type":"","overlay-color":"","overlay-opacity":"","overlay-gradient":""},"mobile":{"background-color":"var(--ast-global-color-5)","background-image":"","background-repeat":"repeat","background-position":"center center","background-size":"auto","background-attachment":"scroll","background-type":"","background-media":"","overlay-type":"","overlay-color":"","overlay-opacity":"","overlay-gradient":""}}},"product_brand":[],"product_cat":[26],"product_tag":[72],"class_list":{"0":"post-1308","1":"product","2":"type-product","3":"status-publish","4":"has-post-thumbnail","6":"product_cat-pasodobles","7":"product_tag-norman-milanes-moreno","8":"desktop-align-left","9":"tablet-align-left","10":"mobile-align-left","11":"ast-product-gallery-layout-horizontal-slider","13":"first","14":"instock","15":"downloadable","16":"virtual","17":"taxable","18":"purchasable","19":"product-type-simple"},"acf":[],"yoast_head":"<!-- This site is optimized with the Yoast SEO Premium plugin v22.4 (Yoast SEO v27.4) - https:\/\/yoast.com\/product\/yoast-seo-premium-wordpress\/ -->\n<title>El Estudiante Boticario -<\/title>\n<meta name=\"description\" content=\"Partituras de m\u00fasica Pasodoble para Orquestas y bandas. M\u00fasica escrita.\" \/>\n<meta name=\"robots\" content=\"index, follow, max-snippet:-1, max-image-preview:large, max-video-preview:-1\" \/>\n<link rel=\"canonical\" href=\"https:\/\/www.omnesbands.international\/en\/product\/el-estudiante-boticario\/\" \/>\n<meta property=\"og:locale\" content=\"en_US\" \/>\n<meta property=\"og:type\" content=\"article\" \/>\n<meta property=\"og:title\" content=\"El Estudiante Boticario\" \/>\n<meta property=\"og:description\" content=\"Partituras de m\u00fasica Pasodoble para Orquestas y bandas. M\u00fasica escrita.\" \/>\n<meta property=\"og:url\" content=\"https:\/\/www.omnesbands.international\/en\/product\/el-estudiante-boticario\/\" \/>\n<meta property=\"article:modified_time\" content=\"2023-11-14T04:44:37+00:00\" \/>\n<meta property=\"og:image\" content=\"https:\/\/www.omnesbands.international\/wp-content\/uploads\/2023\/01\/El-Estudiante-Boticario-1.jpg\" \/>\n\t<meta property=\"og:image:width\" content=\"691\" \/>\n\t<meta property=\"og:image:height\" content=\"766\" \/>\n\t<meta property=\"og:image:type\" content=\"image\/jpeg\" \/>\n<meta name=\"twitter:card\" content=\"summary_large_image\" \/>\n<meta name=\"twitter:label1\" content=\"Price\" \/>\n\t<meta name=\"twitter:data1\" content=\"&#036;25.00\" \/>\n\t<meta name=\"twitter:label2\" content=\"Availability\" \/>\n\t<meta name=\"twitter:data2\" content=\"In stock\" \/>\n<script type=\"application\/ld+json\" class=\"yoast-schema-graph\">{\"@context\":\"https:\\\/\\\/schema.org\",\"@graph\":[{\"@type\":\"WebPage\",\"@id\":\"https:\\\/\\\/www.omnesbands.international\\\/ja\\\/product\\\/el-estudiante-boticario\\\/\",\"url\":\"https:\\\/\\\/www.omnesbands.international\\\/ja\\\/product\\\/el-estudiante-boticario\\\/\",\"name\":\"El Estudiante Boticario -\",\"isPartOf\":{\"@id\":\"https:\\\/\\\/www.omnesbands.international\\\/#website\"},\"primaryImageOfPage\":{\"@id\":\"https:\\\/\\\/www.omnesbands.international\\\/ja\\\/product\\\/el-estudiante-boticario\\\/#primaryimage\"},\"image\":{\"@id\":\"https:\\\/\\\/www.omnesbands.international\\\/ja\\\/product\\\/el-estudiante-boticario\\\/#primaryimage\"},\"thumbnailUrl\":\"https:\\\/\\\/www.omnesbands.international\\\/wp-content\\\/uploads\\\/2023\\\/01\\\/El-Estudiante-Boticario-1.jpg\",\"datePublished\":\"2023-01-25T16:16:12+00:00\",\"dateModified\":\"2023-11-14T04:44:37+00:00\",\"description\":\"Partituras de m\u00fasica Pasodoble para Orquestas y bandas. M\u00fasica escrita.\",\"breadcrumb\":{\"@id\":\"https:\\\/\\\/www.omnesbands.international\\\/ja\\\/product\\\/el-estudiante-boticario\\\/#breadcrumb\"},\"inLanguage\":\"en-US\",\"potentialAction\":[{\"@type\":\"ReadAction\",\"target\":[\"https:\\\/\\\/www.omnesbands.international\\\/ja\\\/product\\\/el-estudiante-boticario\\\/\"]}]},{\"@type\":\"ImageObject\",\"inLanguage\":\"en-US\",\"@id\":\"https:\\\/\\\/www.omnesbands.international\\\/ja\\\/product\\\/el-estudiante-boticario\\\/#primaryimage\",\"url\":\"https:\\\/\\\/www.omnesbands.international\\\/wp-content\\\/uploads\\\/2023\\\/01\\\/El-Estudiante-Boticario-1.jpg\",\"contentUrl\":\"https:\\\/\\\/www.omnesbands.international\\\/wp-content\\\/uploads\\\/2023\\\/01\\\/El-Estudiante-Boticario-1.jpg\",\"width\":691,\"height\":766,\"caption\":\"El Estudiante Boticario\"},{\"@type\":\"BreadcrumbList\",\"@id\":\"https:\\\/\\\/www.omnesbands.international\\\/ja\\\/product\\\/el-estudiante-boticario\\\/#breadcrumb\",\"itemListElement\":[{\"@type\":\"ListItem\",\"position\":1,\"name\":\"Portada\",\"item\":\"https:\\\/\\\/www.omnesbands.international\\\/\"},{\"@type\":\"ListItem\",\"position\":2,\"name\":\"Tienda\",\"item\":\"https:\\\/\\\/www.omnesbands.international\\\/en\\\/shop\\\/\"},{\"@type\":\"ListItem\",\"position\":3,\"name\":\"El Estudiante Boticario\"}]},{\"@type\":\"WebSite\",\"@id\":\"https:\\\/\\\/www.omnesbands.international\\\/#website\",\"url\":\"https:\\\/\\\/www.omnesbands.international\\\/\",\"name\":\"OMNESBANDS International\",\"description\":\"Partituras Originales de autores y compositores independientes\",\"publisher\":{\"@id\":\"https:\\\/\\\/www.omnesbands.international\\\/#organization\"},\"potentialAction\":[{\"@type\":\"SearchAction\",\"target\":{\"@type\":\"EntryPoint\",\"urlTemplate\":\"https:\\\/\\\/www.omnesbands.international\\\/?s={search_term_string}\"},\"query-input\":{\"@type\":\"PropertyValueSpecification\",\"valueRequired\":true,\"valueName\":\"search_term_string\"}}],\"inLanguage\":\"en-US\"},{\"@type\":\"Organization\",\"@id\":\"https:\\\/\\\/www.omnesbands.international\\\/#organization\",\"name\":\"Indra Consultores Internacionales\",\"alternateName\":\"Omnesbands\",\"url\":\"https:\\\/\\\/www.omnesbands.international\\\/\",\"logo\":{\"@type\":\"ImageObject\",\"inLanguage\":\"en-US\",\"@id\":\"https:\\\/\\\/www.omnesbands.international\\\/#\\\/schema\\\/logo\\\/image\\\/\",\"url\":\"https:\\\/\\\/omnesbands.international\\\/wp-content\\\/uploads\\\/2023\\\/06\\\/Logo-Nuevo-.png\",\"contentUrl\":\"https:\\\/\\\/omnesbands.international\\\/wp-content\\\/uploads\\\/2023\\\/06\\\/Logo-Nuevo-.png\",\"width\":394,\"height\":212,\"caption\":\"Indra Consultores Internacionales\"},\"image\":{\"@id\":\"https:\\\/\\\/www.omnesbands.international\\\/#\\\/schema\\\/logo\\\/image\\\/\"}}]}<\/script>\n<meta property=\"product:price:amount\" content=\"25.00\" \/>\n<meta property=\"product:price:currency\" content=\"USD\" \/>\n<meta property=\"og:availability\" content=\"instock\" \/>\n<meta property=\"product:availability\" content=\"instock\" \/>\n<meta property=\"product:retailer_item_id\" content=\"EST-PAS-ESP-22\" \/>\n<meta property=\"product:condition\" content=\"new\" \/>\n<!-- \/ Yoast SEO Premium plugin. -->","yoast_head_json":{"title":"El Estudiante Boticario -","description":"Partituras de m\u00fasica Pasodoble para Orquestas y bandas. M\u00fasica escrita.","robots":{"index":"index","follow":"follow","max-snippet":"max-snippet:-1","max-image-preview":"max-image-preview:large","max-video-preview":"max-video-preview:-1"},"canonical":"https:\/\/www.omnesbands.international\/en\/product\/el-estudiante-boticario\/","og_locale":"en_US","og_type":"article","og_title":"El Estudiante Boticario","og_description":"Partituras de m\u00fasica Pasodoble para Orquestas y bandas. M\u00fasica escrita.","og_url":"https:\/\/www.omnesbands.international\/en\/product\/el-estudiante-boticario\/","article_modified_time":"2023-11-14T04:44:37+00:00","og_image":[{"width":691,"height":766,"url":"https:\/\/www.omnesbands.international\/wp-content\/uploads\/2023\/01\/El-Estudiante-Boticario-1.jpg","type":"image\/jpeg"}],"twitter_card":"summary_large_image","twitter_misc":{"Price":"&#36;25.00","Availability":"In stock"},"schema":{"@context":"https:\/\/schema.org","@graph":[{"@type":"WebPage","@id":"https:\/\/www.omnesbands.international\/ja\/product\/el-estudiante-boticario\/","url":"https:\/\/www.omnesbands.international\/ja\/product\/el-estudiante-boticario\/","name":"El Estudiante Boticario -","isPartOf":{"@id":"https:\/\/www.omnesbands.international\/#website"},"primaryImageOfPage":{"@id":"https:\/\/www.omnesbands.international\/ja\/product\/el-estudiante-boticario\/#primaryimage"},"image":{"@id":"https:\/\/www.omnesbands.international\/ja\/product\/el-estudiante-boticario\/#primaryimage"},"thumbnailUrl":"https:\/\/www.omnesbands.international\/wp-content\/uploads\/2023\/01\/El-Estudiante-Boticario-1.jpg","datePublished":"2023-01-25T16:16:12+00:00","dateModified":"2023-11-14T04:44:37+00:00","description":"Partituras de m\u00fasica Pasodoble para Orquestas y bandas. M\u00fasica escrita.","breadcrumb":{"@id":"https:\/\/www.omnesbands.international\/ja\/product\/el-estudiante-boticario\/#breadcrumb"},"inLanguage":"en-US","potentialAction":[{"@type":"ReadAction","target":["https:\/\/www.omnesbands.international\/ja\/product\/el-estudiante-boticario\/"]}]},{"@type":"ImageObject","inLanguage":"en-US","@id":"https:\/\/www.omnesbands.international\/ja\/product\/el-estudiante-boticario\/#primaryimage","url":"https:\/\/www.omnesbands.international\/wp-content\/uploads\/2023\/01\/El-Estudiante-Boticario-1.jpg","contentUrl":"https:\/\/www.omnesbands.international\/wp-content\/uploads\/2023\/01\/El-Estudiante-Boticario-1.jpg","width":691,"height":766,"caption":"El Estudiante Boticario"},{"@type":"BreadcrumbList","@id":"https:\/\/www.omnesbands.international\/ja\/product\/el-estudiante-boticario\/#breadcrumb","itemListElement":[{"@type":"ListItem","position":1,"name":"Portada","item":"https:\/\/www.omnesbands.international\/"},{"@type":"ListItem","position":2,"name":"Tienda","item":"https:\/\/www.omnesbands.international\/en\/shop\/"},{"@type":"ListItem","position":3,"name":"El Estudiante Boticario"}]},{"@type":"WebSite","@id":"https:\/\/www.omnesbands.international\/#website","url":"https:\/\/www.omnesbands.international\/","name":"OMNESBANDS International","description":"Original Sheet Music by independent authors and composers","publisher":{"@id":"https:\/\/www.omnesbands.international\/#organization"},"potentialAction":[{"@type":"SearchAction","target":{"@type":"EntryPoint","urlTemplate":"https:\/\/www.omnesbands.international\/?s={search_term_string}"},"query-input":{"@type":"PropertyValueSpecification","valueRequired":true,"valueName":"search_term_string"}}],"inLanguage":"en-US"},{"@type":"Organization","@id":"https:\/\/www.omnesbands.international\/#organization","name":"Indra International Consultants","alternateName":"Omnesbands","url":"https:\/\/www.omnesbands.international\/","logo":{"@type":"ImageObject","inLanguage":"en-US","@id":"https:\/\/www.omnesbands.international\/#\/schema\/logo\/image\/","url":"https:\/\/omnesbands.international\/wp-content\/uploads\/2023\/06\/Logo-Nuevo-.png","contentUrl":"https:\/\/omnesbands.international\/wp-content\/uploads\/2023\/06\/Logo-Nuevo-.png","width":394,"height":212,"caption":"Indra Consultores Internacionales"},"image":{"@id":"https:\/\/www.omnesbands.international\/#\/schema\/logo\/image\/"}}]},"product_price_amount":"25.00","product_price_currency":"USD","og_availability":"instock","product_availability":"instock","product_retailer_item_id":"EST-PAS-ESP-22","product_condition":"new"},"uagb_featured_image_src":{"full":["https:\/\/www.omnesbands.international\/wp-content\/uploads\/2023\/01\/El-Estudiante-Boticario-1.jpg",691,766,false],"thumbnail":["https:\/\/www.omnesbands.international\/wp-content\/uploads\/2023\/01\/El-Estudiante-Boticario-1-150x150.jpg",150,150,true],"medium":["https:\/\/www.omnesbands.international\/wp-content\/uploads\/2023\/01\/El-Estudiante-Boticario-1-271x300.jpg",271,300,true],"medium_large":["https:\/\/www.omnesbands.international\/wp-content\/uploads\/2023\/01\/El-Estudiante-Boticario-1.jpg",691,766,false],"large":["https:\/\/www.omnesbands.international\/wp-content\/uploads\/2023\/01\/El-Estudiante-Boticario-1.jpg",691,766,false],"1536x1536":["https:\/\/www.omnesbands.international\/wp-content\/uploads\/2023\/01\/El-Estudiante-Boticario-1.jpg",691,766,false],"2048x2048":["https:\/\/www.omnesbands.international\/wp-content\/uploads\/2023\/01\/El-Estudiante-Boticario-1.jpg",691,766,false],"trp-custom-language-flag":["https:\/\/www.omnesbands.international\/wp-content\/uploads\/2023\/01\/El-Estudiante-Boticario-1-11x12.jpg",11,12,true],"gg_gallery_thumbnail":["https:\/\/www.omnesbands.international\/wp-content\/uploads\/2023\/01\/El-Estudiante-Boticario-1-450x250.jpg",450,250,true],"woocommerce_thumbnail":["https:\/\/www.omnesbands.international\/wp-content\/uploads\/2023\/01\/El-Estudiante-Boticario-1-300x300.jpg",300,300,true],"woocommerce_single":["https:\/\/www.omnesbands.international\/wp-content\/uploads\/2023\/01\/El-Estudiante-Boticario-1-600x665.jpg",600,665,true],"woocommerce_gallery_thumbnail":["https:\/\/www.omnesbands.international\/wp-content\/uploads\/2023\/01\/El-Estudiante-Boticario-1-100x100.jpg",100,100,true]},"uagb_author_info":{"display_name":"Melvin R. Portillo A:","author_link":"https:\/\/www.omnesbands.international\/en\/author\/"},"uagb_comment_info":0,"uagb_excerpt":"Pasodoble del compositor Norman Milan\u00e9s Moreno. Fundador de la \u201cPeque\u00f1a Orquesta Sinf\u00f3nica de La Habana\u201d y del Grupo L\u00edrico \u201cErnesto Lecuona\u201d. Ha sido director de la Banda Nacional de Conciertos. Ha dirigido en pa\u00edses como Costa Rica, Nicaragua, Argelia, Alemania, Polonia, Bulgaria, Rusia y Espa\u00f1a. Tambi\u00e9n ha realizado conciertos con la Orquesta Sinf\u00f3nica de Bogot\u00e1&hellip;","_links":{"self":[{"href":"https:\/\/www.omnesbands.international\/en\/wp-json\/wp\/v2\/product\/1308","targetHints":{"allow":["GET"]}}],"collection":[{"href":"https:\/\/www.omnesbands.international\/en\/wp-json\/wp\/v2\/product"}],"about":[{"href":"https:\/\/www.omnesbands.international\/en\/wp-json\/wp\/v2\/types\/product"}],"replies":[{"embeddable":true,"href":"https:\/\/www.omnesbands.international\/en\/wp-json\/wp\/v2\/comments?post=1308"}],"wp:featuredmedia":[{"embeddable":true,"href":"https:\/\/www.omnesbands.international\/en\/wp-json\/wp\/v2\/media\/2561"}],"wp:attachment":[{"href":"https:\/\/www.omnesbands.international\/en\/wp-json\/wp\/v2\/media?parent=1308"}],"wp:term":[{"taxonomy":"product_brand","embeddable":true,"href":"https:\/\/www.omnesbands.international\/en\/wp-json\/wp\/v2\/product_brand?post=1308"},{"taxonomy":"product_cat","embeddable":true,"href":"https:\/\/www.omnesbands.international\/en\/wp-json\/wp\/v2\/product_cat?post=1308"},{"taxonomy":"product_tag","embeddable":true,"href":"https:\/\/www.omnesbands.international\/en\/wp-json\/wp\/v2\/product_tag?post=1308"}],"curies":[{"name":"wp","href":"https:\/\/api.w.org\/{rel}","templated":true}]}}