{"id":993,"date":"2023-01-23T21:40:25","date_gmt":"2023-01-24T03:40:25","guid":{"rendered":"https:\/\/omnesbands.international\/?post_type=product&#038;p=993"},"modified":"2023-12-02T14:49:16","modified_gmt":"2023-12-02T20:49:16","slug":"cantares-de-la-nueva-tierra","status":"publish","type":"product","link":"https:\/\/www.omnesbands.international\/en\/product\/cantares-de-la-nueva-tierra\/","title":{"rendered":"Songs of the New Earth"},"content":{"rendered":"<p>The commemorative work of the 400th anniversary of the writing of the Town Charter of Chella (Valencia), has been premiered on December 16, 2011 in J\u00e1vea (Alicante), during the Christmas concert by the Wind Orchestra of the Professional Conservatory of Music of J\u00e1vea.<\/p>\n<p>During the Reconquest of James I in 1250, the Moors who remained in Chella surrendered to him and the farmhouse was donated by James to Pere Dovit, although it was later reintegrated to the crown. In 1341, Pedro IV of Aragon ceded it to Tom\u00e1s de Ulmis and in 1356 it passed to the Count of Denia, who sold it in 1382 to Pedro Escintelles, who in turn sold it to Alfonso, Duke of Gand\u00eda. On the death of Alfonso, Chella again became part of the crown but soon returned to the hands of the Dukes of Gandia and the Counts of Oliva. In the 16th century it became a possession of the Borja family. The resident Moors revolted during the rebellion of the Alpujarras (1568 to 1571) during the reign of Philip II. In 1571, they were defeated and expelled. New loyal Moors repopulated the municipality but would also abandon it in 1609 during the expulsion of the Moors decreed by Philip III in 1609.<\/p>\n<p>Chella would be abandoned for two years with 90 houses built, that could have been the end of the population. In 1611, vassals of Carlos de Borja arrived in Chella to rebuild it and settle as its new settlers. That same year, on July 11, the town charter was drawn up, making the founding of the town official.<\/p>\n<p>In this way we find typical elements of Islamic-African folklore such as modal scales (Macamat), rhythms, dances and instruments such as the Darbuka, the Djembe or the recorder (similar to the Ney flute) as well as fluctuations and microtonal turns typical of oral traditions. These Arab reminiscences are based on the use of variation and improvisation as a correspondence with the typical improvisation of Arab folklore (Taksim). We also find references to Western music of the time (ca. 1600) such as the use of commemorative fanfares, use of modal turns, tonal\/modal ambiguity and especially with the appearance of a quotation from the motet \"O magnum mysterium\" by T. L. de Victoria (c. 147 to 165).<\/p>\n<p>The work is structured as follows:<\/p>\n<p>- Introduction (ch. 1-17): as a preliminary fanfare where the main elements of the work are presented.<\/p>\n<p>- 1st section (c. 18-30): in the form of a prayer, the recorder (imitating the Arabian Nay flute) exposes a theme with microtonal turns that culminates in a Darbuka improvisation.<\/p>\n<p>- 2nd section (c. 31-140): a main theme appears in the form of an Arabian dance which varies constantly in all its elements by way of improvisation and written ornamentation emulating the improvisation techniques of the music of Islam (Taksim). At the end of this section the dance will be gradually diluted and absorbed by a melodic element that represents the extinction of Islam and the transition to the West.<\/p>\n<p>- 3rd section (c. 141-179): another solo appears, in this case of saxophone, which contrasts with the first flute solo (West vs. Islam). In the course of this solo section it will progressively resemble a quote from the motet \"O magnum mysterium\" by T. L. de Victoria representing the \"Christianization\" of the West. At the end of this section appears an elaborate transition with elements of the initial fanfare.<\/p>\n<p>- 4th section (c. 180-245): this section represents the conflict of the two cultures, elements and resources of the previously mentioned sections appear, although with a greater preponderance of elements of western tradition that lead to an \"Andante majestuoso\".<\/p>\n<p>- 5th section (c. 246-273): \"Andante majestuoso\" which represents the victory of the West over Islam and takes up the elements of the initial fanfare. However, not all the section has that victorious air, elements of distorting and dissonant character appear... a shadow, a doubt, a question... why was not possible the coexistence?....<\/p>\n<p>This work can be presented in two versions; a purely musical version or a version with a narrator who recites texts of the time (Cervantes, Quevedo, G\u00f3ngora, Lope de Vega, Juan del Enzina...) interspersed with the music.<\/p>","protected":false},"excerpt":{"rendered":"<p>\"Cantares de la nueva tierra\" has been written to commemorate the 400th anniversary of the Carta Puebla de Chella (Valencia).<\/p>","protected":false},"featured_media":994,"comment_status":"open","ping_status":"closed","template":"","meta":{"_acf_changed":false,"_uag_custom_page_level_css":"","site-sidebar-layout":"default","site-content-layout":"default","ast-site-content-layout":"default","site-content-style":"default","site-sidebar-style":"default","ast-global-header-display":"","ast-banner-title-visibility":"","ast-main-header-display":"","ast-hfb-above-header-display":"","ast-hfb-below-header-display":"","ast-hfb-mobile-header-display":"","site-post-title":"","ast-breadcrumbs-content":"","ast-featured-img":"","footer-sml-layout":"","ast-disable-related-posts":"","theme-transparent-header-meta":"default","adv-header-id-meta":"","stick-header-meta":"default","header-above-stick-meta":"","header-main-stick-meta":"","header-below-stick-meta":"","astra-migrate-meta-layouts":"set","ast-page-background-enabled":"default","ast-page-background-meta":{"desktop":{"background-color":"","background-image":"","background-repeat":"repeat","background-position":"center center","background-size":"auto","background-attachment":"scroll","background-type":"","background-media":"","overlay-type":"","overlay-color":"","overlay-opacity":"","overlay-gradient":""},"tablet":{"background-color":"","background-image":"","background-repeat":"repeat","background-position":"center center","background-size":"auto","background-attachment":"scroll","background-type":"","background-media":"","overlay-type":"","overlay-color":"","overlay-opacity":"","overlay-gradient":""},"mobile":{"background-color":"","background-image":"","background-repeat":"repeat","background-position":"center center","background-size":"auto","background-attachment":"scroll","background-type":"","background-media":"","overlay-type":"","overlay-color":"","overlay-opacity":"","overlay-gradient":""}},"ast-content-background-meta":{"desktop":{"background-color":"var(--ast-global-color-5)","background-image":"","background-repeat":"repeat","background-position":"center center","background-size":"auto","background-attachment":"scroll","background-type":"","background-media":"","overlay-type":"","overlay-color":"","overlay-opacity":"","overlay-gradient":""},"tablet":{"background-color":"var(--ast-global-color-5)","background-image":"","background-repeat":"repeat","background-position":"center center","background-size":"auto","background-attachment":"scroll","background-type":"","background-media":"","overlay-type":"","overlay-color":"","overlay-opacity":"","overlay-gradient":""},"mobile":{"background-color":"var(--ast-global-color-5)","background-image":"","background-repeat":"repeat","background-position":"center center","background-size":"auto","background-attachment":"scroll","background-type":"","background-media":"","overlay-type":"","overlay-color":"","overlay-opacity":"","overlay-gradient":""}}},"product_brand":[],"product_cat":[24],"product_tag":[63],"class_list":{"0":"post-993","1":"product","2":"type-product","3":"status-publish","4":"has-post-thumbnail","6":"product_cat-sinfonicas","7":"product_tag-jose-miguel-fayos-jordan","8":"desktop-align-left","9":"tablet-align-left","10":"mobile-align-left","11":"ast-product-gallery-layout-horizontal-slider","13":"first","14":"instock","15":"downloadable","16":"virtual","17":"taxable","18":"purchasable","19":"product-type-simple"},"acf":[],"yoast_head":"<!-- This site is optimized with the Yoast SEO Premium plugin v22.4 (Yoast SEO v27.4) - https:\/\/yoast.com\/product\/yoast-seo-premium-wordpress\/ -->\n<title>Cantares de la Nueva Tierra -<\/title>\n<meta name=\"description\" content=\"Partituras de m\u00fasica Sinf\u00f3nica para Orquestas y bandas. M\u00fasica escrita.\" \/>\n<meta name=\"robots\" content=\"index, follow, max-snippet:-1, max-image-preview:large, max-video-preview:-1\" \/>\n<link rel=\"canonical\" href=\"https:\/\/www.omnesbands.international\/en\/product\/cantares-de-la-nueva-tierra\/\" \/>\n<meta property=\"og:locale\" content=\"en_US\" \/>\n<meta property=\"og:type\" content=\"article\" \/>\n<meta property=\"og:title\" content=\"Cantares de la Nueva Tierra\" \/>\n<meta property=\"og:description\" content=\"Partituras de m\u00fasica Sinf\u00f3nica para Orquestas y bandas. M\u00fasica escrita.\" \/>\n<meta property=\"og:url\" content=\"https:\/\/www.omnesbands.international\/en\/product\/cantares-de-la-nueva-tierra\/\" \/>\n<meta property=\"article:modified_time\" content=\"2023-12-02T20:49:16+00:00\" \/>\n<meta property=\"og:image\" content=\"https:\/\/www.omnesbands.international\/wp-content\/uploads\/2023\/01\/Cantares-de-la-Nueva-Tierra.jpg\" \/>\n\t<meta property=\"og:image:width\" content=\"600\" \/>\n\t<meta property=\"og:image:height\" content=\"420\" \/>\n\t<meta property=\"og:image:type\" content=\"image\/jpeg\" \/>\n<meta name=\"twitter:card\" content=\"summary_large_image\" \/>\n<meta name=\"twitter:label1\" content=\"Price\" \/>\n\t<meta name=\"twitter:data1\" content=\"&#036;45.00\" \/>\n\t<meta name=\"twitter:label2\" content=\"Availability\" \/>\n\t<meta name=\"twitter:data2\" content=\"In stock\" \/>\n<script type=\"application\/ld+json\" class=\"yoast-schema-graph\">{\"@context\":\"https:\\\/\\\/schema.org\",\"@graph\":[{\"@type\":\"WebPage\",\"@id\":\"https:\\\/\\\/www.omnesbands.international\\\/producto\\\/cantares-de-la-nueva-tierra\\\/\",\"url\":\"https:\\\/\\\/www.omnesbands.international\\\/producto\\\/cantares-de-la-nueva-tierra\\\/\",\"name\":\"Cantares de la Nueva Tierra -\",\"isPartOf\":{\"@id\":\"https:\\\/\\\/www.omnesbands.international\\\/#website\"},\"primaryImageOfPage\":{\"@id\":\"https:\\\/\\\/www.omnesbands.international\\\/producto\\\/cantares-de-la-nueva-tierra\\\/#primaryimage\"},\"image\":{\"@id\":\"https:\\\/\\\/www.omnesbands.international\\\/producto\\\/cantares-de-la-nueva-tierra\\\/#primaryimage\"},\"thumbnailUrl\":\"https:\\\/\\\/www.omnesbands.international\\\/wp-content\\\/uploads\\\/2023\\\/01\\\/Cantares-de-la-Nueva-Tierra.jpg\",\"datePublished\":\"2023-01-24T03:40:25+00:00\",\"dateModified\":\"2023-12-02T20:49:16+00:00\",\"description\":\"Partituras de m\u00fasica Sinf\u00f3nica para Orquestas y bandas. M\u00fasica escrita.\",\"breadcrumb\":{\"@id\":\"https:\\\/\\\/www.omnesbands.international\\\/producto\\\/cantares-de-la-nueva-tierra\\\/#breadcrumb\"},\"inLanguage\":\"en-US\",\"potentialAction\":[{\"@type\":\"ReadAction\",\"target\":[\"https:\\\/\\\/www.omnesbands.international\\\/producto\\\/cantares-de-la-nueva-tierra\\\/\"]}]},{\"@type\":\"ImageObject\",\"inLanguage\":\"en-US\",\"@id\":\"https:\\\/\\\/www.omnesbands.international\\\/producto\\\/cantares-de-la-nueva-tierra\\\/#primaryimage\",\"url\":\"https:\\\/\\\/www.omnesbands.international\\\/wp-content\\\/uploads\\\/2023\\\/01\\\/Cantares-de-la-Nueva-Tierra.jpg\",\"contentUrl\":\"https:\\\/\\\/www.omnesbands.international\\\/wp-content\\\/uploads\\\/2023\\\/01\\\/Cantares-de-la-Nueva-Tierra.jpg\",\"width\":600,\"height\":420,\"caption\":\"Cantares de la Nueva Tierra\"},{\"@type\":\"BreadcrumbList\",\"@id\":\"https:\\\/\\\/www.omnesbands.international\\\/producto\\\/cantares-de-la-nueva-tierra\\\/#breadcrumb\",\"itemListElement\":[{\"@type\":\"ListItem\",\"position\":1,\"name\":\"Portada\",\"item\":\"https:\\\/\\\/www.omnesbands.international\\\/\"},{\"@type\":\"ListItem\",\"position\":2,\"name\":\"Tienda\",\"item\":\"https:\\\/\\\/www.omnesbands.international\\\/en\\\/shop\\\/\"},{\"@type\":\"ListItem\",\"position\":3,\"name\":\"Cantares de la Nueva Tierra\"}]},{\"@type\":\"WebSite\",\"@id\":\"https:\\\/\\\/www.omnesbands.international\\\/#website\",\"url\":\"https:\\\/\\\/www.omnesbands.international\\\/\",\"name\":\"OMNESBANDS International\",\"description\":\"Partituras Originales de autores y compositores independientes\",\"publisher\":{\"@id\":\"https:\\\/\\\/www.omnesbands.international\\\/#organization\"},\"potentialAction\":[{\"@type\":\"SearchAction\",\"target\":{\"@type\":\"EntryPoint\",\"urlTemplate\":\"https:\\\/\\\/www.omnesbands.international\\\/?s={search_term_string}\"},\"query-input\":{\"@type\":\"PropertyValueSpecification\",\"valueRequired\":true,\"valueName\":\"search_term_string\"}}],\"inLanguage\":\"en-US\"},{\"@type\":\"Organization\",\"@id\":\"https:\\\/\\\/www.omnesbands.international\\\/#organization\",\"name\":\"Indra Consultores Internacionales\",\"alternateName\":\"Omnesbands\",\"url\":\"https:\\\/\\\/www.omnesbands.international\\\/\",\"logo\":{\"@type\":\"ImageObject\",\"inLanguage\":\"en-US\",\"@id\":\"https:\\\/\\\/www.omnesbands.international\\\/#\\\/schema\\\/logo\\\/image\\\/\",\"url\":\"https:\\\/\\\/omnesbands.international\\\/wp-content\\\/uploads\\\/2023\\\/06\\\/Logo-Nuevo-.png\",\"contentUrl\":\"https:\\\/\\\/omnesbands.international\\\/wp-content\\\/uploads\\\/2023\\\/06\\\/Logo-Nuevo-.png\",\"width\":394,\"height\":212,\"caption\":\"Indra Consultores Internacionales\"},\"image\":{\"@id\":\"https:\\\/\\\/www.omnesbands.international\\\/#\\\/schema\\\/logo\\\/image\\\/\"}}]}<\/script>\n<meta property=\"product:price:amount\" content=\"45.00\" \/>\n<meta property=\"product:price:currency\" content=\"USD\" \/>\n<meta property=\"og:availability\" content=\"instock\" \/>\n<meta property=\"product:availability\" content=\"instock\" \/>\n<meta property=\"product:retailer_item_id\" content=\"CAN-SIN-ESP-22\" \/>\n<meta property=\"product:condition\" content=\"new\" \/>\n<!-- \/ Yoast SEO Premium plugin. -->","yoast_head_json":{"title":"Cantares de la Nueva Tierra -","description":"Partituras de m\u00fasica Sinf\u00f3nica para Orquestas y bandas. M\u00fasica escrita.","robots":{"index":"index","follow":"follow","max-snippet":"max-snippet:-1","max-image-preview":"max-image-preview:large","max-video-preview":"max-video-preview:-1"},"canonical":"https:\/\/www.omnesbands.international\/en\/product\/cantares-de-la-nueva-tierra\/","og_locale":"en_US","og_type":"article","og_title":"Cantares de la Nueva Tierra","og_description":"Partituras de m\u00fasica Sinf\u00f3nica para Orquestas y bandas. M\u00fasica escrita.","og_url":"https:\/\/www.omnesbands.international\/en\/product\/cantares-de-la-nueva-tierra\/","article_modified_time":"2023-12-02T20:49:16+00:00","og_image":[{"width":600,"height":420,"url":"https:\/\/www.omnesbands.international\/wp-content\/uploads\/2023\/01\/Cantares-de-la-Nueva-Tierra.jpg","type":"image\/jpeg"}],"twitter_card":"summary_large_image","twitter_misc":{"Price":"&#36;45.00","Availability":"In stock"},"schema":{"@context":"https:\/\/schema.org","@graph":[{"@type":"WebPage","@id":"https:\/\/www.omnesbands.international\/producto\/cantares-de-la-nueva-tierra\/","url":"https:\/\/www.omnesbands.international\/producto\/cantares-de-la-nueva-tierra\/","name":"Cantares de la Nueva Tierra -","isPartOf":{"@id":"https:\/\/www.omnesbands.international\/#website"},"primaryImageOfPage":{"@id":"https:\/\/www.omnesbands.international\/producto\/cantares-de-la-nueva-tierra\/#primaryimage"},"image":{"@id":"https:\/\/www.omnesbands.international\/producto\/cantares-de-la-nueva-tierra\/#primaryimage"},"thumbnailUrl":"https:\/\/www.omnesbands.international\/wp-content\/uploads\/2023\/01\/Cantares-de-la-Nueva-Tierra.jpg","datePublished":"2023-01-24T03:40:25+00:00","dateModified":"2023-12-02T20:49:16+00:00","description":"Partituras de m\u00fasica Sinf\u00f3nica para Orquestas y bandas. M\u00fasica escrita.","breadcrumb":{"@id":"https:\/\/www.omnesbands.international\/producto\/cantares-de-la-nueva-tierra\/#breadcrumb"},"inLanguage":"en-US","potentialAction":[{"@type":"ReadAction","target":["https:\/\/www.omnesbands.international\/producto\/cantares-de-la-nueva-tierra\/"]}]},{"@type":"ImageObject","inLanguage":"en-US","@id":"https:\/\/www.omnesbands.international\/producto\/cantares-de-la-nueva-tierra\/#primaryimage","url":"https:\/\/www.omnesbands.international\/wp-content\/uploads\/2023\/01\/Cantares-de-la-Nueva-Tierra.jpg","contentUrl":"https:\/\/www.omnesbands.international\/wp-content\/uploads\/2023\/01\/Cantares-de-la-Nueva-Tierra.jpg","width":600,"height":420,"caption":"Cantares de la Nueva Tierra"},{"@type":"BreadcrumbList","@id":"https:\/\/www.omnesbands.international\/producto\/cantares-de-la-nueva-tierra\/#breadcrumb","itemListElement":[{"@type":"ListItem","position":1,"name":"Portada","item":"https:\/\/www.omnesbands.international\/"},{"@type":"ListItem","position":2,"name":"Tienda","item":"https:\/\/www.omnesbands.international\/en\/shop\/"},{"@type":"ListItem","position":3,"name":"Cantares de la Nueva Tierra"}]},{"@type":"WebSite","@id":"https:\/\/www.omnesbands.international\/#website","url":"https:\/\/www.omnesbands.international\/","name":"OMNESBANDS International","description":"Original Sheet Music by independent authors and composers","publisher":{"@id":"https:\/\/www.omnesbands.international\/#organization"},"potentialAction":[{"@type":"SearchAction","target":{"@type":"EntryPoint","urlTemplate":"https:\/\/www.omnesbands.international\/?s={search_term_string}"},"query-input":{"@type":"PropertyValueSpecification","valueRequired":true,"valueName":"search_term_string"}}],"inLanguage":"en-US"},{"@type":"Organization","@id":"https:\/\/www.omnesbands.international\/#organization","name":"Indra International Consultants","alternateName":"Omnesbands","url":"https:\/\/www.omnesbands.international\/","logo":{"@type":"ImageObject","inLanguage":"en-US","@id":"https:\/\/www.omnesbands.international\/#\/schema\/logo\/image\/","url":"https:\/\/omnesbands.international\/wp-content\/uploads\/2023\/06\/Logo-Nuevo-.png","contentUrl":"https:\/\/omnesbands.international\/wp-content\/uploads\/2023\/06\/Logo-Nuevo-.png","width":394,"height":212,"caption":"Indra Consultores Internacionales"},"image":{"@id":"https:\/\/www.omnesbands.international\/#\/schema\/logo\/image\/"}}]},"product_price_amount":"45.00","product_price_currency":"USD","og_availability":"instock","product_availability":"instock","product_retailer_item_id":"CAN-SIN-ESP-22","product_condition":"new"},"uagb_featured_image_src":{"full":["https:\/\/www.omnesbands.international\/wp-content\/uploads\/2023\/01\/Cantares-de-la-Nueva-Tierra.jpg",600,420,false],"thumbnail":["https:\/\/www.omnesbands.international\/wp-content\/uploads\/2023\/01\/Cantares-de-la-Nueva-Tierra-150x150.jpg",150,150,true],"medium":["https:\/\/www.omnesbands.international\/wp-content\/uploads\/2023\/01\/Cantares-de-la-Nueva-Tierra-300x210.jpg",300,210,true],"medium_large":["https:\/\/www.omnesbands.international\/wp-content\/uploads\/2023\/01\/Cantares-de-la-Nueva-Tierra.jpg",600,420,false],"large":["https:\/\/www.omnesbands.international\/wp-content\/uploads\/2023\/01\/Cantares-de-la-Nueva-Tierra.jpg",600,420,false],"1536x1536":["https:\/\/www.omnesbands.international\/wp-content\/uploads\/2023\/01\/Cantares-de-la-Nueva-Tierra.jpg",600,420,false],"2048x2048":["https:\/\/www.omnesbands.international\/wp-content\/uploads\/2023\/01\/Cantares-de-la-Nueva-Tierra.jpg",600,420,false],"trp-custom-language-flag":["https:\/\/www.omnesbands.international\/wp-content\/uploads\/2023\/01\/Cantares-de-la-Nueva-Tierra.jpg",18,12,false],"gg_gallery_thumbnail":["https:\/\/www.omnesbands.international\/wp-content\/uploads\/2023\/01\/Cantares-de-la-Nueva-Tierra.jpg",357,250,false],"woocommerce_thumbnail":["https:\/\/www.omnesbands.international\/wp-content\/uploads\/2023\/01\/Cantares-de-la-Nueva-Tierra-300x300.jpg",300,300,true],"woocommerce_single":["https:\/\/www.omnesbands.international\/wp-content\/uploads\/2023\/01\/Cantares-de-la-Nueva-Tierra.jpg",600,420,false],"woocommerce_gallery_thumbnail":["https:\/\/www.omnesbands.international\/wp-content\/uploads\/2023\/01\/Cantares-de-la-Nueva-Tierra-100x100.jpg",100,100,true]},"uagb_author_info":{"display_name":"Melvin R. Portillo A:","author_link":"https:\/\/www.omnesbands.international\/en\/author\/"},"uagb_comment_info":0,"uagb_excerpt":"\u201cCantares de la nueva tierra\u201d ha sido escrita para conmemorar el 400 aniversario de la Carta Puebla de Chella (Valencia).","_links":{"self":[{"href":"https:\/\/www.omnesbands.international\/en\/wp-json\/wp\/v2\/product\/993","targetHints":{"allow":["GET"]}}],"collection":[{"href":"https:\/\/www.omnesbands.international\/en\/wp-json\/wp\/v2\/product"}],"about":[{"href":"https:\/\/www.omnesbands.international\/en\/wp-json\/wp\/v2\/types\/product"}],"replies":[{"embeddable":true,"href":"https:\/\/www.omnesbands.international\/en\/wp-json\/wp\/v2\/comments?post=993"}],"wp:featuredmedia":[{"embeddable":true,"href":"https:\/\/www.omnesbands.international\/en\/wp-json\/wp\/v2\/media\/994"}],"wp:attachment":[{"href":"https:\/\/www.omnesbands.international\/en\/wp-json\/wp\/v2\/media?parent=993"}],"wp:term":[{"taxonomy":"product_brand","embeddable":true,"href":"https:\/\/www.omnesbands.international\/en\/wp-json\/wp\/v2\/product_brand?post=993"},{"taxonomy":"product_cat","embeddable":true,"href":"https:\/\/www.omnesbands.international\/en\/wp-json\/wp\/v2\/product_cat?post=993"},{"taxonomy":"product_tag","embeddable":true,"href":"https:\/\/www.omnesbands.international\/en\/wp-json\/wp\/v2\/product_tag?post=993"}],"curies":[{"name":"wp","href":"https:\/\/api.w.org\/{rel}","templated":true}]}}