{"id":119,"date":"2020-08-20T10:02:41","date_gmt":"2020-08-20T10:02:41","guid":{"rendered":"https:\/\/omnesbands.international\/about-us\/"},"modified":"2023-08-01T09:20:44","modified_gmt":"2023-08-01T15:20:44","slug":"about-us","status":"publish","type":"page","link":"https:\/\/www.omnesbands.international\/fr\/about-us\/","title":{"rendered":"Nous"},"content":{"rendered":"<div class=\"wp-block-uagb-container uagb-block-0afa4433 alignfull uagb-is-root-container\"><div class=\"uagb-container-inner-blocks-wrap\">\n<div class=\"wp-block-uagb-advanced-heading uagb-block-436218ea\"><h1 class=\"uagb-heading-text\">Nous<\/h1><\/div>\n<\/div><\/div>\n\n\n\n<div class=\"wp-block-uagb-container uagb-block-7bf8c863 alignfull uagb-is-root-container\"><div class=\"uagb-container-inner-blocks-wrap\">\n<div class=\"wp-block-uagb-container uagb-block-d1420d59\">\n<div class=\"wp-block-uagb-container uagb-block-6e159daa\">\n<div class=\"wp-block-uagb-advanced-heading uagb-block-99ec071e\"><h3 class=\"uagb-heading-text\">VISION                                                   <\/h3><\/div>\n<\/div>\n\n\n\n<div class=\"wp-block-uagb-container uagb-block-b3baaebc\">\n<p>Contribuer au d\u00e9veloppement et \u00e0 la diffusion de la cr\u00e9ativit\u00e9, caract\u00e9ristique exceptionnelle de l&#039;humanit\u00e9, au b\u00e9n\u00e9fice de tous.<\/p>\n<\/div>\n<\/div>\n\n\n\n<div class=\"wp-block-uagb-container uagb-block-b9d686e1\">\n<div class=\"wp-block-uagb-container uagb-block-91d08a94\">\n<div class=\"wp-block-uagb-advanced-heading uagb-block-8f3d640a\"><h3 class=\"uagb-heading-text\">MISSION<\/h3><\/div>\n<\/div>\n\n\n\n<div class=\"wp-block-uagb-container uagb-block-2bf65cda\">\n<p>Servir de passerelle entre les auteurs et les entreprises ou groupes musicaux, au b\u00e9n\u00e9fice de tous avec transparence et excellence. Uniquement avec des \u0153uvres originales et avec un mod\u00e8le de gestion musicale complet nouvellement cr\u00e9\u00e9.<\/p>\n<\/div>\n<\/div>\n\n\n\n<div class=\"wp-block-uagb-container uagb-block-039732ec\">\n<div class=\"wp-block-uagb-advanced-heading uagb-block-0a15d3d5\"><h2 class=\"uagb-heading-text\">Notre entreprise<\/h2><p class=\"uagb-desc-text\">Avec plus de 20 ans <strong>Bandes d&#039;Omnes (OBS)<\/strong> ouvre une nouvelle \u00e8re en mettant en place de nouveaux domaines de gestion, de diffusion et de vente des droits d&#039;auteur. Promouvoir leurs \u0153uvres musicales gr\u00e2ce aux nouvelles technologies de l&#039;information num\u00e9rique, mettre ces nouvelles ressources \u00e0 la disposition des compositeurs.<br><strong>Projection internationale : <\/strong>Donner de l&#039;espace \u00e0 tous les auteurs de tous les genres musicaux, quels que soient leur pays, leur sexe, leur race ou leur religion.<br>Toujours \u00e0 l&#039;\u00e9coute des attentes des auteurs, des groupes musicaux et du grand public, adaptant en permanence le plan marketing aux nouvelles circonstances qui se pr\u00e9sentent.<br>Nous avons la confiance de plus de 6<strong>0 auteurs contemporains distingu\u00e9s<\/strong>.<\/p><\/div>\n\n\n\n<div class=\"wp-block-uagb-image aligncenter uagb-block-e3277294 wp-block-uagb-image--layout-default wp-block-uagb-image--effect-static wp-block-uagb-image--align-center\"><figure class=\"wp-block-uagb-image__figure\"><img decoding=\"async\" srcset=\"https:\/\/omnesbands.international\/wp-content\/uploads\/2023\/01\/man-conductor-musician-5658724-1024x576.jpg \" sizes=\"auto, (max-width: 480px) 150px\" src=\"https:\/\/omnesbands.international\/wp-content\/uploads\/2023\/01\/man-conductor-musician-5658724-1024x576.jpg\" alt=\"man, conductor, musician-5658724.jpg\" class=\"uag-image-731\" width=\"1024\" height=\"576\" title=\"\" loading=\"lazy\"\/><\/figure><\/div>\n\n\n\n<div class=\"wp-block-uagb-container uagb-block-caeea237\">\n<p>Nous basons notre entreprise sur des concepts d&#039;\u00e9conomie du bien commun dans lesquels la r\u00e9partition \u00e9quitable des revenus (toujours en donnant la priorit\u00e9 aux compositeurs) est le mod\u00e8le qui nous am\u00e8ne \u00e0 aborder cette nouvelle gestion.<\/p>\n\n\n\n<p>Pour nous, le soutien \u00e0 la culture musicale est essentiel, sans limite, nous chercherons des march\u00e9s de vente et la direction sera internationale.<\/p>\n<\/div>\n<\/div>\n<\/div><\/div>","protected":false},"excerpt":{"rendered":"<p>VISI\u00d3N Contribuir al desarrollo y difusi\u00f3n de la creatividad, caracter\u00edstica descollante de la humanidad, en beneficio de todos. MISI\u00d3N Servir de puente entre autores y empresas o grupos musicales beneficiando a todos con transparencia y excelencia. Solo con obras originales y con un modelo de gesti\u00f3n integral de la m\u00fasica de nueva creaci\u00f3n. Nuestra Empresa [&hellip;]<\/p>\n","protected":false},"author":4,"featured_media":0,"parent":0,"menu_order":0,"comment_status":"closed","ping_status":"closed","template":"","meta":{"_acf_changed":false,"_uag_custom_page_level_css":"","site-sidebar-layout":"default","site-content-layout":"plain-container","ast-site-content-layout":"default","site-content-style":"default","site-sidebar-style":"default","ast-global-header-display":"","ast-banner-title-visibility":"","ast-main-header-display":"","ast-hfb-above-header-display":"","ast-hfb-below-header-display":"","ast-hfb-mobile-header-display":"","site-post-title":"disabled","ast-breadcrumbs-content":"","ast-featured-img":"disabled","footer-sml-layout":"","ast-disable-related-posts":"","theme-transparent-header-meta":"enabled","adv-header-id-meta":"","stick-header-meta":"","header-above-stick-meta":"","header-main-stick-meta":"","header-below-stick-meta":"","astra-migrate-meta-layouts":"default","ast-page-background-enabled":"default","ast-page-background-meta":{"desktop":{"background-color":"","background-image":"","background-repeat":"repeat","background-position":"center center","background-size":"auto","background-attachment":"scroll","background-type":"","background-media":"","overlay-type":"","overlay-color":"","overlay-opacity":"","overlay-gradient":""},"tablet":{"background-color":"","background-image":"","background-repeat":"repeat","background-position":"center center","background-size":"auto","background-attachment":"scroll","background-type":"","background-media":"","overlay-type":"","overlay-color":"","overlay-opacity":"","overlay-gradient":""},"mobile":{"background-color":"","background-image":"","background-repeat":"repeat","background-position":"center center","background-size":"auto","background-attachment":"scroll","background-type":"","background-media":"","overlay-type":"","overlay-color":"","overlay-opacity":"","overlay-gradient":""}},"ast-content-background-meta":{"desktop":{"background-color":"var(--ast-global-color-5)","background-image":"","background-repeat":"repeat","background-position":"center center","background-size":"auto","background-attachment":"scroll","background-type":"","background-media":"","overlay-type":"","overlay-color":"","overlay-opacity":"","overlay-gradient":""},"tablet":{"background-color":"var(--ast-global-color-5)","background-image":"","background-repeat":"repeat","background-position":"center center","background-size":"auto","background-attachment":"scroll","background-type":"","background-media":"","overlay-type":"","overlay-color":"","overlay-opacity":"","overlay-gradient":""},"mobile":{"background-color":"var(--ast-global-color-5)","background-image":"","background-repeat":"repeat","background-position":"center center","background-size":"auto","background-attachment":"scroll","background-type":"","background-media":"","overlay-type":"","overlay-color":"","overlay-opacity":"","overlay-gradient":""}},"footnotes":""},"class_list":["post-119","page","type-page","status-publish","hentry"],"acf":[],"yoast_head":"<!-- This site is optimized with the Yoast SEO Premium plugin v22.4 (Yoast SEO v27.4) - https:\/\/yoast.com\/product\/yoast-seo-premium-wordpress\/ -->\n<title>Nosotros -<\/title>\n<meta name=\"robots\" content=\"index, follow, max-snippet:-1, max-image-preview:large, max-video-preview:-1\" \/>\n<link rel=\"canonical\" href=\"https:\/\/www.omnesbands.international\/fr\/about-us\/\" \/>\n<meta property=\"og:locale\" content=\"fr_FR\" \/>\n<meta property=\"og:type\" content=\"article\" \/>\n<meta property=\"og:title\" content=\"Nosotros\" \/>\n<meta property=\"og:description\" content=\"VISI\u00d3N Contribuir al desarrollo y difusi\u00f3n de la creatividad, caracter\u00edstica descollante de la humanidad, en beneficio de todos. MISI\u00d3N Servir de puente entre autores y empresas o grupos musicales beneficiando a todos con transparencia y excelencia. Solo con obras originales y con un modelo de gesti\u00f3n integral de la m\u00fasica de nueva creaci\u00f3n. Nuestra Empresa [&hellip;]\" \/>\n<meta property=\"og:url\" content=\"https:\/\/www.omnesbands.international\/fr\/about-us\/\" \/>\n<meta property=\"article:modified_time\" content=\"2023-08-01T15:20:44+00:00\" \/>\n<meta property=\"og:image\" content=\"https:\/\/omnesbands.international\/wp-content\/uploads\/2023\/01\/man-conductor-musician-5658724-1024x576.jpg\" \/>\n<meta name=\"twitter:card\" content=\"summary_large_image\" \/>\n<meta name=\"twitter:label1\" content=\"Dur\u00e9e de lecture estim\u00e9e\" \/>\n\t<meta name=\"twitter:data1\" content=\"3 minutes\" \/>\n<script type=\"application\/ld+json\" class=\"yoast-schema-graph\">{\"@context\":\"https:\\\/\\\/schema.org\",\"@graph\":[{\"@type\":\"WebPage\",\"@id\":\"https:\\\/\\\/www.omnesbands.international\\\/about-us\\\/\",\"url\":\"https:\\\/\\\/www.omnesbands.international\\\/about-us\\\/\",\"name\":\"Nosotros -\",\"isPartOf\":{\"@id\":\"https:\\\/\\\/www.omnesbands.international\\\/#website\"},\"primaryImageOfPage\":{\"@id\":\"https:\\\/\\\/www.omnesbands.international\\\/about-us\\\/#primaryimage\"},\"image\":{\"@id\":\"https:\\\/\\\/www.omnesbands.international\\\/about-us\\\/#primaryimage\"},\"thumbnailUrl\":\"https:\\\/\\\/omnesbands.international\\\/wp-content\\\/uploads\\\/2023\\\/01\\\/man-conductor-musician-5658724-1024x576.jpg\",\"datePublished\":\"2020-08-20T10:02:41+00:00\",\"dateModified\":\"2023-08-01T15:20:44+00:00\",\"breadcrumb\":{\"@id\":\"https:\\\/\\\/www.omnesbands.international\\\/about-us\\\/#breadcrumb\"},\"inLanguage\":\"fr-FR\",\"potentialAction\":[{\"@type\":\"ReadAction\",\"target\":[\"https:\\\/\\\/www.omnesbands.international\\\/about-us\\\/\"]}]},{\"@type\":\"ImageObject\",\"inLanguage\":\"fr-FR\",\"@id\":\"https:\\\/\\\/www.omnesbands.international\\\/about-us\\\/#primaryimage\",\"url\":\"https:\\\/\\\/omnesbands.international\\\/wp-content\\\/uploads\\\/2023\\\/01\\\/man-conductor-musician-5658724-1024x576.jpg\",\"contentUrl\":\"https:\\\/\\\/omnesbands.international\\\/wp-content\\\/uploads\\\/2023\\\/01\\\/man-conductor-musician-5658724-1024x576.jpg\"},{\"@type\":\"BreadcrumbList\",\"@id\":\"https:\\\/\\\/www.omnesbands.international\\\/about-us\\\/#breadcrumb\",\"itemListElement\":[{\"@type\":\"ListItem\",\"position\":1,\"name\":\"Portada\",\"item\":\"https:\\\/\\\/www.omnesbands.international\\\/\"},{\"@type\":\"ListItem\",\"position\":2,\"name\":\"Nosotros\"}]},{\"@type\":\"WebSite\",\"@id\":\"https:\\\/\\\/www.omnesbands.international\\\/#website\",\"url\":\"https:\\\/\\\/www.omnesbands.international\\\/\",\"name\":\"OMNESBANDS International\",\"description\":\"Partituras Originales de autores y compositores independientes\",\"publisher\":{\"@id\":\"https:\\\/\\\/www.omnesbands.international\\\/#organization\"},\"potentialAction\":[{\"@type\":\"SearchAction\",\"target\":{\"@type\":\"EntryPoint\",\"urlTemplate\":\"https:\\\/\\\/www.omnesbands.international\\\/?s={search_term_string}\"},\"query-input\":{\"@type\":\"PropertyValueSpecification\",\"valueRequired\":true,\"valueName\":\"search_term_string\"}}],\"inLanguage\":\"fr-FR\"},{\"@type\":\"Organization\",\"@id\":\"https:\\\/\\\/www.omnesbands.international\\\/#organization\",\"name\":\"Indra Consultores Internacionales\",\"alternateName\":\"Omnesbands\",\"url\":\"https:\\\/\\\/www.omnesbands.international\\\/\",\"logo\":{\"@type\":\"ImageObject\",\"inLanguage\":\"fr-FR\",\"@id\":\"https:\\\/\\\/www.omnesbands.international\\\/#\\\/schema\\\/logo\\\/image\\\/\",\"url\":\"https:\\\/\\\/omnesbands.international\\\/wp-content\\\/uploads\\\/2023\\\/06\\\/Logo-Nuevo-.png\",\"contentUrl\":\"https:\\\/\\\/omnesbands.international\\\/wp-content\\\/uploads\\\/2023\\\/06\\\/Logo-Nuevo-.png\",\"width\":394,\"height\":212,\"caption\":\"Indra Consultores Internacionales\"},\"image\":{\"@id\":\"https:\\\/\\\/www.omnesbands.international\\\/#\\\/schema\\\/logo\\\/image\\\/\"}}]}<\/script>\n<!-- \/ Yoast SEO Premium plugin. -->","yoast_head_json":{"title":"Nosotros -","robots":{"index":"index","follow":"follow","max-snippet":"max-snippet:-1","max-image-preview":"max-image-preview:large","max-video-preview":"max-video-preview:-1"},"canonical":"https:\/\/www.omnesbands.international\/fr\/about-us\/","og_locale":"fr_FR","og_type":"article","og_title":"Nosotros","og_description":"VISI\u00d3N Contribuir al desarrollo y difusi\u00f3n de la creatividad, caracter\u00edstica descollante de la humanidad, en beneficio de todos. MISI\u00d3N Servir de puente entre autores y empresas o grupos musicales beneficiando a todos con transparencia y excelencia. Solo con obras originales y con un modelo de gesti\u00f3n integral de la m\u00fasica de nueva creaci\u00f3n. Nuestra Empresa [&hellip;]","og_url":"https:\/\/www.omnesbands.international\/fr\/about-us\/","article_modified_time":"2023-08-01T15:20:44+00:00","og_image":[{"url":"https:\/\/omnesbands.international\/wp-content\/uploads\/2023\/01\/man-conductor-musician-5658724-1024x576.jpg","type":"","width":"","height":""}],"twitter_card":"summary_large_image","twitter_misc":{"Dur\u00e9e de lecture estim\u00e9e":"3 minutes"},"schema":{"@context":"https:\/\/schema.org","@graph":[{"@type":"WebPage","@id":"https:\/\/www.omnesbands.international\/about-us\/","url":"https:\/\/www.omnesbands.international\/about-us\/","name":"Nosotros -","isPartOf":{"@id":"https:\/\/www.omnesbands.international\/#website"},"primaryImageOfPage":{"@id":"https:\/\/www.omnesbands.international\/about-us\/#primaryimage"},"image":{"@id":"https:\/\/www.omnesbands.international\/about-us\/#primaryimage"},"thumbnailUrl":"https:\/\/omnesbands.international\/wp-content\/uploads\/2023\/01\/man-conductor-musician-5658724-1024x576.jpg","datePublished":"2020-08-20T10:02:41+00:00","dateModified":"2023-08-01T15:20:44+00:00","breadcrumb":{"@id":"https:\/\/www.omnesbands.international\/about-us\/#breadcrumb"},"inLanguage":"fr-FR","potentialAction":[{"@type":"ReadAction","target":["https:\/\/www.omnesbands.international\/about-us\/"]}]},{"@type":"ImageObject","inLanguage":"fr-FR","@id":"https:\/\/www.omnesbands.international\/about-us\/#primaryimage","url":"https:\/\/omnesbands.international\/wp-content\/uploads\/2023\/01\/man-conductor-musician-5658724-1024x576.jpg","contentUrl":"https:\/\/omnesbands.international\/wp-content\/uploads\/2023\/01\/man-conductor-musician-5658724-1024x576.jpg"},{"@type":"BreadcrumbList","@id":"https:\/\/www.omnesbands.international\/about-us\/#breadcrumb","itemListElement":[{"@type":"ListItem","position":1,"name":"Portada","item":"https:\/\/www.omnesbands.international\/"},{"@type":"ListItem","position":2,"name":"Nosotros"}]},{"@type":"WebSite","@id":"https:\/\/www.omnesbands.international\/#website","url":"https:\/\/www.omnesbands.international\/","name":"OMNESBANDS International","description":"Partitions originales d&#039;auteurs et compositeurs ind\u00e9pendants","publisher":{"@id":"https:\/\/www.omnesbands.international\/#organization"},"potentialAction":[{"@type":"SearchAction","target":{"@type":"EntryPoint","urlTemplate":"https:\/\/www.omnesbands.international\/?s={search_term_string}"},"query-input":{"@type":"PropertyValueSpecification","valueRequired":true,"valueName":"search_term_string"}}],"inLanguage":"fr-FR"},{"@type":"Organization","@id":"https:\/\/www.omnesbands.international\/#organization","name":"Indra Consultants Internationaux","alternateName":"Omnesbands","url":"https:\/\/www.omnesbands.international\/","logo":{"@type":"ImageObject","inLanguage":"fr-FR","@id":"https:\/\/www.omnesbands.international\/#\/schema\/logo\/image\/","url":"https:\/\/omnesbands.international\/wp-content\/uploads\/2023\/06\/Logo-Nuevo-.png","contentUrl":"https:\/\/omnesbands.international\/wp-content\/uploads\/2023\/06\/Logo-Nuevo-.png","width":394,"height":212,"caption":"Indra Consultores Internacionales"},"image":{"@id":"https:\/\/www.omnesbands.international\/#\/schema\/logo\/image\/"}}]}},"uagb_featured_image_src":{"full":false,"thumbnail":false,"medium":false,"medium_large":false,"large":false,"1536x1536":false,"2048x2048":false,"trp-custom-language-flag":false,"gg_gallery_thumbnail":false,"woocommerce_thumbnail":false,"woocommerce_single":false,"woocommerce_gallery_thumbnail":false},"uagb_author_info":{"display_name":"Melvin R. Portillo A:","author_link":"https:\/\/www.omnesbands.international\/fr\/author\/portand\/"},"uagb_comment_info":0,"uagb_excerpt":"VISI\u00d3N Contribuir al desarrollo y difusi\u00f3n de la creatividad, caracter\u00edstica descollante de la humanidad, en beneficio de todos. MISI\u00d3N Servir de puente entre autores y empresas o grupos musicales beneficiando a todos con transparencia y excelencia. Solo con obras originales y con un modelo de gesti\u00f3n integral de la m\u00fasica de nueva creaci\u00f3n. Nuestra Empresa\u2026","_links":{"self":[{"href":"https:\/\/www.omnesbands.international\/fr\/wp-json\/wp\/v2\/pages\/119","targetHints":{"allow":["GET"]}}],"collection":[{"href":"https:\/\/www.omnesbands.international\/fr\/wp-json\/wp\/v2\/pages"}],"about":[{"href":"https:\/\/www.omnesbands.international\/fr\/wp-json\/wp\/v2\/types\/page"}],"author":[{"embeddable":true,"href":"https:\/\/www.omnesbands.international\/fr\/wp-json\/wp\/v2\/users\/4"}],"replies":[{"embeddable":true,"href":"https:\/\/www.omnesbands.international\/fr\/wp-json\/wp\/v2\/comments?post=119"}],"version-history":[{"count":4,"href":"https:\/\/www.omnesbands.international\/fr\/wp-json\/wp\/v2\/pages\/119\/revisions"}],"predecessor-version":[{"id":2360,"href":"https:\/\/www.omnesbands.international\/fr\/wp-json\/wp\/v2\/pages\/119\/revisions\/2360"}],"wp:attachment":[{"href":"https:\/\/www.omnesbands.international\/fr\/wp-json\/wp\/v2\/media?parent=119"}],"curies":[{"name":"wp","href":"https:\/\/api.w.org\/{rel}","templated":true}]}}