{"id":1592,"date":"2023-01-27T23:24:17","date_gmt":"2023-01-28T05:24:17","guid":{"rendered":"https:\/\/omnesbands.international\/?page_id=1592"},"modified":"2023-01-28T11:44:49","modified_gmt":"2023-01-28T17:44:49","slug":"damian-molina-beneyto-2","status":"publish","type":"page","link":"https:\/\/www.omnesbands.international\/fr\/damian-molina-beneyto-2\/","title":{"rendered":"Damien Molina Beneyto"},"content":{"rendered":"<div class=\"wp-block-uagb-container uagb-block-ecdb5dfc alignfull uagb-is-root-container\"><div class=\"uagb-container-inner-blocks-wrap\">\n<div class=\"wp-block-uagb-advanced-heading uagb-block-99e8c84e\"><h1 class=\"uagb-heading-text\">Damien Molina Beneyto<\/h1><\/div>\n<\/div><\/div>\n\n\n\n<div class=\"wp-block-uagb-container uagb-block-fc663b89 alignfull uagb-is-root-container\"><div class=\"uagb-container-inner-blocks-wrap\">\n<div class=\"wp-block-uagb-container uagb-block-9938d031 alignfull uagb-is-root-container\"><div class=\"uagb-container-inner-blocks-wrap\">\n<p>Dami\u00e1n Molina Beneyto est n\u00e9 le 19 septembre 1970, fils d&#039;Agust\u00ed Molina Molina (m\u00e9canicien de profession) et d&#039;Amparo Beneyto Gisbert (tisserand quand elle \u00e9tait jeune, et magnifique m\u00e8re et femme au foyer).<\/p>\n<p>Sans aucune tradition musicale \u00e0 la maison, \u00e0 l&#039;\u00e2ge de 7 ans, il demande \u00e0 ses parents qu&#039;il veuille \u00e9tudier la musique, chose qui surprend les parents, mais \u00e0 aucun moment ils n&#039;h\u00e9sitent \u00e0 soutenir l&#039;illusion de leur fils, qui prend bient\u00f4t le bon chemin sous la main d&#039;Antonio Calatayud Va\u00f1\u00f3, \u00e0 la fois en solf\u00e8ge et en clarinette<\/p>\n<p>\u00c0 seulement neuf ans, il assiste d\u00e9j\u00e0 aux r\u00e9p\u00e9titions de l&#039;Uni\u00f3n Musical de Boca-rent, \u00e0 laquelle il appartient officiellement depuis f\u00e9vrier 1980, donnant son premier concert avec la clarinette le 31 mars 1980.<\/p>\n<p>En septembre 1980, il commence ses \u00e9tudes au conservatoire de musique \u00ab Jos\u00e9 Melchor Gomis \u00bb \u00e0 Ontinyent, poursuivant sa formation aux conservatoires \u00ab Mestre Vert \u00bb de Carcaixent, \u00ab J. Rodrigo&quot; de Valence, &quot;Teresa Bayona&quot; de Saragosse et &quot;Oscar Espl\u00e1&quot; d&#039;Alicante.<\/p>\n<p>\u00c0 l&#039;\u00e9t\u00e9 1986, il commence sa formation de chef d&#039;orchestre en suivant le Cours international de direction de ch\u0153ur \u00e0 Lleida, exp\u00e9rience qu&#039;il r\u00e9p\u00e9tera jusqu&#039;en 1991.<\/p>\n<p>En septembre 1986, il assume la direction du c\u0153ur paroissial de Bocairent, une facette qu&#039;il d\u00e9veloppera pendant plus d&#039;une d\u00e9cennie, atteignant un haut niveau d&#039;interpr\u00e9tation reconnu \u00e0 Bocairent et dans les communes environnantes.<\/p>\n<p>Parall\u00e8lement, \u00e0 l&#039;Universit\u00e9 polytechnique de Valence, il obtient le titre d&#039;ing\u00e9nieur technique industriel, dans la sp\u00e9cialit\u00e9 \u00e9lectrique, o\u00f9 il suit \u00e9galement d&#039;autres cours li\u00e9s \u00e0 l&#039;appareillage \u00e9lectrique.<\/p>\n<p>En 1993, il commence une formation en direction d&#039;orchestre, suit des cours et des s\u00e9minaires o\u00f9 il continue \u00e0 \u00e9tudier la p\u00e9dagogie, la clarinette, la direction d&#039;orchestre et la composition. Ses professeurs ont \u00e9t\u00e9 de grand prestige national et international : Laszlo Heltay, Alain Langree, Stanislav Krousovsky, Ana Luc\u00eda Roza, Maravillas D\u00edaz, Jan Cober, Jos\u00e9 Rafael Pascual, Jos\u00e9 Vte. Herrera, Emilio Molina, Eugen Corporon, etc. Ce sont, entre autres, ceux qui ont compl\u00e9t\u00e9 sa formation pendant plus de deux d\u00e9cennies, intellectuellement et en tant que personne ouverte \u00e0 tous, d\u00e9sireuse de travailler et de collaborer \u00e0 toutes sortes de nouveaux projets, \u00e9tudes et exp\u00e9rimentations musicales.<\/p>\n<p>ACTIVIT\u00c9S R\u00c9ALIS\u00c9ES ET D\u00c9VELOPP\u00c9ES JUSQU&#039;\u00c0 PR\u00c9SENT\u00a0:<\/p>\n<p>Professeur:<\/p>\n<p>Professeur de clarinette \u00e0 l&#039;Acad\u00e9mie de l&#039;Association Musicale Uni\u00f3n de Boca-rent, de 1986 \u00e0 1989<br \/>Professeur de solf\u00e8ge au Conservatoire d&#039;Ontinyent, extension \u00e0 Bocairent, pendant les cours 1989-1990 et 1990-1991<br \/>Professeur de clarinette et de langage musical \u00e0 l&#039;\u00c9cole R\u00e9gionale de Musique de la Vall\u00e9e d&#039;Albaida depuis l&#039;ann\u00e9e acad\u00e9mique 1991-1992, jusqu&#039;\u00e0 <br \/>l 2001-2002, \u00e0 l&#039;exception de l&#039;ann\u00e9e acad\u00e9mique 1995-1996, pour l&#039;accomplissement du Service Militaire.<br \/>Professeur ESO sp\u00e9cialis\u00e9 en musique, au CC La Milagrosa de Ontinyent, dans les cours 1996-97 et 1997-98.<\/p>\n<p>En tant que compositeur, il a remport\u00e9 plusieurs prix dans des concours de composition : trois premiers prix sont \u00e0 souligner, un \u00e0 Benidorm, en 1999, et un autre \u00e0 Muro de Alcoi, en 2009, avec l&#039;\u0153uvre pour groupe symphonique \u00ab Dodecaedro Sonoro \u00bb, et un autre r\u00e9cemment (2011), convoqu\u00e9 par le &quot;CESM&quot; (Conf\u00e9d\u00e9ration espagnole des soci\u00e9t\u00e9s musicales), avec l&#039;oeuvre symphonique &quot;ONIROS&quot;.<\/p>\n<p>Il a \u00e9t\u00e9 chef principal du ch\u0153ur polyphonique &quot;Ciutat d&#039;Alcira&quot;, de l&#039;&quot;Associaci\u00f3 Musical El Verger&quot; et du &quot;Grup Tardor&quot; (groupe de voix et d&#039;instruments \u00e0 impulsion et pua). Depuis 2000, il est le chef principal de la \u00ab Uni\u00f3n Musical Xeraco \u00bb, et depuis 2012 de la \u00ab Societat Instructiva Uni\u00f3 Musical de Xeresa \u00bb.<\/p>\n<p>Dans la section d&#039;enseignement de la musique, il a \u00e9t\u00e9 professeur de solf\u00e8ge et de trompette \u00e0 l&#039;\u00e9cole de musique Xeraco, professeur de solf\u00e8ge \u00e0 l&#039;\u00e9cole de musique Alf\u00e1s del Pi, professeur d&#039;harmonie, de contrepoint et d&#039;analyse au conservatoire professionnel &quot;District Mar\u00edtim&quot; de le Grau de Gandia et les conservatoires sup\u00e9rieurs de musique de Valence, Castell\u00f3n et Alicante. Actuellement, et depuis 2006, il est professeur par opposition au conservatoire professionnel municipal &quot;Jos\u00e9 P\u00e9rez Barcel\u00f3&quot; de Benidorm.<\/p>\n\n\n<div class=\"woocommerce columns-4\"><ul class=\"products columns-4\">\n<li class=\"desktop-align-left tablet-align-left mobile-align-left ast-product-gallery-layout-horizontal-slider product type-product post-1041 status-publish first instock product_cat-musica-de-calle product_tag-damian-molina-beneyto has-post-thumbnail downloadable virtual taxable purchasable product-type-simple\">\n\t<a href=\"https:\/\/www.omnesbands.international\/fr\/produit\/almogaver-consteta\/\" class=\"woocommerce-LoopProduct-link woocommerce-loop-product__link\"><img loading=\"lazy\" decoding=\"async\" width=\"300\" height=\"300\" src=\"https:\/\/www.omnesbands.international\/wp-content\/uploads\/2023\/01\/Almogavar-300x300.jpg\" class=\"attachment-woocommerce_thumbnail size-woocommerce_thumbnail\" alt=\"Almog\u00e1var Consteta\" srcset=\"https:\/\/www.omnesbands.international\/wp-content\/uploads\/2023\/01\/Almogavar-300x300.jpg 300w, https:\/\/www.omnesbands.international\/wp-content\/uploads\/2023\/01\/Almogavar-150x150.jpg 150w, https:\/\/www.omnesbands.international\/wp-content\/uploads\/2023\/01\/Almogavar-100x100.jpg 100w\" sizes=\"auto, (max-width: 300px) 100vw, 300px\" \/><h2 class=\"woocommerce-loop-product__title\">Almogavar Consteta<\/h2>\n\t<span class=\"price\"><span class=\"woocommerce-Price-amount amount\"><bdi><span class=\"woocommerce-Price-currencySymbol\">&#36;<\/span>25.00<\/bdi><\/span><\/span>\n<\/a><a href=\"\/fr\/wp-json\/wp\/v2\/pages\/1592?add-to-cart=1041\" aria-describedby=\"woocommerce_loop_add_to_cart_link_describedby_1041\" data-quantity=\"1\" class=\"button product_type_simple add_to_cart_button ajax_add_to_cart\" data-product_id=\"1041\" data-product_sku=\"ALMO-CAL-ESP-22\" aria-label=\"Ajouter au panier : \u00ab Almog\u00e1var Consteta \u00bb\" rel=\"nofollow\" data-success_message=\"\u00ab\u00a0Almog\u00e1var Consteta\u00a0\u00bb a \u00e9t\u00e9 ajout\u00e9 \u00e0 votre panier\" role=\"button\" data-no-translation=\"\" data-trp-gettext=\"\" data-no-translation-aria-label=\"\" data-no-translation-data-success_message=\"\">Ajouter au panier<\/a>\t<span id=\"woocommerce_loop_add_to_cart_link_describedby_1041\" class=\"screen-reader-text\">\n\t\t\t<\/span>\n<\/li>\n<li class=\"desktop-align-left tablet-align-left mobile-align-left ast-product-gallery-layout-horizontal-slider product type-product post-1194 status-publish instock product_cat-musica-de-calle product_tag-damian-molina-beneyto has-post-thumbnail downloadable virtual taxable purchasable product-type-simple\">\n\t<a href=\"https:\/\/www.omnesbands.international\/fr\/produit\/ignacio-capita-zuau\/\" class=\"woocommerce-LoopProduct-link woocommerce-loop-product__link\"><img loading=\"lazy\" decoding=\"async\" width=\"300\" height=\"300\" src=\"https:\/\/www.omnesbands.international\/wp-content\/uploads\/2023\/01\/Ignacio-Capita-Zuau-1-300x300.jpg\" class=\"attachment-woocommerce_thumbnail size-woocommerce_thumbnail\" alt=\"Ignacio Capit\u00e1 Zuau\" srcset=\"https:\/\/www.omnesbands.international\/wp-content\/uploads\/2023\/01\/Ignacio-Capita-Zuau-1-300x300.jpg 300w, https:\/\/www.omnesbands.international\/wp-content\/uploads\/2023\/01\/Ignacio-Capita-Zuau-1-150x150.jpg 150w, https:\/\/www.omnesbands.international\/wp-content\/uploads\/2023\/01\/Ignacio-Capita-Zuau-1-11x12.jpg 11w, https:\/\/www.omnesbands.international\/wp-content\/uploads\/2023\/01\/Ignacio-Capita-Zuau-1-100x100.jpg 100w\" sizes=\"auto, (max-width: 300px) 100vw, 300px\" \/><h2 class=\"woocommerce-loop-product__title\">Ignacio Capita Zuau<\/h2>\n\t<span class=\"price\"><span class=\"woocommerce-Price-amount amount\"><bdi><span class=\"woocommerce-Price-currencySymbol\">&#36;<\/span>25.00<\/bdi><\/span><\/span>\n<\/a><a href=\"\/fr\/wp-json\/wp\/v2\/pages\/1592?add-to-cart=1194\" aria-describedby=\"woocommerce_loop_add_to_cart_link_describedby_1194\" data-quantity=\"1\" class=\"button product_type_simple add_to_cart_button ajax_add_to_cart\" data-product_id=\"1194\" data-product_sku=\"IGN-CAL-ESP-22\" aria-label=\"Ajouter au panier : \u00ab Ignacio Capit\u00e1 Zuau \u00bb\" rel=\"nofollow\" data-success_message=\"\u00ab\u00a0Ignacio Capit\u00e1 Zuau\u00a0\u00bb a \u00e9t\u00e9 ajout\u00e9 \u00e0 votre panier\" role=\"button\" data-no-translation=\"\" data-trp-gettext=\"\" data-no-translation-aria-label=\"\" data-no-translation-data-success_message=\"\">Ajouter au panier<\/a>\t<span id=\"woocommerce_loop_add_to_cart_link_describedby_1194\" class=\"screen-reader-text\">\n\t\t\t<\/span>\n<\/li>\n<li class=\"desktop-align-left tablet-align-left mobile-align-left ast-product-gallery-layout-horizontal-slider product type-product post-1221 status-publish instock product_cat-musica-de-calle product_tag-damian-molina-beneyto has-post-thumbnail downloadable virtual taxable purchasable product-type-simple\">\n\t<a href=\"https:\/\/www.omnesbands.international\/fr\/produit\/marmotes\/\" class=\"woocommerce-LoopProduct-link woocommerce-loop-product__link\"><img loading=\"lazy\" decoding=\"async\" width=\"300\" height=\"300\" src=\"https:\/\/www.omnesbands.international\/wp-content\/uploads\/2023\/01\/Marmotes-1-300x300.jpg\" class=\"attachment-woocommerce_thumbnail size-woocommerce_thumbnail\" alt=\"Marmotes\" srcset=\"https:\/\/www.omnesbands.international\/wp-content\/uploads\/2023\/01\/Marmotes-1-300x300.jpg 300w, https:\/\/www.omnesbands.international\/wp-content\/uploads\/2023\/01\/Marmotes-1-150x150.jpg 150w, https:\/\/www.omnesbands.international\/wp-content\/uploads\/2023\/01\/Marmotes-1-100x100.jpg 100w\" sizes=\"auto, (max-width: 300px) 100vw, 300px\" \/><h2 class=\"woocommerce-loop-product__title\">marmottes<\/h2>\n\t<span class=\"price\"><span class=\"woocommerce-Price-amount amount\"><bdi><span class=\"woocommerce-Price-currencySymbol\">&#36;<\/span>25.00<\/bdi><\/span><\/span>\n<\/a><a href=\"\/fr\/wp-json\/wp\/v2\/pages\/1592?add-to-cart=1221\" aria-describedby=\"woocommerce_loop_add_to_cart_link_describedby_1221\" data-quantity=\"1\" class=\"button product_type_simple add_to_cart_button ajax_add_to_cart\" data-product_id=\"1221\" data-product_sku=\"MAR-CAL-ESP-22\" aria-label=\"Ajouter au panier : \u00ab Marmotes \u00bb\" rel=\"nofollow\" data-success_message=\"\u00ab\u00a0Marmotes\u00a0\u00bb a \u00e9t\u00e9 ajout\u00e9 \u00e0 votre panier\" role=\"button\" data-no-translation=\"\" data-trp-gettext=\"\" data-no-translation-aria-label=\"\" data-no-translation-data-success_message=\"\">Ajouter au panier<\/a>\t<span id=\"woocommerce_loop_add_to_cart_link_describedby_1221\" class=\"screen-reader-text\">\n\t\t\t<\/span>\n<\/li>\n<\/ul>\n<\/div>\n<\/div><\/div>\n<\/div><\/div>","protected":false},"excerpt":{"rendered":"<p>Dami\u00e1n Molina Beneyto Dami\u00e1n Molina Beneyto, nace el 19 de septiembre de 1970, hijo de Agust\u00ed Molina Molina (mec\u00e1nico de profesi\u00f3n) y Amparo Beneyto Gisbert (tejedora de joven, y magn\u00edfica madre y due\u00f1a de casa). Sin ninguna tradici\u00f3n musical en casa, a la edad de 7 a\u00f1os pidi\u00f3 a sus padres que quer\u00eda estudiar m\u00fasica, [&hellip;]<\/p>\n","protected":false},"author":4,"featured_media":0,"parent":0,"menu_order":0,"comment_status":"closed","ping_status":"closed","template":"","meta":{"_acf_changed":false,"_uag_custom_page_level_css":"","site-sidebar-layout":"default","site-content-layout":"","ast-site-content-layout":"default","site-content-style":"default","site-sidebar-style":"default","ast-global-header-display":"","ast-banner-title-visibility":"","ast-main-header-display":"","ast-hfb-above-header-display":"","ast-hfb-below-header-display":"","ast-hfb-mobile-header-display":"","site-post-title":"disabled","ast-breadcrumbs-content":"","ast-featured-img":"","footer-sml-layout":"","ast-disable-related-posts":"","theme-transparent-header-meta":"","adv-header-id-meta":"","stick-header-meta":"","header-above-stick-meta":"","header-main-stick-meta":"","header-below-stick-meta":"","astra-migrate-meta-layouts":"default","ast-page-background-enabled":"default","ast-page-background-meta":{"desktop":{"background-color":"","background-image":"","background-repeat":"repeat","background-position":"center center","background-size":"auto","background-attachment":"scroll","background-type":"","background-media":"","overlay-type":"","overlay-color":"","overlay-opacity":"","overlay-gradient":""},"tablet":{"background-color":"","background-image":"","background-repeat":"repeat","background-position":"center center","background-size":"auto","background-attachment":"scroll","background-type":"","background-media":"","overlay-type":"","overlay-color":"","overlay-opacity":"","overlay-gradient":""},"mobile":{"background-color":"","background-image":"","background-repeat":"repeat","background-position":"center center","background-size":"auto","background-attachment":"scroll","background-type":"","background-media":"","overlay-type":"","overlay-color":"","overlay-opacity":"","overlay-gradient":""}},"ast-content-background-meta":{"desktop":{"background-color":"var(--ast-global-color-5)","background-image":"","background-repeat":"repeat","background-position":"center center","background-size":"auto","background-attachment":"scroll","background-type":"","background-media":"","overlay-type":"","overlay-color":"","overlay-opacity":"","overlay-gradient":""},"tablet":{"background-color":"var(--ast-global-color-5)","background-image":"","background-repeat":"repeat","background-position":"center center","background-size":"auto","background-attachment":"scroll","background-type":"","background-media":"","overlay-type":"","overlay-color":"","overlay-opacity":"","overlay-gradient":""},"mobile":{"background-color":"var(--ast-global-color-5)","background-image":"","background-repeat":"repeat","background-position":"center center","background-size":"auto","background-attachment":"scroll","background-type":"","background-media":"","overlay-type":"","overlay-color":"","overlay-opacity":"","overlay-gradient":""}},"footnotes":""},"class_list":["post-1592","page","type-page","status-publish","hentry"],"acf":[],"yoast_head":"<!-- This site is optimized with the Yoast SEO Premium plugin v22.4 (Yoast SEO v27.4) - https:\/\/yoast.com\/product\/yoast-seo-premium-wordpress\/ -->\n<title>Dami\u00e1n Molina Beneyto -<\/title>\n<meta name=\"robots\" content=\"index, follow, max-snippet:-1, max-image-preview:large, max-video-preview:-1\" \/>\n<link rel=\"canonical\" href=\"https:\/\/www.omnesbands.international\/fr\/damian-molina-beneyto-2\/\" \/>\n<meta property=\"og:locale\" content=\"fr_FR\" \/>\n<meta property=\"og:type\" content=\"article\" \/>\n<meta property=\"og:title\" content=\"Dami\u00e1n Molina Beneyto\" \/>\n<meta property=\"og:description\" content=\"Dami\u00e1n Molina Beneyto Dami\u00e1n Molina Beneyto, nace el 19 de septiembre de 1970, hijo de Agust\u00ed Molina Molina (mec\u00e1nico de profesi\u00f3n) y Amparo Beneyto Gisbert (tejedora de joven, y magn\u00edfica madre y due\u00f1a de casa). Sin ninguna tradici\u00f3n musical en casa, a la edad de 7 a\u00f1os pidi\u00f3 a sus padres que quer\u00eda estudiar m\u00fasica, [&hellip;]\" \/>\n<meta property=\"og:url\" content=\"https:\/\/www.omnesbands.international\/fr\/damian-molina-beneyto-2\/\" \/>\n<meta property=\"article:modified_time\" content=\"2023-01-28T17:44:49+00:00\" \/>\n<meta property=\"og:image\" content=\"https:\/\/www.omnesbands.international\/wp-content\/uploads\/2023\/01\/music-sheet-music-snowdrop-7107045.jpg\" \/>\n\t<meta property=\"og:image:width\" content=\"1280\" \/>\n\t<meta property=\"og:image:height\" content=\"742\" \/>\n\t<meta property=\"og:image:type\" content=\"image\/jpeg\" \/>\n<meta name=\"twitter:card\" content=\"summary_large_image\" \/>\n<meta name=\"twitter:label1\" content=\"Dur\u00e9e de lecture estim\u00e9e\" \/>\n\t<meta name=\"twitter:data1\" content=\"3 minutes\" \/>\n<script type=\"application\/ld+json\" class=\"yoast-schema-graph\">{\"@context\":\"https:\\\/\\\/schema.org\",\"@graph\":[{\"@type\":\"WebPage\",\"@id\":\"https:\\\/\\\/www.omnesbands.international\\\/en\\\/damian-molina-beneyto-2\\\/\",\"url\":\"https:\\\/\\\/www.omnesbands.international\\\/en\\\/damian-molina-beneyto-2\\\/\",\"name\":\"Dami\u00e1n Molina Beneyto -\",\"isPartOf\":{\"@id\":\"https:\\\/\\\/www.omnesbands.international\\\/#website\"},\"datePublished\":\"2023-01-28T05:24:17+00:00\",\"dateModified\":\"2023-01-28T17:44:49+00:00\",\"breadcrumb\":{\"@id\":\"https:\\\/\\\/www.omnesbands.international\\\/en\\\/damian-molina-beneyto-2\\\/#breadcrumb\"},\"inLanguage\":\"fr-FR\",\"potentialAction\":[{\"@type\":\"ReadAction\",\"target\":[\"https:\\\/\\\/www.omnesbands.international\\\/en\\\/damian-molina-beneyto-2\\\/\"]}]},{\"@type\":\"BreadcrumbList\",\"@id\":\"https:\\\/\\\/www.omnesbands.international\\\/en\\\/damian-molina-beneyto-2\\\/#breadcrumb\",\"itemListElement\":[{\"@type\":\"ListItem\",\"position\":1,\"name\":\"Portada\",\"item\":\"https:\\\/\\\/www.omnesbands.international\\\/\"},{\"@type\":\"ListItem\",\"position\":2,\"name\":\"Dami\u00e1n Molina Beneyto\"}]},{\"@type\":\"WebSite\",\"@id\":\"https:\\\/\\\/www.omnesbands.international\\\/#website\",\"url\":\"https:\\\/\\\/www.omnesbands.international\\\/\",\"name\":\"OMNESBANDS International\",\"description\":\"Partituras Originales de autores y compositores independientes\",\"publisher\":{\"@id\":\"https:\\\/\\\/www.omnesbands.international\\\/#organization\"},\"potentialAction\":[{\"@type\":\"SearchAction\",\"target\":{\"@type\":\"EntryPoint\",\"urlTemplate\":\"https:\\\/\\\/www.omnesbands.international\\\/?s={search_term_string}\"},\"query-input\":{\"@type\":\"PropertyValueSpecification\",\"valueRequired\":true,\"valueName\":\"search_term_string\"}}],\"inLanguage\":\"fr-FR\"},{\"@type\":\"Organization\",\"@id\":\"https:\\\/\\\/www.omnesbands.international\\\/#organization\",\"name\":\"Indra Consultores Internacionales\",\"alternateName\":\"Omnesbands\",\"url\":\"https:\\\/\\\/www.omnesbands.international\\\/\",\"logo\":{\"@type\":\"ImageObject\",\"inLanguage\":\"fr-FR\",\"@id\":\"https:\\\/\\\/www.omnesbands.international\\\/#\\\/schema\\\/logo\\\/image\\\/\",\"url\":\"https:\\\/\\\/omnesbands.international\\\/wp-content\\\/uploads\\\/2023\\\/06\\\/Logo-Nuevo-.png\",\"contentUrl\":\"https:\\\/\\\/omnesbands.international\\\/wp-content\\\/uploads\\\/2023\\\/06\\\/Logo-Nuevo-.png\",\"width\":394,\"height\":212,\"caption\":\"Indra Consultores Internacionales\"},\"image\":{\"@id\":\"https:\\\/\\\/www.omnesbands.international\\\/#\\\/schema\\\/logo\\\/image\\\/\"}}]}<\/script>\n<!-- \/ Yoast SEO Premium plugin. -->","yoast_head_json":{"title":"Dami\u00e1n Molina Beneyto -","robots":{"index":"index","follow":"follow","max-snippet":"max-snippet:-1","max-image-preview":"max-image-preview:large","max-video-preview":"max-video-preview:-1"},"canonical":"https:\/\/www.omnesbands.international\/fr\/damian-molina-beneyto-2\/","og_locale":"fr_FR","og_type":"article","og_title":"Dami\u00e1n Molina Beneyto","og_description":"Dami\u00e1n Molina Beneyto Dami\u00e1n Molina Beneyto, nace el 19 de septiembre de 1970, hijo de Agust\u00ed Molina Molina (mec\u00e1nico de profesi\u00f3n) y Amparo Beneyto Gisbert (tejedora de joven, y magn\u00edfica madre y due\u00f1a de casa). Sin ninguna tradici\u00f3n musical en casa, a la edad de 7 a\u00f1os pidi\u00f3 a sus padres que quer\u00eda estudiar m\u00fasica, [&hellip;]","og_url":"https:\/\/www.omnesbands.international\/fr\/damian-molina-beneyto-2\/","article_modified_time":"2023-01-28T17:44:49+00:00","og_image":[{"width":1280,"height":742,"url":"https:\/\/www.omnesbands.international\/wp-content\/uploads\/2023\/01\/music-sheet-music-snowdrop-7107045.jpg","type":"image\/jpeg"}],"twitter_card":"summary_large_image","twitter_misc":{"Dur\u00e9e de lecture estim\u00e9e":"3 minutes"},"schema":{"@context":"https:\/\/schema.org","@graph":[{"@type":"WebPage","@id":"https:\/\/www.omnesbands.international\/en\/damian-molina-beneyto-2\/","url":"https:\/\/www.omnesbands.international\/en\/damian-molina-beneyto-2\/","name":"Dami\u00e1n Molina Beneyto -","isPartOf":{"@id":"https:\/\/www.omnesbands.international\/#website"},"datePublished":"2023-01-28T05:24:17+00:00","dateModified":"2023-01-28T17:44:49+00:00","breadcrumb":{"@id":"https:\/\/www.omnesbands.international\/en\/damian-molina-beneyto-2\/#breadcrumb"},"inLanguage":"fr-FR","potentialAction":[{"@type":"ReadAction","target":["https:\/\/www.omnesbands.international\/en\/damian-molina-beneyto-2\/"]}]},{"@type":"BreadcrumbList","@id":"https:\/\/www.omnesbands.international\/en\/damian-molina-beneyto-2\/#breadcrumb","itemListElement":[{"@type":"ListItem","position":1,"name":"Portada","item":"https:\/\/www.omnesbands.international\/"},{"@type":"ListItem","position":2,"name":"Dami\u00e1n Molina Beneyto"}]},{"@type":"WebSite","@id":"https:\/\/www.omnesbands.international\/#website","url":"https:\/\/www.omnesbands.international\/","name":"OMNESBANDS International","description":"Partitions originales d&#039;auteurs et compositeurs ind\u00e9pendants","publisher":{"@id":"https:\/\/www.omnesbands.international\/#organization"},"potentialAction":[{"@type":"SearchAction","target":{"@type":"EntryPoint","urlTemplate":"https:\/\/www.omnesbands.international\/?s={search_term_string}"},"query-input":{"@type":"PropertyValueSpecification","valueRequired":true,"valueName":"search_term_string"}}],"inLanguage":"fr-FR"},{"@type":"Organization","@id":"https:\/\/www.omnesbands.international\/#organization","name":"Indra Consultants Internationaux","alternateName":"Omnesbands","url":"https:\/\/www.omnesbands.international\/","logo":{"@type":"ImageObject","inLanguage":"fr-FR","@id":"https:\/\/www.omnesbands.international\/#\/schema\/logo\/image\/","url":"https:\/\/omnesbands.international\/wp-content\/uploads\/2023\/06\/Logo-Nuevo-.png","contentUrl":"https:\/\/omnesbands.international\/wp-content\/uploads\/2023\/06\/Logo-Nuevo-.png","width":394,"height":212,"caption":"Indra Consultores Internacionales"},"image":{"@id":"https:\/\/www.omnesbands.international\/#\/schema\/logo\/image\/"}}]}},"uagb_featured_image_src":{"full":false,"thumbnail":false,"medium":false,"medium_large":false,"large":false,"1536x1536":false,"2048x2048":false,"trp-custom-language-flag":false,"gg_gallery_thumbnail":false,"woocommerce_thumbnail":false,"woocommerce_single":false,"woocommerce_gallery_thumbnail":false},"uagb_author_info":{"display_name":"Melvin R. Portillo A:","author_link":"https:\/\/www.omnesbands.international\/fr\/author\/portand\/"},"uagb_comment_info":0,"uagb_excerpt":"Dami\u00e1n Molina Beneyto Dami\u00e1n Molina Beneyto, nace el 19 de septiembre de 1970, hijo de Agust\u00ed Molina Molina (mec\u00e1nico de profesi\u00f3n) y Amparo Beneyto Gisbert (tejedora de joven, y magn\u00edfica madre y due\u00f1a de casa). Sin ninguna tradici\u00f3n musical en casa, a la edad de 7 a\u00f1os pidi\u00f3 a sus padres que quer\u00eda estudiar m\u00fasica,\u2026","_links":{"self":[{"href":"https:\/\/www.omnesbands.international\/fr\/wp-json\/wp\/v2\/pages\/1592","targetHints":{"allow":["GET"]}}],"collection":[{"href":"https:\/\/www.omnesbands.international\/fr\/wp-json\/wp\/v2\/pages"}],"about":[{"href":"https:\/\/www.omnesbands.international\/fr\/wp-json\/wp\/v2\/types\/page"}],"author":[{"embeddable":true,"href":"https:\/\/www.omnesbands.international\/fr\/wp-json\/wp\/v2\/users\/4"}],"replies":[{"embeddable":true,"href":"https:\/\/www.omnesbands.international\/fr\/wp-json\/wp\/v2\/comments?post=1592"}],"version-history":[{"count":4,"href":"https:\/\/www.omnesbands.international\/fr\/wp-json\/wp\/v2\/pages\/1592\/revisions"}],"predecessor-version":[{"id":1609,"href":"https:\/\/www.omnesbands.international\/fr\/wp-json\/wp\/v2\/pages\/1592\/revisions\/1609"}],"wp:attachment":[{"href":"https:\/\/www.omnesbands.international\/fr\/wp-json\/wp\/v2\/media?parent=1592"}],"curies":[{"name":"wp","href":"https:\/\/api.w.org\/{rel}","templated":true}]}}