{"id":1635,"date":"2023-01-28T15:01:36","date_gmt":"2023-01-28T21:01:36","guid":{"rendered":"https:\/\/omnesbands.international\/?page_id=1635"},"modified":"2023-01-28T15:01:38","modified_gmt":"2023-01-28T21:01:38","slug":"daniel-ferrero-silvaje-2","status":"publish","type":"page","link":"https:\/\/www.omnesbands.international\/fr\/daniel-ferrero-silvaje-2\/","title":{"rendered":"DANIEL FERRERO SILVAJE"},"content":{"rendered":"<div class=\"wp-block-uagb-container uagb-block-16a956b1 alignfull uagb-is-root-container\"><div class=\"uagb-container-inner-blocks-wrap\">\n<div class=\"wp-block-uagb-advanced-heading uagb-block-5bea610e\"><h1 class=\"uagb-heading-text\"><strong>DANIEL FERRERO SILVAJE<\/strong><\/h1><\/div>\n<\/div><\/div>\n\n\n\n<div class=\"wp-block-uagb-container uagb-block-d447bf77 alignfull uagb-is-root-container\"><div class=\"uagb-container-inner-blocks-wrap\">\n<p>Dipl\u00f4m\u00e9 en cor, harmonie, composition et instrumentation, direction de ch\u0153ur et direction d&#039;orchestre, Daniel Ferrero a dirig\u00e9 plusieurs ensembles, dont l&#039;Orchestre du Conservatoire de Valence, l&#039;Orchestre Symphonique du Vall\u00e9s, l&#039;Uni\u00f3 Musical de Muro et l&#039;Orchestre Municipal de Villena. De 1987 \u00e0 2000, il a \u00e9t\u00e9 le chef principal du groupe Uni\u00f3n Art\u00edstica Musical de Ontinyent, avec lequel il a remport\u00e9 plusieurs prix. De 2001 \u00e0 2005, il a \u00e9t\u00e9 chef principal du Sociedad Filharm\u00f2nica Alteanense Band. Avec ce groupe, il a inaugur\u00e9 le Palau Altea et a remport\u00e9 plusieurs prix \u00e0 Murcie et au concours Kerkrade en 2005.<\/p>\n<p>Il a r\u00e9alis\u00e9 plusieurs enregistrements et a \u00e9t\u00e9 membre du jury de divers concours \u00e0 Elda, Altea la Vella, Villena, Valence et Paipa (Colombie). En 2008, il a \u00e9t\u00e9 chef invit\u00e9 au \u00ab 4\u00ba Est\u00e1gio de Orquestra de Sopros PIAGET \u00bb, campus de l&#039;Universit\u00e9 Mirandela i Viseu au Portugal.<br \/>En 2010, il a \u00e9t\u00e9 r\u00e9compens\u00e9 par la FSMCV avec le prix Euterpe dans la cat\u00e9gorie composition musicale pour la f\u00eate. En tant que compositeur, il est l&#039;auteur de plus de 50 marches et pasodobles. Il a \u00e9galement compos\u00e9 pour d&#039;autres mod\u00e8les instrumentaux.<\/p>\n<p>Il est actuellement professeur de cor au Conservatoire professionnel de Cullera et directeur du groupe Uni\u00f3n Musical de Alberic, avec lequel il a remport\u00e9 le deuxi\u00e8me prix de la section d&#039;honneur du Concours international de Ciudad de Valencia en 2007 et 2013, et le troisi\u00e8me prix du m\u00eame concours en 2011, et un premier prix dans la section symphonique au Concours International Villa d&#039;Altea en 2009.<\/p>\n<\/div><\/div>\n\n\n<div class=\"woocommerce columns-4\"><ul class=\"products columns-4\">\n<li class=\"desktop-align-left tablet-align-left mobile-align-left ast-product-gallery-layout-horizontal-slider product type-product post-1036 status-publish first instock product_cat-musica-de-calle product_tag-daniel-ferrero-silvaje has-post-thumbnail downloadable virtual taxable purchasable product-type-simple\">\n\t<a href=\"https:\/\/www.omnesbands.international\/fr\/produit\/aladins\/\" class=\"woocommerce-LoopProduct-link woocommerce-loop-product__link\"><img loading=\"lazy\" decoding=\"async\" width=\"300\" height=\"300\" src=\"https:\/\/www.omnesbands.international\/wp-content\/uploads\/2023\/01\/Aladins-300x300.jpg\" class=\"attachment-woocommerce_thumbnail size-woocommerce_thumbnail\" alt=\"Aladins\" srcset=\"https:\/\/www.omnesbands.international\/wp-content\/uploads\/2023\/01\/Aladins-300x300.jpg 300w, https:\/\/www.omnesbands.international\/wp-content\/uploads\/2023\/01\/Aladins-150x150.jpg 150w, https:\/\/www.omnesbands.international\/wp-content\/uploads\/2023\/01\/Aladins-100x100.jpg 100w\" sizes=\"auto, (max-width: 300px) 100vw, 300px\" \/><h2 class=\"woocommerce-loop-product__title\">aladdins<\/h2>\n\t<span class=\"price\"><span class=\"woocommerce-Price-amount amount\"><bdi><span class=\"woocommerce-Price-currencySymbol\">&#36;<\/span>25.00<\/bdi><\/span><\/span>\n<\/a><a href=\"\/fr\/wp-json\/wp\/v2\/pages\/1635?add-to-cart=1036\" aria-describedby=\"woocommerce_loop_add_to_cart_link_describedby_1036\" data-quantity=\"1\" class=\"button product_type_simple add_to_cart_button ajax_add_to_cart\" data-product_id=\"1036\" data-product_sku=\"ALA-CAL-ESP-22\" aria-label=\"Ajouter au panier : \u00ab Aladins \u00bb\" rel=\"nofollow\" data-success_message=\"\u00ab\u00a0Aladins\u00a0\u00bb a \u00e9t\u00e9 ajout\u00e9 \u00e0 votre panier\" role=\"button\" data-no-translation=\"\" data-trp-gettext=\"\" data-no-translation-aria-label=\"\" data-no-translation-data-success_message=\"\">Ajouter au panier<\/a>\t<span id=\"woocommerce_loop_add_to_cart_link_describedby_1036\" class=\"screen-reader-text\">\n\t\t\t<\/span>\n<\/li>\n<li class=\"desktop-align-left tablet-align-left mobile-align-left ast-product-gallery-layout-horizontal-slider product type-product post-1056 status-publish instock product_cat-musica-de-calle product_tag-daniel-ferrero-silvaje has-post-thumbnail downloadable virtual taxable purchasable product-type-simple\">\n\t<a href=\"https:\/\/www.omnesbands.international\/fr\/produit\/aragonesos-99\/\" class=\"woocommerce-LoopProduct-link woocommerce-loop-product__link\"><img loading=\"lazy\" decoding=\"async\" width=\"300\" height=\"300\" src=\"https:\/\/www.omnesbands.international\/wp-content\/uploads\/2023\/01\/Aragonesos-99-300x300.jpg\" class=\"attachment-woocommerce_thumbnail size-woocommerce_thumbnail\" alt=\"Aragonesos 99\" srcset=\"https:\/\/www.omnesbands.international\/wp-content\/uploads\/2023\/01\/Aragonesos-99-300x300.jpg 300w, https:\/\/www.omnesbands.international\/wp-content\/uploads\/2023\/01\/Aragonesos-99-150x150.jpg 150w, https:\/\/www.omnesbands.international\/wp-content\/uploads\/2023\/01\/Aragonesos-99-100x100.jpg 100w\" sizes=\"auto, (max-width: 300px) 100vw, 300px\" \/><h2 class=\"woocommerce-loop-product__title\">Aragonais 99<\/h2>\n\t<span class=\"price\"><span class=\"woocommerce-Price-amount amount\"><bdi><span class=\"woocommerce-Price-currencySymbol\">&#36;<\/span>30.00<\/bdi><\/span><\/span>\n<\/a><a href=\"\/fr\/wp-json\/wp\/v2\/pages\/1635?add-to-cart=1056\" aria-describedby=\"woocommerce_loop_add_to_cart_link_describedby_1056\" data-quantity=\"1\" class=\"button product_type_simple add_to_cart_button ajax_add_to_cart\" data-product_id=\"1056\" data-product_sku=\"ARA-CAL-ESP-22\" aria-label=\"Ajouter au panier : \u00ab Aragonesos 99 \u00bb\" rel=\"nofollow\" data-success_message=\"\u00ab\u00a0Aragonesos 99\u00a0\u00bb a \u00e9t\u00e9 ajout\u00e9 \u00e0 votre panier\" role=\"button\" data-no-translation=\"\" data-trp-gettext=\"\" data-no-translation-aria-label=\"\" data-no-translation-data-success_message=\"\">Ajouter au panier<\/a>\t<span id=\"woocommerce_loop_add_to_cart_link_describedby_1056\" class=\"screen-reader-text\">\n\t\t\t<\/span>\n<\/li>\n<li class=\"desktop-align-left tablet-align-left mobile-align-left ast-product-gallery-layout-horizontal-slider product type-product post-1186 status-publish instock product_cat-musica-de-calle product_tag-daniel-ferrero-silvaje has-post-thumbnail downloadable virtual taxable purchasable product-type-simple\">\n\t<a href=\"https:\/\/www.omnesbands.international\/fr\/produit\/embajador-moro\/\" class=\"woocommerce-LoopProduct-link woocommerce-loop-product__link\"><img loading=\"lazy\" decoding=\"async\" width=\"300\" height=\"300\" src=\"https:\/\/www.omnesbands.international\/wp-content\/uploads\/2023\/01\/Embajador-Moro-1-300x300.jpg\" class=\"attachment-woocommerce_thumbnail size-woocommerce_thumbnail\" alt=\"Embajador Moro\" srcset=\"https:\/\/www.omnesbands.international\/wp-content\/uploads\/2023\/01\/Embajador-Moro-1-300x300.jpg 300w, https:\/\/www.omnesbands.international\/wp-content\/uploads\/2023\/01\/Embajador-Moro-1-150x150.jpg 150w, https:\/\/www.omnesbands.international\/wp-content\/uploads\/2023\/01\/Embajador-Moro-1-11x12.jpg 11w, https:\/\/www.omnesbands.international\/wp-content\/uploads\/2023\/01\/Embajador-Moro-1-100x100.jpg 100w\" sizes=\"auto, (max-width: 300px) 100vw, 300px\" \/><h2 class=\"woocommerce-loop-product__title\">Ambassadeur maure<\/h2>\n\t<span class=\"price\"><span class=\"woocommerce-Price-amount amount\"><bdi><span class=\"woocommerce-Price-currencySymbol\">&#36;<\/span>30.00<\/bdi><\/span><\/span>\n<\/a><a href=\"\/fr\/wp-json\/wp\/v2\/pages\/1635?add-to-cart=1186\" aria-describedby=\"woocommerce_loop_add_to_cart_link_describedby_1186\" data-quantity=\"1\" class=\"button product_type_simple add_to_cart_button ajax_add_to_cart\" data-product_id=\"1186\" data-product_sku=\"EMB-CAL-ESP-22\" aria-label=\"Ajouter au panier : \u00ab Embajador Moro \u00bb\" rel=\"nofollow\" data-success_message=\"\u00ab\u00a0Embajador Moro\u00a0\u00bb a \u00e9t\u00e9 ajout\u00e9 \u00e0 votre panier\" role=\"button\" data-no-translation=\"\" data-trp-gettext=\"\" data-no-translation-aria-label=\"\" data-no-translation-data-success_message=\"\">Ajouter au panier<\/a>\t<span id=\"woocommerce_loop_add_to_cart_link_describedby_1186\" class=\"screen-reader-text\">\n\t\t\t<\/span>\n<\/li>\n<li class=\"desktop-align-left tablet-align-left mobile-align-left ast-product-gallery-layout-horizontal-slider product type-product post-1242 status-publish last instock product_cat-musica-de-calle product_tag-daniel-ferrero-silvaje has-post-thumbnail downloadable virtual taxable purchasable product-type-simple\">\n\t<a href=\"https:\/\/www.omnesbands.international\/fr\/produit\/rais-kabir\/\" class=\"woocommerce-LoopProduct-link woocommerce-loop-product__link\"><img loading=\"lazy\" decoding=\"async\" width=\"300\" height=\"300\" src=\"https:\/\/www.omnesbands.international\/wp-content\/uploads\/2023\/01\/Rais-Kabir-1-300x300.jpg\" class=\"attachment-woocommerce_thumbnail size-woocommerce_thumbnail\" alt=\"Rais Kabir\" srcset=\"https:\/\/www.omnesbands.international\/wp-content\/uploads\/2023\/01\/Rais-Kabir-1-300x300.jpg 300w, https:\/\/www.omnesbands.international\/wp-content\/uploads\/2023\/01\/Rais-Kabir-1-150x150.jpg 150w, https:\/\/www.omnesbands.international\/wp-content\/uploads\/2023\/01\/Rais-Kabir-1-100x100.jpg 100w\" sizes=\"auto, (max-width: 300px) 100vw, 300px\" \/><h2 class=\"woocommerce-loop-product__title\">Ra\u00efs Kabir<\/h2>\n\t<span class=\"price\"><span class=\"woocommerce-Price-amount amount\"><bdi><span class=\"woocommerce-Price-currencySymbol\">&#36;<\/span>30.00<\/bdi><\/span><\/span>\n<\/a><a href=\"\/fr\/wp-json\/wp\/v2\/pages\/1635?add-to-cart=1242\" aria-describedby=\"woocommerce_loop_add_to_cart_link_describedby_1242\" data-quantity=\"1\" class=\"button product_type_simple add_to_cart_button ajax_add_to_cart\" data-product_id=\"1242\" data-product_sku=\"RAI-CAL-ESP-22\" aria-label=\"Ajouter au panier : \u00ab Rais Kabir \u00bb\" rel=\"nofollow\" data-success_message=\"\u00ab\u00a0Rais Kabir\u00a0\u00bb a \u00e9t\u00e9 ajout\u00e9 \u00e0 votre panier\" role=\"button\" data-no-translation=\"\" data-trp-gettext=\"\" data-no-translation-aria-label=\"\" data-no-translation-data-success_message=\"\">Ajouter au panier<\/a>\t<span id=\"woocommerce_loop_add_to_cart_link_describedby_1242\" class=\"screen-reader-text\">\n\t\t\t<\/span>\n<\/li>\n<li class=\"desktop-align-left tablet-align-left mobile-align-left ast-product-gallery-layout-horizontal-slider product type-product post-1274 status-publish first instock product_cat-musica-de-calle product_tag-daniel-ferrero-silvaje has-post-thumbnail downloadable virtual taxable purchasable product-type-simple\">\n\t<a href=\"https:\/\/www.omnesbands.international\/fr\/produit\/sisco\/\" class=\"woocommerce-LoopProduct-link woocommerce-loop-product__link\"><img loading=\"lazy\" decoding=\"async\" width=\"300\" height=\"300\" src=\"https:\/\/www.omnesbands.international\/wp-content\/uploads\/2023\/01\/Sisco-1-300x300.jpg\" class=\"attachment-woocommerce_thumbnail size-woocommerce_thumbnail\" alt=\"Sisco\" srcset=\"https:\/\/www.omnesbands.international\/wp-content\/uploads\/2023\/01\/Sisco-1-300x300.jpg 300w, https:\/\/www.omnesbands.international\/wp-content\/uploads\/2023\/01\/Sisco-1-150x150.jpg 150w, https:\/\/www.omnesbands.international\/wp-content\/uploads\/2023\/01\/Sisco-1-100x100.jpg 100w\" sizes=\"auto, (max-width: 300px) 100vw, 300px\" \/><h2 class=\"woocommerce-loop-product__title\">sisco<\/h2>\n\t<span class=\"price\"><span class=\"woocommerce-Price-amount amount\"><bdi><span class=\"woocommerce-Price-currencySymbol\">&#36;<\/span>30.00<\/bdi><\/span><\/span>\n<\/a><a href=\"\/fr\/wp-json\/wp\/v2\/pages\/1635?add-to-cart=1274\" aria-describedby=\"woocommerce_loop_add_to_cart_link_describedby_1274\" data-quantity=\"1\" class=\"button product_type_simple add_to_cart_button ajax_add_to_cart\" data-product_id=\"1274\" data-product_sku=\"SIS-CAL-ESP-22\" aria-label=\"Ajouter au panier : \u00ab Sisco \u00bb\" rel=\"nofollow\" data-success_message=\"\u00ab\u00a0Sisco\u00a0\u00bb a \u00e9t\u00e9 ajout\u00e9 \u00e0 votre panier\" role=\"button\" data-no-translation=\"\" data-trp-gettext=\"\" data-no-translation-aria-label=\"\" data-no-translation-data-success_message=\"\">Ajouter au panier<\/a>\t<span id=\"woocommerce_loop_add_to_cart_link_describedby_1274\" class=\"screen-reader-text\">\n\t\t\t<\/span>\n<\/li>\n<\/ul>\n<\/div>","protected":false},"excerpt":{"rendered":"<p>DANIEL FERRERO SILVAJE Titulado superior de trompa, armon\u00eda, composici\u00f3n e instrumentaci\u00f3n, direcci\u00f3n de coros y direcci\u00f3n de orquesta, Daniel Ferrero ha dirigido varias agrupaciones, entre ellas, la orquesta del Conservatorio de Valencia, Orquesta Sinf\u00f3nica del Vall\u00e9s, la Uni\u00f3 Musical de Muro y la Banda Municipal de Villena. Desde 1987 hasta el a\u00f1o 2000 ha sido [&hellip;]<\/p>\n","protected":false},"author":4,"featured_media":0,"parent":0,"menu_order":0,"comment_status":"closed","ping_status":"closed","template":"","meta":{"_acf_changed":false,"_uag_custom_page_level_css":"","site-sidebar-layout":"default","site-content-layout":"","ast-site-content-layout":"default","site-content-style":"default","site-sidebar-style":"default","ast-global-header-display":"","ast-banner-title-visibility":"","ast-main-header-display":"","ast-hfb-above-header-display":"","ast-hfb-below-header-display":"","ast-hfb-mobile-header-display":"","site-post-title":"disabled","ast-breadcrumbs-content":"","ast-featured-img":"","footer-sml-layout":"","ast-disable-related-posts":"","theme-transparent-header-meta":"","adv-header-id-meta":"","stick-header-meta":"","header-above-stick-meta":"","header-main-stick-meta":"","header-below-stick-meta":"","astra-migrate-meta-layouts":"default","ast-page-background-enabled":"default","ast-page-background-meta":{"desktop":{"background-color":"","background-image":"","background-repeat":"repeat","background-position":"center center","background-size":"auto","background-attachment":"scroll","background-type":"","background-media":"","overlay-type":"","overlay-color":"","overlay-opacity":"","overlay-gradient":""},"tablet":{"background-color":"","background-image":"","background-repeat":"repeat","background-position":"center center","background-size":"auto","background-attachment":"scroll","background-type":"","background-media":"","overlay-type":"","overlay-color":"","overlay-opacity":"","overlay-gradient":""},"mobile":{"background-color":"","background-image":"","background-repeat":"repeat","background-position":"center center","background-size":"auto","background-attachment":"scroll","background-type":"","background-media":"","overlay-type":"","overlay-color":"","overlay-opacity":"","overlay-gradient":""}},"ast-content-background-meta":{"desktop":{"background-color":"var(--ast-global-color-5)","background-image":"","background-repeat":"repeat","background-position":"center center","background-size":"auto","background-attachment":"scroll","background-type":"","background-media":"","overlay-type":"","overlay-color":"","overlay-opacity":"","overlay-gradient":""},"tablet":{"background-color":"var(--ast-global-color-5)","background-image":"","background-repeat":"repeat","background-position":"center center","background-size":"auto","background-attachment":"scroll","background-type":"","background-media":"","overlay-type":"","overlay-color":"","overlay-opacity":"","overlay-gradient":""},"mobile":{"background-color":"var(--ast-global-color-5)","background-image":"","background-repeat":"repeat","background-position":"center center","background-size":"auto","background-attachment":"scroll","background-type":"","background-media":"","overlay-type":"","overlay-color":"","overlay-opacity":"","overlay-gradient":""}},"footnotes":""},"class_list":["post-1635","page","type-page","status-publish","hentry"],"acf":[],"yoast_head":"<!-- This site is optimized with the Yoast SEO Premium plugin v22.4 (Yoast SEO v27.4) - https:\/\/yoast.com\/product\/yoast-seo-premium-wordpress\/ -->\n<title>DANIEL FERRERO SILVAJE -<\/title>\n<meta name=\"robots\" content=\"index, follow, max-snippet:-1, max-image-preview:large, max-video-preview:-1\" \/>\n<link rel=\"canonical\" href=\"https:\/\/www.omnesbands.international\/fr\/daniel-ferrero-silvaje-2\/\" \/>\n<meta property=\"og:locale\" content=\"fr_FR\" \/>\n<meta property=\"og:type\" content=\"article\" \/>\n<meta property=\"og:title\" content=\"DANIEL FERRERO SILVAJE\" \/>\n<meta property=\"og:description\" content=\"DANIEL FERRERO SILVAJE Titulado superior de trompa, armon\u00eda, composici\u00f3n e instrumentaci\u00f3n, direcci\u00f3n de coros y direcci\u00f3n de orquesta, Daniel Ferrero ha dirigido varias agrupaciones, entre ellas, la orquesta del Conservatorio de Valencia, Orquesta Sinf\u00f3nica del Vall\u00e9s, la Uni\u00f3 Musical de Muro y la Banda Municipal de Villena. Desde 1987 hasta el a\u00f1o 2000 ha sido [&hellip;]\" \/>\n<meta property=\"og:url\" content=\"https:\/\/www.omnesbands.international\/fr\/daniel-ferrero-silvaje-2\/\" \/>\n<meta property=\"article:modified_time\" content=\"2023-01-28T21:01:38+00:00\" \/>\n<meta property=\"og:image\" content=\"https:\/\/www.omnesbands.international\/wp-content\/uploads\/2023\/01\/music-sheet-music-snowdrop-7107045.jpg\" \/>\n\t<meta property=\"og:image:width\" content=\"1280\" \/>\n\t<meta property=\"og:image:height\" content=\"742\" \/>\n\t<meta property=\"og:image:type\" content=\"image\/jpeg\" \/>\n<meta name=\"twitter:card\" content=\"summary_large_image\" \/>\n<meta name=\"twitter:label1\" content=\"Dur\u00e9e de lecture estim\u00e9e\" \/>\n\t<meta name=\"twitter:data1\" content=\"1 minute\" \/>\n<script type=\"application\/ld+json\" class=\"yoast-schema-graph\">{\"@context\":\"https:\\\/\\\/schema.org\",\"@graph\":[{\"@type\":\"WebPage\",\"@id\":\"https:\\\/\\\/www.omnesbands.international\\\/daniel-ferrero-silvaje-2\\\/\",\"url\":\"https:\\\/\\\/www.omnesbands.international\\\/daniel-ferrero-silvaje-2\\\/\",\"name\":\"DANIEL FERRERO SILVAJE -\",\"isPartOf\":{\"@id\":\"https:\\\/\\\/www.omnesbands.international\\\/#website\"},\"datePublished\":\"2023-01-28T21:01:36+00:00\",\"dateModified\":\"2023-01-28T21:01:38+00:00\",\"breadcrumb\":{\"@id\":\"https:\\\/\\\/www.omnesbands.international\\\/daniel-ferrero-silvaje-2\\\/#breadcrumb\"},\"inLanguage\":\"fr-FR\",\"potentialAction\":[{\"@type\":\"ReadAction\",\"target\":[\"https:\\\/\\\/www.omnesbands.international\\\/daniel-ferrero-silvaje-2\\\/\"]}]},{\"@type\":\"BreadcrumbList\",\"@id\":\"https:\\\/\\\/www.omnesbands.international\\\/daniel-ferrero-silvaje-2\\\/#breadcrumb\",\"itemListElement\":[{\"@type\":\"ListItem\",\"position\":1,\"name\":\"Portada\",\"item\":\"https:\\\/\\\/www.omnesbands.international\\\/\"},{\"@type\":\"ListItem\",\"position\":2,\"name\":\"DANIEL FERRERO SILVAJE\"}]},{\"@type\":\"WebSite\",\"@id\":\"https:\\\/\\\/www.omnesbands.international\\\/#website\",\"url\":\"https:\\\/\\\/www.omnesbands.international\\\/\",\"name\":\"OMNESBANDS International\",\"description\":\"Partituras Originales de autores y compositores independientes\",\"publisher\":{\"@id\":\"https:\\\/\\\/www.omnesbands.international\\\/#organization\"},\"potentialAction\":[{\"@type\":\"SearchAction\",\"target\":{\"@type\":\"EntryPoint\",\"urlTemplate\":\"https:\\\/\\\/www.omnesbands.international\\\/?s={search_term_string}\"},\"query-input\":{\"@type\":\"PropertyValueSpecification\",\"valueRequired\":true,\"valueName\":\"search_term_string\"}}],\"inLanguage\":\"fr-FR\"},{\"@type\":\"Organization\",\"@id\":\"https:\\\/\\\/www.omnesbands.international\\\/#organization\",\"name\":\"Indra Consultores Internacionales\",\"alternateName\":\"Omnesbands\",\"url\":\"https:\\\/\\\/www.omnesbands.international\\\/\",\"logo\":{\"@type\":\"ImageObject\",\"inLanguage\":\"fr-FR\",\"@id\":\"https:\\\/\\\/www.omnesbands.international\\\/#\\\/schema\\\/logo\\\/image\\\/\",\"url\":\"https:\\\/\\\/omnesbands.international\\\/wp-content\\\/uploads\\\/2023\\\/06\\\/Logo-Nuevo-.png\",\"contentUrl\":\"https:\\\/\\\/omnesbands.international\\\/wp-content\\\/uploads\\\/2023\\\/06\\\/Logo-Nuevo-.png\",\"width\":394,\"height\":212,\"caption\":\"Indra Consultores Internacionales\"},\"image\":{\"@id\":\"https:\\\/\\\/www.omnesbands.international\\\/#\\\/schema\\\/logo\\\/image\\\/\"}}]}<\/script>\n<!-- \/ Yoast SEO Premium plugin. -->","yoast_head_json":{"title":"DANIEL FERRERO SILVAJE -","robots":{"index":"index","follow":"follow","max-snippet":"max-snippet:-1","max-image-preview":"max-image-preview:large","max-video-preview":"max-video-preview:-1"},"canonical":"https:\/\/www.omnesbands.international\/fr\/daniel-ferrero-silvaje-2\/","og_locale":"fr_FR","og_type":"article","og_title":"DANIEL FERRERO SILVAJE","og_description":"DANIEL FERRERO SILVAJE Titulado superior de trompa, armon\u00eda, composici\u00f3n e instrumentaci\u00f3n, direcci\u00f3n de coros y direcci\u00f3n de orquesta, Daniel Ferrero ha dirigido varias agrupaciones, entre ellas, la orquesta del Conservatorio de Valencia, Orquesta Sinf\u00f3nica del Vall\u00e9s, la Uni\u00f3 Musical de Muro y la Banda Municipal de Villena. Desde 1987 hasta el a\u00f1o 2000 ha sido [&hellip;]","og_url":"https:\/\/www.omnesbands.international\/fr\/daniel-ferrero-silvaje-2\/","article_modified_time":"2023-01-28T21:01:38+00:00","og_image":[{"width":1280,"height":742,"url":"https:\/\/www.omnesbands.international\/wp-content\/uploads\/2023\/01\/music-sheet-music-snowdrop-7107045.jpg","type":"image\/jpeg"}],"twitter_card":"summary_large_image","twitter_misc":{"Dur\u00e9e de lecture estim\u00e9e":"1 minute"},"schema":{"@context":"https:\/\/schema.org","@graph":[{"@type":"WebPage","@id":"https:\/\/www.omnesbands.international\/daniel-ferrero-silvaje-2\/","url":"https:\/\/www.omnesbands.international\/daniel-ferrero-silvaje-2\/","name":"DANIEL FERRERO SILVAJE -","isPartOf":{"@id":"https:\/\/www.omnesbands.international\/#website"},"datePublished":"2023-01-28T21:01:36+00:00","dateModified":"2023-01-28T21:01:38+00:00","breadcrumb":{"@id":"https:\/\/www.omnesbands.international\/daniel-ferrero-silvaje-2\/#breadcrumb"},"inLanguage":"fr-FR","potentialAction":[{"@type":"ReadAction","target":["https:\/\/www.omnesbands.international\/daniel-ferrero-silvaje-2\/"]}]},{"@type":"BreadcrumbList","@id":"https:\/\/www.omnesbands.international\/daniel-ferrero-silvaje-2\/#breadcrumb","itemListElement":[{"@type":"ListItem","position":1,"name":"Portada","item":"https:\/\/www.omnesbands.international\/"},{"@type":"ListItem","position":2,"name":"DANIEL FERRERO SILVAJE"}]},{"@type":"WebSite","@id":"https:\/\/www.omnesbands.international\/#website","url":"https:\/\/www.omnesbands.international\/","name":"OMNESBANDS International","description":"Partitions originales d&#039;auteurs et compositeurs ind\u00e9pendants","publisher":{"@id":"https:\/\/www.omnesbands.international\/#organization"},"potentialAction":[{"@type":"SearchAction","target":{"@type":"EntryPoint","urlTemplate":"https:\/\/www.omnesbands.international\/?s={search_term_string}"},"query-input":{"@type":"PropertyValueSpecification","valueRequired":true,"valueName":"search_term_string"}}],"inLanguage":"fr-FR"},{"@type":"Organization","@id":"https:\/\/www.omnesbands.international\/#organization","name":"Indra Consultants Internationaux","alternateName":"Omnesbands","url":"https:\/\/www.omnesbands.international\/","logo":{"@type":"ImageObject","inLanguage":"fr-FR","@id":"https:\/\/www.omnesbands.international\/#\/schema\/logo\/image\/","url":"https:\/\/omnesbands.international\/wp-content\/uploads\/2023\/06\/Logo-Nuevo-.png","contentUrl":"https:\/\/omnesbands.international\/wp-content\/uploads\/2023\/06\/Logo-Nuevo-.png","width":394,"height":212,"caption":"Indra Consultores Internacionales"},"image":{"@id":"https:\/\/www.omnesbands.international\/#\/schema\/logo\/image\/"}}]}},"uagb_featured_image_src":{"full":false,"thumbnail":false,"medium":false,"medium_large":false,"large":false,"1536x1536":false,"2048x2048":false,"trp-custom-language-flag":false,"gg_gallery_thumbnail":false,"woocommerce_thumbnail":false,"woocommerce_single":false,"woocommerce_gallery_thumbnail":false},"uagb_author_info":{"display_name":"Melvin R. Portillo A:","author_link":"https:\/\/www.omnesbands.international\/fr\/author\/portand\/"},"uagb_comment_info":0,"uagb_excerpt":"DANIEL FERRERO SILVAJE Titulado superior de trompa, armon\u00eda, composici\u00f3n e instrumentaci\u00f3n, direcci\u00f3n de coros y direcci\u00f3n de orquesta, Daniel Ferrero ha dirigido varias agrupaciones, entre ellas, la orquesta del Conservatorio de Valencia, Orquesta Sinf\u00f3nica del Vall\u00e9s, la Uni\u00f3 Musical de Muro y la Banda Municipal de Villena. Desde 1987 hasta el a\u00f1o 2000 ha sido\u2026","_links":{"self":[{"href":"https:\/\/www.omnesbands.international\/fr\/wp-json\/wp\/v2\/pages\/1635","targetHints":{"allow":["GET"]}}],"collection":[{"href":"https:\/\/www.omnesbands.international\/fr\/wp-json\/wp\/v2\/pages"}],"about":[{"href":"https:\/\/www.omnesbands.international\/fr\/wp-json\/wp\/v2\/types\/page"}],"author":[{"embeddable":true,"href":"https:\/\/www.omnesbands.international\/fr\/wp-json\/wp\/v2\/users\/4"}],"replies":[{"embeddable":true,"href":"https:\/\/www.omnesbands.international\/fr\/wp-json\/wp\/v2\/comments?post=1635"}],"version-history":[{"count":1,"href":"https:\/\/www.omnesbands.international\/fr\/wp-json\/wp\/v2\/pages\/1635\/revisions"}],"predecessor-version":[{"id":1636,"href":"https:\/\/www.omnesbands.international\/fr\/wp-json\/wp\/v2\/pages\/1635\/revisions\/1636"}],"wp:attachment":[{"href":"https:\/\/www.omnesbands.international\/fr\/wp-json\/wp\/v2\/media?parent=1635"}],"curies":[{"name":"wp","href":"https:\/\/api.w.org\/{rel}","templated":true}]}}