{"id":1645,"date":"2023-01-28T15:23:09","date_gmt":"2023-01-28T21:23:09","guid":{"rendered":"https:\/\/omnesbands.international\/?page_id=1645"},"modified":"2023-01-28T15:24:49","modified_gmt":"2023-01-28T21:24:49","slug":"fernando-espi-cremades-2","status":"publish","type":"page","link":"https:\/\/www.omnesbands.international\/fr\/fernando-espi-cremades-2\/","title":{"rendered":"FERNANDO ESPI CREMADES"},"content":{"rendered":"<div class=\"wp-block-uagb-container uagb-block-32ea0cdb alignfull uagb-is-root-container\"><div class=\"uagb-container-inner-blocks-wrap\">\n<div class=\"wp-block-uagb-advanced-heading uagb-block-dc288f9a\"><h1 class=\"uagb-heading-text\"><strong>FERNANDO ESPI CREMADES<\/strong><\/h1><\/div>\n<\/div><\/div>\n\n\n\n<div class=\"wp-block-uagb-container uagb-block-6b0e30a9 alignfull uagb-is-root-container\"><div class=\"uagb-container-inner-blocks-wrap\">\n<div class=\"wp-block-uagb-container uagb-block-469b4239\">\n<p><span style=\"font-size: 1rem; color: inherit; background-color: var(--ast-global-color-5);\">Fernando Esp\u00ed est l&#039;un des meilleurs guitaristes espagnols du moment. Il a obtenu l&#039;extraordinaire Prix de Fin de Licence du maestro international D. Jos\u00e9 Tom\u00e1s au Conservatoire Sup\u00e9rieur &quot;Oscar Espl\u00e1&quot; d&#039;Alicante o\u00f9 il enseigne actuellement la guitare. Il a un titre professionnel sp\u00e9cialis\u00e9 dans la musique ancienne avec des instruments \u00e0 cordes pinc\u00e9es et est dipl\u00f4m\u00e9 en histoire et sciences de la musique. Il a termin\u00e9 des \u00e9tudes de troisi\u00e8me cycle avec Arnaldur Arnalson \u00e0 Barcelone et a \u00e9t\u00e9 r\u00e9compens\u00e9 dans des concours nationaux et internationaux de prestige reconnu, parmi les plus r\u00e9cents figurent le troisi\u00e8me prix et le prix sp\u00e9cial de la meilleure interpr\u00e9tation de la musique espagnole au XVIe. Concours international de guitare de la Fondation Guerrero. Il combine ce travail avec l&#039;enseignement de master classes dans des cours et des festivals, la direction artistique du Festival international de guitare de Ciutat de Xixona, l&#039;enregistrement d&#039;albums qui ont re\u00e7u les meilleures critiques dans des magazines sp\u00e9cialis\u00e9s et la cr\u00e9ation de sa propre maison de disques. 8&quot;. La presse sp\u00e9cialis\u00e9e le place \u00ab parmi les plus brillants interpr\u00e8tes actuels de la six cordes \u00bb (Scherzo). Fernando Esp\u00ed joue des cordes Royal Classics.<br \/>os, m\u00e8ne des \u00e9tudes sup\u00e9rieures avec Do\u00f1a Pilar Constancio Portol\u00e9s (Fl\u00fbte soliste de l&#039;Orchestre Symphonique de Madrid et Orchestre Principal du Teatro Real). En tant qu&#039;enseignant, il a travaill\u00e9 comme professeur de sa sp\u00e9cialit\u00e9 et de langage musical dans diverses \u00e9coles de musique telles que la SAM La Filarm\u00f3nica de Callosa de Segura (Alicante), l&#039;\u00e9cole municipale de musique et de danse Daganzo de Arriba (Madrid), la\u00a0<\/span>Municipal de M\u00fasica de Serracines (Madrid), le d\u00e9veloppe actuellement \u00e0 l&#039;\u00e9cole de musique et de danse MUSIBAITE (Ajalvir; Madrid).<\/p>\n<p>Il a conclu au cours de l&#039;ann\u00e9e acad\u00e9mique 2011\/2012, en obtenant tous les certificats d&#039;accr\u00e9ditation, les \u00e9tudes de direction d&#039;orchestre \u00e0 l&#039;\u00e9cole r\u00e9gionale de La Vall d&#039;Albaida (Valence), sous la tutelle des maestros Jos\u00e9 Rafael Pascual Vilaplana (direction d&#039;orchestre), Ram\u00f3n Garc\u00eda i Soler (Instrumentation, Orchestration, Composition et Informatique musicale), Tom\u00e1s Gilbert (Analyse), Joan Alborch Ma\u00f1ana (\u00c9ducation auditive). Dans le cadre de ces \u00e9tudes, il a re\u00e7u, avec les professeurs titulaires, diverses masterclasses avec des r\u00e9alisateurs et des compositeurs de la sc\u00e8ne nationale et internationale des groupes ; comme Jos\u00e9 Miguel Fay\u00f3s-Jord\u00e1n, Andr\u00e9s Valero, Luis Serrano Alarc\u00f3n, entre autres.<br \/>Il a \u00e9galement d\u00e9velopp\u00e9 des \u00e9tudes de composition de bande au m\u00eame endroit sous la tutelle de Ram\u00f3n Garc\u00eda i Soler.<br \/>Dans le domaine fl\u00fbtiste, il s&#039;est produit en tant que soliste invit\u00e9 \u00e0 diverses occasions, soulignant ses performances en tant que soliste avec le groupe de la SAM La Filarm\u00f3nica de Callosa de Segura. Il a particip\u00e9 \u00e0 des cours de formation donn\u00e9s par Joaqu\u00edn Geric\u00f3 Trilla, Juan Francisco Cayuelas Grao, entre autres.<\/p>\n<\/div>\n<\/div><\/div>\n\n\n<div class=\"woocommerce columns-4\"><ul class=\"products columns-4\">\n<li class=\"desktop-align-left tablet-align-left mobile-align-left ast-product-gallery-layout-horizontal-slider product type-product post-957 status-publish first instock product_cat-sinfonicas product_tag-fernando-espi-cremades has-post-thumbnail downloadable virtual taxable purchasable product-type-simple\">\n\t<a href=\"https:\/\/www.omnesbands.international\/fr\/produit\/cordes-al-vent\/\" class=\"woocommerce-LoopProduct-link woocommerce-loop-product__link\"><img loading=\"lazy\" decoding=\"async\" width=\"300\" height=\"300\" src=\"https:\/\/www.omnesbands.international\/wp-content\/uploads\/2023\/01\/Cordes-al-Vent-300x300.jpg\" class=\"attachment-woocommerce_thumbnail size-woocommerce_thumbnail\" alt=\"Cordes al vent\" srcset=\"https:\/\/www.omnesbands.international\/wp-content\/uploads\/2023\/01\/Cordes-al-Vent-300x300.jpg 300w, https:\/\/www.omnesbands.international\/wp-content\/uploads\/2023\/01\/Cordes-al-Vent-150x150.jpg 150w, https:\/\/www.omnesbands.international\/wp-content\/uploads\/2023\/01\/Cordes-al-Vent-100x100.jpg 100w\" sizes=\"auto, (max-width: 300px) 100vw, 300px\" \/><h2 class=\"woocommerce-loop-product__title\">cordons d&#039;a\u00e9ration<\/h2>\n\t<span class=\"price\"><span class=\"woocommerce-Price-amount amount\"><bdi><span class=\"woocommerce-Price-currencySymbol\">&#36;<\/span>30.00<\/bdi><\/span><\/span>\n<\/a><a href=\"\/fr\/wp-json\/wp\/v2\/pages\/1645?add-to-cart=957\" aria-describedby=\"woocommerce_loop_add_to_cart_link_describedby_957\" data-quantity=\"1\" class=\"button product_type_simple add_to_cart_button ajax_add_to_cart\" data-product_id=\"957\" data-product_sku=\"COR-SIN-ESP-22\" aria-label=\"Ajouter au panier : \u00ab Cordes al vent \u00bb\" rel=\"nofollow\" data-success_message=\"\u00ab\u00a0Cordes al vent\u00a0\u00bb a \u00e9t\u00e9 ajout\u00e9 \u00e0 votre panier\" role=\"button\" data-no-translation=\"\" data-trp-gettext=\"\" data-no-translation-aria-label=\"\" data-no-translation-data-success_message=\"\">Ajouter au panier<\/a>\t<span id=\"woocommerce_loop_add_to_cart_link_describedby_957\" class=\"screen-reader-text\">\n\t\t\t<\/span>\n<\/li>\n<\/ul>\n<\/div>","protected":false},"excerpt":{"rendered":"<p>FERNANDO ESP\u00cd CREMADES Fernando Esp\u00ed es uno de los mejores guitarristas espa\u00f1oles del momento. Obtuvo el Premio extraordinario Fin de Carrera del maestro internacional D. Jos\u00e9 Tom\u00e1s en el Conservatorio Superior \u00abOscar Espl\u00e1\u00bb de Alicante donde actualmente ejerce la docencia como catedr\u00e1tico de guitarra. Posee el t\u00edtulo profesional de la especialidad de m\u00fasica antigua con [&hellip;]<\/p>\n","protected":false},"author":4,"featured_media":0,"parent":0,"menu_order":0,"comment_status":"closed","ping_status":"closed","template":"","meta":{"_acf_changed":false,"_uag_custom_page_level_css":"","site-sidebar-layout":"default","site-content-layout":"","ast-site-content-layout":"default","site-content-style":"default","site-sidebar-style":"default","ast-global-header-display":"","ast-banner-title-visibility":"","ast-main-header-display":"","ast-hfb-above-header-display":"","ast-hfb-below-header-display":"","ast-hfb-mobile-header-display":"","site-post-title":"disabled","ast-breadcrumbs-content":"","ast-featured-img":"","footer-sml-layout":"","ast-disable-related-posts":"","theme-transparent-header-meta":"","adv-header-id-meta":"","stick-header-meta":"","header-above-stick-meta":"","header-main-stick-meta":"","header-below-stick-meta":"","astra-migrate-meta-layouts":"default","ast-page-background-enabled":"default","ast-page-background-meta":{"desktop":{"background-color":"","background-image":"","background-repeat":"repeat","background-position":"center center","background-size":"auto","background-attachment":"scroll","background-type":"","background-media":"","overlay-type":"","overlay-color":"","overlay-opacity":"","overlay-gradient":""},"tablet":{"background-color":"","background-image":"","background-repeat":"repeat","background-position":"center center","background-size":"auto","background-attachment":"scroll","background-type":"","background-media":"","overlay-type":"","overlay-color":"","overlay-opacity":"","overlay-gradient":""},"mobile":{"background-color":"","background-image":"","background-repeat":"repeat","background-position":"center center","background-size":"auto","background-attachment":"scroll","background-type":"","background-media":"","overlay-type":"","overlay-color":"","overlay-opacity":"","overlay-gradient":""}},"ast-content-background-meta":{"desktop":{"background-color":"var(--ast-global-color-5)","background-image":"","background-repeat":"repeat","background-position":"center center","background-size":"auto","background-attachment":"scroll","background-type":"","background-media":"","overlay-type":"","overlay-color":"","overlay-opacity":"","overlay-gradient":""},"tablet":{"background-color":"var(--ast-global-color-5)","background-image":"","background-repeat":"repeat","background-position":"center center","background-size":"auto","background-attachment":"scroll","background-type":"","background-media":"","overlay-type":"","overlay-color":"","overlay-opacity":"","overlay-gradient":""},"mobile":{"background-color":"var(--ast-global-color-5)","background-image":"","background-repeat":"repeat","background-position":"center center","background-size":"auto","background-attachment":"scroll","background-type":"","background-media":"","overlay-type":"","overlay-color":"","overlay-opacity":"","overlay-gradient":""}},"footnotes":""},"class_list":["post-1645","page","type-page","status-publish","hentry"],"acf":[],"yoast_head":"<!-- This site is optimized with the Yoast SEO Premium plugin v22.4 (Yoast SEO v27.4) - https:\/\/yoast.com\/product\/yoast-seo-premium-wordpress\/ -->\n<title>FERNANDO ESP\u00cd CREMADES -<\/title>\n<meta name=\"robots\" content=\"index, follow, max-snippet:-1, max-image-preview:large, max-video-preview:-1\" \/>\n<link rel=\"canonical\" href=\"https:\/\/www.omnesbands.international\/fr\/fernando-espi-cremades-2\/\" \/>\n<meta property=\"og:locale\" content=\"fr_FR\" \/>\n<meta property=\"og:type\" content=\"article\" \/>\n<meta property=\"og:title\" content=\"FERNANDO ESP\u00cd CREMADES\" \/>\n<meta property=\"og:description\" content=\"FERNANDO ESP\u00cd CREMADES Fernando Esp\u00ed es uno de los mejores guitarristas espa\u00f1oles del momento. Obtuvo el Premio extraordinario Fin de Carrera del maestro internacional D. Jos\u00e9 Tom\u00e1s en el Conservatorio Superior \u00abOscar Espl\u00e1\u00bb de Alicante donde actualmente ejerce la docencia como catedr\u00e1tico de guitarra. Posee el t\u00edtulo profesional de la especialidad de m\u00fasica antigua con [&hellip;]\" \/>\n<meta property=\"og:url\" content=\"https:\/\/www.omnesbands.international\/fr\/fernando-espi-cremades-2\/\" \/>\n<meta property=\"article:modified_time\" content=\"2023-01-28T21:24:49+00:00\" \/>\n<meta property=\"og:image\" content=\"https:\/\/www.omnesbands.international\/wp-content\/uploads\/2023\/01\/music-sheet-music-snowdrop-7107045.jpg\" \/>\n\t<meta property=\"og:image:width\" content=\"1280\" \/>\n\t<meta property=\"og:image:height\" content=\"742\" \/>\n\t<meta property=\"og:image:type\" content=\"image\/jpeg\" \/>\n<meta name=\"twitter:card\" content=\"summary_large_image\" \/>\n<meta name=\"twitter:label1\" content=\"Dur\u00e9e de lecture estim\u00e9e\" \/>\n\t<meta name=\"twitter:data1\" content=\"2 minutes\" \/>\n<script type=\"application\/ld+json\" class=\"yoast-schema-graph\">{\"@context\":\"https:\\\/\\\/schema.org\",\"@graph\":[{\"@type\":\"WebPage\",\"@id\":\"https:\\\/\\\/www.omnesbands.international\\\/de\\\/fernando-espi-cremades-2\\\/\",\"url\":\"https:\\\/\\\/www.omnesbands.international\\\/de\\\/fernando-espi-cremades-2\\\/\",\"name\":\"FERNANDO ESP\u00cd CREMADES -\",\"isPartOf\":{\"@id\":\"https:\\\/\\\/www.omnesbands.international\\\/#website\"},\"datePublished\":\"2023-01-28T21:23:09+00:00\",\"dateModified\":\"2023-01-28T21:24:49+00:00\",\"breadcrumb\":{\"@id\":\"https:\\\/\\\/www.omnesbands.international\\\/de\\\/fernando-espi-cremades-2\\\/#breadcrumb\"},\"inLanguage\":\"fr-FR\",\"potentialAction\":[{\"@type\":\"ReadAction\",\"target\":[\"https:\\\/\\\/www.omnesbands.international\\\/de\\\/fernando-espi-cremades-2\\\/\"]}]},{\"@type\":\"BreadcrumbList\",\"@id\":\"https:\\\/\\\/www.omnesbands.international\\\/de\\\/fernando-espi-cremades-2\\\/#breadcrumb\",\"itemListElement\":[{\"@type\":\"ListItem\",\"position\":1,\"name\":\"Portada\",\"item\":\"https:\\\/\\\/www.omnesbands.international\\\/\"},{\"@type\":\"ListItem\",\"position\":2,\"name\":\"FERNANDO ESP\u00cd CREMADES\"}]},{\"@type\":\"WebSite\",\"@id\":\"https:\\\/\\\/www.omnesbands.international\\\/#website\",\"url\":\"https:\\\/\\\/www.omnesbands.international\\\/\",\"name\":\"OMNESBANDS International\",\"description\":\"Partituras Originales de autores y compositores independientes\",\"publisher\":{\"@id\":\"https:\\\/\\\/www.omnesbands.international\\\/#organization\"},\"potentialAction\":[{\"@type\":\"SearchAction\",\"target\":{\"@type\":\"EntryPoint\",\"urlTemplate\":\"https:\\\/\\\/www.omnesbands.international\\\/?s={search_term_string}\"},\"query-input\":{\"@type\":\"PropertyValueSpecification\",\"valueRequired\":true,\"valueName\":\"search_term_string\"}}],\"inLanguage\":\"fr-FR\"},{\"@type\":\"Organization\",\"@id\":\"https:\\\/\\\/www.omnesbands.international\\\/#organization\",\"name\":\"Indra Consultores Internacionales\",\"alternateName\":\"Omnesbands\",\"url\":\"https:\\\/\\\/www.omnesbands.international\\\/\",\"logo\":{\"@type\":\"ImageObject\",\"inLanguage\":\"fr-FR\",\"@id\":\"https:\\\/\\\/www.omnesbands.international\\\/#\\\/schema\\\/logo\\\/image\\\/\",\"url\":\"https:\\\/\\\/omnesbands.international\\\/wp-content\\\/uploads\\\/2023\\\/06\\\/Logo-Nuevo-.png\",\"contentUrl\":\"https:\\\/\\\/omnesbands.international\\\/wp-content\\\/uploads\\\/2023\\\/06\\\/Logo-Nuevo-.png\",\"width\":394,\"height\":212,\"caption\":\"Indra Consultores Internacionales\"},\"image\":{\"@id\":\"https:\\\/\\\/www.omnesbands.international\\\/#\\\/schema\\\/logo\\\/image\\\/\"}}]}<\/script>\n<!-- \/ Yoast SEO Premium plugin. -->","yoast_head_json":{"title":"FERNANDO ESP\u00cd CREMADES -","robots":{"index":"index","follow":"follow","max-snippet":"max-snippet:-1","max-image-preview":"max-image-preview:large","max-video-preview":"max-video-preview:-1"},"canonical":"https:\/\/www.omnesbands.international\/fr\/fernando-espi-cremades-2\/","og_locale":"fr_FR","og_type":"article","og_title":"FERNANDO ESP\u00cd CREMADES","og_description":"FERNANDO ESP\u00cd CREMADES Fernando Esp\u00ed es uno de los mejores guitarristas espa\u00f1oles del momento. Obtuvo el Premio extraordinario Fin de Carrera del maestro internacional D. Jos\u00e9 Tom\u00e1s en el Conservatorio Superior \u00abOscar Espl\u00e1\u00bb de Alicante donde actualmente ejerce la docencia como catedr\u00e1tico de guitarra. Posee el t\u00edtulo profesional de la especialidad de m\u00fasica antigua con [&hellip;]","og_url":"https:\/\/www.omnesbands.international\/fr\/fernando-espi-cremades-2\/","article_modified_time":"2023-01-28T21:24:49+00:00","og_image":[{"width":1280,"height":742,"url":"https:\/\/www.omnesbands.international\/wp-content\/uploads\/2023\/01\/music-sheet-music-snowdrop-7107045.jpg","type":"image\/jpeg"}],"twitter_card":"summary_large_image","twitter_misc":{"Dur\u00e9e de lecture estim\u00e9e":"2 minutes"},"schema":{"@context":"https:\/\/schema.org","@graph":[{"@type":"WebPage","@id":"https:\/\/www.omnesbands.international\/de\/fernando-espi-cremades-2\/","url":"https:\/\/www.omnesbands.international\/de\/fernando-espi-cremades-2\/","name":"FERNANDO ESP\u00cd CREMADES -","isPartOf":{"@id":"https:\/\/www.omnesbands.international\/#website"},"datePublished":"2023-01-28T21:23:09+00:00","dateModified":"2023-01-28T21:24:49+00:00","breadcrumb":{"@id":"https:\/\/www.omnesbands.international\/de\/fernando-espi-cremades-2\/#breadcrumb"},"inLanguage":"fr-FR","potentialAction":[{"@type":"ReadAction","target":["https:\/\/www.omnesbands.international\/de\/fernando-espi-cremades-2\/"]}]},{"@type":"BreadcrumbList","@id":"https:\/\/www.omnesbands.international\/de\/fernando-espi-cremades-2\/#breadcrumb","itemListElement":[{"@type":"ListItem","position":1,"name":"Portada","item":"https:\/\/www.omnesbands.international\/"},{"@type":"ListItem","position":2,"name":"FERNANDO ESP\u00cd CREMADES"}]},{"@type":"WebSite","@id":"https:\/\/www.omnesbands.international\/#website","url":"https:\/\/www.omnesbands.international\/","name":"OMNESBANDS International","description":"Partitions originales d&#039;auteurs et compositeurs ind\u00e9pendants","publisher":{"@id":"https:\/\/www.omnesbands.international\/#organization"},"potentialAction":[{"@type":"SearchAction","target":{"@type":"EntryPoint","urlTemplate":"https:\/\/www.omnesbands.international\/?s={search_term_string}"},"query-input":{"@type":"PropertyValueSpecification","valueRequired":true,"valueName":"search_term_string"}}],"inLanguage":"fr-FR"},{"@type":"Organization","@id":"https:\/\/www.omnesbands.international\/#organization","name":"Indra Consultants Internationaux","alternateName":"Omnesbands","url":"https:\/\/www.omnesbands.international\/","logo":{"@type":"ImageObject","inLanguage":"fr-FR","@id":"https:\/\/www.omnesbands.international\/#\/schema\/logo\/image\/","url":"https:\/\/omnesbands.international\/wp-content\/uploads\/2023\/06\/Logo-Nuevo-.png","contentUrl":"https:\/\/omnesbands.international\/wp-content\/uploads\/2023\/06\/Logo-Nuevo-.png","width":394,"height":212,"caption":"Indra Consultores Internacionales"},"image":{"@id":"https:\/\/www.omnesbands.international\/#\/schema\/logo\/image\/"}}]}},"uagb_featured_image_src":{"full":false,"thumbnail":false,"medium":false,"medium_large":false,"large":false,"1536x1536":false,"2048x2048":false,"trp-custom-language-flag":false,"gg_gallery_thumbnail":false,"woocommerce_thumbnail":false,"woocommerce_single":false,"woocommerce_gallery_thumbnail":false},"uagb_author_info":{"display_name":"Melvin R. Portillo A:","author_link":"https:\/\/www.omnesbands.international\/fr\/author\/portand\/"},"uagb_comment_info":0,"uagb_excerpt":"FERNANDO ESP\u00cd CREMADES Fernando Esp\u00ed es uno de los mejores guitarristas espa\u00f1oles del momento. Obtuvo el Premio extraordinario Fin de Carrera del maestro internacional D. Jos\u00e9 Tom\u00e1s en el Conservatorio Superior \u00abOscar Espl\u00e1\u00bb de Alicante donde actualmente ejerce la docencia como catedr\u00e1tico de guitarra. Posee el t\u00edtulo profesional de la especialidad de m\u00fasica antigua con\u2026","_links":{"self":[{"href":"https:\/\/www.omnesbands.international\/fr\/wp-json\/wp\/v2\/pages\/1645","targetHints":{"allow":["GET"]}}],"collection":[{"href":"https:\/\/www.omnesbands.international\/fr\/wp-json\/wp\/v2\/pages"}],"about":[{"href":"https:\/\/www.omnesbands.international\/fr\/wp-json\/wp\/v2\/types\/page"}],"author":[{"embeddable":true,"href":"https:\/\/www.omnesbands.international\/fr\/wp-json\/wp\/v2\/users\/4"}],"replies":[{"embeddable":true,"href":"https:\/\/www.omnesbands.international\/fr\/wp-json\/wp\/v2\/comments?post=1645"}],"version-history":[{"count":2,"href":"https:\/\/www.omnesbands.international\/fr\/wp-json\/wp\/v2\/pages\/1645\/revisions"}],"predecessor-version":[{"id":1648,"href":"https:\/\/www.omnesbands.international\/fr\/wp-json\/wp\/v2\/pages\/1645\/revisions\/1648"}],"wp:attachment":[{"href":"https:\/\/www.omnesbands.international\/fr\/wp-json\/wp\/v2\/media?parent=1645"}],"curies":[{"name":"wp","href":"https:\/\/api.w.org\/{rel}","templated":true}]}}