{"id":1649,"date":"2023-01-28T15:47:48","date_gmt":"2023-01-28T21:47:48","guid":{"rendered":"https:\/\/omnesbands.international\/?page_id=1649"},"modified":"2023-01-28T15:47:50","modified_gmt":"2023-01-28T21:47:50","slug":"ferran-sanchis-gandia-2","status":"publish","type":"page","link":"https:\/\/www.omnesbands.international\/fr\/ferran-sanchis-gandia-2\/","title":{"rendered":"FERRAN SANCHIS GANDIE"},"content":{"rendered":"<div class=\"wp-block-uagb-container uagb-block-5deeb3f5 alignfull uagb-is-root-container\"><div class=\"uagb-container-inner-blocks-wrap\">\n<div class=\"wp-block-uagb-advanced-heading uagb-block-d38152a1\"><h1 class=\"uagb-heading-text\"><strong>FERRAN SANCHIS GANDIE<\/strong><\/h1><\/div>\n<\/div><\/div>\n\n\n\n<div class=\"wp-block-uagb-container uagb-block-4f4993f8 alignfull uagb-is-root-container\"><div class=\"uagb-container-inner-blocks-wrap\">\n<div class=\"wp-block-uagb-container uagb-block-9da3aa46\">\n<p>Ferran Sanchis Gandia, n\u00e9 \u00e0 Ontinyent (Valence), a \u00e9tudi\u00e9 au Conservatoire Professionnel \u00ab Melcior Gomis \u00bb d&#039;Ontinyent avec la sp\u00e9cialit\u00e9 de Saxophone, et est titulaire d&#039;un Dipl\u00f4me Sup\u00e9rieur au Conservatoire Sup\u00e9rieur de Musique \u00ab Joaqu\u00edn Rodrigo \u00bb de Valence dans la sp\u00e9cialit\u00e9 de Composition, en plus d&#039;obtenir le dipl\u00f4me en sciences commerciales \u00e0 l&#039;Universit\u00e9 de Valence. Il a suivi des cours de direction d&#039;orchestre avec le professeur cubain Norman Milan\u00e9s avec qui il a \u00e9galement \u00e9tudi\u00e9 la composition et l&#039;harmonie, avec le professeur Jose Rafael Pascual Vilaplana \u00e0 l&#039;\u00c9cole R\u00e9gionale Vall d&#039;Albaida et avec Alex Schillings \u00e0 l&#039;ISEB (Institut Europ\u00e9en de Bandiste). Trente (Italie).<\/p>\n<p>Au cours de l&#039;ann\u00e9e acad\u00e9mique 2014-2015, il a re\u00e7u une bourse pour poursuivre ses \u00e9tudes en composition \u00e0 l&#039;Acad\u00e9mie de Musique Franz Liszt de Budapest (Hongrie) avec le maestro Gyula Fekete, en plus d&#039;\u00eatre s\u00e9lectionn\u00e9 par le minist\u00e8re hongrois de l&#039;\u00c9ducation et le \u00ab Acad\u00e9mie Franz Liszt \u00bb de Musique \u00bb en hommage \u00e0 J\u00f3zsef S\u00e1ri ; l&#039;un des compositeurs hongrois vivants les plus importants.<\/p>\n<p>Il a dirig\u00e9 la Jeune Bande du Groupe Musical d&#039;Ontinyent, la Jeune Bande de l&#039;Instruction Musicale Alfarras\u00ed, l&#039;Union Musicale Atzeneta d&#039;Albaida, le groupe Dol\u00e7aines et Tabales \u00ab El Regall \u00bb d&#039;Ontinyent avec lequel il a obtenu le 2\u00e8me Prix \u00e0 la III Villa de Concours Altea Dulzainas et Groupe de Percussions, la Soci\u00e9t\u00e9 Musicale \u00ab San Francisco de Paula \u00bb de Bolbaite avec laquelle elle a remport\u00e9 le 3\u00e8me Prix au XXXIII Concours Provincial d&#039;Orchestres Musicales, l&#039;Union Musicale Agres, l&#039;Union Musicale d&#039;Aielo de Malferit, l&#039;Uni\u00f3n Musical Santa Cecilia de Sedav\u00ed et l&#039;Uni\u00f3n Musical Benicadell de Castell\u00f3 de Rugat avec laquelle il a remport\u00e9 le 1er Prix du V\u00e8me Concours de Musique du Festival en ao\u00fbt et le 3\u00e8me Prix du Xe Concours National de Groupes de Musique de Film &#039;Ville de Cullera&#039;.<\/p>\n<\/div>\n<\/div><\/div>\n\n\n<div class=\"woocommerce columns-4\"><ul class=\"products columns-4\">\n<li class=\"desktop-align-left tablet-align-left mobile-align-left ast-product-gallery-layout-horizontal-slider product type-product post-1065 status-publish first instock product_cat-musica-de-calle product_tag-ferran-sanchis-gandia has-post-thumbnail downloadable virtual taxable purchasable product-type-simple\">\n\t<a href=\"https:\/\/www.omnesbands.international\/fr\/produit\/arrels\/\" class=\"woocommerce-LoopProduct-link woocommerce-loop-product__link\"><img loading=\"lazy\" decoding=\"async\" width=\"300\" height=\"300\" src=\"https:\/\/www.omnesbands.international\/wp-content\/uploads\/2023\/01\/Arrels-300x300.jpg\" class=\"attachment-woocommerce_thumbnail size-woocommerce_thumbnail\" alt=\"Arrels\" srcset=\"https:\/\/www.omnesbands.international\/wp-content\/uploads\/2023\/01\/Arrels-300x300.jpg 300w, https:\/\/www.omnesbands.international\/wp-content\/uploads\/2023\/01\/Arrels-150x150.jpg 150w, https:\/\/www.omnesbands.international\/wp-content\/uploads\/2023\/01\/Arrels-100x100.jpg 100w\" sizes=\"auto, (max-width: 300px) 100vw, 300px\" \/><h2 class=\"woocommerce-loop-product__title\">arrelles<\/h2>\n\t<span class=\"price\"><span class=\"woocommerce-Price-amount amount\"><bdi><span class=\"woocommerce-Price-currencySymbol\">&#36;<\/span>25.00<\/bdi><\/span><\/span>\n<\/a><a href=\"\/fr\/wp-json\/wp\/v2\/pages\/1649?add-to-cart=1065\" aria-describedby=\"woocommerce_loop_add_to_cart_link_describedby_1065\" data-quantity=\"1\" class=\"button product_type_simple add_to_cart_button ajax_add_to_cart\" data-product_id=\"1065\" data-product_sku=\"ARR-CAL-ESP-22\" aria-label=\"Ajouter au panier : \u00ab Arrels \u00bb\" rel=\"nofollow\" data-success_message=\"\u00ab\u00a0Arrels\u00a0\u00bb a \u00e9t\u00e9 ajout\u00e9 \u00e0 votre panier\" role=\"button\" data-no-translation=\"\" data-trp-gettext=\"\" data-no-translation-aria-label=\"\" data-no-translation-data-success_message=\"\">Ajouter au panier<\/a>\t<span id=\"woocommerce_loop_add_to_cart_link_describedby_1065\" class=\"screen-reader-text\">\n\t\t\t<\/span>\n<\/li>\n<\/ul>\n<\/div>","protected":false},"excerpt":{"rendered":"<p>FERRAN SANCHIS GANDIA Ferran Sanchis Gandia nacido en Ontinyent (Valencia) ha estudiado en el Conservatorio Profesional \u201cMelcior Gomis\u201d de Ontinyent con la especialidad de Saxof\u00f3n, y es Titulado Superior en el Conservatorio Superior de M\u00fasica \u201cJoaqu\u00edn Rodrigo\u201d en Valencia en la especialidad de Composici\u00f3n, adem\u00e1s de obtener la Diplomatura de Ciencias Empresariales en la Universidad [&hellip;]<\/p>\n","protected":false},"author":4,"featured_media":0,"parent":0,"menu_order":0,"comment_status":"closed","ping_status":"closed","template":"","meta":{"_acf_changed":false,"_uag_custom_page_level_css":"","site-sidebar-layout":"default","site-content-layout":"","ast-site-content-layout":"default","site-content-style":"default","site-sidebar-style":"default","ast-global-header-display":"","ast-banner-title-visibility":"","ast-main-header-display":"","ast-hfb-above-header-display":"","ast-hfb-below-header-display":"","ast-hfb-mobile-header-display":"","site-post-title":"disabled","ast-breadcrumbs-content":"","ast-featured-img":"","footer-sml-layout":"","ast-disable-related-posts":"","theme-transparent-header-meta":"","adv-header-id-meta":"","stick-header-meta":"","header-above-stick-meta":"","header-main-stick-meta":"","header-below-stick-meta":"","astra-migrate-meta-layouts":"default","ast-page-background-enabled":"default","ast-page-background-meta":{"desktop":{"background-color":"","background-image":"","background-repeat":"repeat","background-position":"center center","background-size":"auto","background-attachment":"scroll","background-type":"","background-media":"","overlay-type":"","overlay-color":"","overlay-opacity":"","overlay-gradient":""},"tablet":{"background-color":"","background-image":"","background-repeat":"repeat","background-position":"center center","background-size":"auto","background-attachment":"scroll","background-type":"","background-media":"","overlay-type":"","overlay-color":"","overlay-opacity":"","overlay-gradient":""},"mobile":{"background-color":"","background-image":"","background-repeat":"repeat","background-position":"center center","background-size":"auto","background-attachment":"scroll","background-type":"","background-media":"","overlay-type":"","overlay-color":"","overlay-opacity":"","overlay-gradient":""}},"ast-content-background-meta":{"desktop":{"background-color":"var(--ast-global-color-5)","background-image":"","background-repeat":"repeat","background-position":"center center","background-size":"auto","background-attachment":"scroll","background-type":"","background-media":"","overlay-type":"","overlay-color":"","overlay-opacity":"","overlay-gradient":""},"tablet":{"background-color":"var(--ast-global-color-5)","background-image":"","background-repeat":"repeat","background-position":"center center","background-size":"auto","background-attachment":"scroll","background-type":"","background-media":"","overlay-type":"","overlay-color":"","overlay-opacity":"","overlay-gradient":""},"mobile":{"background-color":"var(--ast-global-color-5)","background-image":"","background-repeat":"repeat","background-position":"center center","background-size":"auto","background-attachment":"scroll","background-type":"","background-media":"","overlay-type":"","overlay-color":"","overlay-opacity":"","overlay-gradient":""}},"footnotes":""},"class_list":["post-1649","page","type-page","status-publish","hentry"],"acf":[],"yoast_head":"<!-- This site is optimized with the Yoast SEO Premium plugin v22.4 (Yoast SEO v27.4) - https:\/\/yoast.com\/product\/yoast-seo-premium-wordpress\/ -->\n<title>FERRAN SANCHIS GANDIA -<\/title>\n<meta name=\"robots\" content=\"index, follow, max-snippet:-1, max-image-preview:large, max-video-preview:-1\" \/>\n<link rel=\"canonical\" href=\"https:\/\/www.omnesbands.international\/fr\/ferran-sanchis-gandia-2\/\" \/>\n<meta property=\"og:locale\" content=\"fr_FR\" \/>\n<meta property=\"og:type\" content=\"article\" \/>\n<meta property=\"og:title\" content=\"FERRAN SANCHIS GANDIA\" \/>\n<meta property=\"og:description\" content=\"FERRAN SANCHIS GANDIA Ferran Sanchis Gandia nacido en Ontinyent (Valencia) ha estudiado en el Conservatorio Profesional \u201cMelcior Gomis\u201d de Ontinyent con la especialidad de Saxof\u00f3n, y es Titulado Superior en el Conservatorio Superior de M\u00fasica \u201cJoaqu\u00edn Rodrigo\u201d en Valencia en la especialidad de Composici\u00f3n, adem\u00e1s de obtener la Diplomatura de Ciencias Empresariales en la Universidad [&hellip;]\" \/>\n<meta property=\"og:url\" content=\"https:\/\/www.omnesbands.international\/fr\/ferran-sanchis-gandia-2\/\" \/>\n<meta property=\"article:modified_time\" content=\"2023-01-28T21:47:50+00:00\" \/>\n<meta property=\"og:image\" content=\"https:\/\/www.omnesbands.international\/wp-content\/uploads\/2023\/01\/music-sheet-music-snowdrop-7107045.jpg\" \/>\n\t<meta property=\"og:image:width\" content=\"1280\" \/>\n\t<meta property=\"og:image:height\" content=\"742\" \/>\n\t<meta property=\"og:image:type\" content=\"image\/jpeg\" \/>\n<meta name=\"twitter:card\" content=\"summary_large_image\" \/>\n<meta name=\"twitter:label1\" content=\"Dur\u00e9e de lecture estim\u00e9e\" \/>\n\t<meta name=\"twitter:data1\" content=\"2 minutes\" \/>\n<script type=\"application\/ld+json\" class=\"yoast-schema-graph\">{\"@context\":\"https:\\\/\\\/schema.org\",\"@graph\":[{\"@type\":\"WebPage\",\"@id\":\"https:\\\/\\\/www.omnesbands.international\\\/ferran-sanchis-gandia-2\\\/\",\"url\":\"https:\\\/\\\/www.omnesbands.international\\\/ferran-sanchis-gandia-2\\\/\",\"name\":\"FERRAN SANCHIS GANDIA -\",\"isPartOf\":{\"@id\":\"https:\\\/\\\/www.omnesbands.international\\\/#website\"},\"datePublished\":\"2023-01-28T21:47:48+00:00\",\"dateModified\":\"2023-01-28T21:47:50+00:00\",\"breadcrumb\":{\"@id\":\"https:\\\/\\\/www.omnesbands.international\\\/ferran-sanchis-gandia-2\\\/#breadcrumb\"},\"inLanguage\":\"fr-FR\",\"potentialAction\":[{\"@type\":\"ReadAction\",\"target\":[\"https:\\\/\\\/www.omnesbands.international\\\/ferran-sanchis-gandia-2\\\/\"]}]},{\"@type\":\"BreadcrumbList\",\"@id\":\"https:\\\/\\\/www.omnesbands.international\\\/ferran-sanchis-gandia-2\\\/#breadcrumb\",\"itemListElement\":[{\"@type\":\"ListItem\",\"position\":1,\"name\":\"Portada\",\"item\":\"https:\\\/\\\/www.omnesbands.international\\\/\"},{\"@type\":\"ListItem\",\"position\":2,\"name\":\"FERRAN SANCHIS GANDIA\"}]},{\"@type\":\"WebSite\",\"@id\":\"https:\\\/\\\/www.omnesbands.international\\\/#website\",\"url\":\"https:\\\/\\\/www.omnesbands.international\\\/\",\"name\":\"OMNESBANDS International\",\"description\":\"Partituras Originales de autores y compositores independientes\",\"publisher\":{\"@id\":\"https:\\\/\\\/www.omnesbands.international\\\/#organization\"},\"potentialAction\":[{\"@type\":\"SearchAction\",\"target\":{\"@type\":\"EntryPoint\",\"urlTemplate\":\"https:\\\/\\\/www.omnesbands.international\\\/?s={search_term_string}\"},\"query-input\":{\"@type\":\"PropertyValueSpecification\",\"valueRequired\":true,\"valueName\":\"search_term_string\"}}],\"inLanguage\":\"fr-FR\"},{\"@type\":\"Organization\",\"@id\":\"https:\\\/\\\/www.omnesbands.international\\\/#organization\",\"name\":\"Indra Consultores Internacionales\",\"alternateName\":\"Omnesbands\",\"url\":\"https:\\\/\\\/www.omnesbands.international\\\/\",\"logo\":{\"@type\":\"ImageObject\",\"inLanguage\":\"fr-FR\",\"@id\":\"https:\\\/\\\/www.omnesbands.international\\\/#\\\/schema\\\/logo\\\/image\\\/\",\"url\":\"https:\\\/\\\/omnesbands.international\\\/wp-content\\\/uploads\\\/2023\\\/06\\\/Logo-Nuevo-.png\",\"contentUrl\":\"https:\\\/\\\/omnesbands.international\\\/wp-content\\\/uploads\\\/2023\\\/06\\\/Logo-Nuevo-.png\",\"width\":394,\"height\":212,\"caption\":\"Indra Consultores Internacionales\"},\"image\":{\"@id\":\"https:\\\/\\\/www.omnesbands.international\\\/#\\\/schema\\\/logo\\\/image\\\/\"}}]}<\/script>\n<!-- \/ Yoast SEO Premium plugin. -->","yoast_head_json":{"title":"FERRAN SANCHIS GANDIA -","robots":{"index":"index","follow":"follow","max-snippet":"max-snippet:-1","max-image-preview":"max-image-preview:large","max-video-preview":"max-video-preview:-1"},"canonical":"https:\/\/www.omnesbands.international\/fr\/ferran-sanchis-gandia-2\/","og_locale":"fr_FR","og_type":"article","og_title":"FERRAN SANCHIS GANDIA","og_description":"FERRAN SANCHIS GANDIA Ferran Sanchis Gandia nacido en Ontinyent (Valencia) ha estudiado en el Conservatorio Profesional \u201cMelcior Gomis\u201d de Ontinyent con la especialidad de Saxof\u00f3n, y es Titulado Superior en el Conservatorio Superior de M\u00fasica \u201cJoaqu\u00edn Rodrigo\u201d en Valencia en la especialidad de Composici\u00f3n, adem\u00e1s de obtener la Diplomatura de Ciencias Empresariales en la Universidad [&hellip;]","og_url":"https:\/\/www.omnesbands.international\/fr\/ferran-sanchis-gandia-2\/","article_modified_time":"2023-01-28T21:47:50+00:00","og_image":[{"width":1280,"height":742,"url":"https:\/\/www.omnesbands.international\/wp-content\/uploads\/2023\/01\/music-sheet-music-snowdrop-7107045.jpg","type":"image\/jpeg"}],"twitter_card":"summary_large_image","twitter_misc":{"Dur\u00e9e de lecture estim\u00e9e":"2 minutes"},"schema":{"@context":"https:\/\/schema.org","@graph":[{"@type":"WebPage","@id":"https:\/\/www.omnesbands.international\/ferran-sanchis-gandia-2\/","url":"https:\/\/www.omnesbands.international\/ferran-sanchis-gandia-2\/","name":"FERRAN SANCHIS GANDIA -","isPartOf":{"@id":"https:\/\/www.omnesbands.international\/#website"},"datePublished":"2023-01-28T21:47:48+00:00","dateModified":"2023-01-28T21:47:50+00:00","breadcrumb":{"@id":"https:\/\/www.omnesbands.international\/ferran-sanchis-gandia-2\/#breadcrumb"},"inLanguage":"fr-FR","potentialAction":[{"@type":"ReadAction","target":["https:\/\/www.omnesbands.international\/ferran-sanchis-gandia-2\/"]}]},{"@type":"BreadcrumbList","@id":"https:\/\/www.omnesbands.international\/ferran-sanchis-gandia-2\/#breadcrumb","itemListElement":[{"@type":"ListItem","position":1,"name":"Portada","item":"https:\/\/www.omnesbands.international\/"},{"@type":"ListItem","position":2,"name":"FERRAN SANCHIS GANDIA"}]},{"@type":"WebSite","@id":"https:\/\/www.omnesbands.international\/#website","url":"https:\/\/www.omnesbands.international\/","name":"OMNESBANDS International","description":"Partitions originales d&#039;auteurs et compositeurs ind\u00e9pendants","publisher":{"@id":"https:\/\/www.omnesbands.international\/#organization"},"potentialAction":[{"@type":"SearchAction","target":{"@type":"EntryPoint","urlTemplate":"https:\/\/www.omnesbands.international\/?s={search_term_string}"},"query-input":{"@type":"PropertyValueSpecification","valueRequired":true,"valueName":"search_term_string"}}],"inLanguage":"fr-FR"},{"@type":"Organization","@id":"https:\/\/www.omnesbands.international\/#organization","name":"Indra Consultants Internationaux","alternateName":"Omnesbands","url":"https:\/\/www.omnesbands.international\/","logo":{"@type":"ImageObject","inLanguage":"fr-FR","@id":"https:\/\/www.omnesbands.international\/#\/schema\/logo\/image\/","url":"https:\/\/omnesbands.international\/wp-content\/uploads\/2023\/06\/Logo-Nuevo-.png","contentUrl":"https:\/\/omnesbands.international\/wp-content\/uploads\/2023\/06\/Logo-Nuevo-.png","width":394,"height":212,"caption":"Indra Consultores Internacionales"},"image":{"@id":"https:\/\/www.omnesbands.international\/#\/schema\/logo\/image\/"}}]}},"uagb_featured_image_src":{"full":false,"thumbnail":false,"medium":false,"medium_large":false,"large":false,"1536x1536":false,"2048x2048":false,"trp-custom-language-flag":false,"gg_gallery_thumbnail":false,"woocommerce_thumbnail":false,"woocommerce_single":false,"woocommerce_gallery_thumbnail":false},"uagb_author_info":{"display_name":"Melvin R. Portillo A:","author_link":"https:\/\/www.omnesbands.international\/fr\/author\/portand\/"},"uagb_comment_info":0,"uagb_excerpt":"FERRAN SANCHIS GANDIA Ferran Sanchis Gandia nacido en Ontinyent (Valencia) ha estudiado en el Conservatorio Profesional \u201cMelcior Gomis\u201d de Ontinyent con la especialidad de Saxof\u00f3n, y es Titulado Superior en el Conservatorio Superior de M\u00fasica \u201cJoaqu\u00edn Rodrigo\u201d en Valencia en la especialidad de Composici\u00f3n, adem\u00e1s de obtener la Diplomatura de Ciencias Empresariales en la Universidad\u2026","_links":{"self":[{"href":"https:\/\/www.omnesbands.international\/fr\/wp-json\/wp\/v2\/pages\/1649","targetHints":{"allow":["GET"]}}],"collection":[{"href":"https:\/\/www.omnesbands.international\/fr\/wp-json\/wp\/v2\/pages"}],"about":[{"href":"https:\/\/www.omnesbands.international\/fr\/wp-json\/wp\/v2\/types\/page"}],"author":[{"embeddable":true,"href":"https:\/\/www.omnesbands.international\/fr\/wp-json\/wp\/v2\/users\/4"}],"replies":[{"embeddable":true,"href":"https:\/\/www.omnesbands.international\/fr\/wp-json\/wp\/v2\/comments?post=1649"}],"version-history":[{"count":1,"href":"https:\/\/www.omnesbands.international\/fr\/wp-json\/wp\/v2\/pages\/1649\/revisions"}],"predecessor-version":[{"id":1650,"href":"https:\/\/www.omnesbands.international\/fr\/wp-json\/wp\/v2\/pages\/1649\/revisions\/1650"}],"wp:attachment":[{"href":"https:\/\/www.omnesbands.international\/fr\/wp-json\/wp\/v2\/media?parent=1649"}],"curies":[{"name":"wp","href":"https:\/\/api.w.org\/{rel}","templated":true}]}}