{"id":1651,"date":"2023-01-28T15:50:52","date_gmt":"2023-01-28T21:50:52","guid":{"rendered":"https:\/\/omnesbands.international\/?page_id=1651"},"modified":"2023-01-28T15:53:38","modified_gmt":"2023-01-28T21:53:38","slug":"francesc-cerda-alibana","status":"publish","type":"page","link":"https:\/\/www.omnesbands.international\/fr\/francesc-cerda-alibana\/","title":{"rendered":"FRANCESC CERD\u00c1 ALIBA\u00d1A"},"content":{"rendered":"<div class=\"wp-block-uagb-container uagb-block-9689c300 alignfull uagb-is-root-container\"><div class=\"uagb-container-inner-blocks-wrap\">\n<div class=\"wp-block-uagb-advanced-heading uagb-block-f68b379e\"><h1 class=\"uagb-heading-text\"><strong>FRANCESC CERD\u00c1 ALIBA\u00d1A<\/strong><\/h1><\/div>\n<\/div><\/div>\n\n\n\n<div class=\"wp-block-uagb-container uagb-block-f5c02d00 alignfull uagb-is-root-container\"><div class=\"uagb-container-inner-blocks-wrap\">\n<div class=\"wp-block-uagb-container uagb-block-e79ac3d9\">\n<p><span style=\"font-size: 1rem; color: inherit; background-color: var(--ast-global-color-5);\">Il est n\u00e9 \u00e0 L&#039;Olleria (Valence) le 27 mai 1960. Il a commenc\u00e9 sa carri\u00e8re musicale dans le groupe de la Soci\u00e9t\u00e9 Musicale &quot;Santa Cecilia&quot; de sa ville natale, avec le requinto comme instrument. Plus tard, il a travaill\u00e9 dans le m\u00eame groupe de clarinette. percussions, claviers et en devient le directeur adjoint. ainsi que directeur du jeune groupe (1989-931). L&#039;arriv\u00e9e de Liberto Benet comme directeur du groupe (1980) motive sa croissance en tant que compositeur et il obtient son premier succ\u00e8s dans l&#039;hymne des Festivals de L&#039;Olleria. se consacre de pr\u00e9f\u00e9rence \u00e0 la musique pour la f\u00eate des Maures et des Chr\u00e9tiens. <br>Apr\u00e8s avoir termin\u00e9 ses \u00e9tudes en p\u00e9dagogie musicale, il a enseign\u00e9 le solf\u00e8ge et la clarinette dans diff\u00e9rentes \u00e9coles de musique Pedreguer, Bellus. l&#039;011eria, Il a \u00e9t\u00e9 professeur d&#039;\u00e9ducation musicale dans plusieurs \u00e9coles de Catalogne entre iggrt et 2002. Au cours de l&#039;ann\u00e9e scolaire 2002-2003, il a exerc\u00e9 cette fonction dans sa ville natale. <br>En 2004, le Concours et Concours de Musique du Festival Francesc Cerd\u00e1 a \u00e9t\u00e9 cr\u00e9\u00e9 \u00e0 l&#039;011eria en reconnaissance de son travail pour la musique et la c\u00e9l\u00e9bration de sa ville.<br>inuer ses \u00e9tudes de composition \u00e0 l&#039;\u00ab Acad\u00e9mie de Musique Franz Liszt \u00bb de Budapest (Hongrie) avec le maestro Gyula Fekete, en plus d&#039;\u00eatre s\u00e9lectionn\u00e9 par le Minist\u00e8re hongrois de l&#039;\u00c9ducation et l&#039;\u00ab Acad\u00e9mie de Musique Franz Liszt \u00bb pour rendre hommage \u00e0 J\u00f3zsef Sari ; l&#039;un des compositeurs hongrois vivants les plus importants.<\/span><\/p>\n<p>Il a dirig\u00e9 la Jeune Bande du Groupe Musical d&#039;Ontinyent, la Jeune Bande de l&#039;Instruction Musicale Alfarras\u00ed, l&#039;Union Musicale Atzeneta d&#039;Albaida, le groupe Dol\u00e7aines et Tabales \u00ab El Regall \u00bb d&#039;Ontinyent avec lequel il a obtenu le 2\u00e8me Prix \u00e0 la III Villa de Concours Altea Dulzainas et Groupe de Percussions, la Soci\u00e9t\u00e9 Musicale \u00ab San Francisco de Paula \u00bb de Bolbaite avec laquelle elle a remport\u00e9 le 3\u00e8me Prix au XXXIII Concours Provincial d&#039;Orchestres Musicales, l&#039;Union Musicale Agres, l&#039;Union Musicale d&#039;Aielo de Malferit, l&#039;Uni\u00f3n Musical Santa Cecilia de Sedav\u00ed et l&#039;Uni\u00f3n Musical Benicadell de Castell\u00f3 de Rugat avec laquelle il a remport\u00e9 le 1er Prix du V\u00e8me Concours de Musique du Festival en ao\u00fbt et le 3\u00e8me Prix du Xe Concours National de Groupes de Musique de Film &#039;Ville de Cullera&#039;.<\/p>\n<\/div>\n<\/div><\/div>\n\n\n<div class=\"woocommerce columns-4\"><\/div>","protected":false},"excerpt":{"rendered":"<p>FRANCESC CERD\u00c1 ALIBA\u00d1A Nace en L\u00b4Olleria (Valencia) el 27 de mayo de 1960. Se inici\u00f3 en la m\u00fasica en la banda de la Sociedad Musical -Santa Cecilia&#8217; de su localidad natal, con el requinto como instrumento Despu\u00e9s ocupo en la misma formaci\u00f3n del clarinete. la percusi\u00f3n, los teclados y lleg\u00f3 a ser su subdirector. as\u00ed [&hellip;]<\/p>\n","protected":false},"author":4,"featured_media":0,"parent":0,"menu_order":0,"comment_status":"closed","ping_status":"closed","template":"","meta":{"_acf_changed":false,"_uag_custom_page_level_css":"","site-sidebar-layout":"default","site-content-layout":"","ast-site-content-layout":"default","site-content-style":"default","site-sidebar-style":"default","ast-global-header-display":"","ast-banner-title-visibility":"","ast-main-header-display":"","ast-hfb-above-header-display":"","ast-hfb-below-header-display":"","ast-hfb-mobile-header-display":"","site-post-title":"disabled","ast-breadcrumbs-content":"","ast-featured-img":"","footer-sml-layout":"","ast-disable-related-posts":"","theme-transparent-header-meta":"","adv-header-id-meta":"","stick-header-meta":"","header-above-stick-meta":"","header-main-stick-meta":"","header-below-stick-meta":"","astra-migrate-meta-layouts":"default","ast-page-background-enabled":"default","ast-page-background-meta":{"desktop":{"background-color":"","background-image":"","background-repeat":"repeat","background-position":"center center","background-size":"auto","background-attachment":"scroll","background-type":"","background-media":"","overlay-type":"","overlay-color":"","overlay-opacity":"","overlay-gradient":""},"tablet":{"background-color":"","background-image":"","background-repeat":"repeat","background-position":"center center","background-size":"auto","background-attachment":"scroll","background-type":"","background-media":"","overlay-type":"","overlay-color":"","overlay-opacity":"","overlay-gradient":""},"mobile":{"background-color":"","background-image":"","background-repeat":"repeat","background-position":"center center","background-size":"auto","background-attachment":"scroll","background-type":"","background-media":"","overlay-type":"","overlay-color":"","overlay-opacity":"","overlay-gradient":""}},"ast-content-background-meta":{"desktop":{"background-color":"var(--ast-global-color-5)","background-image":"","background-repeat":"repeat","background-position":"center center","background-size":"auto","background-attachment":"scroll","background-type":"","background-media":"","overlay-type":"","overlay-color":"","overlay-opacity":"","overlay-gradient":""},"tablet":{"background-color":"var(--ast-global-color-5)","background-image":"","background-repeat":"repeat","background-position":"center center","background-size":"auto","background-attachment":"scroll","background-type":"","background-media":"","overlay-type":"","overlay-color":"","overlay-opacity":"","overlay-gradient":""},"mobile":{"background-color":"var(--ast-global-color-5)","background-image":"","background-repeat":"repeat","background-position":"center center","background-size":"auto","background-attachment":"scroll","background-type":"","background-media":"","overlay-type":"","overlay-color":"","overlay-opacity":"","overlay-gradient":""}},"footnotes":""},"class_list":["post-1651","page","type-page","status-publish","hentry"],"acf":[],"yoast_head":"<!-- This site is optimized with the Yoast SEO Premium plugin v22.4 (Yoast SEO v27.4) - https:\/\/yoast.com\/product\/yoast-seo-premium-wordpress\/ -->\n<title>FRANCESC CERD\u00c1 ALIBA\u00d1A -<\/title>\n<meta name=\"robots\" content=\"index, follow, max-snippet:-1, max-image-preview:large, max-video-preview:-1\" \/>\n<link rel=\"canonical\" href=\"https:\/\/www.omnesbands.international\/fr\/francesc-cerda-alibana\/\" \/>\n<meta property=\"og:locale\" content=\"fr_FR\" \/>\n<meta property=\"og:type\" content=\"article\" \/>\n<meta property=\"og:title\" content=\"FRANCESC CERD\u00c1 ALIBA\u00d1A\" \/>\n<meta property=\"og:description\" content=\"FRANCESC CERD\u00c1 ALIBA\u00d1A Nace en L\u00b4Olleria (Valencia) el 27 de mayo de 1960. Se inici\u00f3 en la m\u00fasica en la banda de la Sociedad Musical -Santa Cecilia&#8217; de su localidad natal, con el requinto como instrumento Despu\u00e9s ocupo en la misma formaci\u00f3n del clarinete. la percusi\u00f3n, los teclados y lleg\u00f3 a ser su subdirector. as\u00ed [&hellip;]\" \/>\n<meta property=\"og:url\" content=\"https:\/\/www.omnesbands.international\/fr\/francesc-cerda-alibana\/\" \/>\n<meta property=\"article:modified_time\" content=\"2023-01-28T21:53:38+00:00\" \/>\n<meta property=\"og:image\" content=\"https:\/\/www.omnesbands.international\/wp-content\/uploads\/2023\/01\/music-sheet-music-snowdrop-7107045.jpg\" \/>\n\t<meta property=\"og:image:width\" content=\"1280\" \/>\n\t<meta property=\"og:image:height\" content=\"742\" \/>\n\t<meta property=\"og:image:type\" content=\"image\/jpeg\" \/>\n<meta name=\"twitter:card\" content=\"summary_large_image\" \/>\n<meta name=\"twitter:label1\" content=\"Dur\u00e9e de lecture estim\u00e9e\" \/>\n\t<meta name=\"twitter:data1\" content=\"2 minutes\" \/>\n<script type=\"application\/ld+json\" class=\"yoast-schema-graph\">{\"@context\":\"https:\\\/\\\/schema.org\",\"@graph\":[{\"@type\":\"WebPage\",\"@id\":\"https:\\\/\\\/www.omnesbands.international\\\/en\\\/francesc-cerda-alibana\\\/\",\"url\":\"https:\\\/\\\/www.omnesbands.international\\\/en\\\/francesc-cerda-alibana\\\/\",\"name\":\"FRANCESC CERD\u00c1 ALIBA\u00d1A -\",\"isPartOf\":{\"@id\":\"https:\\\/\\\/www.omnesbands.international\\\/#website\"},\"datePublished\":\"2023-01-28T21:50:52+00:00\",\"dateModified\":\"2023-01-28T21:53:38+00:00\",\"breadcrumb\":{\"@id\":\"https:\\\/\\\/www.omnesbands.international\\\/en\\\/francesc-cerda-alibana\\\/#breadcrumb\"},\"inLanguage\":\"fr-FR\",\"potentialAction\":[{\"@type\":\"ReadAction\",\"target\":[\"https:\\\/\\\/www.omnesbands.international\\\/en\\\/francesc-cerda-alibana\\\/\"]}]},{\"@type\":\"BreadcrumbList\",\"@id\":\"https:\\\/\\\/www.omnesbands.international\\\/en\\\/francesc-cerda-alibana\\\/#breadcrumb\",\"itemListElement\":[{\"@type\":\"ListItem\",\"position\":1,\"name\":\"Portada\",\"item\":\"https:\\\/\\\/www.omnesbands.international\\\/\"},{\"@type\":\"ListItem\",\"position\":2,\"name\":\"FRANCESC CERD\u00c1 ALIBA\u00d1A\"}]},{\"@type\":\"WebSite\",\"@id\":\"https:\\\/\\\/www.omnesbands.international\\\/#website\",\"url\":\"https:\\\/\\\/www.omnesbands.international\\\/\",\"name\":\"OMNESBANDS International\",\"description\":\"Partituras Originales de autores y compositores independientes\",\"publisher\":{\"@id\":\"https:\\\/\\\/www.omnesbands.international\\\/#organization\"},\"potentialAction\":[{\"@type\":\"SearchAction\",\"target\":{\"@type\":\"EntryPoint\",\"urlTemplate\":\"https:\\\/\\\/www.omnesbands.international\\\/?s={search_term_string}\"},\"query-input\":{\"@type\":\"PropertyValueSpecification\",\"valueRequired\":true,\"valueName\":\"search_term_string\"}}],\"inLanguage\":\"fr-FR\"},{\"@type\":\"Organization\",\"@id\":\"https:\\\/\\\/www.omnesbands.international\\\/#organization\",\"name\":\"Indra Consultores Internacionales\",\"alternateName\":\"Omnesbands\",\"url\":\"https:\\\/\\\/www.omnesbands.international\\\/\",\"logo\":{\"@type\":\"ImageObject\",\"inLanguage\":\"fr-FR\",\"@id\":\"https:\\\/\\\/www.omnesbands.international\\\/#\\\/schema\\\/logo\\\/image\\\/\",\"url\":\"https:\\\/\\\/omnesbands.international\\\/wp-content\\\/uploads\\\/2023\\\/06\\\/Logo-Nuevo-.png\",\"contentUrl\":\"https:\\\/\\\/omnesbands.international\\\/wp-content\\\/uploads\\\/2023\\\/06\\\/Logo-Nuevo-.png\",\"width\":394,\"height\":212,\"caption\":\"Indra Consultores Internacionales\"},\"image\":{\"@id\":\"https:\\\/\\\/www.omnesbands.international\\\/#\\\/schema\\\/logo\\\/image\\\/\"}}]}<\/script>\n<!-- \/ Yoast SEO Premium plugin. -->","yoast_head_json":{"title":"FRANCESC CERD\u00c1 ALIBA\u00d1A -","robots":{"index":"index","follow":"follow","max-snippet":"max-snippet:-1","max-image-preview":"max-image-preview:large","max-video-preview":"max-video-preview:-1"},"canonical":"https:\/\/www.omnesbands.international\/fr\/francesc-cerda-alibana\/","og_locale":"fr_FR","og_type":"article","og_title":"FRANCESC CERD\u00c1 ALIBA\u00d1A","og_description":"FRANCESC CERD\u00c1 ALIBA\u00d1A Nace en L\u00b4Olleria (Valencia) el 27 de mayo de 1960. Se inici\u00f3 en la m\u00fasica en la banda de la Sociedad Musical -Santa Cecilia&#8217; de su localidad natal, con el requinto como instrumento Despu\u00e9s ocupo en la misma formaci\u00f3n del clarinete. la percusi\u00f3n, los teclados y lleg\u00f3 a ser su subdirector. as\u00ed [&hellip;]","og_url":"https:\/\/www.omnesbands.international\/fr\/francesc-cerda-alibana\/","article_modified_time":"2023-01-28T21:53:38+00:00","og_image":[{"width":1280,"height":742,"url":"https:\/\/www.omnesbands.international\/wp-content\/uploads\/2023\/01\/music-sheet-music-snowdrop-7107045.jpg","type":"image\/jpeg"}],"twitter_card":"summary_large_image","twitter_misc":{"Dur\u00e9e de lecture estim\u00e9e":"2 minutes"},"schema":{"@context":"https:\/\/schema.org","@graph":[{"@type":"WebPage","@id":"https:\/\/www.omnesbands.international\/en\/francesc-cerda-alibana\/","url":"https:\/\/www.omnesbands.international\/en\/francesc-cerda-alibana\/","name":"FRANCESC CERD\u00c1 ALIBA\u00d1A -","isPartOf":{"@id":"https:\/\/www.omnesbands.international\/#website"},"datePublished":"2023-01-28T21:50:52+00:00","dateModified":"2023-01-28T21:53:38+00:00","breadcrumb":{"@id":"https:\/\/www.omnesbands.international\/en\/francesc-cerda-alibana\/#breadcrumb"},"inLanguage":"fr-FR","potentialAction":[{"@type":"ReadAction","target":["https:\/\/www.omnesbands.international\/en\/francesc-cerda-alibana\/"]}]},{"@type":"BreadcrumbList","@id":"https:\/\/www.omnesbands.international\/en\/francesc-cerda-alibana\/#breadcrumb","itemListElement":[{"@type":"ListItem","position":1,"name":"Portada","item":"https:\/\/www.omnesbands.international\/"},{"@type":"ListItem","position":2,"name":"FRANCESC CERD\u00c1 ALIBA\u00d1A"}]},{"@type":"WebSite","@id":"https:\/\/www.omnesbands.international\/#website","url":"https:\/\/www.omnesbands.international\/","name":"OMNESBANDS International","description":"Partitions originales d&#039;auteurs et compositeurs ind\u00e9pendants","publisher":{"@id":"https:\/\/www.omnesbands.international\/#organization"},"potentialAction":[{"@type":"SearchAction","target":{"@type":"EntryPoint","urlTemplate":"https:\/\/www.omnesbands.international\/?s={search_term_string}"},"query-input":{"@type":"PropertyValueSpecification","valueRequired":true,"valueName":"search_term_string"}}],"inLanguage":"fr-FR"},{"@type":"Organization","@id":"https:\/\/www.omnesbands.international\/#organization","name":"Indra Consultants Internationaux","alternateName":"Omnesbands","url":"https:\/\/www.omnesbands.international\/","logo":{"@type":"ImageObject","inLanguage":"fr-FR","@id":"https:\/\/www.omnesbands.international\/#\/schema\/logo\/image\/","url":"https:\/\/omnesbands.international\/wp-content\/uploads\/2023\/06\/Logo-Nuevo-.png","contentUrl":"https:\/\/omnesbands.international\/wp-content\/uploads\/2023\/06\/Logo-Nuevo-.png","width":394,"height":212,"caption":"Indra Consultores Internacionales"},"image":{"@id":"https:\/\/www.omnesbands.international\/#\/schema\/logo\/image\/"}}]}},"uagb_featured_image_src":{"full":false,"thumbnail":false,"medium":false,"medium_large":false,"large":false,"1536x1536":false,"2048x2048":false,"trp-custom-language-flag":false,"gg_gallery_thumbnail":false,"woocommerce_thumbnail":false,"woocommerce_single":false,"woocommerce_gallery_thumbnail":false},"uagb_author_info":{"display_name":"Melvin R. Portillo A:","author_link":"https:\/\/www.omnesbands.international\/fr\/author\/portand\/"},"uagb_comment_info":0,"uagb_excerpt":"FRANCESC CERD\u00c1 ALIBA\u00d1A Nace en L\u00b4Olleria (Valencia) el 27 de mayo de 1960. Se inici\u00f3 en la m\u00fasica en la banda de la Sociedad Musical -Santa Cecilia&#8217; de su localidad natal, con el requinto como instrumento Despu\u00e9s ocupo en la misma formaci\u00f3n del clarinete. la percusi\u00f3n, los teclados y lleg\u00f3 a ser su subdirector. as\u00ed\u2026","_links":{"self":[{"href":"https:\/\/www.omnesbands.international\/fr\/wp-json\/wp\/v2\/pages\/1651","targetHints":{"allow":["GET"]}}],"collection":[{"href":"https:\/\/www.omnesbands.international\/fr\/wp-json\/wp\/v2\/pages"}],"about":[{"href":"https:\/\/www.omnesbands.international\/fr\/wp-json\/wp\/v2\/types\/page"}],"author":[{"embeddable":true,"href":"https:\/\/www.omnesbands.international\/fr\/wp-json\/wp\/v2\/users\/4"}],"replies":[{"embeddable":true,"href":"https:\/\/www.omnesbands.international\/fr\/wp-json\/wp\/v2\/comments?post=1651"}],"version-history":[{"count":3,"href":"https:\/\/www.omnesbands.international\/fr\/wp-json\/wp\/v2\/pages\/1651\/revisions"}],"predecessor-version":[{"id":1655,"href":"https:\/\/www.omnesbands.international\/fr\/wp-json\/wp\/v2\/pages\/1651\/revisions\/1655"}],"wp:attachment":[{"href":"https:\/\/www.omnesbands.international\/fr\/wp-json\/wp\/v2\/media?parent=1651"}],"curies":[{"name":"wp","href":"https:\/\/api.w.org\/{rel}","templated":true}]}}