{"id":1661,"date":"2023-01-28T16:08:19","date_gmt":"2023-01-28T22:08:19","guid":{"rendered":"https:\/\/omnesbands.international\/?page_id=1661"},"modified":"2023-01-28T16:10:43","modified_gmt":"2023-01-28T22:10:43","slug":"joaquin-grau-murcia-2","status":"publish","type":"page","link":"https:\/\/www.omnesbands.international\/fr\/joaquin-grau-murcia-2\/","title":{"rendered":"JOAQUIN GRAU MURCIE"},"content":{"rendered":"<div class=\"wp-block-uagb-container uagb-block-e2ccd81f alignfull uagb-is-root-container\"><div class=\"uagb-container-inner-blocks-wrap\">\n<div class=\"wp-block-uagb-advanced-heading uagb-block-076412b3\"><h1 class=\"uagb-heading-text\"><strong>JOAQUIN GRAU MURCIE<\/strong><\/h1><\/div>\n<\/div><\/div>\n\n\n\n<div class=\"wp-block-uagb-container uagb-block-815740df alignfull uagb-is-root-container\"><div class=\"uagb-container-inner-blocks-wrap\">\n<div class=\"wp-block-uagb-container uagb-block-688fb24f\">\n<p>Joaqu\u00edn Grau Murcia, originaire de Bigastro (Alicante). Professeur de Solf\u00e8ge et Th\u00e9orie Musicale, Professeur Sup\u00e9rieur d&#039;Euphonium, Composition et Instrumentation et Direction d&#039;Orchestre au Conservatoire Royal de Musique de Madrid et Professeur Sup\u00e9rieur de P\u00e9dagogie Musicale au Conservatoire de Musique de Murcie.<\/p>\n<p>Depuis 1989, il fait partie du Corps des directeurs musicaux du minist\u00e8re de la D\u00e9fense. Il a \u00e9t\u00e9 directeur de La M\u00fasica du Gouvernement Militaire de La Coru\u00f1a et de l&#039;Acad\u00e9mie Militaire G\u00e9n\u00e9rale de Saragosse. Il est actuellement le directeur commandant de l&#039;unit\u00e9 de musique du Tercio de Levante de l&#039;infanterie de marine bas\u00e9e \u00e0 Carthag\u00e8ne.<br \/>En tant que chef invit\u00e9, il a dirig\u00e9 : l&#039;Orchestre Symphonique Municipal d&#039;Alicante, l&#039;Orchestre Municipal d&#039;Albacete, celui de La Corogne, l&#039;Orchestre Classique de La Corogne, l&#039;Orchestre de Chambre &quot;Ciudad de Cartagena&quot;, etc.<\/p>\n<p>Dans l&#039;enseignement, il a \u00e9t\u00e9 professeur de musique pour BUP et professeur de contrepoint et d&#039;ensemble instrumental.<br \/>Auteur de plusieurs compositions, dont certaines ont remport\u00e9 des prix dans des concours et des concours: 1. Deuxi\u00e8me prix au &quot;Concours national de composition Aula General Casta\u00f1os&quot; de S\u00e9ville (1994) 2. 1er prix au &quot;II Concours de composition musicale de tauromachie Pasodobles&quot; de la Diputaci\u00f3n Provincial d&#039;Alicante (2005) 3. 2\u00e8me Prix et Mention Honorable au &quot;X Concours de Composition de Marches Processionnelles&quot; de San Fernando - Cadix (2005)<\/p>\n<p>Membre du Jury dans divers concours et concours tant de composition que d&#039;interpr\u00e9tation.<br \/>Il est en possession de deux croix du m\u00e9rite naval. Il est Chevalier de l&#039;Ordre Royal et Militaire de San Hermenegildo dans ses trois cat\u00e9gories (Croix, Mention \u00e9logieuse et Plaque). Fr\u00e8re honoraire de l&#039;Association San Pedro Ap\u00f3stol de la Confr\u00e9rie californienne de Carthag\u00e8ne et insigne d&#039;or de la Confr\u00e9rie Paso Blanco de H\u00faercal-Overa (Almer\u00eda).<\/p>\n<\/div>\n<\/div><\/div>\n\n\n<div class=\"woocommerce columns-4\"><ul class=\"products columns-4\">\n<li class=\"desktop-align-left tablet-align-left mobile-align-left ast-product-gallery-layout-horizontal-slider product type-product post-931 status-publish first instock product_cat-pasodobles product_tag-joaquin-grau-murcia has-post-thumbnail downloadable taxable shipping-taxable purchasable product-type-simple\">\n\t<a href=\"https:\/\/www.omnesbands.international\/fr\/produit\/chumbe-toro\/\" class=\"woocommerce-LoopProduct-link woocommerce-loop-product__link\"><img loading=\"lazy\" decoding=\"async\" width=\"300\" height=\"300\" src=\"https:\/\/www.omnesbands.international\/wp-content\/uploads\/2023\/01\/chumbe-toro-300x300.jpg\" class=\"attachment-woocommerce_thumbnail size-woocommerce_thumbnail\" alt=\"Chumbe Toro\" srcset=\"https:\/\/www.omnesbands.international\/wp-content\/uploads\/2023\/01\/chumbe-toro-300x300.jpg 300w, https:\/\/www.omnesbands.international\/wp-content\/uploads\/2023\/01\/chumbe-toro-150x150.jpg 150w, https:\/\/www.omnesbands.international\/wp-content\/uploads\/2023\/01\/chumbe-toro-100x100.jpg 100w\" sizes=\"auto, (max-width: 300px) 100vw, 300px\" \/><h2 class=\"woocommerce-loop-product__title\">Chumbe Toro<\/h2>\n\t<span class=\"price\"><span class=\"woocommerce-Price-amount amount\"><bdi><span class=\"woocommerce-Price-currencySymbol\">&#36;<\/span>30.00<\/bdi><\/span><\/span>\n<\/a><a href=\"\/fr\/wp-json\/wp\/v2\/pages\/1661?add-to-cart=931\" aria-describedby=\"woocommerce_loop_add_to_cart_link_describedby_931\" data-quantity=\"1\" class=\"button product_type_simple add_to_cart_button ajax_add_to_cart\" data-product_id=\"931\" data-product_sku=\"CHU-PAS-ESP-22\" aria-label=\"Ajouter au panier : \u00ab Chumbe Toro \u00bb\" rel=\"nofollow\" data-success_message=\"\u00ab\u00a0Chumbe Toro\u00a0\u00bb a \u00e9t\u00e9 ajout\u00e9 \u00e0 votre panier\" role=\"button\" data-no-translation=\"\" data-trp-gettext=\"\" data-no-translation-aria-label=\"\" data-no-translation-data-success_message=\"\">Ajouter au panier<\/a>\t<span id=\"woocommerce_loop_add_to_cart_link_describedby_931\" class=\"screen-reader-text\">\n\t\t\t<\/span>\n<\/li>\n<\/ul>\n<\/div>","protected":false},"excerpt":{"rendered":"<p>JOAQU\u00cdN GRAU MURCIA Joaqu\u00edn Grau Murcia, natural de Bigastro (Alicante). Profesor de Solfeo y Teor\u00eda de la M\u00fasica, Profesor Superior de Bombardino, Composici\u00f3n e Instrumentaci\u00f3n y direcci\u00f3n de Orquesta por el Real Conservatorio Superior de M\u00fasica de Madrid y Profesor Superior de Pedagog\u00eda Musical por el Conservatorio Superior de M\u00fasica de Murcia. Pertenece desde el [&hellip;]<\/p>\n","protected":false},"author":4,"featured_media":0,"parent":0,"menu_order":0,"comment_status":"closed","ping_status":"closed","template":"","meta":{"_acf_changed":false,"_uag_custom_page_level_css":"","site-sidebar-layout":"default","site-content-layout":"","ast-site-content-layout":"default","site-content-style":"default","site-sidebar-style":"default","ast-global-header-display":"","ast-banner-title-visibility":"","ast-main-header-display":"","ast-hfb-above-header-display":"","ast-hfb-below-header-display":"","ast-hfb-mobile-header-display":"","site-post-title":"disabled","ast-breadcrumbs-content":"","ast-featured-img":"","footer-sml-layout":"","ast-disable-related-posts":"","theme-transparent-header-meta":"","adv-header-id-meta":"","stick-header-meta":"","header-above-stick-meta":"","header-main-stick-meta":"","header-below-stick-meta":"","astra-migrate-meta-layouts":"default","ast-page-background-enabled":"default","ast-page-background-meta":{"desktop":{"background-color":"","background-image":"","background-repeat":"repeat","background-position":"center center","background-size":"auto","background-attachment":"scroll","background-type":"","background-media":"","overlay-type":"","overlay-color":"","overlay-opacity":"","overlay-gradient":""},"tablet":{"background-color":"","background-image":"","background-repeat":"repeat","background-position":"center center","background-size":"auto","background-attachment":"scroll","background-type":"","background-media":"","overlay-type":"","overlay-color":"","overlay-opacity":"","overlay-gradient":""},"mobile":{"background-color":"","background-image":"","background-repeat":"repeat","background-position":"center center","background-size":"auto","background-attachment":"scroll","background-type":"","background-media":"","overlay-type":"","overlay-color":"","overlay-opacity":"","overlay-gradient":""}},"ast-content-background-meta":{"desktop":{"background-color":"var(--ast-global-color-5)","background-image":"","background-repeat":"repeat","background-position":"center center","background-size":"auto","background-attachment":"scroll","background-type":"","background-media":"","overlay-type":"","overlay-color":"","overlay-opacity":"","overlay-gradient":""},"tablet":{"background-color":"var(--ast-global-color-5)","background-image":"","background-repeat":"repeat","background-position":"center center","background-size":"auto","background-attachment":"scroll","background-type":"","background-media":"","overlay-type":"","overlay-color":"","overlay-opacity":"","overlay-gradient":""},"mobile":{"background-color":"var(--ast-global-color-5)","background-image":"","background-repeat":"repeat","background-position":"center center","background-size":"auto","background-attachment":"scroll","background-type":"","background-media":"","overlay-type":"","overlay-color":"","overlay-opacity":"","overlay-gradient":""}},"footnotes":""},"class_list":["post-1661","page","type-page","status-publish","hentry"],"acf":[],"yoast_head":"<!-- This site is optimized with the Yoast SEO Premium plugin v22.4 (Yoast SEO v27.4) - https:\/\/yoast.com\/product\/yoast-seo-premium-wordpress\/ -->\n<title>JOAQU\u00cdN GRAU MURCIA -<\/title>\n<meta name=\"robots\" content=\"index, follow, max-snippet:-1, max-image-preview:large, max-video-preview:-1\" \/>\n<link rel=\"canonical\" href=\"https:\/\/www.omnesbands.international\/fr\/joaquin-grau-murcia-2\/\" \/>\n<meta property=\"og:locale\" content=\"fr_FR\" \/>\n<meta property=\"og:type\" content=\"article\" \/>\n<meta property=\"og:title\" content=\"JOAQU\u00cdN GRAU MURCIA\" \/>\n<meta property=\"og:description\" content=\"JOAQU\u00cdN GRAU MURCIA Joaqu\u00edn Grau Murcia, natural de Bigastro (Alicante). Profesor de Solfeo y Teor\u00eda de la M\u00fasica, Profesor Superior de Bombardino, Composici\u00f3n e Instrumentaci\u00f3n y direcci\u00f3n de Orquesta por el Real Conservatorio Superior de M\u00fasica de Madrid y Profesor Superior de Pedagog\u00eda Musical por el Conservatorio Superior de M\u00fasica de Murcia. Pertenece desde el [&hellip;]\" \/>\n<meta property=\"og:url\" content=\"https:\/\/www.omnesbands.international\/fr\/joaquin-grau-murcia-2\/\" \/>\n<meta property=\"article:modified_time\" content=\"2023-01-28T22:10:43+00:00\" \/>\n<meta property=\"og:image\" content=\"https:\/\/www.omnesbands.international\/wp-content\/uploads\/2023\/01\/music-sheet-music-snowdrop-7107045.jpg\" \/>\n\t<meta property=\"og:image:width\" content=\"1280\" \/>\n\t<meta property=\"og:image:height\" content=\"742\" \/>\n\t<meta property=\"og:image:type\" content=\"image\/jpeg\" \/>\n<meta name=\"twitter:card\" content=\"summary_large_image\" \/>\n<meta name=\"twitter:label1\" content=\"Dur\u00e9e de lecture estim\u00e9e\" \/>\n\t<meta name=\"twitter:data1\" content=\"2 minutes\" \/>\n<script type=\"application\/ld+json\" class=\"yoast-schema-graph\">{\"@context\":\"https:\\\/\\\/schema.org\",\"@graph\":[{\"@type\":\"WebPage\",\"@id\":\"https:\\\/\\\/www.omnesbands.international\\\/joaquin-grau-murcia-2\\\/\",\"url\":\"https:\\\/\\\/www.omnesbands.international\\\/joaquin-grau-murcia-2\\\/\",\"name\":\"JOAQU\u00cdN GRAU MURCIA -\",\"isPartOf\":{\"@id\":\"https:\\\/\\\/www.omnesbands.international\\\/#website\"},\"datePublished\":\"2023-01-28T22:08:19+00:00\",\"dateModified\":\"2023-01-28T22:10:43+00:00\",\"breadcrumb\":{\"@id\":\"https:\\\/\\\/www.omnesbands.international\\\/joaquin-grau-murcia-2\\\/#breadcrumb\"},\"inLanguage\":\"fr-FR\",\"potentialAction\":[{\"@type\":\"ReadAction\",\"target\":[\"https:\\\/\\\/www.omnesbands.international\\\/joaquin-grau-murcia-2\\\/\"]}]},{\"@type\":\"BreadcrumbList\",\"@id\":\"https:\\\/\\\/www.omnesbands.international\\\/joaquin-grau-murcia-2\\\/#breadcrumb\",\"itemListElement\":[{\"@type\":\"ListItem\",\"position\":1,\"name\":\"Portada\",\"item\":\"https:\\\/\\\/www.omnesbands.international\\\/\"},{\"@type\":\"ListItem\",\"position\":2,\"name\":\"JOAQU\u00cdN GRAU MURCIA\"}]},{\"@type\":\"WebSite\",\"@id\":\"https:\\\/\\\/www.omnesbands.international\\\/#website\",\"url\":\"https:\\\/\\\/www.omnesbands.international\\\/\",\"name\":\"OMNESBANDS International\",\"description\":\"Partituras Originales de autores y compositores independientes\",\"publisher\":{\"@id\":\"https:\\\/\\\/www.omnesbands.international\\\/#organization\"},\"potentialAction\":[{\"@type\":\"SearchAction\",\"target\":{\"@type\":\"EntryPoint\",\"urlTemplate\":\"https:\\\/\\\/www.omnesbands.international\\\/?s={search_term_string}\"},\"query-input\":{\"@type\":\"PropertyValueSpecification\",\"valueRequired\":true,\"valueName\":\"search_term_string\"}}],\"inLanguage\":\"fr-FR\"},{\"@type\":\"Organization\",\"@id\":\"https:\\\/\\\/www.omnesbands.international\\\/#organization\",\"name\":\"Indra Consultores Internacionales\",\"alternateName\":\"Omnesbands\",\"url\":\"https:\\\/\\\/www.omnesbands.international\\\/\",\"logo\":{\"@type\":\"ImageObject\",\"inLanguage\":\"fr-FR\",\"@id\":\"https:\\\/\\\/www.omnesbands.international\\\/#\\\/schema\\\/logo\\\/image\\\/\",\"url\":\"https:\\\/\\\/omnesbands.international\\\/wp-content\\\/uploads\\\/2023\\\/06\\\/Logo-Nuevo-.png\",\"contentUrl\":\"https:\\\/\\\/omnesbands.international\\\/wp-content\\\/uploads\\\/2023\\\/06\\\/Logo-Nuevo-.png\",\"width\":394,\"height\":212,\"caption\":\"Indra Consultores Internacionales\"},\"image\":{\"@id\":\"https:\\\/\\\/www.omnesbands.international\\\/#\\\/schema\\\/logo\\\/image\\\/\"}}]}<\/script>\n<!-- \/ Yoast SEO Premium plugin. -->","yoast_head_json":{"title":"JOAQU\u00cdN GRAU MURCIA -","robots":{"index":"index","follow":"follow","max-snippet":"max-snippet:-1","max-image-preview":"max-image-preview:large","max-video-preview":"max-video-preview:-1"},"canonical":"https:\/\/www.omnesbands.international\/fr\/joaquin-grau-murcia-2\/","og_locale":"fr_FR","og_type":"article","og_title":"JOAQU\u00cdN GRAU MURCIA","og_description":"JOAQU\u00cdN GRAU MURCIA Joaqu\u00edn Grau Murcia, natural de Bigastro (Alicante). Profesor de Solfeo y Teor\u00eda de la M\u00fasica, Profesor Superior de Bombardino, Composici\u00f3n e Instrumentaci\u00f3n y direcci\u00f3n de Orquesta por el Real Conservatorio Superior de M\u00fasica de Madrid y Profesor Superior de Pedagog\u00eda Musical por el Conservatorio Superior de M\u00fasica de Murcia. Pertenece desde el [&hellip;]","og_url":"https:\/\/www.omnesbands.international\/fr\/joaquin-grau-murcia-2\/","article_modified_time":"2023-01-28T22:10:43+00:00","og_image":[{"width":1280,"height":742,"url":"https:\/\/www.omnesbands.international\/wp-content\/uploads\/2023\/01\/music-sheet-music-snowdrop-7107045.jpg","type":"image\/jpeg"}],"twitter_card":"summary_large_image","twitter_misc":{"Dur\u00e9e de lecture estim\u00e9e":"2 minutes"},"schema":{"@context":"https:\/\/schema.org","@graph":[{"@type":"WebPage","@id":"https:\/\/www.omnesbands.international\/joaquin-grau-murcia-2\/","url":"https:\/\/www.omnesbands.international\/joaquin-grau-murcia-2\/","name":"JOAQU\u00cdN GRAU MURCIA -","isPartOf":{"@id":"https:\/\/www.omnesbands.international\/#website"},"datePublished":"2023-01-28T22:08:19+00:00","dateModified":"2023-01-28T22:10:43+00:00","breadcrumb":{"@id":"https:\/\/www.omnesbands.international\/joaquin-grau-murcia-2\/#breadcrumb"},"inLanguage":"fr-FR","potentialAction":[{"@type":"ReadAction","target":["https:\/\/www.omnesbands.international\/joaquin-grau-murcia-2\/"]}]},{"@type":"BreadcrumbList","@id":"https:\/\/www.omnesbands.international\/joaquin-grau-murcia-2\/#breadcrumb","itemListElement":[{"@type":"ListItem","position":1,"name":"Portada","item":"https:\/\/www.omnesbands.international\/"},{"@type":"ListItem","position":2,"name":"JOAQU\u00cdN GRAU MURCIA"}]},{"@type":"WebSite","@id":"https:\/\/www.omnesbands.international\/#website","url":"https:\/\/www.omnesbands.international\/","name":"OMNESBANDS International","description":"Partitions originales d&#039;auteurs et compositeurs ind\u00e9pendants","publisher":{"@id":"https:\/\/www.omnesbands.international\/#organization"},"potentialAction":[{"@type":"SearchAction","target":{"@type":"EntryPoint","urlTemplate":"https:\/\/www.omnesbands.international\/?s={search_term_string}"},"query-input":{"@type":"PropertyValueSpecification","valueRequired":true,"valueName":"search_term_string"}}],"inLanguage":"fr-FR"},{"@type":"Organization","@id":"https:\/\/www.omnesbands.international\/#organization","name":"Indra Consultants Internationaux","alternateName":"Omnesbands","url":"https:\/\/www.omnesbands.international\/","logo":{"@type":"ImageObject","inLanguage":"fr-FR","@id":"https:\/\/www.omnesbands.international\/#\/schema\/logo\/image\/","url":"https:\/\/omnesbands.international\/wp-content\/uploads\/2023\/06\/Logo-Nuevo-.png","contentUrl":"https:\/\/omnesbands.international\/wp-content\/uploads\/2023\/06\/Logo-Nuevo-.png","width":394,"height":212,"caption":"Indra Consultores Internacionales"},"image":{"@id":"https:\/\/www.omnesbands.international\/#\/schema\/logo\/image\/"}}]}},"uagb_featured_image_src":{"full":false,"thumbnail":false,"medium":false,"medium_large":false,"large":false,"1536x1536":false,"2048x2048":false,"trp-custom-language-flag":false,"gg_gallery_thumbnail":false,"woocommerce_thumbnail":false,"woocommerce_single":false,"woocommerce_gallery_thumbnail":false},"uagb_author_info":{"display_name":"Melvin R. Portillo A:","author_link":"https:\/\/www.omnesbands.international\/fr\/author\/portand\/"},"uagb_comment_info":0,"uagb_excerpt":"JOAQU\u00cdN GRAU MURCIA Joaqu\u00edn Grau Murcia, natural de Bigastro (Alicante). Profesor de Solfeo y Teor\u00eda de la M\u00fasica, Profesor Superior de Bombardino, Composici\u00f3n e Instrumentaci\u00f3n y direcci\u00f3n de Orquesta por el Real Conservatorio Superior de M\u00fasica de Madrid y Profesor Superior de Pedagog\u00eda Musical por el Conservatorio Superior de M\u00fasica de Murcia. Pertenece desde el\u2026","_links":{"self":[{"href":"https:\/\/www.omnesbands.international\/fr\/wp-json\/wp\/v2\/pages\/1661","targetHints":{"allow":["GET"]}}],"collection":[{"href":"https:\/\/www.omnesbands.international\/fr\/wp-json\/wp\/v2\/pages"}],"about":[{"href":"https:\/\/www.omnesbands.international\/fr\/wp-json\/wp\/v2\/types\/page"}],"author":[{"embeddable":true,"href":"https:\/\/www.omnesbands.international\/fr\/wp-json\/wp\/v2\/users\/4"}],"replies":[{"embeddable":true,"href":"https:\/\/www.omnesbands.international\/fr\/wp-json\/wp\/v2\/comments?post=1661"}],"version-history":[{"count":2,"href":"https:\/\/www.omnesbands.international\/fr\/wp-json\/wp\/v2\/pages\/1661\/revisions"}],"predecessor-version":[{"id":1663,"href":"https:\/\/www.omnesbands.international\/fr\/wp-json\/wp\/v2\/pages\/1661\/revisions\/1663"}],"wp:attachment":[{"href":"https:\/\/www.omnesbands.international\/fr\/wp-json\/wp\/v2\/media?parent=1661"}],"curies":[{"name":"wp","href":"https:\/\/api.w.org\/{rel}","templated":true}]}}