{"id":1664,"date":"2023-01-28T20:17:10","date_gmt":"2023-01-29T02:17:10","guid":{"rendered":"https:\/\/omnesbands.international\/?page_id=1664"},"modified":"2023-01-28T20:17:12","modified_gmt":"2023-01-29T02:17:12","slug":"miguel-angel-ibiza-zaragoza-2","status":"publish","type":"page","link":"https:\/\/www.omnesbands.international\/fr\/miguel-angel-ibiza-zaragoza-2\/","title":{"rendered":"MIGUEL ANGEL IBIZA SARAGOSSE"},"content":{"rendered":"<div class=\"wp-block-uagb-container uagb-block-16750bc7 alignfull uagb-is-root-container\"><div class=\"uagb-container-inner-blocks-wrap\">\n<div class=\"wp-block-uagb-advanced-heading uagb-block-d6412667\"><h1 class=\"uagb-heading-text\"><strong>MIGUEL ANGEL IBIZA SARAGOSSE<\/strong><\/h1><\/div>\n<\/div><\/div>\n\n\n\n<div class=\"wp-block-uagb-container uagb-block-ecc9a0b0 alignfull uagb-is-root-container\"><div class=\"uagb-container-inner-blocks-wrap\">\n<div class=\"wp-block-uagb-container uagb-block-ab49e4b7\">\n<p>Il a commenc\u00e9 \u00e0 \u00e9tudier la musique \u00e0 l&#039;\u00e9cole de musique de la &quot;Uni\u00f3n Musical Xeraco&quot; avec Jos\u00e9 Castell\u00f3. Par la suite, il s&#039;installe aux Conservatoires Sup\u00e9rieurs de Musique &quot;Oscar Espl\u00e1&quot; d&#039;Alicante et &quot;Victoria Eugenia&quot; de Grenade o\u00f9 il poursuit ses \u00e9tudes de Trombone et obtient le titre de Professeur Sup\u00e9rieur de ladite sp\u00e9cialit\u00e9. Il a \u00e9galement un titre professionnel de tuba et a \u00e9tudi\u00e9 l&#039;harmonie et le contrepoint. De plus, il obtient le Cours d&#039;Aptitude P\u00e9dagogique \u00e0 l&#039;Universit\u00e9 d&#039;Almer\u00eda.<\/p>\n<p>Il se perfectionne avec des professeurs et des solistes de la stature de Jes\u00fas Juan Oriola (Professeur du Conservatoire Sup\u00e9rieur d&#039;Alicante), Antonio V. Mas Var\u00f3 (Professeur du Conservatoire Sup\u00e9rieur &quot;Oscar Espl\u00e0&quot; d&#039;Alacant), Enrique Ferrando (Soliste du Orchestre National d&#039;Espagne), Francisco R. Vega (Soliste de l&#039;Orchestre Symphonique Royal de S\u00e9ville), Alberto Castell\u00f3 (Professeur au Conservatoire de Gij\u00f3n), Jacques Mauger (Professeur au Conservatoire de Paris et Soliste International), Javier Colomer (Professeur \u00e0 l&#039;Escola Comarcal de M\u00fasica del Comtat), les fr\u00e8res Robert et Nick Child (International Euphonium Soloists) et avec des membres de The Sir Aligator&#039;s Company (dont Elies Hernandis et Alvaro Mart\u00ednez).<\/p>\n<p>Il a suivi des Cours de Perfectionnement en Analyse Musicale et Harmonie avec Jan D&#039;Haene, Analyse Musicale avec Yvan Nommick et le Dr Enrico Fubini, Harmonie Appliqu\u00e9e au Jazz et \u00e0 la Pop avec Jacques Luce, Initiation \u00e0 la Composition avec Joan E. Canet, Fondamentaux de la Composition avec Javier Artaza et Composition de Bandes Sonores &quot;Vila de Pego&quot; avec Pascal Gaigne, Arnau Bataller et Xavier Capellas..<\/p>\n<p>Dans le domaine des nouvelles technologies, il a suivi des cours tels que &quot;Nouvelles technologies \u00e9ducatives appliqu\u00e9es \u00e0 la salle de classe&quot;, &quot;Musique assist\u00e9e par ordinateur&quot; avec Josep Cort\u00e9s (\u00c9cole de p\u00e9dagogie musicale Ireneu Segarra), Cours d&#039;\u00e9dition de partitions (programme Encore) avec Jorge Suanes (Professeur \u00e0 l&#039;Acad\u00e9mie Aula de M\u00fasica Divisi), &quot;Cakewalk&quot; (I Curs d&#039;Inform\u00e1tica Musical de Pedreguer) avec Pedro J. Andani (Compositeur et arrangeur), &quot;Encore&quot; et &quot;Finale 2001&quot; d&#039;Aula Actual et a \u00e9galement donn\u00e9 le cours I d&#039;informatique musicale \u00e0 l&#039;\u00e9cole de musique Pedreguer avec le programme Encore. Il a \u00e9galement suivi le cours &quot;Gestion des \u00e9coles de musique&quot; avec Pere Bayona (\u00e9cole de p\u00e9dagogie musicale Ireneu Segarra) et plus r\u00e9cemment &quot;Coaching p\u00e9dagogique&quot; avec Cristina de Arozamena et Musique et \u00e9motions avec Mauricio Weintraub.<\/p>\n<p>En tant que professeur, il a enseign\u00e9 le Grave Metal, le Langage Musical, l&#039;Harmonie et le Ch\u0153ur aux \u00c9coles de Musique de Xeraco, Xal\u00f3, Gata de Gorgos, Pedreguer, Benissa et aux Conservatoires Professionnels de Musique d&#039;Elche, Elda, Ontinyent et Oliva. Il a \u00e9galement \u00e9t\u00e9 directeur d&#039;\u00e9tudes \u00e0 l&#039;\u00e9cole de musique de Xeraco et directeur de l&#039;\u00e9cole municipale de musique de Pedreguer. Il faisait partie du quatuor de trombones \u00ab Equales \u00bb. Pendant cinq ans, il a \u00e9t\u00e9 directeur-fondateur du Xeraco Polyphonic Choir. \u00c0 Pedreguer, il a dirig\u00e9 \u00e0 plusieurs reprises le Cor de l&#039;Escola de M\u00fasica et le Cor Sant Bonaventura. Il \u00e9tait \u00e9galement membre, par opposition, du Military Music Corps.<\/p>\n<p>En tant que compositeur, il est l&#039;auteur de plus d&#039;une centaine de pi\u00e8ces, dont certaines publi\u00e9es par Omnes Bands et Sonata Ediciones. En outre, il fait partie des projets de musique primaire Solfa.m\u00fasica.es et Cuadernos de M\u00fasica de Editorial Tabarca, pour lesquels il a compos\u00e9 5 chansons originales, 12 histoires musicales et les arrangements de pr\u00e8s de 100 chansons populaires. Dans le monde des festivals de musique, en plus d&#039;\u00eatre finaliste dans divers concours (Orihuela-1997, Callosa d&#039;En Sarri\u00e0-2003, l&#039;Olleria-2005, Benidorm-2008 et 2009, Bocairent-2009 et Almer\u00eda 2016), il a re\u00e7u les prix suivants :<\/p>\n<p>*Premier prix du XX Concours de musique festive d&#039;Ontinyent 2005 avec la marche mauresque &quot;Zeina&quot;<br \/>*Mention honorable au III Concours de composition de D\u00e9nia pour Dulzainas et percussions &quot;M\u00fasica al Castell 2005&quot; avec la marche chr\u00e9tienne &quot;Dol\u00e7ainers de l&#039;Apocalipsi&quot;<br \/>*Deuxi\u00e8me prix du IV Concours de composition pour Dulzainas et percussions de D\u00e9nia &quot;M\u00fasica al Castell 2006&quot; avec la marche maure &quot;Cavall Verd&quot;<br \/>*Premier Prix du IIIe Concours de Composition des Marches Maures et Chr\u00e9tiennes &quot;Vila d&#039;Alaqu\u00e0s&quot; 2006 avec la Marche Maure &quot;Missian&quot;<br \/>*Premier Prix du 1er Concours de Composition Musicale Festive \u00ab Ferrer Pastor \u00bb \u00e0 La Font d&#039;En Carr\u00f2s 2011 avec la marche chr\u00e9tienne \u00ab Cavallers de Carr\u00f2s \u00bb<br \/>*Prix du Public du 1er Concours de Composition Musicale Festive El Verger 2016 avec la marche chr\u00e9tienne \u00ab Rey David \u00bb<br \/>*Troisi\u00e8me prix du 4e Concours de composition \u00ab M\u00fasica Jove \u00bb dans la cat\u00e9gorie Groupe de jeunes avec l&#039;\u0153uvre \u00ab Kitten &amp; Puppy \u00bb<br \/>*Deuxi\u00e8me prix et mention honorable au IIe prix de composition pour Dulzaina et piano \u00ab Festacarrer d&#039;Ondara \u00bb avec l&#039;\u0153uvre \u00ab Dolpia \u00bb<br \/>Il est actuellement professeur de trombone au Conservatoire municipal de musique de Pedreguer et aux \u00e9coles de musique Els Poblets et Xeraco. Il dirige \u00e9galement le groupe de l&#039;Uni\u00f3 Musical Els Poblets. Il appartient \u00e9galement \u00e0 l&#039;Association des Compositeurs de Musique Maures et Chr\u00e9tiens et \u00e0 la SGAE.<\/p>\n<\/div>\n<\/div><\/div>\n\n\n<div class=\"woocommerce columns-4\"><ul class=\"products columns-4\">\n<li class=\"desktop-align-left tablet-align-left mobile-align-left ast-product-gallery-layout-horizontal-slider product type-product post-1061 status-publish first instock product_cat-musica-de-calle product_tag-miguel-angel-ibiza-zaragoza has-post-thumbnail downloadable virtual taxable purchasable product-type-simple\">\n\t<a href=\"https:\/\/www.omnesbands.international\/fr\/produit\/arnau-de-bosquet\/\" class=\"woocommerce-LoopProduct-link woocommerce-loop-product__link\"><img loading=\"lazy\" decoding=\"async\" width=\"300\" height=\"300\" src=\"https:\/\/www.omnesbands.international\/wp-content\/uploads\/2023\/01\/Arnau-Bosquet-300x300.jpg\" class=\"attachment-woocommerce_thumbnail size-woocommerce_thumbnail\" alt=\"Arnau de Bosquet\" srcset=\"https:\/\/www.omnesbands.international\/wp-content\/uploads\/2023\/01\/Arnau-Bosquet-300x300.jpg 300w, https:\/\/www.omnesbands.international\/wp-content\/uploads\/2023\/01\/Arnau-Bosquet-150x150.jpg 150w, https:\/\/www.omnesbands.international\/wp-content\/uploads\/2023\/01\/Arnau-Bosquet-100x100.jpg 100w\" sizes=\"auto, (max-width: 300px) 100vw, 300px\" \/><h2 class=\"woocommerce-loop-product__title\">Arnau de Bosquet<\/h2>\n\t<span class=\"price\"><span class=\"woocommerce-Price-amount amount\"><bdi><span class=\"woocommerce-Price-currencySymbol\">&#36;<\/span>25.00<\/bdi><\/span><\/span>\n<\/a><a href=\"\/fr\/wp-json\/wp\/v2\/pages\/1664?add-to-cart=1061\" aria-describedby=\"woocommerce_loop_add_to_cart_link_describedby_1061\" data-quantity=\"1\" class=\"button product_type_simple add_to_cart_button ajax_add_to_cart\" data-product_id=\"1061\" data-product_sku=\"ARN-CAL-ESP-22\" aria-label=\"Ajouter au panier : \u00ab Arnau de Bosquet \u00bb\" rel=\"nofollow\" data-success_message=\"\u00ab\u00a0Arnau de Bosquet\u00a0\u00bb a \u00e9t\u00e9 ajout\u00e9 \u00e0 votre panier\" role=\"button\" data-no-translation=\"\" data-trp-gettext=\"\" data-no-translation-aria-label=\"\" data-no-translation-data-success_message=\"\">Ajouter au panier<\/a>\t<span id=\"woocommerce_loop_add_to_cart_link_describedby_1061\" class=\"screen-reader-text\">\n\t\t\t<\/span>\n<\/li>\n<li class=\"desktop-align-left tablet-align-left mobile-align-left ast-product-gallery-layout-horizontal-slider product type-product post-1125 status-publish instock product_cat-pasodobles product_tag-miguel-angel-ibiza-zaragoza has-post-thumbnail downloadable virtual taxable purchasable product-type-simple\">\n\t<a href=\"https:\/\/www.omnesbands.international\/fr\/produit\/centre-artistic-musical-de-pedreguer\/\" class=\"woocommerce-LoopProduct-link woocommerce-loop-product__link\"><img loading=\"lazy\" decoding=\"async\" width=\"300\" height=\"300\" src=\"https:\/\/www.omnesbands.international\/wp-content\/uploads\/2023\/01\/Centre-artistic-musical-de-Pedreguer-1-300x300.jpg\" class=\"attachment-woocommerce_thumbnail size-woocommerce_thumbnail\" alt=\"Centre art\u00edstic musical de Pedreguer\" srcset=\"https:\/\/www.omnesbands.international\/wp-content\/uploads\/2023\/01\/Centre-artistic-musical-de-Pedreguer-1-300x300.jpg 300w, https:\/\/www.omnesbands.international\/wp-content\/uploads\/2023\/01\/Centre-artistic-musical-de-Pedreguer-1-150x150.jpg 150w, https:\/\/www.omnesbands.international\/wp-content\/uploads\/2023\/01\/Centre-artistic-musical-de-Pedreguer-1-12x12.jpg 12w, https:\/\/www.omnesbands.international\/wp-content\/uploads\/2023\/01\/Centre-artistic-musical-de-Pedreguer-1-100x100.jpg 100w\" sizes=\"auto, (max-width: 300px) 100vw, 300px\" \/><h2 class=\"woocommerce-loop-product__title\">Centre artistique musical de Pedreguer<\/h2>\n\t<span class=\"price\"><span class=\"woocommerce-Price-amount amount\"><bdi><span class=\"woocommerce-Price-currencySymbol\">&#36;<\/span>25.00<\/bdi><\/span><\/span>\n<\/a><a href=\"\/fr\/wp-json\/wp\/v2\/pages\/1664?add-to-cart=1125\" aria-describedby=\"woocommerce_loop_add_to_cart_link_describedby_1125\" data-quantity=\"1\" class=\"button product_type_simple add_to_cart_button ajax_add_to_cart\" data-product_id=\"1125\" data-product_sku=\"CTR-PAS-ESP-22\" aria-label=\"Ajouter au panier : \u00ab Centre art\u00edstic musical de Pedreguer \u00bb\" rel=\"nofollow\" data-success_message=\"\u00ab\u00a0Centre art\u00edstic musical de Pedreguer\u00a0\u00bb a \u00e9t\u00e9 ajout\u00e9 \u00e0 votre panier\" role=\"button\" data-no-translation=\"\" data-trp-gettext=\"\" data-no-translation-aria-label=\"\" data-no-translation-data-success_message=\"\">Ajouter au panier<\/a>\t<span id=\"woocommerce_loop_add_to_cart_link_describedby_1125\" class=\"screen-reader-text\">\n\t\t\t<\/span>\n<\/li>\n<\/ul>\n<\/div>","protected":false},"excerpt":{"rendered":"<p>MIGUEL \u00c1NGEL IBIZA ZARAGOZ\u00c1 Comienza a estudiar m\u00fasica en el seno de la Escuela de M\u00fasica de la \u201cUni\u00f3n Musical Xeraco\u201d con Jos\u00e9 Castell\u00f3. Posteriormente se traslada a los Conservatorios Superiores de M\u00fasica \u201cOscar Espl\u00e1\u201d de Alicante y \u201cVictoria Eugenia\u201d de Granada donde contin\u00faa los estudios de Tromb\u00f3n y obtiene el T\u00edtulo de Profesor Superior [&hellip;]<\/p>\n","protected":false},"author":4,"featured_media":0,"parent":0,"menu_order":0,"comment_status":"closed","ping_status":"closed","template":"","meta":{"_acf_changed":false,"_uag_custom_page_level_css":"","site-sidebar-layout":"default","site-content-layout":"","ast-site-content-layout":"default","site-content-style":"default","site-sidebar-style":"default","ast-global-header-display":"","ast-banner-title-visibility":"","ast-main-header-display":"","ast-hfb-above-header-display":"","ast-hfb-below-header-display":"","ast-hfb-mobile-header-display":"","site-post-title":"disabled","ast-breadcrumbs-content":"","ast-featured-img":"","footer-sml-layout":"","ast-disable-related-posts":"","theme-transparent-header-meta":"","adv-header-id-meta":"","stick-header-meta":"","header-above-stick-meta":"","header-main-stick-meta":"","header-below-stick-meta":"","astra-migrate-meta-layouts":"default","ast-page-background-enabled":"default","ast-page-background-meta":{"desktop":{"background-color":"","background-image":"","background-repeat":"repeat","background-position":"center center","background-size":"auto","background-attachment":"scroll","background-type":"","background-media":"","overlay-type":"","overlay-color":"","overlay-opacity":"","overlay-gradient":""},"tablet":{"background-color":"","background-image":"","background-repeat":"repeat","background-position":"center center","background-size":"auto","background-attachment":"scroll","background-type":"","background-media":"","overlay-type":"","overlay-color":"","overlay-opacity":"","overlay-gradient":""},"mobile":{"background-color":"","background-image":"","background-repeat":"repeat","background-position":"center center","background-size":"auto","background-attachment":"scroll","background-type":"","background-media":"","overlay-type":"","overlay-color":"","overlay-opacity":"","overlay-gradient":""}},"ast-content-background-meta":{"desktop":{"background-color":"var(--ast-global-color-5)","background-image":"","background-repeat":"repeat","background-position":"center center","background-size":"auto","background-attachment":"scroll","background-type":"","background-media":"","overlay-type":"","overlay-color":"","overlay-opacity":"","overlay-gradient":""},"tablet":{"background-color":"var(--ast-global-color-5)","background-image":"","background-repeat":"repeat","background-position":"center center","background-size":"auto","background-attachment":"scroll","background-type":"","background-media":"","overlay-type":"","overlay-color":"","overlay-opacity":"","overlay-gradient":""},"mobile":{"background-color":"var(--ast-global-color-5)","background-image":"","background-repeat":"repeat","background-position":"center center","background-size":"auto","background-attachment":"scroll","background-type":"","background-media":"","overlay-type":"","overlay-color":"","overlay-opacity":"","overlay-gradient":""}},"footnotes":""},"class_list":["post-1664","page","type-page","status-publish","hentry"],"acf":[],"yoast_head":"<!-- This site is optimized with the Yoast SEO Premium plugin v22.4 (Yoast SEO v27.4) - https:\/\/yoast.com\/product\/yoast-seo-premium-wordpress\/ -->\n<title>MIGUEL \u00c1NGEL IBIZA ZARAGOZ\u00c1 -<\/title>\n<meta name=\"robots\" content=\"index, follow, max-snippet:-1, max-image-preview:large, max-video-preview:-1\" \/>\n<link rel=\"canonical\" href=\"https:\/\/www.omnesbands.international\/fr\/miguel-angel-ibiza-zaragoza-2\/\" \/>\n<meta property=\"og:locale\" content=\"fr_FR\" \/>\n<meta property=\"og:type\" content=\"article\" \/>\n<meta property=\"og:title\" content=\"MIGUEL \u00c1NGEL IBIZA ZARAGOZ\u00c1\" \/>\n<meta property=\"og:description\" content=\"MIGUEL \u00c1NGEL IBIZA ZARAGOZ\u00c1 Comienza a estudiar m\u00fasica en el seno de la Escuela de M\u00fasica de la \u201cUni\u00f3n Musical Xeraco\u201d con Jos\u00e9 Castell\u00f3. Posteriormente se traslada a los Conservatorios Superiores de M\u00fasica \u201cOscar Espl\u00e1\u201d de Alicante y \u201cVictoria Eugenia\u201d de Granada donde contin\u00faa los estudios de Tromb\u00f3n y obtiene el T\u00edtulo de Profesor Superior [&hellip;]\" \/>\n<meta property=\"og:url\" content=\"https:\/\/www.omnesbands.international\/fr\/miguel-angel-ibiza-zaragoza-2\/\" \/>\n<meta property=\"article:modified_time\" content=\"2023-01-29T02:17:12+00:00\" \/>\n<meta property=\"og:image\" content=\"https:\/\/www.omnesbands.international\/wp-content\/uploads\/2023\/01\/music-sheet-music-snowdrop-7107045.jpg\" \/>\n\t<meta property=\"og:image:width\" content=\"1280\" \/>\n\t<meta property=\"og:image:height\" content=\"742\" \/>\n\t<meta property=\"og:image:type\" content=\"image\/jpeg\" \/>\n<meta name=\"twitter:card\" content=\"summary_large_image\" \/>\n<meta name=\"twitter:label1\" content=\"Dur\u00e9e de lecture estim\u00e9e\" \/>\n\t<meta name=\"twitter:data1\" content=\"5 minutes\" \/>\n<script type=\"application\/ld+json\" class=\"yoast-schema-graph\">{\"@context\":\"https:\\\/\\\/schema.org\",\"@graph\":[{\"@type\":\"WebPage\",\"@id\":\"https:\\\/\\\/www.omnesbands.international\\\/fr\\\/miguel-angel-ibiza-zaragoza-2\\\/\",\"url\":\"https:\\\/\\\/www.omnesbands.international\\\/fr\\\/miguel-angel-ibiza-zaragoza-2\\\/\",\"name\":\"MIGUEL \u00c1NGEL IBIZA ZARAGOZ\u00c1 -\",\"isPartOf\":{\"@id\":\"https:\\\/\\\/www.omnesbands.international\\\/#website\"},\"datePublished\":\"2023-01-29T02:17:10+00:00\",\"dateModified\":\"2023-01-29T02:17:12+00:00\",\"breadcrumb\":{\"@id\":\"https:\\\/\\\/www.omnesbands.international\\\/fr\\\/miguel-angel-ibiza-zaragoza-2\\\/#breadcrumb\"},\"inLanguage\":\"fr-FR\",\"potentialAction\":[{\"@type\":\"ReadAction\",\"target\":[\"https:\\\/\\\/www.omnesbands.international\\\/fr\\\/miguel-angel-ibiza-zaragoza-2\\\/\"]}]},{\"@type\":\"BreadcrumbList\",\"@id\":\"https:\\\/\\\/www.omnesbands.international\\\/fr\\\/miguel-angel-ibiza-zaragoza-2\\\/#breadcrumb\",\"itemListElement\":[{\"@type\":\"ListItem\",\"position\":1,\"name\":\"Portada\",\"item\":\"https:\\\/\\\/www.omnesbands.international\\\/\"},{\"@type\":\"ListItem\",\"position\":2,\"name\":\"MIGUEL \u00c1NGEL IBIZA ZARAGOZ\u00c1\"}]},{\"@type\":\"WebSite\",\"@id\":\"https:\\\/\\\/www.omnesbands.international\\\/#website\",\"url\":\"https:\\\/\\\/www.omnesbands.international\\\/\",\"name\":\"OMNESBANDS International\",\"description\":\"Partituras Originales de autores y compositores independientes\",\"publisher\":{\"@id\":\"https:\\\/\\\/www.omnesbands.international\\\/#organization\"},\"potentialAction\":[{\"@type\":\"SearchAction\",\"target\":{\"@type\":\"EntryPoint\",\"urlTemplate\":\"https:\\\/\\\/www.omnesbands.international\\\/?s={search_term_string}\"},\"query-input\":{\"@type\":\"PropertyValueSpecification\",\"valueRequired\":true,\"valueName\":\"search_term_string\"}}],\"inLanguage\":\"fr-FR\"},{\"@type\":\"Organization\",\"@id\":\"https:\\\/\\\/www.omnesbands.international\\\/#organization\",\"name\":\"Indra Consultores Internacionales\",\"alternateName\":\"Omnesbands\",\"url\":\"https:\\\/\\\/www.omnesbands.international\\\/\",\"logo\":{\"@type\":\"ImageObject\",\"inLanguage\":\"fr-FR\",\"@id\":\"https:\\\/\\\/www.omnesbands.international\\\/#\\\/schema\\\/logo\\\/image\\\/\",\"url\":\"https:\\\/\\\/omnesbands.international\\\/wp-content\\\/uploads\\\/2023\\\/06\\\/Logo-Nuevo-.png\",\"contentUrl\":\"https:\\\/\\\/omnesbands.international\\\/wp-content\\\/uploads\\\/2023\\\/06\\\/Logo-Nuevo-.png\",\"width\":394,\"height\":212,\"caption\":\"Indra Consultores Internacionales\"},\"image\":{\"@id\":\"https:\\\/\\\/www.omnesbands.international\\\/#\\\/schema\\\/logo\\\/image\\\/\"}}]}<\/script>\n<!-- \/ Yoast SEO Premium plugin. -->","yoast_head_json":{"title":"MIGUEL \u00c1NGEL IBIZA ZARAGOZ\u00c1 -","robots":{"index":"index","follow":"follow","max-snippet":"max-snippet:-1","max-image-preview":"max-image-preview:large","max-video-preview":"max-video-preview:-1"},"canonical":"https:\/\/www.omnesbands.international\/fr\/miguel-angel-ibiza-zaragoza-2\/","og_locale":"fr_FR","og_type":"article","og_title":"MIGUEL \u00c1NGEL IBIZA ZARAGOZ\u00c1","og_description":"MIGUEL \u00c1NGEL IBIZA ZARAGOZ\u00c1 Comienza a estudiar m\u00fasica en el seno de la Escuela de M\u00fasica de la \u201cUni\u00f3n Musical Xeraco\u201d con Jos\u00e9 Castell\u00f3. Posteriormente se traslada a los Conservatorios Superiores de M\u00fasica \u201cOscar Espl\u00e1\u201d de Alicante y \u201cVictoria Eugenia\u201d de Granada donde contin\u00faa los estudios de Tromb\u00f3n y obtiene el T\u00edtulo de Profesor Superior [&hellip;]","og_url":"https:\/\/www.omnesbands.international\/fr\/miguel-angel-ibiza-zaragoza-2\/","article_modified_time":"2023-01-29T02:17:12+00:00","og_image":[{"width":1280,"height":742,"url":"https:\/\/www.omnesbands.international\/wp-content\/uploads\/2023\/01\/music-sheet-music-snowdrop-7107045.jpg","type":"image\/jpeg"}],"twitter_card":"summary_large_image","twitter_misc":{"Dur\u00e9e de lecture estim\u00e9e":"5 minutes"},"schema":{"@context":"https:\/\/schema.org","@graph":[{"@type":"WebPage","@id":"https:\/\/www.omnesbands.international\/fr\/miguel-angel-ibiza-zaragoza-2\/","url":"https:\/\/www.omnesbands.international\/fr\/miguel-angel-ibiza-zaragoza-2\/","name":"MIGUEL \u00c1NGEL IBIZA ZARAGOZ\u00c1 -","isPartOf":{"@id":"https:\/\/www.omnesbands.international\/#website"},"datePublished":"2023-01-29T02:17:10+00:00","dateModified":"2023-01-29T02:17:12+00:00","breadcrumb":{"@id":"https:\/\/www.omnesbands.international\/fr\/miguel-angel-ibiza-zaragoza-2\/#breadcrumb"},"inLanguage":"fr-FR","potentialAction":[{"@type":"ReadAction","target":["https:\/\/www.omnesbands.international\/fr\/miguel-angel-ibiza-zaragoza-2\/"]}]},{"@type":"BreadcrumbList","@id":"https:\/\/www.omnesbands.international\/fr\/miguel-angel-ibiza-zaragoza-2\/#breadcrumb","itemListElement":[{"@type":"ListItem","position":1,"name":"Portada","item":"https:\/\/www.omnesbands.international\/"},{"@type":"ListItem","position":2,"name":"MIGUEL \u00c1NGEL IBIZA ZARAGOZ\u00c1"}]},{"@type":"WebSite","@id":"https:\/\/www.omnesbands.international\/#website","url":"https:\/\/www.omnesbands.international\/","name":"OMNESBANDS International","description":"Partitions originales d&#039;auteurs et compositeurs ind\u00e9pendants","publisher":{"@id":"https:\/\/www.omnesbands.international\/#organization"},"potentialAction":[{"@type":"SearchAction","target":{"@type":"EntryPoint","urlTemplate":"https:\/\/www.omnesbands.international\/?s={search_term_string}"},"query-input":{"@type":"PropertyValueSpecification","valueRequired":true,"valueName":"search_term_string"}}],"inLanguage":"fr-FR"},{"@type":"Organization","@id":"https:\/\/www.omnesbands.international\/#organization","name":"Indra Consultants Internationaux","alternateName":"Omnesbands","url":"https:\/\/www.omnesbands.international\/","logo":{"@type":"ImageObject","inLanguage":"fr-FR","@id":"https:\/\/www.omnesbands.international\/#\/schema\/logo\/image\/","url":"https:\/\/omnesbands.international\/wp-content\/uploads\/2023\/06\/Logo-Nuevo-.png","contentUrl":"https:\/\/omnesbands.international\/wp-content\/uploads\/2023\/06\/Logo-Nuevo-.png","width":394,"height":212,"caption":"Indra Consultores Internacionales"},"image":{"@id":"https:\/\/www.omnesbands.international\/#\/schema\/logo\/image\/"}}]}},"uagb_featured_image_src":{"full":false,"thumbnail":false,"medium":false,"medium_large":false,"large":false,"1536x1536":false,"2048x2048":false,"trp-custom-language-flag":false,"gg_gallery_thumbnail":false,"woocommerce_thumbnail":false,"woocommerce_single":false,"woocommerce_gallery_thumbnail":false},"uagb_author_info":{"display_name":"Melvin R. Portillo A:","author_link":"https:\/\/www.omnesbands.international\/fr\/author\/portand\/"},"uagb_comment_info":0,"uagb_excerpt":"MIGUEL \u00c1NGEL IBIZA ZARAGOZ\u00c1 Comienza a estudiar m\u00fasica en el seno de la Escuela de M\u00fasica de la \u201cUni\u00f3n Musical Xeraco\u201d con Jos\u00e9 Castell\u00f3. Posteriormente se traslada a los Conservatorios Superiores de M\u00fasica \u201cOscar Espl\u00e1\u201d de Alicante y \u201cVictoria Eugenia\u201d de Granada donde contin\u00faa los estudios de Tromb\u00f3n y obtiene el T\u00edtulo de Profesor Superior\u2026","_links":{"self":[{"href":"https:\/\/www.omnesbands.international\/fr\/wp-json\/wp\/v2\/pages\/1664","targetHints":{"allow":["GET"]}}],"collection":[{"href":"https:\/\/www.omnesbands.international\/fr\/wp-json\/wp\/v2\/pages"}],"about":[{"href":"https:\/\/www.omnesbands.international\/fr\/wp-json\/wp\/v2\/types\/page"}],"author":[{"embeddable":true,"href":"https:\/\/www.omnesbands.international\/fr\/wp-json\/wp\/v2\/users\/4"}],"replies":[{"embeddable":true,"href":"https:\/\/www.omnesbands.international\/fr\/wp-json\/wp\/v2\/comments?post=1664"}],"version-history":[{"count":1,"href":"https:\/\/www.omnesbands.international\/fr\/wp-json\/wp\/v2\/pages\/1664\/revisions"}],"predecessor-version":[{"id":1666,"href":"https:\/\/www.omnesbands.international\/fr\/wp-json\/wp\/v2\/pages\/1664\/revisions\/1666"}],"wp:attachment":[{"href":"https:\/\/www.omnesbands.international\/fr\/wp-json\/wp\/v2\/media?parent=1664"}],"curies":[{"name":"wp","href":"https:\/\/api.w.org\/{rel}","templated":true}]}}