{"id":1668,"date":"2023-01-28T20:24:22","date_gmt":"2023-01-29T02:24:22","guid":{"rendered":"https:\/\/omnesbands.international\/?page_id=1668"},"modified":"2023-01-28T20:24:26","modified_gmt":"2023-01-29T02:24:26","slug":"angel-garcia-martinez-2","status":"publish","type":"page","link":"https:\/\/www.omnesbands.international\/fr\/angel-garcia-martinez-2\/","title":{"rendered":"ANGEL GARCIA MARTINEZ"},"content":{"rendered":"<div class=\"wp-block-uagb-container uagb-block-a28534bf alignfull uagb-is-root-container\"><div class=\"uagb-container-inner-blocks-wrap\">\n<div class=\"wp-block-uagb-advanced-heading uagb-block-5373438a\"><h1 class=\"uagb-heading-text\"><strong>ANGEL GARCIA MARTINEZ<\/strong><\/h1><\/div>\n<\/div><\/div>\n\n\n\n<div class=\"wp-block-uagb-container uagb-block-c1963ad4 alignfull uagb-is-root-container\"><div class=\"uagb-container-inner-blocks-wrap\">\n<div class=\"wp-block-uagb-container uagb-block-2edadf80\">\n<p>\u00c1ngel Garc\u00eda Mart\u00ednez est n\u00e9 \u00e0 Benifai\u00f3 dans une famille de musiciens. Une de ses grands-m\u00e8res jouait du violon et l&#039;autre du piano, son grand-p\u00e8re, son oncle et son cousin jouaient de la clarinette, un autre oncle de la trompette. De toute \u00e9vidence, la voie \u00e0 suivre \u00e9tait claire.<br \/>Il a commenc\u00e9 ses \u00e9tudes d&#039;euphonium avec les professeurs \u00c1ngel Tom\u00e1s, Joaqu\u00edn Vidal et Salvador Pellicer. Apr\u00e8s avoir acc\u00e9d\u00e9 au dipl\u00f4me professionnel, il a chang\u00e9 l&#039;euphonium pour le tuba et a poursuivi ses \u00e9tudes avec Jos\u00e9 Manuel Mi\u00f1ana et Vicente L\u00f3pez aux conservatoires de Valence et de Castell\u00f3n.<br \/>En tant qu&#039;instrumentiste, il a collabor\u00e9 et fait partie de nombreux orchestres et groupes municipaux dans toute l&#039;Espagne.<br \/>Dans le monde de la musique de chambre, en tant que soliste, il a cr\u00e9\u00e9 des musiques de Maties Far, Eduardo Nogueroles, Jos\u00e9 Grau et Andr\u00e9s Valero. Par ce dernier compositeur, il a cr\u00e9\u00e9 la pi\u00e8ce &quot;Variations sur un th\u00e8me de Vivaldi&quot; pour tuba et quintette \u00e0 vent. Le quintette qui s&#039;est produit lors de la premi\u00e8re \u00e9tait compos\u00e9 de membres du New York Philharmonic et \u00e9tait dirig\u00e9 par le m\u00eame compositeur, enregistr\u00e9 sur CD par ML Productions.<br \/>En tant que professeur, il a enseign\u00e9 dans diff\u00e9rentes \u00e9coles de musique \u00e0 Majorque et dans la Communaut\u00e9 valencienne. Aussi dans les conservatoires &quot;Narciso Yepes&quot; de Lorca et le Professionnel de Murcie.<br \/>En tant que compositeur, il a \u00e9t\u00e9 r\u00e9compens\u00e9 \u00e0 plusieurs reprises dans le domaine de la musique festive. Il a \u00e9galement \u00e9t\u00e9 finaliste du concours pasodobles de la Fallera Mayor de Valence et du \u00ab II Reinas de Segorbe Composition Contest \u00bb. En 2019, il a remport\u00e9 le 1er et le 2e prix du &quot;6e concours international de composition musicale pour les jeunes&quot; pour les groupes de jeunes. Il a \u00e9galement re\u00e7u le premier prix dans la cat\u00e9gorie Elementary Level Ensemble du concours de l&#039;Association espagnole des tubas et euphoniums. Sur le plan international, il a \u00e9t\u00e9 finaliste du &quot;Harvey Philips Composition Award 2019&quot; organis\u00e9 par l&#039;International Tuba-Euphonium Association.<br \/>D&#039;autre part, ses pi\u00e8ces pour euphonium et piano &quot;Drops&quot;, &quot;Balada d&#039;Argent&quot;, &quot;Gu\u00eda Pr\u00e1ctica del Vampiro&quot;, &quot;West!&quot; et ce &quot;The Blowing &amp; the Windy Circus&quot; sont des pi\u00e8ces d&#039;essai dans des comp\u00e9titions nationales et font partie du programme de cours de tuba dans de nombreux conservatoires.<br \/>Il est actuellement un musicien pleinement actif dans trois facettes : enseignement, interpr\u00e9tation et composition.<br \/>Depuis 2008, il est professeur au minist\u00e8re de l&#039;\u00c9ducation de Murcie et enseigne les cours de tuba et de musique de chambre au Conservatoire de Carthag\u00e8ne. Il le fait \u00e9galement depuis 2006 \u00e0 l&#039;\u00e9cole de musique de l&#039;Ateneu Musical d&#039;Albalat de la Ribera.<\/p>\n<\/div>\n<\/div><\/div>\n\n\n<div class=\"woocommerce columns-4\"><\/div>","protected":false},"excerpt":{"rendered":"<p>\u00c1NGEL GARCIA MARTINEZ \u00c1ngel Garc\u00eda Mart\u00ednez naci\u00f3 en Benifai\u00f3 en una familia de m\u00fasicos. Una de sus abuelas tocaba el viol\u00edn y la otra el piano, su abuelo, su t\u00edo y su primo tocan el clarinete, otro t\u00edo la trompeta. Obviamente el camino a seguir era evidente.Empez\u00f3 sus estudios de bombardino con los profesores, \u00c1ngel [&hellip;]<\/p>\n","protected":false},"author":4,"featured_media":0,"parent":0,"menu_order":0,"comment_status":"closed","ping_status":"closed","template":"","meta":{"_acf_changed":false,"_uag_custom_page_level_css":"","site-sidebar-layout":"default","site-content-layout":"","ast-site-content-layout":"default","site-content-style":"default","site-sidebar-style":"default","ast-global-header-display":"","ast-banner-title-visibility":"","ast-main-header-display":"","ast-hfb-above-header-display":"","ast-hfb-below-header-display":"","ast-hfb-mobile-header-display":"","site-post-title":"disabled","ast-breadcrumbs-content":"","ast-featured-img":"","footer-sml-layout":"","ast-disable-related-posts":"","theme-transparent-header-meta":"","adv-header-id-meta":"","stick-header-meta":"","header-above-stick-meta":"","header-main-stick-meta":"","header-below-stick-meta":"","astra-migrate-meta-layouts":"default","ast-page-background-enabled":"default","ast-page-background-meta":{"desktop":{"background-color":"","background-image":"","background-repeat":"repeat","background-position":"center center","background-size":"auto","background-attachment":"scroll","background-type":"","background-media":"","overlay-type":"","overlay-color":"","overlay-opacity":"","overlay-gradient":""},"tablet":{"background-color":"","background-image":"","background-repeat":"repeat","background-position":"center center","background-size":"auto","background-attachment":"scroll","background-type":"","background-media":"","overlay-type":"","overlay-color":"","overlay-opacity":"","overlay-gradient":""},"mobile":{"background-color":"","background-image":"","background-repeat":"repeat","background-position":"center center","background-size":"auto","background-attachment":"scroll","background-type":"","background-media":"","overlay-type":"","overlay-color":"","overlay-opacity":"","overlay-gradient":""}},"ast-content-background-meta":{"desktop":{"background-color":"var(--ast-global-color-5)","background-image":"","background-repeat":"repeat","background-position":"center center","background-size":"auto","background-attachment":"scroll","background-type":"","background-media":"","overlay-type":"","overlay-color":"","overlay-opacity":"","overlay-gradient":""},"tablet":{"background-color":"var(--ast-global-color-5)","background-image":"","background-repeat":"repeat","background-position":"center center","background-size":"auto","background-attachment":"scroll","background-type":"","background-media":"","overlay-type":"","overlay-color":"","overlay-opacity":"","overlay-gradient":""},"mobile":{"background-color":"var(--ast-global-color-5)","background-image":"","background-repeat":"repeat","background-position":"center center","background-size":"auto","background-attachment":"scroll","background-type":"","background-media":"","overlay-type":"","overlay-color":"","overlay-opacity":"","overlay-gradient":""}},"footnotes":""},"class_list":["post-1668","page","type-page","status-publish","hentry"],"acf":[],"yoast_head":"<!-- This site is optimized with the Yoast SEO Premium plugin v22.4 (Yoast SEO v27.4) - https:\/\/yoast.com\/product\/yoast-seo-premium-wordpress\/ -->\n<title>\u00c1NGEL GARCIA MARTINEZ -<\/title>\n<meta name=\"robots\" content=\"index, follow, max-snippet:-1, max-image-preview:large, max-video-preview:-1\" \/>\n<link rel=\"canonical\" href=\"https:\/\/www.omnesbands.international\/fr\/angel-garcia-martinez-2\/\" \/>\n<meta property=\"og:locale\" content=\"fr_FR\" \/>\n<meta property=\"og:type\" content=\"article\" \/>\n<meta property=\"og:title\" content=\"\u00c1NGEL GARCIA MARTINEZ\" \/>\n<meta property=\"og:description\" content=\"\u00c1NGEL GARCIA MARTINEZ \u00c1ngel Garc\u00eda Mart\u00ednez naci\u00f3 en Benifai\u00f3 en una familia de m\u00fasicos. Una de sus abuelas tocaba el viol\u00edn y la otra el piano, su abuelo, su t\u00edo y su primo tocan el clarinete, otro t\u00edo la trompeta. Obviamente el camino a seguir era evidente.Empez\u00f3 sus estudios de bombardino con los profesores, \u00c1ngel [&hellip;]\" \/>\n<meta property=\"og:url\" content=\"https:\/\/www.omnesbands.international\/fr\/angel-garcia-martinez-2\/\" \/>\n<meta property=\"article:modified_time\" content=\"2023-01-29T02:24:26+00:00\" \/>\n<meta property=\"og:image\" content=\"https:\/\/www.omnesbands.international\/wp-content\/uploads\/2023\/01\/music-sheet-music-snowdrop-7107045.jpg\" \/>\n\t<meta property=\"og:image:width\" content=\"1280\" \/>\n\t<meta property=\"og:image:height\" content=\"742\" \/>\n\t<meta property=\"og:image:type\" content=\"image\/jpeg\" \/>\n<meta name=\"twitter:card\" content=\"summary_large_image\" \/>\n<meta name=\"twitter:label1\" content=\"Dur\u00e9e de lecture estim\u00e9e\" \/>\n\t<meta name=\"twitter:data1\" content=\"2 minutes\" \/>\n<script type=\"application\/ld+json\" class=\"yoast-schema-graph\">{\"@context\":\"https:\\\/\\\/schema.org\",\"@graph\":[{\"@type\":\"WebPage\",\"@id\":\"https:\\\/\\\/www.omnesbands.international\\\/angel-garcia-martinez-2\\\/\",\"url\":\"https:\\\/\\\/www.omnesbands.international\\\/angel-garcia-martinez-2\\\/\",\"name\":\"\u00c1NGEL GARCIA MARTINEZ -\",\"isPartOf\":{\"@id\":\"https:\\\/\\\/www.omnesbands.international\\\/#website\"},\"datePublished\":\"2023-01-29T02:24:22+00:00\",\"dateModified\":\"2023-01-29T02:24:26+00:00\",\"breadcrumb\":{\"@id\":\"https:\\\/\\\/www.omnesbands.international\\\/angel-garcia-martinez-2\\\/#breadcrumb\"},\"inLanguage\":\"fr-FR\",\"potentialAction\":[{\"@type\":\"ReadAction\",\"target\":[\"https:\\\/\\\/www.omnesbands.international\\\/angel-garcia-martinez-2\\\/\"]}]},{\"@type\":\"BreadcrumbList\",\"@id\":\"https:\\\/\\\/www.omnesbands.international\\\/angel-garcia-martinez-2\\\/#breadcrumb\",\"itemListElement\":[{\"@type\":\"ListItem\",\"position\":1,\"name\":\"Portada\",\"item\":\"https:\\\/\\\/www.omnesbands.international\\\/\"},{\"@type\":\"ListItem\",\"position\":2,\"name\":\"\u00c1NGEL GARCIA MARTINEZ\"}]},{\"@type\":\"WebSite\",\"@id\":\"https:\\\/\\\/www.omnesbands.international\\\/#website\",\"url\":\"https:\\\/\\\/www.omnesbands.international\\\/\",\"name\":\"OMNESBANDS International\",\"description\":\"Partituras Originales de autores y compositores independientes\",\"publisher\":{\"@id\":\"https:\\\/\\\/www.omnesbands.international\\\/#organization\"},\"potentialAction\":[{\"@type\":\"SearchAction\",\"target\":{\"@type\":\"EntryPoint\",\"urlTemplate\":\"https:\\\/\\\/www.omnesbands.international\\\/?s={search_term_string}\"},\"query-input\":{\"@type\":\"PropertyValueSpecification\",\"valueRequired\":true,\"valueName\":\"search_term_string\"}}],\"inLanguage\":\"fr-FR\"},{\"@type\":\"Organization\",\"@id\":\"https:\\\/\\\/www.omnesbands.international\\\/#organization\",\"name\":\"Indra Consultores Internacionales\",\"alternateName\":\"Omnesbands\",\"url\":\"https:\\\/\\\/www.omnesbands.international\\\/\",\"logo\":{\"@type\":\"ImageObject\",\"inLanguage\":\"fr-FR\",\"@id\":\"https:\\\/\\\/www.omnesbands.international\\\/#\\\/schema\\\/logo\\\/image\\\/\",\"url\":\"https:\\\/\\\/omnesbands.international\\\/wp-content\\\/uploads\\\/2023\\\/06\\\/Logo-Nuevo-.png\",\"contentUrl\":\"https:\\\/\\\/omnesbands.international\\\/wp-content\\\/uploads\\\/2023\\\/06\\\/Logo-Nuevo-.png\",\"width\":394,\"height\":212,\"caption\":\"Indra Consultores Internacionales\"},\"image\":{\"@id\":\"https:\\\/\\\/www.omnesbands.international\\\/#\\\/schema\\\/logo\\\/image\\\/\"}}]}<\/script>\n<!-- \/ Yoast SEO Premium plugin. -->","yoast_head_json":{"title":"\u00c1NGEL GARCIA MARTINEZ -","robots":{"index":"index","follow":"follow","max-snippet":"max-snippet:-1","max-image-preview":"max-image-preview:large","max-video-preview":"max-video-preview:-1"},"canonical":"https:\/\/www.omnesbands.international\/fr\/angel-garcia-martinez-2\/","og_locale":"fr_FR","og_type":"article","og_title":"\u00c1NGEL GARCIA MARTINEZ","og_description":"\u00c1NGEL GARCIA MARTINEZ \u00c1ngel Garc\u00eda Mart\u00ednez naci\u00f3 en Benifai\u00f3 en una familia de m\u00fasicos. Una de sus abuelas tocaba el viol\u00edn y la otra el piano, su abuelo, su t\u00edo y su primo tocan el clarinete, otro t\u00edo la trompeta. Obviamente el camino a seguir era evidente.Empez\u00f3 sus estudios de bombardino con los profesores, \u00c1ngel [&hellip;]","og_url":"https:\/\/www.omnesbands.international\/fr\/angel-garcia-martinez-2\/","article_modified_time":"2023-01-29T02:24:26+00:00","og_image":[{"width":1280,"height":742,"url":"https:\/\/www.omnesbands.international\/wp-content\/uploads\/2023\/01\/music-sheet-music-snowdrop-7107045.jpg","type":"image\/jpeg"}],"twitter_card":"summary_large_image","twitter_misc":{"Dur\u00e9e de lecture estim\u00e9e":"2 minutes"},"schema":{"@context":"https:\/\/schema.org","@graph":[{"@type":"WebPage","@id":"https:\/\/www.omnesbands.international\/angel-garcia-martinez-2\/","url":"https:\/\/www.omnesbands.international\/angel-garcia-martinez-2\/","name":"\u00c1NGEL GARCIA MARTINEZ -","isPartOf":{"@id":"https:\/\/www.omnesbands.international\/#website"},"datePublished":"2023-01-29T02:24:22+00:00","dateModified":"2023-01-29T02:24:26+00:00","breadcrumb":{"@id":"https:\/\/www.omnesbands.international\/angel-garcia-martinez-2\/#breadcrumb"},"inLanguage":"fr-FR","potentialAction":[{"@type":"ReadAction","target":["https:\/\/www.omnesbands.international\/angel-garcia-martinez-2\/"]}]},{"@type":"BreadcrumbList","@id":"https:\/\/www.omnesbands.international\/angel-garcia-martinez-2\/#breadcrumb","itemListElement":[{"@type":"ListItem","position":1,"name":"Portada","item":"https:\/\/www.omnesbands.international\/"},{"@type":"ListItem","position":2,"name":"\u00c1NGEL GARCIA MARTINEZ"}]},{"@type":"WebSite","@id":"https:\/\/www.omnesbands.international\/#website","url":"https:\/\/www.omnesbands.international\/","name":"OMNESBANDS International","description":"Partitions originales d&#039;auteurs et compositeurs ind\u00e9pendants","publisher":{"@id":"https:\/\/www.omnesbands.international\/#organization"},"potentialAction":[{"@type":"SearchAction","target":{"@type":"EntryPoint","urlTemplate":"https:\/\/www.omnesbands.international\/?s={search_term_string}"},"query-input":{"@type":"PropertyValueSpecification","valueRequired":true,"valueName":"search_term_string"}}],"inLanguage":"fr-FR"},{"@type":"Organization","@id":"https:\/\/www.omnesbands.international\/#organization","name":"Indra Consultants Internationaux","alternateName":"Omnesbands","url":"https:\/\/www.omnesbands.international\/","logo":{"@type":"ImageObject","inLanguage":"fr-FR","@id":"https:\/\/www.omnesbands.international\/#\/schema\/logo\/image\/","url":"https:\/\/omnesbands.international\/wp-content\/uploads\/2023\/06\/Logo-Nuevo-.png","contentUrl":"https:\/\/omnesbands.international\/wp-content\/uploads\/2023\/06\/Logo-Nuevo-.png","width":394,"height":212,"caption":"Indra Consultores Internacionales"},"image":{"@id":"https:\/\/www.omnesbands.international\/#\/schema\/logo\/image\/"}}]}},"uagb_featured_image_src":{"full":false,"thumbnail":false,"medium":false,"medium_large":false,"large":false,"1536x1536":false,"2048x2048":false,"trp-custom-language-flag":false,"gg_gallery_thumbnail":false,"woocommerce_thumbnail":false,"woocommerce_single":false,"woocommerce_gallery_thumbnail":false},"uagb_author_info":{"display_name":"Melvin R. Portillo A:","author_link":"https:\/\/www.omnesbands.international\/fr\/author\/portand\/"},"uagb_comment_info":0,"uagb_excerpt":"\u00c1NGEL GARCIA MARTINEZ \u00c1ngel Garc\u00eda Mart\u00ednez naci\u00f3 en Benifai\u00f3 en una familia de m\u00fasicos. Una de sus abuelas tocaba el viol\u00edn y la otra el piano, su abuelo, su t\u00edo y su primo tocan el clarinete, otro t\u00edo la trompeta. Obviamente el camino a seguir era evidente.Empez\u00f3 sus estudios de bombardino con los profesores, \u00c1ngel\u2026","_links":{"self":[{"href":"https:\/\/www.omnesbands.international\/fr\/wp-json\/wp\/v2\/pages\/1668","targetHints":{"allow":["GET"]}}],"collection":[{"href":"https:\/\/www.omnesbands.international\/fr\/wp-json\/wp\/v2\/pages"}],"about":[{"href":"https:\/\/www.omnesbands.international\/fr\/wp-json\/wp\/v2\/types\/page"}],"author":[{"embeddable":true,"href":"https:\/\/www.omnesbands.international\/fr\/wp-json\/wp\/v2\/users\/4"}],"replies":[{"embeddable":true,"href":"https:\/\/www.omnesbands.international\/fr\/wp-json\/wp\/v2\/comments?post=1668"}],"version-history":[{"count":2,"href":"https:\/\/www.omnesbands.international\/fr\/wp-json\/wp\/v2\/pages\/1668\/revisions"}],"predecessor-version":[{"id":1670,"href":"https:\/\/www.omnesbands.international\/fr\/wp-json\/wp\/v2\/pages\/1668\/revisions\/1670"}],"wp:attachment":[{"href":"https:\/\/www.omnesbands.international\/fr\/wp-json\/wp\/v2\/media?parent=1668"}],"curies":[{"name":"wp","href":"https:\/\/api.w.org\/{rel}","templated":true}]}}