{"id":1681,"date":"2023-01-28T21:21:06","date_gmt":"2023-01-29T03:21:06","guid":{"rendered":"https:\/\/omnesbands.international\/?page_id=1681"},"modified":"2023-01-28T21:26:49","modified_gmt":"2023-01-29T03:26:49","slug":"jaume-blai-santonja-espinos-2","status":"publish","type":"page","link":"https:\/\/www.omnesbands.international\/fr\/jaume-blai-santonja-espinos-2\/","title":{"rendered":"JAUME-BLAI SANTONJA ESPINO"},"content":{"rendered":"<div class=\"wp-block-uagb-container uagb-block-fe28a49f alignfull uagb-is-root-container\"><div class=\"uagb-container-inner-blocks-wrap\">\n<div class=\"wp-block-uagb-advanced-heading uagb-block-e0ad760c\"><h1 class=\"uagb-heading-text\"><strong>JAUME-BLAI SANTONJA ESPINO<\/strong><\/h1><\/div>\n<\/div><\/div>\n\n\n\n<div class=\"wp-block-uagb-container uagb-block-499cb09f alignfull uagb-is-root-container\"><div class=\"uagb-container-inner-blocks-wrap\">\n<div class=\"wp-block-uagb-container uagb-block-e786ab9a\">\n<p>Jaume-Blai est originaire de Bocairent, tout comme ses parents, Jaime Santonja Beneito et M\u00aa Carmen Esp\u00eddos Va\u00f1\u00f3.<\/p>\n<p>Jaume n&#039;est pas all\u00e9 \u00e0 l&#039;\u00e9cole \u00e0 Bocairent car, \u00e0 l&#039;\u00e2ge de 4 ans, ses parents ont d\u00e9cid\u00e9 de s&#039;installer \u00e0 Ontinyent, car ils travaillaient tous les deux \u00e0 la mairie.<\/p>\n<p>Malgr\u00e9 cette circonstance, il a toujours maintenu un lien fort avec sa ville natale: il est membre de la \u00ab Fil\u00e0 Ter\u00e7 de Zuavos \u00bb depuis sa naissance, il a particip\u00e9 \u00e0 la colla de xirimiters i tabaleters \u00ab L&#039;Aljub \u00bb de Bocairent, etc.<br>Il fait \u00e9galement partie de la Xafig\u00e0 de Muro d&#039;Alcoi et appartient \u00e0 la Bande de l&#039;Union Artistique Musicale d&#039;Ontinyent depuis qu&#039;il en fait partie \u00e0 l&#039;\u00e2ge de onze ans.<br>L&#039;enfance et la jeunesse de Jaume ont toujours \u00e9t\u00e9 li\u00e9es \u00e0 la musique, \u00e0 sa grande passion et aussi \u00e0 son grand plaisir. Un exemple en est la cr\u00e9ation d&#039;un groupe de percussions au sein du groupe de musique d&#039;Ontinyent, qui organisait des concerts et de petites pi\u00e8ces cr\u00e9\u00e9es par lui pour la comm\u00e9moration de Santa Cecilia.<br>M\u00eame si ses \u00e9tudes sup\u00e9rieures de musique \u00e0 Barcelone ne lui laissent pas beaucoup de temps libre, il continue d&#039;\u00eatre en contact avec de nombreux musiciens de Bocairent, qui se produisent ensemble \u00e0 chaque occasion.<br>Il a aussi une grande partie de ses amis \u00e0 Bocairent puisque quand il \u00e9tait petit, il passait tous les week-ends chez ses grands-parents Jaime et Emilia.<br>Il a commenc\u00e9 ses \u00e9tudes musicales au Conservatoire Professionnel de Musique \u00ab Josep Melcior Gomis \u00bb d&#039;Ontinyent (Valence) o\u00f9 il a \u00e9tudi\u00e9 le niveau \u00e9l\u00e9mentaire et interm\u00e9diaire (LOGSE) dans la modalit\u00e9 percussion. Ayant comme professeurs : Jes\u00fas Barber\u00e0, Romuald Gass\u00f3 et Pep Soler.<br>Jaume est dipl\u00f4m\u00e9 de l&#039;ESMuC (Escola Superior de M\u00fasica de Catalunya) en juin 2008, obtenant les plus hautes qualifications dans sa sp\u00e9cialit\u00e9. Dans ce centre, il travaille avec les professeurs : Gratiniano Murcia, Miquel Bernat, Lorenzo Ferr\u00e1ndiz et George-Elie Octors.<br>En juin 2010, il a obtenu le dipl\u00f4me de Master au \u00ab Conservatorium van Amsterdam \u00bb (Hollande), sous la direction des professeurs Nick Woud, Gustavo Gimeno, Mark Braafhart, Peter Prommel et Victor Oskam.<br>Son exp\u00e9rience orchestrale commence par son passage \u00e0 l&#039;Orchestre des Jeunes de la Generalitat Valenciana (JOGV) entre 2004 et 2005, ainsi qu&#039;\u00e0 l&#039;Orchestre National des Jeunes de Catalogne (JONC), dont il a \u00e9t\u00e9 membre r\u00e9gulier entre 2005 et 2007. En novembre 2005, il fait partie du groupe d&#039;instrumentistes de l&#039;Orchestre National des Jeunes d&#039;Espagne (JONDE), obtenant la premi\u00e8re place aux tests organis\u00e9s en 2008 et 2009.<br>De mai 2007 \u00e0 janvier 2009, Jaume a fait partie de l&#039;UBS Verbier Festival Orchestra (VFO), orchestre r\u00e9sident du \u00ab Verbier Festival \u00bb (Suisse) et avec lequel il a effectu\u00e9 plusieurs tourn\u00e9es internationales \u00e0 travers les USA et l&#039;Europe. Avec ce groupe symphonique vous avez l&#039;opportunit\u00e9 de travailler avec les chefs d&#039;orchestre les plus prestigieux du moment: Valery Gergiev, Ginandrea Noseda, Paavo J\u00e4rvi, Rafael Fr\u00fchbeck de Burgos, Sir Adrew Davis, James Levine, Manfred Honeck, Essa-Peka Salonen, Pletenev, Zubin Metha ou Charles Dutoit... ainsi qu&#039;avec des solistes internationaux de l&#039;envergure de Martha Argerich, Josua Bell, Evgeny Kissin, Anne-Sophie Muter, Lang Lang, Radu Lupu etc.<br>Jaume est actuellement membre du Gustav Mahler Jugendorchester (GMJO). Le GMJO est consid\u00e9r\u00e9 comme le jeune orchestre le plus prestigieux au niveau europ\u00e9en. Avec ce groupe, ils parcourent le continent europ\u00e9en, se produisant dans les meilleures salles de concert et avec des chefs d&#039;orchestre tels que : Jonathan Nott, Ingo Metzmacher ou Antonio Pappano.<br>Dans le monde professionnel, Jaume a collabor\u00e9 avec des orchestres tels que l&#039;Orchestre Symphonique National de Barcelone (OBC), l&#039;Orchestre Symphonique de Vall\u00e9s (OSV), l&#039;Orchestre Symphonique de Prague, l&#039;Orchestre National de Chambre d&#039;Andorre (ONCA) et le Verbier. Orchestre de Chambre du Festival (VFCO). Depuis son installation aux Pays-Bas, il collabore avec la Radio Kamer Filhamonie (RKF), l&#039;Orchestre Philharmonique de Rotterdam (RPhO) et le Royal Concertgebouw Orchestra (RCO).<br>Quant \u00e0 la musique de chambre, il est un interpr\u00e8te r\u00e9gulier de l&#039;ensemble instrumental de Barcelone \u00ab BCN 216 \u00bb et de l&#039;Insomnio Ensemble (Utrecht), tous deux sp\u00e9cialis\u00e9s dans la musique contemporaine. Jaume a particip\u00e9 \u00e0 diff\u00e9rents projets de groupe tels que le groupe de percussions ESMuC sous la direction de George Elie-Octors ou le Duo Daisen-in (percussions), avec lequel il a remport\u00e9 le premier prix au concours de chambre Col\u2022legi. Montserrat. Il est actuellement plong\u00e9 dans un nouveau projet avec le percussionniste Manuel Mart\u00ednez (AKT-TEK Percussion Duo Project).<br>Il a suivi diff\u00e9rents cours de percussions aupr\u00e8s de professeurs : Nancy Selstzman, Bogdam Bacanum, Juanjo Guillem, Josep Vicent, C\u00e9sar Peris, Juan Garc\u00eda Iborra, Enric Llopis, Gregory Zuber, (directeur du MT Opera New York et tuteur de l&#039;UBS Verbier Festival Orchestra ), Mike Quinn (Tuteur au Gustav Mahler Juguendorchester), Eric Samut, etc.<br>En tant que compositeur musical, il a \u00e9t\u00e9 laur\u00e9at du Concours du 150\u00e8me anniversaire du Festival des Maures et Chr\u00e9tiens de Bocairent, dans la modalit\u00e9 pasodoble, avec l&#039;\u0153uvre : \u00ab Bocairent 1984, Homenatge als meus Pares \u00bb,\u2026entre autres compositions.<\/p>\n<\/div>\n<\/div><\/div>\n\n\n<div class=\"woocommerce columns-4\"><\/div>","protected":false},"excerpt":{"rendered":"<p>JAUME-BLAI SANTONJA ESPIN\u00d3S Jaume-Blai es natural de Bocairent, como tambi\u00e9n lo son sus padres, Jaime Santonja Beneito y M\u00aa Carmen Espin\u00f3s Va\u00f1\u00f3. Jaume no fue a la escuela en Bocairent porque cuando ten\u00eda 4 a\u00f1os sus padres decidieron fijar su residencia en Ontinyent, ya que ambos trabajaban en su Ayuntamiento. A pesar de esta circunstancia [&hellip;]<\/p>\n","protected":false},"author":4,"featured_media":0,"parent":0,"menu_order":0,"comment_status":"closed","ping_status":"closed","template":"","meta":{"_acf_changed":false,"_uag_custom_page_level_css":"","site-sidebar-layout":"default","site-content-layout":"","ast-site-content-layout":"default","site-content-style":"default","site-sidebar-style":"default","ast-global-header-display":"","ast-banner-title-visibility":"","ast-main-header-display":"","ast-hfb-above-header-display":"","ast-hfb-below-header-display":"","ast-hfb-mobile-header-display":"","site-post-title":"disabled","ast-breadcrumbs-content":"","ast-featured-img":"","footer-sml-layout":"","ast-disable-related-posts":"","theme-transparent-header-meta":"","adv-header-id-meta":"","stick-header-meta":"","header-above-stick-meta":"","header-main-stick-meta":"","header-below-stick-meta":"","astra-migrate-meta-layouts":"default","ast-page-background-enabled":"default","ast-page-background-meta":{"desktop":{"background-color":"","background-image":"","background-repeat":"repeat","background-position":"center center","background-size":"auto","background-attachment":"scroll","background-type":"","background-media":"","overlay-type":"","overlay-color":"","overlay-opacity":"","overlay-gradient":""},"tablet":{"background-color":"","background-image":"","background-repeat":"repeat","background-position":"center center","background-size":"auto","background-attachment":"scroll","background-type":"","background-media":"","overlay-type":"","overlay-color":"","overlay-opacity":"","overlay-gradient":""},"mobile":{"background-color":"","background-image":"","background-repeat":"repeat","background-position":"center center","background-size":"auto","background-attachment":"scroll","background-type":"","background-media":"","overlay-type":"","overlay-color":"","overlay-opacity":"","overlay-gradient":""}},"ast-content-background-meta":{"desktop":{"background-color":"var(--ast-global-color-5)","background-image":"","background-repeat":"repeat","background-position":"center center","background-size":"auto","background-attachment":"scroll","background-type":"","background-media":"","overlay-type":"","overlay-color":"","overlay-opacity":"","overlay-gradient":""},"tablet":{"background-color":"var(--ast-global-color-5)","background-image":"","background-repeat":"repeat","background-position":"center center","background-size":"auto","background-attachment":"scroll","background-type":"","background-media":"","overlay-type":"","overlay-color":"","overlay-opacity":"","overlay-gradient":""},"mobile":{"background-color":"var(--ast-global-color-5)","background-image":"","background-repeat":"repeat","background-position":"center center","background-size":"auto","background-attachment":"scroll","background-type":"","background-media":"","overlay-type":"","overlay-color":"","overlay-opacity":"","overlay-gradient":""}},"footnotes":""},"class_list":["post-1681","page","type-page","status-publish","hentry"],"acf":[],"yoast_head":"<!-- This site is optimized with the Yoast SEO Premium plugin v22.4 (Yoast SEO v27.4) - https:\/\/yoast.com\/product\/yoast-seo-premium-wordpress\/ -->\n<title>JAUME-BLAI SANTONJA ESPIN\u00d3S -<\/title>\n<meta name=\"robots\" content=\"index, follow, max-snippet:-1, max-image-preview:large, max-video-preview:-1\" \/>\n<link rel=\"canonical\" href=\"https:\/\/www.omnesbands.international\/fr\/jaume-blai-santonja-espinos-2\/\" \/>\n<meta property=\"og:locale\" content=\"fr_FR\" \/>\n<meta property=\"og:type\" content=\"article\" \/>\n<meta property=\"og:title\" content=\"JAUME-BLAI SANTONJA ESPIN\u00d3S\" \/>\n<meta property=\"og:description\" content=\"JAUME-BLAI SANTONJA ESPIN\u00d3S Jaume-Blai es natural de Bocairent, como tambi\u00e9n lo son sus padres, Jaime Santonja Beneito y M\u00aa Carmen Espin\u00f3s Va\u00f1\u00f3. Jaume no fue a la escuela en Bocairent porque cuando ten\u00eda 4 a\u00f1os sus padres decidieron fijar su residencia en Ontinyent, ya que ambos trabajaban en su Ayuntamiento. A pesar de esta circunstancia [&hellip;]\" \/>\n<meta property=\"og:url\" content=\"https:\/\/www.omnesbands.international\/fr\/jaume-blai-santonja-espinos-2\/\" \/>\n<meta property=\"article:modified_time\" content=\"2023-01-29T03:26:49+00:00\" \/>\n<meta property=\"og:image\" content=\"https:\/\/www.omnesbands.international\/wp-content\/uploads\/2023\/01\/music-sheet-music-snowdrop-7107045.jpg\" \/>\n\t<meta property=\"og:image:width\" content=\"1280\" \/>\n\t<meta property=\"og:image:height\" content=\"742\" \/>\n\t<meta property=\"og:image:type\" content=\"image\/jpeg\" \/>\n<meta name=\"twitter:card\" content=\"summary_large_image\" \/>\n<meta name=\"twitter:label1\" content=\"Dur\u00e9e de lecture estim\u00e9e\" \/>\n\t<meta name=\"twitter:data1\" content=\"4 minutes\" \/>\n<script type=\"application\/ld+json\" class=\"yoast-schema-graph\">{\"@context\":\"https:\\\/\\\/schema.org\",\"@graph\":[{\"@type\":\"WebPage\",\"@id\":\"https:\\\/\\\/www.omnesbands.international\\\/jaume-blai-santonja-espinos-2\\\/\",\"url\":\"https:\\\/\\\/www.omnesbands.international\\\/jaume-blai-santonja-espinos-2\\\/\",\"name\":\"JAUME-BLAI SANTONJA ESPIN\u00d3S -\",\"isPartOf\":{\"@id\":\"https:\\\/\\\/www.omnesbands.international\\\/#website\"},\"datePublished\":\"2023-01-29T03:21:06+00:00\",\"dateModified\":\"2023-01-29T03:26:49+00:00\",\"breadcrumb\":{\"@id\":\"https:\\\/\\\/www.omnesbands.international\\\/jaume-blai-santonja-espinos-2\\\/#breadcrumb\"},\"inLanguage\":\"fr-FR\",\"potentialAction\":[{\"@type\":\"ReadAction\",\"target\":[\"https:\\\/\\\/www.omnesbands.international\\\/jaume-blai-santonja-espinos-2\\\/\"]}]},{\"@type\":\"BreadcrumbList\",\"@id\":\"https:\\\/\\\/www.omnesbands.international\\\/jaume-blai-santonja-espinos-2\\\/#breadcrumb\",\"itemListElement\":[{\"@type\":\"ListItem\",\"position\":1,\"name\":\"Portada\",\"item\":\"https:\\\/\\\/www.omnesbands.international\\\/\"},{\"@type\":\"ListItem\",\"position\":2,\"name\":\"JAUME-BLAI SANTONJA ESPIN\u00d3S\"}]},{\"@type\":\"WebSite\",\"@id\":\"https:\\\/\\\/www.omnesbands.international\\\/#website\",\"url\":\"https:\\\/\\\/www.omnesbands.international\\\/\",\"name\":\"OMNESBANDS International\",\"description\":\"Partituras Originales de autores y compositores independientes\",\"publisher\":{\"@id\":\"https:\\\/\\\/www.omnesbands.international\\\/#organization\"},\"potentialAction\":[{\"@type\":\"SearchAction\",\"target\":{\"@type\":\"EntryPoint\",\"urlTemplate\":\"https:\\\/\\\/www.omnesbands.international\\\/?s={search_term_string}\"},\"query-input\":{\"@type\":\"PropertyValueSpecification\",\"valueRequired\":true,\"valueName\":\"search_term_string\"}}],\"inLanguage\":\"fr-FR\"},{\"@type\":\"Organization\",\"@id\":\"https:\\\/\\\/www.omnesbands.international\\\/#organization\",\"name\":\"Indra Consultores Internacionales\",\"alternateName\":\"Omnesbands\",\"url\":\"https:\\\/\\\/www.omnesbands.international\\\/\",\"logo\":{\"@type\":\"ImageObject\",\"inLanguage\":\"fr-FR\",\"@id\":\"https:\\\/\\\/www.omnesbands.international\\\/#\\\/schema\\\/logo\\\/image\\\/\",\"url\":\"https:\\\/\\\/omnesbands.international\\\/wp-content\\\/uploads\\\/2023\\\/06\\\/Logo-Nuevo-.png\",\"contentUrl\":\"https:\\\/\\\/omnesbands.international\\\/wp-content\\\/uploads\\\/2023\\\/06\\\/Logo-Nuevo-.png\",\"width\":394,\"height\":212,\"caption\":\"Indra Consultores Internacionales\"},\"image\":{\"@id\":\"https:\\\/\\\/www.omnesbands.international\\\/#\\\/schema\\\/logo\\\/image\\\/\"}}]}<\/script>\n<!-- \/ Yoast SEO Premium plugin. -->","yoast_head_json":{"title":"JAUME-BLAI SANTONJA ESPIN\u00d3S -","robots":{"index":"index","follow":"follow","max-snippet":"max-snippet:-1","max-image-preview":"max-image-preview:large","max-video-preview":"max-video-preview:-1"},"canonical":"https:\/\/www.omnesbands.international\/fr\/jaume-blai-santonja-espinos-2\/","og_locale":"fr_FR","og_type":"article","og_title":"JAUME-BLAI SANTONJA ESPIN\u00d3S","og_description":"JAUME-BLAI SANTONJA ESPIN\u00d3S Jaume-Blai es natural de Bocairent, como tambi\u00e9n lo son sus padres, Jaime Santonja Beneito y M\u00aa Carmen Espin\u00f3s Va\u00f1\u00f3. Jaume no fue a la escuela en Bocairent porque cuando ten\u00eda 4 a\u00f1os sus padres decidieron fijar su residencia en Ontinyent, ya que ambos trabajaban en su Ayuntamiento. A pesar de esta circunstancia [&hellip;]","og_url":"https:\/\/www.omnesbands.international\/fr\/jaume-blai-santonja-espinos-2\/","article_modified_time":"2023-01-29T03:26:49+00:00","og_image":[{"width":1280,"height":742,"url":"https:\/\/www.omnesbands.international\/wp-content\/uploads\/2023\/01\/music-sheet-music-snowdrop-7107045.jpg","type":"image\/jpeg"}],"twitter_card":"summary_large_image","twitter_misc":{"Dur\u00e9e de lecture estim\u00e9e":"4 minutes"},"schema":{"@context":"https:\/\/schema.org","@graph":[{"@type":"WebPage","@id":"https:\/\/www.omnesbands.international\/jaume-blai-santonja-espinos-2\/","url":"https:\/\/www.omnesbands.international\/jaume-blai-santonja-espinos-2\/","name":"JAUME-BLAI SANTONJA ESPIN\u00d3S -","isPartOf":{"@id":"https:\/\/www.omnesbands.international\/#website"},"datePublished":"2023-01-29T03:21:06+00:00","dateModified":"2023-01-29T03:26:49+00:00","breadcrumb":{"@id":"https:\/\/www.omnesbands.international\/jaume-blai-santonja-espinos-2\/#breadcrumb"},"inLanguage":"fr-FR","potentialAction":[{"@type":"ReadAction","target":["https:\/\/www.omnesbands.international\/jaume-blai-santonja-espinos-2\/"]}]},{"@type":"BreadcrumbList","@id":"https:\/\/www.omnesbands.international\/jaume-blai-santonja-espinos-2\/#breadcrumb","itemListElement":[{"@type":"ListItem","position":1,"name":"Portada","item":"https:\/\/www.omnesbands.international\/"},{"@type":"ListItem","position":2,"name":"JAUME-BLAI SANTONJA ESPIN\u00d3S"}]},{"@type":"WebSite","@id":"https:\/\/www.omnesbands.international\/#website","url":"https:\/\/www.omnesbands.international\/","name":"OMNESBANDS International","description":"Partitions originales d&#039;auteurs et compositeurs ind\u00e9pendants","publisher":{"@id":"https:\/\/www.omnesbands.international\/#organization"},"potentialAction":[{"@type":"SearchAction","target":{"@type":"EntryPoint","urlTemplate":"https:\/\/www.omnesbands.international\/?s={search_term_string}"},"query-input":{"@type":"PropertyValueSpecification","valueRequired":true,"valueName":"search_term_string"}}],"inLanguage":"fr-FR"},{"@type":"Organization","@id":"https:\/\/www.omnesbands.international\/#organization","name":"Indra Consultants Internationaux","alternateName":"Omnesbands","url":"https:\/\/www.omnesbands.international\/","logo":{"@type":"ImageObject","inLanguage":"fr-FR","@id":"https:\/\/www.omnesbands.international\/#\/schema\/logo\/image\/","url":"https:\/\/omnesbands.international\/wp-content\/uploads\/2023\/06\/Logo-Nuevo-.png","contentUrl":"https:\/\/omnesbands.international\/wp-content\/uploads\/2023\/06\/Logo-Nuevo-.png","width":394,"height":212,"caption":"Indra Consultores Internacionales"},"image":{"@id":"https:\/\/www.omnesbands.international\/#\/schema\/logo\/image\/"}}]}},"uagb_featured_image_src":{"full":false,"thumbnail":false,"medium":false,"medium_large":false,"large":false,"1536x1536":false,"2048x2048":false,"trp-custom-language-flag":false,"gg_gallery_thumbnail":false,"woocommerce_thumbnail":false,"woocommerce_single":false,"woocommerce_gallery_thumbnail":false},"uagb_author_info":{"display_name":"Melvin R. Portillo A:","author_link":"https:\/\/www.omnesbands.international\/fr\/author\/portand\/"},"uagb_comment_info":0,"uagb_excerpt":"JAUME-BLAI SANTONJA ESPIN\u00d3S Jaume-Blai es natural de Bocairent, como tambi\u00e9n lo son sus padres, Jaime Santonja Beneito y M\u00aa Carmen Espin\u00f3s Va\u00f1\u00f3. Jaume no fue a la escuela en Bocairent porque cuando ten\u00eda 4 a\u00f1os sus padres decidieron fijar su residencia en Ontinyent, ya que ambos trabajaban en su Ayuntamiento. A pesar de esta circunstancia\u2026","_links":{"self":[{"href":"https:\/\/www.omnesbands.international\/fr\/wp-json\/wp\/v2\/pages\/1681","targetHints":{"allow":["GET"]}}],"collection":[{"href":"https:\/\/www.omnesbands.international\/fr\/wp-json\/wp\/v2\/pages"}],"about":[{"href":"https:\/\/www.omnesbands.international\/fr\/wp-json\/wp\/v2\/types\/page"}],"author":[{"embeddable":true,"href":"https:\/\/www.omnesbands.international\/fr\/wp-json\/wp\/v2\/users\/4"}],"replies":[{"embeddable":true,"href":"https:\/\/www.omnesbands.international\/fr\/wp-json\/wp\/v2\/comments?post=1681"}],"version-history":[{"count":2,"href":"https:\/\/www.omnesbands.international\/fr\/wp-json\/wp\/v2\/pages\/1681\/revisions"}],"predecessor-version":[{"id":1683,"href":"https:\/\/www.omnesbands.international\/fr\/wp-json\/wp\/v2\/pages\/1681\/revisions\/1683"}],"wp:attachment":[{"href":"https:\/\/www.omnesbands.international\/fr\/wp-json\/wp\/v2\/media?parent=1681"}],"curies":[{"name":"wp","href":"https:\/\/api.w.org\/{rel}","templated":true}]}}