{"id":1684,"date":"2023-01-28T21:28:00","date_gmt":"2023-01-29T03:28:00","guid":{"rendered":"https:\/\/omnesbands.international\/?page_id=1684"},"modified":"2023-01-28T21:29:19","modified_gmt":"2023-01-29T03:29:19","slug":"javier-martinez-campos-2","status":"publish","type":"page","link":"https:\/\/www.omnesbands.international\/fr\/javier-martinez-campos-2\/","title":{"rendered":"CHAMPS JAVIER MARTINEZ"},"content":{"rendered":"<div class=\"wp-block-uagb-container uagb-block-6b98c799 alignfull uagb-is-root-container\"><div class=\"uagb-container-inner-blocks-wrap\">\n<div class=\"wp-block-uagb-advanced-heading uagb-block-9e8c46a8\"><h1 class=\"uagb-heading-text\"><strong>CHAMPS JAVIER MARTINEZ<\/strong><\/h1><\/div>\n<\/div><\/div>\n\n\n\n<div class=\"wp-block-uagb-container uagb-block-205b5527 alignfull uagb-is-root-container\"><div class=\"uagb-container-inner-blocks-wrap\">\n<div class=\"wp-block-uagb-container uagb-block-0519b96c\">\n<p>N\u00e9 \u00e0 Valence en d\u00e9cembre 1989. Il commence ses \u00e9tudes musicales \u00e0 l&#039;\u00e2ge de 4 ans \u00e0 l&#039;Acad\u00e9mie CEDAM de Madrid et poursuit son dipl\u00f4me interm\u00e9diaire au Conservatoire Professionnel de Musique de Getafe avec M\u00aa Nieves Collado. Il a \u00e9tudi\u00e9 les sp\u00e9cialit\u00e9s de violoncelle au Conservatoire Royal de Musique de Madrid avec le professeur Iagoba Fanlo et de composition (J. Medina, A. Romero, M. Seco, Z. de la Cruz, B. Dozza, E. Armenteros, A. Carretero). , tous deux les terminant en 2011 avec distinction.<br>De 2005 \u00e0 2011, il perfectionne ses \u00e9tudes de violoncelle avec Miguel Jim\u00e9nez (soliste de l&#039;Orchestre National d&#039;Espagne).<br>Il a compl\u00e9t\u00e9 le Master de Musique et le Konzertexam (Master de Soliste, avec mention) \u00e0 la Robert Schumann Hochschule de D\u00fcsseldorf (Allemagne) avec le Professeur Gregor Horsch (soliste de l&#039;Orchestre Royal du Concertgebouw d&#039;Amsterdam), \u00e9tudiant \u00e9galement \u00e0 Paris (France). dans la Classe d&#039;Excellence de la Fondation Louis Vuitton avec le Professeur Gautier Capu\u00e7on.<br>Il est titulaire d&#039;un Master en \u00ab Cr\u00e9ation et interpr\u00e9tation musicale \u00bb de l&#039;Universit\u00e9 Rey Juan Carlos (Madrid), d&#039;un Master en Gestion musicale et du titre de \u00ab Technicien en gestion de l&#039;industrie musicale \u00bb de l&#039;Universit\u00e9 europ\u00e9enne Miguel de Cervantes \u2013 IGECA. <br>Il a suivi des cours de perfectionnement musical dans la sp\u00e9cialit\u00e9 violoncelle avec Anner Bylsma, Edgar Gredler, \u00c1ngel Luis Quintana, Marie Paule Milone, Christopher Vandespar, Dimas Moreno ; et master classes avec Pieter Wispelwey, Jens Peter Maintz, Wen-Sinn Yang, Wolfgang Emanuel Schmidt, Antoaneta Emanuilova, Alexander Bouzlov, Torleif Thed\u00e9en, Johannes Krebs, David Strange, Gregor Horsch, Tam\u00e1s Varga, Nikolaus Trieb, J\u00e9r\u00f4me T\u00e9tard, Asier Polo et le Quatuor Quiroga. Dans la sp\u00e9cialit\u00e9 violoncelle baroque avec Gaetano Nasillo et Josetxu Obreg\u00f3n (La Ritirata) ; en composition, instrumentation et orchestration avec Leonardo Balada, Ertugrul Sevsay, J. M\u00aa S\u00e1nchez Verd\u00fa, Bernardo Adam Ferrero, Gregory Fritze (Berklee), Andr\u00e9s Valero-Castells et Ferrer Ferran ; et, en direction de Jos\u00e9 Rafael Pascual-Vilaplana et Jan Van der Roost.<br>En tant que violoncelliste, il a jou\u00e9 sous la direction de chefs d&#039;orchestre tels que Gustavo Dudamel, Lutz K\u00f6hler, Esa-Pekka Salonen, Vladimir Ashkenazy, Gianandrea Noseda, Peter E\u00f6tvos, Alondra de la Parra, Lorenzo Viotti, Giancarlo Guerrero, David Afkham, Reinbert de Leeuw. , Jac van Steen, Erik Nielsen, Christian Zacharias, Alexander Bloch, Pablo Gonz\u00e1lez, Eliahu Inbal, Crist\u00f3bal Halftter, Juanjo Mena, Antoni Ros Marb\u00e1... dans des auditoriums et des salles de concert comme le Carnegie Hall de New York, le Symphony Hall de Boston, Kennedy Center for the Performing Arts de Washington DC, Concertgebouw d&#039;Amsterdam, Auditorio Nacional M\u00fasica de Madrid, Palau de la M\u00fasica de Valence, Palau de les Arts Reina Sof\u00eda de Valence, Palau de la M\u00fasica Catalana de Barcelone, Fondation Gubelkian de Lisbonne , Konzerthaus am Gendarmenmarkt Berlin, K\u00f6lner Philharmonie, Filharmonia Narodowa \u00e0 Varsovie, Emirates Palace \u00e0 Abu Dhabi, Tokyo International Forum, Royal Opera House Muscat, etc.<br>Il a \u00e9t\u00e9 violoncelle soliste assistant de l&#039;Orchestre Symphonique de Bilbao (BOS) entre 2015 et 2019, acad\u00e9micien du Mahler Chamber Orchestra (MCO) et du D\u00fcsseldorfer Symphoniker, membre de l&#039;Orchestre des Jeunes de l&#039;Union Europ\u00e9enne (EUYO), de l&#039;Orquesta Juvenil Iberoamericana (OJI). , dirig\u00e9 par Gustavo Dudamel, et membre et violoncelle principal de l&#039;Orchestre National des Jeunes d&#039;Espagne (JONDE), de l&#039;Orchestre Jugend des Pays-Bas (NJO) et du Jove Orquestra de la Generalitat Valenciana (JOGV).<br>Il a collabor\u00e9 avec le Mahler Chamber Orchestra (MCO), le Duisburger Philharmoniker, l&#039;Orchestre Symphonique de Tenerife, le Beethoven Orchester Bonn, le Kammeroper K\u00f6ln, le D\u00fcsseldorfer Symphoniker, l&#039;Orchestre de Chambre Andr\u00e9s Segovia, l&#039;Orchestre Filarmon\u00eda, l&#039;Orchestre Municipal de Bilbao, etc.<br>En tant que soliste, il a jou\u00e9 avec les Symphonieorchesters der RSH D\u00fcsseldorf, le Jove Orquestra de la Generalitat Valenciana (JOGV), l&#039;Orquestra Simf\u00f2nica l&#039;Om de Picassent, l&#039;Orchestre du Conservatoire Professionnel de Musique de Getafe... et a donn\u00e9 des r\u00e9citals \u00e0 des auditoriums tels que la Tonhalle de D\u00fcsseldorf (Allemagne), le Palau de la M\u00fasica de Valencia, le Moeser Auditorium \u2013 University of North Carolina (\u00c9tats-Unis), le North Carolina Museum of Arts Raleigh, le Th\u00e9\u00e2tre du Casino \u00c9vian-Les-Bains (France), l&#039;Auditorium \u2013 Fondation Louis Vuitton (France) ), Teatre-Auditori de la Vila-Joiosa, etc.<br>En tant que compositeur, il a \u00e9t\u00e9 r\u00e9sident et invit\u00e9 par l&#039;Orchestre National des Jeunes d&#039;Espagne (JONDE, 2012, 2016), le P\u00f2dium Matadepera (Barcelone, 2018) et le Festival dels Horts (Valence, 2019), recevant \u00e9galement des commandes de le Jeune Orchestre National d&#039;Espagne et le Minist\u00e8re de la Culture et de l&#039;\u00c9ducation, la Fondation SGAE\/AEOS \u2013 Orchestre Symphonique de Bilbao, l&#039;Institut National des Arts du Spectacle et de la Musique INAEM, L&#039;Orchestre Parfum (Paris), le Groupe Choral Antara Korai, le Conseil Central Fallera de Valence, le Cor Valenci\u00e0 de Clarinets, l&#039;Ajuntament de Montserrat ou la Musique Municipale des Txistularis de Bilbao \u2013 BilbaoMusika, entre autres.<br>Ses \u0153uvres ont \u00e9t\u00e9 jou\u00e9es au Memorial Hall \u2013 Universit\u00e9 de Caroline du Nord, Chapel Hill (\u00c9tats-Unis), \u00e0 la Carnegie Mellon University School of Music de Pittsburg (\u00c9tats-Unis), \u00e0 la Cit\u00e9 de la Musique (Paris), \u00e0 la Fondation Louis Vuitton (Paris), \u00e0 l&#039;Auditorium National de Musique de Madrid, Palau de la Musique de Valence, Palau de Musique Catalane, Th\u00e9\u00e2tre Monumental de Madrid, Palais Euskalduna de Bilbao, Palais de l&#039;Op\u00e9ra de La Corogne, Auditorium de la D\u00e9putation Forale d&#039;Alicante ADDA, Musiekgebouw aan&#039;t IJ (Amsterdam), Bernard Haitinkzaal (Amsterdam), Universit\u00e9 de Caldas (Colombie), Palais Wittgenstein (D\u00fcsseldorf, Allemagne), Teatros el Canal \u00e0 Madrid... par des solistes et des groupes comme Gautier Capu\u00e7on (soliste international), G\u00e1bor Tark\u00f6vi (trompette soliste du Berliner Philharmoniker), l&#039;Orchestre Symphonique de Galice OSG, l&#039;Orchestre Symphonique de la Radio-T\u00e9l\u00e9vision Espagnole RTVE, l&#039;Orchestre Symphonique de Bilbao BOS, l&#039;Orchestre Simf\u00f2nica del Vall\u00e8s OSV, les Cuivres Espagnols, l&#039;Ensemble Contemporain Carnegie Mellon, l&#039;Orchestre des Jeunes de l&#039;Union Europ\u00e9enne EUYO, l&#039;Acad\u00e9mie de Musique Contemporaine de la JONDE, le Collegium Instrumentale de Valencia, membres de l&#039;Orchestre Philharmonique de New York, UNC Wind Ensemble (USA), Orchestre Symphonique Municipal de Madrid, Orchestre Municipal de Valence, Orchestre Municipal de Bilbao, Orchestre Municipal d&#039;Albacete, Orchestre Municipal de Castell\u00f3n, Orchestre Municipal d&#039;Almer\u00eda, etc.<br>Ses compositions sont publi\u00e9es chez Scomegna Edizioni Musicali (Italie), G\u00e9rard Billaudot \u00c9diteur (France), Piles, OmnesBands, DAS\u00cd-Flautas Ediciones, Ediciones Tot per l&#039;aire, SB Edicions et JMC Ediciones.<\/p>\n<\/div>\n<\/div><\/div>\n\n\n<div class=\"woocommerce columns-4\"><ul class=\"products columns-4\">\n<li class=\"desktop-align-left tablet-align-left mobile-align-left ast-product-gallery-layout-horizontal-slider product type-product post-1115 status-publish first instock product_cat-pasodobles product_tag-javier-martinez-campos has-post-thumbnail downloadable virtual taxable purchasable product-type-simple\">\n\t<a href=\"https:\/\/www.omnesbands.international\/fr\/produit\/carmen-monzonis-valero\/\" class=\"woocommerce-LoopProduct-link woocommerce-loop-product__link\"><img loading=\"lazy\" decoding=\"async\" width=\"300\" height=\"300\" src=\"https:\/\/www.omnesbands.international\/wp-content\/uploads\/2023\/01\/Carmen-Monzonis-Valero-300x300.jpg\" class=\"attachment-woocommerce_thumbnail size-woocommerce_thumbnail\" alt=\"Carmen Monzonis Valero\" srcset=\"https:\/\/www.omnesbands.international\/wp-content\/uploads\/2023\/01\/Carmen-Monzonis-Valero-300x300.jpg 300w, https:\/\/www.omnesbands.international\/wp-content\/uploads\/2023\/01\/Carmen-Monzonis-Valero-150x150.jpg 150w, https:\/\/www.omnesbands.international\/wp-content\/uploads\/2023\/01\/Carmen-Monzonis-Valero-100x100.jpg 100w\" sizes=\"auto, (max-width: 300px) 100vw, 300px\" \/><h2 class=\"woocommerce-loop-product__title\">Carmen Monzonis Valero<\/h2>\n\t<span class=\"price\"><span class=\"woocommerce-Price-amount amount\"><bdi><span class=\"woocommerce-Price-currencySymbol\">&#36;<\/span>30.00<\/bdi><\/span><\/span>\n<\/a><a href=\"\/fr\/wp-json\/wp\/v2\/pages\/1684?add-to-cart=1115\" aria-describedby=\"woocommerce_loop_add_to_cart_link_describedby_1115\" data-quantity=\"1\" class=\"button product_type_simple add_to_cart_button ajax_add_to_cart\" data-product_id=\"1115\" data-product_sku=\"CAR-PAS-ESP-22\" aria-label=\"Ajouter au panier : \u00ab Carmen Monzonis Valero \u00bb\" rel=\"nofollow\" data-success_message=\"\u00ab\u00a0Carmen Monzonis Valero\u00a0\u00bb a \u00e9t\u00e9 ajout\u00e9 \u00e0 votre panier\" role=\"button\" data-no-translation=\"\" data-trp-gettext=\"\" data-no-translation-aria-label=\"\" data-no-translation-data-success_message=\"\">Ajouter au panier<\/a>\t<span id=\"woocommerce_loop_add_to_cart_link_describedby_1115\" class=\"screen-reader-text\">\n\t\t\t<\/span>\n<\/li>\n<li class=\"desktop-align-left tablet-align-left mobile-align-left ast-product-gallery-layout-horizontal-slider product type-product post-1380 status-publish instock product_cat-pasodobles product_tag-javier-martinez-campos has-post-thumbnail downloadable virtual taxable purchasable product-type-simple\">\n\t<a href=\"https:\/\/www.omnesbands.international\/fr\/produit\/sant-roc-2011\/\" class=\"woocommerce-LoopProduct-link woocommerce-loop-product__link\"><img loading=\"lazy\" decoding=\"async\" width=\"300\" height=\"300\" src=\"https:\/\/www.omnesbands.international\/wp-content\/uploads\/2023\/01\/Sant-Roc-300x300.jpg\" class=\"attachment-woocommerce_thumbnail size-woocommerce_thumbnail\" alt=\"Sant Roc 2011\" srcset=\"https:\/\/www.omnesbands.international\/wp-content\/uploads\/2023\/01\/Sant-Roc-300x300.jpg 300w, https:\/\/www.omnesbands.international\/wp-content\/uploads\/2023\/01\/Sant-Roc-150x150.jpg 150w, https:\/\/www.omnesbands.international\/wp-content\/uploads\/2023\/01\/Sant-Roc-100x100.jpg 100w\" sizes=\"auto, (max-width: 300px) 100vw, 300px\" \/><h2 class=\"woocommerce-loop-product__title\">Saint Roc 2011<\/h2>\n\t<span class=\"price\"><span class=\"woocommerce-Price-amount amount\"><bdi><span class=\"woocommerce-Price-currencySymbol\">&#36;<\/span>25.00<\/bdi><\/span><\/span>\n<\/a><a href=\"\/fr\/wp-json\/wp\/v2\/pages\/1684?add-to-cart=1380\" aria-describedby=\"woocommerce_loop_add_to_cart_link_describedby_1380\" data-quantity=\"1\" class=\"button product_type_simple add_to_cart_button ajax_add_to_cart\" data-product_id=\"1380\" data-product_sku=\"SAN-PAS-ESP-22\" aria-label=\"Ajouter au panier : \u00ab Sant Roc 2011 \u00bb\" rel=\"nofollow\" data-success_message=\"\u00ab\u00a0Sant Roc 2011\u00a0\u00bb a \u00e9t\u00e9 ajout\u00e9 \u00e0 votre panier\" role=\"button\" data-no-translation=\"\" data-trp-gettext=\"\" data-no-translation-aria-label=\"\" data-no-translation-data-success_message=\"\">Ajouter au panier<\/a>\t<span id=\"woocommerce_loop_add_to_cart_link_describedby_1380\" class=\"screen-reader-text\">\n\t\t\t<\/span>\n<\/li>\n<\/ul>\n<\/div>","protected":false},"excerpt":{"rendered":"<p>JAVIER MART\u00cdNEZ CAMPOS Nace en Valencia en diciembre de 1989. Comenz\u00f3 sus estudios musicales a la edad de los 4 a\u00f1os en la Academia CEDAM de Madrid, continuando el grado medio en el Conservatorio Profesional de M\u00fasica de Getafe con M\u00aa Nieves Collado. Estudi\u00f3 en el Real Conservatorio Superior de M\u00fasica de Madrid las especialidades [&hellip;]<\/p>\n","protected":false},"author":4,"featured_media":0,"parent":0,"menu_order":0,"comment_status":"closed","ping_status":"closed","template":"","meta":{"_acf_changed":false,"_uag_custom_page_level_css":"","site-sidebar-layout":"default","site-content-layout":"","ast-site-content-layout":"default","site-content-style":"default","site-sidebar-style":"default","ast-global-header-display":"","ast-banner-title-visibility":"","ast-main-header-display":"","ast-hfb-above-header-display":"","ast-hfb-below-header-display":"","ast-hfb-mobile-header-display":"","site-post-title":"disabled","ast-breadcrumbs-content":"","ast-featured-img":"","footer-sml-layout":"","ast-disable-related-posts":"","theme-transparent-header-meta":"","adv-header-id-meta":"","stick-header-meta":"","header-above-stick-meta":"","header-main-stick-meta":"","header-below-stick-meta":"","astra-migrate-meta-layouts":"default","ast-page-background-enabled":"default","ast-page-background-meta":{"desktop":{"background-color":"","background-image":"","background-repeat":"repeat","background-position":"center center","background-size":"auto","background-attachment":"scroll","background-type":"","background-media":"","overlay-type":"","overlay-color":"","overlay-opacity":"","overlay-gradient":""},"tablet":{"background-color":"","background-image":"","background-repeat":"repeat","background-position":"center center","background-size":"auto","background-attachment":"scroll","background-type":"","background-media":"","overlay-type":"","overlay-color":"","overlay-opacity":"","overlay-gradient":""},"mobile":{"background-color":"","background-image":"","background-repeat":"repeat","background-position":"center center","background-size":"auto","background-attachment":"scroll","background-type":"","background-media":"","overlay-type":"","overlay-color":"","overlay-opacity":"","overlay-gradient":""}},"ast-content-background-meta":{"desktop":{"background-color":"var(--ast-global-color-5)","background-image":"","background-repeat":"repeat","background-position":"center center","background-size":"auto","background-attachment":"scroll","background-type":"","background-media":"","overlay-type":"","overlay-color":"","overlay-opacity":"","overlay-gradient":""},"tablet":{"background-color":"var(--ast-global-color-5)","background-image":"","background-repeat":"repeat","background-position":"center center","background-size":"auto","background-attachment":"scroll","background-type":"","background-media":"","overlay-type":"","overlay-color":"","overlay-opacity":"","overlay-gradient":""},"mobile":{"background-color":"var(--ast-global-color-5)","background-image":"","background-repeat":"repeat","background-position":"center center","background-size":"auto","background-attachment":"scroll","background-type":"","background-media":"","overlay-type":"","overlay-color":"","overlay-opacity":"","overlay-gradient":""}},"footnotes":""},"class_list":["post-1684","page","type-page","status-publish","hentry"],"acf":[],"yoast_head":"<!-- This site is optimized with the Yoast SEO Premium plugin v22.4 (Yoast SEO v27.4) - https:\/\/yoast.com\/product\/yoast-seo-premium-wordpress\/ -->\n<title>JAVIER MART\u00cdNEZ CAMPOS -<\/title>\n<meta name=\"robots\" content=\"index, follow, max-snippet:-1, max-image-preview:large, max-video-preview:-1\" \/>\n<link rel=\"canonical\" href=\"https:\/\/www.omnesbands.international\/fr\/javier-martinez-campos-2\/\" \/>\n<meta property=\"og:locale\" content=\"fr_FR\" \/>\n<meta property=\"og:type\" content=\"article\" \/>\n<meta property=\"og:title\" content=\"JAVIER MART\u00cdNEZ CAMPOS\" \/>\n<meta property=\"og:description\" content=\"JAVIER MART\u00cdNEZ CAMPOS Nace en Valencia en diciembre de 1989. Comenz\u00f3 sus estudios musicales a la edad de los 4 a\u00f1os en la Academia CEDAM de Madrid, continuando el grado medio en el Conservatorio Profesional de M\u00fasica de Getafe con M\u00aa Nieves Collado. Estudi\u00f3 en el Real Conservatorio Superior de M\u00fasica de Madrid las especialidades [&hellip;]\" \/>\n<meta property=\"og:url\" content=\"https:\/\/www.omnesbands.international\/fr\/javier-martinez-campos-2\/\" \/>\n<meta property=\"article:modified_time\" content=\"2023-01-29T03:29:19+00:00\" \/>\n<meta property=\"og:image\" content=\"https:\/\/www.omnesbands.international\/wp-content\/uploads\/2023\/01\/music-sheet-music-snowdrop-7107045.jpg\" \/>\n\t<meta property=\"og:image:width\" content=\"1280\" \/>\n\t<meta property=\"og:image:height\" content=\"742\" \/>\n\t<meta property=\"og:image:type\" content=\"image\/jpeg\" \/>\n<meta name=\"twitter:card\" content=\"summary_large_image\" \/>\n<meta name=\"twitter:label1\" content=\"Dur\u00e9e de lecture estim\u00e9e\" \/>\n\t<meta name=\"twitter:data1\" content=\"5 minutes\" \/>\n<script type=\"application\/ld+json\" class=\"yoast-schema-graph\">{\"@context\":\"https:\\\/\\\/schema.org\",\"@graph\":[{\"@type\":\"WebPage\",\"@id\":\"https:\\\/\\\/www.omnesbands.international\\\/en\\\/javier-martinez-campos-2\\\/\",\"url\":\"https:\\\/\\\/www.omnesbands.international\\\/en\\\/javier-martinez-campos-2\\\/\",\"name\":\"JAVIER MART\u00cdNEZ CAMPOS -\",\"isPartOf\":{\"@id\":\"https:\\\/\\\/www.omnesbands.international\\\/#website\"},\"datePublished\":\"2023-01-29T03:28:00+00:00\",\"dateModified\":\"2023-01-29T03:29:19+00:00\",\"breadcrumb\":{\"@id\":\"https:\\\/\\\/www.omnesbands.international\\\/en\\\/javier-martinez-campos-2\\\/#breadcrumb\"},\"inLanguage\":\"fr-FR\",\"potentialAction\":[{\"@type\":\"ReadAction\",\"target\":[\"https:\\\/\\\/www.omnesbands.international\\\/en\\\/javier-martinez-campos-2\\\/\"]}]},{\"@type\":\"BreadcrumbList\",\"@id\":\"https:\\\/\\\/www.omnesbands.international\\\/en\\\/javier-martinez-campos-2\\\/#breadcrumb\",\"itemListElement\":[{\"@type\":\"ListItem\",\"position\":1,\"name\":\"Portada\",\"item\":\"https:\\\/\\\/www.omnesbands.international\\\/\"},{\"@type\":\"ListItem\",\"position\":2,\"name\":\"JAVIER MART\u00cdNEZ CAMPOS\"}]},{\"@type\":\"WebSite\",\"@id\":\"https:\\\/\\\/www.omnesbands.international\\\/#website\",\"url\":\"https:\\\/\\\/www.omnesbands.international\\\/\",\"name\":\"OMNESBANDS International\",\"description\":\"Partituras Originales de autores y compositores independientes\",\"publisher\":{\"@id\":\"https:\\\/\\\/www.omnesbands.international\\\/#organization\"},\"potentialAction\":[{\"@type\":\"SearchAction\",\"target\":{\"@type\":\"EntryPoint\",\"urlTemplate\":\"https:\\\/\\\/www.omnesbands.international\\\/?s={search_term_string}\"},\"query-input\":{\"@type\":\"PropertyValueSpecification\",\"valueRequired\":true,\"valueName\":\"search_term_string\"}}],\"inLanguage\":\"fr-FR\"},{\"@type\":\"Organization\",\"@id\":\"https:\\\/\\\/www.omnesbands.international\\\/#organization\",\"name\":\"Indra Consultores Internacionales\",\"alternateName\":\"Omnesbands\",\"url\":\"https:\\\/\\\/www.omnesbands.international\\\/\",\"logo\":{\"@type\":\"ImageObject\",\"inLanguage\":\"fr-FR\",\"@id\":\"https:\\\/\\\/www.omnesbands.international\\\/#\\\/schema\\\/logo\\\/image\\\/\",\"url\":\"https:\\\/\\\/omnesbands.international\\\/wp-content\\\/uploads\\\/2023\\\/06\\\/Logo-Nuevo-.png\",\"contentUrl\":\"https:\\\/\\\/omnesbands.international\\\/wp-content\\\/uploads\\\/2023\\\/06\\\/Logo-Nuevo-.png\",\"width\":394,\"height\":212,\"caption\":\"Indra Consultores Internacionales\"},\"image\":{\"@id\":\"https:\\\/\\\/www.omnesbands.international\\\/#\\\/schema\\\/logo\\\/image\\\/\"}}]}<\/script>\n<!-- \/ Yoast SEO Premium plugin. -->","yoast_head_json":{"title":"JAVIER MART\u00cdNEZ CAMPOS -","robots":{"index":"index","follow":"follow","max-snippet":"max-snippet:-1","max-image-preview":"max-image-preview:large","max-video-preview":"max-video-preview:-1"},"canonical":"https:\/\/www.omnesbands.international\/fr\/javier-martinez-campos-2\/","og_locale":"fr_FR","og_type":"article","og_title":"JAVIER MART\u00cdNEZ CAMPOS","og_description":"JAVIER MART\u00cdNEZ CAMPOS Nace en Valencia en diciembre de 1989. Comenz\u00f3 sus estudios musicales a la edad de los 4 a\u00f1os en la Academia CEDAM de Madrid, continuando el grado medio en el Conservatorio Profesional de M\u00fasica de Getafe con M\u00aa Nieves Collado. Estudi\u00f3 en el Real Conservatorio Superior de M\u00fasica de Madrid las especialidades [&hellip;]","og_url":"https:\/\/www.omnesbands.international\/fr\/javier-martinez-campos-2\/","article_modified_time":"2023-01-29T03:29:19+00:00","og_image":[{"width":1280,"height":742,"url":"https:\/\/www.omnesbands.international\/wp-content\/uploads\/2023\/01\/music-sheet-music-snowdrop-7107045.jpg","type":"image\/jpeg"}],"twitter_card":"summary_large_image","twitter_misc":{"Dur\u00e9e de lecture estim\u00e9e":"5 minutes"},"schema":{"@context":"https:\/\/schema.org","@graph":[{"@type":"WebPage","@id":"https:\/\/www.omnesbands.international\/en\/javier-martinez-campos-2\/","url":"https:\/\/www.omnesbands.international\/en\/javier-martinez-campos-2\/","name":"JAVIER MART\u00cdNEZ CAMPOS -","isPartOf":{"@id":"https:\/\/www.omnesbands.international\/#website"},"datePublished":"2023-01-29T03:28:00+00:00","dateModified":"2023-01-29T03:29:19+00:00","breadcrumb":{"@id":"https:\/\/www.omnesbands.international\/en\/javier-martinez-campos-2\/#breadcrumb"},"inLanguage":"fr-FR","potentialAction":[{"@type":"ReadAction","target":["https:\/\/www.omnesbands.international\/en\/javier-martinez-campos-2\/"]}]},{"@type":"BreadcrumbList","@id":"https:\/\/www.omnesbands.international\/en\/javier-martinez-campos-2\/#breadcrumb","itemListElement":[{"@type":"ListItem","position":1,"name":"Portada","item":"https:\/\/www.omnesbands.international\/"},{"@type":"ListItem","position":2,"name":"JAVIER MART\u00cdNEZ CAMPOS"}]},{"@type":"WebSite","@id":"https:\/\/www.omnesbands.international\/#website","url":"https:\/\/www.omnesbands.international\/","name":"OMNESBANDS International","description":"Partitions originales d&#039;auteurs et compositeurs ind\u00e9pendants","publisher":{"@id":"https:\/\/www.omnesbands.international\/#organization"},"potentialAction":[{"@type":"SearchAction","target":{"@type":"EntryPoint","urlTemplate":"https:\/\/www.omnesbands.international\/?s={search_term_string}"},"query-input":{"@type":"PropertyValueSpecification","valueRequired":true,"valueName":"search_term_string"}}],"inLanguage":"fr-FR"},{"@type":"Organization","@id":"https:\/\/www.omnesbands.international\/#organization","name":"Indra Consultants Internationaux","alternateName":"Omnesbands","url":"https:\/\/www.omnesbands.international\/","logo":{"@type":"ImageObject","inLanguage":"fr-FR","@id":"https:\/\/www.omnesbands.international\/#\/schema\/logo\/image\/","url":"https:\/\/omnesbands.international\/wp-content\/uploads\/2023\/06\/Logo-Nuevo-.png","contentUrl":"https:\/\/omnesbands.international\/wp-content\/uploads\/2023\/06\/Logo-Nuevo-.png","width":394,"height":212,"caption":"Indra Consultores Internacionales"},"image":{"@id":"https:\/\/www.omnesbands.international\/#\/schema\/logo\/image\/"}}]}},"uagb_featured_image_src":{"full":false,"thumbnail":false,"medium":false,"medium_large":false,"large":false,"1536x1536":false,"2048x2048":false,"trp-custom-language-flag":false,"gg_gallery_thumbnail":false,"woocommerce_thumbnail":false,"woocommerce_single":false,"woocommerce_gallery_thumbnail":false},"uagb_author_info":{"display_name":"Melvin R. Portillo A:","author_link":"https:\/\/www.omnesbands.international\/fr\/author\/portand\/"},"uagb_comment_info":0,"uagb_excerpt":"JAVIER MART\u00cdNEZ CAMPOS Nace en Valencia en diciembre de 1989. Comenz\u00f3 sus estudios musicales a la edad de los 4 a\u00f1os en la Academia CEDAM de Madrid, continuando el grado medio en el Conservatorio Profesional de M\u00fasica de Getafe con M\u00aa Nieves Collado. Estudi\u00f3 en el Real Conservatorio Superior de M\u00fasica de Madrid las especialidades\u2026","_links":{"self":[{"href":"https:\/\/www.omnesbands.international\/fr\/wp-json\/wp\/v2\/pages\/1684","targetHints":{"allow":["GET"]}}],"collection":[{"href":"https:\/\/www.omnesbands.international\/fr\/wp-json\/wp\/v2\/pages"}],"about":[{"href":"https:\/\/www.omnesbands.international\/fr\/wp-json\/wp\/v2\/types\/page"}],"author":[{"embeddable":true,"href":"https:\/\/www.omnesbands.international\/fr\/wp-json\/wp\/v2\/users\/4"}],"replies":[{"embeddable":true,"href":"https:\/\/www.omnesbands.international\/fr\/wp-json\/wp\/v2\/comments?post=1684"}],"version-history":[{"count":2,"href":"https:\/\/www.omnesbands.international\/fr\/wp-json\/wp\/v2\/pages\/1684\/revisions"}],"predecessor-version":[{"id":1686,"href":"https:\/\/www.omnesbands.international\/fr\/wp-json\/wp\/v2\/pages\/1684\/revisions\/1686"}],"wp:attachment":[{"href":"https:\/\/www.omnesbands.international\/fr\/wp-json\/wp\/v2\/media?parent=1684"}],"curies":[{"name":"wp","href":"https:\/\/api.w.org\/{rel}","templated":true}]}}