{"id":1699,"date":"2023-01-28T22:04:22","date_gmt":"2023-01-29T04:04:22","guid":{"rendered":"https:\/\/omnesbands.international\/?page_id=1699"},"modified":"2023-01-28T22:04:52","modified_gmt":"2023-01-29T04:04:52","slug":"jose-miguel-fayos-jordan-2","status":"publish","type":"page","link":"https:\/\/www.omnesbands.international\/fr\/jose-miguel-fayos-jordan-2\/","title":{"rendered":"JOSE MIGUEL FAYOS JORDANIE"},"content":{"rendered":"<div class=\"wp-block-uagb-container uagb-block-334dc832 alignfull uagb-is-root-container\"><div class=\"uagb-container-inner-blocks-wrap\">\n<div class=\"wp-block-uagb-advanced-heading uagb-block-906e3806\"><h1 class=\"uagb-heading-text\"><strong>JOSE MIGUEL FAYOS JORDANIE<\/strong><\/h1><\/div>\n<\/div><\/div>\n\n\n\n<div class=\"wp-block-uagb-container uagb-block-7ed1632e alignfull uagb-is-root-container\"><div class=\"uagb-container-inner-blocks-wrap\">\n<div class=\"wp-block-uagb-container uagb-block-8093ef56\">\n<p>N\u00e9 \u00e0 Chella (Valence). Il a \u00e9tudi\u00e9 au Conservatoire Sup\u00e9rieur de Musique \u00ab Joaqu\u00edn Rodrigo \u00bb de Valence o\u00f9 il a obtenu le titre de Professeur Sup\u00e9rieur de Composition, culminant sa carri\u00e8re avec le \u00ab Prix Extraordinaire \u00bb. Parmi certains de ses professeurs, on distingue : R. Ramos, G. Jim\u00e9nez, E. Sanz-Burguete, C. Cano, E. Caland\u00edn et F. Tamarit, entre autres.<br>Il a remport\u00e9 plusieurs prix de composition, notamment\u00a0: Premier Prix du IIe Concours International de Composition \u00ab Ciudad de Torrevieja \u00bb, Prix d&#039;\u00e9dition du Concours de Jeunes Compositeurs \u00ab Hui, hui M\u00fasica \u00bb (2006) et s\u00e9lection et cr\u00e9ation d&#039;\u0153uvres de ce m\u00eame concours (2004, 2006 et 2008), Premier prix du le Ier Concours Ib\u00e9ro-am\u00e9ricain de Composition pour le groupe \u00ab Villa de Ortigueira \u00bb, Prix de composition et de commande au III S\u00e9minaire Permanent de Composition organis\u00e9 par l&#039;IVM, Prix \u00e0 l&#039;Atelier Europ\u00e9en de Cr\u00e9ation Musicale 2013 et 2\u00e8me Prix \u00ab Carmelo Alonso Bernaola \u00bb au XXIVe Prix Fundaci\u00f3n Autor\/Sgae-CNDM pour jeunes compositeurs.<\/p>\n<p>Ses \u0153uvres ont \u00e9t\u00e9 jou\u00e9es et cr\u00e9\u00e9es dans des festivals et auditoriums tels que l&#039;ENSEMS, Hui hui M\u00fasica, le Festival international de musique de La Mancha, le Palau de la M\u00fasica de Valencia, la Sala SGAE-Valencia, le Club Diario Levante, l&#039;Auditorium National de Musique de Madrid, la Casa da Musica. (Porto), Palau de Les Arts Reina Sof\u00eda, Auditorio 400 MNCARS et par des groupes tels que l&#039;Ensemble Art&#039;s XXI, le Grup Instrumental de Valencia, l&#039;Orchestre Symphonique Portugais, l&#039;Ensemble Pulsar ou l&#039;Orchestre d&#039;Harmonie (Conservatoire de Strasbourg).<br>En mai 2007 a \u00e9t\u00e9 cr\u00e9\u00e9e son \u0153uvre \u00ab Cantos desde el olvido \u00bb, une commande-hommage au Prix Cervantes A. Gamoneda bas\u00e9e sur des textes du m\u00eame po\u00e8te. Il a re\u00e7u des commandes d&#039;institutions telles que l&#039;Institut Valencien de Musique et le Grup Instrumental de Val\u00e9ncia.<\/p>\n<p>Il a suivi des cours, des rencontres et des masterclasses avec JM L\u00f3pez, J.M\u00c2\u00aa S\u00e1nchez-Verd\u00fa, C. Halffter, R. Bischof, L. Balada, T. Marco, A. Aracil, G. Gan, J.Rueda, M. Sotelo. , A. Posadas, P. Billone, JL Tor\u00e1 et J. de Meij. Il a re\u00e7u une bourse de l&#039;IVM pour r\u00e9aliser les s\u00e9minaires de composition (2009-2011), s\u00e9lectionn\u00e9 par les professeurs J.M\u00c2\u00aa S\u00e1nchez-Verd\u00fa et A. Posadas. S\u00e9lectionn\u00e9 et r\u00e9compens\u00e9 d&#039;une bourse pour l&#039;Atelier Europ\u00e9en de Cr\u00e9ation Musicale 2013 avec le Professeur Alberto Posadas.<br>Dans le domaine de la r\u00e9alisation, il a \u00e9tudi\u00e9 avec Jos\u00e9 R. Pascual-Vilaplana et des cours de perfectionnement avec Jan Cober. Il a dirig\u00e9 diverses formations en g\u00e9ographie espagnole et notamment dans la Communaut\u00e9 valencienne.<\/p>\n<p>Il d\u00e9veloppe son travail p\u00e9dagogique en tant que professeur d&#039;harmonie, d&#039;analyse, d&#039;histoire de la musique et de principes fondamentaux de composition dans divers conservatoires du C. Valenciana ; Conservatoire \u00ab Maestro Ponce \u00bb de Chella, Conservatoire \u00ab Ruperto Chap\u00ed \u00bb d&#039;Elda, Conservatoire Sup\u00e9rieur \u00ab Oscar Espl\u00e1 \u00bb d&#039;Alicante et actuellement au Conservatoire Professionnel de Musique de X\u00e1bia et \u00e0 l&#039;\u00c9cole R\u00e9gionale de Musique de Vall d&#039;Albaida. Il dirige \u00e9galement fr\u00e9quemment diverses masterclasses sur l&#039;analyse et la composition et est invit\u00e9 \u00e0 faire partie du jury pour divers prix de composition.<\/p>\n<\/div>\n<\/div><\/div>\n\n\n<div class=\"woocommerce columns-4\"><ul class=\"products columns-4\">\n<li class=\"desktop-align-left tablet-align-left mobile-align-left ast-product-gallery-layout-horizontal-slider product type-product post-993 status-publish first instock product_cat-sinfonicas product_tag-jose-miguel-fayos-jordan has-post-thumbnail downloadable virtual taxable purchasable product-type-simple\">\n\t<a href=\"https:\/\/www.omnesbands.international\/fr\/produit\/cantares-de-la-nueva-tierra\/\" class=\"woocommerce-LoopProduct-link woocommerce-loop-product__link\"><img loading=\"lazy\" decoding=\"async\" width=\"300\" height=\"300\" src=\"https:\/\/www.omnesbands.international\/wp-content\/uploads\/2023\/01\/Cantares-de-la-Nueva-Tierra-300x300.jpg\" class=\"attachment-woocommerce_thumbnail size-woocommerce_thumbnail\" alt=\"Cantares de la Nueva Tierra\" srcset=\"https:\/\/www.omnesbands.international\/wp-content\/uploads\/2023\/01\/Cantares-de-la-Nueva-Tierra-300x300.jpg 300w, https:\/\/www.omnesbands.international\/wp-content\/uploads\/2023\/01\/Cantares-de-la-Nueva-Tierra-150x150.jpg 150w, https:\/\/www.omnesbands.international\/wp-content\/uploads\/2023\/01\/Cantares-de-la-Nueva-Tierra-100x100.jpg 100w\" sizes=\"auto, (max-width: 300px) 100vw, 300px\" \/><h2 class=\"woocommerce-loop-product__title\">Chants de la Nouvelle Terre<\/h2>\n\t<span class=\"price\"><span class=\"woocommerce-Price-amount amount\"><bdi><span class=\"woocommerce-Price-currencySymbol\">&#36;<\/span>45.00<\/bdi><\/span><\/span>\n<\/a><a href=\"\/fr\/wp-json\/wp\/v2\/pages\/1699?add-to-cart=993\" aria-describedby=\"woocommerce_loop_add_to_cart_link_describedby_993\" data-quantity=\"1\" class=\"button product_type_simple add_to_cart_button ajax_add_to_cart\" data-product_id=\"993\" data-product_sku=\"CAN-SIN-ESP-22\" aria-label=\"Ajouter au panier : \u00ab Cantares de la Nueva Tierra \u00bb\" rel=\"nofollow\" data-success_message=\"\u00ab\u00a0Cantares de la Nueva Tierra\u00a0\u00bb a \u00e9t\u00e9 ajout\u00e9 \u00e0 votre panier\" role=\"button\" data-no-translation=\"\" data-trp-gettext=\"\" data-no-translation-aria-label=\"\" data-no-translation-data-success_message=\"\">Ajouter au panier<\/a>\t<span id=\"woocommerce_loop_add_to_cart_link_describedby_993\" class=\"screen-reader-text\">\n\t\t\t<\/span>\n<\/li>\n<li class=\"desktop-align-left tablet-align-left mobile-align-left ast-product-gallery-layout-horizontal-slider product type-product post-1071 status-publish instock product_cat-musica-de-calle product_tag-jose-miguel-fayos-jordan has-post-thumbnail downloadable virtual taxable purchasable product-type-simple\">\n\t<a href=\"https:\/\/www.omnesbands.international\/fr\/produit\/canticum\/\" class=\"woocommerce-LoopProduct-link woocommerce-loop-product__link\"><img loading=\"lazy\" decoding=\"async\" width=\"300\" height=\"300\" src=\"https:\/\/www.omnesbands.international\/wp-content\/uploads\/2023\/01\/Canticum-300x300.jpg\" class=\"attachment-woocommerce_thumbnail size-woocommerce_thumbnail\" alt=\"Canticum\" srcset=\"https:\/\/www.omnesbands.international\/wp-content\/uploads\/2023\/01\/Canticum-300x300.jpg 300w, https:\/\/www.omnesbands.international\/wp-content\/uploads\/2023\/01\/Canticum-150x150.jpg 150w, https:\/\/www.omnesbands.international\/wp-content\/uploads\/2023\/01\/Canticum-100x100.jpg 100w\" sizes=\"auto, (max-width: 300px) 100vw, 300px\" \/><h2 class=\"woocommerce-loop-product__title\">Cantique<\/h2>\n\t<span class=\"price\"><span class=\"woocommerce-Price-amount amount\"><bdi><span class=\"woocommerce-Price-currencySymbol\">&#36;<\/span>25.00<\/bdi><\/span><\/span>\n<\/a><a href=\"\/fr\/wp-json\/wp\/v2\/pages\/1699?add-to-cart=1071\" aria-describedby=\"woocommerce_loop_add_to_cart_link_describedby_1071\" data-quantity=\"1\" class=\"button product_type_simple add_to_cart_button ajax_add_to_cart\" data-product_id=\"1071\" data-product_sku=\"CAN-CAL-ESP-22\" aria-label=\"Ajouter au panier : \u00ab Canticum \u00bb\" rel=\"nofollow\" data-success_message=\"\u00ab\u00a0Canticum\u00a0\u00bb a \u00e9t\u00e9 ajout\u00e9 \u00e0 votre panier\" role=\"button\" data-no-translation=\"\" data-trp-gettext=\"\" data-no-translation-aria-label=\"\" data-no-translation-data-success_message=\"\">Ajouter au panier<\/a>\t<span id=\"woocommerce_loop_add_to_cart_link_describedby_1071\" class=\"screen-reader-text\">\n\t\t\t<\/span>\n<\/li>\n<\/ul>\n<\/div>","protected":false},"excerpt":{"rendered":"<p>JOS\u00c9 MIGUEL FAYOS JORD\u00c1N Natural de Chella (Valencia). Realiza sus estudios en el Conservatorio Superior de M\u00fasica \u201cJoaqu\u00edn Rodrigo\u201d\u009d de Valencia donde obtiene el t\u00edtulo de Profesor Superior de Composici\u00f3n culminando su carrera con el \u201cPremio extraordinario\u201d\u009d. Entre algunos de sus maestros destacan: R. Ramos, G. Jim\u00e9nez, E. Sanz-Burguete, C. Cano, E. Caland\u00edn y F. [&hellip;]<\/p>\n","protected":false},"author":4,"featured_media":0,"parent":0,"menu_order":0,"comment_status":"closed","ping_status":"closed","template":"","meta":{"_acf_changed":false,"_uag_custom_page_level_css":"","site-sidebar-layout":"default","site-content-layout":"","ast-site-content-layout":"default","site-content-style":"default","site-sidebar-style":"default","ast-global-header-display":"","ast-banner-title-visibility":"","ast-main-header-display":"","ast-hfb-above-header-display":"","ast-hfb-below-header-display":"","ast-hfb-mobile-header-display":"","site-post-title":"disabled","ast-breadcrumbs-content":"","ast-featured-img":"","footer-sml-layout":"","ast-disable-related-posts":"","theme-transparent-header-meta":"","adv-header-id-meta":"","stick-header-meta":"","header-above-stick-meta":"","header-main-stick-meta":"","header-below-stick-meta":"","astra-migrate-meta-layouts":"default","ast-page-background-enabled":"default","ast-page-background-meta":{"desktop":{"background-color":"","background-image":"","background-repeat":"repeat","background-position":"center center","background-size":"auto","background-attachment":"scroll","background-type":"","background-media":"","overlay-type":"","overlay-color":"","overlay-opacity":"","overlay-gradient":""},"tablet":{"background-color":"","background-image":"","background-repeat":"repeat","background-position":"center center","background-size":"auto","background-attachment":"scroll","background-type":"","background-media":"","overlay-type":"","overlay-color":"","overlay-opacity":"","overlay-gradient":""},"mobile":{"background-color":"","background-image":"","background-repeat":"repeat","background-position":"center center","background-size":"auto","background-attachment":"scroll","background-type":"","background-media":"","overlay-type":"","overlay-color":"","overlay-opacity":"","overlay-gradient":""}},"ast-content-background-meta":{"desktop":{"background-color":"var(--ast-global-color-5)","background-image":"","background-repeat":"repeat","background-position":"center center","background-size":"auto","background-attachment":"scroll","background-type":"","background-media":"","overlay-type":"","overlay-color":"","overlay-opacity":"","overlay-gradient":""},"tablet":{"background-color":"var(--ast-global-color-5)","background-image":"","background-repeat":"repeat","background-position":"center center","background-size":"auto","background-attachment":"scroll","background-type":"","background-media":"","overlay-type":"","overlay-color":"","overlay-opacity":"","overlay-gradient":""},"mobile":{"background-color":"var(--ast-global-color-5)","background-image":"","background-repeat":"repeat","background-position":"center center","background-size":"auto","background-attachment":"scroll","background-type":"","background-media":"","overlay-type":"","overlay-color":"","overlay-opacity":"","overlay-gradient":""}},"footnotes":""},"class_list":["post-1699","page","type-page","status-publish","hentry"],"acf":[],"yoast_head":"<!-- This site is optimized with the Yoast SEO Premium plugin v22.4 (Yoast SEO v27.4) - https:\/\/yoast.com\/product\/yoast-seo-premium-wordpress\/ -->\n<title>JOS\u00c9 MIGUEL FAYOS JORD\u00c1N -<\/title>\n<meta name=\"robots\" content=\"index, follow, max-snippet:-1, max-image-preview:large, max-video-preview:-1\" \/>\n<link rel=\"canonical\" href=\"https:\/\/www.omnesbands.international\/fr\/jose-miguel-fayos-jordan-2\/\" \/>\n<meta property=\"og:locale\" content=\"fr_FR\" \/>\n<meta property=\"og:type\" content=\"article\" \/>\n<meta property=\"og:title\" content=\"JOS\u00c9 MIGUEL FAYOS JORD\u00c1N\" \/>\n<meta property=\"og:description\" content=\"JOS\u00c9 MIGUEL FAYOS JORD\u00c1N Natural de Chella (Valencia). Realiza sus estudios en el Conservatorio Superior de M\u00fasica \u201cJoaqu\u00edn Rodrigo\u201d\u009d de Valencia donde obtiene el t\u00edtulo de Profesor Superior de Composici\u00f3n culminando su carrera con el \u201cPremio extraordinario\u201d\u009d. Entre algunos de sus maestros destacan: R. Ramos, G. Jim\u00e9nez, E. Sanz-Burguete, C. Cano, E. Caland\u00edn y F. [&hellip;]\" \/>\n<meta property=\"og:url\" content=\"https:\/\/www.omnesbands.international\/fr\/jose-miguel-fayos-jordan-2\/\" \/>\n<meta property=\"article:modified_time\" content=\"2023-01-29T04:04:52+00:00\" \/>\n<meta property=\"og:image\" content=\"https:\/\/www.omnesbands.international\/wp-content\/uploads\/2023\/01\/music-sheet-music-snowdrop-7107045.jpg\" \/>\n\t<meta property=\"og:image:width\" content=\"1280\" \/>\n\t<meta property=\"og:image:height\" content=\"742\" \/>\n\t<meta property=\"og:image:type\" content=\"image\/jpeg\" \/>\n<meta name=\"twitter:card\" content=\"summary_large_image\" \/>\n<meta name=\"twitter:label1\" content=\"Dur\u00e9e de lecture estim\u00e9e\" \/>\n\t<meta name=\"twitter:data1\" content=\"3 minutes\" \/>\n<script type=\"application\/ld+json\" class=\"yoast-schema-graph\">{\"@context\":\"https:\\\/\\\/schema.org\",\"@graph\":[{\"@type\":\"WebPage\",\"@id\":\"https:\\\/\\\/www.omnesbands.international\\\/jose-miguel-fayos-jordan-2\\\/\",\"url\":\"https:\\\/\\\/www.omnesbands.international\\\/jose-miguel-fayos-jordan-2\\\/\",\"name\":\"JOS\u00c9 MIGUEL FAYOS JORD\u00c1N -\",\"isPartOf\":{\"@id\":\"https:\\\/\\\/www.omnesbands.international\\\/#website\"},\"datePublished\":\"2023-01-29T04:04:22+00:00\",\"dateModified\":\"2023-01-29T04:04:52+00:00\",\"breadcrumb\":{\"@id\":\"https:\\\/\\\/www.omnesbands.international\\\/jose-miguel-fayos-jordan-2\\\/#breadcrumb\"},\"inLanguage\":\"fr-FR\",\"potentialAction\":[{\"@type\":\"ReadAction\",\"target\":[\"https:\\\/\\\/www.omnesbands.international\\\/jose-miguel-fayos-jordan-2\\\/\"]}]},{\"@type\":\"BreadcrumbList\",\"@id\":\"https:\\\/\\\/www.omnesbands.international\\\/jose-miguel-fayos-jordan-2\\\/#breadcrumb\",\"itemListElement\":[{\"@type\":\"ListItem\",\"position\":1,\"name\":\"Portada\",\"item\":\"https:\\\/\\\/www.omnesbands.international\\\/\"},{\"@type\":\"ListItem\",\"position\":2,\"name\":\"JOS\u00c9 MIGUEL FAYOS JORD\u00c1N\"}]},{\"@type\":\"WebSite\",\"@id\":\"https:\\\/\\\/www.omnesbands.international\\\/#website\",\"url\":\"https:\\\/\\\/www.omnesbands.international\\\/\",\"name\":\"OMNESBANDS International\",\"description\":\"Partituras Originales de autores y compositores independientes\",\"publisher\":{\"@id\":\"https:\\\/\\\/www.omnesbands.international\\\/#organization\"},\"potentialAction\":[{\"@type\":\"SearchAction\",\"target\":{\"@type\":\"EntryPoint\",\"urlTemplate\":\"https:\\\/\\\/www.omnesbands.international\\\/?s={search_term_string}\"},\"query-input\":{\"@type\":\"PropertyValueSpecification\",\"valueRequired\":true,\"valueName\":\"search_term_string\"}}],\"inLanguage\":\"fr-FR\"},{\"@type\":\"Organization\",\"@id\":\"https:\\\/\\\/www.omnesbands.international\\\/#organization\",\"name\":\"Indra Consultores Internacionales\",\"alternateName\":\"Omnesbands\",\"url\":\"https:\\\/\\\/www.omnesbands.international\\\/\",\"logo\":{\"@type\":\"ImageObject\",\"inLanguage\":\"fr-FR\",\"@id\":\"https:\\\/\\\/www.omnesbands.international\\\/#\\\/schema\\\/logo\\\/image\\\/\",\"url\":\"https:\\\/\\\/omnesbands.international\\\/wp-content\\\/uploads\\\/2023\\\/06\\\/Logo-Nuevo-.png\",\"contentUrl\":\"https:\\\/\\\/omnesbands.international\\\/wp-content\\\/uploads\\\/2023\\\/06\\\/Logo-Nuevo-.png\",\"width\":394,\"height\":212,\"caption\":\"Indra Consultores Internacionales\"},\"image\":{\"@id\":\"https:\\\/\\\/www.omnesbands.international\\\/#\\\/schema\\\/logo\\\/image\\\/\"}}]}<\/script>\n<!-- \/ Yoast SEO Premium plugin. -->","yoast_head_json":{"title":"JOS\u00c9 MIGUEL FAYOS JORD\u00c1N -","robots":{"index":"index","follow":"follow","max-snippet":"max-snippet:-1","max-image-preview":"max-image-preview:large","max-video-preview":"max-video-preview:-1"},"canonical":"https:\/\/www.omnesbands.international\/fr\/jose-miguel-fayos-jordan-2\/","og_locale":"fr_FR","og_type":"article","og_title":"JOS\u00c9 MIGUEL FAYOS JORD\u00c1N","og_description":"JOS\u00c9 MIGUEL FAYOS JORD\u00c1N Natural de Chella (Valencia). Realiza sus estudios en el Conservatorio Superior de M\u00fasica \u201cJoaqu\u00edn Rodrigo\u201d\u009d de Valencia donde obtiene el t\u00edtulo de Profesor Superior de Composici\u00f3n culminando su carrera con el \u201cPremio extraordinario\u201d\u009d. Entre algunos de sus maestros destacan: R. Ramos, G. Jim\u00e9nez, E. Sanz-Burguete, C. Cano, E. Caland\u00edn y F. [&hellip;]","og_url":"https:\/\/www.omnesbands.international\/fr\/jose-miguel-fayos-jordan-2\/","article_modified_time":"2023-01-29T04:04:52+00:00","og_image":[{"width":1280,"height":742,"url":"https:\/\/www.omnesbands.international\/wp-content\/uploads\/2023\/01\/music-sheet-music-snowdrop-7107045.jpg","type":"image\/jpeg"}],"twitter_card":"summary_large_image","twitter_misc":{"Dur\u00e9e de lecture estim\u00e9e":"3 minutes"},"schema":{"@context":"https:\/\/schema.org","@graph":[{"@type":"WebPage","@id":"https:\/\/www.omnesbands.international\/jose-miguel-fayos-jordan-2\/","url":"https:\/\/www.omnesbands.international\/jose-miguel-fayos-jordan-2\/","name":"JOS\u00c9 MIGUEL FAYOS JORD\u00c1N -","isPartOf":{"@id":"https:\/\/www.omnesbands.international\/#website"},"datePublished":"2023-01-29T04:04:22+00:00","dateModified":"2023-01-29T04:04:52+00:00","breadcrumb":{"@id":"https:\/\/www.omnesbands.international\/jose-miguel-fayos-jordan-2\/#breadcrumb"},"inLanguage":"fr-FR","potentialAction":[{"@type":"ReadAction","target":["https:\/\/www.omnesbands.international\/jose-miguel-fayos-jordan-2\/"]}]},{"@type":"BreadcrumbList","@id":"https:\/\/www.omnesbands.international\/jose-miguel-fayos-jordan-2\/#breadcrumb","itemListElement":[{"@type":"ListItem","position":1,"name":"Portada","item":"https:\/\/www.omnesbands.international\/"},{"@type":"ListItem","position":2,"name":"JOS\u00c9 MIGUEL FAYOS JORD\u00c1N"}]},{"@type":"WebSite","@id":"https:\/\/www.omnesbands.international\/#website","url":"https:\/\/www.omnesbands.international\/","name":"OMNESBANDS International","description":"Partitions originales d&#039;auteurs et compositeurs ind\u00e9pendants","publisher":{"@id":"https:\/\/www.omnesbands.international\/#organization"},"potentialAction":[{"@type":"SearchAction","target":{"@type":"EntryPoint","urlTemplate":"https:\/\/www.omnesbands.international\/?s={search_term_string}"},"query-input":{"@type":"PropertyValueSpecification","valueRequired":true,"valueName":"search_term_string"}}],"inLanguage":"fr-FR"},{"@type":"Organization","@id":"https:\/\/www.omnesbands.international\/#organization","name":"Indra Consultants Internationaux","alternateName":"Omnesbands","url":"https:\/\/www.omnesbands.international\/","logo":{"@type":"ImageObject","inLanguage":"fr-FR","@id":"https:\/\/www.omnesbands.international\/#\/schema\/logo\/image\/","url":"https:\/\/omnesbands.international\/wp-content\/uploads\/2023\/06\/Logo-Nuevo-.png","contentUrl":"https:\/\/omnesbands.international\/wp-content\/uploads\/2023\/06\/Logo-Nuevo-.png","width":394,"height":212,"caption":"Indra Consultores Internacionales"},"image":{"@id":"https:\/\/www.omnesbands.international\/#\/schema\/logo\/image\/"}}]}},"uagb_featured_image_src":{"full":false,"thumbnail":false,"medium":false,"medium_large":false,"large":false,"1536x1536":false,"2048x2048":false,"trp-custom-language-flag":false,"gg_gallery_thumbnail":false,"woocommerce_thumbnail":false,"woocommerce_single":false,"woocommerce_gallery_thumbnail":false},"uagb_author_info":{"display_name":"Melvin R. Portillo A:","author_link":"https:\/\/www.omnesbands.international\/fr\/author\/portand\/"},"uagb_comment_info":0,"uagb_excerpt":"JOS\u00c9 MIGUEL FAYOS JORD\u00c1N Natural de Chella (Valencia). Realiza sus estudios en el Conservatorio Superior de M\u00fasica \u201cJoaqu\u00edn Rodrigo\u201d\u009d de Valencia donde obtiene el t\u00edtulo de Profesor Superior de Composici\u00f3n culminando su carrera con el \u201cPremio extraordinario\u201d\u009d. Entre algunos de sus maestros destacan: R. Ramos, G. Jim\u00e9nez, E. Sanz-Burguete, C. Cano, E. Caland\u00edn y F.\u2026","_links":{"self":[{"href":"https:\/\/www.omnesbands.international\/fr\/wp-json\/wp\/v2\/pages\/1699","targetHints":{"allow":["GET"]}}],"collection":[{"href":"https:\/\/www.omnesbands.international\/fr\/wp-json\/wp\/v2\/pages"}],"about":[{"href":"https:\/\/www.omnesbands.international\/fr\/wp-json\/wp\/v2\/types\/page"}],"author":[{"embeddable":true,"href":"https:\/\/www.omnesbands.international\/fr\/wp-json\/wp\/v2\/users\/4"}],"replies":[{"embeddable":true,"href":"https:\/\/www.omnesbands.international\/fr\/wp-json\/wp\/v2\/comments?post=1699"}],"version-history":[{"count":2,"href":"https:\/\/www.omnesbands.international\/fr\/wp-json\/wp\/v2\/pages\/1699\/revisions"}],"predecessor-version":[{"id":1701,"href":"https:\/\/www.omnesbands.international\/fr\/wp-json\/wp\/v2\/pages\/1699\/revisions\/1701"}],"wp:attachment":[{"href":"https:\/\/www.omnesbands.international\/fr\/wp-json\/wp\/v2\/media?parent=1699"}],"curies":[{"name":"wp","href":"https:\/\/api.w.org\/{rel}","templated":true}]}}