{"id":1711,"date":"2023-01-28T22:22:39","date_gmt":"2023-01-29T04:22:39","guid":{"rendered":"https:\/\/omnesbands.international\/?page_id=1711"},"modified":"2023-01-28T22:23:16","modified_gmt":"2023-01-29T04:23:16","slug":"jose-urena-eiras-2","status":"publish","type":"page","link":"https:\/\/www.omnesbands.international\/fr\/jose-urena-eiras-2\/","title":{"rendered":"JOSE URE\u00d1A EIRAS"},"content":{"rendered":"<div class=\"wp-block-uagb-container uagb-block-c1f2230c alignfull uagb-is-root-container\"><div class=\"uagb-container-inner-blocks-wrap\">\n<div class=\"wp-block-uagb-advanced-heading uagb-block-afdcf47e\"><h1 class=\"uagb-heading-text\"><strong>JOSE URE\u00d1A EIRAS<\/strong><\/h1><\/div>\n<\/div><\/div>\n\n\n\n<div class=\"wp-block-uagb-container uagb-block-7cea9a94 alignfull uagb-is-root-container\"><div class=\"uagb-container-inner-blocks-wrap\">\n<div class=\"wp-block-uagb-container uagb-block-ee22586f\">\n<p>Il est n\u00e9 \u00e0 Ontinyent (Valence) en 1984. Il a commenc\u00e9 ses \u00e9tudes musicales au Conservatoire &quot;Jos\u00e9 Melchor Gomis&quot; d&#039;Ontinyent o\u00f9 il a \u00e9tudi\u00e9 \u00e0 l&#039;\u00e9cole primaire. Il a poursuivi ses \u00e9tudes au Conservatoire Professionnel &quot;Mestre Vert&quot; de Carcaixent, o\u00f9 il a suivi le Dipl\u00f4me Interm\u00e9diaire de trompette, sous la tutelle du professeur de trompette Salvador Albert, soulignant, entre autres, l&#039;enseignement des professeurs Oscar Creus, Enrique Hernandis et Francisco Javier C\u00f4te (Harmonie, Analyse et Fondamentaux de la composition).<\/p>\n<p>Plus tard, il a \u00e9tudi\u00e9 les sp\u00e9cialit\u00e9s de direction de ch\u0153ur au Conservatoire Royal de Musique de Madrid, avec le maestro Adri\u00e1n Cobo, et la direction d&#039;orchestre, avec les maestros Antonio Moya et Mercedes Padilla, terminant les deux sp\u00e9cialit\u00e9s avec les meilleures notes. Il \u00e9tudie \u00e9galement la composition, avec les professeurs Manuel Seco et Zulema de la Cruz, entre autres.<\/p>\n<p>Il a suivi des cours de trompette avec les professeurs Benjam\u00edn Moreno et Eric Aubier, avec lesquels il a obtenu des notes exceptionnelles aux \u00e9valuations finales pendant deux ann\u00e9es cons\u00e9cutives. Il suit \u00e9galement des cours d&#039;harmonie et de base de composition avec le maestro Salvador Chuli\u00e1, o\u00f9 il est \u00e9galement charg\u00e9 de l&#039;\u0153uvre de cl\u00f4ture du XVIIe Cours international de musique de Benidorm. Il \u00e9tudie le contrepoint et la composition avec le maestro Enrique Hernandis, et depuis 2005 dans de nombreux cours de perfectionnement musical, il \u00e9tudie la direction d&#039;orchestre avec le distingu\u00e9 maestro Enrique Garc\u00eda Asensio, \u00e9tant l&#039;un de ses \u00e9l\u00e8ves pr\u00e9f\u00e9r\u00e9s, ainsi que son professeur assistant dans divers cours.<\/p>\n<p>Depuis 1997, il appartient \u00e0 la Societat Uni\u00f3 Art\u00edstica Musical de Ontinyent, o\u00f9 il a \u00e9t\u00e9 directeur de l&#039;un des groupes de chambre appartenant \u00e0 l&#039;entit\u00e9, directeur de son \u00e9cole de musique, ainsi que directeur de son orchestre et de sa chorale, professeur de langue musicale, trompette, chant, harmonie, etc., en plus d&#039;\u00eatre directeur adjoint du groupe de musique et plus tard pr\u00e9sident de l&#039;entit\u00e9. Il a \u00e9t\u00e9 directeur de la rondalla et du ch\u0153ur du CEAM d&#039;Ontinyent, ainsi que directeur de l&#039;Association Chorale de la m\u00eame municipalit\u00e9. Il a \u00e9galement \u00e9t\u00e9 professeur de trompette \u00e0 l&#039;\u00e9cole de musique de la soci\u00e9t\u00e9 musicale &quot;Vila de Bocairent&quot;. Il a \u00e9galement \u00e9t\u00e9 professeur de musique dans les activit\u00e9s parascolaires \u00e0 l&#039;\u00e9cole La Concepci\u00f3n de Ontinyent et professeur de langage musical \u00e0 l&#039;\u00e9cole Mater Salvatoris de Madrid et \u00e0 l&#039;acad\u00e9mie de musique 4 Strings de ladite ville. Au cours de l&#039;ann\u00e9e acad\u00e9mique 2014\/2015, il a \u00e9t\u00e9 directeur du ch\u0153ur municipal de Valdeluz (Guadalajara).<\/p>\n<p>De juillet 2004 \u00e0 janvier 2014, il a \u00e9t\u00e9 chef principal du groupe symphonique de l&#039;Agrupaci\u00f3-Escola Musical &quot;La Nova&quot; de l&#039;Oller\u00eda, avec lequel il a r\u00e9alis\u00e9 de grandes r\u00e9alisations et succ\u00e8s tout au long de ses presque dix ans \u00e0 la t\u00eate. \u00e9tant le directeur et professeur de son \u00e9cole de musique dans diverses mati\u00e8res. De f\u00e9vrier 2006 \u00e0 d\u00e9cembre 2013, il a \u00e9t\u00e9 directeur du ch\u0153ur polyphonique \u00ab Arpa d&#039;Or \u00bb d&#039;Alc\u00e1ntera de Xuquer, et de juin 2012 \u00e0 d\u00e9cembre 2013 directeur du ch\u0153ur \u00ab Nou Orfe\u00f3 \u00bb d&#039;Ontinyent.<\/p>\n<p>Il a \u00e9t\u00e9 invit\u00e9 \u00e0 diriger de nombreux groupes et ch\u0153urs dans toute la g\u00e9ographie espagnole, soulignant son activit\u00e9 dans la Communaut\u00e9 valencienne, la Catalogne, la Castille-La Manche, la Castille et Le\u00f3n, la Communaut\u00e9 de Madrid et l&#039;Andalousie.<\/p>\n<p>Au cours de l&#039;ann\u00e9e acad\u00e9mique 2014\/2015, il a \u00e9t\u00e9 professeur de la sp\u00e9cialit\u00e9 de direction d&#039;orchestre au Conservatoire Sup\u00e9rieur de Musique de Castilla-La Mancha, \u00e9tant la premi\u00e8re fois que cette sp\u00e9cialit\u00e9 \u00e9tait enseign\u00e9e dans un conservatoire officiel espagnol, et il \u00e9tait le premier enseignant qui tenait ce fauteuil.<\/p>\n<p>Il est actuellement professeur de ch\u0153ur et d&#039;orchestre \u00e0 l&#039;\u00e9cole de musique municipale &quot;Luigi Boccherini&quot; \u00e0 Arenas de San Pedro (\u00c1vila) et professeur de ch\u0153ur au conservatoire de musique professionnel &quot;Ram\u00f3n Garay&quot; de Ja\u00e9n.<\/p>\n<p>En tant que compositeur, il a \u00e0 son actif plus de 40 oeuvres musicales de tous styles et pour tous types de formations. Sa musique a \u00e9t\u00e9 jou\u00e9e dans toute la g\u00e9ographie espagnole, ainsi qu&#039;aux \u00c9tats-Unis.<\/p>\n<\/div>\n<\/div><\/div>\n\n\n<div class=\"woocommerce columns-4\"><ul class=\"products columns-4\">\n<li class=\"desktop-align-left tablet-align-left mobile-align-left ast-product-gallery-layout-horizontal-slider product type-product post-1105 status-publish first instock product_cat-pasodobles product_tag-jose-urena-eiras has-post-thumbnail downloadable virtual taxable purchasable product-type-simple\">\n\t<a href=\"https:\/\/www.omnesbands.international\/fr\/produit\/ambaixadors-de-la-festa\/\" class=\"woocommerce-LoopProduct-link woocommerce-loop-product__link\"><img loading=\"lazy\" decoding=\"async\" width=\"300\" height=\"300\" src=\"https:\/\/www.omnesbands.international\/wp-content\/uploads\/2023\/01\/Ambaixadors-de-la-Festa-2-300x300.jpg\" class=\"attachment-woocommerce_thumbnail size-woocommerce_thumbnail\" alt=\"Ambaixadors de la Festa\" srcset=\"https:\/\/www.omnesbands.international\/wp-content\/uploads\/2023\/01\/Ambaixadors-de-la-Festa-2-300x300.jpg 300w, https:\/\/www.omnesbands.international\/wp-content\/uploads\/2023\/01\/Ambaixadors-de-la-Festa-2-150x150.jpg 150w, https:\/\/www.omnesbands.international\/wp-content\/uploads\/2023\/01\/Ambaixadors-de-la-Festa-2-11x12.jpg 11w, https:\/\/www.omnesbands.international\/wp-content\/uploads\/2023\/01\/Ambaixadors-de-la-Festa-2-100x100.jpg 100w\" sizes=\"auto, (max-width: 300px) 100vw, 300px\" \/><h2 class=\"woocommerce-loop-product__title\">Ambassadeurs du festival<\/h2>\n\t<span class=\"price\"><span class=\"woocommerce-Price-amount amount\"><bdi><span class=\"woocommerce-Price-currencySymbol\">&#36;<\/span>25.00<\/bdi><\/span><\/span>\n<\/a><a href=\"\/fr\/wp-json\/wp\/v2\/pages\/1711?add-to-cart=1105\" aria-describedby=\"woocommerce_loop_add_to_cart_link_describedby_1105\" data-quantity=\"1\" class=\"button product_type_simple add_to_cart_button ajax_add_to_cart\" data-product_id=\"1105\" data-product_sku=\"AMB-PAS-ESP-22\" aria-label=\"Ajouter au panier : \u00ab Ambaixadors de la Festa \u00bb\" rel=\"nofollow\" data-success_message=\"\u00ab\u00a0Ambaixadors de la Festa\u00a0\u00bb a \u00e9t\u00e9 ajout\u00e9 \u00e0 votre panier\" role=\"button\" data-no-translation=\"\" data-trp-gettext=\"\" data-no-translation-aria-label=\"\" data-no-translation-data-success_message=\"\">Ajouter au panier<\/a>\t<span id=\"woocommerce_loop_add_to_cart_link_describedby_1105\" class=\"screen-reader-text\">\n\t\t\t<\/span>\n<\/li>\n<li class=\"desktop-align-left tablet-align-left mobile-align-left ast-product-gallery-layout-horizontal-slider product type-product post-1304 status-publish instock product_cat-pasodobles product_tag-jose-urena-eiras has-post-thumbnail downloadable virtual taxable purchasable product-type-simple\">\n\t<a href=\"https:\/\/www.omnesbands.international\/fr\/produit\/cor-de-festa\/\" class=\"woocommerce-LoopProduct-link woocommerce-loop-product__link\"><img loading=\"lazy\" decoding=\"async\" width=\"300\" height=\"300\" src=\"https:\/\/www.omnesbands.international\/wp-content\/uploads\/2023\/01\/cor-de-festa-1-300x300.jpg\" class=\"attachment-woocommerce_thumbnail size-woocommerce_thumbnail\" alt=\"cor de festa\" srcset=\"https:\/\/www.omnesbands.international\/wp-content\/uploads\/2023\/01\/cor-de-festa-1-300x300.jpg 300w, https:\/\/www.omnesbands.international\/wp-content\/uploads\/2023\/01\/cor-de-festa-1-150x150.jpg 150w, https:\/\/www.omnesbands.international\/wp-content\/uploads\/2023\/01\/cor-de-festa-1-11x12.jpg 11w, https:\/\/www.omnesbands.international\/wp-content\/uploads\/2023\/01\/cor-de-festa-1-100x100.jpg 100w\" sizes=\"auto, (max-width: 300px) 100vw, 300px\" \/><h2 class=\"woocommerce-loop-product__title\">chorale de f\u00eate<\/h2>\n\t<span class=\"price\"><span class=\"woocommerce-Price-amount amount\"><bdi><span class=\"woocommerce-Price-currencySymbol\">&#36;<\/span>25.00<\/bdi><\/span><\/span>\n<\/a><a href=\"\/fr\/wp-json\/wp\/v2\/pages\/1711?add-to-cart=1304\" aria-describedby=\"woocommerce_loop_add_to_cart_link_describedby_1304\" data-quantity=\"1\" class=\"button product_type_simple add_to_cart_button ajax_add_to_cart\" data-product_id=\"1304\" data-product_sku=\"COR-PAS-ESP-22\" aria-label=\"Ajouter au panier : \u00ab Cor de Festa \u00bb\" rel=\"nofollow\" data-success_message=\"\u00ab\u00a0Cor de Festa\u00a0\u00bb a \u00e9t\u00e9 ajout\u00e9 \u00e0 votre panier\" role=\"button\" data-no-translation=\"\" data-trp-gettext=\"\" data-no-translation-aria-label=\"\" data-no-translation-data-success_message=\"\">Ajouter au panier<\/a>\t<span id=\"woocommerce_loop_add_to_cart_link_describedby_1304\" class=\"screen-reader-text\">\n\t\t\t<\/span>\n<\/li>\n<\/ul>\n<\/div>","protected":false},"excerpt":{"rendered":"<p>JOS\u00c9 URE\u00d1A EIRAS Nace en Ontinyent (Valencia) en 1984. Inicia sus estudios musicales en el Conservatorio \u201cJos\u00e9 Melchor Gomis\u201d de Ontinyent donde cursa el Grado elemental. Continua sus estudios en el Conservatorio Profesional \u201cMestre Vert\u201d de Carcaixent, donde cursa el Grado Medio de trompeta, bajo la tutela del profesor de trompeta Salvador Albert, destacando, entre [&hellip;]<\/p>\n","protected":false},"author":4,"featured_media":0,"parent":0,"menu_order":0,"comment_status":"closed","ping_status":"closed","template":"","meta":{"_acf_changed":false,"_uag_custom_page_level_css":"","site-sidebar-layout":"default","site-content-layout":"","ast-site-content-layout":"default","site-content-style":"default","site-sidebar-style":"default","ast-global-header-display":"","ast-banner-title-visibility":"","ast-main-header-display":"","ast-hfb-above-header-display":"","ast-hfb-below-header-display":"","ast-hfb-mobile-header-display":"","site-post-title":"disabled","ast-breadcrumbs-content":"","ast-featured-img":"","footer-sml-layout":"","ast-disable-related-posts":"","theme-transparent-header-meta":"","adv-header-id-meta":"","stick-header-meta":"","header-above-stick-meta":"","header-main-stick-meta":"","header-below-stick-meta":"","astra-migrate-meta-layouts":"default","ast-page-background-enabled":"default","ast-page-background-meta":{"desktop":{"background-color":"","background-image":"","background-repeat":"repeat","background-position":"center center","background-size":"auto","background-attachment":"scroll","background-type":"","background-media":"","overlay-type":"","overlay-color":"","overlay-opacity":"","overlay-gradient":""},"tablet":{"background-color":"","background-image":"","background-repeat":"repeat","background-position":"center center","background-size":"auto","background-attachment":"scroll","background-type":"","background-media":"","overlay-type":"","overlay-color":"","overlay-opacity":"","overlay-gradient":""},"mobile":{"background-color":"","background-image":"","background-repeat":"repeat","background-position":"center center","background-size":"auto","background-attachment":"scroll","background-type":"","background-media":"","overlay-type":"","overlay-color":"","overlay-opacity":"","overlay-gradient":""}},"ast-content-background-meta":{"desktop":{"background-color":"var(--ast-global-color-5)","background-image":"","background-repeat":"repeat","background-position":"center center","background-size":"auto","background-attachment":"scroll","background-type":"","background-media":"","overlay-type":"","overlay-color":"","overlay-opacity":"","overlay-gradient":""},"tablet":{"background-color":"var(--ast-global-color-5)","background-image":"","background-repeat":"repeat","background-position":"center center","background-size":"auto","background-attachment":"scroll","background-type":"","background-media":"","overlay-type":"","overlay-color":"","overlay-opacity":"","overlay-gradient":""},"mobile":{"background-color":"var(--ast-global-color-5)","background-image":"","background-repeat":"repeat","background-position":"center center","background-size":"auto","background-attachment":"scroll","background-type":"","background-media":"","overlay-type":"","overlay-color":"","overlay-opacity":"","overlay-gradient":""}},"footnotes":""},"class_list":["post-1711","page","type-page","status-publish","hentry"],"acf":[],"yoast_head":"<!-- This site is optimized with the Yoast SEO Premium plugin v22.4 (Yoast SEO v27.4) - https:\/\/yoast.com\/product\/yoast-seo-premium-wordpress\/ -->\n<title>JOS\u00c9 URE\u00d1A EIRAS -<\/title>\n<meta name=\"robots\" content=\"index, follow, max-snippet:-1, max-image-preview:large, max-video-preview:-1\" \/>\n<link rel=\"canonical\" href=\"https:\/\/www.omnesbands.international\/fr\/jose-urena-eiras-2\/\" \/>\n<meta property=\"og:locale\" content=\"fr_FR\" \/>\n<meta property=\"og:type\" content=\"article\" \/>\n<meta property=\"og:title\" content=\"JOS\u00c9 URE\u00d1A EIRAS\" \/>\n<meta property=\"og:description\" content=\"JOS\u00c9 URE\u00d1A EIRAS Nace en Ontinyent (Valencia) en 1984. Inicia sus estudios musicales en el Conservatorio \u201cJos\u00e9 Melchor Gomis\u201d de Ontinyent donde cursa el Grado elemental. Continua sus estudios en el Conservatorio Profesional \u201cMestre Vert\u201d de Carcaixent, donde cursa el Grado Medio de trompeta, bajo la tutela del profesor de trompeta Salvador Albert, destacando, entre [&hellip;]\" \/>\n<meta property=\"og:url\" content=\"https:\/\/www.omnesbands.international\/fr\/jose-urena-eiras-2\/\" \/>\n<meta property=\"article:modified_time\" content=\"2023-01-29T04:23:16+00:00\" \/>\n<meta property=\"og:image\" content=\"https:\/\/www.omnesbands.international\/wp-content\/uploads\/2023\/01\/music-sheet-music-snowdrop-7107045.jpg\" \/>\n\t<meta property=\"og:image:width\" content=\"1280\" \/>\n\t<meta property=\"og:image:height\" content=\"742\" \/>\n\t<meta property=\"og:image:type\" content=\"image\/jpeg\" \/>\n<meta name=\"twitter:card\" content=\"summary_large_image\" \/>\n<meta name=\"twitter:label1\" content=\"Dur\u00e9e de lecture estim\u00e9e\" \/>\n\t<meta name=\"twitter:data1\" content=\"3 minutes\" \/>\n<script type=\"application\/ld+json\" class=\"yoast-schema-graph\">{\"@context\":\"https:\\\/\\\/schema.org\",\"@graph\":[{\"@type\":\"WebPage\",\"@id\":\"https:\\\/\\\/www.omnesbands.international\\\/jose-urena-eiras-2\\\/\",\"url\":\"https:\\\/\\\/www.omnesbands.international\\\/jose-urena-eiras-2\\\/\",\"name\":\"JOS\u00c9 URE\u00d1A EIRAS -\",\"isPartOf\":{\"@id\":\"https:\\\/\\\/www.omnesbands.international\\\/#website\"},\"datePublished\":\"2023-01-29T04:22:39+00:00\",\"dateModified\":\"2023-01-29T04:23:16+00:00\",\"breadcrumb\":{\"@id\":\"https:\\\/\\\/www.omnesbands.international\\\/jose-urena-eiras-2\\\/#breadcrumb\"},\"inLanguage\":\"fr-FR\",\"potentialAction\":[{\"@type\":\"ReadAction\",\"target\":[\"https:\\\/\\\/www.omnesbands.international\\\/jose-urena-eiras-2\\\/\"]}]},{\"@type\":\"BreadcrumbList\",\"@id\":\"https:\\\/\\\/www.omnesbands.international\\\/jose-urena-eiras-2\\\/#breadcrumb\",\"itemListElement\":[{\"@type\":\"ListItem\",\"position\":1,\"name\":\"Portada\",\"item\":\"https:\\\/\\\/www.omnesbands.international\\\/\"},{\"@type\":\"ListItem\",\"position\":2,\"name\":\"JOS\u00c9 URE\u00d1A EIRAS\"}]},{\"@type\":\"WebSite\",\"@id\":\"https:\\\/\\\/www.omnesbands.international\\\/#website\",\"url\":\"https:\\\/\\\/www.omnesbands.international\\\/\",\"name\":\"OMNESBANDS International\",\"description\":\"Partituras Originales de autores y compositores independientes\",\"publisher\":{\"@id\":\"https:\\\/\\\/www.omnesbands.international\\\/#organization\"},\"potentialAction\":[{\"@type\":\"SearchAction\",\"target\":{\"@type\":\"EntryPoint\",\"urlTemplate\":\"https:\\\/\\\/www.omnesbands.international\\\/?s={search_term_string}\"},\"query-input\":{\"@type\":\"PropertyValueSpecification\",\"valueRequired\":true,\"valueName\":\"search_term_string\"}}],\"inLanguage\":\"fr-FR\"},{\"@type\":\"Organization\",\"@id\":\"https:\\\/\\\/www.omnesbands.international\\\/#organization\",\"name\":\"Indra Consultores Internacionales\",\"alternateName\":\"Omnesbands\",\"url\":\"https:\\\/\\\/www.omnesbands.international\\\/\",\"logo\":{\"@type\":\"ImageObject\",\"inLanguage\":\"fr-FR\",\"@id\":\"https:\\\/\\\/www.omnesbands.international\\\/#\\\/schema\\\/logo\\\/image\\\/\",\"url\":\"https:\\\/\\\/omnesbands.international\\\/wp-content\\\/uploads\\\/2023\\\/06\\\/Logo-Nuevo-.png\",\"contentUrl\":\"https:\\\/\\\/omnesbands.international\\\/wp-content\\\/uploads\\\/2023\\\/06\\\/Logo-Nuevo-.png\",\"width\":394,\"height\":212,\"caption\":\"Indra Consultores Internacionales\"},\"image\":{\"@id\":\"https:\\\/\\\/www.omnesbands.international\\\/#\\\/schema\\\/logo\\\/image\\\/\"}}]}<\/script>\n<!-- \/ Yoast SEO Premium plugin. -->","yoast_head_json":{"title":"JOS\u00c9 URE\u00d1A EIRAS -","robots":{"index":"index","follow":"follow","max-snippet":"max-snippet:-1","max-image-preview":"max-image-preview:large","max-video-preview":"max-video-preview:-1"},"canonical":"https:\/\/www.omnesbands.international\/fr\/jose-urena-eiras-2\/","og_locale":"fr_FR","og_type":"article","og_title":"JOS\u00c9 URE\u00d1A EIRAS","og_description":"JOS\u00c9 URE\u00d1A EIRAS Nace en Ontinyent (Valencia) en 1984. Inicia sus estudios musicales en el Conservatorio \u201cJos\u00e9 Melchor Gomis\u201d de Ontinyent donde cursa el Grado elemental. Continua sus estudios en el Conservatorio Profesional \u201cMestre Vert\u201d de Carcaixent, donde cursa el Grado Medio de trompeta, bajo la tutela del profesor de trompeta Salvador Albert, destacando, entre [&hellip;]","og_url":"https:\/\/www.omnesbands.international\/fr\/jose-urena-eiras-2\/","article_modified_time":"2023-01-29T04:23:16+00:00","og_image":[{"width":1280,"height":742,"url":"https:\/\/www.omnesbands.international\/wp-content\/uploads\/2023\/01\/music-sheet-music-snowdrop-7107045.jpg","type":"image\/jpeg"}],"twitter_card":"summary_large_image","twitter_misc":{"Dur\u00e9e de lecture estim\u00e9e":"3 minutes"},"schema":{"@context":"https:\/\/schema.org","@graph":[{"@type":"WebPage","@id":"https:\/\/www.omnesbands.international\/jose-urena-eiras-2\/","url":"https:\/\/www.omnesbands.international\/jose-urena-eiras-2\/","name":"JOS\u00c9 URE\u00d1A EIRAS -","isPartOf":{"@id":"https:\/\/www.omnesbands.international\/#website"},"datePublished":"2023-01-29T04:22:39+00:00","dateModified":"2023-01-29T04:23:16+00:00","breadcrumb":{"@id":"https:\/\/www.omnesbands.international\/jose-urena-eiras-2\/#breadcrumb"},"inLanguage":"fr-FR","potentialAction":[{"@type":"ReadAction","target":["https:\/\/www.omnesbands.international\/jose-urena-eiras-2\/"]}]},{"@type":"BreadcrumbList","@id":"https:\/\/www.omnesbands.international\/jose-urena-eiras-2\/#breadcrumb","itemListElement":[{"@type":"ListItem","position":1,"name":"Portada","item":"https:\/\/www.omnesbands.international\/"},{"@type":"ListItem","position":2,"name":"JOS\u00c9 URE\u00d1A EIRAS"}]},{"@type":"WebSite","@id":"https:\/\/www.omnesbands.international\/#website","url":"https:\/\/www.omnesbands.international\/","name":"OMNESBANDS International","description":"Partitions originales d&#039;auteurs et compositeurs ind\u00e9pendants","publisher":{"@id":"https:\/\/www.omnesbands.international\/#organization"},"potentialAction":[{"@type":"SearchAction","target":{"@type":"EntryPoint","urlTemplate":"https:\/\/www.omnesbands.international\/?s={search_term_string}"},"query-input":{"@type":"PropertyValueSpecification","valueRequired":true,"valueName":"search_term_string"}}],"inLanguage":"fr-FR"},{"@type":"Organization","@id":"https:\/\/www.omnesbands.international\/#organization","name":"Indra Consultants Internationaux","alternateName":"Omnesbands","url":"https:\/\/www.omnesbands.international\/","logo":{"@type":"ImageObject","inLanguage":"fr-FR","@id":"https:\/\/www.omnesbands.international\/#\/schema\/logo\/image\/","url":"https:\/\/omnesbands.international\/wp-content\/uploads\/2023\/06\/Logo-Nuevo-.png","contentUrl":"https:\/\/omnesbands.international\/wp-content\/uploads\/2023\/06\/Logo-Nuevo-.png","width":394,"height":212,"caption":"Indra Consultores Internacionales"},"image":{"@id":"https:\/\/www.omnesbands.international\/#\/schema\/logo\/image\/"}}]}},"uagb_featured_image_src":{"full":false,"thumbnail":false,"medium":false,"medium_large":false,"large":false,"1536x1536":false,"2048x2048":false,"trp-custom-language-flag":false,"gg_gallery_thumbnail":false,"woocommerce_thumbnail":false,"woocommerce_single":false,"woocommerce_gallery_thumbnail":false},"uagb_author_info":{"display_name":"Melvin R. Portillo A:","author_link":"https:\/\/www.omnesbands.international\/fr\/author\/portand\/"},"uagb_comment_info":0,"uagb_excerpt":"JOS\u00c9 URE\u00d1A EIRAS Nace en Ontinyent (Valencia) en 1984. Inicia sus estudios musicales en el Conservatorio \u201cJos\u00e9 Melchor Gomis\u201d de Ontinyent donde cursa el Grado elemental. Continua sus estudios en el Conservatorio Profesional \u201cMestre Vert\u201d de Carcaixent, donde cursa el Grado Medio de trompeta, bajo la tutela del profesor de trompeta Salvador Albert, destacando, entre\u2026","_links":{"self":[{"href":"https:\/\/www.omnesbands.international\/fr\/wp-json\/wp\/v2\/pages\/1711","targetHints":{"allow":["GET"]}}],"collection":[{"href":"https:\/\/www.omnesbands.international\/fr\/wp-json\/wp\/v2\/pages"}],"about":[{"href":"https:\/\/www.omnesbands.international\/fr\/wp-json\/wp\/v2\/types\/page"}],"author":[{"embeddable":true,"href":"https:\/\/www.omnesbands.international\/fr\/wp-json\/wp\/v2\/users\/4"}],"replies":[{"embeddable":true,"href":"https:\/\/www.omnesbands.international\/fr\/wp-json\/wp\/v2\/comments?post=1711"}],"version-history":[{"count":2,"href":"https:\/\/www.omnesbands.international\/fr\/wp-json\/wp\/v2\/pages\/1711\/revisions"}],"predecessor-version":[{"id":1713,"href":"https:\/\/www.omnesbands.international\/fr\/wp-json\/wp\/v2\/pages\/1711\/revisions\/1713"}],"wp:attachment":[{"href":"https:\/\/www.omnesbands.international\/fr\/wp-json\/wp\/v2\/media?parent=1711"}],"curies":[{"name":"wp","href":"https:\/\/api.w.org\/{rel}","templated":true}]}}