{"id":1714,"date":"2023-01-28T22:30:01","date_gmt":"2023-01-29T04:30:01","guid":{"rendered":"https:\/\/omnesbands.international\/?page_id=1714"},"modified":"2023-01-28T22:31:26","modified_gmt":"2023-01-29T04:31:26","slug":"josep-escandell-i-vila-2","status":"publish","type":"page","link":"https:\/\/www.omnesbands.international\/fr\/josep-escandell-i-vila-2\/","title":{"rendered":"JOSEP ESCANDELL I VILA"},"content":{"rendered":"<div class=\"wp-block-uagb-container uagb-block-9b1c7a9b alignfull uagb-is-root-container\"><div class=\"uagb-container-inner-blocks-wrap\">\n<div class=\"wp-block-uagb-advanced-heading uagb-block-48241f94\"><h1 class=\"uagb-heading-text\">JOSEP ESCANDELL I VILA<\/h1><\/div>\n<\/div><\/div>\n\n\n\n<div class=\"wp-block-uagb-container uagb-block-e8daab60 alignfull uagb-is-root-container\"><div class=\"uagb-container-inner-blocks-wrap\">\n<div class=\"wp-block-uagb-container uagb-block-2635c99c\">\n<p>Il est n\u00e9 \u00e0 Alzira o\u00f9 il a effectu\u00e9 ses premi\u00e8res \u00e9tudes musicales \u00e0 la Soci\u00e9t\u00e9 Musicale d&#039;Alzira, sous la direction du maestro Francesc Hern\u00e1ndez Guirado. Il \u00e9largit ensuite ses \u00e9tudes secondaires et sup\u00e9rieures avec la sp\u00e9cialit\u00e9 de saxophone et \u00e9tudie \u00e9galement la direction de ch\u0153ur avec le maestro Eduard Cifre, au Conservatoire Sup\u00e9rieur de Musique de Valence. Il a \u00e9galement suivi des cours de musique atonale du XXe si\u00e8cle aupr\u00e8s du compositeur C\u00e9sar Cano. <br>Il convient de souligner la solide formation en harmonie, contrepoint, fugue, composition et direction d&#039;orchestre re\u00e7ue par les professeurs Jos\u00e9 M\u00aa Cervera Lloret et Jos\u00e9 M\u00aa Cervera Collado. Il compl\u00e8te aujourd&#039;hui ses \u00e9tudes de composition et de direction d&#039;orchestre aupr\u00e8s de ce dernier.<br>Il enseigne des cours d&#039;harmonie et d&#039;analyse musicale au Conservatoire Professionnel Plana de Utiel. Il est actuellement directeur principal de l&#039;Ensemble Musical et Culturel Ateneo d&#039;Albalat de la Ribera, o\u00f9 il a remport\u00e9 plusieurs prix, notamment le premier prix et la mention honorable avec la note la plus \u00e9lev\u00e9e du jury de l&#039;Ensemble Musical International de la \u00ab Ciutat de Valencia \u00bb. Concurrence (2001). Il est \u00e9galement le chef principal de l&#039;Orchestre et du Ch\u0153ur des Jeunes de la Soci\u00e9t\u00e9 Musicale d&#039;Alzira et participe en tant que chef invit\u00e9 \u00e0 l&#039;Orchestre de Chambre \u00ab Empord\u00e0 \u00bb, \u00e0 l&#039;Orchestre Symphonique de Logro\u00f1o, \u00e0 l&#039;Orchestre Cervera de Lloret et \u00e0 l&#039;Orchestre Philharmonique de Ploiesti de Roumanie.<\/p>\n<\/div>\n<\/div><\/div>\n\n\n<div class=\"woocommerce columns-4\"><ul class=\"products columns-4\">\n<li class=\"desktop-align-left tablet-align-left mobile-align-left ast-product-gallery-layout-horizontal-slider product type-product post-989 status-publish first instock product_cat-musica-de-calle product_tag-josep-escandell-i-vila has-post-thumbnail downloadable virtual taxable purchasable product-type-simple\">\n\t<a href=\"https:\/\/www.omnesbands.international\/fr\/produit\/al-bal-at\/\" class=\"woocommerce-LoopProduct-link woocommerce-loop-product__link\"><img loading=\"lazy\" decoding=\"async\" width=\"300\" height=\"300\" src=\"https:\/\/www.omnesbands.international\/wp-content\/uploads\/2023\/01\/Al-Bal-at-300x300.jpg\" class=\"attachment-woocommerce_thumbnail size-woocommerce_thumbnail\" alt=\"Al Bal At\" srcset=\"https:\/\/www.omnesbands.international\/wp-content\/uploads\/2023\/01\/Al-Bal-at-300x300.jpg 300w, https:\/\/www.omnesbands.international\/wp-content\/uploads\/2023\/01\/Al-Bal-at-150x150.jpg 150w, https:\/\/www.omnesbands.international\/wp-content\/uploads\/2023\/01\/Al-Bal-at-100x100.jpg 100w\" sizes=\"auto, (max-width: 300px) 100vw, 300px\" \/><h2 class=\"woocommerce-loop-product__title\">Al-Bal At<\/h2>\n\t<span class=\"price\"><span class=\"woocommerce-Price-amount amount\"><bdi><span class=\"woocommerce-Price-currencySymbol\">&#36;<\/span>25.00<\/bdi><\/span><\/span>\n<\/a><a href=\"\/fr\/wp-json\/wp\/v2\/pages\/1714?add-to-cart=989\" aria-describedby=\"woocommerce_loop_add_to_cart_link_describedby_989\" data-quantity=\"1\" class=\"button product_type_simple add_to_cart_button ajax_add_to_cart\" data-product_id=\"989\" data-product_sku=\"BAL-CAL-ESP-22\" aria-label=\"Ajouter au panier : \u00ab Al Bal At \u00bb\" rel=\"nofollow\" data-success_message=\"\u00ab\u00a0Al Bal At\u00a0\u00bb a \u00e9t\u00e9 ajout\u00e9 \u00e0 votre panier\" role=\"button\" data-no-translation=\"\" data-trp-gettext=\"\" data-no-translation-aria-label=\"\" data-no-translation-data-success_message=\"\">Ajouter au panier<\/a>\t<span id=\"woocommerce_loop_add_to_cart_link_describedby_989\" class=\"screen-reader-text\">\n\t\t\t<\/span>\n<\/li>\n<\/ul>\n<\/div>","protected":false},"excerpt":{"rendered":"<p>JOSEP ESCANDELL I VILA Nace en Alzira donde cursa sus primeros estudios musicales en la Sociedad Musical de Alzira, bajo la direcci\u00f3n del maestro Francesc Hern\u00e1ndez Guirado. Ampl\u00eda, posteriormente, sus estudios medios y superiores con la especialidad de saxof\u00f3n, tambi\u00e9n estudia direcci\u00f3n de coro con el maestro Eduard Cifre, en el Conservatorio Superior de M\u00fasica [&hellip;]<\/p>\n","protected":false},"author":4,"featured_media":0,"parent":0,"menu_order":0,"comment_status":"closed","ping_status":"closed","template":"","meta":{"_acf_changed":false,"_uag_custom_page_level_css":"","site-sidebar-layout":"default","site-content-layout":"","ast-site-content-layout":"default","site-content-style":"default","site-sidebar-style":"default","ast-global-header-display":"","ast-banner-title-visibility":"","ast-main-header-display":"","ast-hfb-above-header-display":"","ast-hfb-below-header-display":"","ast-hfb-mobile-header-display":"","site-post-title":"disabled","ast-breadcrumbs-content":"","ast-featured-img":"","footer-sml-layout":"","ast-disable-related-posts":"","theme-transparent-header-meta":"","adv-header-id-meta":"","stick-header-meta":"","header-above-stick-meta":"","header-main-stick-meta":"","header-below-stick-meta":"","astra-migrate-meta-layouts":"default","ast-page-background-enabled":"default","ast-page-background-meta":{"desktop":{"background-color":"","background-image":"","background-repeat":"repeat","background-position":"center center","background-size":"auto","background-attachment":"scroll","background-type":"","background-media":"","overlay-type":"","overlay-color":"","overlay-opacity":"","overlay-gradient":""},"tablet":{"background-color":"","background-image":"","background-repeat":"repeat","background-position":"center center","background-size":"auto","background-attachment":"scroll","background-type":"","background-media":"","overlay-type":"","overlay-color":"","overlay-opacity":"","overlay-gradient":""},"mobile":{"background-color":"","background-image":"","background-repeat":"repeat","background-position":"center center","background-size":"auto","background-attachment":"scroll","background-type":"","background-media":"","overlay-type":"","overlay-color":"","overlay-opacity":"","overlay-gradient":""}},"ast-content-background-meta":{"desktop":{"background-color":"var(--ast-global-color-5)","background-image":"","background-repeat":"repeat","background-position":"center center","background-size":"auto","background-attachment":"scroll","background-type":"","background-media":"","overlay-type":"","overlay-color":"","overlay-opacity":"","overlay-gradient":""},"tablet":{"background-color":"var(--ast-global-color-5)","background-image":"","background-repeat":"repeat","background-position":"center center","background-size":"auto","background-attachment":"scroll","background-type":"","background-media":"","overlay-type":"","overlay-color":"","overlay-opacity":"","overlay-gradient":""},"mobile":{"background-color":"var(--ast-global-color-5)","background-image":"","background-repeat":"repeat","background-position":"center center","background-size":"auto","background-attachment":"scroll","background-type":"","background-media":"","overlay-type":"","overlay-color":"","overlay-opacity":"","overlay-gradient":""}},"footnotes":""},"class_list":["post-1714","page","type-page","status-publish","hentry"],"acf":[],"yoast_head":"<!-- This site is optimized with the Yoast SEO Premium plugin v22.4 (Yoast SEO v27.4) - https:\/\/yoast.com\/product\/yoast-seo-premium-wordpress\/ -->\n<title>JOSEP ESCANDELL I VILA -<\/title>\n<meta name=\"robots\" content=\"index, follow, max-snippet:-1, max-image-preview:large, max-video-preview:-1\" \/>\n<link rel=\"canonical\" href=\"https:\/\/www.omnesbands.international\/fr\/josep-escandell-i-vila-2\/\" \/>\n<meta property=\"og:locale\" content=\"fr_FR\" \/>\n<meta property=\"og:type\" content=\"article\" \/>\n<meta property=\"og:title\" content=\"JOSEP ESCANDELL I VILA\" \/>\n<meta property=\"og:description\" content=\"JOSEP ESCANDELL I VILA Nace en Alzira donde cursa sus primeros estudios musicales en la Sociedad Musical de Alzira, bajo la direcci\u00f3n del maestro Francesc Hern\u00e1ndez Guirado. Ampl\u00eda, posteriormente, sus estudios medios y superiores con la especialidad de saxof\u00f3n, tambi\u00e9n estudia direcci\u00f3n de coro con el maestro Eduard Cifre, en el Conservatorio Superior de M\u00fasica [&hellip;]\" \/>\n<meta property=\"og:url\" content=\"https:\/\/www.omnesbands.international\/fr\/josep-escandell-i-vila-2\/\" \/>\n<meta property=\"article:modified_time\" content=\"2023-01-29T04:31:26+00:00\" \/>\n<meta property=\"og:image\" content=\"https:\/\/www.omnesbands.international\/wp-content\/uploads\/2023\/01\/music-sheet-music-snowdrop-7107045.jpg\" \/>\n\t<meta property=\"og:image:width\" content=\"1280\" \/>\n\t<meta property=\"og:image:height\" content=\"742\" \/>\n\t<meta property=\"og:image:type\" content=\"image\/jpeg\" \/>\n<meta name=\"twitter:card\" content=\"summary_large_image\" \/>\n<meta name=\"twitter:label1\" content=\"Dur\u00e9e de lecture estim\u00e9e\" \/>\n\t<meta name=\"twitter:data1\" content=\"1 minute\" \/>\n<script type=\"application\/ld+json\" class=\"yoast-schema-graph\">{\"@context\":\"https:\\\/\\\/schema.org\",\"@graph\":[{\"@type\":\"WebPage\",\"@id\":\"https:\\\/\\\/www.omnesbands.international\\\/en\\\/josep-escandell-i-vila-2\\\/\",\"url\":\"https:\\\/\\\/www.omnesbands.international\\\/en\\\/josep-escandell-i-vila-2\\\/\",\"name\":\"JOSEP ESCANDELL I VILA -\",\"isPartOf\":{\"@id\":\"https:\\\/\\\/www.omnesbands.international\\\/#website\"},\"datePublished\":\"2023-01-29T04:30:01+00:00\",\"dateModified\":\"2023-01-29T04:31:26+00:00\",\"breadcrumb\":{\"@id\":\"https:\\\/\\\/www.omnesbands.international\\\/en\\\/josep-escandell-i-vila-2\\\/#breadcrumb\"},\"inLanguage\":\"fr-FR\",\"potentialAction\":[{\"@type\":\"ReadAction\",\"target\":[\"https:\\\/\\\/www.omnesbands.international\\\/en\\\/josep-escandell-i-vila-2\\\/\"]}]},{\"@type\":\"BreadcrumbList\",\"@id\":\"https:\\\/\\\/www.omnesbands.international\\\/en\\\/josep-escandell-i-vila-2\\\/#breadcrumb\",\"itemListElement\":[{\"@type\":\"ListItem\",\"position\":1,\"name\":\"Portada\",\"item\":\"https:\\\/\\\/www.omnesbands.international\\\/\"},{\"@type\":\"ListItem\",\"position\":2,\"name\":\"JOSEP ESCANDELL I VILA\"}]},{\"@type\":\"WebSite\",\"@id\":\"https:\\\/\\\/www.omnesbands.international\\\/#website\",\"url\":\"https:\\\/\\\/www.omnesbands.international\\\/\",\"name\":\"OMNESBANDS International\",\"description\":\"Partituras Originales de autores y compositores independientes\",\"publisher\":{\"@id\":\"https:\\\/\\\/www.omnesbands.international\\\/#organization\"},\"potentialAction\":[{\"@type\":\"SearchAction\",\"target\":{\"@type\":\"EntryPoint\",\"urlTemplate\":\"https:\\\/\\\/www.omnesbands.international\\\/?s={search_term_string}\"},\"query-input\":{\"@type\":\"PropertyValueSpecification\",\"valueRequired\":true,\"valueName\":\"search_term_string\"}}],\"inLanguage\":\"fr-FR\"},{\"@type\":\"Organization\",\"@id\":\"https:\\\/\\\/www.omnesbands.international\\\/#organization\",\"name\":\"Indra Consultores Internacionales\",\"alternateName\":\"Omnesbands\",\"url\":\"https:\\\/\\\/www.omnesbands.international\\\/\",\"logo\":{\"@type\":\"ImageObject\",\"inLanguage\":\"fr-FR\",\"@id\":\"https:\\\/\\\/www.omnesbands.international\\\/#\\\/schema\\\/logo\\\/image\\\/\",\"url\":\"https:\\\/\\\/omnesbands.international\\\/wp-content\\\/uploads\\\/2023\\\/06\\\/Logo-Nuevo-.png\",\"contentUrl\":\"https:\\\/\\\/omnesbands.international\\\/wp-content\\\/uploads\\\/2023\\\/06\\\/Logo-Nuevo-.png\",\"width\":394,\"height\":212,\"caption\":\"Indra Consultores Internacionales\"},\"image\":{\"@id\":\"https:\\\/\\\/www.omnesbands.international\\\/#\\\/schema\\\/logo\\\/image\\\/\"}}]}<\/script>\n<!-- \/ Yoast SEO Premium plugin. -->","yoast_head_json":{"title":"JOSEP ESCANDELL I VILA -","robots":{"index":"index","follow":"follow","max-snippet":"max-snippet:-1","max-image-preview":"max-image-preview:large","max-video-preview":"max-video-preview:-1"},"canonical":"https:\/\/www.omnesbands.international\/fr\/josep-escandell-i-vila-2\/","og_locale":"fr_FR","og_type":"article","og_title":"JOSEP ESCANDELL I VILA","og_description":"JOSEP ESCANDELL I VILA Nace en Alzira donde cursa sus primeros estudios musicales en la Sociedad Musical de Alzira, bajo la direcci\u00f3n del maestro Francesc Hern\u00e1ndez Guirado. Ampl\u00eda, posteriormente, sus estudios medios y superiores con la especialidad de saxof\u00f3n, tambi\u00e9n estudia direcci\u00f3n de coro con el maestro Eduard Cifre, en el Conservatorio Superior de M\u00fasica [&hellip;]","og_url":"https:\/\/www.omnesbands.international\/fr\/josep-escandell-i-vila-2\/","article_modified_time":"2023-01-29T04:31:26+00:00","og_image":[{"width":1280,"height":742,"url":"https:\/\/www.omnesbands.international\/wp-content\/uploads\/2023\/01\/music-sheet-music-snowdrop-7107045.jpg","type":"image\/jpeg"}],"twitter_card":"summary_large_image","twitter_misc":{"Dur\u00e9e de lecture estim\u00e9e":"1 minute"},"schema":{"@context":"https:\/\/schema.org","@graph":[{"@type":"WebPage","@id":"https:\/\/www.omnesbands.international\/en\/josep-escandell-i-vila-2\/","url":"https:\/\/www.omnesbands.international\/en\/josep-escandell-i-vila-2\/","name":"JOSEP ESCANDELL I VILA -","isPartOf":{"@id":"https:\/\/www.omnesbands.international\/#website"},"datePublished":"2023-01-29T04:30:01+00:00","dateModified":"2023-01-29T04:31:26+00:00","breadcrumb":{"@id":"https:\/\/www.omnesbands.international\/en\/josep-escandell-i-vila-2\/#breadcrumb"},"inLanguage":"fr-FR","potentialAction":[{"@type":"ReadAction","target":["https:\/\/www.omnesbands.international\/en\/josep-escandell-i-vila-2\/"]}]},{"@type":"BreadcrumbList","@id":"https:\/\/www.omnesbands.international\/en\/josep-escandell-i-vila-2\/#breadcrumb","itemListElement":[{"@type":"ListItem","position":1,"name":"Portada","item":"https:\/\/www.omnesbands.international\/"},{"@type":"ListItem","position":2,"name":"JOSEP ESCANDELL I VILA"}]},{"@type":"WebSite","@id":"https:\/\/www.omnesbands.international\/#website","url":"https:\/\/www.omnesbands.international\/","name":"OMNESBANDS International","description":"Partitions originales d&#039;auteurs et compositeurs ind\u00e9pendants","publisher":{"@id":"https:\/\/www.omnesbands.international\/#organization"},"potentialAction":[{"@type":"SearchAction","target":{"@type":"EntryPoint","urlTemplate":"https:\/\/www.omnesbands.international\/?s={search_term_string}"},"query-input":{"@type":"PropertyValueSpecification","valueRequired":true,"valueName":"search_term_string"}}],"inLanguage":"fr-FR"},{"@type":"Organization","@id":"https:\/\/www.omnesbands.international\/#organization","name":"Indra Consultants Internationaux","alternateName":"Omnesbands","url":"https:\/\/www.omnesbands.international\/","logo":{"@type":"ImageObject","inLanguage":"fr-FR","@id":"https:\/\/www.omnesbands.international\/#\/schema\/logo\/image\/","url":"https:\/\/omnesbands.international\/wp-content\/uploads\/2023\/06\/Logo-Nuevo-.png","contentUrl":"https:\/\/omnesbands.international\/wp-content\/uploads\/2023\/06\/Logo-Nuevo-.png","width":394,"height":212,"caption":"Indra Consultores Internacionales"},"image":{"@id":"https:\/\/www.omnesbands.international\/#\/schema\/logo\/image\/"}}]}},"uagb_featured_image_src":{"full":false,"thumbnail":false,"medium":false,"medium_large":false,"large":false,"1536x1536":false,"2048x2048":false,"trp-custom-language-flag":false,"gg_gallery_thumbnail":false,"woocommerce_thumbnail":false,"woocommerce_single":false,"woocommerce_gallery_thumbnail":false},"uagb_author_info":{"display_name":"Melvin R. Portillo A:","author_link":"https:\/\/www.omnesbands.international\/fr\/author\/portand\/"},"uagb_comment_info":0,"uagb_excerpt":"JOSEP ESCANDELL I VILA Nace en Alzira donde cursa sus primeros estudios musicales en la Sociedad Musical de Alzira, bajo la direcci\u00f3n del maestro Francesc Hern\u00e1ndez Guirado. Ampl\u00eda, posteriormente, sus estudios medios y superiores con la especialidad de saxof\u00f3n, tambi\u00e9n estudia direcci\u00f3n de coro con el maestro Eduard Cifre, en el Conservatorio Superior de M\u00fasica\u2026","_links":{"self":[{"href":"https:\/\/www.omnesbands.international\/fr\/wp-json\/wp\/v2\/pages\/1714","targetHints":{"allow":["GET"]}}],"collection":[{"href":"https:\/\/www.omnesbands.international\/fr\/wp-json\/wp\/v2\/pages"}],"about":[{"href":"https:\/\/www.omnesbands.international\/fr\/wp-json\/wp\/v2\/types\/page"}],"author":[{"embeddable":true,"href":"https:\/\/www.omnesbands.international\/fr\/wp-json\/wp\/v2\/users\/4"}],"replies":[{"embeddable":true,"href":"https:\/\/www.omnesbands.international\/fr\/wp-json\/wp\/v2\/comments?post=1714"}],"version-history":[{"count":2,"href":"https:\/\/www.omnesbands.international\/fr\/wp-json\/wp\/v2\/pages\/1714\/revisions"}],"predecessor-version":[{"id":1716,"href":"https:\/\/www.omnesbands.international\/fr\/wp-json\/wp\/v2\/pages\/1714\/revisions\/1716"}],"wp:attachment":[{"href":"https:\/\/www.omnesbands.international\/fr\/wp-json\/wp\/v2\/media?parent=1714"}],"curies":[{"name":"wp","href":"https:\/\/api.w.org\/{rel}","templated":true}]}}