{"id":1718,"date":"2023-01-29T07:58:24","date_gmt":"2023-01-29T13:58:24","guid":{"rendered":"https:\/\/omnesbands.international\/?page_id=1718"},"modified":"2023-01-29T08:00:02","modified_gmt":"2023-01-29T14:00:02","slug":"josep-robert-selles-i-camps-2","status":"publish","type":"page","link":"https:\/\/www.omnesbands.international\/fr\/josep-robert-selles-i-camps-2\/","title":{"rendered":"JOSEP ROBERT SELL\u00c9S I CAMPS"},"content":{"rendered":"<div class=\"wp-block-uagb-container uagb-block-8d79697d alignfull uagb-is-root-container\"><div class=\"uagb-container-inner-blocks-wrap\">\n<div class=\"wp-block-uagb-advanced-heading uagb-block-3e74cd28\"><h1 class=\"uagb-heading-text\"><strong>JOSEP ROBERT SELL\u00c9S I CAMPS<\/strong><\/h1><\/div>\n<\/div><\/div>\n\n\n\n<div class=\"wp-block-uagb-container uagb-block-5a4c5c69 alignfull uagb-is-root-container\"><div class=\"uagb-container-inner-blocks-wrap\">\n<div class=\"wp-block-uagb-container uagb-block-bdd43233\">\n<p>Il est n\u00e9 \u00e0 Cocentaina le 25 d\u00e9cembre 1962. Il est dipl\u00f4m\u00e9 en direction de ch\u0153ur du Conservatoire Sup\u00e9rieur de Musique de Valence, obtenant l&#039;extraordinaire prix de fin d&#039;\u00e9tudes.<\/p>\n<p>Il est professeur sup\u00e9rieur de guitare au Conservatoire &quot;Oscar Espl\u00e1&quot; d&#039;Alicante, recevant le prix extraordinaire dans cette sp\u00e9cialit\u00e9. Il a \u00e9tudi\u00e9 la composition avec Javier Dar\u00edas et Amando Blanquer, en suivant divers cours de composition contemporaine dirig\u00e9s par des personnalit\u00e9s telles qu&#039;Albert Sarda, Luis de Pablo, Ramon Rarce. Tom\u00e1s Marco, Alfredo Aracil, Jos\u00e9 Luis Turina, Crist\u00f3bal Halfter et Tristan Murail. Il a poursuivi ses \u00e9tudes de direction de ch\u0153ur \u00e0 Cuenca, avec les professeurs Samuel Rubio, Elvira Pad\u00edn et Sabas Calvillo, et \u00e0 Lleida avec les professeurs Erwin List, Helmut Lips et Josep Prats.<\/p>\n<p>Il est titulaire d&#039;un dipl\u00f4me en sciences commerciales de l&#039;Universit\u00e9 d&#039;Alicante et d&#039;un Master en esth\u00e9tique et cr\u00e9ativit\u00e9 musicale de l&#039;Universit\u00e9 de Valence. Il a \u00e9t\u00e9 directeur du &quot;Groupe Vocal Eduardo Torres de Albaida&quot;, ainsi que co-directeur de l&#039;Orchestre Pulse et Plectre &quot;La Paloma&quot; de Cocentaina.<\/p>\n<p>Il a dirig\u00e9 la Sociedad Ateneo Musical de Cocentaina, une entit\u00e9 avec laquelle il a obtenu une mention honorable au concours international de musique \u00ab Ciutat de Valencia 1997 \u00bb.<\/p>\n<p>En 1996, il a re\u00e7u le prix &quot;Jos\u00e9 H\u00f3dar&quot; de la meilleure direction de ch\u0153ur au &quot;XIII Concours international d&#039;habaneras et de polyphonie&quot; \u00e0 Torrevieja (Alicante), le &quot;Cor de Cambra Discantus&quot; recevant le premier prix sous sa direction.<\/p>\n<p>Il a \u00e9t\u00e9 laur\u00e9at du premier prix du \u00ab I Coral Composition Contest of the Federaci\u00f3 de Cors de la Comunitat Valenciana 1999 \u00bb.<\/p>\n<p>Il est actuellement directeur technique du \u00abConcours choral Fira de Tots Sants\u00bb de Cocentaina et du \u00abCor de Cambra Discantus\u00bb, une entit\u00e9 avec laquelle il a re\u00e7u de nombreux prix.<\/p>\n<\/div>\n<\/div><\/div>\n\n\n<div class=\"woocommerce columns-4\"><ul class=\"products columns-4\">\n<li class=\"desktop-align-left tablet-align-left mobile-align-left ast-product-gallery-layout-horizontal-slider product type-product post-949 status-publish first instock product_cat-musica-de-calle product_tag-josep-robert-selles-i-camps has-post-thumbnail downloadable virtual taxable purchasable product-type-simple\">\n\t<a href=\"https:\/\/www.omnesbands.international\/fr\/produit\/al-meu-prim\/\" class=\"woocommerce-LoopProduct-link woocommerce-loop-product__link\"><img loading=\"lazy\" decoding=\"async\" width=\"300\" height=\"300\" src=\"https:\/\/www.omnesbands.international\/wp-content\/uploads\/2023\/01\/Al-meu-prim-300x300.jpg\" class=\"attachment-woocommerce_thumbnail size-woocommerce_thumbnail\" alt=\"Al meu prim\" srcset=\"https:\/\/www.omnesbands.international\/wp-content\/uploads\/2023\/01\/Al-meu-prim-300x300.jpg 300w, https:\/\/www.omnesbands.international\/wp-content\/uploads\/2023\/01\/Al-meu-prim-150x150.jpg 150w, https:\/\/www.omnesbands.international\/wp-content\/uploads\/2023\/01\/Al-meu-prim-100x100.jpg 100w\" sizes=\"auto, (max-width: 300px) 100vw, 300px\" \/><h2 class=\"woocommerce-loop-product__title\">\u00e0 mon premier<\/h2>\n\t<span class=\"price\"><span class=\"woocommerce-Price-amount amount\"><bdi><span class=\"woocommerce-Price-currencySymbol\">&#36;<\/span>15.00<\/bdi><\/span><\/span>\n<\/a><a href=\"\/fr\/wp-json\/wp\/v2\/pages\/1718?add-to-cart=949\" aria-describedby=\"woocommerce_loop_add_to_cart_link_describedby_949\" data-quantity=\"1\" class=\"button product_type_simple add_to_cart_button ajax_add_to_cart\" data-product_id=\"949\" data-product_sku=\"AL-REL-ESP-22\" aria-label=\"Ajouter au panier : \u00ab Al meu prim \u00bb\" rel=\"nofollow\" data-success_message=\"\u00ab\u00a0Al meu prim\u00a0\u00bb a \u00e9t\u00e9 ajout\u00e9 \u00e0 votre panier\" role=\"button\" data-no-translation=\"\" data-trp-gettext=\"\" data-no-translation-aria-label=\"\" data-no-translation-data-success_message=\"\">Ajouter au panier<\/a>\t<span id=\"woocommerce_loop_add_to_cart_link_describedby_949\" class=\"screen-reader-text\">\n\t\t\t<\/span>\n<\/li>\n<\/ul>\n<\/div>","protected":false},"excerpt":{"rendered":"<p>JOSEP ROBERT SELL\u00c9S I CAMPS Naci\u00f3 en Cocentaina el 25 de diciembre de 1962. Titulado en direcci\u00f3n de coros por el Conservatorio Superior de M\u00fasica de Valencia, obteniendo el premio extraordinario fin de carrera. Es Profesor Superior de Guitarra por el Conservatorio &#8220;Oscar Espl\u00e1&#8221; de Alicante, siendo galardonado con el premio extraordinario de esta especialidad. [&hellip;]<\/p>\n","protected":false},"author":4,"featured_media":0,"parent":0,"menu_order":0,"comment_status":"closed","ping_status":"closed","template":"","meta":{"_acf_changed":false,"_uag_custom_page_level_css":"","site-sidebar-layout":"default","site-content-layout":"","ast-site-content-layout":"default","site-content-style":"default","site-sidebar-style":"default","ast-global-header-display":"","ast-banner-title-visibility":"","ast-main-header-display":"","ast-hfb-above-header-display":"","ast-hfb-below-header-display":"","ast-hfb-mobile-header-display":"","site-post-title":"disabled","ast-breadcrumbs-content":"","ast-featured-img":"","footer-sml-layout":"","ast-disable-related-posts":"","theme-transparent-header-meta":"","adv-header-id-meta":"","stick-header-meta":"","header-above-stick-meta":"","header-main-stick-meta":"","header-below-stick-meta":"","astra-migrate-meta-layouts":"default","ast-page-background-enabled":"default","ast-page-background-meta":{"desktop":{"background-color":"","background-image":"","background-repeat":"repeat","background-position":"center center","background-size":"auto","background-attachment":"scroll","background-type":"","background-media":"","overlay-type":"","overlay-color":"","overlay-opacity":"","overlay-gradient":""},"tablet":{"background-color":"","background-image":"","background-repeat":"repeat","background-position":"center center","background-size":"auto","background-attachment":"scroll","background-type":"","background-media":"","overlay-type":"","overlay-color":"","overlay-opacity":"","overlay-gradient":""},"mobile":{"background-color":"","background-image":"","background-repeat":"repeat","background-position":"center center","background-size":"auto","background-attachment":"scroll","background-type":"","background-media":"","overlay-type":"","overlay-color":"","overlay-opacity":"","overlay-gradient":""}},"ast-content-background-meta":{"desktop":{"background-color":"var(--ast-global-color-5)","background-image":"","background-repeat":"repeat","background-position":"center center","background-size":"auto","background-attachment":"scroll","background-type":"","background-media":"","overlay-type":"","overlay-color":"","overlay-opacity":"","overlay-gradient":""},"tablet":{"background-color":"var(--ast-global-color-5)","background-image":"","background-repeat":"repeat","background-position":"center center","background-size":"auto","background-attachment":"scroll","background-type":"","background-media":"","overlay-type":"","overlay-color":"","overlay-opacity":"","overlay-gradient":""},"mobile":{"background-color":"var(--ast-global-color-5)","background-image":"","background-repeat":"repeat","background-position":"center center","background-size":"auto","background-attachment":"scroll","background-type":"","background-media":"","overlay-type":"","overlay-color":"","overlay-opacity":"","overlay-gradient":""}},"footnotes":""},"class_list":["post-1718","page","type-page","status-publish","hentry"],"acf":[],"yoast_head":"<!-- This site is optimized with the Yoast SEO Premium plugin v22.4 (Yoast SEO v27.4) - https:\/\/yoast.com\/product\/yoast-seo-premium-wordpress\/ -->\n<title>JOSEP ROBERT SELL\u00c9S I CAMPS -<\/title>\n<meta name=\"robots\" content=\"index, follow, max-snippet:-1, max-image-preview:large, max-video-preview:-1\" \/>\n<link rel=\"canonical\" href=\"https:\/\/www.omnesbands.international\/fr\/josep-robert-selles-i-camps-2\/\" \/>\n<meta property=\"og:locale\" content=\"fr_FR\" \/>\n<meta property=\"og:type\" content=\"article\" \/>\n<meta property=\"og:title\" content=\"JOSEP ROBERT SELL\u00c9S I CAMPS\" \/>\n<meta property=\"og:description\" content=\"JOSEP ROBERT SELL\u00c9S I CAMPS Naci\u00f3 en Cocentaina el 25 de diciembre de 1962. Titulado en direcci\u00f3n de coros por el Conservatorio Superior de M\u00fasica de Valencia, obteniendo el premio extraordinario fin de carrera. Es Profesor Superior de Guitarra por el Conservatorio &#8220;Oscar Espl\u00e1&#8221; de Alicante, siendo galardonado con el premio extraordinario de esta especialidad. [&hellip;]\" \/>\n<meta property=\"og:url\" content=\"https:\/\/www.omnesbands.international\/fr\/josep-robert-selles-i-camps-2\/\" \/>\n<meta property=\"article:modified_time\" content=\"2023-01-29T14:00:02+00:00\" \/>\n<meta property=\"og:image\" content=\"https:\/\/www.omnesbands.international\/wp-content\/uploads\/2023\/01\/music-sheet-music-snowdrop-7107045.jpg\" \/>\n\t<meta property=\"og:image:width\" content=\"1280\" \/>\n\t<meta property=\"og:image:height\" content=\"742\" \/>\n\t<meta property=\"og:image:type\" content=\"image\/jpeg\" \/>\n<meta name=\"twitter:card\" content=\"summary_large_image\" \/>\n<meta name=\"twitter:label1\" content=\"Dur\u00e9e de lecture estim\u00e9e\" \/>\n\t<meta name=\"twitter:data1\" content=\"2 minutes\" \/>\n<script type=\"application\/ld+json\" class=\"yoast-schema-graph\">{\"@context\":\"https:\\\/\\\/schema.org\",\"@graph\":[{\"@type\":\"WebPage\",\"@id\":\"https:\\\/\\\/www.omnesbands.international\\\/fr\\\/josep-robert-selles-i-camps-2\\\/\",\"url\":\"https:\\\/\\\/www.omnesbands.international\\\/fr\\\/josep-robert-selles-i-camps-2\\\/\",\"name\":\"JOSEP ROBERT SELL\u00c9S I CAMPS -\",\"isPartOf\":{\"@id\":\"https:\\\/\\\/www.omnesbands.international\\\/#website\"},\"datePublished\":\"2023-01-29T13:58:24+00:00\",\"dateModified\":\"2023-01-29T14:00:02+00:00\",\"breadcrumb\":{\"@id\":\"https:\\\/\\\/www.omnesbands.international\\\/fr\\\/josep-robert-selles-i-camps-2\\\/#breadcrumb\"},\"inLanguage\":\"fr-FR\",\"potentialAction\":[{\"@type\":\"ReadAction\",\"target\":[\"https:\\\/\\\/www.omnesbands.international\\\/fr\\\/josep-robert-selles-i-camps-2\\\/\"]}]},{\"@type\":\"BreadcrumbList\",\"@id\":\"https:\\\/\\\/www.omnesbands.international\\\/fr\\\/josep-robert-selles-i-camps-2\\\/#breadcrumb\",\"itemListElement\":[{\"@type\":\"ListItem\",\"position\":1,\"name\":\"Portada\",\"item\":\"https:\\\/\\\/www.omnesbands.international\\\/\"},{\"@type\":\"ListItem\",\"position\":2,\"name\":\"JOSEP ROBERT SELL\u00c9S I CAMPS\"}]},{\"@type\":\"WebSite\",\"@id\":\"https:\\\/\\\/www.omnesbands.international\\\/#website\",\"url\":\"https:\\\/\\\/www.omnesbands.international\\\/\",\"name\":\"OMNESBANDS International\",\"description\":\"Partituras Originales de autores y compositores independientes\",\"publisher\":{\"@id\":\"https:\\\/\\\/www.omnesbands.international\\\/#organization\"},\"potentialAction\":[{\"@type\":\"SearchAction\",\"target\":{\"@type\":\"EntryPoint\",\"urlTemplate\":\"https:\\\/\\\/www.omnesbands.international\\\/?s={search_term_string}\"},\"query-input\":{\"@type\":\"PropertyValueSpecification\",\"valueRequired\":true,\"valueName\":\"search_term_string\"}}],\"inLanguage\":\"fr-FR\"},{\"@type\":\"Organization\",\"@id\":\"https:\\\/\\\/www.omnesbands.international\\\/#organization\",\"name\":\"Indra Consultores Internacionales\",\"alternateName\":\"Omnesbands\",\"url\":\"https:\\\/\\\/www.omnesbands.international\\\/\",\"logo\":{\"@type\":\"ImageObject\",\"inLanguage\":\"fr-FR\",\"@id\":\"https:\\\/\\\/www.omnesbands.international\\\/#\\\/schema\\\/logo\\\/image\\\/\",\"url\":\"https:\\\/\\\/omnesbands.international\\\/wp-content\\\/uploads\\\/2023\\\/06\\\/Logo-Nuevo-.png\",\"contentUrl\":\"https:\\\/\\\/omnesbands.international\\\/wp-content\\\/uploads\\\/2023\\\/06\\\/Logo-Nuevo-.png\",\"width\":394,\"height\":212,\"caption\":\"Indra Consultores Internacionales\"},\"image\":{\"@id\":\"https:\\\/\\\/www.omnesbands.international\\\/#\\\/schema\\\/logo\\\/image\\\/\"}}]}<\/script>\n<!-- \/ Yoast SEO Premium plugin. -->","yoast_head_json":{"title":"JOSEP ROBERT SELL\u00c9S I CAMPS -","robots":{"index":"index","follow":"follow","max-snippet":"max-snippet:-1","max-image-preview":"max-image-preview:large","max-video-preview":"max-video-preview:-1"},"canonical":"https:\/\/www.omnesbands.international\/fr\/josep-robert-selles-i-camps-2\/","og_locale":"fr_FR","og_type":"article","og_title":"JOSEP ROBERT SELL\u00c9S I CAMPS","og_description":"JOSEP ROBERT SELL\u00c9S I CAMPS Naci\u00f3 en Cocentaina el 25 de diciembre de 1962. Titulado en direcci\u00f3n de coros por el Conservatorio Superior de M\u00fasica de Valencia, obteniendo el premio extraordinario fin de carrera. Es Profesor Superior de Guitarra por el Conservatorio &#8220;Oscar Espl\u00e1&#8221; de Alicante, siendo galardonado con el premio extraordinario de esta especialidad. [&hellip;]","og_url":"https:\/\/www.omnesbands.international\/fr\/josep-robert-selles-i-camps-2\/","article_modified_time":"2023-01-29T14:00:02+00:00","og_image":[{"width":1280,"height":742,"url":"https:\/\/www.omnesbands.international\/wp-content\/uploads\/2023\/01\/music-sheet-music-snowdrop-7107045.jpg","type":"image\/jpeg"}],"twitter_card":"summary_large_image","twitter_misc":{"Dur\u00e9e de lecture estim\u00e9e":"2 minutes"},"schema":{"@context":"https:\/\/schema.org","@graph":[{"@type":"WebPage","@id":"https:\/\/www.omnesbands.international\/fr\/josep-robert-selles-i-camps-2\/","url":"https:\/\/www.omnesbands.international\/fr\/josep-robert-selles-i-camps-2\/","name":"JOSEP ROBERT SELL\u00c9S I CAMPS -","isPartOf":{"@id":"https:\/\/www.omnesbands.international\/#website"},"datePublished":"2023-01-29T13:58:24+00:00","dateModified":"2023-01-29T14:00:02+00:00","breadcrumb":{"@id":"https:\/\/www.omnesbands.international\/fr\/josep-robert-selles-i-camps-2\/#breadcrumb"},"inLanguage":"fr-FR","potentialAction":[{"@type":"ReadAction","target":["https:\/\/www.omnesbands.international\/fr\/josep-robert-selles-i-camps-2\/"]}]},{"@type":"BreadcrumbList","@id":"https:\/\/www.omnesbands.international\/fr\/josep-robert-selles-i-camps-2\/#breadcrumb","itemListElement":[{"@type":"ListItem","position":1,"name":"Portada","item":"https:\/\/www.omnesbands.international\/"},{"@type":"ListItem","position":2,"name":"JOSEP ROBERT SELL\u00c9S I CAMPS"}]},{"@type":"WebSite","@id":"https:\/\/www.omnesbands.international\/#website","url":"https:\/\/www.omnesbands.international\/","name":"OMNESBANDS International","description":"Partitions originales d&#039;auteurs et compositeurs ind\u00e9pendants","publisher":{"@id":"https:\/\/www.omnesbands.international\/#organization"},"potentialAction":[{"@type":"SearchAction","target":{"@type":"EntryPoint","urlTemplate":"https:\/\/www.omnesbands.international\/?s={search_term_string}"},"query-input":{"@type":"PropertyValueSpecification","valueRequired":true,"valueName":"search_term_string"}}],"inLanguage":"fr-FR"},{"@type":"Organization","@id":"https:\/\/www.omnesbands.international\/#organization","name":"Indra Consultants Internationaux","alternateName":"Omnesbands","url":"https:\/\/www.omnesbands.international\/","logo":{"@type":"ImageObject","inLanguage":"fr-FR","@id":"https:\/\/www.omnesbands.international\/#\/schema\/logo\/image\/","url":"https:\/\/omnesbands.international\/wp-content\/uploads\/2023\/06\/Logo-Nuevo-.png","contentUrl":"https:\/\/omnesbands.international\/wp-content\/uploads\/2023\/06\/Logo-Nuevo-.png","width":394,"height":212,"caption":"Indra Consultores Internacionales"},"image":{"@id":"https:\/\/www.omnesbands.international\/#\/schema\/logo\/image\/"}}]}},"uagb_featured_image_src":{"full":false,"thumbnail":false,"medium":false,"medium_large":false,"large":false,"1536x1536":false,"2048x2048":false,"trp-custom-language-flag":false,"gg_gallery_thumbnail":false,"woocommerce_thumbnail":false,"woocommerce_single":false,"woocommerce_gallery_thumbnail":false},"uagb_author_info":{"display_name":"Melvin R. Portillo A:","author_link":"https:\/\/www.omnesbands.international\/fr\/author\/portand\/"},"uagb_comment_info":0,"uagb_excerpt":"JOSEP ROBERT SELL\u00c9S I CAMPS Naci\u00f3 en Cocentaina el 25 de diciembre de 1962. Titulado en direcci\u00f3n de coros por el Conservatorio Superior de M\u00fasica de Valencia, obteniendo el premio extraordinario fin de carrera. Es Profesor Superior de Guitarra por el Conservatorio &#8220;Oscar Espl\u00e1&#8221; de Alicante, siendo galardonado con el premio extraordinario de esta especialidad.\u2026","_links":{"self":[{"href":"https:\/\/www.omnesbands.international\/fr\/wp-json\/wp\/v2\/pages\/1718","targetHints":{"allow":["GET"]}}],"collection":[{"href":"https:\/\/www.omnesbands.international\/fr\/wp-json\/wp\/v2\/pages"}],"about":[{"href":"https:\/\/www.omnesbands.international\/fr\/wp-json\/wp\/v2\/types\/page"}],"author":[{"embeddable":true,"href":"https:\/\/www.omnesbands.international\/fr\/wp-json\/wp\/v2\/users\/4"}],"replies":[{"embeddable":true,"href":"https:\/\/www.omnesbands.international\/fr\/wp-json\/wp\/v2\/comments?post=1718"}],"version-history":[{"count":2,"href":"https:\/\/www.omnesbands.international\/fr\/wp-json\/wp\/v2\/pages\/1718\/revisions"}],"predecessor-version":[{"id":1720,"href":"https:\/\/www.omnesbands.international\/fr\/wp-json\/wp\/v2\/pages\/1718\/revisions\/1720"}],"wp:attachment":[{"href":"https:\/\/www.omnesbands.international\/fr\/wp-json\/wp\/v2\/media?parent=1718"}],"curies":[{"name":"wp","href":"https:\/\/api.w.org\/{rel}","templated":true}]}}