{"id":1721,"date":"2023-01-29T08:06:10","date_gmt":"2023-01-29T14:06:10","guid":{"rendered":"https:\/\/omnesbands.international\/?page_id=1721"},"modified":"2023-01-29T08:10:37","modified_gmt":"2023-01-29T14:10:37","slug":"josep-miquel-martinez-2","status":"publish","type":"page","link":"https:\/\/www.omnesbands.international\/fr\/josep-miquel-martinez-2\/","title":{"rendered":"JOSEP MIQUEL MARTINEZ"},"content":{"rendered":"<div class=\"wp-block-uagb-container uagb-block-a83e5e1c alignfull uagb-is-root-container\"><div class=\"uagb-container-inner-blocks-wrap\">\n<div class=\"wp-block-uagb-advanced-heading uagb-block-5edd56cb\"><h1 class=\"uagb-heading-text\"><strong>JOSEP MIQUEL MARTINEZ<\/strong><\/h1><\/div>\n<\/div><\/div>\n\n\n\n<div class=\"wp-block-uagb-container uagb-block-ed8462b7 alignfull uagb-is-root-container\"><div class=\"uagb-container-inner-blocks-wrap\">\n<div class=\"wp-block-uagb-container uagb-block-140309a1\">\n<p>Il est n\u00e9 \u00e0 Quart de les Valls en 1972 (Camp de Morvedre) o\u00f9 il se sp\u00e9cialise dans le cor d&#039;harmonie et termine ses \u00e9tudes au Conservatoire Sup\u00e9rieur de Musique de Valence avec le professeur Jos\u00e9 Rosell.<\/p>\n<p>Il a obtenu le titre de direction d&#039;orchestre et th\u00e9orie musicale de la Royal School Music, \u00e9tudiant avec les professeurs Jose R. Pascual Vilaplana et Miquel Rodrigo Tamarit.<\/p>\n<p>Il a \u00e9tudi\u00e9 le contrepoint et l&#039;harmonie avec Miguel Angel Mateu et a poursuivi ses \u00e9tudes de composition au Conservatoire Sup\u00e9rieur de Castell\u00f3n avec les professeurs Ferrer Ferran, Claudia Montero, Miguel Angel Berbis ou Cesar Cano entre autres.<\/p>\n<p>En tant que compositeur, il poss\u00e8de un catalogue de plus de 60 \u0153uvres, la plupart \u00e9crites pour orchestre, mais aussi des \u0153uvres pour diff\u00e9rents ensembles de chambre, des \u0153uvres pour solistes et d&#039;autres \u0153uvres mineures.<\/p>\n<p>Il a \u00e9t\u00e9 r\u00e9compens\u00e9 dans de nombreux concours de composition, o\u00f9 le Prix de Composition &quot;Ciudad de Torrevieja&quot; et le &quot;Prix Euterpe&quot; se distinguent dans la section &quot;\u0152uvre Symphonique&quot; d\u00e9cern\u00e9e par la F\u00e9d\u00e9ration des Soci\u00e9t\u00e9s Musicales de la Communaut\u00e9 Valencienne (FSMCV) et qu&#039;il gagn\u00e9 avec son \u0153uvre \u00ab Vents del Garb\u00ed \u00bb.<\/p>\n<p>Son dernier prix \u00e9tait dans le 1er Concours Pasodoble de l&#039;Uni\u00f3 Musical de Gata de Gorgos avec son pasodoble intitul\u00e9 &quot;Als amics&quot;.<br>Il est actuellement le chef principal de l&#039;Uni\u00f3 Musical Cultural de Estivella, o\u00f9 il a commenc\u00e9 \u00e0 diriger en 1998.<\/p>\n<p>Il a \u00e9t\u00e9 chef d&#039;orchestre principal de la &quot;Uni\u00f3 Musical&quot; d&#039;Aldaia, de la &quot;Lira Saguntina&quot; de Sagunto, de la &quot;Lira Borriolenca&quot; de Borriol, de la &quot;Santa Cecilia&quot; d&#039;Almenara, de la Sogorbe Musical Society et de l&#039;Uni\u00f3 Com\u00e9die Musicale Massamagrell.<\/p>\n<p>Il a dirig\u00e9 les spectacles musicaux de l&#039;Orchestre et de l&#039;Ensemble Neo-Producciones tels que \u00ab GRAN PARTITA \u00bb de WA Mozart ou le ballet \u00ab NUTSCRACKER \u00bb de P. Tcha\u00efkovski en collaboration avec l&#039;\u00e9cole de danse \u00ab AESCENA \u00bb et sa directrice Magdalena Fuertes.<\/p>\n<p>Sur le plan international, il a dirig\u00e9 en tant que chef invit\u00e9 \u00e0 l&#039;Academia Musicale \u00ab Euterpe \u00bb de Syracuse (Sicile-Italie), \u00e0 la Scuola Banda Musicale \u00ab P. Mascagni \u00bb de Milazzo (Sicile-Italie) ainsi que dans la Banda Comunale \u00ab Giuseppe Verdi \u00bb de Sinnai (Serdenya-Italie).<\/p>\n<p>En tant que chef d&#039;orchestre et professeur, il a dirig\u00e9 d&#039;innombrables groupes dans des concerts et des cours de direction, notamment Banda Municipal de Castell\u00f3n, Banda de Nar\u00f3n (La Corogne), Uni\u00f3 Musical de Gata de Gorgos (Alicante), Uni\u00f3 Musical de Serra (Valence), Uni\u00f3 Musical de Vilafam\u00e9s et Uni\u00f3 Musical de Calig (Castell\u00f3n), Banda Municipal de Marmolejo (Jaen) entre autres.<\/p>\n<\/div>\n<\/div><\/div>\n\n\n<div class=\"woocommerce columns-4\"><\/div>","protected":false},"excerpt":{"rendered":"<p>JOSEP MIQUEL MART\u00cdNEZ Nace en Quart de les Valls en 1972 (Camp de Morvedre) donde comienza en la especialidad de trompa, terminando sus estudios superiores al Conservatorio Superior de M\u00fasica de Valencia con el catedr\u00e1tico Jos\u00e9 Rosell. Obtiene el t\u00edtulo de la Royal School Music de Direcci\u00f3n de Banda y Teor\u00eda de la M\u00fasica, estudiando [&hellip;]<\/p>\n","protected":false},"author":4,"featured_media":0,"parent":0,"menu_order":0,"comment_status":"closed","ping_status":"closed","template":"","meta":{"_acf_changed":false,"_uag_custom_page_level_css":"","site-sidebar-layout":"default","site-content-layout":"","ast-site-content-layout":"default","site-content-style":"default","site-sidebar-style":"default","ast-global-header-display":"","ast-banner-title-visibility":"","ast-main-header-display":"","ast-hfb-above-header-display":"","ast-hfb-below-header-display":"","ast-hfb-mobile-header-display":"","site-post-title":"disabled","ast-breadcrumbs-content":"","ast-featured-img":"","footer-sml-layout":"","ast-disable-related-posts":"","theme-transparent-header-meta":"","adv-header-id-meta":"","stick-header-meta":"","header-above-stick-meta":"","header-main-stick-meta":"","header-below-stick-meta":"","astra-migrate-meta-layouts":"default","ast-page-background-enabled":"default","ast-page-background-meta":{"desktop":{"background-color":"","background-image":"","background-repeat":"repeat","background-position":"center center","background-size":"auto","background-attachment":"scroll","background-type":"","background-media":"","overlay-type":"","overlay-color":"","overlay-opacity":"","overlay-gradient":""},"tablet":{"background-color":"","background-image":"","background-repeat":"repeat","background-position":"center center","background-size":"auto","background-attachment":"scroll","background-type":"","background-media":"","overlay-type":"","overlay-color":"","overlay-opacity":"","overlay-gradient":""},"mobile":{"background-color":"","background-image":"","background-repeat":"repeat","background-position":"center center","background-size":"auto","background-attachment":"scroll","background-type":"","background-media":"","overlay-type":"","overlay-color":"","overlay-opacity":"","overlay-gradient":""}},"ast-content-background-meta":{"desktop":{"background-color":"var(--ast-global-color-5)","background-image":"","background-repeat":"repeat","background-position":"center center","background-size":"auto","background-attachment":"scroll","background-type":"","background-media":"","overlay-type":"","overlay-color":"","overlay-opacity":"","overlay-gradient":""},"tablet":{"background-color":"var(--ast-global-color-5)","background-image":"","background-repeat":"repeat","background-position":"center center","background-size":"auto","background-attachment":"scroll","background-type":"","background-media":"","overlay-type":"","overlay-color":"","overlay-opacity":"","overlay-gradient":""},"mobile":{"background-color":"var(--ast-global-color-5)","background-image":"","background-repeat":"repeat","background-position":"center center","background-size":"auto","background-attachment":"scroll","background-type":"","background-media":"","overlay-type":"","overlay-color":"","overlay-opacity":"","overlay-gradient":""}},"footnotes":""},"class_list":["post-1721","page","type-page","status-publish","hentry"],"acf":[],"yoast_head":"<!-- This site is optimized with the Yoast SEO Premium plugin v22.4 (Yoast SEO v27.4) - https:\/\/yoast.com\/product\/yoast-seo-premium-wordpress\/ -->\n<title>JOSEP MIQUEL MART\u00cdNEZ -<\/title>\n<meta name=\"robots\" content=\"index, follow, max-snippet:-1, max-image-preview:large, max-video-preview:-1\" \/>\n<link rel=\"canonical\" href=\"https:\/\/www.omnesbands.international\/fr\/josep-miquel-martinez-2\/\" \/>\n<meta property=\"og:locale\" content=\"fr_FR\" \/>\n<meta property=\"og:type\" content=\"article\" \/>\n<meta property=\"og:title\" content=\"JOSEP MIQUEL MART\u00cdNEZ\" \/>\n<meta property=\"og:description\" content=\"JOSEP MIQUEL MART\u00cdNEZ Nace en Quart de les Valls en 1972 (Camp de Morvedre) donde comienza en la especialidad de trompa, terminando sus estudios superiores al Conservatorio Superior de M\u00fasica de Valencia con el catedr\u00e1tico Jos\u00e9 Rosell. Obtiene el t\u00edtulo de la Royal School Music de Direcci\u00f3n de Banda y Teor\u00eda de la M\u00fasica, estudiando [&hellip;]\" \/>\n<meta property=\"og:url\" content=\"https:\/\/www.omnesbands.international\/fr\/josep-miquel-martinez-2\/\" \/>\n<meta property=\"article:modified_time\" content=\"2023-01-29T14:10:37+00:00\" \/>\n<meta property=\"og:image\" content=\"https:\/\/www.omnesbands.international\/wp-content\/uploads\/2023\/01\/music-sheet-music-snowdrop-7107045.jpg\" \/>\n\t<meta property=\"og:image:width\" content=\"1280\" \/>\n\t<meta property=\"og:image:height\" content=\"742\" \/>\n\t<meta property=\"og:image:type\" content=\"image\/jpeg\" \/>\n<meta name=\"twitter:card\" content=\"summary_large_image\" \/>\n<meta name=\"twitter:label1\" content=\"Dur\u00e9e de lecture estim\u00e9e\" \/>\n\t<meta name=\"twitter:data1\" content=\"2 minutes\" \/>\n<script type=\"application\/ld+json\" class=\"yoast-schema-graph\">{\"@context\":\"https:\\\/\\\/schema.org\",\"@graph\":[{\"@type\":\"WebPage\",\"@id\":\"https:\\\/\\\/www.omnesbands.international\\\/josep-miquel-martinez-2\\\/\",\"url\":\"https:\\\/\\\/www.omnesbands.international\\\/josep-miquel-martinez-2\\\/\",\"name\":\"JOSEP MIQUEL MART\u00cdNEZ -\",\"isPartOf\":{\"@id\":\"https:\\\/\\\/www.omnesbands.international\\\/#website\"},\"datePublished\":\"2023-01-29T14:06:10+00:00\",\"dateModified\":\"2023-01-29T14:10:37+00:00\",\"breadcrumb\":{\"@id\":\"https:\\\/\\\/www.omnesbands.international\\\/josep-miquel-martinez-2\\\/#breadcrumb\"},\"inLanguage\":\"fr-FR\",\"potentialAction\":[{\"@type\":\"ReadAction\",\"target\":[\"https:\\\/\\\/www.omnesbands.international\\\/josep-miquel-martinez-2\\\/\"]}]},{\"@type\":\"BreadcrumbList\",\"@id\":\"https:\\\/\\\/www.omnesbands.international\\\/josep-miquel-martinez-2\\\/#breadcrumb\",\"itemListElement\":[{\"@type\":\"ListItem\",\"position\":1,\"name\":\"Portada\",\"item\":\"https:\\\/\\\/www.omnesbands.international\\\/\"},{\"@type\":\"ListItem\",\"position\":2,\"name\":\"JOSEP MIQUEL MART\u00cdNEZ\"}]},{\"@type\":\"WebSite\",\"@id\":\"https:\\\/\\\/www.omnesbands.international\\\/#website\",\"url\":\"https:\\\/\\\/www.omnesbands.international\\\/\",\"name\":\"OMNESBANDS International\",\"description\":\"Partituras Originales de autores y compositores independientes\",\"publisher\":{\"@id\":\"https:\\\/\\\/www.omnesbands.international\\\/#organization\"},\"potentialAction\":[{\"@type\":\"SearchAction\",\"target\":{\"@type\":\"EntryPoint\",\"urlTemplate\":\"https:\\\/\\\/www.omnesbands.international\\\/?s={search_term_string}\"},\"query-input\":{\"@type\":\"PropertyValueSpecification\",\"valueRequired\":true,\"valueName\":\"search_term_string\"}}],\"inLanguage\":\"fr-FR\"},{\"@type\":\"Organization\",\"@id\":\"https:\\\/\\\/www.omnesbands.international\\\/#organization\",\"name\":\"Indra Consultores Internacionales\",\"alternateName\":\"Omnesbands\",\"url\":\"https:\\\/\\\/www.omnesbands.international\\\/\",\"logo\":{\"@type\":\"ImageObject\",\"inLanguage\":\"fr-FR\",\"@id\":\"https:\\\/\\\/www.omnesbands.international\\\/#\\\/schema\\\/logo\\\/image\\\/\",\"url\":\"https:\\\/\\\/omnesbands.international\\\/wp-content\\\/uploads\\\/2023\\\/06\\\/Logo-Nuevo-.png\",\"contentUrl\":\"https:\\\/\\\/omnesbands.international\\\/wp-content\\\/uploads\\\/2023\\\/06\\\/Logo-Nuevo-.png\",\"width\":394,\"height\":212,\"caption\":\"Indra Consultores Internacionales\"},\"image\":{\"@id\":\"https:\\\/\\\/www.omnesbands.international\\\/#\\\/schema\\\/logo\\\/image\\\/\"}}]}<\/script>\n<!-- \/ Yoast SEO Premium plugin. -->","yoast_head_json":{"title":"JOSEP MIQUEL MART\u00cdNEZ -","robots":{"index":"index","follow":"follow","max-snippet":"max-snippet:-1","max-image-preview":"max-image-preview:large","max-video-preview":"max-video-preview:-1"},"canonical":"https:\/\/www.omnesbands.international\/fr\/josep-miquel-martinez-2\/","og_locale":"fr_FR","og_type":"article","og_title":"JOSEP MIQUEL MART\u00cdNEZ","og_description":"JOSEP MIQUEL MART\u00cdNEZ Nace en Quart de les Valls en 1972 (Camp de Morvedre) donde comienza en la especialidad de trompa, terminando sus estudios superiores al Conservatorio Superior de M\u00fasica de Valencia con el catedr\u00e1tico Jos\u00e9 Rosell. Obtiene el t\u00edtulo de la Royal School Music de Direcci\u00f3n de Banda y Teor\u00eda de la M\u00fasica, estudiando [&hellip;]","og_url":"https:\/\/www.omnesbands.international\/fr\/josep-miquel-martinez-2\/","article_modified_time":"2023-01-29T14:10:37+00:00","og_image":[{"width":1280,"height":742,"url":"https:\/\/www.omnesbands.international\/wp-content\/uploads\/2023\/01\/music-sheet-music-snowdrop-7107045.jpg","type":"image\/jpeg"}],"twitter_card":"summary_large_image","twitter_misc":{"Dur\u00e9e de lecture estim\u00e9e":"2 minutes"},"schema":{"@context":"https:\/\/schema.org","@graph":[{"@type":"WebPage","@id":"https:\/\/www.omnesbands.international\/josep-miquel-martinez-2\/","url":"https:\/\/www.omnesbands.international\/josep-miquel-martinez-2\/","name":"JOSEP MIQUEL MART\u00cdNEZ -","isPartOf":{"@id":"https:\/\/www.omnesbands.international\/#website"},"datePublished":"2023-01-29T14:06:10+00:00","dateModified":"2023-01-29T14:10:37+00:00","breadcrumb":{"@id":"https:\/\/www.omnesbands.international\/josep-miquel-martinez-2\/#breadcrumb"},"inLanguage":"fr-FR","potentialAction":[{"@type":"ReadAction","target":["https:\/\/www.omnesbands.international\/josep-miquel-martinez-2\/"]}]},{"@type":"BreadcrumbList","@id":"https:\/\/www.omnesbands.international\/josep-miquel-martinez-2\/#breadcrumb","itemListElement":[{"@type":"ListItem","position":1,"name":"Portada","item":"https:\/\/www.omnesbands.international\/"},{"@type":"ListItem","position":2,"name":"JOSEP MIQUEL MART\u00cdNEZ"}]},{"@type":"WebSite","@id":"https:\/\/www.omnesbands.international\/#website","url":"https:\/\/www.omnesbands.international\/","name":"OMNESBANDS International","description":"Partitions originales d&#039;auteurs et compositeurs ind\u00e9pendants","publisher":{"@id":"https:\/\/www.omnesbands.international\/#organization"},"potentialAction":[{"@type":"SearchAction","target":{"@type":"EntryPoint","urlTemplate":"https:\/\/www.omnesbands.international\/?s={search_term_string}"},"query-input":{"@type":"PropertyValueSpecification","valueRequired":true,"valueName":"search_term_string"}}],"inLanguage":"fr-FR"},{"@type":"Organization","@id":"https:\/\/www.omnesbands.international\/#organization","name":"Indra Consultants Internationaux","alternateName":"Omnesbands","url":"https:\/\/www.omnesbands.international\/","logo":{"@type":"ImageObject","inLanguage":"fr-FR","@id":"https:\/\/www.omnesbands.international\/#\/schema\/logo\/image\/","url":"https:\/\/omnesbands.international\/wp-content\/uploads\/2023\/06\/Logo-Nuevo-.png","contentUrl":"https:\/\/omnesbands.international\/wp-content\/uploads\/2023\/06\/Logo-Nuevo-.png","width":394,"height":212,"caption":"Indra Consultores Internacionales"},"image":{"@id":"https:\/\/www.omnesbands.international\/#\/schema\/logo\/image\/"}}]}},"uagb_featured_image_src":{"full":false,"thumbnail":false,"medium":false,"medium_large":false,"large":false,"1536x1536":false,"2048x2048":false,"trp-custom-language-flag":false,"gg_gallery_thumbnail":false,"woocommerce_thumbnail":false,"woocommerce_single":false,"woocommerce_gallery_thumbnail":false},"uagb_author_info":{"display_name":"Melvin R. Portillo A:","author_link":"https:\/\/www.omnesbands.international\/fr\/author\/portand\/"},"uagb_comment_info":0,"uagb_excerpt":"JOSEP MIQUEL MART\u00cdNEZ Nace en Quart de les Valls en 1972 (Camp de Morvedre) donde comienza en la especialidad de trompa, terminando sus estudios superiores al Conservatorio Superior de M\u00fasica de Valencia con el catedr\u00e1tico Jos\u00e9 Rosell. Obtiene el t\u00edtulo de la Royal School Music de Direcci\u00f3n de Banda y Teor\u00eda de la M\u00fasica, estudiando\u2026","_links":{"self":[{"href":"https:\/\/www.omnesbands.international\/fr\/wp-json\/wp\/v2\/pages\/1721","targetHints":{"allow":["GET"]}}],"collection":[{"href":"https:\/\/www.omnesbands.international\/fr\/wp-json\/wp\/v2\/pages"}],"about":[{"href":"https:\/\/www.omnesbands.international\/fr\/wp-json\/wp\/v2\/types\/page"}],"author":[{"embeddable":true,"href":"https:\/\/www.omnesbands.international\/fr\/wp-json\/wp\/v2\/users\/4"}],"replies":[{"embeddable":true,"href":"https:\/\/www.omnesbands.international\/fr\/wp-json\/wp\/v2\/comments?post=1721"}],"version-history":[{"count":2,"href":"https:\/\/www.omnesbands.international\/fr\/wp-json\/wp\/v2\/pages\/1721\/revisions"}],"predecessor-version":[{"id":1723,"href":"https:\/\/www.omnesbands.international\/fr\/wp-json\/wp\/v2\/pages\/1721\/revisions\/1723"}],"wp:attachment":[{"href":"https:\/\/www.omnesbands.international\/fr\/wp-json\/wp\/v2\/media?parent=1721"}],"curies":[{"name":"wp","href":"https:\/\/api.w.org\/{rel}","templated":true}]}}