{"id":1727,"date":"2023-01-29T08:17:20","date_gmt":"2023-01-29T14:17:20","guid":{"rendered":"https:\/\/omnesbands.international\/?page_id=1727"},"modified":"2023-01-29T08:19:15","modified_gmt":"2023-01-29T14:19:15","slug":"juan-alborch-minana-2","status":"publish","type":"page","link":"https:\/\/www.omnesbands.international\/fr\/juan-alborch-minana-2\/","title":{"rendered":"JUAN ALBORCH MI\u00d1ANA"},"content":{"rendered":"<div class=\"wp-block-uagb-container uagb-block-ac87e1ad alignfull uagb-is-root-container\"><div class=\"uagb-container-inner-blocks-wrap\">\n<div class=\"wp-block-uagb-advanced-heading uagb-block-3b39d437\"><h1 class=\"uagb-heading-text\"><strong>JUAN ALBORCH MI\u00d1ANA<\/strong><\/h1><\/div>\n<\/div><\/div>\n\n\n\n<div class=\"wp-block-uagb-container uagb-block-dad17566 alignfull uagb-is-root-container\"><div class=\"uagb-container-inner-blocks-wrap\">\n<div class=\"wp-block-uagb-container uagb-block-d1a1f175\">\n<p>Il est n\u00e9 \u00e0 Gand\u00eda en 1973 et a commenc\u00e9 ses \u00e9tudes musicales dans le Salem Musical Lira Band. Il d\u00e9tient le titre de Professeur d&#039;Euphonium, Professeur Sup\u00e9rieur d&#039;Harmonie, Contrepoint, Composition et Instrumentation, Professeur Sup\u00e9rieur de Th\u00e9orie Musicale et Th\u00e9orie Musicale et Professeur de Piano.<\/p>\n<p>Depuis 2000, il appartient au corps des professeurs de musique et des arts du spectacle et, depuis 2004, aux professeurs de musique et des arts du spectacle. Il a travaill\u00e9 comme professeur d&#039;harmonie aux Conservatoires Professionnels Tenor Cortis de D\u00e9nia et Ruperto Chap\u00ed d&#039;Elda, et est actuellement professeur de composition au Conservatoire de Musique \u00d3scar Espl\u00e1 d&#039;Alicante.<\/p>\n<p>Dans le domaine de la composition, il a \u00e9crit de la musique pour diff\u00e9rents groupes, mettant en valeur le groupe. Il a \u00e9galement compos\u00e9 de la musique pour orchestre, piano, ch\u0153ur, quintette \u00e0 vent ou quatuor \u00e0 cordes, entre autres, mettant en avant l&#039;\u0153uvre monographique Suite Utopique (2011) compos\u00e9e de ses propres compositions pour piano, voix et violoncelle.<\/p>\n<\/div>\n<\/div><\/div>\n\n\n<div class=\"woocommerce columns-4\"><\/div>","protected":false},"excerpt":{"rendered":"<p>JUAN ALBORCH MI\u00d1ANA Nace en Gand\u00eda en 1973 y comienza sus estudios musicales en la Banda Lira Musical de Salem. Est\u00e1 en posesi\u00f3n del t\u00edtulo de Profesor de Bombardino, Profesor Superior de Armon\u00eda, Contrapunto, Composici\u00f3n e Instrumentaci\u00f3n, Profesor Superior de Solfeo y Teor\u00eda de la M\u00fasica y Profesor de Piano. Desde el a\u00f1o 2000, pertenece [&hellip;]<\/p>\n","protected":false},"author":4,"featured_media":0,"parent":0,"menu_order":0,"comment_status":"closed","ping_status":"closed","template":"","meta":{"_acf_changed":false,"_uag_custom_page_level_css":"","site-sidebar-layout":"default","site-content-layout":"","ast-site-content-layout":"default","site-content-style":"default","site-sidebar-style":"default","ast-global-header-display":"","ast-banner-title-visibility":"","ast-main-header-display":"","ast-hfb-above-header-display":"","ast-hfb-below-header-display":"","ast-hfb-mobile-header-display":"","site-post-title":"disabled","ast-breadcrumbs-content":"","ast-featured-img":"","footer-sml-layout":"","ast-disable-related-posts":"","theme-transparent-header-meta":"","adv-header-id-meta":"","stick-header-meta":"","header-above-stick-meta":"","header-main-stick-meta":"","header-below-stick-meta":"","astra-migrate-meta-layouts":"default","ast-page-background-enabled":"default","ast-page-background-meta":{"desktop":{"background-color":"","background-image":"","background-repeat":"repeat","background-position":"center center","background-size":"auto","background-attachment":"scroll","background-type":"","background-media":"","overlay-type":"","overlay-color":"","overlay-opacity":"","overlay-gradient":""},"tablet":{"background-color":"","background-image":"","background-repeat":"repeat","background-position":"center center","background-size":"auto","background-attachment":"scroll","background-type":"","background-media":"","overlay-type":"","overlay-color":"","overlay-opacity":"","overlay-gradient":""},"mobile":{"background-color":"","background-image":"","background-repeat":"repeat","background-position":"center center","background-size":"auto","background-attachment":"scroll","background-type":"","background-media":"","overlay-type":"","overlay-color":"","overlay-opacity":"","overlay-gradient":""}},"ast-content-background-meta":{"desktop":{"background-color":"var(--ast-global-color-5)","background-image":"","background-repeat":"repeat","background-position":"center center","background-size":"auto","background-attachment":"scroll","background-type":"","background-media":"","overlay-type":"","overlay-color":"","overlay-opacity":"","overlay-gradient":""},"tablet":{"background-color":"var(--ast-global-color-5)","background-image":"","background-repeat":"repeat","background-position":"center center","background-size":"auto","background-attachment":"scroll","background-type":"","background-media":"","overlay-type":"","overlay-color":"","overlay-opacity":"","overlay-gradient":""},"mobile":{"background-color":"var(--ast-global-color-5)","background-image":"","background-repeat":"repeat","background-position":"center center","background-size":"auto","background-attachment":"scroll","background-type":"","background-media":"","overlay-type":"","overlay-color":"","overlay-opacity":"","overlay-gradient":""}},"footnotes":""},"class_list":["post-1727","page","type-page","status-publish","hentry"],"acf":[],"yoast_head":"<!-- This site is optimized with the Yoast SEO Premium plugin v22.4 (Yoast SEO v27.4) - https:\/\/yoast.com\/product\/yoast-seo-premium-wordpress\/ -->\n<title>JUAN ALBORCH MI\u00d1ANA -<\/title>\n<meta name=\"robots\" content=\"index, follow, max-snippet:-1, max-image-preview:large, max-video-preview:-1\" \/>\n<link rel=\"canonical\" href=\"https:\/\/www.omnesbands.international\/fr\/juan-alborch-minana-2\/\" \/>\n<meta property=\"og:locale\" content=\"fr_FR\" \/>\n<meta property=\"og:type\" content=\"article\" \/>\n<meta property=\"og:title\" content=\"JUAN ALBORCH MI\u00d1ANA\" \/>\n<meta property=\"og:description\" content=\"JUAN ALBORCH MI\u00d1ANA Nace en Gand\u00eda en 1973 y comienza sus estudios musicales en la Banda Lira Musical de Salem. Est\u00e1 en posesi\u00f3n del t\u00edtulo de Profesor de Bombardino, Profesor Superior de Armon\u00eda, Contrapunto, Composici\u00f3n e Instrumentaci\u00f3n, Profesor Superior de Solfeo y Teor\u00eda de la M\u00fasica y Profesor de Piano. Desde el a\u00f1o 2000, pertenece [&hellip;]\" \/>\n<meta property=\"og:url\" content=\"https:\/\/www.omnesbands.international\/fr\/juan-alborch-minana-2\/\" \/>\n<meta property=\"article:modified_time\" content=\"2023-01-29T14:19:15+00:00\" \/>\n<meta property=\"og:image\" content=\"https:\/\/www.omnesbands.international\/wp-content\/uploads\/2023\/01\/music-sheet-music-snowdrop-7107045.jpg\" \/>\n\t<meta property=\"og:image:width\" content=\"1280\" \/>\n\t<meta property=\"og:image:height\" content=\"742\" \/>\n\t<meta property=\"og:image:type\" content=\"image\/jpeg\" \/>\n<meta name=\"twitter:card\" content=\"summary_large_image\" \/>\n<meta name=\"twitter:label1\" content=\"Dur\u00e9e de lecture estim\u00e9e\" \/>\n\t<meta name=\"twitter:data1\" content=\"1 minute\" \/>\n<script type=\"application\/ld+json\" class=\"yoast-schema-graph\">{\"@context\":\"https:\\\/\\\/schema.org\",\"@graph\":[{\"@type\":\"WebPage\",\"@id\":\"https:\\\/\\\/www.omnesbands.international\\\/juan-alborch-minana-2\\\/\",\"url\":\"https:\\\/\\\/www.omnesbands.international\\\/juan-alborch-minana-2\\\/\",\"name\":\"JUAN ALBORCH MI\u00d1ANA -\",\"isPartOf\":{\"@id\":\"https:\\\/\\\/www.omnesbands.international\\\/#website\"},\"datePublished\":\"2023-01-29T14:17:20+00:00\",\"dateModified\":\"2023-01-29T14:19:15+00:00\",\"breadcrumb\":{\"@id\":\"https:\\\/\\\/www.omnesbands.international\\\/juan-alborch-minana-2\\\/#breadcrumb\"},\"inLanguage\":\"fr-FR\",\"potentialAction\":[{\"@type\":\"ReadAction\",\"target\":[\"https:\\\/\\\/www.omnesbands.international\\\/juan-alborch-minana-2\\\/\"]}]},{\"@type\":\"BreadcrumbList\",\"@id\":\"https:\\\/\\\/www.omnesbands.international\\\/juan-alborch-minana-2\\\/#breadcrumb\",\"itemListElement\":[{\"@type\":\"ListItem\",\"position\":1,\"name\":\"Portada\",\"item\":\"https:\\\/\\\/www.omnesbands.international\\\/\"},{\"@type\":\"ListItem\",\"position\":2,\"name\":\"JUAN ALBORCH MI\u00d1ANA\"}]},{\"@type\":\"WebSite\",\"@id\":\"https:\\\/\\\/www.omnesbands.international\\\/#website\",\"url\":\"https:\\\/\\\/www.omnesbands.international\\\/\",\"name\":\"OMNESBANDS International\",\"description\":\"Partituras Originales de autores y compositores independientes\",\"publisher\":{\"@id\":\"https:\\\/\\\/www.omnesbands.international\\\/#organization\"},\"potentialAction\":[{\"@type\":\"SearchAction\",\"target\":{\"@type\":\"EntryPoint\",\"urlTemplate\":\"https:\\\/\\\/www.omnesbands.international\\\/?s={search_term_string}\"},\"query-input\":{\"@type\":\"PropertyValueSpecification\",\"valueRequired\":true,\"valueName\":\"search_term_string\"}}],\"inLanguage\":\"fr-FR\"},{\"@type\":\"Organization\",\"@id\":\"https:\\\/\\\/www.omnesbands.international\\\/#organization\",\"name\":\"Indra Consultores Internacionales\",\"alternateName\":\"Omnesbands\",\"url\":\"https:\\\/\\\/www.omnesbands.international\\\/\",\"logo\":{\"@type\":\"ImageObject\",\"inLanguage\":\"fr-FR\",\"@id\":\"https:\\\/\\\/www.omnesbands.international\\\/#\\\/schema\\\/logo\\\/image\\\/\",\"url\":\"https:\\\/\\\/omnesbands.international\\\/wp-content\\\/uploads\\\/2023\\\/06\\\/Logo-Nuevo-.png\",\"contentUrl\":\"https:\\\/\\\/omnesbands.international\\\/wp-content\\\/uploads\\\/2023\\\/06\\\/Logo-Nuevo-.png\",\"width\":394,\"height\":212,\"caption\":\"Indra Consultores Internacionales\"},\"image\":{\"@id\":\"https:\\\/\\\/www.omnesbands.international\\\/#\\\/schema\\\/logo\\\/image\\\/\"}}]}<\/script>\n<!-- \/ Yoast SEO Premium plugin. -->","yoast_head_json":{"title":"JUAN ALBORCH MI\u00d1ANA -","robots":{"index":"index","follow":"follow","max-snippet":"max-snippet:-1","max-image-preview":"max-image-preview:large","max-video-preview":"max-video-preview:-1"},"canonical":"https:\/\/www.omnesbands.international\/fr\/juan-alborch-minana-2\/","og_locale":"fr_FR","og_type":"article","og_title":"JUAN ALBORCH MI\u00d1ANA","og_description":"JUAN ALBORCH MI\u00d1ANA Nace en Gand\u00eda en 1973 y comienza sus estudios musicales en la Banda Lira Musical de Salem. Est\u00e1 en posesi\u00f3n del t\u00edtulo de Profesor de Bombardino, Profesor Superior de Armon\u00eda, Contrapunto, Composici\u00f3n e Instrumentaci\u00f3n, Profesor Superior de Solfeo y Teor\u00eda de la M\u00fasica y Profesor de Piano. Desde el a\u00f1o 2000, pertenece [&hellip;]","og_url":"https:\/\/www.omnesbands.international\/fr\/juan-alborch-minana-2\/","article_modified_time":"2023-01-29T14:19:15+00:00","og_image":[{"width":1280,"height":742,"url":"https:\/\/www.omnesbands.international\/wp-content\/uploads\/2023\/01\/music-sheet-music-snowdrop-7107045.jpg","type":"image\/jpeg"}],"twitter_card":"summary_large_image","twitter_misc":{"Dur\u00e9e de lecture estim\u00e9e":"1 minute"},"schema":{"@context":"https:\/\/schema.org","@graph":[{"@type":"WebPage","@id":"https:\/\/www.omnesbands.international\/juan-alborch-minana-2\/","url":"https:\/\/www.omnesbands.international\/juan-alborch-minana-2\/","name":"JUAN ALBORCH MI\u00d1ANA -","isPartOf":{"@id":"https:\/\/www.omnesbands.international\/#website"},"datePublished":"2023-01-29T14:17:20+00:00","dateModified":"2023-01-29T14:19:15+00:00","breadcrumb":{"@id":"https:\/\/www.omnesbands.international\/juan-alborch-minana-2\/#breadcrumb"},"inLanguage":"fr-FR","potentialAction":[{"@type":"ReadAction","target":["https:\/\/www.omnesbands.international\/juan-alborch-minana-2\/"]}]},{"@type":"BreadcrumbList","@id":"https:\/\/www.omnesbands.international\/juan-alborch-minana-2\/#breadcrumb","itemListElement":[{"@type":"ListItem","position":1,"name":"Portada","item":"https:\/\/www.omnesbands.international\/"},{"@type":"ListItem","position":2,"name":"JUAN ALBORCH MI\u00d1ANA"}]},{"@type":"WebSite","@id":"https:\/\/www.omnesbands.international\/#website","url":"https:\/\/www.omnesbands.international\/","name":"OMNESBANDS International","description":"Partitions originales d&#039;auteurs et compositeurs ind\u00e9pendants","publisher":{"@id":"https:\/\/www.omnesbands.international\/#organization"},"potentialAction":[{"@type":"SearchAction","target":{"@type":"EntryPoint","urlTemplate":"https:\/\/www.omnesbands.international\/?s={search_term_string}"},"query-input":{"@type":"PropertyValueSpecification","valueRequired":true,"valueName":"search_term_string"}}],"inLanguage":"fr-FR"},{"@type":"Organization","@id":"https:\/\/www.omnesbands.international\/#organization","name":"Indra Consultants Internationaux","alternateName":"Omnesbands","url":"https:\/\/www.omnesbands.international\/","logo":{"@type":"ImageObject","inLanguage":"fr-FR","@id":"https:\/\/www.omnesbands.international\/#\/schema\/logo\/image\/","url":"https:\/\/omnesbands.international\/wp-content\/uploads\/2023\/06\/Logo-Nuevo-.png","contentUrl":"https:\/\/omnesbands.international\/wp-content\/uploads\/2023\/06\/Logo-Nuevo-.png","width":394,"height":212,"caption":"Indra Consultores Internacionales"},"image":{"@id":"https:\/\/www.omnesbands.international\/#\/schema\/logo\/image\/"}}]}},"uagb_featured_image_src":{"full":false,"thumbnail":false,"medium":false,"medium_large":false,"large":false,"1536x1536":false,"2048x2048":false,"trp-custom-language-flag":false,"gg_gallery_thumbnail":false,"woocommerce_thumbnail":false,"woocommerce_single":false,"woocommerce_gallery_thumbnail":false},"uagb_author_info":{"display_name":"Melvin R. Portillo A:","author_link":"https:\/\/www.omnesbands.international\/fr\/author\/portand\/"},"uagb_comment_info":0,"uagb_excerpt":"JUAN ALBORCH MI\u00d1ANA Nace en Gand\u00eda en 1973 y comienza sus estudios musicales en la Banda Lira Musical de Salem. Est\u00e1 en posesi\u00f3n del t\u00edtulo de Profesor de Bombardino, Profesor Superior de Armon\u00eda, Contrapunto, Composici\u00f3n e Instrumentaci\u00f3n, Profesor Superior de Solfeo y Teor\u00eda de la M\u00fasica y Profesor de Piano. Desde el a\u00f1o 2000, pertenece\u2026","_links":{"self":[{"href":"https:\/\/www.omnesbands.international\/fr\/wp-json\/wp\/v2\/pages\/1727","targetHints":{"allow":["GET"]}}],"collection":[{"href":"https:\/\/www.omnesbands.international\/fr\/wp-json\/wp\/v2\/pages"}],"about":[{"href":"https:\/\/www.omnesbands.international\/fr\/wp-json\/wp\/v2\/types\/page"}],"author":[{"embeddable":true,"href":"https:\/\/www.omnesbands.international\/fr\/wp-json\/wp\/v2\/users\/4"}],"replies":[{"embeddable":true,"href":"https:\/\/www.omnesbands.international\/fr\/wp-json\/wp\/v2\/comments?post=1727"}],"version-history":[{"count":3,"href":"https:\/\/www.omnesbands.international\/fr\/wp-json\/wp\/v2\/pages\/1727\/revisions"}],"predecessor-version":[{"id":1730,"href":"https:\/\/www.omnesbands.international\/fr\/wp-json\/wp\/v2\/pages\/1727\/revisions\/1730"}],"wp:attachment":[{"href":"https:\/\/www.omnesbands.international\/fr\/wp-json\/wp\/v2\/media?parent=1727"}],"curies":[{"name":"wp","href":"https:\/\/api.w.org\/{rel}","templated":true}]}}