{"id":1734,"date":"2023-01-29T08:33:10","date_gmt":"2023-01-29T14:33:10","guid":{"rendered":"https:\/\/omnesbands.international\/?page_id=1734"},"modified":"2023-01-29T08:35:14","modified_gmt":"2023-01-29T14:35:14","slug":"juan-manuel-molina-milla-2","status":"publish","type":"page","link":"https:\/\/www.omnesbands.international\/fr\/juan-manuel-molina-milla-2\/","title":{"rendered":"JUAN MANUEL MOLINA MILL\u00c0"},"content":{"rendered":"<div class=\"wp-block-uagb-container uagb-block-8d170ce7 alignfull uagb-is-root-container\"><div class=\"uagb-container-inner-blocks-wrap\">\n<div class=\"wp-block-uagb-advanced-heading uagb-block-4b96627a\"><h1 class=\"uagb-heading-text\"><strong>JUAN MANUEL MOLINA MILL\u00c0<\/strong><\/h1><\/div>\n<\/div><\/div>\n\n\n\n<div class=\"wp-block-uagb-container uagb-block-5ad1816b alignfull uagb-is-root-container\"><div class=\"uagb-container-inner-blocks-wrap\">\n<div class=\"wp-block-uagb-container uagb-block-c1f42671\">\n<p>Juan Manuel Molina Mill\u00e1 (ao\u00fbt 1940-2018) a commenc\u00e9 ses \u00e9tudes musicales aux mains de son p\u00e8re D. Juan Molina Pay\u00e1, directeur du groupe Uni\u00f3n Musical de Agost. Son p\u00e8re l&#039;a pr\u00e9sent\u00e9 \u00e0 l&#039;examen de solf\u00e8ge, dans la modalit\u00e9 d&#039;inscription gratuite, au Conservatoire Royal de Madrid, en prenant tous les cours de solf\u00e8ge avec distinction dans le m\u00eame appel.<\/p>\n<p>Il a \u00e9tudi\u00e9 la trompette \u00e0 Madrid de mani\u00e8re priv\u00e9e, passant un examen au conservatoire avec modalit\u00e9 d&#039;inscription gratuite dans tous les cours. Le dernier cours du dipl\u00f4me se fait au Conservatoire \u00d3scar Espl\u00e1 d&#039;Alicante, o\u00f9 il obtient la qualification de Outstanding with Honor, un dipl\u00f4me qu&#039;il re\u00e7oit de la main de D. \u00d3scar Espl\u00e1 avec sa signature.<\/p>\n<p>En tant que trompettiste, il est venu occuper une place pr\u00e9pond\u00e9rante au sein de la profession, parcourant tout le pays et une grande partie de l&#039;\u00e9tranger. Partagez des sc\u00e8nes avec des artistes nationaux et \u00e9trangers pertinents : Henry Mancini, Liza Minelly, Augusto Alguer\u00f3, Pedro Iturralde et Jos\u00e9 Torregrosa entre autres.<\/p>\n<p>Il fr\u00e9quente des postes importants dans les enregistrements t\u00e9l\u00e9vis\u00e9s, les spectacles et les festivals.<\/p>\n<p>Il \u00e9tudie l&#039;harmonie, le contrepoint et la fugue, la composition et l&#039;instrumentation. Son \u0153uvre de compositeur est large et diversifi\u00e9e ; il compose des hymnes, des marches de procession, des pasodobles, de la musique vocale, pour ch\u0153urs, etc. Il remporte des prix dans des concours nationaux.<\/p>\n<p>Quant \u00e0 sa facette en tant que directeur de la Soci\u00e9t\u00e9 Philharmonique de l&#039;Union Musicale Agost, en 1977 au mois de mai, la Soci\u00e9t\u00e9 rend hommage au directeur et grand promoteur de la musique dans notre ville pendant 47 ans D. Juan Molina Paya. Il a ensuite \u00e9t\u00e9 remplac\u00e9 par son fils D. Juan Manuel Molina Milla. En 1978 il participe au Concours de l&#039;Exma. Diputaci\u00f3n, obtenant la premi\u00e8re place dans la 2\u00e8me cat\u00e9gorie, dans la premi\u00e8re phase, en 1979 et dans le m\u00eame concours, il a de nouveau obtenu le premier prix, dont la finale a lieu \u00e0 Rafal (Alicante). En 1982, il participe au m\u00eame concours, participant \u00e0 la premi\u00e8re cat\u00e9gorie. Poursuivant ce travail en tant que directeur jusqu&#039;en janvier 1985, o\u00f9 M. Adolfo Pi\u00f1ero le pr\u00e9c\u00e8de. Reprise de ce travail dans une deuxi\u00e8me \u00e9tape de novembre 1991 \u00e0 1992, o\u00f9 D. Juan Jos\u00e9 Cuenca Ant\u00f3n le suivra.<\/p>\n<p>Son \u0153uvre la plus importante est la Trilogie qu&#039;il d\u00e9die \u00e0 sa ville natale intitul\u00e9e Cantos de Agost. Trois \u0153uvres couvrent la quasi-totalit\u00e9 du folklore de la ville d&#039;Agost. La Serenata (Chants \u00e0 la Vierge), Cants del record (Chants du travail) et El Rey Moro (danses populaires pour le plaisir et les loisirs). L&#039;\u0153uvre est bien \u00e9labor\u00e9e tant au sens harmonique que contrapuntique. Les th\u00e8mes sont clairement expos\u00e9s et d\u00e9velopp\u00e9s avec un sens symphonique profond. L&#039;\u0153uvre est compos\u00e9e pour orchestre symphonique.<\/p>\n<\/div>\n<\/div><\/div>\n\n\n<div class=\"woocommerce columns-4\"><ul class=\"products columns-4\">\n<li class=\"desktop-align-left tablet-align-left mobile-align-left ast-product-gallery-layout-horizontal-slider product type-product post-1329 status-publish first instock product_cat-pasodobles product_tag-juan-manuel-molina-milla has-post-thumbnail downloadable virtual taxable purchasable product-type-simple\">\n\t<a href=\"https:\/\/www.omnesbands.international\/fr\/produit\/juan-felipe\/\" class=\"woocommerce-LoopProduct-link woocommerce-loop-product__link\"><img loading=\"lazy\" decoding=\"async\" width=\"300\" height=\"300\" src=\"https:\/\/www.omnesbands.international\/wp-content\/uploads\/2023\/01\/Juan-Felipe-1-300x300.jpg\" class=\"attachment-woocommerce_thumbnail size-woocommerce_thumbnail\" alt=\"Juan Felipe\" srcset=\"https:\/\/www.omnesbands.international\/wp-content\/uploads\/2023\/01\/Juan-Felipe-1-300x300.jpg 300w, https:\/\/www.omnesbands.international\/wp-content\/uploads\/2023\/01\/Juan-Felipe-1-150x150.jpg 150w, https:\/\/www.omnesbands.international\/wp-content\/uploads\/2023\/01\/Juan-Felipe-1-100x100.jpg 100w\" sizes=\"auto, (max-width: 300px) 100vw, 300px\" \/><h2 class=\"woocommerce-loop-product__title\">Juan Felipe<\/h2>\n\t<span class=\"price\"><span class=\"woocommerce-Price-amount amount\"><bdi><span class=\"woocommerce-Price-currencySymbol\">&#36;<\/span>25.00<\/bdi><\/span><\/span>\n<\/a><a href=\"\/fr\/wp-json\/wp\/v2\/pages\/1734?add-to-cart=1329\" aria-describedby=\"woocommerce_loop_add_to_cart_link_describedby_1329\" data-quantity=\"1\" class=\"button product_type_simple add_to_cart_button ajax_add_to_cart\" data-product_id=\"1329\" data-product_sku=\"JUA-PAS-ESP-22\" aria-label=\"Ajouter au panier : \u00ab Juan Felipe \u00bb\" rel=\"nofollow\" data-success_message=\"\u00ab\u00a0Juan Felipe\u00a0\u00bb a \u00e9t\u00e9 ajout\u00e9 \u00e0 votre panier\" role=\"button\" data-no-translation=\"\" data-trp-gettext=\"\" data-no-translation-aria-label=\"\" data-no-translation-data-success_message=\"\">Ajouter au panier<\/a>\t<span id=\"woocommerce_loop_add_to_cart_link_describedby_1329\" class=\"screen-reader-text\">\n\t\t\t<\/span>\n<\/li>\n<\/ul>\n<\/div>","protected":false},"excerpt":{"rendered":"<p>JUAN MANUEL MOLINA MILL\u00c0 Juan Manuel Molina Mill\u00e1 (Agost, 1940-2018) comenz\u00f3 sus estudios musicales de la mano de su padre D. Juan Molina Pay\u00e1, maestro director de la banda Uni\u00f3n Musical de Agost. Su padre le present\u00f3 al examen de solfeo, en la modalidad de matr\u00edcula libre, en el Real Conservatorio de Madrid, sacando en [&hellip;]<\/p>\n","protected":false},"author":4,"featured_media":0,"parent":0,"menu_order":0,"comment_status":"closed","ping_status":"closed","template":"","meta":{"_acf_changed":false,"_uag_custom_page_level_css":"","site-sidebar-layout":"default","site-content-layout":"","ast-site-content-layout":"default","site-content-style":"default","site-sidebar-style":"default","ast-global-header-display":"","ast-banner-title-visibility":"","ast-main-header-display":"","ast-hfb-above-header-display":"","ast-hfb-below-header-display":"","ast-hfb-mobile-header-display":"","site-post-title":"disabled","ast-breadcrumbs-content":"","ast-featured-img":"","footer-sml-layout":"","ast-disable-related-posts":"","theme-transparent-header-meta":"","adv-header-id-meta":"","stick-header-meta":"","header-above-stick-meta":"","header-main-stick-meta":"","header-below-stick-meta":"","astra-migrate-meta-layouts":"default","ast-page-background-enabled":"default","ast-page-background-meta":{"desktop":{"background-color":"","background-image":"","background-repeat":"repeat","background-position":"center center","background-size":"auto","background-attachment":"scroll","background-type":"","background-media":"","overlay-type":"","overlay-color":"","overlay-opacity":"","overlay-gradient":""},"tablet":{"background-color":"","background-image":"","background-repeat":"repeat","background-position":"center center","background-size":"auto","background-attachment":"scroll","background-type":"","background-media":"","overlay-type":"","overlay-color":"","overlay-opacity":"","overlay-gradient":""},"mobile":{"background-color":"","background-image":"","background-repeat":"repeat","background-position":"center center","background-size":"auto","background-attachment":"scroll","background-type":"","background-media":"","overlay-type":"","overlay-color":"","overlay-opacity":"","overlay-gradient":""}},"ast-content-background-meta":{"desktop":{"background-color":"var(--ast-global-color-5)","background-image":"","background-repeat":"repeat","background-position":"center center","background-size":"auto","background-attachment":"scroll","background-type":"","background-media":"","overlay-type":"","overlay-color":"","overlay-opacity":"","overlay-gradient":""},"tablet":{"background-color":"var(--ast-global-color-5)","background-image":"","background-repeat":"repeat","background-position":"center center","background-size":"auto","background-attachment":"scroll","background-type":"","background-media":"","overlay-type":"","overlay-color":"","overlay-opacity":"","overlay-gradient":""},"mobile":{"background-color":"var(--ast-global-color-5)","background-image":"","background-repeat":"repeat","background-position":"center center","background-size":"auto","background-attachment":"scroll","background-type":"","background-media":"","overlay-type":"","overlay-color":"","overlay-opacity":"","overlay-gradient":""}},"footnotes":""},"class_list":["post-1734","page","type-page","status-publish","hentry"],"acf":[],"yoast_head":"<!-- This site is optimized with the Yoast SEO Premium plugin v22.4 (Yoast SEO v27.4) - https:\/\/yoast.com\/product\/yoast-seo-premium-wordpress\/ -->\n<title>JUAN MANUEL MOLINA MILL\u00c0 -<\/title>\n<meta name=\"robots\" content=\"index, follow, max-snippet:-1, max-image-preview:large, max-video-preview:-1\" \/>\n<link rel=\"canonical\" href=\"https:\/\/www.omnesbands.international\/fr\/juan-manuel-molina-milla-2\/\" \/>\n<meta property=\"og:locale\" content=\"fr_FR\" \/>\n<meta property=\"og:type\" content=\"article\" \/>\n<meta property=\"og:title\" content=\"JUAN MANUEL MOLINA MILL\u00c0\" \/>\n<meta property=\"og:description\" content=\"JUAN MANUEL MOLINA MILL\u00c0 Juan Manuel Molina Mill\u00e1 (Agost, 1940-2018) comenz\u00f3 sus estudios musicales de la mano de su padre D. Juan Molina Pay\u00e1, maestro director de la banda Uni\u00f3n Musical de Agost. Su padre le present\u00f3 al examen de solfeo, en la modalidad de matr\u00edcula libre, en el Real Conservatorio de Madrid, sacando en [&hellip;]\" \/>\n<meta property=\"og:url\" content=\"https:\/\/www.omnesbands.international\/fr\/juan-manuel-molina-milla-2\/\" \/>\n<meta property=\"article:modified_time\" content=\"2023-01-29T14:35:14+00:00\" \/>\n<meta property=\"og:image\" content=\"https:\/\/www.omnesbands.international\/wp-content\/uploads\/2023\/01\/music-sheet-music-snowdrop-7107045.jpg\" \/>\n\t<meta property=\"og:image:width\" content=\"1280\" \/>\n\t<meta property=\"og:image:height\" content=\"742\" \/>\n\t<meta property=\"og:image:type\" content=\"image\/jpeg\" \/>\n<meta name=\"twitter:card\" content=\"summary_large_image\" \/>\n<meta name=\"twitter:label1\" content=\"Dur\u00e9e de lecture estim\u00e9e\" \/>\n\t<meta name=\"twitter:data1\" content=\"2 minutes\" \/>\n<script type=\"application\/ld+json\" class=\"yoast-schema-graph\">{\"@context\":\"https:\\\/\\\/schema.org\",\"@graph\":[{\"@type\":\"WebPage\",\"@id\":\"https:\\\/\\\/www.omnesbands.international\\\/juan-manuel-molina-milla-2\\\/\",\"url\":\"https:\\\/\\\/www.omnesbands.international\\\/juan-manuel-molina-milla-2\\\/\",\"name\":\"JUAN MANUEL MOLINA MILL\u00c0 -\",\"isPartOf\":{\"@id\":\"https:\\\/\\\/www.omnesbands.international\\\/#website\"},\"datePublished\":\"2023-01-29T14:33:10+00:00\",\"dateModified\":\"2023-01-29T14:35:14+00:00\",\"breadcrumb\":{\"@id\":\"https:\\\/\\\/www.omnesbands.international\\\/juan-manuel-molina-milla-2\\\/#breadcrumb\"},\"inLanguage\":\"fr-FR\",\"potentialAction\":[{\"@type\":\"ReadAction\",\"target\":[\"https:\\\/\\\/www.omnesbands.international\\\/juan-manuel-molina-milla-2\\\/\"]}]},{\"@type\":\"BreadcrumbList\",\"@id\":\"https:\\\/\\\/www.omnesbands.international\\\/juan-manuel-molina-milla-2\\\/#breadcrumb\",\"itemListElement\":[{\"@type\":\"ListItem\",\"position\":1,\"name\":\"Portada\",\"item\":\"https:\\\/\\\/www.omnesbands.international\\\/\"},{\"@type\":\"ListItem\",\"position\":2,\"name\":\"JUAN MANUEL MOLINA MILL\u00c0\"}]},{\"@type\":\"WebSite\",\"@id\":\"https:\\\/\\\/www.omnesbands.international\\\/#website\",\"url\":\"https:\\\/\\\/www.omnesbands.international\\\/\",\"name\":\"OMNESBANDS International\",\"description\":\"Partituras Originales de autores y compositores independientes\",\"publisher\":{\"@id\":\"https:\\\/\\\/www.omnesbands.international\\\/#organization\"},\"potentialAction\":[{\"@type\":\"SearchAction\",\"target\":{\"@type\":\"EntryPoint\",\"urlTemplate\":\"https:\\\/\\\/www.omnesbands.international\\\/?s={search_term_string}\"},\"query-input\":{\"@type\":\"PropertyValueSpecification\",\"valueRequired\":true,\"valueName\":\"search_term_string\"}}],\"inLanguage\":\"fr-FR\"},{\"@type\":\"Organization\",\"@id\":\"https:\\\/\\\/www.omnesbands.international\\\/#organization\",\"name\":\"Indra Consultores Internacionales\",\"alternateName\":\"Omnesbands\",\"url\":\"https:\\\/\\\/www.omnesbands.international\\\/\",\"logo\":{\"@type\":\"ImageObject\",\"inLanguage\":\"fr-FR\",\"@id\":\"https:\\\/\\\/www.omnesbands.international\\\/#\\\/schema\\\/logo\\\/image\\\/\",\"url\":\"https:\\\/\\\/omnesbands.international\\\/wp-content\\\/uploads\\\/2023\\\/06\\\/Logo-Nuevo-.png\",\"contentUrl\":\"https:\\\/\\\/omnesbands.international\\\/wp-content\\\/uploads\\\/2023\\\/06\\\/Logo-Nuevo-.png\",\"width\":394,\"height\":212,\"caption\":\"Indra Consultores Internacionales\"},\"image\":{\"@id\":\"https:\\\/\\\/www.omnesbands.international\\\/#\\\/schema\\\/logo\\\/image\\\/\"}}]}<\/script>\n<!-- \/ Yoast SEO Premium plugin. -->","yoast_head_json":{"title":"JUAN MANUEL MOLINA MILL\u00c0 -","robots":{"index":"index","follow":"follow","max-snippet":"max-snippet:-1","max-image-preview":"max-image-preview:large","max-video-preview":"max-video-preview:-1"},"canonical":"https:\/\/www.omnesbands.international\/fr\/juan-manuel-molina-milla-2\/","og_locale":"fr_FR","og_type":"article","og_title":"JUAN MANUEL MOLINA MILL\u00c0","og_description":"JUAN MANUEL MOLINA MILL\u00c0 Juan Manuel Molina Mill\u00e1 (Agost, 1940-2018) comenz\u00f3 sus estudios musicales de la mano de su padre D. Juan Molina Pay\u00e1, maestro director de la banda Uni\u00f3n Musical de Agost. Su padre le present\u00f3 al examen de solfeo, en la modalidad de matr\u00edcula libre, en el Real Conservatorio de Madrid, sacando en [&hellip;]","og_url":"https:\/\/www.omnesbands.international\/fr\/juan-manuel-molina-milla-2\/","article_modified_time":"2023-01-29T14:35:14+00:00","og_image":[{"width":1280,"height":742,"url":"https:\/\/www.omnesbands.international\/wp-content\/uploads\/2023\/01\/music-sheet-music-snowdrop-7107045.jpg","type":"image\/jpeg"}],"twitter_card":"summary_large_image","twitter_misc":{"Dur\u00e9e de lecture estim\u00e9e":"2 minutes"},"schema":{"@context":"https:\/\/schema.org","@graph":[{"@type":"WebPage","@id":"https:\/\/www.omnesbands.international\/juan-manuel-molina-milla-2\/","url":"https:\/\/www.omnesbands.international\/juan-manuel-molina-milla-2\/","name":"JUAN MANUEL MOLINA MILL\u00c0 -","isPartOf":{"@id":"https:\/\/www.omnesbands.international\/#website"},"datePublished":"2023-01-29T14:33:10+00:00","dateModified":"2023-01-29T14:35:14+00:00","breadcrumb":{"@id":"https:\/\/www.omnesbands.international\/juan-manuel-molina-milla-2\/#breadcrumb"},"inLanguage":"fr-FR","potentialAction":[{"@type":"ReadAction","target":["https:\/\/www.omnesbands.international\/juan-manuel-molina-milla-2\/"]}]},{"@type":"BreadcrumbList","@id":"https:\/\/www.omnesbands.international\/juan-manuel-molina-milla-2\/#breadcrumb","itemListElement":[{"@type":"ListItem","position":1,"name":"Portada","item":"https:\/\/www.omnesbands.international\/"},{"@type":"ListItem","position":2,"name":"JUAN MANUEL MOLINA MILL\u00c0"}]},{"@type":"WebSite","@id":"https:\/\/www.omnesbands.international\/#website","url":"https:\/\/www.omnesbands.international\/","name":"OMNESBANDS International","description":"Partitions originales d&#039;auteurs et compositeurs ind\u00e9pendants","publisher":{"@id":"https:\/\/www.omnesbands.international\/#organization"},"potentialAction":[{"@type":"SearchAction","target":{"@type":"EntryPoint","urlTemplate":"https:\/\/www.omnesbands.international\/?s={search_term_string}"},"query-input":{"@type":"PropertyValueSpecification","valueRequired":true,"valueName":"search_term_string"}}],"inLanguage":"fr-FR"},{"@type":"Organization","@id":"https:\/\/www.omnesbands.international\/#organization","name":"Indra Consultants Internationaux","alternateName":"Omnesbands","url":"https:\/\/www.omnesbands.international\/","logo":{"@type":"ImageObject","inLanguage":"fr-FR","@id":"https:\/\/www.omnesbands.international\/#\/schema\/logo\/image\/","url":"https:\/\/omnesbands.international\/wp-content\/uploads\/2023\/06\/Logo-Nuevo-.png","contentUrl":"https:\/\/omnesbands.international\/wp-content\/uploads\/2023\/06\/Logo-Nuevo-.png","width":394,"height":212,"caption":"Indra Consultores Internacionales"},"image":{"@id":"https:\/\/www.omnesbands.international\/#\/schema\/logo\/image\/"}}]}},"uagb_featured_image_src":{"full":false,"thumbnail":false,"medium":false,"medium_large":false,"large":false,"1536x1536":false,"2048x2048":false,"trp-custom-language-flag":false,"gg_gallery_thumbnail":false,"woocommerce_thumbnail":false,"woocommerce_single":false,"woocommerce_gallery_thumbnail":false},"uagb_author_info":{"display_name":"Melvin R. Portillo A:","author_link":"https:\/\/www.omnesbands.international\/fr\/author\/portand\/"},"uagb_comment_info":0,"uagb_excerpt":"JUAN MANUEL MOLINA MILL\u00c0 Juan Manuel Molina Mill\u00e1 (Agost, 1940-2018) comenz\u00f3 sus estudios musicales de la mano de su padre D. Juan Molina Pay\u00e1, maestro director de la banda Uni\u00f3n Musical de Agost. Su padre le present\u00f3 al examen de solfeo, en la modalidad de matr\u00edcula libre, en el Real Conservatorio de Madrid, sacando en\u2026","_links":{"self":[{"href":"https:\/\/www.omnesbands.international\/fr\/wp-json\/wp\/v2\/pages\/1734","targetHints":{"allow":["GET"]}}],"collection":[{"href":"https:\/\/www.omnesbands.international\/fr\/wp-json\/wp\/v2\/pages"}],"about":[{"href":"https:\/\/www.omnesbands.international\/fr\/wp-json\/wp\/v2\/types\/page"}],"author":[{"embeddable":true,"href":"https:\/\/www.omnesbands.international\/fr\/wp-json\/wp\/v2\/users\/4"}],"replies":[{"embeddable":true,"href":"https:\/\/www.omnesbands.international\/fr\/wp-json\/wp\/v2\/comments?post=1734"}],"version-history":[{"count":3,"href":"https:\/\/www.omnesbands.international\/fr\/wp-json\/wp\/v2\/pages\/1734\/revisions"}],"predecessor-version":[{"id":1737,"href":"https:\/\/www.omnesbands.international\/fr\/wp-json\/wp\/v2\/pages\/1734\/revisions\/1737"}],"wp:attachment":[{"href":"https:\/\/www.omnesbands.international\/fr\/wp-json\/wp\/v2\/media?parent=1734"}],"curies":[{"name":"wp","href":"https:\/\/api.w.org\/{rel}","templated":true}]}}