{"id":1738,"date":"2023-01-29T08:41:54","date_gmt":"2023-01-29T14:41:54","guid":{"rendered":"https:\/\/omnesbands.international\/?page_id=1738"},"modified":"2023-02-03T16:54:27","modified_gmt":"2023-02-03T22:54:27","slug":"juan-fco-sanjuan-rodrigo-2","status":"publish","type":"page","link":"https:\/\/www.omnesbands.international\/fr\/juan-fco-sanjuan-rodrigo-2\/","title":{"rendered":"JEAN FCO. SANJUAN RODRIGO"},"content":{"rendered":"<div class=\"wp-block-uagb-container uagb-block-3769f489 alignfull uagb-is-root-container\"><div class=\"uagb-container-inner-blocks-wrap\">\n<div class=\"wp-block-uagb-advanced-heading uagb-block-561b8bdf\"><h1 class=\"uagb-heading-text\"><strong>JEAN FCO. SANJUAN RODRIGO<\/strong><\/h1><\/div>\n<\/div><\/div>\n\n\n\n<div class=\"wp-block-uagb-container uagb-block-160fd0ff alignfull uagb-is-root-container\"><div class=\"uagb-container-inner-blocks-wrap\">\n<div class=\"wp-block-uagb-container uagb-block-40050322\">\n<p>Juan Fco. Sanju\u00e1n Rodrigo, a commenc\u00e9 ses \u00e9tudes dans sa ville natale, Muro de Alcoi (Alicante), a continu\u00e9 aux Conservatoires d&#039;Alcoi, San Vicente del Raspeig (Alicante) et Ontinyent (Valence) dans les deux avec d&#039;excellentes notes, et a finalement obtenu l&#039;Extraordinaire Prix de fin d&#039;\u00e9tudes sup\u00e9rieures \u00e0 l&#039;unanimit\u00e9 par le Tribunal dans la sp\u00e9cialit\u00e9 de trompette du Conservatoire Sup\u00e9rieur de Castell\u00f3 de la Plana, il a \u00e9galement obtenu le Premier Prix du Concours Europ\u00e9en des R\u00e9gions Ravel - Granados et le Prix Euterpe d\u00e9cern\u00e9 par la F\u00e9d\u00e9ration des Soci\u00e9t\u00e9s Musicales de la Communaut\u00e9 valencienne.<\/p>\n<p>Parall\u00e8lement, il approfondit ses \u00e9tudes de trompette dans de nombreux cours de perfectionnement aupr\u00e8s de professeurs de renomm\u00e9e internationale tels que Malcom McNab, Ole Antonsen, Alfonso Faus Segarra, Philiph Smith, Enrique Rioja, Juan C. Alandete, Urban Agnas, Benjam\u00edn Moreno, Vicente Oliver, Vincent Campos. Participe aux orchestres &quot;Pablo Sarasate de Pamplona&quot;, &quot;Atrium de Ontinyent&quot;, &quot;Orquesta Castell\u00f3n XXI&quot;, Orquestra de Vents Filharmonia&quot;, &quot;Orchestre municipal d&#039;Alicante&quot;, &quot;Banda de la FSMCV&quot;, Alcoyana Symphony Orchestra &quot;et de nombreux groupes Musique de groupe amateur dans les concerts, les enregistrements de CD et les concours.<\/p>\n<p>COMPOSITION<\/p>\n<p>Dans le domaine de la composition, il a \u00e9tudi\u00e9 dans divers cours et s\u00e9minaires sur l&#039;harmonie, l&#039;analyse, la musique ancienne, la musique contemporaine avec les professeurs Enrico Fubini, Jaime Linares, Joan Cerver\u00f3, Manuel Tom\u00e1s, Salvador Segu\u00ed, Jos\u00e9 Chafino, Tom\u00e1s Gilabert et Francisco Zacar\u00e9s. Il a fait ses premiers pas avec le maestro Jos\u00e9 R. Pascual Vilaplana et avec le maestro Juan C. Sempere Bombo\u00ed, obtenant le premier prix du IV Concours de composition de Vila de Pego avec la marche mauresque &quot;Al Bagi&quot;, et dans deux \u00e9ditions du Concours de composition pour dulzaina Vila de Muro a remport\u00e9 un deuxi\u00e8me prix avec la composition pour dulzainas et percussion \u00ab Estraxa \u00bb d\u00e9di\u00e9e \u00e0 l&#039;Escola Tradicional de la Xafig\u00e0, et une mention honorable avec la marxa mora \u00ab Encant \u00bb.<\/p>\n<p>En 2011 \u2013 2012, il \u00e9tudie la composition avec \u00d3scar Navarro Gonz\u00e1lez, \u00e0 l&#039;\u00e9cole Baix Maestrat (www.ecdbaixmaestrat.com), ce qui lui vaut de remporter le prix du concours de composition en juin 2012 \u00e0 l&#039;occasion du 25e anniversaire de la disparition de Jos\u00e9 M\u00aa. Ferrero Pastor organis\u00e9 par le FNUD et la FSMCV, avec la marche mauresque \u00ab Mestre Ferrero \u00bb, comme indiqu\u00e9 dans le r\u00e8glement du concours.<\/p>\n<p>Toujours en d\u00e9cembre de la m\u00eame ann\u00e9e, il obtient le Deuxi\u00e8me Prix du Jury du II Concours de Composition pour la Parade des Rois Mages organis\u00e9e par l&#039;Association des Trois Rois d&#039;Ibi, avec la marche \u00ab Rab Magh \u00bb.<\/p>\n<p>En septembre 2013, il remporte le 1er prix du concours Fernando Tormo Ib\u00e1\u00f1ez Pasodoble avec le pasodoble \u00ab Herminia \u00bb. En d\u00e9cembre de la m\u00eame ann\u00e9e, il remporte le Prix du III Concours de Composition pour la Parade des Rois Mages organis\u00e9e par l&#039;Association des Rois Mages d&#039;Ibi, avec la marche &quot;Temps de Llum&quot;. Il a \u00e9galement \u00e9t\u00e9 finaliste de divers concours de composition \u00e0 Zamora, Saragosse, Benidorm et Callosa d&#039;En Sarri\u00e0.<\/p>\n<p>Il a re\u00e7u des commandes pour cette derni\u00e8re composition, \u00e9galement de l&#039;association des Maures et Chr\u00e9tiens de Gaibiel avec la marche &quot;Moros de Gaibiel&quot;, de la capitainerie du fil\u00e0 Verds de Muro avec la marche maure &quot;Sajo&quot;, de la bande CAM de J\u00e1vea pour la c\u00e9l\u00e9bration du 50e anniversaire de &quot;Bartolom\u00e9 Catal\u00e0&quot; en tant que musicien de l&#039;entit\u00e9 avec un pasodoble \u00e0 son nom, pour le capitaine chr\u00e9tien des festivit\u00e9s Callosa d&#039;En Sarri\u00e0 appel\u00e9es &quot;Capitania Mestre&quot;, une pi\u00e8ce pour cornemuse, cuivres et des percussions appel\u00e9es &quot;Guerrers del Nord&quot; pour l&#039;entr\u00e9e de Cristianos de Pego, \u00e9galement en 2013, il a interpr\u00e9t\u00e9 une marche mauresque d\u00e9di\u00e9e \u00e0 la ville de Benamaurel intitul\u00e9e &quot;Avenmoriel - Huella del Milenio del Reino de Granada&quot;.<\/p>\n<p>Par la suite, il participe en tant que membre actif au cours de la I Conf\u00e9rence sur la composition pour orchestre avec le maestro Johan de Meij organis\u00e9e par le Conservatoire de J\u00e1vea. En 2013, il participe \u00e0 une Master Class organis\u00e9e par l&#039;\u00e9cole de musique Ad Libitum d&#039;Ontinyent avec le maestro Andr\u00e9s Valero.<\/p>\n<p>ADRESSE<\/p>\n<p>Parall\u00e8lement, il \u00e9tudie la direction d&#039;orchestre avec Jos\u00e9 Rafael Pascual Vilaplana \u00e0 l&#039;\u00e9cole r\u00e9gionale Vall de Albaida, obtient le dipl\u00f4me de fin d&#039;\u00e9tudes et suit de nombreux cours de perfectionnement avec les professeurs Jan Cober, Henry Adams, Eugene Corporon, Miguel Rodrigo Tamarit, Jes\u00fas L\u00f3pez Cobos, Salvador Sebasti\u00e0, Georg Sargashyan, Paco Melero, Rafael Sanz Espert et Maurizio Colasanti.<\/p>\n<p>En juillet 2013, il a re\u00e7u une bourse du D\u00e9partement de l&#039;int\u00e9rieur de la Communaut\u00e9 valencienne pour mener \u00e0 bien le cours d&#039;\u00e9t\u00e9 sur la gestion des bandes organis\u00e9 par l&#039;Universit\u00e9 Berklee de Valence dans la modalit\u00e9 active avec le professeur Rafael Sanz Espert.<\/p>\n<p>Il dirige sans interruption depuis 1999, \u00e9tant directeur adjoint du groupe de l&#039;Union Musicale Muro de Alcoi (2000\/2001) et de son groupe de jeunes (1999\/2001), le groupe scolaire de l&#039;Association Musicale Ontinyent (2002\/2003), le groupe Uni\u00f3n Musical de l&#039;Orxa (1999 - 2006) et l&#039;Orchestre des Jeunes d&#039;Alcoyana (2009\/2010).<\/p>\n<p>Il a \u00e9galement \u00e9t\u00e9 invit\u00e9 \u00e0 diriger ses propres compositions dans des groupes des provinces d&#039;Alicante, de Valence et de Grenade tels que ceux de Campello, Callosa d&#039;En Sarri\u00e0, Muro de Alcoi, Ontinyent, Planes de la Baron\u00eda, Cocentaina, Adzeneta d&#039;Albaida , Beniarr\u00e9s, L&#039;Orxa, Pego, Bocairent, Biar, Benamaurel et la Colla de Dol\u00e7ainers \u00ab El Mal Passet \u00bb de Cocentaina.<\/p>\n<p>Il a \u00e9t\u00e9 membre du Jury du Concours Choral de L&#039;Orxa et trois fois du Concours Parade du Festival Maures et Chr\u00e9tiens d&#039;Albaida.<\/p>\n<p>CADEAU<\/p>\n<p>Il est actuellement professeur dans les \u00e9coles de L&#039;Orxa, Uni\u00f3n Musical de Alcoi, Gorga, \u00e0 l&#039;\u00e9cole Da Capo et au Conservatoire professionnel municipal d&#039;Albaida, et dans les cours de perfectionnement de trompette du Grau de Gandia et d&#039;Albaida, en plus d&#039;\u00eatre directeur du Centre d&#039;art musical de J\u00e1vea depuis d\u00e9cembre 2006.<\/p>\n<p>Cette ann\u00e9e acad\u00e9mique 2013 \u2013 2014 approfondit ses connaissances en composition avec Ram\u00f3n Garcia i Soler.\u00a0<br \/>Il est membre de l&#039;ACMMIC (Association des Compositeurs de Musique Maures et Chr\u00e9tiens) et de l&#039;ANDB (Association Nationale des Directeurs d&#039;Orchestre).\u00a0<br \/>Il est titulaire du CAP (Certificat d&#039;Aptitude P\u00e9dagogique) d\u00e9livr\u00e9 par l&#039;Universit\u00e9 Polytechnique de Barcelone.<\/p>\n<\/div>\n<\/div><\/div>\n\n\n<div class=\"woocommerce columns-4\"><\/div>","protected":false},"excerpt":{"rendered":"<p>JUAN FCO. SANJU\u00c1N RODRIGO Juan Fco. Sanju\u00e1n Rodrigo, empieza sus estudios en su pueblo natural, Muro de Alcoi (Alicante), los prosigue en los Conservatorios de Alcoi, San Vicente del Raspeig (Alicante) y Ontinyent (Valencia) en ambos con excelentes calificaciones, y finalmente consigue el Premio Extraordinario Fin de Grado Superior por Unanimidad del Tribunal en la [&hellip;]<\/p>\n","protected":false},"author":4,"featured_media":0,"parent":0,"menu_order":0,"comment_status":"closed","ping_status":"closed","template":"","meta":{"_acf_changed":false,"_uag_custom_page_level_css":"","site-sidebar-layout":"default","site-content-layout":"","ast-site-content-layout":"default","site-content-style":"default","site-sidebar-style":"default","ast-global-header-display":"","ast-banner-title-visibility":"","ast-main-header-display":"","ast-hfb-above-header-display":"","ast-hfb-below-header-display":"","ast-hfb-mobile-header-display":"","site-post-title":"disabled","ast-breadcrumbs-content":"","ast-featured-img":"","footer-sml-layout":"","ast-disable-related-posts":"","theme-transparent-header-meta":"","adv-header-id-meta":"","stick-header-meta":"","header-above-stick-meta":"","header-main-stick-meta":"","header-below-stick-meta":"","astra-migrate-meta-layouts":"default","ast-page-background-enabled":"default","ast-page-background-meta":{"desktop":{"background-color":"","background-image":"","background-repeat":"repeat","background-position":"center center","background-size":"auto","background-attachment":"scroll","background-type":"","background-media":"","overlay-type":"","overlay-color":"","overlay-opacity":"","overlay-gradient":""},"tablet":{"background-color":"","background-image":"","background-repeat":"repeat","background-position":"center center","background-size":"auto","background-attachment":"scroll","background-type":"","background-media":"","overlay-type":"","overlay-color":"","overlay-opacity":"","overlay-gradient":""},"mobile":{"background-color":"","background-image":"","background-repeat":"repeat","background-position":"center center","background-size":"auto","background-attachment":"scroll","background-type":"","background-media":"","overlay-type":"","overlay-color":"","overlay-opacity":"","overlay-gradient":""}},"ast-content-background-meta":{"desktop":{"background-color":"var(--ast-global-color-5)","background-image":"","background-repeat":"repeat","background-position":"center center","background-size":"auto","background-attachment":"scroll","background-type":"","background-media":"","overlay-type":"","overlay-color":"","overlay-opacity":"","overlay-gradient":""},"tablet":{"background-color":"var(--ast-global-color-5)","background-image":"","background-repeat":"repeat","background-position":"center center","background-size":"auto","background-attachment":"scroll","background-type":"","background-media":"","overlay-type":"","overlay-color":"","overlay-opacity":"","overlay-gradient":""},"mobile":{"background-color":"var(--ast-global-color-5)","background-image":"","background-repeat":"repeat","background-position":"center center","background-size":"auto","background-attachment":"scroll","background-type":"","background-media":"","overlay-type":"","overlay-color":"","overlay-opacity":"","overlay-gradient":""}},"footnotes":""},"class_list":["post-1738","page","type-page","status-publish","hentry"],"acf":[],"yoast_head":"<!-- This site is optimized with the Yoast SEO Premium plugin v22.4 (Yoast SEO v27.4) - https:\/\/yoast.com\/product\/yoast-seo-premium-wordpress\/ -->\n<title>JUAN FCO. SANJU\u00c1N RODRIGO -<\/title>\n<meta name=\"robots\" content=\"index, follow, max-snippet:-1, max-image-preview:large, max-video-preview:-1\" \/>\n<link rel=\"canonical\" href=\"https:\/\/www.omnesbands.international\/fr\/juan-fco-sanjuan-rodrigo-2\/\" \/>\n<meta property=\"og:locale\" content=\"fr_FR\" \/>\n<meta property=\"og:type\" content=\"article\" \/>\n<meta property=\"og:title\" content=\"JUAN FCO. SANJU\u00c1N RODRIGO\" \/>\n<meta property=\"og:description\" content=\"JUAN FCO. SANJU\u00c1N RODRIGO Juan Fco. Sanju\u00e1n Rodrigo, empieza sus estudios en su pueblo natural, Muro de Alcoi (Alicante), los prosigue en los Conservatorios de Alcoi, San Vicente del Raspeig (Alicante) y Ontinyent (Valencia) en ambos con excelentes calificaciones, y finalmente consigue el Premio Extraordinario Fin de Grado Superior por Unanimidad del Tribunal en la [&hellip;]\" \/>\n<meta property=\"og:url\" content=\"https:\/\/www.omnesbands.international\/fr\/juan-fco-sanjuan-rodrigo-2\/\" \/>\n<meta property=\"article:modified_time\" content=\"2023-02-03T22:54:27+00:00\" \/>\n<meta property=\"og:image\" content=\"https:\/\/www.omnesbands.international\/wp-content\/uploads\/2023\/01\/music-sheet-music-snowdrop-7107045.jpg\" \/>\n\t<meta property=\"og:image:width\" content=\"1280\" \/>\n\t<meta property=\"og:image:height\" content=\"742\" \/>\n\t<meta property=\"og:image:type\" content=\"image\/jpeg\" \/>\n<meta name=\"twitter:card\" content=\"summary_large_image\" \/>\n<meta name=\"twitter:label1\" content=\"Dur\u00e9e de lecture estim\u00e9e\" \/>\n\t<meta name=\"twitter:data1\" content=\"5 minutes\" \/>\n<script type=\"application\/ld+json\" class=\"yoast-schema-graph\">{\"@context\":\"https:\\\/\\\/schema.org\",\"@graph\":[{\"@type\":\"WebPage\",\"@id\":\"https:\\\/\\\/www.omnesbands.international\\\/de\\\/juan-fco-sanjuan-rodrigo-2\\\/\",\"url\":\"https:\\\/\\\/www.omnesbands.international\\\/de\\\/juan-fco-sanjuan-rodrigo-2\\\/\",\"name\":\"JUAN FCO. SANJU\u00c1N RODRIGO -\",\"isPartOf\":{\"@id\":\"https:\\\/\\\/www.omnesbands.international\\\/#website\"},\"datePublished\":\"2023-01-29T14:41:54+00:00\",\"dateModified\":\"2023-02-03T22:54:27+00:00\",\"breadcrumb\":{\"@id\":\"https:\\\/\\\/www.omnesbands.international\\\/de\\\/juan-fco-sanjuan-rodrigo-2\\\/#breadcrumb\"},\"inLanguage\":\"fr-FR\",\"potentialAction\":[{\"@type\":\"ReadAction\",\"target\":[\"https:\\\/\\\/www.omnesbands.international\\\/de\\\/juan-fco-sanjuan-rodrigo-2\\\/\"]}]},{\"@type\":\"BreadcrumbList\",\"@id\":\"https:\\\/\\\/www.omnesbands.international\\\/de\\\/juan-fco-sanjuan-rodrigo-2\\\/#breadcrumb\",\"itemListElement\":[{\"@type\":\"ListItem\",\"position\":1,\"name\":\"Portada\",\"item\":\"https:\\\/\\\/www.omnesbands.international\\\/\"},{\"@type\":\"ListItem\",\"position\":2,\"name\":\"JUAN FCO. SANJU\u00c1N RODRIGO\"}]},{\"@type\":\"WebSite\",\"@id\":\"https:\\\/\\\/www.omnesbands.international\\\/#website\",\"url\":\"https:\\\/\\\/www.omnesbands.international\\\/\",\"name\":\"OMNESBANDS International\",\"description\":\"Partituras Originales de autores y compositores independientes\",\"publisher\":{\"@id\":\"https:\\\/\\\/www.omnesbands.international\\\/#organization\"},\"potentialAction\":[{\"@type\":\"SearchAction\",\"target\":{\"@type\":\"EntryPoint\",\"urlTemplate\":\"https:\\\/\\\/www.omnesbands.international\\\/?s={search_term_string}\"},\"query-input\":{\"@type\":\"PropertyValueSpecification\",\"valueRequired\":true,\"valueName\":\"search_term_string\"}}],\"inLanguage\":\"fr-FR\"},{\"@type\":\"Organization\",\"@id\":\"https:\\\/\\\/www.omnesbands.international\\\/#organization\",\"name\":\"Indra Consultores Internacionales\",\"alternateName\":\"Omnesbands\",\"url\":\"https:\\\/\\\/www.omnesbands.international\\\/\",\"logo\":{\"@type\":\"ImageObject\",\"inLanguage\":\"fr-FR\",\"@id\":\"https:\\\/\\\/www.omnesbands.international\\\/#\\\/schema\\\/logo\\\/image\\\/\",\"url\":\"https:\\\/\\\/omnesbands.international\\\/wp-content\\\/uploads\\\/2023\\\/06\\\/Logo-Nuevo-.png\",\"contentUrl\":\"https:\\\/\\\/omnesbands.international\\\/wp-content\\\/uploads\\\/2023\\\/06\\\/Logo-Nuevo-.png\",\"width\":394,\"height\":212,\"caption\":\"Indra Consultores Internacionales\"},\"image\":{\"@id\":\"https:\\\/\\\/www.omnesbands.international\\\/#\\\/schema\\\/logo\\\/image\\\/\"}}]}<\/script>\n<!-- \/ Yoast SEO Premium plugin. -->","yoast_head_json":{"title":"JUAN FCO. SANJU\u00c1N RODRIGO -","robots":{"index":"index","follow":"follow","max-snippet":"max-snippet:-1","max-image-preview":"max-image-preview:large","max-video-preview":"max-video-preview:-1"},"canonical":"https:\/\/www.omnesbands.international\/fr\/juan-fco-sanjuan-rodrigo-2\/","og_locale":"fr_FR","og_type":"article","og_title":"JUAN FCO. SANJU\u00c1N RODRIGO","og_description":"JUAN FCO. SANJU\u00c1N RODRIGO Juan Fco. Sanju\u00e1n Rodrigo, empieza sus estudios en su pueblo natural, Muro de Alcoi (Alicante), los prosigue en los Conservatorios de Alcoi, San Vicente del Raspeig (Alicante) y Ontinyent (Valencia) en ambos con excelentes calificaciones, y finalmente consigue el Premio Extraordinario Fin de Grado Superior por Unanimidad del Tribunal en la [&hellip;]","og_url":"https:\/\/www.omnesbands.international\/fr\/juan-fco-sanjuan-rodrigo-2\/","article_modified_time":"2023-02-03T22:54:27+00:00","og_image":[{"width":1280,"height":742,"url":"https:\/\/www.omnesbands.international\/wp-content\/uploads\/2023\/01\/music-sheet-music-snowdrop-7107045.jpg","type":"image\/jpeg"}],"twitter_card":"summary_large_image","twitter_misc":{"Dur\u00e9e de lecture estim\u00e9e":"5 minutes"},"schema":{"@context":"https:\/\/schema.org","@graph":[{"@type":"WebPage","@id":"https:\/\/www.omnesbands.international\/de\/juan-fco-sanjuan-rodrigo-2\/","url":"https:\/\/www.omnesbands.international\/de\/juan-fco-sanjuan-rodrigo-2\/","name":"JUAN FCO. SANJU\u00c1N RODRIGO -","isPartOf":{"@id":"https:\/\/www.omnesbands.international\/#website"},"datePublished":"2023-01-29T14:41:54+00:00","dateModified":"2023-02-03T22:54:27+00:00","breadcrumb":{"@id":"https:\/\/www.omnesbands.international\/de\/juan-fco-sanjuan-rodrigo-2\/#breadcrumb"},"inLanguage":"fr-FR","potentialAction":[{"@type":"ReadAction","target":["https:\/\/www.omnesbands.international\/de\/juan-fco-sanjuan-rodrigo-2\/"]}]},{"@type":"BreadcrumbList","@id":"https:\/\/www.omnesbands.international\/de\/juan-fco-sanjuan-rodrigo-2\/#breadcrumb","itemListElement":[{"@type":"ListItem","position":1,"name":"Portada","item":"https:\/\/www.omnesbands.international\/"},{"@type":"ListItem","position":2,"name":"JUAN FCO. SANJU\u00c1N RODRIGO"}]},{"@type":"WebSite","@id":"https:\/\/www.omnesbands.international\/#website","url":"https:\/\/www.omnesbands.international\/","name":"OMNESBANDS International","description":"Partitions originales d&#039;auteurs et compositeurs ind\u00e9pendants","publisher":{"@id":"https:\/\/www.omnesbands.international\/#organization"},"potentialAction":[{"@type":"SearchAction","target":{"@type":"EntryPoint","urlTemplate":"https:\/\/www.omnesbands.international\/?s={search_term_string}"},"query-input":{"@type":"PropertyValueSpecification","valueRequired":true,"valueName":"search_term_string"}}],"inLanguage":"fr-FR"},{"@type":"Organization","@id":"https:\/\/www.omnesbands.international\/#organization","name":"Indra Consultants Internationaux","alternateName":"Omnesbands","url":"https:\/\/www.omnesbands.international\/","logo":{"@type":"ImageObject","inLanguage":"fr-FR","@id":"https:\/\/www.omnesbands.international\/#\/schema\/logo\/image\/","url":"https:\/\/omnesbands.international\/wp-content\/uploads\/2023\/06\/Logo-Nuevo-.png","contentUrl":"https:\/\/omnesbands.international\/wp-content\/uploads\/2023\/06\/Logo-Nuevo-.png","width":394,"height":212,"caption":"Indra Consultores Internacionales"},"image":{"@id":"https:\/\/www.omnesbands.international\/#\/schema\/logo\/image\/"}}]}},"uagb_featured_image_src":{"full":false,"thumbnail":false,"medium":false,"medium_large":false,"large":false,"1536x1536":false,"2048x2048":false,"trp-custom-language-flag":false,"gg_gallery_thumbnail":false,"woocommerce_thumbnail":false,"woocommerce_single":false,"woocommerce_gallery_thumbnail":false},"uagb_author_info":{"display_name":"Melvin R. Portillo A:","author_link":"https:\/\/www.omnesbands.international\/fr\/author\/portand\/"},"uagb_comment_info":0,"uagb_excerpt":"JUAN FCO. SANJU\u00c1N RODRIGO Juan Fco. Sanju\u00e1n Rodrigo, empieza sus estudios en su pueblo natural, Muro de Alcoi (Alicante), los prosigue en los Conservatorios de Alcoi, San Vicente del Raspeig (Alicante) y Ontinyent (Valencia) en ambos con excelentes calificaciones, y finalmente consigue el Premio Extraordinario Fin de Grado Superior por Unanimidad del Tribunal en la\u2026","_links":{"self":[{"href":"https:\/\/www.omnesbands.international\/fr\/wp-json\/wp\/v2\/pages\/1738","targetHints":{"allow":["GET"]}}],"collection":[{"href":"https:\/\/www.omnesbands.international\/fr\/wp-json\/wp\/v2\/pages"}],"about":[{"href":"https:\/\/www.omnesbands.international\/fr\/wp-json\/wp\/v2\/types\/page"}],"author":[{"embeddable":true,"href":"https:\/\/www.omnesbands.international\/fr\/wp-json\/wp\/v2\/users\/4"}],"replies":[{"embeddable":true,"href":"https:\/\/www.omnesbands.international\/fr\/wp-json\/wp\/v2\/comments?post=1738"}],"version-history":[{"count":4,"href":"https:\/\/www.omnesbands.international\/fr\/wp-json\/wp\/v2\/pages\/1738\/revisions"}],"predecessor-version":[{"id":1849,"href":"https:\/\/www.omnesbands.international\/fr\/wp-json\/wp\/v2\/pages\/1738\/revisions\/1849"}],"wp:attachment":[{"href":"https:\/\/www.omnesbands.international\/fr\/wp-json\/wp\/v2\/media?parent=1738"}],"curies":[{"name":"wp","href":"https:\/\/api.w.org\/{rel}","templated":true}]}}