{"id":1749,"date":"2023-01-29T09:21:07","date_gmt":"2023-01-29T15:21:07","guid":{"rendered":"https:\/\/omnesbands.international\/?page_id=1749"},"modified":"2023-01-29T09:21:47","modified_gmt":"2023-01-29T15:21:47","slug":"mario-roig-vila-2","status":"publish","type":"page","link":"https:\/\/www.omnesbands.international\/fr\/mario-roig-vila-2\/","title":{"rendered":"MARIO ROIG VILA"},"content":{"rendered":"<div class=\"wp-block-uagb-container uagb-block-b895b26b alignfull uagb-is-root-container\"><div class=\"uagb-container-inner-blocks-wrap\">\n<div class=\"wp-block-uagb-advanced-heading uagb-block-0e2f56e9\"><h1 class=\"uagb-heading-text\"><strong>MARIO ROIG VILA<\/strong><\/h1><\/div>\n<\/div><\/div>\n\n\n\n<div class=\"wp-block-uagb-container uagb-block-18725e14 alignfull uagb-is-root-container\"><div class=\"uagb-container-inner-blocks-wrap\">\n<div class=\"wp-block-uagb-container uagb-block-49e4caaf\">\n<p>N\u00e9 \u00e0 Albaida (Valence) le 26 juin 1972, il est professeur principal sp\u00e9cialis\u00e9 en trombone et composition et dipl\u00f4m\u00e9 en direction d&#039;orchestre de l&#039;Associated Board Of The Royal School Of Music.<\/p>\n<p>Il commence ses \u00e9tudes musicales \u00e0 l&#039;Uni\u00f3n Musical de Albaida \u00ab LAranya \u00bb avec les percussions et commence \u00e0 jouer du trombone avec Alexandre Cerd\u00e0 Belda. \u00c0 l&#039;\u00e2ge de 19 ans, il commence les \u00e9tudes \u00e9l\u00e9mentaires de trombone au Conservatoire Professionnel d&#039;Ontinyent avec Francisco N\u00e1jera Perona avec qui il obtient le prix de fin d&#039;\u00e9tudes. De l\u00e0, il a rejoint le Conservatoire Sup\u00e9rieur de Musique Manuel Massotti Littel de Murcie. Il combine toutes ces \u00e9tudes avec son travail d&#039;assembleur de meubles dans l&#039;entreprise \u00ab CURVASA MUEBLES \u00bb C&#039;est \u00e0 Murcie qu&#039;il obtient son dipl\u00f4me de professeur de trombone principal aupr\u00e8s de Mario Calvo Ponce et se consacre ensuite professionnellement \u00e0 la musique.<br>Son processus d&#039;apprentissage se poursuit depuis plus de trente ans, apr\u00e8s avoir suivi des cours de direction d&#039;orchestre avec Franco Cesarini, Ferrer Ferran, Jos\u00e9 R. Pacual Vilaplana et d&#039;instrumentation avec Ramon Garcia i Soler et Oscar Navarro. Il a particip\u00e9 \u00e0 des cours de r\u00e9paration \u00e0 Berklee \u2013 Valencia. Il a particip\u00e9 \u00e0 d&#039;innombrables formations avec Enrique Ferrando, J. Bautista Abad, Mario Calvo, Ricardo Casero, Carlos Gil.<\/p>\n<p>Dans le domaine de l&#039;enseignement, il a travaill\u00e9 comme professeur du secondaire Sal\u00e9siens Juan XXIII d&#039;Alcoy, professeur de trombone \u00e0 Aielo de Malferit, Albaida, Alfarras\u00ed, B\u00e9lgida, Bocairent, Montaverner, Cocentaina et a \u00e9t\u00e9 directeur de l&#039;\u00c9cole Municipale d&#039;Albaida de 2002 \u00e0 2011.<br>Dans le monde de la composition, plus de cinquante \u0153uvres composent leur catalogue, interpr\u00e9t\u00e9es aussi bien lors de concerts que de d\u00e9fil\u00e9s lors des f\u00eates des Maures et des Chr\u00e9tiens : Tabal y Sarag\u00fcells, Teresa Silvestre, Cerd\u00e0 Franc\u00e9s, Bandolera, Adri\u00e0 et un grand etc. Il a compos\u00e9 un concerto pour trombone solo et orchestre, cr\u00e9\u00e9 par l&#039;Orchestre des Jeunes de Sodre en Uruguay, ainsi que des pi\u00e8ces de chambre et de groupe dulzaina pour lesquelles il a re\u00e7u de nombreux prix. Il a \u00e9t\u00e9 charg\u00e9 de composer l&#039;\u0153uvre obligatoire du XXIXe Concours de Musique Maures et Chr\u00e9tiens d&#039;Elda en 2014 avec la Marche Mora \u00ab MORO DE PLATA \u00bb.<\/p>\n<p>Il a \u00e9t\u00e9 invit\u00e9 \u00e0 diriger ses \u0153uvres vers de nombreux groupes ainsi qu&#039;\u00e0 participer \u00e0 des concours et concours de composition. En tant que r\u00e9alisateur, il a enregistr\u00e9 une douzaine d&#039;albums compacts : Un A\u00f1o de Bandera-(2009), Del Morero al Frang\u00ed -(2010), CD 1 \u00ab LOS BUERTOS : BEAUCOUP D&#039;HISTOIRE, BEAUCOUP DE MUSIQUE \u00bb -(2011), Fil\u00e0 Cids -(2012), \u00ab Leyenda \u00bb de Fco. Valor Llorens -(2014), BENJAMA EN FIESTAS -(2018).<br>Il a \u00e9t\u00e9 directeur principal de l&#039;Uni\u00f3n Musical de Atzeneta (2004-2008), de la Banda Instructiva Musical de Alfarras\u00ed (2005-2008), du groupe de dulzainas et de percussions \u00ab La Aleaci\u00f3n de Ontinyent \u00bb (2004-2008), dans lequel ils ont obtenu le 1er prix au concours Altea (2006) et le 2\u00e8me prix au concours Manises (2007), dans le groupe Muro dulzaineros et percussions \u00ab La Xafig\u00e0 \u00bb, de l&#039;Uni\u00f3n Musical Contestana de Cocentaina (2008-2015), avec lequel il a remport\u00e9 le Premier Prix du \u00ab X CERTAMEN DE M\u00daSICA FESTERA DE ALTEA LA VELLA \u00bb 2013 et le prix du meilleur d\u00e9fil\u00e9 du LXVIII Concours National de Groupes de Musique \u00ab Ciudad de Cullera \u00bb 2015 et de la Soci\u00e9t\u00e9 Musicale la Alianza de Mutxamel (20162020). professeur de trombone et directeur des \u00e9tudes au Conservatoire Professionnel Municipal de Musique d&#039;Albaida. Il est le directeur principal de la Soci\u00e9t\u00e9 Musicale La Paz de Beneixama.<\/p>\n<\/div>\n<\/div><\/div>\n\n\n<div class=\"woocommerce columns-4\"><ul class=\"products columns-4\">\n<li class=\"desktop-align-left tablet-align-left mobile-align-left ast-product-gallery-layout-horizontal-slider product type-product post-1059 status-publish first instock product_cat-musica-de-calle product_tag-mario-roig-vila has-post-thumbnail downloadable virtual taxable purchasable product-type-simple\">\n\t<a href=\"https:\/\/www.omnesbands.international\/fr\/produit\/arali\/\" class=\"woocommerce-LoopProduct-link woocommerce-loop-product__link\"><img loading=\"lazy\" decoding=\"async\" width=\"300\" height=\"300\" src=\"https:\/\/www.omnesbands.international\/wp-content\/uploads\/2023\/01\/Arali-300x300.jpg\" class=\"attachment-woocommerce_thumbnail size-woocommerce_thumbnail\" alt=\"Aral\u00ed\" srcset=\"https:\/\/www.omnesbands.international\/wp-content\/uploads\/2023\/01\/Arali-300x300.jpg 300w, https:\/\/www.omnesbands.international\/wp-content\/uploads\/2023\/01\/Arali-150x150.jpg 150w, https:\/\/www.omnesbands.international\/wp-content\/uploads\/2023\/01\/Arali-100x100.jpg 100w\" sizes=\"auto, (max-width: 300px) 100vw, 300px\" \/><h2 class=\"woocommerce-loop-product__title\">Arali<\/h2>\n\t<span class=\"price\"><span class=\"woocommerce-Price-amount amount\"><bdi><span class=\"woocommerce-Price-currencySymbol\">&#36;<\/span>30.00<\/bdi><\/span><\/span>\n<\/a><a href=\"\/fr\/wp-json\/wp\/v2\/pages\/1749?add-to-cart=1059\" aria-describedby=\"woocommerce_loop_add_to_cart_link_describedby_1059\" data-quantity=\"1\" class=\"button product_type_simple add_to_cart_button ajax_add_to_cart\" data-product_id=\"1059\" data-product_sku=\"ARL-CAL-ESP-22\" aria-label=\"Ajouter au panier : \u00ab Aral\u00ed \u00bb\" rel=\"nofollow\" data-success_message=\"\u00ab\u00a0Aral\u00ed\u00a0\u00bb a \u00e9t\u00e9 ajout\u00e9 \u00e0 votre panier\" role=\"button\" data-no-translation=\"\" data-trp-gettext=\"\" data-no-translation-aria-label=\"\" data-no-translation-data-success_message=\"\">Ajouter au panier<\/a>\t<span id=\"woocommerce_loop_add_to_cart_link_describedby_1059\" class=\"screen-reader-text\">\n\t\t\t<\/span>\n<\/li>\n<\/ul>\n<\/div>","protected":false},"excerpt":{"rendered":"<p>MARIO ROIG VILA Nace en Albaida (Valencia) el 26 de junio de 1972, es profesor superior en la especialidad de tromb\u00f3n y de composici\u00f3n, es diplomado en direcci\u00f3n de banda por The Associeated Board Of The Royal School Of Music. Inicia sus estudios musicales en la Uni\u00f3n Musical de Albaida \u201cLAranya\u201d con la percusi\u00f3n y [&hellip;]<\/p>\n","protected":false},"author":4,"featured_media":0,"parent":0,"menu_order":0,"comment_status":"closed","ping_status":"closed","template":"","meta":{"_acf_changed":false,"_uag_custom_page_level_css":"","site-sidebar-layout":"default","site-content-layout":"","ast-site-content-layout":"default","site-content-style":"default","site-sidebar-style":"default","ast-global-header-display":"","ast-banner-title-visibility":"","ast-main-header-display":"","ast-hfb-above-header-display":"","ast-hfb-below-header-display":"","ast-hfb-mobile-header-display":"","site-post-title":"disabled","ast-breadcrumbs-content":"","ast-featured-img":"","footer-sml-layout":"","ast-disable-related-posts":"","theme-transparent-header-meta":"","adv-header-id-meta":"","stick-header-meta":"","header-above-stick-meta":"","header-main-stick-meta":"","header-below-stick-meta":"","astra-migrate-meta-layouts":"default","ast-page-background-enabled":"default","ast-page-background-meta":{"desktop":{"background-color":"","background-image":"","background-repeat":"repeat","background-position":"center center","background-size":"auto","background-attachment":"scroll","background-type":"","background-media":"","overlay-type":"","overlay-color":"","overlay-opacity":"","overlay-gradient":""},"tablet":{"background-color":"","background-image":"","background-repeat":"repeat","background-position":"center center","background-size":"auto","background-attachment":"scroll","background-type":"","background-media":"","overlay-type":"","overlay-color":"","overlay-opacity":"","overlay-gradient":""},"mobile":{"background-color":"","background-image":"","background-repeat":"repeat","background-position":"center center","background-size":"auto","background-attachment":"scroll","background-type":"","background-media":"","overlay-type":"","overlay-color":"","overlay-opacity":"","overlay-gradient":""}},"ast-content-background-meta":{"desktop":{"background-color":"var(--ast-global-color-5)","background-image":"","background-repeat":"repeat","background-position":"center center","background-size":"auto","background-attachment":"scroll","background-type":"","background-media":"","overlay-type":"","overlay-color":"","overlay-opacity":"","overlay-gradient":""},"tablet":{"background-color":"var(--ast-global-color-5)","background-image":"","background-repeat":"repeat","background-position":"center center","background-size":"auto","background-attachment":"scroll","background-type":"","background-media":"","overlay-type":"","overlay-color":"","overlay-opacity":"","overlay-gradient":""},"mobile":{"background-color":"var(--ast-global-color-5)","background-image":"","background-repeat":"repeat","background-position":"center center","background-size":"auto","background-attachment":"scroll","background-type":"","background-media":"","overlay-type":"","overlay-color":"","overlay-opacity":"","overlay-gradient":""}},"footnotes":""},"class_list":["post-1749","page","type-page","status-publish","hentry"],"acf":[],"yoast_head":"<!-- This site is optimized with the Yoast SEO Premium plugin v22.4 (Yoast SEO v27.4) - https:\/\/yoast.com\/product\/yoast-seo-premium-wordpress\/ -->\n<title>MARIO ROIG VILA -<\/title>\n<meta name=\"robots\" content=\"index, follow, max-snippet:-1, max-image-preview:large, max-video-preview:-1\" \/>\n<link rel=\"canonical\" href=\"https:\/\/www.omnesbands.international\/fr\/mario-roig-vila-2\/\" \/>\n<meta property=\"og:locale\" content=\"fr_FR\" \/>\n<meta property=\"og:type\" content=\"article\" \/>\n<meta property=\"og:title\" content=\"MARIO ROIG VILA\" \/>\n<meta property=\"og:description\" content=\"MARIO ROIG VILA Nace en Albaida (Valencia) el 26 de junio de 1972, es profesor superior en la especialidad de tromb\u00f3n y de composici\u00f3n, es diplomado en direcci\u00f3n de banda por The Associeated Board Of The Royal School Of Music. Inicia sus estudios musicales en la Uni\u00f3n Musical de Albaida \u201cLAranya\u201d con la percusi\u00f3n y [&hellip;]\" \/>\n<meta property=\"og:url\" content=\"https:\/\/www.omnesbands.international\/fr\/mario-roig-vila-2\/\" \/>\n<meta property=\"article:modified_time\" content=\"2023-01-29T15:21:47+00:00\" \/>\n<meta property=\"og:image\" content=\"https:\/\/www.omnesbands.international\/wp-content\/uploads\/2023\/01\/music-sheet-music-snowdrop-7107045.jpg\" \/>\n\t<meta property=\"og:image:width\" content=\"1280\" \/>\n\t<meta property=\"og:image:height\" content=\"742\" \/>\n\t<meta property=\"og:image:type\" content=\"image\/jpeg\" \/>\n<meta name=\"twitter:card\" content=\"summary_large_image\" \/>\n<meta name=\"twitter:label1\" content=\"Dur\u00e9e de lecture estim\u00e9e\" \/>\n\t<meta name=\"twitter:data1\" content=\"3 minutes\" \/>\n<script type=\"application\/ld+json\" class=\"yoast-schema-graph\">{\"@context\":\"https:\\\/\\\/schema.org\",\"@graph\":[{\"@type\":\"WebPage\",\"@id\":\"https:\\\/\\\/www.omnesbands.international\\\/mario-roig-vila-2\\\/\",\"url\":\"https:\\\/\\\/www.omnesbands.international\\\/mario-roig-vila-2\\\/\",\"name\":\"MARIO ROIG VILA -\",\"isPartOf\":{\"@id\":\"https:\\\/\\\/www.omnesbands.international\\\/#website\"},\"datePublished\":\"2023-01-29T15:21:07+00:00\",\"dateModified\":\"2023-01-29T15:21:47+00:00\",\"breadcrumb\":{\"@id\":\"https:\\\/\\\/www.omnesbands.international\\\/mario-roig-vila-2\\\/#breadcrumb\"},\"inLanguage\":\"fr-FR\",\"potentialAction\":[{\"@type\":\"ReadAction\",\"target\":[\"https:\\\/\\\/www.omnesbands.international\\\/mario-roig-vila-2\\\/\"]}]},{\"@type\":\"BreadcrumbList\",\"@id\":\"https:\\\/\\\/www.omnesbands.international\\\/mario-roig-vila-2\\\/#breadcrumb\",\"itemListElement\":[{\"@type\":\"ListItem\",\"position\":1,\"name\":\"Portada\",\"item\":\"https:\\\/\\\/www.omnesbands.international\\\/\"},{\"@type\":\"ListItem\",\"position\":2,\"name\":\"MARIO ROIG VILA\"}]},{\"@type\":\"WebSite\",\"@id\":\"https:\\\/\\\/www.omnesbands.international\\\/#website\",\"url\":\"https:\\\/\\\/www.omnesbands.international\\\/\",\"name\":\"OMNESBANDS International\",\"description\":\"Partituras Originales de autores y compositores independientes\",\"publisher\":{\"@id\":\"https:\\\/\\\/www.omnesbands.international\\\/#organization\"},\"potentialAction\":[{\"@type\":\"SearchAction\",\"target\":{\"@type\":\"EntryPoint\",\"urlTemplate\":\"https:\\\/\\\/www.omnesbands.international\\\/?s={search_term_string}\"},\"query-input\":{\"@type\":\"PropertyValueSpecification\",\"valueRequired\":true,\"valueName\":\"search_term_string\"}}],\"inLanguage\":\"fr-FR\"},{\"@type\":\"Organization\",\"@id\":\"https:\\\/\\\/www.omnesbands.international\\\/#organization\",\"name\":\"Indra Consultores Internacionales\",\"alternateName\":\"Omnesbands\",\"url\":\"https:\\\/\\\/www.omnesbands.international\\\/\",\"logo\":{\"@type\":\"ImageObject\",\"inLanguage\":\"fr-FR\",\"@id\":\"https:\\\/\\\/www.omnesbands.international\\\/#\\\/schema\\\/logo\\\/image\\\/\",\"url\":\"https:\\\/\\\/omnesbands.international\\\/wp-content\\\/uploads\\\/2023\\\/06\\\/Logo-Nuevo-.png\",\"contentUrl\":\"https:\\\/\\\/omnesbands.international\\\/wp-content\\\/uploads\\\/2023\\\/06\\\/Logo-Nuevo-.png\",\"width\":394,\"height\":212,\"caption\":\"Indra Consultores Internacionales\"},\"image\":{\"@id\":\"https:\\\/\\\/www.omnesbands.international\\\/#\\\/schema\\\/logo\\\/image\\\/\"}}]}<\/script>\n<!-- \/ Yoast SEO Premium plugin. -->","yoast_head_json":{"title":"MARIO ROIG VILA -","robots":{"index":"index","follow":"follow","max-snippet":"max-snippet:-1","max-image-preview":"max-image-preview:large","max-video-preview":"max-video-preview:-1"},"canonical":"https:\/\/www.omnesbands.international\/fr\/mario-roig-vila-2\/","og_locale":"fr_FR","og_type":"article","og_title":"MARIO ROIG VILA","og_description":"MARIO ROIG VILA Nace en Albaida (Valencia) el 26 de junio de 1972, es profesor superior en la especialidad de tromb\u00f3n y de composici\u00f3n, es diplomado en direcci\u00f3n de banda por The Associeated Board Of The Royal School Of Music. Inicia sus estudios musicales en la Uni\u00f3n Musical de Albaida \u201cLAranya\u201d con la percusi\u00f3n y [&hellip;]","og_url":"https:\/\/www.omnesbands.international\/fr\/mario-roig-vila-2\/","article_modified_time":"2023-01-29T15:21:47+00:00","og_image":[{"width":1280,"height":742,"url":"https:\/\/www.omnesbands.international\/wp-content\/uploads\/2023\/01\/music-sheet-music-snowdrop-7107045.jpg","type":"image\/jpeg"}],"twitter_card":"summary_large_image","twitter_misc":{"Dur\u00e9e de lecture estim\u00e9e":"3 minutes"},"schema":{"@context":"https:\/\/schema.org","@graph":[{"@type":"WebPage","@id":"https:\/\/www.omnesbands.international\/mario-roig-vila-2\/","url":"https:\/\/www.omnesbands.international\/mario-roig-vila-2\/","name":"MARIO ROIG VILA -","isPartOf":{"@id":"https:\/\/www.omnesbands.international\/#website"},"datePublished":"2023-01-29T15:21:07+00:00","dateModified":"2023-01-29T15:21:47+00:00","breadcrumb":{"@id":"https:\/\/www.omnesbands.international\/mario-roig-vila-2\/#breadcrumb"},"inLanguage":"fr-FR","potentialAction":[{"@type":"ReadAction","target":["https:\/\/www.omnesbands.international\/mario-roig-vila-2\/"]}]},{"@type":"BreadcrumbList","@id":"https:\/\/www.omnesbands.international\/mario-roig-vila-2\/#breadcrumb","itemListElement":[{"@type":"ListItem","position":1,"name":"Portada","item":"https:\/\/www.omnesbands.international\/"},{"@type":"ListItem","position":2,"name":"MARIO ROIG VILA"}]},{"@type":"WebSite","@id":"https:\/\/www.omnesbands.international\/#website","url":"https:\/\/www.omnesbands.international\/","name":"OMNESBANDS International","description":"Partitions originales d&#039;auteurs et compositeurs ind\u00e9pendants","publisher":{"@id":"https:\/\/www.omnesbands.international\/#organization"},"potentialAction":[{"@type":"SearchAction","target":{"@type":"EntryPoint","urlTemplate":"https:\/\/www.omnesbands.international\/?s={search_term_string}"},"query-input":{"@type":"PropertyValueSpecification","valueRequired":true,"valueName":"search_term_string"}}],"inLanguage":"fr-FR"},{"@type":"Organization","@id":"https:\/\/www.omnesbands.international\/#organization","name":"Indra Consultants Internationaux","alternateName":"Omnesbands","url":"https:\/\/www.omnesbands.international\/","logo":{"@type":"ImageObject","inLanguage":"fr-FR","@id":"https:\/\/www.omnesbands.international\/#\/schema\/logo\/image\/","url":"https:\/\/omnesbands.international\/wp-content\/uploads\/2023\/06\/Logo-Nuevo-.png","contentUrl":"https:\/\/omnesbands.international\/wp-content\/uploads\/2023\/06\/Logo-Nuevo-.png","width":394,"height":212,"caption":"Indra Consultores Internacionales"},"image":{"@id":"https:\/\/www.omnesbands.international\/#\/schema\/logo\/image\/"}}]}},"uagb_featured_image_src":{"full":false,"thumbnail":false,"medium":false,"medium_large":false,"large":false,"1536x1536":false,"2048x2048":false,"trp-custom-language-flag":false,"gg_gallery_thumbnail":false,"woocommerce_thumbnail":false,"woocommerce_single":false,"woocommerce_gallery_thumbnail":false},"uagb_author_info":{"display_name":"Melvin R. Portillo A:","author_link":"https:\/\/www.omnesbands.international\/fr\/author\/portand\/"},"uagb_comment_info":0,"uagb_excerpt":"MARIO ROIG VILA Nace en Albaida (Valencia) el 26 de junio de 1972, es profesor superior en la especialidad de tromb\u00f3n y de composici\u00f3n, es diplomado en direcci\u00f3n de banda por The Associeated Board Of The Royal School Of Music. Inicia sus estudios musicales en la Uni\u00f3n Musical de Albaida \u201cLAranya\u201d con la percusi\u00f3n y\u2026","_links":{"self":[{"href":"https:\/\/www.omnesbands.international\/fr\/wp-json\/wp\/v2\/pages\/1749","targetHints":{"allow":["GET"]}}],"collection":[{"href":"https:\/\/www.omnesbands.international\/fr\/wp-json\/wp\/v2\/pages"}],"about":[{"href":"https:\/\/www.omnesbands.international\/fr\/wp-json\/wp\/v2\/types\/page"}],"author":[{"embeddable":true,"href":"https:\/\/www.omnesbands.international\/fr\/wp-json\/wp\/v2\/users\/4"}],"replies":[{"embeddable":true,"href":"https:\/\/www.omnesbands.international\/fr\/wp-json\/wp\/v2\/comments?post=1749"}],"version-history":[{"count":2,"href":"https:\/\/www.omnesbands.international\/fr\/wp-json\/wp\/v2\/pages\/1749\/revisions"}],"predecessor-version":[{"id":1751,"href":"https:\/\/www.omnesbands.international\/fr\/wp-json\/wp\/v2\/pages\/1749\/revisions\/1751"}],"wp:attachment":[{"href":"https:\/\/www.omnesbands.international\/fr\/wp-json\/wp\/v2\/media?parent=1749"}],"curies":[{"name":"wp","href":"https:\/\/api.w.org\/{rel}","templated":true}]}}