{"id":1752,"date":"2023-01-29T09:26:30","date_gmt":"2023-01-29T15:26:30","guid":{"rendered":"https:\/\/omnesbands.international\/?page_id=1752"},"modified":"2023-01-29T09:26:32","modified_gmt":"2023-01-29T15:26:32","slug":"martinez-gallego-2","status":"publish","type":"page","link":"https:\/\/www.omnesbands.international\/fr\/martinez-gallego-2\/","title":{"rendered":"MARTINEZ GALLEGO"},"content":{"rendered":"<div class=\"wp-block-uagb-container uagb-block-472dd3a6 alignfull uagb-is-root-container\"><div class=\"uagb-container-inner-blocks-wrap\">\n<div class=\"wp-block-uagb-advanced-heading uagb-block-698155a7\"><h1 class=\"uagb-heading-text\"><strong>MARTINEZ GALLEGO<\/strong><\/h1><\/div>\n<\/div><\/div>\n\n\n\n<div class=\"wp-block-uagb-container uagb-block-6cef1197 alignfull uagb-is-root-container\"><div class=\"uagb-container-inner-blocks-wrap\">\n<div class=\"wp-block-uagb-container uagb-block-eb72df11\">\n<p>Francisco Jos\u00e9 Mart\u00ednez Gallego (1969-) est n\u00e9 \u00e0 San Antonio de Requena, dans la province de Valence. Il commence ses \u00e9tudes musicales au Conservatoire de la Soci\u00e9t\u00e9 Musicale La Arm\u00f3nica de San Antonio de Requena. Il entre ensuite aux Conservatoires de Murcie, Torrente et Valence o\u00f9 il obtient en 1994 un dipl\u00f4me sup\u00e9rieur de clarinette.<\/p>\n<p>Il travaille comme professeur de clarinette, directeur de groupe et compositeur. En 1998, il \u00e9largit ses \u00e9tudes musicales avec Jan Cober et Jos\u00e9 Rafael Pascual Vilaplana. Directeur des groupes Sociedad Musical El Arte de Sinarcas, du groupe de jeunes de la Sociedad Musical La Arm\u00f3nica de San Antonio et du groupe Arm\u00f3nica Brass.<br \/>Il \u00e9tudie la composition avec Daniel Flors, Ferrer Ferr\u00e1n, Teodoro Aparicio Barber\u00e1n et Miguel \u00c1ngel Mat\u00e9u. Parmi ses propres \u0153uvres figurent \u00ab Akhenaton \u00bb, un po\u00e8me symphonique sur l&#039;\u00c9gypte classique compos\u00e9 en 2004, la suite \u00ab La Concepci\u00f3n en 1910 \u00bb de 2005, la suite pour groupe \u00ab Monumentos \u00bb \u00e9galement de 2005 avec laquelle il a remport\u00e9 le premier prix de composition de Musique Symphonique pour Finestrat Band et \u00ab Theatrum \u00bb, musique pour la Sc\u00e8ne de l&#039;ann\u00e9e 2007, une suite pour diff\u00e9rents genres th\u00e9\u00e2traux.<\/p>\n<p>En juin 2010, il a obtenu le dipl\u00f4me sup\u00e9rieur de composition au Conservatoire Sup\u00e9rieur de Musique Salvador Segu\u00ed de Castell\u00f3n de la Plana, \u00e9tudiant avec Ferrer Ferr\u00e1n, C\u00e9sar Cano Forrat, Miguel \u00c1ngel Berbis L\u00f3pez, Claudia Montero, Jes\u00fas Vizca\u00edno et Emilio Caland\u00edn Hern\u00e1ndez.<br \/>Il compose \u00e9galement de la musique du genre festif, populaire dans le Pays valencien lors de ses f\u00eates des Maures et des Chr\u00e9tiens. En 2000, il a obtenu le premier prix du Ier Concours National de Musique du Festival d&#039;Altea avec la Marcha Mora Ziryab et en 2002, il a \u00e9galement remport\u00e9 le Premier Prix du IIe Concours de Composition de Musique du Festival de Calpe avec la Marcha Mora Benifat.<\/p>\n<p>\u00ab Symphonie n\u00b01 \u00bb (Kaprekar) a \u00e9t\u00e9 compos\u00e9e en 2011 pour groupe symphonique. Premier Prix de la Section Symphonique du Concours International d&#039;Orchestres XL Villa de Altea, organis\u00e9 le 4 d\u00e9cembre 2011 au Centre d&#039;Arts Palau Altea. Elle a \u00e9t\u00e9 interpr\u00e9t\u00e9e par l&#039;Uni\u00f3n Musical de L\u00edria sous la direction d&#039;Enrique Artiga.<br \/>Dattatreya Ramachandra Kaprekar (1905-1986) \u00e9tait un \u00e9minent math\u00e9maticien indien qui a d\u00e9velopp\u00e9 plusieurs concepts dans le cadre de la th\u00e9orie des nombres. Le nombre 6174 est connu sous le nom de Constante Kaprekar ou Op\u00e9ration Kaprekar, du nom de son d\u00e9couvreur.<\/p>\n<p>Ce nombre poss\u00e8de une propri\u00e9t\u00e9 int\u00e9ressante qui se d\u00e9montre comme suit. Tout d\u2019abord, choisissez n\u2019importe quel num\u00e9ro \u00e0 quatre chiffres. Disposez les quatre chiffres par ordre croissant pour obtenir la fin d&#039;une soustraction. Disposez les quatre m\u00eames chiffres par ordre d\u00e9croissant, pour obtenir la soustraction de la m\u00eame soustraction. Calculez le reste en effectuant l&#039;op\u00e9ration. Si le reste n&#039;est pas \u00e9gal \u00e0 6174, r\u00e9p\u00e9tez les quatre \u00e9tapes pr\u00e9c\u00e9dentes, en ajoutant des z\u00e9ros \u00e0 droite de la fin du menu et \u00e0 gauche du sous-trahend, chaque fois que n\u00e9cessaire pour compl\u00e9ter les quatre chiffres. Cette op\u00e9ration, r\u00e9p\u00e9t\u00e9e si n\u00e9cessaire \u00e0 plusieurs reprises, mais jamais plus de sept fois, finit par donner le r\u00e9sultat 6174. Le processus se termine ici car, si la s\u00e9quence d&#039;\u00e9tapes continue \u00e0 \u00eatre r\u00e9p\u00e9t\u00e9e, le r\u00e9sultat pr\u00e9cit\u00e9 est obtenu en tenant compte du fait que 7641 moins 1467 est \u00e9gal \u00e0 6174.<\/p>\n<\/div>\n<\/div><\/div>\n\n\n<div class=\"woocommerce columns-4\"><\/div>","protected":false},"excerpt":{"rendered":"<p>MART\u00cdNEZ GALLEGO Francisco Jos\u00e9 Mart\u00ednez Gallego (1969-) naci\u00f3 en San Antonio de Requena, en la provincia de Valencia. Empez\u00f3 sus estudios musicales en el Conservatorio de la Sociedad Musical La Arm\u00f3nica de San Antonio de Requena. Luego ingres\u00f3 en los Conservatorios de Murcia, Torrente y Valencia donde en 1994 obtuvo el t\u00edtulo superior de clarinete. [&hellip;]<\/p>\n","protected":false},"author":4,"featured_media":0,"parent":0,"menu_order":0,"comment_status":"closed","ping_status":"closed","template":"","meta":{"_acf_changed":false,"_uag_custom_page_level_css":"","site-sidebar-layout":"default","site-content-layout":"","ast-site-content-layout":"default","site-content-style":"default","site-sidebar-style":"default","ast-global-header-display":"","ast-banner-title-visibility":"","ast-main-header-display":"","ast-hfb-above-header-display":"","ast-hfb-below-header-display":"","ast-hfb-mobile-header-display":"","site-post-title":"disabled","ast-breadcrumbs-content":"","ast-featured-img":"","footer-sml-layout":"","ast-disable-related-posts":"","theme-transparent-header-meta":"","adv-header-id-meta":"","stick-header-meta":"","header-above-stick-meta":"","header-main-stick-meta":"","header-below-stick-meta":"","astra-migrate-meta-layouts":"default","ast-page-background-enabled":"default","ast-page-background-meta":{"desktop":{"background-color":"","background-image":"","background-repeat":"repeat","background-position":"center center","background-size":"auto","background-attachment":"scroll","background-type":"","background-media":"","overlay-type":"","overlay-color":"","overlay-opacity":"","overlay-gradient":""},"tablet":{"background-color":"","background-image":"","background-repeat":"repeat","background-position":"center center","background-size":"auto","background-attachment":"scroll","background-type":"","background-media":"","overlay-type":"","overlay-color":"","overlay-opacity":"","overlay-gradient":""},"mobile":{"background-color":"","background-image":"","background-repeat":"repeat","background-position":"center center","background-size":"auto","background-attachment":"scroll","background-type":"","background-media":"","overlay-type":"","overlay-color":"","overlay-opacity":"","overlay-gradient":""}},"ast-content-background-meta":{"desktop":{"background-color":"var(--ast-global-color-5)","background-image":"","background-repeat":"repeat","background-position":"center center","background-size":"auto","background-attachment":"scroll","background-type":"","background-media":"","overlay-type":"","overlay-color":"","overlay-opacity":"","overlay-gradient":""},"tablet":{"background-color":"var(--ast-global-color-5)","background-image":"","background-repeat":"repeat","background-position":"center center","background-size":"auto","background-attachment":"scroll","background-type":"","background-media":"","overlay-type":"","overlay-color":"","overlay-opacity":"","overlay-gradient":""},"mobile":{"background-color":"var(--ast-global-color-5)","background-image":"","background-repeat":"repeat","background-position":"center center","background-size":"auto","background-attachment":"scroll","background-type":"","background-media":"","overlay-type":"","overlay-color":"","overlay-opacity":"","overlay-gradient":""}},"footnotes":""},"class_list":["post-1752","page","type-page","status-publish","hentry"],"acf":[],"yoast_head":"<!-- This site is optimized with the Yoast SEO Premium plugin v22.4 (Yoast SEO v27.4) - https:\/\/yoast.com\/product\/yoast-seo-premium-wordpress\/ -->\n<title>MART\u00cdNEZ GALLEGO -<\/title>\n<meta name=\"robots\" content=\"index, follow, max-snippet:-1, max-image-preview:large, max-video-preview:-1\" \/>\n<link rel=\"canonical\" href=\"https:\/\/www.omnesbands.international\/fr\/martinez-gallego-2\/\" \/>\n<meta property=\"og:locale\" content=\"fr_FR\" \/>\n<meta property=\"og:type\" content=\"article\" \/>\n<meta property=\"og:title\" content=\"MART\u00cdNEZ GALLEGO\" \/>\n<meta property=\"og:description\" content=\"MART\u00cdNEZ GALLEGO Francisco Jos\u00e9 Mart\u00ednez Gallego (1969-) naci\u00f3 en San Antonio de Requena, en la provincia de Valencia. Empez\u00f3 sus estudios musicales en el Conservatorio de la Sociedad Musical La Arm\u00f3nica de San Antonio de Requena. Luego ingres\u00f3 en los Conservatorios de Murcia, Torrente y Valencia donde en 1994 obtuvo el t\u00edtulo superior de clarinete. [&hellip;]\" \/>\n<meta property=\"og:url\" content=\"https:\/\/www.omnesbands.international\/fr\/martinez-gallego-2\/\" \/>\n<meta property=\"article:modified_time\" content=\"2023-01-29T15:26:32+00:00\" \/>\n<meta property=\"og:image\" content=\"https:\/\/www.omnesbands.international\/wp-content\/uploads\/2023\/01\/music-sheet-music-snowdrop-7107045.jpg\" \/>\n\t<meta property=\"og:image:width\" content=\"1280\" \/>\n\t<meta property=\"og:image:height\" content=\"742\" \/>\n\t<meta property=\"og:image:type\" content=\"image\/jpeg\" \/>\n<meta name=\"twitter:card\" content=\"summary_large_image\" \/>\n<meta name=\"twitter:label1\" content=\"Dur\u00e9e de lecture estim\u00e9e\" \/>\n\t<meta name=\"twitter:data1\" content=\"3 minutes\" \/>\n<script type=\"application\/ld+json\" class=\"yoast-schema-graph\">{\"@context\":\"https:\\\/\\\/schema.org\",\"@graph\":[{\"@type\":\"WebPage\",\"@id\":\"https:\\\/\\\/www.omnesbands.international\\\/martinez-gallego-2\\\/\",\"url\":\"https:\\\/\\\/www.omnesbands.international\\\/martinez-gallego-2\\\/\",\"name\":\"MART\u00cdNEZ GALLEGO -\",\"isPartOf\":{\"@id\":\"https:\\\/\\\/www.omnesbands.international\\\/#website\"},\"datePublished\":\"2023-01-29T15:26:30+00:00\",\"dateModified\":\"2023-01-29T15:26:32+00:00\",\"breadcrumb\":{\"@id\":\"https:\\\/\\\/www.omnesbands.international\\\/martinez-gallego-2\\\/#breadcrumb\"},\"inLanguage\":\"fr-FR\",\"potentialAction\":[{\"@type\":\"ReadAction\",\"target\":[\"https:\\\/\\\/www.omnesbands.international\\\/martinez-gallego-2\\\/\"]}]},{\"@type\":\"BreadcrumbList\",\"@id\":\"https:\\\/\\\/www.omnesbands.international\\\/martinez-gallego-2\\\/#breadcrumb\",\"itemListElement\":[{\"@type\":\"ListItem\",\"position\":1,\"name\":\"Portada\",\"item\":\"https:\\\/\\\/www.omnesbands.international\\\/\"},{\"@type\":\"ListItem\",\"position\":2,\"name\":\"MART\u00cdNEZ GALLEGO\"}]},{\"@type\":\"WebSite\",\"@id\":\"https:\\\/\\\/www.omnesbands.international\\\/#website\",\"url\":\"https:\\\/\\\/www.omnesbands.international\\\/\",\"name\":\"OMNESBANDS International\",\"description\":\"Partituras Originales de autores y compositores independientes\",\"publisher\":{\"@id\":\"https:\\\/\\\/www.omnesbands.international\\\/#organization\"},\"potentialAction\":[{\"@type\":\"SearchAction\",\"target\":{\"@type\":\"EntryPoint\",\"urlTemplate\":\"https:\\\/\\\/www.omnesbands.international\\\/?s={search_term_string}\"},\"query-input\":{\"@type\":\"PropertyValueSpecification\",\"valueRequired\":true,\"valueName\":\"search_term_string\"}}],\"inLanguage\":\"fr-FR\"},{\"@type\":\"Organization\",\"@id\":\"https:\\\/\\\/www.omnesbands.international\\\/#organization\",\"name\":\"Indra Consultores Internacionales\",\"alternateName\":\"Omnesbands\",\"url\":\"https:\\\/\\\/www.omnesbands.international\\\/\",\"logo\":{\"@type\":\"ImageObject\",\"inLanguage\":\"fr-FR\",\"@id\":\"https:\\\/\\\/www.omnesbands.international\\\/#\\\/schema\\\/logo\\\/image\\\/\",\"url\":\"https:\\\/\\\/omnesbands.international\\\/wp-content\\\/uploads\\\/2023\\\/06\\\/Logo-Nuevo-.png\",\"contentUrl\":\"https:\\\/\\\/omnesbands.international\\\/wp-content\\\/uploads\\\/2023\\\/06\\\/Logo-Nuevo-.png\",\"width\":394,\"height\":212,\"caption\":\"Indra Consultores Internacionales\"},\"image\":{\"@id\":\"https:\\\/\\\/www.omnesbands.international\\\/#\\\/schema\\\/logo\\\/image\\\/\"}}]}<\/script>\n<!-- \/ Yoast SEO Premium plugin. -->","yoast_head_json":{"title":"MART\u00cdNEZ GALLEGO -","robots":{"index":"index","follow":"follow","max-snippet":"max-snippet:-1","max-image-preview":"max-image-preview:large","max-video-preview":"max-video-preview:-1"},"canonical":"https:\/\/www.omnesbands.international\/fr\/martinez-gallego-2\/","og_locale":"fr_FR","og_type":"article","og_title":"MART\u00cdNEZ GALLEGO","og_description":"MART\u00cdNEZ GALLEGO Francisco Jos\u00e9 Mart\u00ednez Gallego (1969-) naci\u00f3 en San Antonio de Requena, en la provincia de Valencia. Empez\u00f3 sus estudios musicales en el Conservatorio de la Sociedad Musical La Arm\u00f3nica de San Antonio de Requena. Luego ingres\u00f3 en los Conservatorios de Murcia, Torrente y Valencia donde en 1994 obtuvo el t\u00edtulo superior de clarinete. [&hellip;]","og_url":"https:\/\/www.omnesbands.international\/fr\/martinez-gallego-2\/","article_modified_time":"2023-01-29T15:26:32+00:00","og_image":[{"width":1280,"height":742,"url":"https:\/\/www.omnesbands.international\/wp-content\/uploads\/2023\/01\/music-sheet-music-snowdrop-7107045.jpg","type":"image\/jpeg"}],"twitter_card":"summary_large_image","twitter_misc":{"Dur\u00e9e de lecture estim\u00e9e":"3 minutes"},"schema":{"@context":"https:\/\/schema.org","@graph":[{"@type":"WebPage","@id":"https:\/\/www.omnesbands.international\/martinez-gallego-2\/","url":"https:\/\/www.omnesbands.international\/martinez-gallego-2\/","name":"MART\u00cdNEZ GALLEGO -","isPartOf":{"@id":"https:\/\/www.omnesbands.international\/#website"},"datePublished":"2023-01-29T15:26:30+00:00","dateModified":"2023-01-29T15:26:32+00:00","breadcrumb":{"@id":"https:\/\/www.omnesbands.international\/martinez-gallego-2\/#breadcrumb"},"inLanguage":"fr-FR","potentialAction":[{"@type":"ReadAction","target":["https:\/\/www.omnesbands.international\/martinez-gallego-2\/"]}]},{"@type":"BreadcrumbList","@id":"https:\/\/www.omnesbands.international\/martinez-gallego-2\/#breadcrumb","itemListElement":[{"@type":"ListItem","position":1,"name":"Portada","item":"https:\/\/www.omnesbands.international\/"},{"@type":"ListItem","position":2,"name":"MART\u00cdNEZ GALLEGO"}]},{"@type":"WebSite","@id":"https:\/\/www.omnesbands.international\/#website","url":"https:\/\/www.omnesbands.international\/","name":"OMNESBANDS International","description":"Partitions originales d&#039;auteurs et compositeurs ind\u00e9pendants","publisher":{"@id":"https:\/\/www.omnesbands.international\/#organization"},"potentialAction":[{"@type":"SearchAction","target":{"@type":"EntryPoint","urlTemplate":"https:\/\/www.omnesbands.international\/?s={search_term_string}"},"query-input":{"@type":"PropertyValueSpecification","valueRequired":true,"valueName":"search_term_string"}}],"inLanguage":"fr-FR"},{"@type":"Organization","@id":"https:\/\/www.omnesbands.international\/#organization","name":"Indra Consultants Internationaux","alternateName":"Omnesbands","url":"https:\/\/www.omnesbands.international\/","logo":{"@type":"ImageObject","inLanguage":"fr-FR","@id":"https:\/\/www.omnesbands.international\/#\/schema\/logo\/image\/","url":"https:\/\/omnesbands.international\/wp-content\/uploads\/2023\/06\/Logo-Nuevo-.png","contentUrl":"https:\/\/omnesbands.international\/wp-content\/uploads\/2023\/06\/Logo-Nuevo-.png","width":394,"height":212,"caption":"Indra Consultores Internacionales"},"image":{"@id":"https:\/\/www.omnesbands.international\/#\/schema\/logo\/image\/"}}]}},"uagb_featured_image_src":{"full":false,"thumbnail":false,"medium":false,"medium_large":false,"large":false,"1536x1536":false,"2048x2048":false,"trp-custom-language-flag":false,"gg_gallery_thumbnail":false,"woocommerce_thumbnail":false,"woocommerce_single":false,"woocommerce_gallery_thumbnail":false},"uagb_author_info":{"display_name":"Melvin R. Portillo A:","author_link":"https:\/\/www.omnesbands.international\/fr\/author\/portand\/"},"uagb_comment_info":0,"uagb_excerpt":"MART\u00cdNEZ GALLEGO Francisco Jos\u00e9 Mart\u00ednez Gallego (1969-) naci\u00f3 en San Antonio de Requena, en la provincia de Valencia. Empez\u00f3 sus estudios musicales en el Conservatorio de la Sociedad Musical La Arm\u00f3nica de San Antonio de Requena. Luego ingres\u00f3 en los Conservatorios de Murcia, Torrente y Valencia donde en 1994 obtuvo el t\u00edtulo superior de clarinete.\u2026","_links":{"self":[{"href":"https:\/\/www.omnesbands.international\/fr\/wp-json\/wp\/v2\/pages\/1752","targetHints":{"allow":["GET"]}}],"collection":[{"href":"https:\/\/www.omnesbands.international\/fr\/wp-json\/wp\/v2\/pages"}],"about":[{"href":"https:\/\/www.omnesbands.international\/fr\/wp-json\/wp\/v2\/types\/page"}],"author":[{"embeddable":true,"href":"https:\/\/www.omnesbands.international\/fr\/wp-json\/wp\/v2\/users\/4"}],"replies":[{"embeddable":true,"href":"https:\/\/www.omnesbands.international\/fr\/wp-json\/wp\/v2\/comments?post=1752"}],"version-history":[{"count":1,"href":"https:\/\/www.omnesbands.international\/fr\/wp-json\/wp\/v2\/pages\/1752\/revisions"}],"predecessor-version":[{"id":1753,"href":"https:\/\/www.omnesbands.international\/fr\/wp-json\/wp\/v2\/pages\/1752\/revisions\/1753"}],"wp:attachment":[{"href":"https:\/\/www.omnesbands.international\/fr\/wp-json\/wp\/v2\/media?parent=1752"}],"curies":[{"name":"wp","href":"https:\/\/api.w.org\/{rel}","templated":true}]}}