{"id":1758,"date":"2023-01-29T09:38:45","date_gmt":"2023-01-29T15:38:45","guid":{"rendered":"https:\/\/omnesbands.international\/?page_id=1758"},"modified":"2023-01-29T09:38:50","modified_gmt":"2023-01-29T15:38:50","slug":"miguel-angel-mas-2","status":"publish","type":"page","link":"https:\/\/www.omnesbands.international\/fr\/miguel-angel-mas-2\/","title":{"rendered":"MIGUEL ANGEL PLUS"},"content":{"rendered":"<div class=\"wp-block-uagb-container uagb-block-a8f88a09 alignfull uagb-is-root-container\"><div class=\"uagb-container-inner-blocks-wrap\">\n<div class=\"wp-block-uagb-advanced-heading uagb-block-3f536972\"><h1 class=\"uagb-heading-text\"><strong>MIGUEL ANGEL PLUS<\/strong><\/h1><\/div>\n<\/div><\/div>\n\n\n\n<div class=\"wp-block-uagb-container uagb-block-c288a89b alignfull uagb-is-root-container\"><div class=\"uagb-container-inner-blocks-wrap\">\n<div class=\"wp-block-uagb-container uagb-block-fc7f58a9\">\n<p>N\u00e9 \u00e0 Ca\u00f1ada (Alicante), il commence ses \u00e9tudes \u00e0 l&#039;\u00e9cole de musique locale et au Conservatoire Oscar Espl\u00e1 d&#039;Alicante. Peu de temps apr\u00e8s, il s&#039;installe au Conservatoire Professionnel de Musique de Villena, o\u00f9 il terminera le dipl\u00f4me interm\u00e9diaire de saxophone avec le professeur : M. Jos\u00e9 Luna Mart\u00ednez. Il compl\u00e8te \u00e9galement le dipl\u00f4me \u00e9l\u00e9mentaire dans la sp\u00e9cialit\u00e9 guitare. Plus tard, il obtient une place pour suivre des cours sup\u00e9rieurs de saxophone au Conservatoire Sup\u00e9rieur de Musique de Murcie : \u00ab Manuel Massotti Littel \u00bb, avec le professeur D. Antonio Salas P\u00e9rez, o\u00f9 il compl\u00e8tera le dipl\u00f4me sup\u00e9rieur dans la sp\u00e9cialit\u00e9 de saxophone avec le titre d&#039;Exceptionnel. .<\/p>\n<p>Il a suivi et organis\u00e9 divers cours de perfectionnement musical aupr\u00e8s de divers professeurs prestigieux, tant en saxophone qu&#039;en direction d&#039;orchestre, en p\u00e9dagogie et autres sp\u00e9cialit\u00e9s.<\/p>\n<p>En 2003, il obtient le Certificat d&#039;Aptitude P\u00e9dagogique \u00e0 l&#039;Universit\u00e9 d&#039;Alicante. Son inqui\u00e9tude musicale et sa grande passion pour la f\u00eate des Maures et des Chr\u00e9tiens lui ont fait apporter son modeste grain de sable au monde de la Musique Festive, en composant plusieurs pi\u00e8ces pour ce genre musical qu&#039;il admire tant. En 2004, il r\u00e9alise un disque compact avec ses propres pi\u00e8ces de M\u00fasica Festera.<\/p>\n<p>Il existe actuellement six CD de ce genre musical contenant des compositions de ce musicien d&#039;Alicante. Le r\u00e9sultat de son enthousiasme et de son travail sont les reconnaissances qu&#039;il a obtenues dans diff\u00e9rents concours : Finaliste au VIIe Concours \u00ab Villa de Benidorm \u00bb en 2001. Deuxi\u00e8me prix et 1er prix du public, au VIIIe Concours de composition Callosa d&#039;en Sarri\u00e0 2002. 1er prix au concours de composition de la troupe Moros Nuevos de Villena 2003. Deuxi\u00e8me prix par vote populaire au XIX Concours de Musique Festive d&#039;Ontinyent en 2004 et deuxi\u00e8me prix au XX Concours de Musique Festive d&#039;Ontinyent en 2005.<\/p>\n<p>Il a fait partie de plusieurs formations de chambre, il participe \u00e9galement \u00e0 des Ensembles et \u00ab Big Bands \u00bb, ainsi qu&#039;\u00e0 divers groupes de musique lors de concerts et d&#039;enregistrements en tant que musicien ou conseiller musical.<\/p>\n<p>Il a \u00e9t\u00e9 s\u00e9lectionn\u00e9 pour faire partie du jury du IIIe Concours Musical du Festival d&#039;Altea la Vella en janvier 2005. Il a \u00e9t\u00e9 membre de l&#039;Orchestre Municipal de Villena et de l&#039;Uni\u00f3n Musical de Ca\u00f1ada, sa ville natale.<\/p>\n<p>Il travaille actuellement comme professeur dans une \u00e9cole secondaire. En m\u00eame temps, il est professeur de saxophone \u00e0 l&#039;\u00c9cole r\u00e9gionale de musique de Vall d&#039;Albaida, qui comprend 11 villes valenciennes, et \u00e0 l&#039;\u00c9cole r\u00e9gionale de L&#039;Alacant\u00ed-Alcoi\u00e0, en plus de diriger l&#039;orchestre de jeunes Ibi et Xixona.<\/p>\n<\/div>\n<\/div><\/div>\n\n\n<div class=\"woocommerce columns-4\"><\/div>","protected":false},"excerpt":{"rendered":"<p>MIGUEL ANGEL MAS Natural de Ca\u00f1ada (Alicante), comienza sus estudios en la Escuela de M\u00fasica local y en el conservatorio Oscar Espl\u00e1 de Alicante. Poco despu\u00e9s se traslada al Conservatorio Profesional de M\u00fasica de Villena, donde finalizar\u00eda el Grado Medio de saxof\u00f3n con el profesor: D. Jos\u00e9 Luna Mart\u00ednez. Adem\u00e1s completa el Grado Elemental en [&hellip;]<\/p>\n","protected":false},"author":4,"featured_media":0,"parent":0,"menu_order":0,"comment_status":"closed","ping_status":"closed","template":"","meta":{"_acf_changed":false,"_uag_custom_page_level_css":"","site-sidebar-layout":"default","site-content-layout":"","ast-site-content-layout":"default","site-content-style":"default","site-sidebar-style":"default","ast-global-header-display":"","ast-banner-title-visibility":"","ast-main-header-display":"","ast-hfb-above-header-display":"","ast-hfb-below-header-display":"","ast-hfb-mobile-header-display":"","site-post-title":"disabled","ast-breadcrumbs-content":"","ast-featured-img":"","footer-sml-layout":"","ast-disable-related-posts":"","theme-transparent-header-meta":"","adv-header-id-meta":"","stick-header-meta":"","header-above-stick-meta":"","header-main-stick-meta":"","header-below-stick-meta":"","astra-migrate-meta-layouts":"default","ast-page-background-enabled":"default","ast-page-background-meta":{"desktop":{"background-color":"","background-image":"","background-repeat":"repeat","background-position":"center center","background-size":"auto","background-attachment":"scroll","background-type":"","background-media":"","overlay-type":"","overlay-color":"","overlay-opacity":"","overlay-gradient":""},"tablet":{"background-color":"","background-image":"","background-repeat":"repeat","background-position":"center center","background-size":"auto","background-attachment":"scroll","background-type":"","background-media":"","overlay-type":"","overlay-color":"","overlay-opacity":"","overlay-gradient":""},"mobile":{"background-color":"","background-image":"","background-repeat":"repeat","background-position":"center center","background-size":"auto","background-attachment":"scroll","background-type":"","background-media":"","overlay-type":"","overlay-color":"","overlay-opacity":"","overlay-gradient":""}},"ast-content-background-meta":{"desktop":{"background-color":"var(--ast-global-color-5)","background-image":"","background-repeat":"repeat","background-position":"center center","background-size":"auto","background-attachment":"scroll","background-type":"","background-media":"","overlay-type":"","overlay-color":"","overlay-opacity":"","overlay-gradient":""},"tablet":{"background-color":"var(--ast-global-color-5)","background-image":"","background-repeat":"repeat","background-position":"center center","background-size":"auto","background-attachment":"scroll","background-type":"","background-media":"","overlay-type":"","overlay-color":"","overlay-opacity":"","overlay-gradient":""},"mobile":{"background-color":"var(--ast-global-color-5)","background-image":"","background-repeat":"repeat","background-position":"center center","background-size":"auto","background-attachment":"scroll","background-type":"","background-media":"","overlay-type":"","overlay-color":"","overlay-opacity":"","overlay-gradient":""}},"footnotes":""},"class_list":["post-1758","page","type-page","status-publish","hentry"],"acf":[],"yoast_head":"<!-- This site is optimized with the Yoast SEO Premium plugin v22.4 (Yoast SEO v27.4) - https:\/\/yoast.com\/product\/yoast-seo-premium-wordpress\/ -->\n<title>MIGUEL ANGEL MAS -<\/title>\n<meta name=\"robots\" content=\"index, follow, max-snippet:-1, max-image-preview:large, max-video-preview:-1\" \/>\n<link rel=\"canonical\" href=\"https:\/\/www.omnesbands.international\/fr\/miguel-angel-mas-2\/\" \/>\n<meta property=\"og:locale\" content=\"fr_FR\" \/>\n<meta property=\"og:type\" content=\"article\" \/>\n<meta property=\"og:title\" content=\"MIGUEL ANGEL MAS\" \/>\n<meta property=\"og:description\" content=\"MIGUEL ANGEL MAS Natural de Ca\u00f1ada (Alicante), comienza sus estudios en la Escuela de M\u00fasica local y en el conservatorio Oscar Espl\u00e1 de Alicante. Poco despu\u00e9s se traslada al Conservatorio Profesional de M\u00fasica de Villena, donde finalizar\u00eda el Grado Medio de saxof\u00f3n con el profesor: D. Jos\u00e9 Luna Mart\u00ednez. Adem\u00e1s completa el Grado Elemental en [&hellip;]\" \/>\n<meta property=\"og:url\" content=\"https:\/\/www.omnesbands.international\/fr\/miguel-angel-mas-2\/\" \/>\n<meta property=\"article:modified_time\" content=\"2023-01-29T15:38:50+00:00\" \/>\n<meta property=\"og:image\" content=\"https:\/\/www.omnesbands.international\/wp-content\/uploads\/2023\/01\/music-sheet-music-snowdrop-7107045.jpg\" \/>\n\t<meta property=\"og:image:width\" content=\"1280\" \/>\n\t<meta property=\"og:image:height\" content=\"742\" \/>\n\t<meta property=\"og:image:type\" content=\"image\/jpeg\" \/>\n<meta name=\"twitter:card\" content=\"summary_large_image\" \/>\n<meta name=\"twitter:label1\" content=\"Dur\u00e9e de lecture estim\u00e9e\" \/>\n\t<meta name=\"twitter:data1\" content=\"2 minutes\" \/>\n<script type=\"application\/ld+json\" class=\"yoast-schema-graph\">{\"@context\":\"https:\\\/\\\/schema.org\",\"@graph\":[{\"@type\":\"WebPage\",\"@id\":\"https:\\\/\\\/www.omnesbands.international\\\/miguel-angel-mas-2\\\/\",\"url\":\"https:\\\/\\\/www.omnesbands.international\\\/miguel-angel-mas-2\\\/\",\"name\":\"MIGUEL ANGEL MAS -\",\"isPartOf\":{\"@id\":\"https:\\\/\\\/www.omnesbands.international\\\/#website\"},\"datePublished\":\"2023-01-29T15:38:45+00:00\",\"dateModified\":\"2023-01-29T15:38:50+00:00\",\"breadcrumb\":{\"@id\":\"https:\\\/\\\/www.omnesbands.international\\\/miguel-angel-mas-2\\\/#breadcrumb\"},\"inLanguage\":\"fr-FR\",\"potentialAction\":[{\"@type\":\"ReadAction\",\"target\":[\"https:\\\/\\\/www.omnesbands.international\\\/miguel-angel-mas-2\\\/\"]}]},{\"@type\":\"BreadcrumbList\",\"@id\":\"https:\\\/\\\/www.omnesbands.international\\\/miguel-angel-mas-2\\\/#breadcrumb\",\"itemListElement\":[{\"@type\":\"ListItem\",\"position\":1,\"name\":\"Portada\",\"item\":\"https:\\\/\\\/www.omnesbands.international\\\/\"},{\"@type\":\"ListItem\",\"position\":2,\"name\":\"MIGUEL ANGEL MAS\"}]},{\"@type\":\"WebSite\",\"@id\":\"https:\\\/\\\/www.omnesbands.international\\\/#website\",\"url\":\"https:\\\/\\\/www.omnesbands.international\\\/\",\"name\":\"OMNESBANDS International\",\"description\":\"Partituras Originales de autores y compositores independientes\",\"publisher\":{\"@id\":\"https:\\\/\\\/www.omnesbands.international\\\/#organization\"},\"potentialAction\":[{\"@type\":\"SearchAction\",\"target\":{\"@type\":\"EntryPoint\",\"urlTemplate\":\"https:\\\/\\\/www.omnesbands.international\\\/?s={search_term_string}\"},\"query-input\":{\"@type\":\"PropertyValueSpecification\",\"valueRequired\":true,\"valueName\":\"search_term_string\"}}],\"inLanguage\":\"fr-FR\"},{\"@type\":\"Organization\",\"@id\":\"https:\\\/\\\/www.omnesbands.international\\\/#organization\",\"name\":\"Indra Consultores Internacionales\",\"alternateName\":\"Omnesbands\",\"url\":\"https:\\\/\\\/www.omnesbands.international\\\/\",\"logo\":{\"@type\":\"ImageObject\",\"inLanguage\":\"fr-FR\",\"@id\":\"https:\\\/\\\/www.omnesbands.international\\\/#\\\/schema\\\/logo\\\/image\\\/\",\"url\":\"https:\\\/\\\/omnesbands.international\\\/wp-content\\\/uploads\\\/2023\\\/06\\\/Logo-Nuevo-.png\",\"contentUrl\":\"https:\\\/\\\/omnesbands.international\\\/wp-content\\\/uploads\\\/2023\\\/06\\\/Logo-Nuevo-.png\",\"width\":394,\"height\":212,\"caption\":\"Indra Consultores Internacionales\"},\"image\":{\"@id\":\"https:\\\/\\\/www.omnesbands.international\\\/#\\\/schema\\\/logo\\\/image\\\/\"}}]}<\/script>\n<!-- \/ Yoast SEO Premium plugin. -->","yoast_head_json":{"title":"MIGUEL ANGEL MAS -","robots":{"index":"index","follow":"follow","max-snippet":"max-snippet:-1","max-image-preview":"max-image-preview:large","max-video-preview":"max-video-preview:-1"},"canonical":"https:\/\/www.omnesbands.international\/fr\/miguel-angel-mas-2\/","og_locale":"fr_FR","og_type":"article","og_title":"MIGUEL ANGEL MAS","og_description":"MIGUEL ANGEL MAS Natural de Ca\u00f1ada (Alicante), comienza sus estudios en la Escuela de M\u00fasica local y en el conservatorio Oscar Espl\u00e1 de Alicante. Poco despu\u00e9s se traslada al Conservatorio Profesional de M\u00fasica de Villena, donde finalizar\u00eda el Grado Medio de saxof\u00f3n con el profesor: D. Jos\u00e9 Luna Mart\u00ednez. Adem\u00e1s completa el Grado Elemental en [&hellip;]","og_url":"https:\/\/www.omnesbands.international\/fr\/miguel-angel-mas-2\/","article_modified_time":"2023-01-29T15:38:50+00:00","og_image":[{"width":1280,"height":742,"url":"https:\/\/www.omnesbands.international\/wp-content\/uploads\/2023\/01\/music-sheet-music-snowdrop-7107045.jpg","type":"image\/jpeg"}],"twitter_card":"summary_large_image","twitter_misc":{"Dur\u00e9e de lecture estim\u00e9e":"2 minutes"},"schema":{"@context":"https:\/\/schema.org","@graph":[{"@type":"WebPage","@id":"https:\/\/www.omnesbands.international\/miguel-angel-mas-2\/","url":"https:\/\/www.omnesbands.international\/miguel-angel-mas-2\/","name":"MIGUEL ANGEL MAS -","isPartOf":{"@id":"https:\/\/www.omnesbands.international\/#website"},"datePublished":"2023-01-29T15:38:45+00:00","dateModified":"2023-01-29T15:38:50+00:00","breadcrumb":{"@id":"https:\/\/www.omnesbands.international\/miguel-angel-mas-2\/#breadcrumb"},"inLanguage":"fr-FR","potentialAction":[{"@type":"ReadAction","target":["https:\/\/www.omnesbands.international\/miguel-angel-mas-2\/"]}]},{"@type":"BreadcrumbList","@id":"https:\/\/www.omnesbands.international\/miguel-angel-mas-2\/#breadcrumb","itemListElement":[{"@type":"ListItem","position":1,"name":"Portada","item":"https:\/\/www.omnesbands.international\/"},{"@type":"ListItem","position":2,"name":"MIGUEL ANGEL MAS"}]},{"@type":"WebSite","@id":"https:\/\/www.omnesbands.international\/#website","url":"https:\/\/www.omnesbands.international\/","name":"OMNESBANDS International","description":"Partitions originales d&#039;auteurs et compositeurs ind\u00e9pendants","publisher":{"@id":"https:\/\/www.omnesbands.international\/#organization"},"potentialAction":[{"@type":"SearchAction","target":{"@type":"EntryPoint","urlTemplate":"https:\/\/www.omnesbands.international\/?s={search_term_string}"},"query-input":{"@type":"PropertyValueSpecification","valueRequired":true,"valueName":"search_term_string"}}],"inLanguage":"fr-FR"},{"@type":"Organization","@id":"https:\/\/www.omnesbands.international\/#organization","name":"Indra Consultants Internationaux","alternateName":"Omnesbands","url":"https:\/\/www.omnesbands.international\/","logo":{"@type":"ImageObject","inLanguage":"fr-FR","@id":"https:\/\/www.omnesbands.international\/#\/schema\/logo\/image\/","url":"https:\/\/omnesbands.international\/wp-content\/uploads\/2023\/06\/Logo-Nuevo-.png","contentUrl":"https:\/\/omnesbands.international\/wp-content\/uploads\/2023\/06\/Logo-Nuevo-.png","width":394,"height":212,"caption":"Indra Consultores Internacionales"},"image":{"@id":"https:\/\/www.omnesbands.international\/#\/schema\/logo\/image\/"}}]}},"uagb_featured_image_src":{"full":false,"thumbnail":false,"medium":false,"medium_large":false,"large":false,"1536x1536":false,"2048x2048":false,"trp-custom-language-flag":false,"gg_gallery_thumbnail":false,"woocommerce_thumbnail":false,"woocommerce_single":false,"woocommerce_gallery_thumbnail":false},"uagb_author_info":{"display_name":"Melvin R. Portillo A:","author_link":"https:\/\/www.omnesbands.international\/fr\/author\/portand\/"},"uagb_comment_info":0,"uagb_excerpt":"MIGUEL ANGEL MAS Natural de Ca\u00f1ada (Alicante), comienza sus estudios en la Escuela de M\u00fasica local y en el conservatorio Oscar Espl\u00e1 de Alicante. Poco despu\u00e9s se traslada al Conservatorio Profesional de M\u00fasica de Villena, donde finalizar\u00eda el Grado Medio de saxof\u00f3n con el profesor: D. Jos\u00e9 Luna Mart\u00ednez. Adem\u00e1s completa el Grado Elemental en\u2026","_links":{"self":[{"href":"https:\/\/www.omnesbands.international\/fr\/wp-json\/wp\/v2\/pages\/1758","targetHints":{"allow":["GET"]}}],"collection":[{"href":"https:\/\/www.omnesbands.international\/fr\/wp-json\/wp\/v2\/pages"}],"about":[{"href":"https:\/\/www.omnesbands.international\/fr\/wp-json\/wp\/v2\/types\/page"}],"author":[{"embeddable":true,"href":"https:\/\/www.omnesbands.international\/fr\/wp-json\/wp\/v2\/users\/4"}],"replies":[{"embeddable":true,"href":"https:\/\/www.omnesbands.international\/fr\/wp-json\/wp\/v2\/comments?post=1758"}],"version-history":[{"count":1,"href":"https:\/\/www.omnesbands.international\/fr\/wp-json\/wp\/v2\/pages\/1758\/revisions"}],"predecessor-version":[{"id":1759,"href":"https:\/\/www.omnesbands.international\/fr\/wp-json\/wp\/v2\/pages\/1758\/revisions\/1759"}],"wp:attachment":[{"href":"https:\/\/www.omnesbands.international\/fr\/wp-json\/wp\/v2\/media?parent=1758"}],"curies":[{"name":"wp","href":"https:\/\/api.w.org\/{rel}","templated":true}]}}