{"id":1760,"date":"2023-01-29T09:43:05","date_gmt":"2023-01-29T15:43:05","guid":{"rendered":"https:\/\/omnesbands.international\/?page_id=1760"},"modified":"2023-01-29T09:43:07","modified_gmt":"2023-01-29T15:43:07","slug":"miguel-a-sarrio-nadal-2","status":"publish","type":"page","link":"https:\/\/www.omnesbands.international\/fr\/miguel-a-sarrio-nadal-2\/","title":{"rendered":"MIGUEL A. SARRIO NADAL"},"content":{"rendered":"<div class=\"wp-block-uagb-container uagb-block-e80562cd alignfull uagb-is-root-container\"><div class=\"uagb-container-inner-blocks-wrap\">\n<div class=\"wp-block-uagb-advanced-heading uagb-block-70f65910\"><h1 class=\"uagb-heading-text\"><strong>MIGUEL ANGEL SARRIO NADAL<\/strong><\/h1><\/div>\n<\/div><\/div>\n\n\n\n<div class=\"wp-block-uagb-container uagb-block-6ddeba67 alignfull uagb-is-root-container\"><div class=\"uagb-container-inner-blocks-wrap\">\n<div class=\"wp-block-uagb-container uagb-block-e3cdab91\">\n<p>MIGUEL \u00c1NGEL SARRI\u00d3 NADAL, dipl\u00f4m\u00e9 en direction d&#039;orchestre de la Royal School of Music de Londres, a \u00e9tudi\u00e9 au Conservatoire d&#039;Ontinyent et dans les sup\u00e9rieurs de Salamanque et de Valence, obtenant le titre de professeur sup\u00e9rieur dans la sp\u00e9cialit\u00e9 de trompette. Il est \u00e9galement dipl\u00f4m\u00e9 en direction d&#039;orchestre de l&#039;ESMUCVALL, sous la tutelle de Jos\u00e9 Rafael Pascual Vilaplana, Ram\u00f3n Garc\u00eda i Soler et Juan Alborch. Il est titulaire d&#039;un dipl\u00f4me universitaire de l&#039;Universit\u00e9 de Valence dans les sp\u00e9cialit\u00e9s d&#039;\u00e9ducation musicale et d&#039;\u00e9ducation de la petite enfance.<\/p>\n<p>Depuis 1997, il est fonctionnaire de carri\u00e8re du corps des enseignants, dans la sp\u00e9cialit\u00e9 de l&#039;\u00e9ducation musicale, \u00e9tant le num\u00e9ro 1 de son opposition de toutes les sp\u00e9cialit\u00e9s.<\/p>\n<p>Il a \u00e9t\u00e9 directeur et professeur de trompette au Conservatoire professionnel &quot;Jos\u00e9 Melcior Gomis&quot; \u00e0 Ontinyent, chef principal de l&#039;AEM &quot;La Nova&quot; \u00e0 L&#039;Olleria (Valence), du SM &quot;El Valle&quot; \u00e0 C\u00e0rcer (Valence), de l&#039;Uni\u00f3 Musical de L&#039;Orxa (Alicante), de l&#039;Agrupaci\u00f3 Musical Ontinyent (Valence), de l&#039;Uni\u00f3 Musical d&#039;Aielo de Malferit (Valence), de la \u00ab Colla de Dol\u00e7ainers i Tabaleters \u00ab El Regall \u00bb d&#039;Ontinyent et directeur- fondateur de la &quot;Chorale de la Pur\u00edssima&quot; d&#039;Ontinyent.<\/p>\n<p>Sa musique, \u00e9crite exclusivement pour des ensembles \u00e0 vent et \u00e0 percussion, a remport\u00e9 18 prix dans diff\u00e9rents concours nationaux et internationaux, a \u00e9t\u00e9 enregistr\u00e9e sur plusieurs CD et a \u00e9t\u00e9 publi\u00e9e par Rober Martin (France), Omnesband et BRANFOR.<\/p>\n<p>Il est actuellement trompettiste de l&#039;Orchestre international des directeurs d&#039;orchestre, musicien f\u00e9d\u00e9r\u00e9 de l&#039;Uni\u00f3 Musical d&#039;Aielo (Valence), professeur de musique sp\u00e9cialis\u00e9 \u00e0 l&#039;\u00e9cole publique Aielo de Malferit et directeur principal de la Soci\u00e9t\u00e9 musicale de Vila de Bocairent.<\/p>\n<\/div>\n<\/div><\/div>\n\n\n<div class=\"woocommerce columns-4\"><\/div>","protected":false},"excerpt":{"rendered":"<p>MIGUEL ANGEL SARRI\u00d3 NADAL MIGUEL \u00c1NGEL SARRI\u00d3 NADAL, es Licenciado en Direcci\u00f3n de Orquesta por la Royal School of Musica de Londres, ha estudiado en el conservatorio de Ontinyent, y en los superiores de Salamanca y Valencia, obteniendo la titulaci\u00f3n de Profesor Superior en la especialidad de Trompeta. Tambi\u00e9n es titulado en Direcci\u00f3n de Banda [&hellip;]<\/p>\n","protected":false},"author":4,"featured_media":0,"parent":0,"menu_order":0,"comment_status":"closed","ping_status":"closed","template":"","meta":{"_acf_changed":false,"_uag_custom_page_level_css":"","site-sidebar-layout":"default","site-content-layout":"","ast-site-content-layout":"default","site-content-style":"default","site-sidebar-style":"default","ast-global-header-display":"","ast-banner-title-visibility":"","ast-main-header-display":"","ast-hfb-above-header-display":"","ast-hfb-below-header-display":"","ast-hfb-mobile-header-display":"","site-post-title":"disabled","ast-breadcrumbs-content":"","ast-featured-img":"","footer-sml-layout":"","ast-disable-related-posts":"","theme-transparent-header-meta":"","adv-header-id-meta":"","stick-header-meta":"","header-above-stick-meta":"","header-main-stick-meta":"","header-below-stick-meta":"","astra-migrate-meta-layouts":"default","ast-page-background-enabled":"default","ast-page-background-meta":{"desktop":{"background-color":"","background-image":"","background-repeat":"repeat","background-position":"center center","background-size":"auto","background-attachment":"scroll","background-type":"","background-media":"","overlay-type":"","overlay-color":"","overlay-opacity":"","overlay-gradient":""},"tablet":{"background-color":"","background-image":"","background-repeat":"repeat","background-position":"center center","background-size":"auto","background-attachment":"scroll","background-type":"","background-media":"","overlay-type":"","overlay-color":"","overlay-opacity":"","overlay-gradient":""},"mobile":{"background-color":"","background-image":"","background-repeat":"repeat","background-position":"center center","background-size":"auto","background-attachment":"scroll","background-type":"","background-media":"","overlay-type":"","overlay-color":"","overlay-opacity":"","overlay-gradient":""}},"ast-content-background-meta":{"desktop":{"background-color":"var(--ast-global-color-5)","background-image":"","background-repeat":"repeat","background-position":"center center","background-size":"auto","background-attachment":"scroll","background-type":"","background-media":"","overlay-type":"","overlay-color":"","overlay-opacity":"","overlay-gradient":""},"tablet":{"background-color":"var(--ast-global-color-5)","background-image":"","background-repeat":"repeat","background-position":"center center","background-size":"auto","background-attachment":"scroll","background-type":"","background-media":"","overlay-type":"","overlay-color":"","overlay-opacity":"","overlay-gradient":""},"mobile":{"background-color":"var(--ast-global-color-5)","background-image":"","background-repeat":"repeat","background-position":"center center","background-size":"auto","background-attachment":"scroll","background-type":"","background-media":"","overlay-type":"","overlay-color":"","overlay-opacity":"","overlay-gradient":""}},"footnotes":""},"class_list":["post-1760","page","type-page","status-publish","hentry"],"acf":[],"yoast_head":"<!-- This site is optimized with the Yoast SEO Premium plugin v22.4 (Yoast SEO v27.4) - https:\/\/yoast.com\/product\/yoast-seo-premium-wordpress\/ -->\n<title>MIGUEL A. SARRI\u00d3 NADAL -<\/title>\n<meta name=\"robots\" content=\"index, follow, max-snippet:-1, max-image-preview:large, max-video-preview:-1\" \/>\n<link rel=\"canonical\" href=\"https:\/\/www.omnesbands.international\/fr\/miguel-a-sarrio-nadal-2\/\" \/>\n<meta property=\"og:locale\" content=\"fr_FR\" \/>\n<meta property=\"og:type\" content=\"article\" \/>\n<meta property=\"og:title\" content=\"MIGUEL A. SARRI\u00d3 NADAL\" \/>\n<meta property=\"og:description\" content=\"MIGUEL ANGEL SARRI\u00d3 NADAL MIGUEL \u00c1NGEL SARRI\u00d3 NADAL, es Licenciado en Direcci\u00f3n de Orquesta por la Royal School of Musica de Londres, ha estudiado en el conservatorio de Ontinyent, y en los superiores de Salamanca y Valencia, obteniendo la titulaci\u00f3n de Profesor Superior en la especialidad de Trompeta. Tambi\u00e9n es titulado en Direcci\u00f3n de Banda [&hellip;]\" \/>\n<meta property=\"og:url\" content=\"https:\/\/www.omnesbands.international\/fr\/miguel-a-sarrio-nadal-2\/\" \/>\n<meta property=\"article:modified_time\" content=\"2023-01-29T15:43:07+00:00\" \/>\n<meta property=\"og:image\" content=\"https:\/\/www.omnesbands.international\/wp-content\/uploads\/2023\/01\/music-sheet-music-snowdrop-7107045.jpg\" \/>\n\t<meta property=\"og:image:width\" content=\"1280\" \/>\n\t<meta property=\"og:image:height\" content=\"742\" \/>\n\t<meta property=\"og:image:type\" content=\"image\/jpeg\" \/>\n<meta name=\"twitter:card\" content=\"summary_large_image\" \/>\n<meta name=\"twitter:label1\" content=\"Dur\u00e9e de lecture estim\u00e9e\" \/>\n\t<meta name=\"twitter:data1\" content=\"2 minutes\" \/>\n<script type=\"application\/ld+json\" class=\"yoast-schema-graph\">{\"@context\":\"https:\\\/\\\/schema.org\",\"@graph\":[{\"@type\":\"WebPage\",\"@id\":\"https:\\\/\\\/www.omnesbands.international\\\/miguel-a-sarrio-nadal-2\\\/\",\"url\":\"https:\\\/\\\/www.omnesbands.international\\\/miguel-a-sarrio-nadal-2\\\/\",\"name\":\"MIGUEL A. SARRI\u00d3 NADAL -\",\"isPartOf\":{\"@id\":\"https:\\\/\\\/www.omnesbands.international\\\/#website\"},\"datePublished\":\"2023-01-29T15:43:05+00:00\",\"dateModified\":\"2023-01-29T15:43:07+00:00\",\"breadcrumb\":{\"@id\":\"https:\\\/\\\/www.omnesbands.international\\\/miguel-a-sarrio-nadal-2\\\/#breadcrumb\"},\"inLanguage\":\"fr-FR\",\"potentialAction\":[{\"@type\":\"ReadAction\",\"target\":[\"https:\\\/\\\/www.omnesbands.international\\\/miguel-a-sarrio-nadal-2\\\/\"]}]},{\"@type\":\"BreadcrumbList\",\"@id\":\"https:\\\/\\\/www.omnesbands.international\\\/miguel-a-sarrio-nadal-2\\\/#breadcrumb\",\"itemListElement\":[{\"@type\":\"ListItem\",\"position\":1,\"name\":\"Portada\",\"item\":\"https:\\\/\\\/www.omnesbands.international\\\/\"},{\"@type\":\"ListItem\",\"position\":2,\"name\":\"MIGUEL A. SARRI\u00d3 NADAL\"}]},{\"@type\":\"WebSite\",\"@id\":\"https:\\\/\\\/www.omnesbands.international\\\/#website\",\"url\":\"https:\\\/\\\/www.omnesbands.international\\\/\",\"name\":\"OMNESBANDS International\",\"description\":\"Partituras Originales de autores y compositores independientes\",\"publisher\":{\"@id\":\"https:\\\/\\\/www.omnesbands.international\\\/#organization\"},\"potentialAction\":[{\"@type\":\"SearchAction\",\"target\":{\"@type\":\"EntryPoint\",\"urlTemplate\":\"https:\\\/\\\/www.omnesbands.international\\\/?s={search_term_string}\"},\"query-input\":{\"@type\":\"PropertyValueSpecification\",\"valueRequired\":true,\"valueName\":\"search_term_string\"}}],\"inLanguage\":\"fr-FR\"},{\"@type\":\"Organization\",\"@id\":\"https:\\\/\\\/www.omnesbands.international\\\/#organization\",\"name\":\"Indra Consultores Internacionales\",\"alternateName\":\"Omnesbands\",\"url\":\"https:\\\/\\\/www.omnesbands.international\\\/\",\"logo\":{\"@type\":\"ImageObject\",\"inLanguage\":\"fr-FR\",\"@id\":\"https:\\\/\\\/www.omnesbands.international\\\/#\\\/schema\\\/logo\\\/image\\\/\",\"url\":\"https:\\\/\\\/omnesbands.international\\\/wp-content\\\/uploads\\\/2023\\\/06\\\/Logo-Nuevo-.png\",\"contentUrl\":\"https:\\\/\\\/omnesbands.international\\\/wp-content\\\/uploads\\\/2023\\\/06\\\/Logo-Nuevo-.png\",\"width\":394,\"height\":212,\"caption\":\"Indra Consultores Internacionales\"},\"image\":{\"@id\":\"https:\\\/\\\/www.omnesbands.international\\\/#\\\/schema\\\/logo\\\/image\\\/\"}}]}<\/script>\n<!-- \/ Yoast SEO Premium plugin. -->","yoast_head_json":{"title":"MIGUEL A. SARRI\u00d3 NADAL -","robots":{"index":"index","follow":"follow","max-snippet":"max-snippet:-1","max-image-preview":"max-image-preview:large","max-video-preview":"max-video-preview:-1"},"canonical":"https:\/\/www.omnesbands.international\/fr\/miguel-a-sarrio-nadal-2\/","og_locale":"fr_FR","og_type":"article","og_title":"MIGUEL A. SARRI\u00d3 NADAL","og_description":"MIGUEL ANGEL SARRI\u00d3 NADAL MIGUEL \u00c1NGEL SARRI\u00d3 NADAL, es Licenciado en Direcci\u00f3n de Orquesta por la Royal School of Musica de Londres, ha estudiado en el conservatorio de Ontinyent, y en los superiores de Salamanca y Valencia, obteniendo la titulaci\u00f3n de Profesor Superior en la especialidad de Trompeta. Tambi\u00e9n es titulado en Direcci\u00f3n de Banda [&hellip;]","og_url":"https:\/\/www.omnesbands.international\/fr\/miguel-a-sarrio-nadal-2\/","article_modified_time":"2023-01-29T15:43:07+00:00","og_image":[{"width":1280,"height":742,"url":"https:\/\/www.omnesbands.international\/wp-content\/uploads\/2023\/01\/music-sheet-music-snowdrop-7107045.jpg","type":"image\/jpeg"}],"twitter_card":"summary_large_image","twitter_misc":{"Dur\u00e9e de lecture estim\u00e9e":"2 minutes"},"schema":{"@context":"https:\/\/schema.org","@graph":[{"@type":"WebPage","@id":"https:\/\/www.omnesbands.international\/miguel-a-sarrio-nadal-2\/","url":"https:\/\/www.omnesbands.international\/miguel-a-sarrio-nadal-2\/","name":"MIGUEL A. SARRI\u00d3 NADAL -","isPartOf":{"@id":"https:\/\/www.omnesbands.international\/#website"},"datePublished":"2023-01-29T15:43:05+00:00","dateModified":"2023-01-29T15:43:07+00:00","breadcrumb":{"@id":"https:\/\/www.omnesbands.international\/miguel-a-sarrio-nadal-2\/#breadcrumb"},"inLanguage":"fr-FR","potentialAction":[{"@type":"ReadAction","target":["https:\/\/www.omnesbands.international\/miguel-a-sarrio-nadal-2\/"]}]},{"@type":"BreadcrumbList","@id":"https:\/\/www.omnesbands.international\/miguel-a-sarrio-nadal-2\/#breadcrumb","itemListElement":[{"@type":"ListItem","position":1,"name":"Portada","item":"https:\/\/www.omnesbands.international\/"},{"@type":"ListItem","position":2,"name":"MIGUEL A. SARRI\u00d3 NADAL"}]},{"@type":"WebSite","@id":"https:\/\/www.omnesbands.international\/#website","url":"https:\/\/www.omnesbands.international\/","name":"OMNESBANDS International","description":"Partitions originales d&#039;auteurs et compositeurs ind\u00e9pendants","publisher":{"@id":"https:\/\/www.omnesbands.international\/#organization"},"potentialAction":[{"@type":"SearchAction","target":{"@type":"EntryPoint","urlTemplate":"https:\/\/www.omnesbands.international\/?s={search_term_string}"},"query-input":{"@type":"PropertyValueSpecification","valueRequired":true,"valueName":"search_term_string"}}],"inLanguage":"fr-FR"},{"@type":"Organization","@id":"https:\/\/www.omnesbands.international\/#organization","name":"Indra Consultants Internationaux","alternateName":"Omnesbands","url":"https:\/\/www.omnesbands.international\/","logo":{"@type":"ImageObject","inLanguage":"fr-FR","@id":"https:\/\/www.omnesbands.international\/#\/schema\/logo\/image\/","url":"https:\/\/omnesbands.international\/wp-content\/uploads\/2023\/06\/Logo-Nuevo-.png","contentUrl":"https:\/\/omnesbands.international\/wp-content\/uploads\/2023\/06\/Logo-Nuevo-.png","width":394,"height":212,"caption":"Indra Consultores Internacionales"},"image":{"@id":"https:\/\/www.omnesbands.international\/#\/schema\/logo\/image\/"}}]}},"uagb_featured_image_src":{"full":false,"thumbnail":false,"medium":false,"medium_large":false,"large":false,"1536x1536":false,"2048x2048":false,"trp-custom-language-flag":false,"gg_gallery_thumbnail":false,"woocommerce_thumbnail":false,"woocommerce_single":false,"woocommerce_gallery_thumbnail":false},"uagb_author_info":{"display_name":"Melvin R. Portillo A:","author_link":"https:\/\/www.omnesbands.international\/fr\/author\/portand\/"},"uagb_comment_info":0,"uagb_excerpt":"MIGUEL ANGEL SARRI\u00d3 NADAL MIGUEL \u00c1NGEL SARRI\u00d3 NADAL, es Licenciado en Direcci\u00f3n de Orquesta por la Royal School of Musica de Londres, ha estudiado en el conservatorio de Ontinyent, y en los superiores de Salamanca y Valencia, obteniendo la titulaci\u00f3n de Profesor Superior en la especialidad de Trompeta. Tambi\u00e9n es titulado en Direcci\u00f3n de Banda\u2026","_links":{"self":[{"href":"https:\/\/www.omnesbands.international\/fr\/wp-json\/wp\/v2\/pages\/1760","targetHints":{"allow":["GET"]}}],"collection":[{"href":"https:\/\/www.omnesbands.international\/fr\/wp-json\/wp\/v2\/pages"}],"about":[{"href":"https:\/\/www.omnesbands.international\/fr\/wp-json\/wp\/v2\/types\/page"}],"author":[{"embeddable":true,"href":"https:\/\/www.omnesbands.international\/fr\/wp-json\/wp\/v2\/users\/4"}],"replies":[{"embeddable":true,"href":"https:\/\/www.omnesbands.international\/fr\/wp-json\/wp\/v2\/comments?post=1760"}],"version-history":[{"count":1,"href":"https:\/\/www.omnesbands.international\/fr\/wp-json\/wp\/v2\/pages\/1760\/revisions"}],"predecessor-version":[{"id":1761,"href":"https:\/\/www.omnesbands.international\/fr\/wp-json\/wp\/v2\/pages\/1760\/revisions\/1761"}],"wp:attachment":[{"href":"https:\/\/www.omnesbands.international\/fr\/wp-json\/wp\/v2\/media?parent=1760"}],"curies":[{"name":"wp","href":"https:\/\/api.w.org\/{rel}","templated":true}]}}