{"id":1762,"date":"2023-01-29T10:08:16","date_gmt":"2023-01-29T16:08:16","guid":{"rendered":"https:\/\/omnesbands.international\/?page_id=1762"},"modified":"2023-01-29T10:09:04","modified_gmt":"2023-01-29T16:09:04","slug":"oscar-vidal-2","status":"publish","type":"page","link":"https:\/\/www.omnesbands.international\/fr\/oscar-vidal-2\/","title":{"rendered":"OSCAR VIDAL"},"content":{"rendered":"<div class=\"wp-block-uagb-container uagb-block-a8db7ccb alignfull uagb-is-root-container\"><div class=\"uagb-container-inner-blocks-wrap\">\n<div class=\"wp-block-uagb-advanced-heading uagb-block-f5484513\"><h1 class=\"uagb-heading-text\"><strong>OSCAR VIDAL<\/strong><\/h1><\/div>\n<\/div><\/div>\n\n\n\n<div class=\"wp-block-uagb-container uagb-block-66970fa7 alignfull uagb-is-root-container\"><div class=\"uagb-container-inner-blocks-wrap\">\n<div class=\"wp-block-uagb-container uagb-block-8daa4c23\">\n<p>Musicien n\u00e9 \u00e0 Aielo de Malferit (Val\u00e8ncia) o\u00f9 il a commenc\u00e9 ses \u00e9tudes musicales au sein de l&#039;\u00ab Uni\u00f3n Musical Ayelense \u00bb sous la direction de M. Antonio Garcia Albert, terminant ses \u00e9tudes au Conservatoire Sup\u00e9rieur de Musique \u00ab Joaqu\u00edn Rodrigo \u00bb de Valencia. a obtenu \u00e0 l&#039;unanimit\u00e9 la mention honorable du prix de derni\u00e8re ann\u00e9e 1996 dans la sp\u00e9cialit\u00e9 Trompette, avec les professeurs Vicente Campos et Leopoldo Vidal. Il suit des cours de perfectionnement instrumental aupr\u00e8s d&#039;Anthony Plog, Maurice Benterfa, Pierre Thibaud, Allen Vizzutti et Hakan Handenberger. <br \/>Il a \u00e9galement \u00e9tudi\u00e9 le piano, l&#039;harmonie et la direction d&#039;orchestre avec Manuel Galduf et Roberto For\u00e9s. Cours de direction d&#039;orchestre avec Jan Cober, Jos\u00e9 Rafael Pascual, Franco Cesarini et Ferrer Ferran et direction d&#039;orchestre avec Denis Ham (Royal Academy of Music). Il re\u00e7oit des cours de composition aupr\u00e8s de Teo Aparicio et Arnau Bataller.<\/p>\n<p>En tant qu&#039;instrumentiste, il a fait partie de l&#039;Orquestra simf\u00f2nica d&#039;Alacant ainsi que de son quintette de cuivres et a collabor\u00e9 avec d&#039;autres groupes tels que : l&#039;Orchestre du Conservatoire de Gij\u00f3n, l&#039;Orquestra de l&#039;Empord\u00e0 et a \u00e9t\u00e9 s\u00e9lectionn\u00e9 en 1996 pour faire partie du \u00ab Orchestre d&#039;Harmonie des Jeunes de l&#039;Union Europ\u00e9enne \u00bb.<\/p>\n<p>Il a \u00e9t\u00e9 chef principal de diff\u00e9rentes formations d&#039;orchestres et a dirig\u00e9 en tant que chef invit\u00e9 de nombreux autres groupes symphoniques en Espagne. Il a dirig\u00e9 l&#039;Orchestre Municipal de Barcelone dans le cadre du festival LEM de Barcelone, cr\u00e9ant des \u0153uvres de compositeurs contemporains tels qu&#039;Agust\u00ed Mart\u00ednez, Jane Rigler, Lloren\u00e7 Barber, Xavier Maristany ou Miguel Mar\u00edn, entre autres. Il a cr\u00e9\u00e9 des \u0153uvres de compositeurs contemporains au \u00ab C\u00edrculo de Bellas Artes \u00bb dans le cadre du festival de musique exp\u00e9rimentale \u00ab Escena Contempor\u00e1nea \u00bb, \u00e0 l&#039;ENSEMS de Valence et \u00e0 l&#039;Auditorium National de Musique de Madrid. <br \/>Ses \u0153uvres ont \u00e9t\u00e9 interpr\u00e9t\u00e9es par diff\u00e9rents groupes espagnols, recevant des commandes telles que l&#039;\u0153uvre \u00ab Locus Solus \u00bb pour l&#039;Orchestre Municipal de Barcelone ou \u00ab Je ne comprends pas cette musique \u00bb d\u00e9di\u00e9e au trompettiste espagnol Jos\u00e9 Ch\u00e1fer.<\/p>\n<p>Prix:<br \/>\u2013 1er prix et prix sp\u00e9cial du public au 1er concours de composition \u00ab Francesc Cerd\u00e0 \u00bb de l&#039;Olleria (Val\u00e8ncia)<br \/>\u2013 1er prix au concours de composition XLIII de l\u2019Association Sant Jordi d\u2019Alcoi (Alicante) <br \/>\u2013 1er prix au IXe concours de composition \u00ab Vila de Calp \u00bb (Alicante) \u2013 1er prix au Xe concours de composition \u00ab Villa de Albatera \u00bb (Alicante) <br \/>\u2013 1er prix au concours de pasodobles \u00ab Falla els Barris \u00bb \u00e0 Tur\u00eds 2011 (Val\u00e8ncia) <br \/>\u2013 1er prix au V Concours National de Composition de Marche Processionnelle \u00ab Villa de San Pedro del Pinatar \u00bb, Murcie <br \/>\u2013 2\u00e8me prix au IVe Concours National de Composition de Marches Processionnelles \u00ab Villa de San Pedro del Pinatar \u00bb, Murcie <br \/>\u2013 3\u00e8me prix au XVIIe concours international de pasodobles \u00ab Villa de Pozo Strato \u00bb \u00e0 Cartagena (Murcie) \u2013 Deuxi\u00e8me prix du public au \u00ab IV Concours de composition Villa de Altea \u00bb (Alicante)<\/p>\n<\/div>\n<\/div><\/div>\n\n\n<div class=\"woocommerce columns-4\"><ul class=\"products columns-4\">\n<li class=\"desktop-align-left tablet-align-left mobile-align-left ast-product-gallery-layout-horizontal-slider product type-product post-1032 status-publish first instock product_cat-musica-de-calle product_tag-oscar-vidal has-post-thumbnail downloadable virtual taxable purchasable product-type-simple\">\n\t<a href=\"https:\/\/www.omnesbands.international\/fr\/produit\/al-mussam\/\" class=\"woocommerce-LoopProduct-link woocommerce-loop-product__link\"><img loading=\"lazy\" decoding=\"async\" width=\"300\" height=\"300\" src=\"https:\/\/www.omnesbands.international\/wp-content\/uploads\/2023\/01\/Al-mussam-300x300.jpg\" class=\"attachment-woocommerce_thumbnail size-woocommerce_thumbnail\" alt=\"Al Mussam\" srcset=\"https:\/\/www.omnesbands.international\/wp-content\/uploads\/2023\/01\/Al-mussam-300x300.jpg 300w, https:\/\/www.omnesbands.international\/wp-content\/uploads\/2023\/01\/Al-mussam-150x150.jpg 150w, https:\/\/www.omnesbands.international\/wp-content\/uploads\/2023\/01\/Al-mussam-100x100.jpg 100w\" sizes=\"auto, (max-width: 300px) 100vw, 300px\" \/><h2 class=\"woocommerce-loop-product__title\">al-moussam<\/h2>\n\t<span class=\"price\"><span class=\"woocommerce-Price-amount amount\"><bdi><span class=\"woocommerce-Price-currencySymbol\">&#36;<\/span>25.00<\/bdi><\/span><\/span>\n<\/a><a href=\"\/fr\/wp-json\/wp\/v2\/pages\/1762?add-to-cart=1032\" aria-describedby=\"woocommerce_loop_add_to_cart_link_describedby_1032\" data-quantity=\"1\" class=\"button product_type_simple add_to_cart_button ajax_add_to_cart\" data-product_id=\"1032\" data-product_sku=\"ALMU-CAL-ESP-22\" aria-label=\"Ajouter au panier : \u00ab Al Mussam \u00bb\" rel=\"nofollow\" data-success_message=\"\u00ab\u00a0Al Mussam\u00a0\u00bb a \u00e9t\u00e9 ajout\u00e9 \u00e0 votre panier\" role=\"button\" data-no-translation=\"\" data-trp-gettext=\"\" data-no-translation-aria-label=\"\" data-no-translation-data-success_message=\"\">Ajouter au panier<\/a>\t<span id=\"woocommerce_loop_add_to_cart_link_describedby_1032\" class=\"screen-reader-text\">\n\t\t\t<\/span>\n<\/li>\n<\/ul>\n<\/div>","protected":false},"excerpt":{"rendered":"<p>OSCAR VIDAL M\u00fasico nacido en Aielo de Malferit (Val\u00e8ncia) donde empez\u00f3 sus estudios musicales en el seno de la \u201cUni\u00f3n Musical Ayelense\u201d de la mano de D. Antonio Garcia Albert, finalizando la carrera en el Conservatorio Superior de M\u00fasica \u201cJoaqu\u00edn Rodrigo\u201d de Val\u00e8ncia, donde obtuvo por unanimidad la menci\u00f3n honor\u00edfica del premio fin de carrera [&hellip;]<\/p>\n","protected":false},"author":4,"featured_media":0,"parent":0,"menu_order":0,"comment_status":"closed","ping_status":"closed","template":"","meta":{"_acf_changed":false,"_uag_custom_page_level_css":"","site-sidebar-layout":"default","site-content-layout":"","ast-site-content-layout":"default","site-content-style":"default","site-sidebar-style":"default","ast-global-header-display":"","ast-banner-title-visibility":"","ast-main-header-display":"","ast-hfb-above-header-display":"","ast-hfb-below-header-display":"","ast-hfb-mobile-header-display":"","site-post-title":"disabled","ast-breadcrumbs-content":"","ast-featured-img":"","footer-sml-layout":"","ast-disable-related-posts":"","theme-transparent-header-meta":"","adv-header-id-meta":"","stick-header-meta":"","header-above-stick-meta":"","header-main-stick-meta":"","header-below-stick-meta":"","astra-migrate-meta-layouts":"default","ast-page-background-enabled":"default","ast-page-background-meta":{"desktop":{"background-color":"","background-image":"","background-repeat":"repeat","background-position":"center center","background-size":"auto","background-attachment":"scroll","background-type":"","background-media":"","overlay-type":"","overlay-color":"","overlay-opacity":"","overlay-gradient":""},"tablet":{"background-color":"","background-image":"","background-repeat":"repeat","background-position":"center center","background-size":"auto","background-attachment":"scroll","background-type":"","background-media":"","overlay-type":"","overlay-color":"","overlay-opacity":"","overlay-gradient":""},"mobile":{"background-color":"","background-image":"","background-repeat":"repeat","background-position":"center center","background-size":"auto","background-attachment":"scroll","background-type":"","background-media":"","overlay-type":"","overlay-color":"","overlay-opacity":"","overlay-gradient":""}},"ast-content-background-meta":{"desktop":{"background-color":"var(--ast-global-color-5)","background-image":"","background-repeat":"repeat","background-position":"center center","background-size":"auto","background-attachment":"scroll","background-type":"","background-media":"","overlay-type":"","overlay-color":"","overlay-opacity":"","overlay-gradient":""},"tablet":{"background-color":"var(--ast-global-color-5)","background-image":"","background-repeat":"repeat","background-position":"center center","background-size":"auto","background-attachment":"scroll","background-type":"","background-media":"","overlay-type":"","overlay-color":"","overlay-opacity":"","overlay-gradient":""},"mobile":{"background-color":"var(--ast-global-color-5)","background-image":"","background-repeat":"repeat","background-position":"center center","background-size":"auto","background-attachment":"scroll","background-type":"","background-media":"","overlay-type":"","overlay-color":"","overlay-opacity":"","overlay-gradient":""}},"footnotes":""},"class_list":["post-1762","page","type-page","status-publish","hentry"],"acf":[],"yoast_head":"<!-- This site is optimized with the Yoast SEO Premium plugin v22.4 (Yoast SEO v27.4) - https:\/\/yoast.com\/product\/yoast-seo-premium-wordpress\/ -->\n<title>OSCAR VIDAL -<\/title>\n<meta name=\"robots\" content=\"index, follow, max-snippet:-1, max-image-preview:large, max-video-preview:-1\" \/>\n<link rel=\"canonical\" href=\"https:\/\/www.omnesbands.international\/fr\/oscar-vidal-2\/\" \/>\n<meta property=\"og:locale\" content=\"fr_FR\" \/>\n<meta property=\"og:type\" content=\"article\" \/>\n<meta property=\"og:title\" content=\"OSCAR VIDAL\" \/>\n<meta property=\"og:description\" content=\"OSCAR VIDAL M\u00fasico nacido en Aielo de Malferit (Val\u00e8ncia) donde empez\u00f3 sus estudios musicales en el seno de la \u201cUni\u00f3n Musical Ayelense\u201d de la mano de D. Antonio Garcia Albert, finalizando la carrera en el Conservatorio Superior de M\u00fasica \u201cJoaqu\u00edn Rodrigo\u201d de Val\u00e8ncia, donde obtuvo por unanimidad la menci\u00f3n honor\u00edfica del premio fin de carrera [&hellip;]\" \/>\n<meta property=\"og:url\" content=\"https:\/\/www.omnesbands.international\/fr\/oscar-vidal-2\/\" \/>\n<meta property=\"article:modified_time\" content=\"2023-01-29T16:09:04+00:00\" \/>\n<meta property=\"og:image\" content=\"https:\/\/www.omnesbands.international\/wp-content\/uploads\/2023\/01\/music-sheet-music-snowdrop-7107045.jpg\" \/>\n\t<meta property=\"og:image:width\" content=\"1280\" \/>\n\t<meta property=\"og:image:height\" content=\"742\" \/>\n\t<meta property=\"og:image:type\" content=\"image\/jpeg\" \/>\n<meta name=\"twitter:card\" content=\"summary_large_image\" \/>\n<meta name=\"twitter:label1\" content=\"Dur\u00e9e de lecture estim\u00e9e\" \/>\n\t<meta name=\"twitter:data1\" content=\"3 minutes\" \/>\n<script type=\"application\/ld+json\" class=\"yoast-schema-graph\">{\"@context\":\"https:\\\/\\\/schema.org\",\"@graph\":[{\"@type\":\"WebPage\",\"@id\":\"https:\\\/\\\/www.omnesbands.international\\\/en\\\/oscar-vidal-2\\\/\",\"url\":\"https:\\\/\\\/www.omnesbands.international\\\/en\\\/oscar-vidal-2\\\/\",\"name\":\"OSCAR VIDAL -\",\"isPartOf\":{\"@id\":\"https:\\\/\\\/www.omnesbands.international\\\/#website\"},\"datePublished\":\"2023-01-29T16:08:16+00:00\",\"dateModified\":\"2023-01-29T16:09:04+00:00\",\"breadcrumb\":{\"@id\":\"https:\\\/\\\/www.omnesbands.international\\\/en\\\/oscar-vidal-2\\\/#breadcrumb\"},\"inLanguage\":\"fr-FR\",\"potentialAction\":[{\"@type\":\"ReadAction\",\"target\":[\"https:\\\/\\\/www.omnesbands.international\\\/en\\\/oscar-vidal-2\\\/\"]}]},{\"@type\":\"BreadcrumbList\",\"@id\":\"https:\\\/\\\/www.omnesbands.international\\\/en\\\/oscar-vidal-2\\\/#breadcrumb\",\"itemListElement\":[{\"@type\":\"ListItem\",\"position\":1,\"name\":\"Portada\",\"item\":\"https:\\\/\\\/www.omnesbands.international\\\/\"},{\"@type\":\"ListItem\",\"position\":2,\"name\":\"OSCAR VIDAL\"}]},{\"@type\":\"WebSite\",\"@id\":\"https:\\\/\\\/www.omnesbands.international\\\/#website\",\"url\":\"https:\\\/\\\/www.omnesbands.international\\\/\",\"name\":\"OMNESBANDS International\",\"description\":\"Partituras Originales de autores y compositores independientes\",\"publisher\":{\"@id\":\"https:\\\/\\\/www.omnesbands.international\\\/#organization\"},\"potentialAction\":[{\"@type\":\"SearchAction\",\"target\":{\"@type\":\"EntryPoint\",\"urlTemplate\":\"https:\\\/\\\/www.omnesbands.international\\\/?s={search_term_string}\"},\"query-input\":{\"@type\":\"PropertyValueSpecification\",\"valueRequired\":true,\"valueName\":\"search_term_string\"}}],\"inLanguage\":\"fr-FR\"},{\"@type\":\"Organization\",\"@id\":\"https:\\\/\\\/www.omnesbands.international\\\/#organization\",\"name\":\"Indra Consultores Internacionales\",\"alternateName\":\"Omnesbands\",\"url\":\"https:\\\/\\\/www.omnesbands.international\\\/\",\"logo\":{\"@type\":\"ImageObject\",\"inLanguage\":\"fr-FR\",\"@id\":\"https:\\\/\\\/www.omnesbands.international\\\/#\\\/schema\\\/logo\\\/image\\\/\",\"url\":\"https:\\\/\\\/omnesbands.international\\\/wp-content\\\/uploads\\\/2023\\\/06\\\/Logo-Nuevo-.png\",\"contentUrl\":\"https:\\\/\\\/omnesbands.international\\\/wp-content\\\/uploads\\\/2023\\\/06\\\/Logo-Nuevo-.png\",\"width\":394,\"height\":212,\"caption\":\"Indra Consultores Internacionales\"},\"image\":{\"@id\":\"https:\\\/\\\/www.omnesbands.international\\\/#\\\/schema\\\/logo\\\/image\\\/\"}}]}<\/script>\n<!-- \/ Yoast SEO Premium plugin. -->","yoast_head_json":{"title":"OSCAR VIDAL -","robots":{"index":"index","follow":"follow","max-snippet":"max-snippet:-1","max-image-preview":"max-image-preview:large","max-video-preview":"max-video-preview:-1"},"canonical":"https:\/\/www.omnesbands.international\/fr\/oscar-vidal-2\/","og_locale":"fr_FR","og_type":"article","og_title":"OSCAR VIDAL","og_description":"OSCAR VIDAL M\u00fasico nacido en Aielo de Malferit (Val\u00e8ncia) donde empez\u00f3 sus estudios musicales en el seno de la \u201cUni\u00f3n Musical Ayelense\u201d de la mano de D. Antonio Garcia Albert, finalizando la carrera en el Conservatorio Superior de M\u00fasica \u201cJoaqu\u00edn Rodrigo\u201d de Val\u00e8ncia, donde obtuvo por unanimidad la menci\u00f3n honor\u00edfica del premio fin de carrera [&hellip;]","og_url":"https:\/\/www.omnesbands.international\/fr\/oscar-vidal-2\/","article_modified_time":"2023-01-29T16:09:04+00:00","og_image":[{"width":1280,"height":742,"url":"https:\/\/www.omnesbands.international\/wp-content\/uploads\/2023\/01\/music-sheet-music-snowdrop-7107045.jpg","type":"image\/jpeg"}],"twitter_card":"summary_large_image","twitter_misc":{"Dur\u00e9e de lecture estim\u00e9e":"3 minutes"},"schema":{"@context":"https:\/\/schema.org","@graph":[{"@type":"WebPage","@id":"https:\/\/www.omnesbands.international\/en\/oscar-vidal-2\/","url":"https:\/\/www.omnesbands.international\/en\/oscar-vidal-2\/","name":"OSCAR VIDAL -","isPartOf":{"@id":"https:\/\/www.omnesbands.international\/#website"},"datePublished":"2023-01-29T16:08:16+00:00","dateModified":"2023-01-29T16:09:04+00:00","breadcrumb":{"@id":"https:\/\/www.omnesbands.international\/en\/oscar-vidal-2\/#breadcrumb"},"inLanguage":"fr-FR","potentialAction":[{"@type":"ReadAction","target":["https:\/\/www.omnesbands.international\/en\/oscar-vidal-2\/"]}]},{"@type":"BreadcrumbList","@id":"https:\/\/www.omnesbands.international\/en\/oscar-vidal-2\/#breadcrumb","itemListElement":[{"@type":"ListItem","position":1,"name":"Portada","item":"https:\/\/www.omnesbands.international\/"},{"@type":"ListItem","position":2,"name":"OSCAR VIDAL"}]},{"@type":"WebSite","@id":"https:\/\/www.omnesbands.international\/#website","url":"https:\/\/www.omnesbands.international\/","name":"OMNESBANDS International","description":"Partitions originales d&#039;auteurs et compositeurs ind\u00e9pendants","publisher":{"@id":"https:\/\/www.omnesbands.international\/#organization"},"potentialAction":[{"@type":"SearchAction","target":{"@type":"EntryPoint","urlTemplate":"https:\/\/www.omnesbands.international\/?s={search_term_string}"},"query-input":{"@type":"PropertyValueSpecification","valueRequired":true,"valueName":"search_term_string"}}],"inLanguage":"fr-FR"},{"@type":"Organization","@id":"https:\/\/www.omnesbands.international\/#organization","name":"Indra Consultants Internationaux","alternateName":"Omnesbands","url":"https:\/\/www.omnesbands.international\/","logo":{"@type":"ImageObject","inLanguage":"fr-FR","@id":"https:\/\/www.omnesbands.international\/#\/schema\/logo\/image\/","url":"https:\/\/omnesbands.international\/wp-content\/uploads\/2023\/06\/Logo-Nuevo-.png","contentUrl":"https:\/\/omnesbands.international\/wp-content\/uploads\/2023\/06\/Logo-Nuevo-.png","width":394,"height":212,"caption":"Indra Consultores Internacionales"},"image":{"@id":"https:\/\/www.omnesbands.international\/#\/schema\/logo\/image\/"}}]}},"uagb_featured_image_src":{"full":false,"thumbnail":false,"medium":false,"medium_large":false,"large":false,"1536x1536":false,"2048x2048":false,"trp-custom-language-flag":false,"gg_gallery_thumbnail":false,"woocommerce_thumbnail":false,"woocommerce_single":false,"woocommerce_gallery_thumbnail":false},"uagb_author_info":{"display_name":"Melvin R. Portillo A:","author_link":"https:\/\/www.omnesbands.international\/fr\/author\/portand\/"},"uagb_comment_info":0,"uagb_excerpt":"OSCAR VIDAL M\u00fasico nacido en Aielo de Malferit (Val\u00e8ncia) donde empez\u00f3 sus estudios musicales en el seno de la \u201cUni\u00f3n Musical Ayelense\u201d de la mano de D. Antonio Garcia Albert, finalizando la carrera en el Conservatorio Superior de M\u00fasica \u201cJoaqu\u00edn Rodrigo\u201d de Val\u00e8ncia, donde obtuvo por unanimidad la menci\u00f3n honor\u00edfica del premio fin de carrera\u2026","_links":{"self":[{"href":"https:\/\/www.omnesbands.international\/fr\/wp-json\/wp\/v2\/pages\/1762","targetHints":{"allow":["GET"]}}],"collection":[{"href":"https:\/\/www.omnesbands.international\/fr\/wp-json\/wp\/v2\/pages"}],"about":[{"href":"https:\/\/www.omnesbands.international\/fr\/wp-json\/wp\/v2\/types\/page"}],"author":[{"embeddable":true,"href":"https:\/\/www.omnesbands.international\/fr\/wp-json\/wp\/v2\/users\/4"}],"replies":[{"embeddable":true,"href":"https:\/\/www.omnesbands.international\/fr\/wp-json\/wp\/v2\/comments?post=1762"}],"version-history":[{"count":2,"href":"https:\/\/www.omnesbands.international\/fr\/wp-json\/wp\/v2\/pages\/1762\/revisions"}],"predecessor-version":[{"id":1764,"href":"https:\/\/www.omnesbands.international\/fr\/wp-json\/wp\/v2\/pages\/1762\/revisions\/1764"}],"wp:attachment":[{"href":"https:\/\/www.omnesbands.international\/fr\/wp-json\/wp\/v2\/media?parent=1762"}],"curies":[{"name":"wp","href":"https:\/\/api.w.org\/{rel}","templated":true}]}}