{"id":1767,"date":"2023-01-29T10:21:15","date_gmt":"2023-01-29T16:21:15","guid":{"rendered":"https:\/\/omnesbands.international\/?page_id=1767"},"modified":"2023-01-29T10:21:18","modified_gmt":"2023-01-29T16:21:18","slug":"pablo-angles-galindo-2","status":"publish","type":"page","link":"https:\/\/www.omnesbands.international\/fr\/pablo-angles-galindo-2\/","title":{"rendered":"PABLO ANGLES GALINDO"},"content":{"rendered":"<div class=\"wp-block-uagb-container uagb-block-a711fb99 alignfull uagb-is-root-container\"><div class=\"uagb-container-inner-blocks-wrap\">\n<div class=\"wp-block-uagb-advanced-heading uagb-block-2343b177\"><h1 class=\"uagb-heading-text\"><strong>PABLO ANGLES GALINDO<\/strong><\/h1><\/div>\n<\/div><\/div>\n\n\n\n<div class=\"wp-block-uagb-container uagb-block-8b4824e7 alignfull uagb-is-root-container\"><div class=\"uagb-container-inner-blocks-wrap\">\n<div class=\"wp-block-uagb-container uagb-block-42d5c798\">\n<p>N\u00e9 \u00e0 Benicarlo. Il a commenc\u00e9 ses \u00e9tudes musicales \u00e0 l&#039;AM Ciudad de Benicarl\u00f3 avec le maestro Jos\u00e9 Antonio Valls. Il les poursuit et les termine aux Conservatoires sup\u00e9rieurs de Valence et de Saragosse, centres o\u00f9 il obtient les qualifications et reconnaissances suivantes : professeur de piano, professeur de clarinette, solf\u00e8ge, caisse claire et transposition, direction de ch\u0153ur, direction d&#039;orchestre, harmonie, contrepoint, composition et instrumentation, avec mention honorable en contrepoint et fugue et prix extraordinaire de fin d&#039;\u00e9tudes en composition et instrumentation.<\/p>\n<p>\u00c0 18 ans, il prend la direction de AM Ciudad de Benicarl\u00f3. Il a obtenu de nombreux prix dans les diff\u00e9rents concours auxquels il a particip\u00e9 en tant que directeur : concours provincial, concours autonome, concours international de la ville de Valence, concours de musique du monde de Kerkrade (Hollande), CIM Vila de Altea, concours international Citta&#039; di Sinnai, o\u00f9 il a remport\u00e9 le prix du meilleur r\u00e9alisateur du concours dans ses deux participations, Vila de la S\u00e9nia International Music Bands Contest\u2026<br \/>Il a \u00e9t\u00e9 directeur de la fanfare de la F\u00e9d\u00e9ration des soci\u00e9t\u00e9s musicales de la Communaut\u00e9 valencienne au cours de l&#039;ann\u00e9e 2004.<\/p>\n<p>Il est membre r\u00e9gulier de diff\u00e9rents jurys de qualification dans de prestigieux concours de composition et d&#039;interpr\u00e9tation.<br \/>Il est professeur sur concours de l&#039;Enseignement Secondaire depuis 1992 et professeur de ce corps depuis 2016. Il enseigne r\u00e9guli\u00e8rement des cours de sp\u00e9cialisation tr\u00e8s divers pour diff\u00e9rentes entit\u00e9s.<\/p>\n<p>Il est membre en tant que compositeur de la Soci\u00e9t\u00e9 g\u00e9n\u00e9rale des auteurs d&#039;Espagne, de l&#039;Association des compositeurs maures et chr\u00e9tiens et de l&#039;Association des compositeurs valenciens COSICOVA. Il a cr\u00e9\u00e9 plus de 50 \u0153uvres pour des groupes tr\u00e8s divers, obtenant de nombreux prix dans diff\u00e9rents concours : V Concours de composition pour Rafael Rodr\u00edguez Albert Band de la Diputaci\u00f3n de Alicante, II Concours de composition de Festera de Altea Music, VIII Concours de Callosa d&#039;en Sarri\u00e0 , II Concours Vila de Petrer, I Concours Alaqu\u00e0s, VI Concours International de Composition pour Musique de Chambre de Montserrat, VI Concours de Composition Altea, VI Concours de Composition pour Orchestre Symphonique de la Ville de Torrevieja, 27e Concours International de Composition Originale pour Orchestre de Corciano (Italie)\u2026<br \/>Il combine actuellement son travail de compositeur avec celui de chef de d\u00e9partement du domaine musical de l&#039;IES Leopoldo Querol de Vinar\u00f2s, professeur \u00e0 l&#039;Universit\u00e9 internationale de Valence en tant que directeur du projet final de ma\u00eetrise et directeur de l&#039;\u00e9cole municipale de Benicarl\u00f3. Musique et bande.<\/p>\n<\/div>\n<\/div><\/div>\n\n\n<div class=\"woocommerce columns-4\"><ul class=\"products columns-4\">\n<li class=\"desktop-align-left tablet-align-left mobile-align-left ast-product-gallery-layout-horizontal-slider product type-product post-1051 status-publish first instock product_cat-musica-de-calle product_tag-pablo-angles-galindo has-post-thumbnail downloadable virtual taxable purchasable product-type-simple\">\n\t<a href=\"https:\/\/www.omnesbands.international\/fr\/produit\/als-creuats-de-peniscola\/\" class=\"woocommerce-LoopProduct-link woocommerce-loop-product__link\"><img loading=\"lazy\" decoding=\"async\" width=\"300\" height=\"300\" src=\"https:\/\/www.omnesbands.international\/wp-content\/uploads\/2023\/01\/Als-Creuats-de-Peniscola-300x300.jpg\" class=\"attachment-woocommerce_thumbnail size-woocommerce_thumbnail\" alt=\"Als Creuats de Pe\u00f1\u00edscola\" srcset=\"https:\/\/www.omnesbands.international\/wp-content\/uploads\/2023\/01\/Als-Creuats-de-Peniscola-300x300.jpg 300w, https:\/\/www.omnesbands.international\/wp-content\/uploads\/2023\/01\/Als-Creuats-de-Peniscola-150x150.jpg 150w, https:\/\/www.omnesbands.international\/wp-content\/uploads\/2023\/01\/Als-Creuats-de-Peniscola-100x100.jpg 100w\" sizes=\"auto, (max-width: 300px) 100vw, 300px\" \/><h2 class=\"woocommerce-loop-product__title\">Als Creuats de Pe\u00f1\u00edscola<\/h2>\n\t<span class=\"price\"><span class=\"woocommerce-Price-amount amount\"><bdi><span class=\"woocommerce-Price-currencySymbol\">&#36;<\/span>25.00<\/bdi><\/span><\/span>\n<\/a><a href=\"\/fr\/wp-json\/wp\/v2\/pages\/1767?add-to-cart=1051\" aria-describedby=\"woocommerce_loop_add_to_cart_link_describedby_1051\" data-quantity=\"1\" class=\"button product_type_simple add_to_cart_button ajax_add_to_cart\" data-product_id=\"1051\" data-product_sku=\"ACR-CAL-ESP-22\" aria-label=\"Ajouter au panier : \u00ab Als Creuats de Pe\u00f1\u00edscola \u00bb\" rel=\"nofollow\" data-success_message=\"\u00ab\u00a0Als Creuats de Pe\u00f1\u00edscola\u00a0\u00bb a \u00e9t\u00e9 ajout\u00e9 \u00e0 votre panier\" role=\"button\" data-no-translation=\"\" data-trp-gettext=\"\" data-no-translation-aria-label=\"\" data-no-translation-data-success_message=\"\">Ajouter au panier<\/a>\t<span id=\"woocommerce_loop_add_to_cart_link_describedby_1051\" class=\"screen-reader-text\">\n\t\t\t<\/span>\n<\/li>\n<li class=\"desktop-align-left tablet-align-left mobile-align-left ast-product-gallery-layout-horizontal-slider product type-product post-1082 status-publish instock product_cat-musica-de-calle product_tag-pablo-angles-galindo has-post-thumbnail downloadable virtual taxable purchasable product-type-simple\">\n\t<a href=\"https:\/\/www.omnesbands.international\/fr\/produit\/conqueridors\/\" class=\"woocommerce-LoopProduct-link woocommerce-loop-product__link\"><img loading=\"lazy\" decoding=\"async\" width=\"300\" height=\"300\" src=\"https:\/\/www.omnesbands.international\/wp-content\/uploads\/2023\/01\/Conqueridors-1-300x300.jpg\" class=\"attachment-woocommerce_thumbnail size-woocommerce_thumbnail\" alt=\"Conqueridors\" srcset=\"https:\/\/www.omnesbands.international\/wp-content\/uploads\/2023\/01\/Conqueridors-1-300x300.jpg 300w, https:\/\/www.omnesbands.international\/wp-content\/uploads\/2023\/01\/Conqueridors-1-150x150.jpg 150w, https:\/\/www.omnesbands.international\/wp-content\/uploads\/2023\/01\/Conqueridors-1-100x100.jpg 100w\" sizes=\"auto, (max-width: 300px) 100vw, 300px\" \/><h2 class=\"woocommerce-loop-product__title\">conqu\u00e9rants<\/h2>\n\t<span class=\"price\"><span class=\"woocommerce-Price-amount amount\"><bdi><span class=\"woocommerce-Price-currencySymbol\">&#36;<\/span>25.00<\/bdi><\/span><\/span>\n<\/a><a href=\"\/fr\/wp-json\/wp\/v2\/pages\/1767?add-to-cart=1082\" aria-describedby=\"woocommerce_loop_add_to_cart_link_describedby_1082\" data-quantity=\"1\" class=\"button product_type_simple add_to_cart_button ajax_add_to_cart\" data-product_id=\"1082\" data-product_sku=\"CON-CAL-ESP-22\" aria-label=\"Ajouter au panier : \u00ab Conqueridors \u00bb\" rel=\"nofollow\" data-success_message=\"\u00ab\u00a0Conqueridors\u00a0\u00bb a \u00e9t\u00e9 ajout\u00e9 \u00e0 votre panier\" role=\"button\" data-no-translation=\"\" data-trp-gettext=\"\" data-no-translation-aria-label=\"\" data-no-translation-data-success_message=\"\">Ajouter au panier<\/a>\t<span id=\"woocommerce_loop_add_to_cart_link_describedby_1082\" class=\"screen-reader-text\">\n\t\t\t<\/span>\n<\/li>\n<li class=\"desktop-align-left tablet-align-left mobile-align-left ast-product-gallery-layout-horizontal-slider product type-product post-1365 status-publish instock product_cat-pasodobles product_tag-pablo-angles-galindo has-post-thumbnail downloadable virtual taxable purchasable product-type-simple\">\n\t<a href=\"https:\/\/www.omnesbands.international\/fr\/produit\/paco-i-mari-carmen\/\" class=\"woocommerce-LoopProduct-link woocommerce-loop-product__link\"><img loading=\"lazy\" decoding=\"async\" width=\"300\" height=\"300\" src=\"https:\/\/www.omnesbands.international\/wp-content\/uploads\/2023\/01\/Pacoi-300x300.jpg\" class=\"attachment-woocommerce_thumbnail size-woocommerce_thumbnail\" alt=\"Paco i Mari Carmen\" srcset=\"https:\/\/www.omnesbands.international\/wp-content\/uploads\/2023\/01\/Pacoi-300x300.jpg 300w, https:\/\/www.omnesbands.international\/wp-content\/uploads\/2023\/01\/Pacoi-150x150.jpg 150w, https:\/\/www.omnesbands.international\/wp-content\/uploads\/2023\/01\/Pacoi-100x100.jpg 100w\" sizes=\"auto, (max-width: 300px) 100vw, 300px\" \/><h2 class=\"woocommerce-loop-product__title\">Paco et Mari Carmen<\/h2>\n\t<span class=\"price\"><span class=\"woocommerce-Price-amount amount\"><bdi><span class=\"woocommerce-Price-currencySymbol\">&#36;<\/span>25.00<\/bdi><\/span><\/span>\n<\/a><a href=\"\/fr\/wp-json\/wp\/v2\/pages\/1767?add-to-cart=1365\" aria-describedby=\"woocommerce_loop_add_to_cart_link_describedby_1365\" data-quantity=\"1\" class=\"button product_type_simple add_to_cart_button ajax_add_to_cart\" data-product_id=\"1365\" data-product_sku=\"PAC-PAS-ESP-22\" aria-label=\"Ajouter au panier : \u00ab Paco i Mari Carmen \u00bb\" rel=\"nofollow\" data-success_message=\"\u00ab\u00a0Paco i Mari Carmen\u00a0\u00bb a \u00e9t\u00e9 ajout\u00e9 \u00e0 votre panier\" role=\"button\" data-no-translation=\"\" data-trp-gettext=\"\" data-no-translation-aria-label=\"\" data-no-translation-data-success_message=\"\">Ajouter au panier<\/a>\t<span id=\"woocommerce_loop_add_to_cart_link_describedby_1365\" class=\"screen-reader-text\">\n\t\t\t<\/span>\n<\/li>\n<\/ul>\n<\/div>","protected":false},"excerpt":{"rendered":"<p>PABLO ANGL\u00c9S GALINDO Nace en Benicarl\u00f3. Inicia sus estudios musicales en la A.M. Ciudad de Benicarl\u00f3 con el maestro Jos\u00e9 Antonio Valls. Los contin\u00faa y finaliza en los Conservatorios Superiores de Valencia y Zaragoza, centros donde obtiene las siguientes titulaciones y reconocimientos: Profesor de Piano, Profesor Superior de Clarinete, Solfeo, Repentizaci\u00f3n y Transposici\u00f3n, Direcci\u00f3n de [&hellip;]<\/p>\n","protected":false},"author":4,"featured_media":0,"parent":0,"menu_order":0,"comment_status":"closed","ping_status":"closed","template":"","meta":{"_acf_changed":false,"_uag_custom_page_level_css":"","site-sidebar-layout":"default","site-content-layout":"","ast-site-content-layout":"default","site-content-style":"default","site-sidebar-style":"default","ast-global-header-display":"","ast-banner-title-visibility":"","ast-main-header-display":"","ast-hfb-above-header-display":"","ast-hfb-below-header-display":"","ast-hfb-mobile-header-display":"","site-post-title":"disabled","ast-breadcrumbs-content":"","ast-featured-img":"","footer-sml-layout":"","ast-disable-related-posts":"","theme-transparent-header-meta":"","adv-header-id-meta":"","stick-header-meta":"","header-above-stick-meta":"","header-main-stick-meta":"","header-below-stick-meta":"","astra-migrate-meta-layouts":"default","ast-page-background-enabled":"default","ast-page-background-meta":{"desktop":{"background-color":"","background-image":"","background-repeat":"repeat","background-position":"center center","background-size":"auto","background-attachment":"scroll","background-type":"","background-media":"","overlay-type":"","overlay-color":"","overlay-opacity":"","overlay-gradient":""},"tablet":{"background-color":"","background-image":"","background-repeat":"repeat","background-position":"center center","background-size":"auto","background-attachment":"scroll","background-type":"","background-media":"","overlay-type":"","overlay-color":"","overlay-opacity":"","overlay-gradient":""},"mobile":{"background-color":"","background-image":"","background-repeat":"repeat","background-position":"center center","background-size":"auto","background-attachment":"scroll","background-type":"","background-media":"","overlay-type":"","overlay-color":"","overlay-opacity":"","overlay-gradient":""}},"ast-content-background-meta":{"desktop":{"background-color":"var(--ast-global-color-5)","background-image":"","background-repeat":"repeat","background-position":"center center","background-size":"auto","background-attachment":"scroll","background-type":"","background-media":"","overlay-type":"","overlay-color":"","overlay-opacity":"","overlay-gradient":""},"tablet":{"background-color":"var(--ast-global-color-5)","background-image":"","background-repeat":"repeat","background-position":"center center","background-size":"auto","background-attachment":"scroll","background-type":"","background-media":"","overlay-type":"","overlay-color":"","overlay-opacity":"","overlay-gradient":""},"mobile":{"background-color":"var(--ast-global-color-5)","background-image":"","background-repeat":"repeat","background-position":"center center","background-size":"auto","background-attachment":"scroll","background-type":"","background-media":"","overlay-type":"","overlay-color":"","overlay-opacity":"","overlay-gradient":""}},"footnotes":""},"class_list":["post-1767","page","type-page","status-publish","hentry"],"acf":[],"yoast_head":"<!-- This site is optimized with the Yoast SEO Premium plugin v22.4 (Yoast SEO v27.4) - https:\/\/yoast.com\/product\/yoast-seo-premium-wordpress\/ -->\n<title>PABLO ANGL\u00c9S GALINDO -<\/title>\n<meta name=\"robots\" content=\"index, follow, max-snippet:-1, max-image-preview:large, max-video-preview:-1\" \/>\n<link rel=\"canonical\" href=\"https:\/\/www.omnesbands.international\/fr\/pablo-angles-galindo-2\/\" \/>\n<meta property=\"og:locale\" content=\"fr_FR\" \/>\n<meta property=\"og:type\" content=\"article\" \/>\n<meta property=\"og:title\" content=\"PABLO ANGL\u00c9S GALINDO\" \/>\n<meta property=\"og:description\" content=\"PABLO ANGL\u00c9S GALINDO Nace en Benicarl\u00f3. Inicia sus estudios musicales en la A.M. Ciudad de Benicarl\u00f3 con el maestro Jos\u00e9 Antonio Valls. Los contin\u00faa y finaliza en los Conservatorios Superiores de Valencia y Zaragoza, centros donde obtiene las siguientes titulaciones y reconocimientos: Profesor de Piano, Profesor Superior de Clarinete, Solfeo, Repentizaci\u00f3n y Transposici\u00f3n, Direcci\u00f3n de [&hellip;]\" \/>\n<meta property=\"og:url\" content=\"https:\/\/www.omnesbands.international\/fr\/pablo-angles-galindo-2\/\" \/>\n<meta property=\"article:modified_time\" content=\"2023-01-29T16:21:18+00:00\" \/>\n<meta property=\"og:image\" content=\"https:\/\/www.omnesbands.international\/wp-content\/uploads\/2023\/01\/music-sheet-music-snowdrop-7107045.jpg\" \/>\n\t<meta property=\"og:image:width\" content=\"1280\" \/>\n\t<meta property=\"og:image:height\" content=\"742\" \/>\n\t<meta property=\"og:image:type\" content=\"image\/jpeg\" \/>\n<meta name=\"twitter:card\" content=\"summary_large_image\" \/>\n<meta name=\"twitter:label1\" content=\"Dur\u00e9e de lecture estim\u00e9e\" \/>\n\t<meta name=\"twitter:data1\" content=\"2 minutes\" \/>\n<script type=\"application\/ld+json\" class=\"yoast-schema-graph\">{\"@context\":\"https:\\\/\\\/schema.org\",\"@graph\":[{\"@type\":\"WebPage\",\"@id\":\"https:\\\/\\\/www.omnesbands.international\\\/en\\\/pablo-angles-galindo-2\\\/\",\"url\":\"https:\\\/\\\/www.omnesbands.international\\\/en\\\/pablo-angles-galindo-2\\\/\",\"name\":\"PABLO ANGL\u00c9S GALINDO -\",\"isPartOf\":{\"@id\":\"https:\\\/\\\/www.omnesbands.international\\\/#website\"},\"datePublished\":\"2023-01-29T16:21:15+00:00\",\"dateModified\":\"2023-01-29T16:21:18+00:00\",\"breadcrumb\":{\"@id\":\"https:\\\/\\\/www.omnesbands.international\\\/en\\\/pablo-angles-galindo-2\\\/#breadcrumb\"},\"inLanguage\":\"fr-FR\",\"potentialAction\":[{\"@type\":\"ReadAction\",\"target\":[\"https:\\\/\\\/www.omnesbands.international\\\/en\\\/pablo-angles-galindo-2\\\/\"]}]},{\"@type\":\"BreadcrumbList\",\"@id\":\"https:\\\/\\\/www.omnesbands.international\\\/en\\\/pablo-angles-galindo-2\\\/#breadcrumb\",\"itemListElement\":[{\"@type\":\"ListItem\",\"position\":1,\"name\":\"Portada\",\"item\":\"https:\\\/\\\/www.omnesbands.international\\\/\"},{\"@type\":\"ListItem\",\"position\":2,\"name\":\"PABLO ANGL\u00c9S GALINDO\"}]},{\"@type\":\"WebSite\",\"@id\":\"https:\\\/\\\/www.omnesbands.international\\\/#website\",\"url\":\"https:\\\/\\\/www.omnesbands.international\\\/\",\"name\":\"OMNESBANDS International\",\"description\":\"Partituras Originales de autores y compositores independientes\",\"publisher\":{\"@id\":\"https:\\\/\\\/www.omnesbands.international\\\/#organization\"},\"potentialAction\":[{\"@type\":\"SearchAction\",\"target\":{\"@type\":\"EntryPoint\",\"urlTemplate\":\"https:\\\/\\\/www.omnesbands.international\\\/?s={search_term_string}\"},\"query-input\":{\"@type\":\"PropertyValueSpecification\",\"valueRequired\":true,\"valueName\":\"search_term_string\"}}],\"inLanguage\":\"fr-FR\"},{\"@type\":\"Organization\",\"@id\":\"https:\\\/\\\/www.omnesbands.international\\\/#organization\",\"name\":\"Indra Consultores Internacionales\",\"alternateName\":\"Omnesbands\",\"url\":\"https:\\\/\\\/www.omnesbands.international\\\/\",\"logo\":{\"@type\":\"ImageObject\",\"inLanguage\":\"fr-FR\",\"@id\":\"https:\\\/\\\/www.omnesbands.international\\\/#\\\/schema\\\/logo\\\/image\\\/\",\"url\":\"https:\\\/\\\/omnesbands.international\\\/wp-content\\\/uploads\\\/2023\\\/06\\\/Logo-Nuevo-.png\",\"contentUrl\":\"https:\\\/\\\/omnesbands.international\\\/wp-content\\\/uploads\\\/2023\\\/06\\\/Logo-Nuevo-.png\",\"width\":394,\"height\":212,\"caption\":\"Indra Consultores Internacionales\"},\"image\":{\"@id\":\"https:\\\/\\\/www.omnesbands.international\\\/#\\\/schema\\\/logo\\\/image\\\/\"}}]}<\/script>\n<!-- \/ Yoast SEO Premium plugin. -->","yoast_head_json":{"title":"PABLO ANGL\u00c9S GALINDO -","robots":{"index":"index","follow":"follow","max-snippet":"max-snippet:-1","max-image-preview":"max-image-preview:large","max-video-preview":"max-video-preview:-1"},"canonical":"https:\/\/www.omnesbands.international\/fr\/pablo-angles-galindo-2\/","og_locale":"fr_FR","og_type":"article","og_title":"PABLO ANGL\u00c9S GALINDO","og_description":"PABLO ANGL\u00c9S GALINDO Nace en Benicarl\u00f3. Inicia sus estudios musicales en la A.M. Ciudad de Benicarl\u00f3 con el maestro Jos\u00e9 Antonio Valls. Los contin\u00faa y finaliza en los Conservatorios Superiores de Valencia y Zaragoza, centros donde obtiene las siguientes titulaciones y reconocimientos: Profesor de Piano, Profesor Superior de Clarinete, Solfeo, Repentizaci\u00f3n y Transposici\u00f3n, Direcci\u00f3n de [&hellip;]","og_url":"https:\/\/www.omnesbands.international\/fr\/pablo-angles-galindo-2\/","article_modified_time":"2023-01-29T16:21:18+00:00","og_image":[{"width":1280,"height":742,"url":"https:\/\/www.omnesbands.international\/wp-content\/uploads\/2023\/01\/music-sheet-music-snowdrop-7107045.jpg","type":"image\/jpeg"}],"twitter_card":"summary_large_image","twitter_misc":{"Dur\u00e9e de lecture estim\u00e9e":"2 minutes"},"schema":{"@context":"https:\/\/schema.org","@graph":[{"@type":"WebPage","@id":"https:\/\/www.omnesbands.international\/en\/pablo-angles-galindo-2\/","url":"https:\/\/www.omnesbands.international\/en\/pablo-angles-galindo-2\/","name":"PABLO ANGL\u00c9S GALINDO -","isPartOf":{"@id":"https:\/\/www.omnesbands.international\/#website"},"datePublished":"2023-01-29T16:21:15+00:00","dateModified":"2023-01-29T16:21:18+00:00","breadcrumb":{"@id":"https:\/\/www.omnesbands.international\/en\/pablo-angles-galindo-2\/#breadcrumb"},"inLanguage":"fr-FR","potentialAction":[{"@type":"ReadAction","target":["https:\/\/www.omnesbands.international\/en\/pablo-angles-galindo-2\/"]}]},{"@type":"BreadcrumbList","@id":"https:\/\/www.omnesbands.international\/en\/pablo-angles-galindo-2\/#breadcrumb","itemListElement":[{"@type":"ListItem","position":1,"name":"Portada","item":"https:\/\/www.omnesbands.international\/"},{"@type":"ListItem","position":2,"name":"PABLO ANGL\u00c9S GALINDO"}]},{"@type":"WebSite","@id":"https:\/\/www.omnesbands.international\/#website","url":"https:\/\/www.omnesbands.international\/","name":"OMNESBANDS International","description":"Partitions originales d&#039;auteurs et compositeurs ind\u00e9pendants","publisher":{"@id":"https:\/\/www.omnesbands.international\/#organization"},"potentialAction":[{"@type":"SearchAction","target":{"@type":"EntryPoint","urlTemplate":"https:\/\/www.omnesbands.international\/?s={search_term_string}"},"query-input":{"@type":"PropertyValueSpecification","valueRequired":true,"valueName":"search_term_string"}}],"inLanguage":"fr-FR"},{"@type":"Organization","@id":"https:\/\/www.omnesbands.international\/#organization","name":"Indra Consultants Internationaux","alternateName":"Omnesbands","url":"https:\/\/www.omnesbands.international\/","logo":{"@type":"ImageObject","inLanguage":"fr-FR","@id":"https:\/\/www.omnesbands.international\/#\/schema\/logo\/image\/","url":"https:\/\/omnesbands.international\/wp-content\/uploads\/2023\/06\/Logo-Nuevo-.png","contentUrl":"https:\/\/omnesbands.international\/wp-content\/uploads\/2023\/06\/Logo-Nuevo-.png","width":394,"height":212,"caption":"Indra Consultores Internacionales"},"image":{"@id":"https:\/\/www.omnesbands.international\/#\/schema\/logo\/image\/"}}]}},"uagb_featured_image_src":{"full":false,"thumbnail":false,"medium":false,"medium_large":false,"large":false,"1536x1536":false,"2048x2048":false,"trp-custom-language-flag":false,"gg_gallery_thumbnail":false,"woocommerce_thumbnail":false,"woocommerce_single":false,"woocommerce_gallery_thumbnail":false},"uagb_author_info":{"display_name":"Melvin R. Portillo A:","author_link":"https:\/\/www.omnesbands.international\/fr\/author\/portand\/"},"uagb_comment_info":0,"uagb_excerpt":"PABLO ANGL\u00c9S GALINDO Nace en Benicarl\u00f3. Inicia sus estudios musicales en la A.M. Ciudad de Benicarl\u00f3 con el maestro Jos\u00e9 Antonio Valls. Los contin\u00faa y finaliza en los Conservatorios Superiores de Valencia y Zaragoza, centros donde obtiene las siguientes titulaciones y reconocimientos: Profesor de Piano, Profesor Superior de Clarinete, Solfeo, Repentizaci\u00f3n y Transposici\u00f3n, Direcci\u00f3n de\u2026","_links":{"self":[{"href":"https:\/\/www.omnesbands.international\/fr\/wp-json\/wp\/v2\/pages\/1767","targetHints":{"allow":["GET"]}}],"collection":[{"href":"https:\/\/www.omnesbands.international\/fr\/wp-json\/wp\/v2\/pages"}],"about":[{"href":"https:\/\/www.omnesbands.international\/fr\/wp-json\/wp\/v2\/types\/page"}],"author":[{"embeddable":true,"href":"https:\/\/www.omnesbands.international\/fr\/wp-json\/wp\/v2\/users\/4"}],"replies":[{"embeddable":true,"href":"https:\/\/www.omnesbands.international\/fr\/wp-json\/wp\/v2\/comments?post=1767"}],"version-history":[{"count":1,"href":"https:\/\/www.omnesbands.international\/fr\/wp-json\/wp\/v2\/pages\/1767\/revisions"}],"predecessor-version":[{"id":1768,"href":"https:\/\/www.omnesbands.international\/fr\/wp-json\/wp\/v2\/pages\/1767\/revisions\/1768"}],"wp:attachment":[{"href":"https:\/\/www.omnesbands.international\/fr\/wp-json\/wp\/v2\/media?parent=1767"}],"curies":[{"name":"wp","href":"https:\/\/api.w.org\/{rel}","templated":true}]}}