{"id":1771,"date":"2023-01-29T10:30:52","date_gmt":"2023-01-29T16:30:52","guid":{"rendered":"https:\/\/omnesbands.international\/?page_id=1771"},"modified":"2023-01-29T10:32:23","modified_gmt":"2023-01-29T16:32:23","slug":"rafael-garrigos-garcia-2","status":"publish","type":"page","link":"https:\/\/www.omnesbands.international\/fr\/rafael-garrigos-garcia-2\/","title":{"rendered":"RAFA\u00cbL GARRIGOS GARCIA"},"content":{"rendered":"<div class=\"wp-block-uagb-container uagb-block-418e24bc alignfull uagb-is-root-container\"><div class=\"uagb-container-inner-blocks-wrap\">\n<div class=\"wp-block-uagb-advanced-heading uagb-block-d7b3d7ea\"><h1 class=\"uagb-heading-text\"><strong>RAFA\u00cbL GARRIGOS GARCIA<\/strong><\/h1><\/div>\n<\/div><\/div>\n\n\n\n<div class=\"wp-block-uagb-container uagb-block-5702a126 alignfull uagb-is-root-container\"><div class=\"uagb-container-inner-blocks-wrap\">\n<div class=\"wp-block-uagb-container uagb-block-7e86f388\">\n<p>Rafael M. Garrig\u00f3s Garc\u00eda (1966, Enguera-Valence). Il a commenc\u00e9 ses \u00e9tudes musicales \u00e0 l&#039;\u00e9cole de musique Uni\u00f3n Musical Santa Cecilia de Enguera. Plus tard, il a compl\u00e9t\u00e9 des \u00e9tudes musicales aux conservatoires sup\u00e9rieurs de Valence, Madrid, Grenade, Murcie, dans les sp\u00e9cialit\u00e9s de cor, piano, harmonie, contrepoint et fugue, composition, direction d&#039;orchestre et direction de ch\u0153ur. Il a obtenu un prix extraordinaire dans la sp\u00e9cialit\u00e9 de direction de ch\u0153ur et en composition et instrumentation. Parall\u00e8lement \u00e0 ses \u00e9tudes musicales, il a compl\u00e9t\u00e9 des \u00e9tudes universitaires en P\u00e9dagogie.<\/p>\n<p>Il a \u00e9t\u00e9 chef principal des groupes suivants : Orchestre et Ch\u0153ur du Conservatoire Professionnel de Musique de Ja\u00e9n, Orchestre des Jeunes du Conservatoire Professionnel de Musique d&#039;Alicante, Groupe Choral de Benidorm, Ch\u0153ur Crevillentina de Crevillent, Groupe de Musique \u00ab La Primitiva \u00bb du Association d&#039;amis de Musique de Callosa d&#039;en Sarri\u00e1, Bande Symphonique et Orchestre de Chambre de la Soci\u00e9t\u00e9 Philharmonique d&#039;Alteanense, et Bande Symphonique de la Soci\u00e9t\u00e9 Musicale \u00ab La Alianza \u00bb de Mutxamel (Alicante). Il est actuellement le chef principal de l&#039;orchestre Uni\u00f3n Musical de Canyada (Alicante) et de l&#039;orchestre symphonique de la Soci\u00e9t\u00e9 Philharmonique Uni\u00f3n Musical de Agost. Avec ces groupes, il a effectu\u00e9 des tourn\u00e9es de concerts au Portugal, en France et en Italie.<\/p>\n<p>Il travaille \u00e9galement actuellement comme directeur musical de la \u00ab Compa\u00f1\u00eda L\u00edrica Andaluza \u00bb, avec laquelle il interpr\u00e8te des spectacles de zarzuela tels que \u00ab agua, azucarillos y aguardiente \u00bb, \u00ab la revoltosa \u00bb, \u00ab la gran via \u00bb ou \u00ab le mariage de Luis Alonso \u00bb. \u00bb.<\/p>\n<p>En tant qu&#039;invit\u00e9, il a dirig\u00e9, entre autres, l&#039;Orchestre Symphonique Municipal d&#039;Alicante, l&#039;Orchestre Symphonique de la Soci\u00e9t\u00e9 Musicale \u00ab La Primitiva Setabense \u00bb de Xativa, l&#039;Orchestre Musical Uni\u00f3n d&#039;Ibi, l&#039;Orchestre des Jeunes de Santa Maria da Feira (Portugal), l&#039;Orchestre Symphonique de la Soci\u00e9t\u00e9 Musicale \u00ab La Nueva \u00bb de X\u00e1tiva, Orchestre du Conservatoire Sup\u00e9rieur de Musique de Castell\u00f3n, Bande de l&#039;Union Musicale Santa Cecilia d&#039;Enguera, Bande Municipale de Ja\u00e9n, Soci\u00e9t\u00e9 Musicale l&#039;Harmonia Band d&#039;Alacant, Orchestre de la Compagnie Lyrique Andalouse.<\/p>\n<p>En tant que compositeur, des \u0153uvres ont \u00e9t\u00e9 cr\u00e9\u00e9es pour orchestre, ch\u0153ur, orchestre et formations de chambre \u00e0 Alicante, Valence, Castell\u00f3n, Murcie, Andalousie, etc. Il a \u00e9galement compos\u00e9 diverses \u0153uvres \u00e0 caract\u00e8re p\u00e9dagogique qui ont fait partie des programmes de \u00e9tude de conservatoires tels que Valence, Castell\u00f3n et Alicante. Certaines de ses \u0153uvres ont \u00e9t\u00e9 programm\u00e9es sur RNE, Canal 9, Radio LP et RAI (Radio T\u00e9l\u00e9vision italienne) et sont publi\u00e9es par la maison d&#039;\u00e9dition AB M\u00fasica de Valence.<\/p>\n<p>Il a fait partie du jury de concours de composition et d&#039;interpr\u00e9tation tels que le Concours de composition musicale du Festival Callosa d&#039;en Sarri\u00e1 2007 et 2008, le Concours de composition Pasodobles de Mutxamel 2007 et la phase finale du VIIIe Concours r\u00e9gional d&#039;interpr\u00e9tation instrumentale de Vinalop\u00f3 2008. , VIIe Concours de Groupes de Musique du Festival d&#039;Altea la Vella 2009, entre autres.<\/p>\n<p>Depuis 1991, il est membre du Corps des Professeurs de Musique et des Arts du Spectacle de l&#039;\u00c9tat et depuis 1999, il est professeur au Conservatoire Professionnel de Musique d&#039;Alicante, o\u00f9 il enseigne les mati\u00e8res de langage musical, d&#039;informatique musicale et de piano compl\u00e9mentaire.<\/p>\n<\/div>\n<\/div><\/div>\n\n\n<div class=\"woocommerce columns-4\"><\/div>","protected":false},"excerpt":{"rendered":"<p>RAFAEL GARRIG\u00d3S GARC\u00cdA Rafael M. Garrig\u00f3s Garc\u00eda (1966, Enguera-Valencia). Comienza sus estudios musicales en la escuela de la banda Uni\u00f3n Musical Santa Cecilia de Enguera. M\u00e1s tarde realiza estudios musicales en los conservatorios superiores de Valencia, Madrid, Granada, Murcia, en las especialidades de Trompa, Piano, Armon\u00eda, Contrapunto y fuga, Composici\u00f3n, Direcci\u00f3n de Orquesta y Direcci\u00f3n [&hellip;]<\/p>\n","protected":false},"author":4,"featured_media":0,"parent":0,"menu_order":0,"comment_status":"closed","ping_status":"closed","template":"","meta":{"_acf_changed":false,"_uag_custom_page_level_css":"","site-sidebar-layout":"default","site-content-layout":"","ast-site-content-layout":"default","site-content-style":"default","site-sidebar-style":"default","ast-global-header-display":"","ast-banner-title-visibility":"","ast-main-header-display":"","ast-hfb-above-header-display":"","ast-hfb-below-header-display":"","ast-hfb-mobile-header-display":"","site-post-title":"disabled","ast-breadcrumbs-content":"","ast-featured-img":"","footer-sml-layout":"","ast-disable-related-posts":"","theme-transparent-header-meta":"","adv-header-id-meta":"","stick-header-meta":"","header-above-stick-meta":"","header-main-stick-meta":"","header-below-stick-meta":"","astra-migrate-meta-layouts":"default","ast-page-background-enabled":"default","ast-page-background-meta":{"desktop":{"background-color":"","background-image":"","background-repeat":"repeat","background-position":"center center","background-size":"auto","background-attachment":"scroll","background-type":"","background-media":"","overlay-type":"","overlay-color":"","overlay-opacity":"","overlay-gradient":""},"tablet":{"background-color":"","background-image":"","background-repeat":"repeat","background-position":"center center","background-size":"auto","background-attachment":"scroll","background-type":"","background-media":"","overlay-type":"","overlay-color":"","overlay-opacity":"","overlay-gradient":""},"mobile":{"background-color":"","background-image":"","background-repeat":"repeat","background-position":"center center","background-size":"auto","background-attachment":"scroll","background-type":"","background-media":"","overlay-type":"","overlay-color":"","overlay-opacity":"","overlay-gradient":""}},"ast-content-background-meta":{"desktop":{"background-color":"var(--ast-global-color-5)","background-image":"","background-repeat":"repeat","background-position":"center center","background-size":"auto","background-attachment":"scroll","background-type":"","background-media":"","overlay-type":"","overlay-color":"","overlay-opacity":"","overlay-gradient":""},"tablet":{"background-color":"var(--ast-global-color-5)","background-image":"","background-repeat":"repeat","background-position":"center center","background-size":"auto","background-attachment":"scroll","background-type":"","background-media":"","overlay-type":"","overlay-color":"","overlay-opacity":"","overlay-gradient":""},"mobile":{"background-color":"var(--ast-global-color-5)","background-image":"","background-repeat":"repeat","background-position":"center center","background-size":"auto","background-attachment":"scroll","background-type":"","background-media":"","overlay-type":"","overlay-color":"","overlay-opacity":"","overlay-gradient":""}},"footnotes":""},"class_list":["post-1771","page","type-page","status-publish","hentry"],"acf":[],"yoast_head":"<!-- This site is optimized with the Yoast SEO Premium plugin v22.4 (Yoast SEO v27.4) - https:\/\/yoast.com\/product\/yoast-seo-premium-wordpress\/ -->\n<title>RAFAEL GARRIG\u00d3S GARC\u00cdA -<\/title>\n<meta name=\"robots\" content=\"index, follow, max-snippet:-1, max-image-preview:large, max-video-preview:-1\" \/>\n<link rel=\"canonical\" href=\"https:\/\/www.omnesbands.international\/fr\/rafael-garrigos-garcia-2\/\" \/>\n<meta property=\"og:locale\" content=\"fr_FR\" \/>\n<meta property=\"og:type\" content=\"article\" \/>\n<meta property=\"og:title\" content=\"RAFAEL GARRIG\u00d3S GARC\u00cdA\" \/>\n<meta property=\"og:description\" content=\"RAFAEL GARRIG\u00d3S GARC\u00cdA Rafael M. Garrig\u00f3s Garc\u00eda (1966, Enguera-Valencia). Comienza sus estudios musicales en la escuela de la banda Uni\u00f3n Musical Santa Cecilia de Enguera. M\u00e1s tarde realiza estudios musicales en los conservatorios superiores de Valencia, Madrid, Granada, Murcia, en las especialidades de Trompa, Piano, Armon\u00eda, Contrapunto y fuga, Composici\u00f3n, Direcci\u00f3n de Orquesta y Direcci\u00f3n [&hellip;]\" \/>\n<meta property=\"og:url\" content=\"https:\/\/www.omnesbands.international\/fr\/rafael-garrigos-garcia-2\/\" \/>\n<meta property=\"article:modified_time\" content=\"2023-01-29T16:32:23+00:00\" \/>\n<meta property=\"og:image\" content=\"https:\/\/www.omnesbands.international\/wp-content\/uploads\/2023\/01\/music-sheet-music-snowdrop-7107045.jpg\" \/>\n\t<meta property=\"og:image:width\" content=\"1280\" \/>\n\t<meta property=\"og:image:height\" content=\"742\" \/>\n\t<meta property=\"og:image:type\" content=\"image\/jpeg\" \/>\n<meta name=\"twitter:card\" content=\"summary_large_image\" \/>\n<meta name=\"twitter:label1\" content=\"Dur\u00e9e de lecture estim\u00e9e\" \/>\n\t<meta name=\"twitter:data1\" content=\"3 minutes\" \/>\n<script type=\"application\/ld+json\" class=\"yoast-schema-graph\">{\"@context\":\"https:\\\/\\\/schema.org\",\"@graph\":[{\"@type\":\"WebPage\",\"@id\":\"https:\\\/\\\/www.omnesbands.international\\\/rafael-garrigos-garcia-2\\\/\",\"url\":\"https:\\\/\\\/www.omnesbands.international\\\/rafael-garrigos-garcia-2\\\/\",\"name\":\"RAFAEL GARRIG\u00d3S GARC\u00cdA -\",\"isPartOf\":{\"@id\":\"https:\\\/\\\/www.omnesbands.international\\\/#website\"},\"datePublished\":\"2023-01-29T16:30:52+00:00\",\"dateModified\":\"2023-01-29T16:32:23+00:00\",\"breadcrumb\":{\"@id\":\"https:\\\/\\\/www.omnesbands.international\\\/rafael-garrigos-garcia-2\\\/#breadcrumb\"},\"inLanguage\":\"fr-FR\",\"potentialAction\":[{\"@type\":\"ReadAction\",\"target\":[\"https:\\\/\\\/www.omnesbands.international\\\/rafael-garrigos-garcia-2\\\/\"]}]},{\"@type\":\"BreadcrumbList\",\"@id\":\"https:\\\/\\\/www.omnesbands.international\\\/rafael-garrigos-garcia-2\\\/#breadcrumb\",\"itemListElement\":[{\"@type\":\"ListItem\",\"position\":1,\"name\":\"Portada\",\"item\":\"https:\\\/\\\/www.omnesbands.international\\\/\"},{\"@type\":\"ListItem\",\"position\":2,\"name\":\"RAFAEL GARRIG\u00d3S GARC\u00cdA\"}]},{\"@type\":\"WebSite\",\"@id\":\"https:\\\/\\\/www.omnesbands.international\\\/#website\",\"url\":\"https:\\\/\\\/www.omnesbands.international\\\/\",\"name\":\"OMNESBANDS International\",\"description\":\"Partituras Originales de autores y compositores independientes\",\"publisher\":{\"@id\":\"https:\\\/\\\/www.omnesbands.international\\\/#organization\"},\"potentialAction\":[{\"@type\":\"SearchAction\",\"target\":{\"@type\":\"EntryPoint\",\"urlTemplate\":\"https:\\\/\\\/www.omnesbands.international\\\/?s={search_term_string}\"},\"query-input\":{\"@type\":\"PropertyValueSpecification\",\"valueRequired\":true,\"valueName\":\"search_term_string\"}}],\"inLanguage\":\"fr-FR\"},{\"@type\":\"Organization\",\"@id\":\"https:\\\/\\\/www.omnesbands.international\\\/#organization\",\"name\":\"Indra Consultores Internacionales\",\"alternateName\":\"Omnesbands\",\"url\":\"https:\\\/\\\/www.omnesbands.international\\\/\",\"logo\":{\"@type\":\"ImageObject\",\"inLanguage\":\"fr-FR\",\"@id\":\"https:\\\/\\\/www.omnesbands.international\\\/#\\\/schema\\\/logo\\\/image\\\/\",\"url\":\"https:\\\/\\\/omnesbands.international\\\/wp-content\\\/uploads\\\/2023\\\/06\\\/Logo-Nuevo-.png\",\"contentUrl\":\"https:\\\/\\\/omnesbands.international\\\/wp-content\\\/uploads\\\/2023\\\/06\\\/Logo-Nuevo-.png\",\"width\":394,\"height\":212,\"caption\":\"Indra Consultores Internacionales\"},\"image\":{\"@id\":\"https:\\\/\\\/www.omnesbands.international\\\/#\\\/schema\\\/logo\\\/image\\\/\"}}]}<\/script>\n<!-- \/ Yoast SEO Premium plugin. -->","yoast_head_json":{"title":"RAFAEL GARRIG\u00d3S GARC\u00cdA -","robots":{"index":"index","follow":"follow","max-snippet":"max-snippet:-1","max-image-preview":"max-image-preview:large","max-video-preview":"max-video-preview:-1"},"canonical":"https:\/\/www.omnesbands.international\/fr\/rafael-garrigos-garcia-2\/","og_locale":"fr_FR","og_type":"article","og_title":"RAFAEL GARRIG\u00d3S GARC\u00cdA","og_description":"RAFAEL GARRIG\u00d3S GARC\u00cdA Rafael M. Garrig\u00f3s Garc\u00eda (1966, Enguera-Valencia). Comienza sus estudios musicales en la escuela de la banda Uni\u00f3n Musical Santa Cecilia de Enguera. M\u00e1s tarde realiza estudios musicales en los conservatorios superiores de Valencia, Madrid, Granada, Murcia, en las especialidades de Trompa, Piano, Armon\u00eda, Contrapunto y fuga, Composici\u00f3n, Direcci\u00f3n de Orquesta y Direcci\u00f3n [&hellip;]","og_url":"https:\/\/www.omnesbands.international\/fr\/rafael-garrigos-garcia-2\/","article_modified_time":"2023-01-29T16:32:23+00:00","og_image":[{"width":1280,"height":742,"url":"https:\/\/www.omnesbands.international\/wp-content\/uploads\/2023\/01\/music-sheet-music-snowdrop-7107045.jpg","type":"image\/jpeg"}],"twitter_card":"summary_large_image","twitter_misc":{"Dur\u00e9e de lecture estim\u00e9e":"3 minutes"},"schema":{"@context":"https:\/\/schema.org","@graph":[{"@type":"WebPage","@id":"https:\/\/www.omnesbands.international\/rafael-garrigos-garcia-2\/","url":"https:\/\/www.omnesbands.international\/rafael-garrigos-garcia-2\/","name":"RAFAEL GARRIG\u00d3S GARC\u00cdA -","isPartOf":{"@id":"https:\/\/www.omnesbands.international\/#website"},"datePublished":"2023-01-29T16:30:52+00:00","dateModified":"2023-01-29T16:32:23+00:00","breadcrumb":{"@id":"https:\/\/www.omnesbands.international\/rafael-garrigos-garcia-2\/#breadcrumb"},"inLanguage":"fr-FR","potentialAction":[{"@type":"ReadAction","target":["https:\/\/www.omnesbands.international\/rafael-garrigos-garcia-2\/"]}]},{"@type":"BreadcrumbList","@id":"https:\/\/www.omnesbands.international\/rafael-garrigos-garcia-2\/#breadcrumb","itemListElement":[{"@type":"ListItem","position":1,"name":"Portada","item":"https:\/\/www.omnesbands.international\/"},{"@type":"ListItem","position":2,"name":"RAFAEL GARRIG\u00d3S GARC\u00cdA"}]},{"@type":"WebSite","@id":"https:\/\/www.omnesbands.international\/#website","url":"https:\/\/www.omnesbands.international\/","name":"OMNESBANDS International","description":"Partitions originales d&#039;auteurs et compositeurs ind\u00e9pendants","publisher":{"@id":"https:\/\/www.omnesbands.international\/#organization"},"potentialAction":[{"@type":"SearchAction","target":{"@type":"EntryPoint","urlTemplate":"https:\/\/www.omnesbands.international\/?s={search_term_string}"},"query-input":{"@type":"PropertyValueSpecification","valueRequired":true,"valueName":"search_term_string"}}],"inLanguage":"fr-FR"},{"@type":"Organization","@id":"https:\/\/www.omnesbands.international\/#organization","name":"Indra Consultants Internationaux","alternateName":"Omnesbands","url":"https:\/\/www.omnesbands.international\/","logo":{"@type":"ImageObject","inLanguage":"fr-FR","@id":"https:\/\/www.omnesbands.international\/#\/schema\/logo\/image\/","url":"https:\/\/omnesbands.international\/wp-content\/uploads\/2023\/06\/Logo-Nuevo-.png","contentUrl":"https:\/\/omnesbands.international\/wp-content\/uploads\/2023\/06\/Logo-Nuevo-.png","width":394,"height":212,"caption":"Indra Consultores Internacionales"},"image":{"@id":"https:\/\/www.omnesbands.international\/#\/schema\/logo\/image\/"}}]}},"uagb_featured_image_src":{"full":false,"thumbnail":false,"medium":false,"medium_large":false,"large":false,"1536x1536":false,"2048x2048":false,"trp-custom-language-flag":false,"gg_gallery_thumbnail":false,"woocommerce_thumbnail":false,"woocommerce_single":false,"woocommerce_gallery_thumbnail":false},"uagb_author_info":{"display_name":"Melvin R. Portillo A:","author_link":"https:\/\/www.omnesbands.international\/fr\/author\/portand\/"},"uagb_comment_info":0,"uagb_excerpt":"RAFAEL GARRIG\u00d3S GARC\u00cdA Rafael M. Garrig\u00f3s Garc\u00eda (1966, Enguera-Valencia). Comienza sus estudios musicales en la escuela de la banda Uni\u00f3n Musical Santa Cecilia de Enguera. M\u00e1s tarde realiza estudios musicales en los conservatorios superiores de Valencia, Madrid, Granada, Murcia, en las especialidades de Trompa, Piano, Armon\u00eda, Contrapunto y fuga, Composici\u00f3n, Direcci\u00f3n de Orquesta y Direcci\u00f3n\u2026","_links":{"self":[{"href":"https:\/\/www.omnesbands.international\/fr\/wp-json\/wp\/v2\/pages\/1771","targetHints":{"allow":["GET"]}}],"collection":[{"href":"https:\/\/www.omnesbands.international\/fr\/wp-json\/wp\/v2\/pages"}],"about":[{"href":"https:\/\/www.omnesbands.international\/fr\/wp-json\/wp\/v2\/types\/page"}],"author":[{"embeddable":true,"href":"https:\/\/www.omnesbands.international\/fr\/wp-json\/wp\/v2\/users\/4"}],"replies":[{"embeddable":true,"href":"https:\/\/www.omnesbands.international\/fr\/wp-json\/wp\/v2\/comments?post=1771"}],"version-history":[{"count":2,"href":"https:\/\/www.omnesbands.international\/fr\/wp-json\/wp\/v2\/pages\/1771\/revisions"}],"predecessor-version":[{"id":1773,"href":"https:\/\/www.omnesbands.international\/fr\/wp-json\/wp\/v2\/pages\/1771\/revisions\/1773"}],"wp:attachment":[{"href":"https:\/\/www.omnesbands.international\/fr\/wp-json\/wp\/v2\/media?parent=1771"}],"curies":[{"name":"wp","href":"https:\/\/api.w.org\/{rel}","templated":true}]}}