{"id":1787,"date":"2023-01-29T14:31:19","date_gmt":"2023-01-29T20:31:19","guid":{"rendered":"https:\/\/omnesbands.international\/?page_id=1787"},"modified":"2023-01-29T14:31:21","modified_gmt":"2023-01-29T20:31:21","slug":"salva-lujan-2","status":"publish","type":"page","link":"https:\/\/www.omnesbands.international\/fr\/salva-lujan-2\/","title":{"rendered":"SAUVER LUJAN"},"content":{"rendered":"<div class=\"wp-block-uagb-container uagb-block-a7b23003 alignfull uagb-is-root-container\"><div class=\"uagb-container-inner-blocks-wrap\">\n<div class=\"wp-block-uagb-advanced-heading uagb-block-70312929\"><h1 class=\"uagb-heading-text\"><strong>SAUVER LUJAN<\/strong><\/h1><\/div>\n<\/div><\/div>\n\n\n\n<div class=\"wp-block-uagb-container uagb-block-06d72329 alignfull uagb-is-root-container\"><div class=\"uagb-container-inner-blocks-wrap\">\n<div class=\"wp-block-uagb-container uagb-block-776c9fb9\">\n<p>SALVA LUJ\u00c1N est une compositrice et chef d&#039;orchestre n\u00e9e \u00e0 Valence (Espagne). Il enseigne comme professeur de composition au Conservatoire Sup\u00e9rieur \u00ab Salvador Segu\u00ed \u00bb de Castell\u00f3n, est le directeur principal de la Soci\u00e9t\u00e9 Musicale Ayorense et, \u00e0 son tour, membre du conseil d&#039;administration de l&#039;Association des Compositeurs Symphoniques de la Communaut\u00e9 Valencienne (COSICOVA).<\/p>\n<p>Depuis son enfance, Salva a toujours ressenti le besoin de communiquer et son exp\u00e9rience des cours de piano depuis son enfance l&#039;a naturellement pouss\u00e9 \u00e0 le faire \u00e0 travers la musique. Son int\u00e9r\u00eat pr\u00e9coce pour la composition s&#039;est d\u00e9velopp\u00e9 pendant son adolescence et l&#039;apprentissage de l&#039;harmonie avec son professeur et ami Miguel \u00c1ngel Mateu lui a fait comprendre la musique d&#039;un point de vue diff\u00e9rent du point de vue conventionnel.<\/p>\n<p>Sa passion pour l&#039;art musical et son d\u00e9sir de d\u00e9velopper davantage sa cr\u00e9ativit\u00e9 l&#039;ont amen\u00e9 \u00e0 se former dans plusieurs Conservatoires o\u00f9 il a obtenu le Titre de Professeur de Solf\u00e8ge, Solf\u00e8ge, Repentisation, Transposition et Piano. Formation compl\u00e9t\u00e9e ensuite par un dipl\u00f4me sup\u00e9rieur en composition et orchestration et un master en recherche musicale de l&#039;Universit\u00e9 internationale de Valence.<\/p>\n<p>Apr\u00e8s avoir termin\u00e9 sa formation, Salva a concentr\u00e9 son travail cr\u00e9atif sur un seul objectif\u00a0: communiquer et valoriser la valeur \u00e9motionnelle de la musique en la dotant de prismes multicolores pour la rendre attractive, sinc\u00e8re et p\u00e9renne aupr\u00e8s du public qui en est finalement le principal destinataire.<\/p>\n<p>Aujourd&#039;hui, ses \u0153uvres, dans lesquelles pr\u00e9domine la musique pour orchestre \u00e0 vent, sont interpr\u00e9t\u00e9es et \u00e9tudi\u00e9es dans de nombreux pays en plus d&#039;\u00eatre nomin\u00e9es aux prix Euterpe (2009) et r\u00e9compens\u00e9es dans de nombreux concours de composition, nationaux et internationaux, comme le III Ib\u00e9ro-am\u00e9ricain de composition. Concours \u00ab Villa de Ortigueira \u00bb en Galice (2010) ou le IVe Concours International de Composition \u00ab La Prime L&#039;\u00fas \u00bb \u00e0 Bertiolo (Italie, 2013) ou les prix musicaux Fideu dans la section \u00ab cr\u00e9ation \u00bb musicale \u00bb (2021), entre autres .<\/p>\n<p>Parall\u00e8lement \u00e0 ses r\u00f4les de compositeur et de p\u00e9dagogue, son travail de chef d&#039;orchestre, dont la formation s&#039;est d\u00e9roul\u00e9e sous la direction des professeurs Jan Cober, Jos\u00e9 Rafael Pascual Vilaplana et Ferrer Ferran, a \u00e9t\u00e9 largement reconnu et r\u00e9compens\u00e9. Parmi eux se distinguent, entre autres : le laur\u00e9at du Premier Concours National de Direction d&#039;Orchestre d&#039;Orchestre \u00ab Cueva de Medrano \u00bb \u00e0 Ciudad Real (2008), ainsi que de nombreux prix dans divers concours tels que le 1er prix (Mention honorable) dans la deuxi\u00e8me cat\u00e9gorie de le Concours International d&#039;Orchestres \u00ab Ciutat de Val\u00e8ncia \u00bb en 2014. Conscient que l&#039;excellence dans ce domaine n\u00e9cessite une formation constante et m\u00eame avec pr\u00e8s de 20 ans d&#039;exp\u00e9rience, il continue d&#039;explorer musicalement avec des professeurs de renomm\u00e9e internationale tels que Miquel Rodrigo i Tamarit. <br \/><br \/>Actuellement, Salva vit et travaille pour la musique, \u00e9tant sollicit\u00e9 comme jury dans divers concours tels que le 39\u00e8me Concours d&#039;Orchestres de Musique de la Communaut\u00e9 Valencienne, ainsi qu&#039;invit\u00e9 \u00e0 donner des pr\u00e9sentations et \u00e0 diriger sa propre musique dans de nombreux groupes musicaux tels que l&#039;Orchestre Municipal. . de Mur\u00e7a (Portugal), l&#039;Harmonie Municipale D&#039;Orthez (France) ou la Musique Municipale de Marratx\u00ed \u00e0 Majorque (Espagne), entre autres. Dans sa facette compositionnelle, il a diff\u00e9rentes commandes qui sortiront au cours des deux prochaines ann\u00e9es.<\/p>\n<\/div>\n<\/div><\/div>\n\n\n<div class=\"woocommerce columns-4\"><\/div>","protected":false},"excerpt":{"rendered":"<p>SALVA LUJ\u00c1N SALVA LUJ\u00c1N es un compositor y director nacido en Valencia (Espa\u00f1a). Imparte docencia como catedr\u00e1tico de Composici\u00f3n en el Conservatorio Superior \u00abSalvador Segu\u00ed\u00bb de Castell\u00f3n, es director titular de la Sociedad Musical Ayorense y, a su vez, miembro directivo de la Asociaci\u00f3n de Compositores Sinf\u00f3nicos de la Comunidad Valenciana (COSICOVA). Desde la infancia, [&hellip;]<\/p>\n","protected":false},"author":4,"featured_media":0,"parent":0,"menu_order":0,"comment_status":"closed","ping_status":"closed","template":"","meta":{"_acf_changed":false,"_uag_custom_page_level_css":"","site-sidebar-layout":"default","site-content-layout":"","ast-site-content-layout":"default","site-content-style":"default","site-sidebar-style":"default","ast-global-header-display":"","ast-banner-title-visibility":"","ast-main-header-display":"","ast-hfb-above-header-display":"","ast-hfb-below-header-display":"","ast-hfb-mobile-header-display":"","site-post-title":"disabled","ast-breadcrumbs-content":"","ast-featured-img":"","footer-sml-layout":"","ast-disable-related-posts":"","theme-transparent-header-meta":"","adv-header-id-meta":"","stick-header-meta":"","header-above-stick-meta":"","header-main-stick-meta":"","header-below-stick-meta":"","astra-migrate-meta-layouts":"default","ast-page-background-enabled":"default","ast-page-background-meta":{"desktop":{"background-color":"","background-image":"","background-repeat":"repeat","background-position":"center center","background-size":"auto","background-attachment":"scroll","background-type":"","background-media":"","overlay-type":"","overlay-color":"","overlay-opacity":"","overlay-gradient":""},"tablet":{"background-color":"","background-image":"","background-repeat":"repeat","background-position":"center center","background-size":"auto","background-attachment":"scroll","background-type":"","background-media":"","overlay-type":"","overlay-color":"","overlay-opacity":"","overlay-gradient":""},"mobile":{"background-color":"","background-image":"","background-repeat":"repeat","background-position":"center center","background-size":"auto","background-attachment":"scroll","background-type":"","background-media":"","overlay-type":"","overlay-color":"","overlay-opacity":"","overlay-gradient":""}},"ast-content-background-meta":{"desktop":{"background-color":"var(--ast-global-color-5)","background-image":"","background-repeat":"repeat","background-position":"center center","background-size":"auto","background-attachment":"scroll","background-type":"","background-media":"","overlay-type":"","overlay-color":"","overlay-opacity":"","overlay-gradient":""},"tablet":{"background-color":"var(--ast-global-color-5)","background-image":"","background-repeat":"repeat","background-position":"center center","background-size":"auto","background-attachment":"scroll","background-type":"","background-media":"","overlay-type":"","overlay-color":"","overlay-opacity":"","overlay-gradient":""},"mobile":{"background-color":"var(--ast-global-color-5)","background-image":"","background-repeat":"repeat","background-position":"center center","background-size":"auto","background-attachment":"scroll","background-type":"","background-media":"","overlay-type":"","overlay-color":"","overlay-opacity":"","overlay-gradient":""}},"footnotes":""},"class_list":["post-1787","page","type-page","status-publish","hentry"],"acf":[],"yoast_head":"<!-- This site is optimized with the Yoast SEO Premium plugin v22.4 (Yoast SEO v27.4) - https:\/\/yoast.com\/product\/yoast-seo-premium-wordpress\/ -->\n<title>SALVA LUJ\u00c1N -<\/title>\n<meta name=\"robots\" content=\"index, follow, max-snippet:-1, max-image-preview:large, max-video-preview:-1\" \/>\n<link rel=\"canonical\" href=\"https:\/\/www.omnesbands.international\/fr\/salva-lujan-2\/\" \/>\n<meta property=\"og:locale\" content=\"fr_FR\" \/>\n<meta property=\"og:type\" content=\"article\" \/>\n<meta property=\"og:title\" content=\"SALVA LUJ\u00c1N\" \/>\n<meta property=\"og:description\" content=\"SALVA LUJ\u00c1N SALVA LUJ\u00c1N es un compositor y director nacido en Valencia (Espa\u00f1a). Imparte docencia como catedr\u00e1tico de Composici\u00f3n en el Conservatorio Superior \u00abSalvador Segu\u00ed\u00bb de Castell\u00f3n, es director titular de la Sociedad Musical Ayorense y, a su vez, miembro directivo de la Asociaci\u00f3n de Compositores Sinf\u00f3nicos de la Comunidad Valenciana (COSICOVA). Desde la infancia, [&hellip;]\" \/>\n<meta property=\"og:url\" content=\"https:\/\/www.omnesbands.international\/fr\/salva-lujan-2\/\" \/>\n<meta property=\"article:modified_time\" content=\"2023-01-29T20:31:21+00:00\" \/>\n<meta property=\"og:image\" content=\"https:\/\/www.omnesbands.international\/wp-content\/uploads\/2023\/01\/music-sheet-music-snowdrop-7107045.jpg\" \/>\n\t<meta property=\"og:image:width\" content=\"1280\" \/>\n\t<meta property=\"og:image:height\" content=\"742\" \/>\n\t<meta property=\"og:image:type\" content=\"image\/jpeg\" \/>\n<meta name=\"twitter:card\" content=\"summary_large_image\" \/>\n<meta name=\"twitter:label1\" content=\"Dur\u00e9e de lecture estim\u00e9e\" \/>\n\t<meta name=\"twitter:data1\" content=\"3 minutes\" \/>\n<script type=\"application\/ld+json\" class=\"yoast-schema-graph\">{\"@context\":\"https:\\\/\\\/schema.org\",\"@graph\":[{\"@type\":\"WebPage\",\"@id\":\"https:\\\/\\\/www.omnesbands.international\\\/salva-lujan-2\\\/\",\"url\":\"https:\\\/\\\/www.omnesbands.international\\\/salva-lujan-2\\\/\",\"name\":\"SALVA LUJ\u00c1N -\",\"isPartOf\":{\"@id\":\"https:\\\/\\\/www.omnesbands.international\\\/#website\"},\"datePublished\":\"2023-01-29T20:31:19+00:00\",\"dateModified\":\"2023-01-29T20:31:21+00:00\",\"breadcrumb\":{\"@id\":\"https:\\\/\\\/www.omnesbands.international\\\/salva-lujan-2\\\/#breadcrumb\"},\"inLanguage\":\"fr-FR\",\"potentialAction\":[{\"@type\":\"ReadAction\",\"target\":[\"https:\\\/\\\/www.omnesbands.international\\\/salva-lujan-2\\\/\"]}]},{\"@type\":\"BreadcrumbList\",\"@id\":\"https:\\\/\\\/www.omnesbands.international\\\/salva-lujan-2\\\/#breadcrumb\",\"itemListElement\":[{\"@type\":\"ListItem\",\"position\":1,\"name\":\"Portada\",\"item\":\"https:\\\/\\\/www.omnesbands.international\\\/\"},{\"@type\":\"ListItem\",\"position\":2,\"name\":\"SALVA LUJ\u00c1N\"}]},{\"@type\":\"WebSite\",\"@id\":\"https:\\\/\\\/www.omnesbands.international\\\/#website\",\"url\":\"https:\\\/\\\/www.omnesbands.international\\\/\",\"name\":\"OMNESBANDS International\",\"description\":\"Partituras Originales de autores y compositores independientes\",\"publisher\":{\"@id\":\"https:\\\/\\\/www.omnesbands.international\\\/#organization\"},\"potentialAction\":[{\"@type\":\"SearchAction\",\"target\":{\"@type\":\"EntryPoint\",\"urlTemplate\":\"https:\\\/\\\/www.omnesbands.international\\\/?s={search_term_string}\"},\"query-input\":{\"@type\":\"PropertyValueSpecification\",\"valueRequired\":true,\"valueName\":\"search_term_string\"}}],\"inLanguage\":\"fr-FR\"},{\"@type\":\"Organization\",\"@id\":\"https:\\\/\\\/www.omnesbands.international\\\/#organization\",\"name\":\"Indra Consultores Internacionales\",\"alternateName\":\"Omnesbands\",\"url\":\"https:\\\/\\\/www.omnesbands.international\\\/\",\"logo\":{\"@type\":\"ImageObject\",\"inLanguage\":\"fr-FR\",\"@id\":\"https:\\\/\\\/www.omnesbands.international\\\/#\\\/schema\\\/logo\\\/image\\\/\",\"url\":\"https:\\\/\\\/omnesbands.international\\\/wp-content\\\/uploads\\\/2023\\\/06\\\/Logo-Nuevo-.png\",\"contentUrl\":\"https:\\\/\\\/omnesbands.international\\\/wp-content\\\/uploads\\\/2023\\\/06\\\/Logo-Nuevo-.png\",\"width\":394,\"height\":212,\"caption\":\"Indra Consultores Internacionales\"},\"image\":{\"@id\":\"https:\\\/\\\/www.omnesbands.international\\\/#\\\/schema\\\/logo\\\/image\\\/\"}}]}<\/script>\n<!-- \/ Yoast SEO Premium plugin. -->","yoast_head_json":{"title":"SALVA LUJ\u00c1N -","robots":{"index":"index","follow":"follow","max-snippet":"max-snippet:-1","max-image-preview":"max-image-preview:large","max-video-preview":"max-video-preview:-1"},"canonical":"https:\/\/www.omnesbands.international\/fr\/salva-lujan-2\/","og_locale":"fr_FR","og_type":"article","og_title":"SALVA LUJ\u00c1N","og_description":"SALVA LUJ\u00c1N SALVA LUJ\u00c1N es un compositor y director nacido en Valencia (Espa\u00f1a). Imparte docencia como catedr\u00e1tico de Composici\u00f3n en el Conservatorio Superior \u00abSalvador Segu\u00ed\u00bb de Castell\u00f3n, es director titular de la Sociedad Musical Ayorense y, a su vez, miembro directivo de la Asociaci\u00f3n de Compositores Sinf\u00f3nicos de la Comunidad Valenciana (COSICOVA). Desde la infancia, [&hellip;]","og_url":"https:\/\/www.omnesbands.international\/fr\/salva-lujan-2\/","article_modified_time":"2023-01-29T20:31:21+00:00","og_image":[{"width":1280,"height":742,"url":"https:\/\/www.omnesbands.international\/wp-content\/uploads\/2023\/01\/music-sheet-music-snowdrop-7107045.jpg","type":"image\/jpeg"}],"twitter_card":"summary_large_image","twitter_misc":{"Dur\u00e9e de lecture estim\u00e9e":"3 minutes"},"schema":{"@context":"https:\/\/schema.org","@graph":[{"@type":"WebPage","@id":"https:\/\/www.omnesbands.international\/salva-lujan-2\/","url":"https:\/\/www.omnesbands.international\/salva-lujan-2\/","name":"SALVA LUJ\u00c1N -","isPartOf":{"@id":"https:\/\/www.omnesbands.international\/#website"},"datePublished":"2023-01-29T20:31:19+00:00","dateModified":"2023-01-29T20:31:21+00:00","breadcrumb":{"@id":"https:\/\/www.omnesbands.international\/salva-lujan-2\/#breadcrumb"},"inLanguage":"fr-FR","potentialAction":[{"@type":"ReadAction","target":["https:\/\/www.omnesbands.international\/salva-lujan-2\/"]}]},{"@type":"BreadcrumbList","@id":"https:\/\/www.omnesbands.international\/salva-lujan-2\/#breadcrumb","itemListElement":[{"@type":"ListItem","position":1,"name":"Portada","item":"https:\/\/www.omnesbands.international\/"},{"@type":"ListItem","position":2,"name":"SALVA LUJ\u00c1N"}]},{"@type":"WebSite","@id":"https:\/\/www.omnesbands.international\/#website","url":"https:\/\/www.omnesbands.international\/","name":"OMNESBANDS International","description":"Partitions originales d&#039;auteurs et compositeurs ind\u00e9pendants","publisher":{"@id":"https:\/\/www.omnesbands.international\/#organization"},"potentialAction":[{"@type":"SearchAction","target":{"@type":"EntryPoint","urlTemplate":"https:\/\/www.omnesbands.international\/?s={search_term_string}"},"query-input":{"@type":"PropertyValueSpecification","valueRequired":true,"valueName":"search_term_string"}}],"inLanguage":"fr-FR"},{"@type":"Organization","@id":"https:\/\/www.omnesbands.international\/#organization","name":"Indra Consultants Internationaux","alternateName":"Omnesbands","url":"https:\/\/www.omnesbands.international\/","logo":{"@type":"ImageObject","inLanguage":"fr-FR","@id":"https:\/\/www.omnesbands.international\/#\/schema\/logo\/image\/","url":"https:\/\/omnesbands.international\/wp-content\/uploads\/2023\/06\/Logo-Nuevo-.png","contentUrl":"https:\/\/omnesbands.international\/wp-content\/uploads\/2023\/06\/Logo-Nuevo-.png","width":394,"height":212,"caption":"Indra Consultores Internacionales"},"image":{"@id":"https:\/\/www.omnesbands.international\/#\/schema\/logo\/image\/"}}]}},"uagb_featured_image_src":{"full":false,"thumbnail":false,"medium":false,"medium_large":false,"large":false,"1536x1536":false,"2048x2048":false,"trp-custom-language-flag":false,"gg_gallery_thumbnail":false,"woocommerce_thumbnail":false,"woocommerce_single":false,"woocommerce_gallery_thumbnail":false},"uagb_author_info":{"display_name":"Melvin R. Portillo A:","author_link":"https:\/\/www.omnesbands.international\/fr\/author\/portand\/"},"uagb_comment_info":0,"uagb_excerpt":"SALVA LUJ\u00c1N SALVA LUJ\u00c1N es un compositor y director nacido en Valencia (Espa\u00f1a). Imparte docencia como catedr\u00e1tico de Composici\u00f3n en el Conservatorio Superior \u00abSalvador Segu\u00ed\u00bb de Castell\u00f3n, es director titular de la Sociedad Musical Ayorense y, a su vez, miembro directivo de la Asociaci\u00f3n de Compositores Sinf\u00f3nicos de la Comunidad Valenciana (COSICOVA). Desde la infancia,\u2026","_links":{"self":[{"href":"https:\/\/www.omnesbands.international\/fr\/wp-json\/wp\/v2\/pages\/1787","targetHints":{"allow":["GET"]}}],"collection":[{"href":"https:\/\/www.omnesbands.international\/fr\/wp-json\/wp\/v2\/pages"}],"about":[{"href":"https:\/\/www.omnesbands.international\/fr\/wp-json\/wp\/v2\/types\/page"}],"author":[{"embeddable":true,"href":"https:\/\/www.omnesbands.international\/fr\/wp-json\/wp\/v2\/users\/4"}],"replies":[{"embeddable":true,"href":"https:\/\/www.omnesbands.international\/fr\/wp-json\/wp\/v2\/comments?post=1787"}],"version-history":[{"count":1,"href":"https:\/\/www.omnesbands.international\/fr\/wp-json\/wp\/v2\/pages\/1787\/revisions"}],"predecessor-version":[{"id":1788,"href":"https:\/\/www.omnesbands.international\/fr\/wp-json\/wp\/v2\/pages\/1787\/revisions\/1788"}],"wp:attachment":[{"href":"https:\/\/www.omnesbands.international\/fr\/wp-json\/wp\/v2\/media?parent=1787"}],"curies":[{"name":"wp","href":"https:\/\/api.w.org\/{rel}","templated":true}]}}