{"id":1789,"date":"2023-01-29T16:29:15","date_gmt":"2023-01-29T22:29:15","guid":{"rendered":"https:\/\/omnesbands.international\/?page_id=1789"},"modified":"2023-02-03T18:50:13","modified_gmt":"2023-02-04T00:50:13","slug":"sergi-querol-i-tormo-2","status":"publish","type":"page","link":"https:\/\/www.omnesbands.international\/fr\/sergi-querol-i-tormo-2\/","title":{"rendered":"SERGI QUEROL I TORMO"},"content":{"rendered":"<div class=\"wp-block-uagb-container uagb-block-71ec0d13 alignfull uagb-is-root-container\"><div class=\"uagb-container-inner-blocks-wrap\">\n<div class=\"wp-block-uagb-advanced-heading uagb-block-74d1b5e7\"><h1 class=\"uagb-heading-text\"><strong>SERGI QUEROL I TORMO<\/strong><\/h1><\/div>\n<\/div><\/div>\n\n\n\n<div class=\"wp-block-uagb-container uagb-block-86d4c2a3 alignfull uagb-is-root-container\"><div class=\"uagb-container-inner-blocks-wrap\">\n<div class=\"wp-block-uagb-container uagb-block-16a674bb\">\n<p>Elle est n\u00e9e \u00e0 Albaida (Valence) le 26 novembre ig7o et a d\u00e9but\u00e9 dans le monde de la musique en donnant des cours avec sa cousine Esperanza \u00e0 l&#039;\u00e2ge de 7 ans. Il poursuit sa formation musicale \u00e0 l&#039;\u00e9cole \u00ab Uni\u00f3 Musical d&#039;Albaida UAranya \u00bb, en suivant les cours des professeurs Francisco Mart\u00ednez Molla et Dami\u00e1n Soler Va\u00f1\u00f3, pour ensuite rejoindre le groupe en tant que tromboniste.<\/p>\n<p>Il a ensuite \u00e9largi ses \u00e9tudes \u00e0 l&#039;\u00c9cole municipale de musique d&#039;Albaida o\u00f9 il a \u00e9tudi\u00e9 le trombone avec Francisco N\u00e1jera Perona. de Langage Musical avec Patricia Porta et Ana Albert et de Ch\u0153ur avec Jos\u00e9 Soler. Il entre au Conservatoire Professionnel de Musique \u00ab Melchor Gomis \u00bb d&#039;Ontinyent o\u00f9 il approfondit ses \u00e9tudes dans divers domaines : Langage Musical avec Juan Jos\u00e9 Silvestre. Piano avec Maria Moncunill et Basilio Fern\u00e1ndez. Musique de chambre avec Pilar Ferrero. Oscar Aparisi et Jos\u00e9 Vte. Prince. de Trnb\u00f3n avec Francisco N\u00e1jera. J\u00e9sus Gasc\u00f3. Antonio \u00c1lvarez et F\u00e9lix Garc\u00eda. Orchestre avec Sergio Alapont. Inmaculada Mateu et Manel Garc\u00eda. d&#039;Armon\u00eda avec Tom\u00e1s Gilabert et Jes\u00fas Vizca\u00edno. Ch\u0153ur avec Jos\u00e9 Soler et Inmaculada Mateu. d&#039;histoire de la musique avec Angel Mart\u00ednez Escutia et Maria Benavent et d&#039;analyse musicale avec Claudia Montero et Ram\u00f3n Jover.<\/p>\n<p><br \/>Il a \u00e9galement \u00e9tudi\u00e9 la direction d&#039;orchestre avec le prestigieux professeur Jos\u00e9 Rafael Pascual Vilaplana. Instrumentation avec Ram\u00f3n Garc\u00eda i Soler et analyse musicale avec Tom\u00e1s Gilabert. Il a compos\u00e9 diverses \u0153uvres de M\u00fasica Festera et a enregistr\u00e9 et publi\u00e9 un CD monographique avec diverses pi\u00e8ces intitul\u00e9 \u00ab Gratus \u00bb.<\/p>\n<p><br \/>Il a \u00e9galement compos\u00e9 la fanfare \u00ab Millenium \u00bb. Les Campanes de Albaida - pour l&#039;inauguration historique et la b\u00e9n\u00e9diction des cloches d&#039;Albaida restaur\u00e9es en l&#039;an 2oo3. Il a \u00e9galement enregistr\u00e9 \u00ab Sagittaire \u00bb. un CD de musique Pop combinant diff\u00e9rents styles musicaux comme le Bol\u00e9ro. la ballade. etc. et son activit\u00e9 musicale est d\u00e9di\u00e9e \u00e0 la composition de Band Music, ses compositions atteignant un haut degr\u00e9 d&#039;acceptation et d&#039;adeptes dans le monde festif.<\/p>\n<p><br \/>Il a remport\u00e9 divers concours de composition de musique religieuse pour ch\u0153urs d&#039;enfants et a \u00e9t\u00e9 directeur adjoint de l&#039;\u00ab Uni\u00f3 Musical d&#039;Albaida \u00bb UAranya, co\u00efncidant avec l&#039;\u00e9poque du maestro Ram\u00f3n Garc\u00eda i Soler comme directeur.<\/p>\n<\/div>\n<\/div><\/div>\n\n\n<div class=\"woocommerce columns-4\"><\/div>","protected":false},"excerpt":{"rendered":"<p>SERGI QUEROL I TORMO Nace en Albaida (Valencia) el 26 de noviembre de ig7o y se inicia en el mundo de la m\u00fasica impartiendo clases con su prima Esperanza a la edad de 7 a\u00f1os. Sigue su formaci\u00f3n musical en la escuela de la &#8220;Uni\u00f3 Musical d&#8217;Albaida UAranya asistiendo a las clases de los maestros [&hellip;]<\/p>\n","protected":false},"author":4,"featured_media":0,"parent":0,"menu_order":0,"comment_status":"closed","ping_status":"closed","template":"","meta":{"_acf_changed":false,"_uag_custom_page_level_css":"","site-sidebar-layout":"default","site-content-layout":"","ast-site-content-layout":"default","site-content-style":"default","site-sidebar-style":"default","ast-global-header-display":"","ast-banner-title-visibility":"","ast-main-header-display":"","ast-hfb-above-header-display":"","ast-hfb-below-header-display":"","ast-hfb-mobile-header-display":"","site-post-title":"disabled","ast-breadcrumbs-content":"","ast-featured-img":"","footer-sml-layout":"","ast-disable-related-posts":"","theme-transparent-header-meta":"","adv-header-id-meta":"","stick-header-meta":"","header-above-stick-meta":"","header-main-stick-meta":"","header-below-stick-meta":"","astra-migrate-meta-layouts":"default","ast-page-background-enabled":"default","ast-page-background-meta":{"desktop":{"background-color":"","background-image":"","background-repeat":"repeat","background-position":"center center","background-size":"auto","background-attachment":"scroll","background-type":"","background-media":"","overlay-type":"","overlay-color":"","overlay-opacity":"","overlay-gradient":""},"tablet":{"background-color":"","background-image":"","background-repeat":"repeat","background-position":"center center","background-size":"auto","background-attachment":"scroll","background-type":"","background-media":"","overlay-type":"","overlay-color":"","overlay-opacity":"","overlay-gradient":""},"mobile":{"background-color":"","background-image":"","background-repeat":"repeat","background-position":"center center","background-size":"auto","background-attachment":"scroll","background-type":"","background-media":"","overlay-type":"","overlay-color":"","overlay-opacity":"","overlay-gradient":""}},"ast-content-background-meta":{"desktop":{"background-color":"var(--ast-global-color-5)","background-image":"","background-repeat":"repeat","background-position":"center center","background-size":"auto","background-attachment":"scroll","background-type":"","background-media":"","overlay-type":"","overlay-color":"","overlay-opacity":"","overlay-gradient":""},"tablet":{"background-color":"var(--ast-global-color-5)","background-image":"","background-repeat":"repeat","background-position":"center center","background-size":"auto","background-attachment":"scroll","background-type":"","background-media":"","overlay-type":"","overlay-color":"","overlay-opacity":"","overlay-gradient":""},"mobile":{"background-color":"var(--ast-global-color-5)","background-image":"","background-repeat":"repeat","background-position":"center center","background-size":"auto","background-attachment":"scroll","background-type":"","background-media":"","overlay-type":"","overlay-color":"","overlay-opacity":"","overlay-gradient":""}},"footnotes":""},"class_list":["post-1789","page","type-page","status-publish","hentry"],"acf":[],"yoast_head":"<!-- This site is optimized with the Yoast SEO Premium plugin v22.4 (Yoast SEO v27.4) - https:\/\/yoast.com\/product\/yoast-seo-premium-wordpress\/ -->\n<title>SERGI QUEROL I TORMO -<\/title>\n<meta name=\"robots\" content=\"index, follow, max-snippet:-1, max-image-preview:large, max-video-preview:-1\" \/>\n<link rel=\"canonical\" href=\"https:\/\/www.omnesbands.international\/fr\/sergi-querol-i-tormo-2\/\" \/>\n<meta property=\"og:locale\" content=\"fr_FR\" \/>\n<meta property=\"og:type\" content=\"article\" \/>\n<meta property=\"og:title\" content=\"SERGI QUEROL I TORMO\" \/>\n<meta property=\"og:description\" content=\"SERGI QUEROL I TORMO Nace en Albaida (Valencia) el 26 de noviembre de ig7o y se inicia en el mundo de la m\u00fasica impartiendo clases con su prima Esperanza a la edad de 7 a\u00f1os. Sigue su formaci\u00f3n musical en la escuela de la &#8220;Uni\u00f3 Musical d&#8217;Albaida UAranya asistiendo a las clases de los maestros [&hellip;]\" \/>\n<meta property=\"og:url\" content=\"https:\/\/www.omnesbands.international\/fr\/sergi-querol-i-tormo-2\/\" \/>\n<meta property=\"article:modified_time\" content=\"2023-02-04T00:50:13+00:00\" \/>\n<meta property=\"og:image\" content=\"https:\/\/www.omnesbands.international\/wp-content\/uploads\/2023\/01\/music-sheet-music-snowdrop-7107045.jpg\" \/>\n\t<meta property=\"og:image:width\" content=\"1280\" \/>\n\t<meta property=\"og:image:height\" content=\"742\" \/>\n\t<meta property=\"og:image:type\" content=\"image\/jpeg\" \/>\n<meta name=\"twitter:card\" content=\"summary_large_image\" \/>\n<meta name=\"twitter:label1\" content=\"Dur\u00e9e de lecture estim\u00e9e\" \/>\n\t<meta name=\"twitter:data1\" content=\"2 minutes\" \/>\n<script type=\"application\/ld+json\" class=\"yoast-schema-graph\">{\"@context\":\"https:\\\/\\\/schema.org\",\"@graph\":[{\"@type\":\"WebPage\",\"@id\":\"https:\\\/\\\/www.omnesbands.international\\\/sergi-querol-i-tormo-2\\\/\",\"url\":\"https:\\\/\\\/www.omnesbands.international\\\/sergi-querol-i-tormo-2\\\/\",\"name\":\"SERGI QUEROL I TORMO -\",\"isPartOf\":{\"@id\":\"https:\\\/\\\/www.omnesbands.international\\\/#website\"},\"datePublished\":\"2023-01-29T22:29:15+00:00\",\"dateModified\":\"2023-02-04T00:50:13+00:00\",\"breadcrumb\":{\"@id\":\"https:\\\/\\\/www.omnesbands.international\\\/sergi-querol-i-tormo-2\\\/#breadcrumb\"},\"inLanguage\":\"fr-FR\",\"potentialAction\":[{\"@type\":\"ReadAction\",\"target\":[\"https:\\\/\\\/www.omnesbands.international\\\/sergi-querol-i-tormo-2\\\/\"]}]},{\"@type\":\"BreadcrumbList\",\"@id\":\"https:\\\/\\\/www.omnesbands.international\\\/sergi-querol-i-tormo-2\\\/#breadcrumb\",\"itemListElement\":[{\"@type\":\"ListItem\",\"position\":1,\"name\":\"Portada\",\"item\":\"https:\\\/\\\/www.omnesbands.international\\\/\"},{\"@type\":\"ListItem\",\"position\":2,\"name\":\"SERGI QUEROL I TORMO\"}]},{\"@type\":\"WebSite\",\"@id\":\"https:\\\/\\\/www.omnesbands.international\\\/#website\",\"url\":\"https:\\\/\\\/www.omnesbands.international\\\/\",\"name\":\"OMNESBANDS International\",\"description\":\"Partituras Originales de autores y compositores independientes\",\"publisher\":{\"@id\":\"https:\\\/\\\/www.omnesbands.international\\\/#organization\"},\"potentialAction\":[{\"@type\":\"SearchAction\",\"target\":{\"@type\":\"EntryPoint\",\"urlTemplate\":\"https:\\\/\\\/www.omnesbands.international\\\/?s={search_term_string}\"},\"query-input\":{\"@type\":\"PropertyValueSpecification\",\"valueRequired\":true,\"valueName\":\"search_term_string\"}}],\"inLanguage\":\"fr-FR\"},{\"@type\":\"Organization\",\"@id\":\"https:\\\/\\\/www.omnesbands.international\\\/#organization\",\"name\":\"Indra Consultores Internacionales\",\"alternateName\":\"Omnesbands\",\"url\":\"https:\\\/\\\/www.omnesbands.international\\\/\",\"logo\":{\"@type\":\"ImageObject\",\"inLanguage\":\"fr-FR\",\"@id\":\"https:\\\/\\\/www.omnesbands.international\\\/#\\\/schema\\\/logo\\\/image\\\/\",\"url\":\"https:\\\/\\\/omnesbands.international\\\/wp-content\\\/uploads\\\/2023\\\/06\\\/Logo-Nuevo-.png\",\"contentUrl\":\"https:\\\/\\\/omnesbands.international\\\/wp-content\\\/uploads\\\/2023\\\/06\\\/Logo-Nuevo-.png\",\"width\":394,\"height\":212,\"caption\":\"Indra Consultores Internacionales\"},\"image\":{\"@id\":\"https:\\\/\\\/www.omnesbands.international\\\/#\\\/schema\\\/logo\\\/image\\\/\"}}]}<\/script>\n<!-- \/ Yoast SEO Premium plugin. -->","yoast_head_json":{"title":"SERGI QUEROL I TORMO -","robots":{"index":"index","follow":"follow","max-snippet":"max-snippet:-1","max-image-preview":"max-image-preview:large","max-video-preview":"max-video-preview:-1"},"canonical":"https:\/\/www.omnesbands.international\/fr\/sergi-querol-i-tormo-2\/","og_locale":"fr_FR","og_type":"article","og_title":"SERGI QUEROL I TORMO","og_description":"SERGI QUEROL I TORMO Nace en Albaida (Valencia) el 26 de noviembre de ig7o y se inicia en el mundo de la m\u00fasica impartiendo clases con su prima Esperanza a la edad de 7 a\u00f1os. Sigue su formaci\u00f3n musical en la escuela de la &#8220;Uni\u00f3 Musical d&#8217;Albaida UAranya asistiendo a las clases de los maestros [&hellip;]","og_url":"https:\/\/www.omnesbands.international\/fr\/sergi-querol-i-tormo-2\/","article_modified_time":"2023-02-04T00:50:13+00:00","og_image":[{"width":1280,"height":742,"url":"https:\/\/www.omnesbands.international\/wp-content\/uploads\/2023\/01\/music-sheet-music-snowdrop-7107045.jpg","type":"image\/jpeg"}],"twitter_card":"summary_large_image","twitter_misc":{"Dur\u00e9e de lecture estim\u00e9e":"2 minutes"},"schema":{"@context":"https:\/\/schema.org","@graph":[{"@type":"WebPage","@id":"https:\/\/www.omnesbands.international\/sergi-querol-i-tormo-2\/","url":"https:\/\/www.omnesbands.international\/sergi-querol-i-tormo-2\/","name":"SERGI QUEROL I TORMO -","isPartOf":{"@id":"https:\/\/www.omnesbands.international\/#website"},"datePublished":"2023-01-29T22:29:15+00:00","dateModified":"2023-02-04T00:50:13+00:00","breadcrumb":{"@id":"https:\/\/www.omnesbands.international\/sergi-querol-i-tormo-2\/#breadcrumb"},"inLanguage":"fr-FR","potentialAction":[{"@type":"ReadAction","target":["https:\/\/www.omnesbands.international\/sergi-querol-i-tormo-2\/"]}]},{"@type":"BreadcrumbList","@id":"https:\/\/www.omnesbands.international\/sergi-querol-i-tormo-2\/#breadcrumb","itemListElement":[{"@type":"ListItem","position":1,"name":"Portada","item":"https:\/\/www.omnesbands.international\/"},{"@type":"ListItem","position":2,"name":"SERGI QUEROL I TORMO"}]},{"@type":"WebSite","@id":"https:\/\/www.omnesbands.international\/#website","url":"https:\/\/www.omnesbands.international\/","name":"OMNESBANDS International","description":"Partitions originales d&#039;auteurs et compositeurs ind\u00e9pendants","publisher":{"@id":"https:\/\/www.omnesbands.international\/#organization"},"potentialAction":[{"@type":"SearchAction","target":{"@type":"EntryPoint","urlTemplate":"https:\/\/www.omnesbands.international\/?s={search_term_string}"},"query-input":{"@type":"PropertyValueSpecification","valueRequired":true,"valueName":"search_term_string"}}],"inLanguage":"fr-FR"},{"@type":"Organization","@id":"https:\/\/www.omnesbands.international\/#organization","name":"Indra Consultants Internationaux","alternateName":"Omnesbands","url":"https:\/\/www.omnesbands.international\/","logo":{"@type":"ImageObject","inLanguage":"fr-FR","@id":"https:\/\/www.omnesbands.international\/#\/schema\/logo\/image\/","url":"https:\/\/omnesbands.international\/wp-content\/uploads\/2023\/06\/Logo-Nuevo-.png","contentUrl":"https:\/\/omnesbands.international\/wp-content\/uploads\/2023\/06\/Logo-Nuevo-.png","width":394,"height":212,"caption":"Indra Consultores Internacionales"},"image":{"@id":"https:\/\/www.omnesbands.international\/#\/schema\/logo\/image\/"}}]}},"uagb_featured_image_src":{"full":false,"thumbnail":false,"medium":false,"medium_large":false,"large":false,"1536x1536":false,"2048x2048":false,"trp-custom-language-flag":false,"gg_gallery_thumbnail":false,"woocommerce_thumbnail":false,"woocommerce_single":false,"woocommerce_gallery_thumbnail":false},"uagb_author_info":{"display_name":"Melvin R. Portillo A:","author_link":"https:\/\/www.omnesbands.international\/fr\/author\/portand\/"},"uagb_comment_info":0,"uagb_excerpt":"SERGI QUEROL I TORMO Nace en Albaida (Valencia) el 26 de noviembre de ig7o y se inicia en el mundo de la m\u00fasica impartiendo clases con su prima Esperanza a la edad de 7 a\u00f1os. Sigue su formaci\u00f3n musical en la escuela de la &#8220;Uni\u00f3 Musical d&#8217;Albaida UAranya asistiendo a las clases de los maestros\u2026","_links":{"self":[{"href":"https:\/\/www.omnesbands.international\/fr\/wp-json\/wp\/v2\/pages\/1789","targetHints":{"allow":["GET"]}}],"collection":[{"href":"https:\/\/www.omnesbands.international\/fr\/wp-json\/wp\/v2\/pages"}],"about":[{"href":"https:\/\/www.omnesbands.international\/fr\/wp-json\/wp\/v2\/types\/page"}],"author":[{"embeddable":true,"href":"https:\/\/www.omnesbands.international\/fr\/wp-json\/wp\/v2\/users\/4"}],"replies":[{"embeddable":true,"href":"https:\/\/www.omnesbands.international\/fr\/wp-json\/wp\/v2\/comments?post=1789"}],"version-history":[{"count":4,"href":"https:\/\/www.omnesbands.international\/fr\/wp-json\/wp\/v2\/pages\/1789\/revisions"}],"predecessor-version":[{"id":1855,"href":"https:\/\/www.omnesbands.international\/fr\/wp-json\/wp\/v2\/pages\/1789\/revisions\/1855"}],"wp:attachment":[{"href":"https:\/\/www.omnesbands.international\/fr\/wp-json\/wp\/v2\/media?parent=1789"}],"curies":[{"name":"wp","href":"https:\/\/api.w.org\/{rel}","templated":true}]}}