{"id":1792,"date":"2023-01-29T17:47:12","date_gmt":"2023-01-29T23:47:12","guid":{"rendered":"https:\/\/omnesbands.international\/?page_id=1792"},"modified":"2023-01-29T17:47:14","modified_gmt":"2023-01-29T23:47:14","slug":"teo-aparicio-barberan-2","status":"publish","type":"page","link":"https:\/\/www.omnesbands.international\/fr\/teo-aparicio-barberan-2\/","title":{"rendered":"TH\u00c9O APARICIO BARBERAN"},"content":{"rendered":"<div class=\"wp-block-uagb-container uagb-block-b53da93e alignfull uagb-is-root-container\"><div class=\"uagb-container-inner-blocks-wrap\">\n<div class=\"wp-block-uagb-advanced-heading uagb-block-a75fda62\"><h1 class=\"uagb-heading-text\"><strong>TH\u00c9O APARICIO BARBERAN<\/strong><\/h1><\/div>\n<\/div><\/div>\n\n\n\n<div class=\"wp-block-uagb-container uagb-block-d2ee0b90 alignfull uagb-is-root-container\"><div class=\"uagb-container-inner-blocks-wrap\">\n<div class=\"wp-block-uagb-container uagb-block-8ce6cae6\">\n<p>Il est n\u00e9 \u00e0 Enguera (Valence) et a commenc\u00e9 ses \u00e9tudes dans l&#039;orchestre de sa ville avec M. Vidal, choisissant le saxophone comme instrument. Il a \u00e9tudi\u00e9 aux conservatoires de X\u00e1tiva, Carcaixent et Sup\u00e9rieur de Valence, obtenant deux mentions honorables dans les classes moyennes et sup\u00e9rieures au Concours pour une r\u00e9compense extraordinaire.<\/p>\n<p>Ses professeurs de saxophone ont \u00e9t\u00e9 Francisco Moral, Miguel Llopis et Gregorio Castellano, \u00e9largissant ensuite ses \u00e9tudes avec Antonio Daniel, Manuel Mij\u00e1n, Pedro Iturralde et Jean Marie Londeix.<\/p>\n<p>Parall\u00e8lement \u00e0 ses \u00e9tudes de saxophone, il \u00e9tudie la contrebasse, le piano, l&#039;harmonie, le contrepoint, la fugue, la composition et la direction d&#039;orchestre. Il a \u00e9galement fait des perc\u00e9es dans le domaine de la musique moderne, \u00e9tant pendant des ann\u00e9es membre et arrangeur de l&#039;un des principaux orchestres de la communaut\u00e9 valencienne : Z\u00edngaros.<\/p>\n<p>Pendant trois ans, il suit des cours de direction d&#039;orchestre avec Bruno Membrey et des cours de composition et d&#039;orchestration avec Carl Schahter \u00e0 G\u00e9rone. Le compositeur et r\u00e9alisateur Bernardo Adam Ferrero contribue \u00e0 sa formation aux c\u00f4t\u00e9s du compositeur d&#039;Alcoy Luis Blanes, v\u00e9ritable mentor dans sa carri\u00e8re musicale.<\/p>\n<p>En 2016, il a acquis le statut de docteur en sciences humaines de l&#039;Universit\u00e9 Cardenal Herrera CEU pour sa th\u00e8se \u00ab Points de r\u00e9f\u00e9rence dans l&#039;\u0153uvre du compositeur Luis Blanes : Tradition et modernit\u00e9 \u00bb.<\/p>\n<\/div>\n<\/div><\/div>\n\n\n<div class=\"woocommerce columns-4\"><ul class=\"products columns-4\">\n<li class=\"desktop-align-left tablet-align-left mobile-align-left ast-product-gallery-layout-horizontal-slider product type-product post-1107 status-publish first instock product_cat-pasodobles product_tag-teo-aparicio-barberan has-post-thumbnail downloadable virtual taxable purchasable product-type-simple\">\n\t<a href=\"https:\/\/www.omnesbands.international\/fr\/produit\/amigos-de-branca\/\" class=\"woocommerce-LoopProduct-link woocommerce-loop-product__link\"><img loading=\"lazy\" decoding=\"async\" width=\"300\" height=\"300\" src=\"https:\/\/www.omnesbands.international\/wp-content\/uploads\/2023\/01\/Amigos-de-Branca-300x300.jpg\" class=\"attachment-woocommerce_thumbnail size-woocommerce_thumbnail\" alt=\"Amigos de Branca\" srcset=\"https:\/\/www.omnesbands.international\/wp-content\/uploads\/2023\/01\/Amigos-de-Branca-300x300.jpg 300w, https:\/\/www.omnesbands.international\/wp-content\/uploads\/2023\/01\/Amigos-de-Branca-150x150.jpg 150w, https:\/\/www.omnesbands.international\/wp-content\/uploads\/2023\/01\/Amigos-de-Branca-12x12.jpg 12w, https:\/\/www.omnesbands.international\/wp-content\/uploads\/2023\/01\/Amigos-de-Branca-100x100.jpg 100w\" sizes=\"auto, (max-width: 300px) 100vw, 300px\" \/><h2 class=\"woocommerce-loop-product__title\">Les amis de Branca<\/h2>\n\t<span class=\"price\"><span class=\"woocommerce-Price-amount amount\"><bdi><span class=\"woocommerce-Price-currencySymbol\">&#36;<\/span>25.00<\/bdi><\/span><\/span>\n<\/a><a href=\"\/fr\/wp-json\/wp\/v2\/pages\/1792?add-to-cart=1107\" aria-describedby=\"woocommerce_loop_add_to_cart_link_describedby_1107\" data-quantity=\"1\" class=\"button product_type_simple add_to_cart_button ajax_add_to_cart\" data-product_id=\"1107\" data-product_sku=\"AMI-PAS-ESP-22\" aria-label=\"Ajouter au panier : \u00ab Amigos de Branca \u00bb\" rel=\"nofollow\" data-success_message=\"\u00ab\u00a0Amigos de Branca\u00a0\u00bb a \u00e9t\u00e9 ajout\u00e9 \u00e0 votre panier\" role=\"button\" data-no-translation=\"\" data-trp-gettext=\"\" data-no-translation-aria-label=\"\" data-no-translation-data-success_message=\"\">Ajouter au panier<\/a>\t<span id=\"woocommerce_loop_add_to_cart_link_describedby_1107\" class=\"screen-reader-text\">\n\t\t\t<\/span>\n<\/li>\n<\/ul>\n<\/div>","protected":false},"excerpt":{"rendered":"<p>TEO APARICIO BARBER\u00c1N Nace en Enguera (Valencia) comenzando sus estudios en la banda de su pueblo de la mano de M.Vidal eligiendo como instrumento el Saxof\u00f3n. Estudia en los conservatorios de X\u00e1tiva, Carcaixent, y Superior de Valencia, consiguiendo dos menciones de Honor en el grado medio y superior en el Concurso para premio extraordinario. Han [&hellip;]<\/p>\n","protected":false},"author":4,"featured_media":0,"parent":0,"menu_order":0,"comment_status":"closed","ping_status":"closed","template":"","meta":{"_acf_changed":false,"_uag_custom_page_level_css":"","site-sidebar-layout":"default","site-content-layout":"","ast-site-content-layout":"default","site-content-style":"default","site-sidebar-style":"default","ast-global-header-display":"","ast-banner-title-visibility":"","ast-main-header-display":"","ast-hfb-above-header-display":"","ast-hfb-below-header-display":"","ast-hfb-mobile-header-display":"","site-post-title":"disabled","ast-breadcrumbs-content":"","ast-featured-img":"","footer-sml-layout":"","ast-disable-related-posts":"","theme-transparent-header-meta":"","adv-header-id-meta":"","stick-header-meta":"","header-above-stick-meta":"","header-main-stick-meta":"","header-below-stick-meta":"","astra-migrate-meta-layouts":"default","ast-page-background-enabled":"default","ast-page-background-meta":{"desktop":{"background-color":"","background-image":"","background-repeat":"repeat","background-position":"center center","background-size":"auto","background-attachment":"scroll","background-type":"","background-media":"","overlay-type":"","overlay-color":"","overlay-opacity":"","overlay-gradient":""},"tablet":{"background-color":"","background-image":"","background-repeat":"repeat","background-position":"center center","background-size":"auto","background-attachment":"scroll","background-type":"","background-media":"","overlay-type":"","overlay-color":"","overlay-opacity":"","overlay-gradient":""},"mobile":{"background-color":"","background-image":"","background-repeat":"repeat","background-position":"center center","background-size":"auto","background-attachment":"scroll","background-type":"","background-media":"","overlay-type":"","overlay-color":"","overlay-opacity":"","overlay-gradient":""}},"ast-content-background-meta":{"desktop":{"background-color":"var(--ast-global-color-5)","background-image":"","background-repeat":"repeat","background-position":"center center","background-size":"auto","background-attachment":"scroll","background-type":"","background-media":"","overlay-type":"","overlay-color":"","overlay-opacity":"","overlay-gradient":""},"tablet":{"background-color":"var(--ast-global-color-5)","background-image":"","background-repeat":"repeat","background-position":"center center","background-size":"auto","background-attachment":"scroll","background-type":"","background-media":"","overlay-type":"","overlay-color":"","overlay-opacity":"","overlay-gradient":""},"mobile":{"background-color":"var(--ast-global-color-5)","background-image":"","background-repeat":"repeat","background-position":"center center","background-size":"auto","background-attachment":"scroll","background-type":"","background-media":"","overlay-type":"","overlay-color":"","overlay-opacity":"","overlay-gradient":""}},"footnotes":""},"class_list":["post-1792","page","type-page","status-publish","hentry"],"acf":[],"yoast_head":"<!-- This site is optimized with the Yoast SEO Premium plugin v22.4 (Yoast SEO v27.4) - https:\/\/yoast.com\/product\/yoast-seo-premium-wordpress\/ -->\n<title>TEO APARICIO BARBER\u00c1N -<\/title>\n<meta name=\"robots\" content=\"index, follow, max-snippet:-1, max-image-preview:large, max-video-preview:-1\" \/>\n<link rel=\"canonical\" href=\"https:\/\/www.omnesbands.international\/fr\/teo-aparicio-barberan-2\/\" \/>\n<meta property=\"og:locale\" content=\"fr_FR\" \/>\n<meta property=\"og:type\" content=\"article\" \/>\n<meta property=\"og:title\" content=\"TEO APARICIO BARBER\u00c1N\" \/>\n<meta property=\"og:description\" content=\"TEO APARICIO BARBER\u00c1N Nace en Enguera (Valencia) comenzando sus estudios en la banda de su pueblo de la mano de M.Vidal eligiendo como instrumento el Saxof\u00f3n. Estudia en los conservatorios de X\u00e1tiva, Carcaixent, y Superior de Valencia, consiguiendo dos menciones de Honor en el grado medio y superior en el Concurso para premio extraordinario. Han [&hellip;]\" \/>\n<meta property=\"og:url\" content=\"https:\/\/www.omnesbands.international\/fr\/teo-aparicio-barberan-2\/\" \/>\n<meta property=\"article:modified_time\" content=\"2023-01-29T23:47:14+00:00\" \/>\n<meta property=\"og:image\" content=\"https:\/\/www.omnesbands.international\/wp-content\/uploads\/2023\/01\/music-sheet-music-snowdrop-7107045.jpg\" \/>\n\t<meta property=\"og:image:width\" content=\"1280\" \/>\n\t<meta property=\"og:image:height\" content=\"742\" \/>\n\t<meta property=\"og:image:type\" content=\"image\/jpeg\" \/>\n<meta name=\"twitter:card\" content=\"summary_large_image\" \/>\n<meta name=\"twitter:label1\" content=\"Dur\u00e9e de lecture estim\u00e9e\" \/>\n\t<meta name=\"twitter:data1\" content=\"1 minute\" \/>\n<script type=\"application\/ld+json\" class=\"yoast-schema-graph\">{\"@context\":\"https:\\\/\\\/schema.org\",\"@graph\":[{\"@type\":\"WebPage\",\"@id\":\"https:\\\/\\\/www.omnesbands.international\\\/ja\\\/teo-aparicio-barberan-2\\\/\",\"url\":\"https:\\\/\\\/www.omnesbands.international\\\/ja\\\/teo-aparicio-barberan-2\\\/\",\"name\":\"TEO APARICIO BARBER\u00c1N -\",\"isPartOf\":{\"@id\":\"https:\\\/\\\/www.omnesbands.international\\\/#website\"},\"datePublished\":\"2023-01-29T23:47:12+00:00\",\"dateModified\":\"2023-01-29T23:47:14+00:00\",\"breadcrumb\":{\"@id\":\"https:\\\/\\\/www.omnesbands.international\\\/ja\\\/teo-aparicio-barberan-2\\\/#breadcrumb\"},\"inLanguage\":\"fr-FR\",\"potentialAction\":[{\"@type\":\"ReadAction\",\"target\":[\"https:\\\/\\\/www.omnesbands.international\\\/ja\\\/teo-aparicio-barberan-2\\\/\"]}]},{\"@type\":\"BreadcrumbList\",\"@id\":\"https:\\\/\\\/www.omnesbands.international\\\/ja\\\/teo-aparicio-barberan-2\\\/#breadcrumb\",\"itemListElement\":[{\"@type\":\"ListItem\",\"position\":1,\"name\":\"Portada\",\"item\":\"https:\\\/\\\/www.omnesbands.international\\\/\"},{\"@type\":\"ListItem\",\"position\":2,\"name\":\"TEO APARICIO BARBER\u00c1N\"}]},{\"@type\":\"WebSite\",\"@id\":\"https:\\\/\\\/www.omnesbands.international\\\/#website\",\"url\":\"https:\\\/\\\/www.omnesbands.international\\\/\",\"name\":\"OMNESBANDS International\",\"description\":\"Partituras Originales de autores y compositores independientes\",\"publisher\":{\"@id\":\"https:\\\/\\\/www.omnesbands.international\\\/#organization\"},\"potentialAction\":[{\"@type\":\"SearchAction\",\"target\":{\"@type\":\"EntryPoint\",\"urlTemplate\":\"https:\\\/\\\/www.omnesbands.international\\\/?s={search_term_string}\"},\"query-input\":{\"@type\":\"PropertyValueSpecification\",\"valueRequired\":true,\"valueName\":\"search_term_string\"}}],\"inLanguage\":\"fr-FR\"},{\"@type\":\"Organization\",\"@id\":\"https:\\\/\\\/www.omnesbands.international\\\/#organization\",\"name\":\"Indra Consultores Internacionales\",\"alternateName\":\"Omnesbands\",\"url\":\"https:\\\/\\\/www.omnesbands.international\\\/\",\"logo\":{\"@type\":\"ImageObject\",\"inLanguage\":\"fr-FR\",\"@id\":\"https:\\\/\\\/www.omnesbands.international\\\/#\\\/schema\\\/logo\\\/image\\\/\",\"url\":\"https:\\\/\\\/omnesbands.international\\\/wp-content\\\/uploads\\\/2023\\\/06\\\/Logo-Nuevo-.png\",\"contentUrl\":\"https:\\\/\\\/omnesbands.international\\\/wp-content\\\/uploads\\\/2023\\\/06\\\/Logo-Nuevo-.png\",\"width\":394,\"height\":212,\"caption\":\"Indra Consultores Internacionales\"},\"image\":{\"@id\":\"https:\\\/\\\/www.omnesbands.international\\\/#\\\/schema\\\/logo\\\/image\\\/\"}}]}<\/script>\n<!-- \/ Yoast SEO Premium plugin. -->","yoast_head_json":{"title":"TEO APARICIO BARBER\u00c1N -","robots":{"index":"index","follow":"follow","max-snippet":"max-snippet:-1","max-image-preview":"max-image-preview:large","max-video-preview":"max-video-preview:-1"},"canonical":"https:\/\/www.omnesbands.international\/fr\/teo-aparicio-barberan-2\/","og_locale":"fr_FR","og_type":"article","og_title":"TEO APARICIO BARBER\u00c1N","og_description":"TEO APARICIO BARBER\u00c1N Nace en Enguera (Valencia) comenzando sus estudios en la banda de su pueblo de la mano de M.Vidal eligiendo como instrumento el Saxof\u00f3n. Estudia en los conservatorios de X\u00e1tiva, Carcaixent, y Superior de Valencia, consiguiendo dos menciones de Honor en el grado medio y superior en el Concurso para premio extraordinario. Han [&hellip;]","og_url":"https:\/\/www.omnesbands.international\/fr\/teo-aparicio-barberan-2\/","article_modified_time":"2023-01-29T23:47:14+00:00","og_image":[{"width":1280,"height":742,"url":"https:\/\/www.omnesbands.international\/wp-content\/uploads\/2023\/01\/music-sheet-music-snowdrop-7107045.jpg","type":"image\/jpeg"}],"twitter_card":"summary_large_image","twitter_misc":{"Dur\u00e9e de lecture estim\u00e9e":"1 minute"},"schema":{"@context":"https:\/\/schema.org","@graph":[{"@type":"WebPage","@id":"https:\/\/www.omnesbands.international\/ja\/teo-aparicio-barberan-2\/","url":"https:\/\/www.omnesbands.international\/ja\/teo-aparicio-barberan-2\/","name":"TEO APARICIO BARBER\u00c1N -","isPartOf":{"@id":"https:\/\/www.omnesbands.international\/#website"},"datePublished":"2023-01-29T23:47:12+00:00","dateModified":"2023-01-29T23:47:14+00:00","breadcrumb":{"@id":"https:\/\/www.omnesbands.international\/ja\/teo-aparicio-barberan-2\/#breadcrumb"},"inLanguage":"fr-FR","potentialAction":[{"@type":"ReadAction","target":["https:\/\/www.omnesbands.international\/ja\/teo-aparicio-barberan-2\/"]}]},{"@type":"BreadcrumbList","@id":"https:\/\/www.omnesbands.international\/ja\/teo-aparicio-barberan-2\/#breadcrumb","itemListElement":[{"@type":"ListItem","position":1,"name":"Portada","item":"https:\/\/www.omnesbands.international\/"},{"@type":"ListItem","position":2,"name":"TEO APARICIO BARBER\u00c1N"}]},{"@type":"WebSite","@id":"https:\/\/www.omnesbands.international\/#website","url":"https:\/\/www.omnesbands.international\/","name":"OMNESBANDS International","description":"Partitions originales d&#039;auteurs et compositeurs ind\u00e9pendants","publisher":{"@id":"https:\/\/www.omnesbands.international\/#organization"},"potentialAction":[{"@type":"SearchAction","target":{"@type":"EntryPoint","urlTemplate":"https:\/\/www.omnesbands.international\/?s={search_term_string}"},"query-input":{"@type":"PropertyValueSpecification","valueRequired":true,"valueName":"search_term_string"}}],"inLanguage":"fr-FR"},{"@type":"Organization","@id":"https:\/\/www.omnesbands.international\/#organization","name":"Indra Consultants Internationaux","alternateName":"Omnesbands","url":"https:\/\/www.omnesbands.international\/","logo":{"@type":"ImageObject","inLanguage":"fr-FR","@id":"https:\/\/www.omnesbands.international\/#\/schema\/logo\/image\/","url":"https:\/\/omnesbands.international\/wp-content\/uploads\/2023\/06\/Logo-Nuevo-.png","contentUrl":"https:\/\/omnesbands.international\/wp-content\/uploads\/2023\/06\/Logo-Nuevo-.png","width":394,"height":212,"caption":"Indra Consultores Internacionales"},"image":{"@id":"https:\/\/www.omnesbands.international\/#\/schema\/logo\/image\/"}}]}},"uagb_featured_image_src":{"full":false,"thumbnail":false,"medium":false,"medium_large":false,"large":false,"1536x1536":false,"2048x2048":false,"trp-custom-language-flag":false,"gg_gallery_thumbnail":false,"woocommerce_thumbnail":false,"woocommerce_single":false,"woocommerce_gallery_thumbnail":false},"uagb_author_info":{"display_name":"Melvin R. Portillo A:","author_link":"https:\/\/www.omnesbands.international\/fr\/author\/portand\/"},"uagb_comment_info":0,"uagb_excerpt":"TEO APARICIO BARBER\u00c1N Nace en Enguera (Valencia) comenzando sus estudios en la banda de su pueblo de la mano de M.Vidal eligiendo como instrumento el Saxof\u00f3n. Estudia en los conservatorios de X\u00e1tiva, Carcaixent, y Superior de Valencia, consiguiendo dos menciones de Honor en el grado medio y superior en el Concurso para premio extraordinario. Han\u2026","_links":{"self":[{"href":"https:\/\/www.omnesbands.international\/fr\/wp-json\/wp\/v2\/pages\/1792","targetHints":{"allow":["GET"]}}],"collection":[{"href":"https:\/\/www.omnesbands.international\/fr\/wp-json\/wp\/v2\/pages"}],"about":[{"href":"https:\/\/www.omnesbands.international\/fr\/wp-json\/wp\/v2\/types\/page"}],"author":[{"embeddable":true,"href":"https:\/\/www.omnesbands.international\/fr\/wp-json\/wp\/v2\/users\/4"}],"replies":[{"embeddable":true,"href":"https:\/\/www.omnesbands.international\/fr\/wp-json\/wp\/v2\/comments?post=1792"}],"version-history":[{"count":1,"href":"https:\/\/www.omnesbands.international\/fr\/wp-json\/wp\/v2\/pages\/1792\/revisions"}],"predecessor-version":[{"id":1793,"href":"https:\/\/www.omnesbands.international\/fr\/wp-json\/wp\/v2\/pages\/1792\/revisions\/1793"}],"wp:attachment":[{"href":"https:\/\/www.omnesbands.international\/fr\/wp-json\/wp\/v2\/media?parent=1792"}],"curies":[{"name":"wp","href":"https:\/\/api.w.org\/{rel}","templated":true}]}}