{"id":654,"date":"2023-01-21T23:50:05","date_gmt":"2023-01-21T23:50:05","guid":{"rendered":"https:\/\/omnesbands.international\/?page_id=654"},"modified":"2023-11-02T00:01:54","modified_gmt":"2023-11-02T06:01:54","slug":"aviso-legal","status":"publish","type":"page","link":"https:\/\/www.omnesbands.international\/fr\/aviso-legal\/","title":{"rendered":"AVIS JURIDIQUE"},"content":{"rendered":"<h2 class=\"wp-block-heading\">1. MENTIONS L\u00c9GALES<\/h2>\n\n\n\n<p>Indra Consultores Internacionales, conform\u00e9ment aux dispositions de l&#039;article 10 de la loi 34\/2002 du 11 juillet sur les services de la soci\u00e9t\u00e9 de l&#039;information et du commerce \u00e9lectronique, vous informe qu&#039;il s&#039;agit d&#039;une soci\u00e9t\u00e9 enregistr\u00e9e au <strong>Registre du commerce de Tegucigalpa, Honduras Inscription 2522453<\/strong>, <strong>inscription 79049<\/strong> avec les donn\u00e9es suivantes :<\/p>\n\n\n\n<ul class=\"wp-block-list\">\n<li><strong>Raison sociale<\/strong>:<strong> Indra Consultants Internationaux<\/strong><\/li>\n\n\n\n<li><strong>RTN (CAF)<\/strong>:<strong> 08019011420348<\/strong><\/li>\n\n\n\n<li><strong>bureau d&#039;inscription<\/strong>:<strong> Tegucigalpa, Honduras<\/strong><\/li>\n\n\n\n<li><strong>Contact<\/strong>: <strong>info@omnesbands.international<\/strong><\/li>\n<\/ul>\n\n\n\n<p>La soci\u00e9t\u00e9 Indra Consultores Internacionales est propri\u00e9taire du domaine <strong>omnesbands.international<\/strong> et des pages Internet accessibles via ledit domaine et h\u00e9berg\u00e9es sur celui-ci.<\/p>\n\n\n\n<p>Ce site Web ne peut garantir sa disponibilit\u00e9 permanente, ni l&#039;absence de virus ou d&#039;autres \u00e9l\u00e9ments nuisibles qui pourraient endommager les syst\u00e8mes informatiques. De m\u00eame, il n&#039;est pas responsable des dommages et pertes directs ou indirects d\u00e9coulant de l&#039;utilisation ou de l&#039;acc\u00e8s audit site.<\/p>\n\n\n\n<h2 class=\"wp-block-heading\">2. PROPRI\u00c9T\u00c9 INTELLECTUELLE<\/h2>\n\n\n\n<p>Tout le contenu du site <strong>omnesbands.international<\/strong>, qu&#039;il s&#039;agisse de photographies, d&#039;images, de dessins, de textes, d&#039;audio, de vid\u00e9o, d&#039;animations, de logiciels, de codes sources, de logos et de conception, sont prot\u00e9g\u00e9s par la r\u00e9glementation de la propri\u00e9t\u00e9 intellectuelle et industrielle, en particulier par le RDL 1\/96 qui approuve le texte consolid\u00e9 de la propri\u00e9t\u00e9 intellectuelle Loi et par la Loi sur les Marques 17\/2001.<\/p>\n\n\n\n<p>Les droits sur le contenu appartiennent \u00e0&nbsp;<strong>Indra Consultants Internationaux<\/strong> ou, le cas \u00e9ch\u00e9ant, \u00e0 des tiers. En aucun cas l&#039;acc\u00e8s \u00e0 <strong>omnesbands.international<\/strong> implique la cession, la transmission ou tout autre type de renonciation, ni totale ni partielle, des droits de Propri\u00e9t\u00e9 Intellectuelle ou Industrielle.<\/p>\n\n\n\n<p>L&#039;utilisateur du site Web doit s&#039;abstenir de supprimer, modifier, \u00e9luder ou manipuler les dispositifs de protection ou les syst\u00e8mes de s\u00e9curit\u00e9 qui pourraient y \u00eatre install\u00e9s.<\/p>\n\n\n\n<p>La reproduction et\/ou la publication, en tout ou en partie, du site Web, ni son traitement informatique, ni sa distribution, diffusion, revente, transformation ou autre activit\u00e9 pouvant \u00eatre effectu\u00e9e avec le contenu de ses pages Web, sans m\u00eame citer le sources utilis\u00e9es sans l&#039;autorisation \u00e9crite pr\u00e9alable de por-alegria.com, engageant la responsabilit\u00e9 l\u00e9galement \u00e9tablie.<\/p>\n\n\n\n<p>L&#039;utilisateur, uniquement et exclusivement, peut utiliser le mat\u00e9riel qui appara\u00eet sur ce site pour son usage personnel et priv\u00e9, son utilisation \u00e0 des fins commerciales \u00e9tant interdite. Tous les droits d\u00e9riv\u00e9s de la propri\u00e9t\u00e9 intellectuelle sont express\u00e9ment r\u00e9serv\u00e9s par&nbsp;<strong>Indra Consultants Internationaux<\/strong> exercer toutes les actions civiles et p\u00e9nales qui lui correspondent en cas d&#039;atteinte ou de violation de ces droits par l&#039;utilisateur.<\/p>","protected":false},"excerpt":{"rendered":"<p>1. AVISO LEGAL Indra Consultores Internacionales en cumplimiento de lo dispuesto en el art\u00edculo 10 de la Ley 34\/2002, de 11 de julio, de Servicios de la Sociedad de la Informaci\u00f3n y Comercio Electr\u00f3nico, le informa que es una sociedad inscrita en el Registro Mercantil de Tegucigalpa, Honduras Matr\u00edcula 2522453, Inscripci\u00f3n 79049 con los siguientes [&hellip;]<\/p>\n","protected":false},"author":4,"featured_media":0,"parent":0,"menu_order":0,"comment_status":"closed","ping_status":"closed","template":"","meta":{"_acf_changed":false,"_uag_custom_page_level_css":"","site-sidebar-layout":"default","site-content-layout":"","ast-site-content-layout":"default","site-content-style":"default","site-sidebar-style":"default","ast-global-header-display":"","ast-banner-title-visibility":"","ast-main-header-display":"","ast-hfb-above-header-display":"","ast-hfb-below-header-display":"","ast-hfb-mobile-header-display":"","site-post-title":"disabled","ast-breadcrumbs-content":"","ast-featured-img":"","footer-sml-layout":"","ast-disable-related-posts":"","theme-transparent-header-meta":"","adv-header-id-meta":"","stick-header-meta":"","header-above-stick-meta":"","header-main-stick-meta":"","header-below-stick-meta":"","astra-migrate-meta-layouts":"set","ast-page-background-enabled":"default","ast-page-background-meta":{"desktop":{"background-color":"","background-image":"","background-repeat":"repeat","background-position":"center center","background-size":"auto","background-attachment":"scroll","background-type":"","background-media":"","overlay-type":"","overlay-color":"","overlay-opacity":"","overlay-gradient":""},"tablet":{"background-color":"","background-image":"","background-repeat":"repeat","background-position":"center center","background-size":"auto","background-attachment":"scroll","background-type":"","background-media":"","overlay-type":"","overlay-color":"","overlay-opacity":"","overlay-gradient":""},"mobile":{"background-color":"","background-image":"","background-repeat":"repeat","background-position":"center center","background-size":"auto","background-attachment":"scroll","background-type":"","background-media":"","overlay-type":"","overlay-color":"","overlay-opacity":"","overlay-gradient":""}},"ast-content-background-meta":{"desktop":{"background-color":"var(--ast-global-color-5)","background-image":"","background-repeat":"repeat","background-position":"center center","background-size":"auto","background-attachment":"scroll","background-type":"","background-media":"","overlay-type":"","overlay-color":"","overlay-opacity":"","overlay-gradient":""},"tablet":{"background-color":"var(--ast-global-color-5)","background-image":"","background-repeat":"repeat","background-position":"center center","background-size":"auto","background-attachment":"scroll","background-type":"","background-media":"","overlay-type":"","overlay-color":"","overlay-opacity":"","overlay-gradient":""},"mobile":{"background-color":"var(--ast-global-color-5)","background-image":"","background-repeat":"repeat","background-position":"center center","background-size":"auto","background-attachment":"scroll","background-type":"","background-media":"","overlay-type":"","overlay-color":"","overlay-opacity":"","overlay-gradient":""}},"footnotes":""},"class_list":["post-654","page","type-page","status-publish","hentry"],"acf":[],"yoast_head":"<!-- This site is optimized with the Yoast SEO Premium plugin v22.4 (Yoast SEO v27.4) - https:\/\/yoast.com\/product\/yoast-seo-premium-wordpress\/ -->\n<title>AVISO LEGAL -<\/title>\n<meta name=\"description\" content=\"Indra Consultores Internacionales, S.A. inscrita en registro mercantil de Honduras y representada por Melvin Portillo\" \/>\n<meta name=\"robots\" content=\"index, follow, max-snippet:-1, max-image-preview:large, max-video-preview:-1\" \/>\n<link rel=\"canonical\" href=\"https:\/\/www.omnesbands.international\/fr\/aviso-legal\/\" \/>\n<meta property=\"og:locale\" content=\"fr_FR\" \/>\n<meta property=\"og:type\" content=\"article\" \/>\n<meta property=\"og:title\" content=\"AVISO LEGAL\" \/>\n<meta property=\"og:description\" content=\"Indra Consultores Internacionales, S.A. inscrita en registro mercantil de Honduras y representada por Melvin Portillo\" \/>\n<meta property=\"og:url\" content=\"https:\/\/www.omnesbands.international\/fr\/aviso-legal\/\" \/>\n<meta property=\"article:modified_time\" content=\"2023-11-02T06:01:54+00:00\" \/>\n<meta property=\"og:image\" content=\"https:\/\/www.omnesbands.international\/wp-content\/uploads\/2023\/01\/music-sheet-music-snowdrop-7107045.jpg\" \/>\n\t<meta property=\"og:image:width\" content=\"1280\" \/>\n\t<meta property=\"og:image:height\" content=\"742\" \/>\n\t<meta property=\"og:image:type\" content=\"image\/jpeg\" \/>\n<meta name=\"twitter:card\" content=\"summary_large_image\" \/>\n<meta name=\"twitter:label1\" content=\"Dur\u00e9e de lecture estim\u00e9e\" \/>\n\t<meta name=\"twitter:data1\" content=\"2 minutes\" \/>\n<script type=\"application\/ld+json\" class=\"yoast-schema-graph\">{\"@context\":\"https:\\\/\\\/schema.org\",\"@graph\":[{\"@type\":\"WebPage\",\"@id\":\"https:\\\/\\\/www.omnesbands.international\\\/aviso-legal\\\/\",\"url\":\"https:\\\/\\\/www.omnesbands.international\\\/aviso-legal\\\/\",\"name\":\"AVISO LEGAL -\",\"isPartOf\":{\"@id\":\"https:\\\/\\\/www.omnesbands.international\\\/#website\"},\"datePublished\":\"2023-01-21T23:50:05+00:00\",\"dateModified\":\"2023-11-02T06:01:54+00:00\",\"description\":\"Indra Consultores Internacionales, S.A. inscrita en registro mercantil de Honduras y representada por Melvin Portillo\",\"breadcrumb\":{\"@id\":\"https:\\\/\\\/www.omnesbands.international\\\/aviso-legal\\\/#breadcrumb\"},\"inLanguage\":\"fr-FR\",\"potentialAction\":[{\"@type\":\"ReadAction\",\"target\":[\"https:\\\/\\\/www.omnesbands.international\\\/aviso-legal\\\/\"]}]},{\"@type\":\"BreadcrumbList\",\"@id\":\"https:\\\/\\\/www.omnesbands.international\\\/aviso-legal\\\/#breadcrumb\",\"itemListElement\":[{\"@type\":\"ListItem\",\"position\":1,\"name\":\"Portada\",\"item\":\"https:\\\/\\\/www.omnesbands.international\\\/\"},{\"@type\":\"ListItem\",\"position\":2,\"name\":\"AVISO LEGAL\"}]},{\"@type\":\"WebSite\",\"@id\":\"https:\\\/\\\/www.omnesbands.international\\\/#website\",\"url\":\"https:\\\/\\\/www.omnesbands.international\\\/\",\"name\":\"OMNESBANDS International\",\"description\":\"Partituras Originales de autores y compositores independientes\",\"publisher\":{\"@id\":\"https:\\\/\\\/www.omnesbands.international\\\/#organization\"},\"potentialAction\":[{\"@type\":\"SearchAction\",\"target\":{\"@type\":\"EntryPoint\",\"urlTemplate\":\"https:\\\/\\\/www.omnesbands.international\\\/?s={search_term_string}\"},\"query-input\":{\"@type\":\"PropertyValueSpecification\",\"valueRequired\":true,\"valueName\":\"search_term_string\"}}],\"inLanguage\":\"fr-FR\"},{\"@type\":\"Organization\",\"@id\":\"https:\\\/\\\/www.omnesbands.international\\\/#organization\",\"name\":\"Indra Consultores Internacionales\",\"alternateName\":\"Omnesbands\",\"url\":\"https:\\\/\\\/www.omnesbands.international\\\/\",\"logo\":{\"@type\":\"ImageObject\",\"inLanguage\":\"fr-FR\",\"@id\":\"https:\\\/\\\/www.omnesbands.international\\\/#\\\/schema\\\/logo\\\/image\\\/\",\"url\":\"https:\\\/\\\/omnesbands.international\\\/wp-content\\\/uploads\\\/2023\\\/06\\\/Logo-Nuevo-.png\",\"contentUrl\":\"https:\\\/\\\/omnesbands.international\\\/wp-content\\\/uploads\\\/2023\\\/06\\\/Logo-Nuevo-.png\",\"width\":394,\"height\":212,\"caption\":\"Indra Consultores Internacionales\"},\"image\":{\"@id\":\"https:\\\/\\\/www.omnesbands.international\\\/#\\\/schema\\\/logo\\\/image\\\/\"}}]}<\/script>\n<!-- \/ Yoast SEO Premium plugin. -->","yoast_head_json":{"title":"AVISO LEGAL -","description":"Indra Consultores Internacionales, S.A. inscrita en registro mercantil de Honduras y representada por Melvin Portillo","robots":{"index":"index","follow":"follow","max-snippet":"max-snippet:-1","max-image-preview":"max-image-preview:large","max-video-preview":"max-video-preview:-1"},"canonical":"https:\/\/www.omnesbands.international\/fr\/aviso-legal\/","og_locale":"fr_FR","og_type":"article","og_title":"AVISO LEGAL","og_description":"Indra Consultores Internacionales, S.A. inscrita en registro mercantil de Honduras y representada por Melvin Portillo","og_url":"https:\/\/www.omnesbands.international\/fr\/aviso-legal\/","article_modified_time":"2023-11-02T06:01:54+00:00","og_image":[{"width":1280,"height":742,"url":"https:\/\/www.omnesbands.international\/wp-content\/uploads\/2023\/01\/music-sheet-music-snowdrop-7107045.jpg","type":"image\/jpeg"}],"twitter_card":"summary_large_image","twitter_misc":{"Dur\u00e9e de lecture estim\u00e9e":"2 minutes"},"schema":{"@context":"https:\/\/schema.org","@graph":[{"@type":"WebPage","@id":"https:\/\/www.omnesbands.international\/aviso-legal\/","url":"https:\/\/www.omnesbands.international\/aviso-legal\/","name":"AVISO LEGAL -","isPartOf":{"@id":"https:\/\/www.omnesbands.international\/#website"},"datePublished":"2023-01-21T23:50:05+00:00","dateModified":"2023-11-02T06:01:54+00:00","description":"Indra Consultores Internacionales, S.A. inscrita en registro mercantil de Honduras y representada por Melvin Portillo","breadcrumb":{"@id":"https:\/\/www.omnesbands.international\/aviso-legal\/#breadcrumb"},"inLanguage":"fr-FR","potentialAction":[{"@type":"ReadAction","target":["https:\/\/www.omnesbands.international\/aviso-legal\/"]}]},{"@type":"BreadcrumbList","@id":"https:\/\/www.omnesbands.international\/aviso-legal\/#breadcrumb","itemListElement":[{"@type":"ListItem","position":1,"name":"Portada","item":"https:\/\/www.omnesbands.international\/"},{"@type":"ListItem","position":2,"name":"AVISO LEGAL"}]},{"@type":"WebSite","@id":"https:\/\/www.omnesbands.international\/#website","url":"https:\/\/www.omnesbands.international\/","name":"OMNESBANDS International","description":"Partitions originales d&#039;auteurs et compositeurs ind\u00e9pendants","publisher":{"@id":"https:\/\/www.omnesbands.international\/#organization"},"potentialAction":[{"@type":"SearchAction","target":{"@type":"EntryPoint","urlTemplate":"https:\/\/www.omnesbands.international\/?s={search_term_string}"},"query-input":{"@type":"PropertyValueSpecification","valueRequired":true,"valueName":"search_term_string"}}],"inLanguage":"fr-FR"},{"@type":"Organization","@id":"https:\/\/www.omnesbands.international\/#organization","name":"Indra Consultants Internationaux","alternateName":"Omnesbands","url":"https:\/\/www.omnesbands.international\/","logo":{"@type":"ImageObject","inLanguage":"fr-FR","@id":"https:\/\/www.omnesbands.international\/#\/schema\/logo\/image\/","url":"https:\/\/omnesbands.international\/wp-content\/uploads\/2023\/06\/Logo-Nuevo-.png","contentUrl":"https:\/\/omnesbands.international\/wp-content\/uploads\/2023\/06\/Logo-Nuevo-.png","width":394,"height":212,"caption":"Indra Consultores Internacionales"},"image":{"@id":"https:\/\/www.omnesbands.international\/#\/schema\/logo\/image\/"}}]}},"uagb_featured_image_src":{"full":false,"thumbnail":false,"medium":false,"medium_large":false,"large":false,"1536x1536":false,"2048x2048":false,"trp-custom-language-flag":false,"gg_gallery_thumbnail":false,"woocommerce_thumbnail":false,"woocommerce_single":false,"woocommerce_gallery_thumbnail":false},"uagb_author_info":{"display_name":"Melvin R. Portillo A:","author_link":"https:\/\/www.omnesbands.international\/fr\/author\/portand\/"},"uagb_comment_info":0,"uagb_excerpt":"1. AVISO LEGAL Indra Consultores Internacionales en cumplimiento de lo dispuesto en el art\u00edculo 10 de la Ley 34\/2002, de 11 de julio, de Servicios de la Sociedad de la Informaci\u00f3n y Comercio Electr\u00f3nico, le informa que es una sociedad inscrita en el Registro Mercantil de Tegucigalpa, Honduras Matr\u00edcula 2522453, Inscripci\u00f3n 79049 con los siguientes\u2026","_links":{"self":[{"href":"https:\/\/www.omnesbands.international\/fr\/wp-json\/wp\/v2\/pages\/654","targetHints":{"allow":["GET"]}}],"collection":[{"href":"https:\/\/www.omnesbands.international\/fr\/wp-json\/wp\/v2\/pages"}],"about":[{"href":"https:\/\/www.omnesbands.international\/fr\/wp-json\/wp\/v2\/types\/page"}],"author":[{"embeddable":true,"href":"https:\/\/www.omnesbands.international\/fr\/wp-json\/wp\/v2\/users\/4"}],"replies":[{"embeddable":true,"href":"https:\/\/www.omnesbands.international\/fr\/wp-json\/wp\/v2\/comments?post=654"}],"version-history":[{"count":3,"href":"https:\/\/www.omnesbands.international\/fr\/wp-json\/wp\/v2\/pages\/654\/revisions"}],"predecessor-version":[{"id":2405,"href":"https:\/\/www.omnesbands.international\/fr\/wp-json\/wp\/v2\/pages\/654\/revisions\/2405"}],"wp:attachment":[{"href":"https:\/\/www.omnesbands.international\/fr\/wp-json\/wp\/v2\/media?parent=654"}],"curies":[{"name":"wp","href":"https:\/\/api.w.org\/{rel}","templated":true}]}}