{"id":1017,"date":"2023-01-24T12:39:45","date_gmt":"2023-01-24T18:39:45","guid":{"rendered":"https:\/\/omnesbands.international\/?post_type=product&#038;p=1017"},"modified":"2024-10-27T17:54:33","modified_gmt":"2024-10-27T23:54:33","slug":"1755-tema-y-variaciones-para-trompeta-y-piano","status":"publish","type":"product","link":"https:\/\/www.omnesbands.international\/fr\/produit\/1755-tema-y-variaciones-para-trompeta-y-piano\/","title":{"rendered":"\u00ab\u00a01755\u00a0\u00bb Th\u00e8me et variations pour trompette et piano"},"content":{"rendered":"<p>Commande de \u00ab Alb\u00e9niz Brass School \u00bb pour le I CONCOURS INTERNATIONAL DE TROMPETTE \u00ab BENJAM\u00cdN MORENO \u00bb Isla Cristina, septembre 2015.<\/p>\n<p>Notes du programme :<\/p>\n<p>* Le tremblement de terre, le tsunami et la d\u00e9solation.<\/p>\n<p>Le 1er novembre 1755, l&#039;un des plus grands tremblements de terre de l&#039;histoire moderne d\u00e9truisit presque enti\u00e8rement la ville de Lisbonne et tua plus de 60 000 personnes. Le tremblement de terre et le tsunami qui a suivi ont provoqu\u00e9 des d\u00e9g\u00e2ts sur les c\u00f4tes de Cadix et de Huelva. \u00c0 la suite du mouvement des plaques tectoniques, une \u00eele a \u00e9merg\u00e9, que nous connaissons aujourd&#039;hui sous le nom d&#039;Isla Cristina.<\/p>\n<p>* \u00ab La higuerita \u00bb, village de p\u00eacheurs.<\/p>\n<p>L&#039;activit\u00e9 principale d&#039;Isla Cristina est la p\u00eache, favoris\u00e9e par son important port. Son march\u00e9 est le premier pour les cri\u00e9es de poisson frais d&#039;Andalousie et le deuxi\u00e8me en termes de tonnage, d\u00e9pass\u00e9 seulement par Cadix.<\/p>\n<p>* Carnaval.<\/p>\n<p>Le carnaval d&#039;Isla Cristina, dans la province de Huelva, est l&#039;un des plus anciens et des plus c\u00e9l\u00e8bres d&#039;Espagne et est d\u00e9clar\u00e9 \u00ab F\u00eate d&#039;int\u00e9r\u00eat touristique d&#039;Andalousie \u00bb. Le go\u00fbt des insulaires pour cette f\u00eate est tel qu&#039;elle a \u00e9t\u00e9 c\u00e9l\u00e9br\u00e9e m\u00eame pendant les ann\u00e9es de r\u00e9pression de la dictature.<\/p>\n<p>* Vers le cr\u00e9puscule et le coucher du soleil.<\/p>\n<p>\u00c0 propos d&#039;un po\u00e8me de Pablo Neruda inspir\u00e9 du coucher de soleil sur Isla Cristina.<\/p>\n<p>&quot;Nous avons m\u00eame perdu ce cr\u00e9puscule.<br \/>\nPersonne ne nous a vu cet apr\u00e8s midi les mains jointes<br \/>\ntandis que la nuit bleue tombait sur le monde.<br \/>\nJ&#039;ai vu de ma fen\u00eatre<br \/>\nla f\u00eate de l&#039;Occident dans les collines lointaines.<br \/>\nparfois comme une pi\u00e8ce de monnaie<br \/>\nun morceau de soleil s&#039;est allum\u00e9 entre mes mains.<br \/>\nJe me souviens de toi avec une \u00e2me tendue<br \/>\nde cette tristesse que tu me connais.<br \/>\nAlors, o\u00f9 \u00e9tais-tu ?<br \/>\nParmi quelles personnes ?<br \/>\nDire quels mots ?<br \/>\nPourquoi tout mon amour viendra-t-il en m\u00eame temps ?<br \/>\nQuand je me sens triste et que je me sens loin de toi ?<br \/>\nLe livre qu&#039;on prend toujours au cr\u00e9puscule est tomb\u00e9,<br \/>\net comme un chien bless\u00e9 mon manteau roulait \u00e0 mes pieds.<br \/>\nTu t&#039;\u00e9loignes toujours, toujours l&#039;apr\u00e8s-midi<br \/>\n&quot;l\u00e0 o\u00f9 le cr\u00e9puscule court, effa\u00e7ant les statues.&quot;<\/p>","protected":false},"excerpt":{"rendered":"<p>Commande de \u00ab Alb\u00e9niz Brass School \u00bb pour le I CONCOURS INTERNATIONAL DE TROMPETTE \u00ab BENJAM\u00cdN MORENO \u00bb Isla Cristina, septembre 2015.<\/p>\n<p>Dans cette \u0153uvre descriptive pour trompette et piano, le compositeur tente de raconter l&#039;histoire et les coutumes d&#039;Isla Cristina (Huelva), qui ont surgi \u00e0 la suite d&#039;un tremblement de terre et du tsunami qui a suivi en 1755, l&#039;un des plus grands tremblements de terre de l&#039;histoire moderne. qui a presque compl\u00e8tement d\u00e9truit la ville de Lisbonne et tu\u00e9 plus de 60 000 personnes.<\/p>","protected":false},"featured_media":1018,"comment_status":"open","ping_status":"closed","template":"","meta":{"_acf_changed":false,"_uag_custom_page_level_css":"","site-sidebar-layout":"default","site-content-layout":"default","ast-site-content-layout":"default","site-content-style":"default","site-sidebar-style":"default","ast-global-header-display":"","ast-banner-title-visibility":"","ast-main-header-display":"","ast-hfb-above-header-display":"","ast-hfb-below-header-display":"","ast-hfb-mobile-header-display":"","site-post-title":"","ast-breadcrumbs-content":"","ast-featured-img":"","footer-sml-layout":"","ast-disable-related-posts":"","theme-transparent-header-meta":"default","adv-header-id-meta":"","stick-header-meta":"default","header-above-stick-meta":"","header-main-stick-meta":"","header-below-stick-meta":"","astra-migrate-meta-layouts":"set","ast-page-background-enabled":"default","ast-page-background-meta":{"desktop":{"background-color":"","background-image":"","background-repeat":"repeat","background-position":"center center","background-size":"auto","background-attachment":"scroll","background-type":"","background-media":"","overlay-type":"","overlay-color":"","overlay-opacity":"","overlay-gradient":""},"tablet":{"background-color":"","background-image":"","background-repeat":"repeat","background-position":"center center","background-size":"auto","background-attachment":"scroll","background-type":"","background-media":"","overlay-type":"","overlay-color":"","overlay-opacity":"","overlay-gradient":""},"mobile":{"background-color":"","background-image":"","background-repeat":"repeat","background-position":"center center","background-size":"auto","background-attachment":"scroll","background-type":"","background-media":"","overlay-type":"","overlay-color":"","overlay-opacity":"","overlay-gradient":""}},"ast-content-background-meta":{"desktop":{"background-color":"var(--ast-global-color-5)","background-image":"","background-repeat":"repeat","background-position":"center center","background-size":"auto","background-attachment":"scroll","background-type":"","background-media":"","overlay-type":"","overlay-color":"","overlay-opacity":"","overlay-gradient":""},"tablet":{"background-color":"var(--ast-global-color-5)","background-image":"","background-repeat":"repeat","background-position":"center center","background-size":"auto","background-attachment":"scroll","background-type":"","background-media":"","overlay-type":"","overlay-color":"","overlay-opacity":"","overlay-gradient":""},"mobile":{"background-color":"var(--ast-global-color-5)","background-image":"","background-repeat":"repeat","background-position":"center center","background-size":"auto","background-attachment":"scroll","background-type":"","background-media":"","overlay-type":"","overlay-color":"","overlay-opacity":"","overlay-gradient":""}}},"product_brand":[],"product_cat":[25],"product_tag":[36,37],"class_list":{"0":"post-1017","1":"product","2":"type-product","3":"status-publish","4":"has-post-thumbnail","6":"product_cat-educativas","7":"product_tag-jose-luis-lopez","8":"product_tag-mingo-ballesteros","9":"desktop-align-left","10":"tablet-align-left","11":"mobile-align-left","12":"ast-product-gallery-layout-horizontal-slider","13":"ast-product-gallery-with-no-image","15":"first","16":"instock","17":"downloadable","18":"virtual","19":"taxable","20":"purchasable","21":"product-type-simple"},"acf":[],"yoast_head":"<!-- This site is optimized with the Yoast SEO Premium plugin v22.4 (Yoast SEO v27.4) - https:\/\/yoast.com\/product\/yoast-seo-premium-wordpress\/ -->\n<title>\u201c1755\u201d Tema y Variaciones para Trompeta y Piano -<\/title>\n<meta name=\"description\" content=\"Partituras de m\u00fasica Educativa para Orquestas y bandas. M\u00fasica escrita.\" \/>\n<meta name=\"robots\" content=\"index, follow, max-snippet:-1, max-image-preview:large, max-video-preview:-1\" \/>\n<link rel=\"canonical\" href=\"https:\/\/www.omnesbands.international\/fr\/produit\/1755-tema-y-variaciones-para-trompeta-y-piano\/\" \/>\n<meta property=\"og:locale\" content=\"fr_FR\" \/>\n<meta property=\"og:type\" content=\"article\" \/>\n<meta property=\"og:title\" content=\"\u201c1755\u201d Tema y Variaciones para Trompeta y Piano\" \/>\n<meta property=\"og:description\" content=\"Partituras de m\u00fasica Educativa para Orquestas y bandas. M\u00fasica escrita.\" \/>\n<meta property=\"og:url\" content=\"https:\/\/www.omnesbands.international\/fr\/produit\/1755-tema-y-variaciones-para-trompeta-y-piano\/\" \/>\n<meta property=\"article:modified_time\" content=\"2024-10-27T23:54:33+00:00\" \/>\n<meta property=\"og:image\" content=\"https:\/\/www.omnesbands.international\/wp-content\/uploads\/2023\/01\/1755-Variaciones-para-Trompeta.webp\" \/>\n\t<meta property=\"og:image:width\" content=\"891\" \/>\n\t<meta property=\"og:image:height\" content=\"1032\" \/>\n\t<meta property=\"og:image:type\" content=\"image\/webp\" \/>\n<meta name=\"twitter:card\" content=\"summary_large_image\" \/>\n<meta name=\"twitter:label1\" content=\"Prix\" \/>\n\t<meta name=\"twitter:data1\" content=\"&#036;30.00\" \/>\n\t<meta name=\"twitter:label2\" content=\"Disponibilit\u00e9\" \/>\n\t<meta name=\"twitter:data2\" content=\"En stock\" \/>\n<script type=\"application\/ld+json\" class=\"yoast-schema-graph\">{\"@context\":\"https:\\\/\\\/schema.org\",\"@graph\":[{\"@type\":\"WebPage\",\"@id\":\"https:\\\/\\\/www.omnesbands.international\\\/producto\\\/1755-tema-y-variaciones-para-trompeta-y-piano\\\/\",\"url\":\"https:\\\/\\\/www.omnesbands.international\\\/producto\\\/1755-tema-y-variaciones-para-trompeta-y-piano\\\/\",\"name\":\"\u201c1755\u201d Tema y Variaciones para Trompeta y Piano -\",\"isPartOf\":{\"@id\":\"https:\\\/\\\/www.omnesbands.international\\\/#website\"},\"primaryImageOfPage\":{\"@id\":\"https:\\\/\\\/www.omnesbands.international\\\/producto\\\/1755-tema-y-variaciones-para-trompeta-y-piano\\\/#primaryimage\"},\"image\":{\"@id\":\"https:\\\/\\\/www.omnesbands.international\\\/producto\\\/1755-tema-y-variaciones-para-trompeta-y-piano\\\/#primaryimage\"},\"thumbnailUrl\":\"https:\\\/\\\/www.omnesbands.international\\\/wp-content\\\/uploads\\\/2023\\\/01\\\/1755-Variaciones-para-Trompeta.webp\",\"datePublished\":\"2023-01-24T18:39:45+00:00\",\"dateModified\":\"2024-10-27T23:54:33+00:00\",\"description\":\"Partituras de m\u00fasica Educativa para Orquestas y bandas. M\u00fasica escrita.\",\"breadcrumb\":{\"@id\":\"https:\\\/\\\/www.omnesbands.international\\\/producto\\\/1755-tema-y-variaciones-para-trompeta-y-piano\\\/#breadcrumb\"},\"inLanguage\":\"fr-FR\",\"potentialAction\":[{\"@type\":\"ReadAction\",\"target\":[\"https:\\\/\\\/www.omnesbands.international\\\/producto\\\/1755-tema-y-variaciones-para-trompeta-y-piano\\\/\"]}]},{\"@type\":\"ImageObject\",\"inLanguage\":\"fr-FR\",\"@id\":\"https:\\\/\\\/www.omnesbands.international\\\/producto\\\/1755-tema-y-variaciones-para-trompeta-y-piano\\\/#primaryimage\",\"url\":\"https:\\\/\\\/www.omnesbands.international\\\/wp-content\\\/uploads\\\/2023\\\/01\\\/1755-Variaciones-para-Trompeta.webp\",\"contentUrl\":\"https:\\\/\\\/www.omnesbands.international\\\/wp-content\\\/uploads\\\/2023\\\/01\\\/1755-Variaciones-para-Trompeta.webp\",\"width\":891,\"height\":1032,\"caption\":\"1755 Variaciones para Trompeta\"},{\"@type\":\"BreadcrumbList\",\"@id\":\"https:\\\/\\\/www.omnesbands.international\\\/producto\\\/1755-tema-y-variaciones-para-trompeta-y-piano\\\/#breadcrumb\",\"itemListElement\":[{\"@type\":\"ListItem\",\"position\":1,\"name\":\"Portada\",\"item\":\"https:\\\/\\\/www.omnesbands.international\\\/\"},{\"@type\":\"ListItem\",\"position\":2,\"name\":\"Tienda\",\"item\":\"https:\\\/\\\/www.omnesbands.international\\\/en\\\/shop\\\/\"},{\"@type\":\"ListItem\",\"position\":3,\"name\":\"\u201c1755\u201d Tema y Variaciones para Trompeta y Piano\"}]},{\"@type\":\"WebSite\",\"@id\":\"https:\\\/\\\/www.omnesbands.international\\\/#website\",\"url\":\"https:\\\/\\\/www.omnesbands.international\\\/\",\"name\":\"OMNESBANDS International\",\"description\":\"Partituras Originales de autores y compositores independientes\",\"publisher\":{\"@id\":\"https:\\\/\\\/www.omnesbands.international\\\/#organization\"},\"potentialAction\":[{\"@type\":\"SearchAction\",\"target\":{\"@type\":\"EntryPoint\",\"urlTemplate\":\"https:\\\/\\\/www.omnesbands.international\\\/?s={search_term_string}\"},\"query-input\":{\"@type\":\"PropertyValueSpecification\",\"valueRequired\":true,\"valueName\":\"search_term_string\"}}],\"inLanguage\":\"fr-FR\"},{\"@type\":\"Organization\",\"@id\":\"https:\\\/\\\/www.omnesbands.international\\\/#organization\",\"name\":\"Indra Consultores Internacionales\",\"alternateName\":\"Omnesbands\",\"url\":\"https:\\\/\\\/www.omnesbands.international\\\/\",\"logo\":{\"@type\":\"ImageObject\",\"inLanguage\":\"fr-FR\",\"@id\":\"https:\\\/\\\/www.omnesbands.international\\\/#\\\/schema\\\/logo\\\/image\\\/\",\"url\":\"https:\\\/\\\/omnesbands.international\\\/wp-content\\\/uploads\\\/2023\\\/06\\\/Logo-Nuevo-.png\",\"contentUrl\":\"https:\\\/\\\/omnesbands.international\\\/wp-content\\\/uploads\\\/2023\\\/06\\\/Logo-Nuevo-.png\",\"width\":394,\"height\":212,\"caption\":\"Indra Consultores Internacionales\"},\"image\":{\"@id\":\"https:\\\/\\\/www.omnesbands.international\\\/#\\\/schema\\\/logo\\\/image\\\/\"}}]}<\/script>\n<meta property=\"product:price:amount\" content=\"30.00\" \/>\n<meta property=\"product:price:currency\" content=\"USD\" \/>\n<meta property=\"og:availability\" content=\"instock\" \/>\n<meta property=\"product:availability\" content=\"instock\" \/>\n<meta property=\"product:retailer_item_id\" content=\"175-EDU-ESP-22\" \/>\n<meta property=\"product:condition\" content=\"new\" \/>\n<!-- \/ Yoast SEO Premium plugin. -->","yoast_head_json":{"title":"\u201c1755\u201d Tema y Variaciones para Trompeta y Piano -","description":"Partituras de m\u00fasica Educativa para Orquestas y bandas. M\u00fasica escrita.","robots":{"index":"index","follow":"follow","max-snippet":"max-snippet:-1","max-image-preview":"max-image-preview:large","max-video-preview":"max-video-preview:-1"},"canonical":"https:\/\/www.omnesbands.international\/fr\/produit\/1755-tema-y-variaciones-para-trompeta-y-piano\/","og_locale":"fr_FR","og_type":"article","og_title":"\u201c1755\u201d Tema y Variaciones para Trompeta y Piano","og_description":"Partituras de m\u00fasica Educativa para Orquestas y bandas. M\u00fasica escrita.","og_url":"https:\/\/www.omnesbands.international\/fr\/produit\/1755-tema-y-variaciones-para-trompeta-y-piano\/","article_modified_time":"2024-10-27T23:54:33+00:00","og_image":[{"width":891,"height":1032,"url":"https:\/\/www.omnesbands.international\/wp-content\/uploads\/2023\/01\/1755-Variaciones-para-Trompeta.webp","type":"image\/webp"}],"twitter_card":"summary_large_image","twitter_misc":{"Prix":"&#36;30.00","Disponibilit\u00e9":"En stock"},"schema":{"@context":"https:\/\/schema.org","@graph":[{"@type":"WebPage","@id":"https:\/\/www.omnesbands.international\/producto\/1755-tema-y-variaciones-para-trompeta-y-piano\/","url":"https:\/\/www.omnesbands.international\/producto\/1755-tema-y-variaciones-para-trompeta-y-piano\/","name":"\u201c1755\u201d Tema y Variaciones para Trompeta y Piano -","isPartOf":{"@id":"https:\/\/www.omnesbands.international\/#website"},"primaryImageOfPage":{"@id":"https:\/\/www.omnesbands.international\/producto\/1755-tema-y-variaciones-para-trompeta-y-piano\/#primaryimage"},"image":{"@id":"https:\/\/www.omnesbands.international\/producto\/1755-tema-y-variaciones-para-trompeta-y-piano\/#primaryimage"},"thumbnailUrl":"https:\/\/www.omnesbands.international\/wp-content\/uploads\/2023\/01\/1755-Variaciones-para-Trompeta.webp","datePublished":"2023-01-24T18:39:45+00:00","dateModified":"2024-10-27T23:54:33+00:00","description":"Partituras de m\u00fasica Educativa para Orquestas y bandas. M\u00fasica escrita.","breadcrumb":{"@id":"https:\/\/www.omnesbands.international\/producto\/1755-tema-y-variaciones-para-trompeta-y-piano\/#breadcrumb"},"inLanguage":"fr-FR","potentialAction":[{"@type":"ReadAction","target":["https:\/\/www.omnesbands.international\/producto\/1755-tema-y-variaciones-para-trompeta-y-piano\/"]}]},{"@type":"ImageObject","inLanguage":"fr-FR","@id":"https:\/\/www.omnesbands.international\/producto\/1755-tema-y-variaciones-para-trompeta-y-piano\/#primaryimage","url":"https:\/\/www.omnesbands.international\/wp-content\/uploads\/2023\/01\/1755-Variaciones-para-Trompeta.webp","contentUrl":"https:\/\/www.omnesbands.international\/wp-content\/uploads\/2023\/01\/1755-Variaciones-para-Trompeta.webp","width":891,"height":1032,"caption":"1755 Variaciones para Trompeta"},{"@type":"BreadcrumbList","@id":"https:\/\/www.omnesbands.international\/producto\/1755-tema-y-variaciones-para-trompeta-y-piano\/#breadcrumb","itemListElement":[{"@type":"ListItem","position":1,"name":"Portada","item":"https:\/\/www.omnesbands.international\/"},{"@type":"ListItem","position":2,"name":"Tienda","item":"https:\/\/www.omnesbands.international\/en\/shop\/"},{"@type":"ListItem","position":3,"name":"\u201c1755\u201d Tema y Variaciones para Trompeta y Piano"}]},{"@type":"WebSite","@id":"https:\/\/www.omnesbands.international\/#website","url":"https:\/\/www.omnesbands.international\/","name":"OMNESBANDS International","description":"Partitions originales d&#039;auteurs et compositeurs ind\u00e9pendants","publisher":{"@id":"https:\/\/www.omnesbands.international\/#organization"},"potentialAction":[{"@type":"SearchAction","target":{"@type":"EntryPoint","urlTemplate":"https:\/\/www.omnesbands.international\/?s={search_term_string}"},"query-input":{"@type":"PropertyValueSpecification","valueRequired":true,"valueName":"search_term_string"}}],"inLanguage":"fr-FR"},{"@type":"Organization","@id":"https:\/\/www.omnesbands.international\/#organization","name":"Indra Consultants Internationaux","alternateName":"Omnesbands","url":"https:\/\/www.omnesbands.international\/","logo":{"@type":"ImageObject","inLanguage":"fr-FR","@id":"https:\/\/www.omnesbands.international\/#\/schema\/logo\/image\/","url":"https:\/\/omnesbands.international\/wp-content\/uploads\/2023\/06\/Logo-Nuevo-.png","contentUrl":"https:\/\/omnesbands.international\/wp-content\/uploads\/2023\/06\/Logo-Nuevo-.png","width":394,"height":212,"caption":"Indra Consultores Internacionales"},"image":{"@id":"https:\/\/www.omnesbands.international\/#\/schema\/logo\/image\/"}}]},"product_price_amount":"30.00","product_price_currency":"USD","og_availability":"instock","product_availability":"instock","product_retailer_item_id":"175-EDU-ESP-22","product_condition":"new"},"uagb_featured_image_src":{"full":["https:\/\/www.omnesbands.international\/wp-content\/uploads\/2023\/01\/1755-Variaciones-para-Trompeta.webp",891,1032,false],"thumbnail":["https:\/\/www.omnesbands.international\/wp-content\/uploads\/2023\/01\/1755-Variaciones-para-Trompeta-150x150.webp",150,150,true],"medium":["https:\/\/www.omnesbands.international\/wp-content\/uploads\/2023\/01\/1755-Variaciones-para-Trompeta-259x300.webp",259,300,true],"medium_large":["https:\/\/www.omnesbands.international\/wp-content\/uploads\/2023\/01\/1755-Variaciones-para-Trompeta-768x890.webp",768,890,true],"large":["https:\/\/www.omnesbands.international\/wp-content\/uploads\/2023\/01\/1755-Variaciones-para-Trompeta-884x1024.webp",884,1024,true],"1536x1536":["https:\/\/www.omnesbands.international\/wp-content\/uploads\/2023\/01\/1755-Variaciones-para-Trompeta.webp",891,1032,false],"2048x2048":["https:\/\/www.omnesbands.international\/wp-content\/uploads\/2023\/01\/1755-Variaciones-para-Trompeta.webp",891,1032,false],"trp-custom-language-flag":["https:\/\/www.omnesbands.international\/wp-content\/uploads\/2023\/01\/1755-Variaciones-para-Trompeta.webp",10,12,false],"gg_gallery_thumbnail":["https:\/\/www.omnesbands.international\/wp-content\/uploads\/2023\/01\/1755-Variaciones-para-Trompeta.webp",216,250,false],"woocommerce_thumbnail":["https:\/\/www.omnesbands.international\/wp-content\/uploads\/2023\/01\/1755-Variaciones-para-Trompeta-300x300.webp",300,300,true],"woocommerce_single":["https:\/\/www.omnesbands.international\/wp-content\/uploads\/2023\/01\/1755-Variaciones-para-Trompeta-600x695.webp",600,695,true],"woocommerce_gallery_thumbnail":["https:\/\/www.omnesbands.international\/wp-content\/uploads\/2023\/01\/1755-Variaciones-para-Trompeta-100x100.webp",100,100,true]},"uagb_author_info":{"display_name":"Melvin R. Portillo A:","author_link":"https:\/\/www.omnesbands.international\/fr\/author\/"},"uagb_comment_info":0,"uagb_excerpt":"Encargo de \u201cAlb\u00e9niz Brass School\u201d para el I CONCURSO INTERNACIONAL DE TROMPETA \u201cBENJAM\u00cdN MORENO\u201d Isla Cristina, septiembre de 2015. En esta obra descriptiva para Trompeta y Piano, el compositor trata de narrar la historia y costumbres de la Isla Cristina (Huelva), la cual surgi\u00f3 a ra\u00edz de un terremoto y posterior tsunami acontecido en 1755,\u2026","_links":{"self":[{"href":"https:\/\/www.omnesbands.international\/fr\/wp-json\/wp\/v2\/product\/1017","targetHints":{"allow":["GET"]}}],"collection":[{"href":"https:\/\/www.omnesbands.international\/fr\/wp-json\/wp\/v2\/product"}],"about":[{"href":"https:\/\/www.omnesbands.international\/fr\/wp-json\/wp\/v2\/types\/product"}],"replies":[{"embeddable":true,"href":"https:\/\/www.omnesbands.international\/fr\/wp-json\/wp\/v2\/comments?post=1017"}],"wp:featuredmedia":[{"embeddable":true,"href":"https:\/\/www.omnesbands.international\/fr\/wp-json\/wp\/v2\/media\/1018"}],"wp:attachment":[{"href":"https:\/\/www.omnesbands.international\/fr\/wp-json\/wp\/v2\/media?parent=1017"}],"wp:term":[{"taxonomy":"product_brand","embeddable":true,"href":"https:\/\/www.omnesbands.international\/fr\/wp-json\/wp\/v2\/product_brand?post=1017"},{"taxonomy":"product_cat","embeddable":true,"href":"https:\/\/www.omnesbands.international\/fr\/wp-json\/wp\/v2\/product_cat?post=1017"},{"taxonomy":"product_tag","embeddable":true,"href":"https:\/\/www.omnesbands.international\/fr\/wp-json\/wp\/v2\/product_tag?post=1017"}],"curies":[{"name":"wp","href":"https:\/\/api.w.org\/{rel}","templated":true}]}}