{"id":1077,"date":"2023-01-24T19:32:37","date_gmt":"2023-01-25T01:32:37","guid":{"rendered":"https:\/\/omnesbands.international\/?post_type=product&#038;p=1077"},"modified":"2023-12-02T06:42:54","modified_gmt":"2023-12-02T12:42:54","slug":"cid","status":"publish","type":"product","link":"https:\/\/www.omnesbands.international\/fr\/produit\/cid\/","title":{"rendered":"cid"},"content":{"rendered":"<table width=\"332\">\n<tbody>\n<tr>\n<td width=\"332\">Premier prix du Ier Concours de Musique Festive \u00ab Villa de Benidorm \u00bb, organis\u00e9 en 1995. Le nom fait clairement r\u00e9f\u00e9rence au c\u00e9l\u00e8bre personnage historique Rodrigo D\u00edaz de Vivar, mieux connu sous le nom de \u00ab El Cid Campeador \u00bb.<\/td>\n<\/tr>\n<\/tbody>\n<\/table>","protected":false},"excerpt":{"rendered":"[audio mp3=\"https:\/\/omnesbands.international\/wp-content\/uploads\/2023\/01\/frances-sanjuan-cid-mc.-el-trabajo-de-xixona-jose-rafael-pascual.mp3\"][\/audio]\n<table width=\"332\">\n<tbody>\n<tr>\n<td width=\"332\">Primer premio en el 1\u00ba Concurso de M\u00fasica Festera \u201cVilla de Benidorm\u201d, celebrado en 1995. El nombre es una clara referencia al reconocido personaje hist\u00f3rico Rodrigo D\u00edaz de Vivar, m\u00e1s conocido como \u201cEl Cid Campeador\u201d.<\/td>\n<\/tr>\n<\/tbody>\n<\/table>\n","protected":false},"featured_media":1078,"comment_status":"open","ping_status":"closed","template":"","meta":{"_acf_changed":false,"_uag_custom_page_level_css":"","site-sidebar-layout":"default","site-content-layout":"default","ast-site-content-layout":"default","site-content-style":"default","site-sidebar-style":"default","ast-global-header-display":"","ast-banner-title-visibility":"","ast-main-header-display":"","ast-hfb-above-header-display":"","ast-hfb-below-header-display":"","ast-hfb-mobile-header-display":"","site-post-title":"","ast-breadcrumbs-content":"","ast-featured-img":"","footer-sml-layout":"","ast-disable-related-posts":"","theme-transparent-header-meta":"default","adv-header-id-meta":"","stick-header-meta":"default","header-above-stick-meta":"","header-main-stick-meta":"","header-below-stick-meta":"","astra-migrate-meta-layouts":"set","ast-page-background-enabled":"default","ast-page-background-meta":{"desktop":{"background-color":"","background-image":"","background-repeat":"repeat","background-position":"center center","background-size":"auto","background-attachment":"scroll","background-type":"","background-media":"","overlay-type":"","overlay-color":"","overlay-opacity":"","overlay-gradient":""},"tablet":{"background-color":"","background-image":"","background-repeat":"repeat","background-position":"center center","background-size":"auto","background-attachment":"scroll","background-type":"","background-media":"","overlay-type":"","overlay-color":"","overlay-opacity":"","overlay-gradient":""},"mobile":{"background-color":"","background-image":"","background-repeat":"repeat","background-position":"center center","background-size":"auto","background-attachment":"scroll","background-type":"","background-media":"","overlay-type":"","overlay-color":"","overlay-opacity":"","overlay-gradient":""}},"ast-content-background-meta":{"desktop":{"background-color":"var(--ast-global-color-5)","background-image":"","background-repeat":"repeat","background-position":"center center","background-size":"auto","background-attachment":"scroll","background-type":"","background-media":"","overlay-type":"","overlay-color":"","overlay-opacity":"","overlay-gradient":""},"tablet":{"background-color":"var(--ast-global-color-5)","background-image":"","background-repeat":"repeat","background-position":"center center","background-size":"auto","background-attachment":"scroll","background-type":"","background-media":"","overlay-type":"","overlay-color":"","overlay-opacity":"","overlay-gradient":""},"mobile":{"background-color":"var(--ast-global-color-5)","background-image":"","background-repeat":"repeat","background-position":"center center","background-size":"auto","background-attachment":"scroll","background-type":"","background-media":"","overlay-type":"","overlay-color":"","overlay-opacity":"","overlay-gradient":""}}},"product_brand":[],"product_cat":[28],"product_tag":[61],"class_list":{"0":"post-1077","1":"product","2":"type-product","3":"status-publish","4":"has-post-thumbnail","6":"product_cat-musica-de-calle","7":"product_tag-pedro-joaquin-frances-sanjuan","8":"desktop-align-left","9":"tablet-align-left","10":"mobile-align-left","11":"ast-product-gallery-layout-horizontal-slider","13":"first","14":"instock","15":"downloadable","16":"virtual","17":"taxable","18":"purchasable","19":"product-type-simple"},"acf":[],"yoast_head":"<!-- This site is optimized with the Yoast SEO Premium plugin v22.4 (Yoast SEO v27.4) - https:\/\/yoast.com\/product\/yoast-seo-premium-wordpress\/ -->\n<title>Cid -<\/title>\n<meta name=\"description\" content=\"Partituras de m\u00fasica Pasodoble para Orquestas y bandas. M\u00fasica escrita.Partituras de m\u00fasica de calle para Orquestas y bandas. M\u00fasica escrita.\" \/>\n<meta name=\"robots\" content=\"index, follow, max-snippet:-1, max-image-preview:large, max-video-preview:-1\" \/>\n<link rel=\"canonical\" href=\"https:\/\/www.omnesbands.international\/fr\/produkt\/cid\/\" \/>\n<meta property=\"og:locale\" content=\"fr_FR\" \/>\n<meta property=\"og:type\" content=\"article\" \/>\n<meta property=\"og:title\" content=\"Cid\" \/>\n<meta property=\"og:description\" content=\"Partituras de m\u00fasica Pasodoble para Orquestas y bandas. M\u00fasica escrita.Partituras de m\u00fasica de calle para Orquestas y bandas. M\u00fasica escrita.\" \/>\n<meta property=\"og:url\" content=\"https:\/\/www.omnesbands.international\/fr\/produkt\/cid\/\" \/>\n<meta property=\"article:modified_time\" content=\"2023-12-02T12:42:54+00:00\" \/>\n<meta property=\"og:image\" content=\"https:\/\/www.omnesbands.international\/wp-content\/uploads\/2023\/01\/CID.jpg\" \/>\n\t<meta property=\"og:image:width\" content=\"600\" \/>\n\t<meta property=\"og:image:height\" content=\"635\" \/>\n\t<meta property=\"og:image:type\" content=\"image\/jpeg\" \/>\n<meta name=\"twitter:card\" content=\"summary_large_image\" \/>\n<meta name=\"twitter:label1\" content=\"Prix\" \/>\n\t<meta name=\"twitter:data1\" content=\"&#036;30.00\" \/>\n\t<meta name=\"twitter:label2\" content=\"Disponibilit\u00e9\" \/>\n\t<meta name=\"twitter:data2\" content=\"En stock\" \/>\n<script type=\"application\/ld+json\" class=\"yoast-schema-graph\">{\"@context\":\"https:\\\/\\\/schema.org\",\"@graph\":[{\"@type\":\"WebPage\",\"@id\":\"https:\\\/\\\/www.omnesbands.international\\\/de\\\/produkt\\\/cid\\\/\",\"url\":\"https:\\\/\\\/www.omnesbands.international\\\/de\\\/produkt\\\/cid\\\/\",\"name\":\"Cid -\",\"isPartOf\":{\"@id\":\"https:\\\/\\\/www.omnesbands.international\\\/#website\"},\"primaryImageOfPage\":{\"@id\":\"https:\\\/\\\/www.omnesbands.international\\\/de\\\/produkt\\\/cid\\\/#primaryimage\"},\"image\":{\"@id\":\"https:\\\/\\\/www.omnesbands.international\\\/de\\\/produkt\\\/cid\\\/#primaryimage\"},\"thumbnailUrl\":\"https:\\\/\\\/www.omnesbands.international\\\/wp-content\\\/uploads\\\/2023\\\/01\\\/CID.jpg\",\"datePublished\":\"2023-01-25T01:32:37+00:00\",\"dateModified\":\"2023-12-02T12:42:54+00:00\",\"description\":\"Partituras de m\u00fasica Pasodoble para Orquestas y bandas. M\u00fasica escrita.Partituras de m\u00fasica de calle para Orquestas y bandas. M\u00fasica escrita.\",\"breadcrumb\":{\"@id\":\"https:\\\/\\\/www.omnesbands.international\\\/de\\\/produkt\\\/cid\\\/#breadcrumb\"},\"inLanguage\":\"fr-FR\",\"potentialAction\":[{\"@type\":\"ReadAction\",\"target\":[\"https:\\\/\\\/www.omnesbands.international\\\/de\\\/produkt\\\/cid\\\/\"]}]},{\"@type\":\"ImageObject\",\"inLanguage\":\"fr-FR\",\"@id\":\"https:\\\/\\\/www.omnesbands.international\\\/de\\\/produkt\\\/cid\\\/#primaryimage\",\"url\":\"https:\\\/\\\/www.omnesbands.international\\\/wp-content\\\/uploads\\\/2023\\\/01\\\/CID.jpg\",\"contentUrl\":\"https:\\\/\\\/www.omnesbands.international\\\/wp-content\\\/uploads\\\/2023\\\/01\\\/CID.jpg\",\"width\":600,\"height\":635,\"caption\":\"Cid\"},{\"@type\":\"BreadcrumbList\",\"@id\":\"https:\\\/\\\/www.omnesbands.international\\\/de\\\/produkt\\\/cid\\\/#breadcrumb\",\"itemListElement\":[{\"@type\":\"ListItem\",\"position\":1,\"name\":\"Portada\",\"item\":\"https:\\\/\\\/www.omnesbands.international\\\/\"},{\"@type\":\"ListItem\",\"position\":2,\"name\":\"Tienda\",\"item\":\"https:\\\/\\\/www.omnesbands.international\\\/en\\\/shop\\\/\"},{\"@type\":\"ListItem\",\"position\":3,\"name\":\"Cid\"}]},{\"@type\":\"WebSite\",\"@id\":\"https:\\\/\\\/www.omnesbands.international\\\/#website\",\"url\":\"https:\\\/\\\/www.omnesbands.international\\\/\",\"name\":\"OMNESBANDS International\",\"description\":\"Partituras Originales de autores y compositores independientes\",\"publisher\":{\"@id\":\"https:\\\/\\\/www.omnesbands.international\\\/#organization\"},\"potentialAction\":[{\"@type\":\"SearchAction\",\"target\":{\"@type\":\"EntryPoint\",\"urlTemplate\":\"https:\\\/\\\/www.omnesbands.international\\\/?s={search_term_string}\"},\"query-input\":{\"@type\":\"PropertyValueSpecification\",\"valueRequired\":true,\"valueName\":\"search_term_string\"}}],\"inLanguage\":\"fr-FR\"},{\"@type\":\"Organization\",\"@id\":\"https:\\\/\\\/www.omnesbands.international\\\/#organization\",\"name\":\"Indra Consultores Internacionales\",\"alternateName\":\"Omnesbands\",\"url\":\"https:\\\/\\\/www.omnesbands.international\\\/\",\"logo\":{\"@type\":\"ImageObject\",\"inLanguage\":\"fr-FR\",\"@id\":\"https:\\\/\\\/www.omnesbands.international\\\/#\\\/schema\\\/logo\\\/image\\\/\",\"url\":\"https:\\\/\\\/omnesbands.international\\\/wp-content\\\/uploads\\\/2023\\\/06\\\/Logo-Nuevo-.png\",\"contentUrl\":\"https:\\\/\\\/omnesbands.international\\\/wp-content\\\/uploads\\\/2023\\\/06\\\/Logo-Nuevo-.png\",\"width\":394,\"height\":212,\"caption\":\"Indra Consultores Internacionales\"},\"image\":{\"@id\":\"https:\\\/\\\/www.omnesbands.international\\\/#\\\/schema\\\/logo\\\/image\\\/\"}}]}<\/script>\n<meta property=\"product:price:amount\" content=\"30.00\" \/>\n<meta property=\"product:price:currency\" content=\"USD\" \/>\n<meta property=\"og:availability\" content=\"instock\" \/>\n<meta property=\"product:availability\" content=\"instock\" \/>\n<meta property=\"product:retailer_item_id\" content=\"CID-CAL-ESP-22\" \/>\n<meta property=\"product:condition\" content=\"new\" \/>\n<!-- \/ Yoast SEO Premium plugin. -->","yoast_head_json":{"title":"Cid -","description":"Partituras de m\u00fasica Pasodoble para Orquestas y bandas. M\u00fasica escrita.Partituras de m\u00fasica de calle para Orquestas y bandas. M\u00fasica escrita.","robots":{"index":"index","follow":"follow","max-snippet":"max-snippet:-1","max-image-preview":"max-image-preview:large","max-video-preview":"max-video-preview:-1"},"canonical":"https:\/\/www.omnesbands.international\/fr\/produkt\/cid\/","og_locale":"fr_FR","og_type":"article","og_title":"Cid","og_description":"Partituras de m\u00fasica Pasodoble para Orquestas y bandas. M\u00fasica escrita.Partituras de m\u00fasica de calle para Orquestas y bandas. M\u00fasica escrita.","og_url":"https:\/\/www.omnesbands.international\/fr\/produkt\/cid\/","article_modified_time":"2023-12-02T12:42:54+00:00","og_image":[{"width":600,"height":635,"url":"https:\/\/www.omnesbands.international\/wp-content\/uploads\/2023\/01\/CID.jpg","type":"image\/jpeg"}],"twitter_card":"summary_large_image","twitter_misc":{"Prix":"&#36;30.00","Disponibilit\u00e9":"En stock"},"schema":{"@context":"https:\/\/schema.org","@graph":[{"@type":"WebPage","@id":"https:\/\/www.omnesbands.international\/de\/produkt\/cid\/","url":"https:\/\/www.omnesbands.international\/de\/produkt\/cid\/","name":"Cid -","isPartOf":{"@id":"https:\/\/www.omnesbands.international\/#website"},"primaryImageOfPage":{"@id":"https:\/\/www.omnesbands.international\/de\/produkt\/cid\/#primaryimage"},"image":{"@id":"https:\/\/www.omnesbands.international\/de\/produkt\/cid\/#primaryimage"},"thumbnailUrl":"https:\/\/www.omnesbands.international\/wp-content\/uploads\/2023\/01\/CID.jpg","datePublished":"2023-01-25T01:32:37+00:00","dateModified":"2023-12-02T12:42:54+00:00","description":"Partituras de m\u00fasica Pasodoble para Orquestas y bandas. M\u00fasica escrita.Partituras de m\u00fasica de calle para Orquestas y bandas. M\u00fasica escrita.","breadcrumb":{"@id":"https:\/\/www.omnesbands.international\/de\/produkt\/cid\/#breadcrumb"},"inLanguage":"fr-FR","potentialAction":[{"@type":"ReadAction","target":["https:\/\/www.omnesbands.international\/de\/produkt\/cid\/"]}]},{"@type":"ImageObject","inLanguage":"fr-FR","@id":"https:\/\/www.omnesbands.international\/de\/produkt\/cid\/#primaryimage","url":"https:\/\/www.omnesbands.international\/wp-content\/uploads\/2023\/01\/CID.jpg","contentUrl":"https:\/\/www.omnesbands.international\/wp-content\/uploads\/2023\/01\/CID.jpg","width":600,"height":635,"caption":"Cid"},{"@type":"BreadcrumbList","@id":"https:\/\/www.omnesbands.international\/de\/produkt\/cid\/#breadcrumb","itemListElement":[{"@type":"ListItem","position":1,"name":"Portada","item":"https:\/\/www.omnesbands.international\/"},{"@type":"ListItem","position":2,"name":"Tienda","item":"https:\/\/www.omnesbands.international\/en\/shop\/"},{"@type":"ListItem","position":3,"name":"Cid"}]},{"@type":"WebSite","@id":"https:\/\/www.omnesbands.international\/#website","url":"https:\/\/www.omnesbands.international\/","name":"OMNESBANDS International","description":"Partitions originales d&#039;auteurs et compositeurs ind\u00e9pendants","publisher":{"@id":"https:\/\/www.omnesbands.international\/#organization"},"potentialAction":[{"@type":"SearchAction","target":{"@type":"EntryPoint","urlTemplate":"https:\/\/www.omnesbands.international\/?s={search_term_string}"},"query-input":{"@type":"PropertyValueSpecification","valueRequired":true,"valueName":"search_term_string"}}],"inLanguage":"fr-FR"},{"@type":"Organization","@id":"https:\/\/www.omnesbands.international\/#organization","name":"Indra Consultants Internationaux","alternateName":"Omnesbands","url":"https:\/\/www.omnesbands.international\/","logo":{"@type":"ImageObject","inLanguage":"fr-FR","@id":"https:\/\/www.omnesbands.international\/#\/schema\/logo\/image\/","url":"https:\/\/omnesbands.international\/wp-content\/uploads\/2023\/06\/Logo-Nuevo-.png","contentUrl":"https:\/\/omnesbands.international\/wp-content\/uploads\/2023\/06\/Logo-Nuevo-.png","width":394,"height":212,"caption":"Indra Consultores Internacionales"},"image":{"@id":"https:\/\/www.omnesbands.international\/#\/schema\/logo\/image\/"}}]},"product_price_amount":"30.00","product_price_currency":"USD","og_availability":"instock","product_availability":"instock","product_retailer_item_id":"CID-CAL-ESP-22","product_condition":"new"},"uagb_featured_image_src":{"full":["https:\/\/www.omnesbands.international\/wp-content\/uploads\/2023\/01\/CID.jpg",600,635,false],"thumbnail":["https:\/\/www.omnesbands.international\/wp-content\/uploads\/2023\/01\/CID-150x150.jpg",150,150,true],"medium":["https:\/\/www.omnesbands.international\/wp-content\/uploads\/2023\/01\/CID-283x300.jpg",283,300,true],"medium_large":["https:\/\/www.omnesbands.international\/wp-content\/uploads\/2023\/01\/CID.jpg",600,635,false],"large":["https:\/\/www.omnesbands.international\/wp-content\/uploads\/2023\/01\/CID.jpg",600,635,false],"1536x1536":["https:\/\/www.omnesbands.international\/wp-content\/uploads\/2023\/01\/CID.jpg",600,635,false],"2048x2048":["https:\/\/www.omnesbands.international\/wp-content\/uploads\/2023\/01\/CID.jpg",600,635,false],"trp-custom-language-flag":["https:\/\/www.omnesbands.international\/wp-content\/uploads\/2023\/01\/CID.jpg",11,12,false],"gg_gallery_thumbnail":["https:\/\/www.omnesbands.international\/wp-content\/uploads\/2023\/01\/CID.jpg",236,250,false],"woocommerce_thumbnail":["https:\/\/www.omnesbands.international\/wp-content\/uploads\/2023\/01\/CID-300x300.jpg",300,300,true],"woocommerce_single":["https:\/\/www.omnesbands.international\/wp-content\/uploads\/2023\/01\/CID.jpg",600,635,false],"woocommerce_gallery_thumbnail":["https:\/\/www.omnesbands.international\/wp-content\/uploads\/2023\/01\/CID-100x100.jpg",100,100,true]},"uagb_author_info":{"display_name":"Melvin R. Portillo A:","author_link":"https:\/\/www.omnesbands.international\/fr\/author\/"},"uagb_comment_info":0,"uagb_excerpt":"[audio mp3=\"https:\/\/omnesbands.international\/wp-content\/uploads\/2023\/01\/frances-sanjuan-cid-mc.-el-trabajo-de-xixona-jose-rafael-pascual.mp3\"][\/audio] Primer premio en el 1\u00ba Concurso de M\u00fasica Festera \u201cVilla de Benidorm\u201d, celebrado en 1995. El nombre es una clara referencia al reconocido personaje hist\u00f3rico Rodrigo D\u00edaz de Vivar, m\u00e1s conocido como \u201cEl Cid Campeador\u201d.","_links":{"self":[{"href":"https:\/\/www.omnesbands.international\/fr\/wp-json\/wp\/v2\/product\/1077","targetHints":{"allow":["GET"]}}],"collection":[{"href":"https:\/\/www.omnesbands.international\/fr\/wp-json\/wp\/v2\/product"}],"about":[{"href":"https:\/\/www.omnesbands.international\/fr\/wp-json\/wp\/v2\/types\/product"}],"replies":[{"embeddable":true,"href":"https:\/\/www.omnesbands.international\/fr\/wp-json\/wp\/v2\/comments?post=1077"}],"wp:featuredmedia":[{"embeddable":true,"href":"https:\/\/www.omnesbands.international\/fr\/wp-json\/wp\/v2\/media\/1078"}],"wp:attachment":[{"href":"https:\/\/www.omnesbands.international\/fr\/wp-json\/wp\/v2\/media?parent=1077"}],"wp:term":[{"taxonomy":"product_brand","embeddable":true,"href":"https:\/\/www.omnesbands.international\/fr\/wp-json\/wp\/v2\/product_brand?post=1077"},{"taxonomy":"product_cat","embeddable":true,"href":"https:\/\/www.omnesbands.international\/fr\/wp-json\/wp\/v2\/product_cat?post=1077"},{"taxonomy":"product_tag","embeddable":true,"href":"https:\/\/www.omnesbands.international\/fr\/wp-json\/wp\/v2\/product_tag?post=1077"}],"curies":[{"name":"wp","href":"https:\/\/api.w.org\/{rel}","templated":true}]}}