{"id":1105,"date":"2023-01-24T20:20:56","date_gmt":"2023-01-25T02:20:56","guid":{"rendered":"https:\/\/omnesbands.international\/?post_type=product&#038;p=1105"},"modified":"2023-11-13T22:00:39","modified_gmt":"2023-11-14T04:00:39","slug":"ambaixadors-de-la-festa","status":"publish","type":"product","link":"https:\/\/www.omnesbands.international\/fr\/produit\/ambaixadors-de-la-festa\/","title":{"rendered":"Ambassadeurs du festival"},"content":{"rendered":"<p>\u0152uvre pasodoble de l&#039;auteur Jos\u00e9 Ure\u00f1a Eiras. Depuis 1997, il appartient \u00e0 la Societat Uni\u00f3 Art\u00edstica Musical de Ontinyent, o\u00f9 il a \u00e9t\u00e9 directeur d&#039;un des groupes de chambre que compte l&#039;entit\u00e9, directeur de son \u00e9cole de musique, ainsi que directeur de son orchestre et de sa chorale, professeur de langue musicale, trompette. , chant, harmonie, etc., en plus d&#039;\u00eatre directeur adjoint du groupe de musique et plus tard pr\u00e9sident de l&#039;entit\u00e9. En tant que compositeur, il poss\u00e8de plus de 40 \u0153uvres musicales de tous styles et pour tous types de groupes. Sa musique a \u00e9t\u00e9 jou\u00e9e dans toute l&#039;Espagne et aux \u00c9tats-Unis.<\/p>","protected":false},"excerpt":{"rendered":"<p>\u0152uvre pasodoble de l&#039;auteur Jos\u00e9 Ure\u00f1a Eiras. Depuis 1997, il appartient \u00e0 la Societat Uni\u00f3 Art\u00edstica Musical de Ontinyent, o\u00f9 il a \u00e9t\u00e9 directeur d&#039;un des groupes de chambre que compte l&#039;entit\u00e9, directeur de son \u00e9cole de musique, ainsi que directeur de son orchestre et de sa chorale, professeur de langue musicale, trompette. , chant, harmonie, etc., en plus d&#039;\u00eatre directeur adjoint du groupe de musique et plus tard pr\u00e9sident de l&#039;entit\u00e9. En tant que compositeur, il poss\u00e8de plus de 40 \u0153uvres musicales de tous styles et pour tous types de groupes. Sa musique a \u00e9t\u00e9 jou\u00e9e dans toute l&#039;Espagne et aux \u00c9tats-Unis.<\/p>","protected":false},"featured_media":2821,"comment_status":"open","ping_status":"closed","template":"","meta":{"_acf_changed":false,"_uag_custom_page_level_css":"","site-sidebar-layout":"default","site-content-layout":"default","ast-site-content-layout":"default","site-content-style":"default","site-sidebar-style":"default","ast-global-header-display":"","ast-banner-title-visibility":"","ast-main-header-display":"","ast-hfb-above-header-display":"","ast-hfb-below-header-display":"","ast-hfb-mobile-header-display":"","site-post-title":"","ast-breadcrumbs-content":"","ast-featured-img":"","footer-sml-layout":"","ast-disable-related-posts":"","theme-transparent-header-meta":"default","adv-header-id-meta":"","stick-header-meta":"default","header-above-stick-meta":"","header-main-stick-meta":"","header-below-stick-meta":"","astra-migrate-meta-layouts":"set","ast-page-background-enabled":"default","ast-page-background-meta":{"desktop":{"background-color":"","background-image":"","background-repeat":"repeat","background-position":"center center","background-size":"auto","background-attachment":"scroll","background-type":"","background-media":"","overlay-type":"","overlay-color":"","overlay-opacity":"","overlay-gradient":""},"tablet":{"background-color":"","background-image":"","background-repeat":"repeat","background-position":"center center","background-size":"auto","background-attachment":"scroll","background-type":"","background-media":"","overlay-type":"","overlay-color":"","overlay-opacity":"","overlay-gradient":""},"mobile":{"background-color":"","background-image":"","background-repeat":"repeat","background-position":"center center","background-size":"auto","background-attachment":"scroll","background-type":"","background-media":"","overlay-type":"","overlay-color":"","overlay-opacity":"","overlay-gradient":""}},"ast-content-background-meta":{"desktop":{"background-color":"var(--ast-global-color-5)","background-image":"","background-repeat":"repeat","background-position":"center center","background-size":"auto","background-attachment":"scroll","background-type":"","background-media":"","overlay-type":"","overlay-color":"","overlay-opacity":"","overlay-gradient":""},"tablet":{"background-color":"var(--ast-global-color-5)","background-image":"","background-repeat":"repeat","background-position":"center center","background-size":"auto","background-attachment":"scroll","background-type":"","background-media":"","overlay-type":"","overlay-color":"","overlay-opacity":"","overlay-gradient":""},"mobile":{"background-color":"var(--ast-global-color-5)","background-image":"","background-repeat":"repeat","background-position":"center center","background-size":"auto","background-attachment":"scroll","background-type":"","background-media":"","overlay-type":"","overlay-color":"","overlay-opacity":"","overlay-gradient":""}}},"product_brand":[],"product_cat":[26],"product_tag":[54],"class_list":{"0":"post-1105","1":"product","2":"type-product","3":"status-publish","4":"has-post-thumbnail","6":"product_cat-pasodobles","7":"product_tag-jose-urena-eiras","8":"desktop-align-left","9":"tablet-align-left","10":"mobile-align-left","11":"ast-product-gallery-layout-horizontal-slider","13":"first","14":"instock","15":"downloadable","16":"virtual","17":"taxable","18":"purchasable","19":"product-type-simple"},"acf":[],"yoast_head":"<!-- This site is optimized with the Yoast SEO Premium plugin v22.4 (Yoast SEO v27.4) - https:\/\/yoast.com\/product\/yoast-seo-premium-wordpress\/ -->\n<title>Ambaixadors de la Festa -<\/title>\n<meta name=\"description\" content=\"Partituras de m\u00fasica Pasodoble para Orquestas y bandas. M\u00fasica escrita.\" \/>\n<meta name=\"robots\" content=\"index, follow, max-snippet:-1, max-image-preview:large, max-video-preview:-1\" \/>\n<link rel=\"canonical\" href=\"https:\/\/www.omnesbands.international\/fr\/produit\/ambaixadors-de-la-festa\/\" \/>\n<meta property=\"og:locale\" content=\"fr_FR\" \/>\n<meta property=\"og:type\" content=\"article\" \/>\n<meta property=\"og:title\" content=\"Ambaixadors de la Festa\" \/>\n<meta property=\"og:description\" content=\"Partituras de m\u00fasica Pasodoble para Orquestas y bandas. M\u00fasica escrita.\" \/>\n<meta property=\"og:url\" content=\"https:\/\/www.omnesbands.international\/fr\/produit\/ambaixadors-de-la-festa\/\" \/>\n<meta property=\"article:modified_time\" content=\"2023-11-14T04:00:39+00:00\" \/>\n<meta property=\"og:image\" content=\"https:\/\/www.omnesbands.international\/wp-content\/uploads\/2023\/01\/Ambaixadors-de-la-Festa-2.jpg\" \/>\n\t<meta property=\"og:image:width\" content=\"759\" \/>\n\t<meta property=\"og:image:height\" content=\"796\" \/>\n\t<meta property=\"og:image:type\" content=\"image\/jpeg\" \/>\n<meta name=\"twitter:card\" content=\"summary_large_image\" \/>\n<meta name=\"twitter:label1\" content=\"Prix\" \/>\n\t<meta name=\"twitter:data1\" content=\"&#036;25.00\" \/>\n\t<meta name=\"twitter:label2\" content=\"Disponibilit\u00e9\" \/>\n\t<meta name=\"twitter:data2\" content=\"En stock\" \/>\n<script type=\"application\/ld+json\" class=\"yoast-schema-graph\">{\"@context\":\"https:\\\/\\\/schema.org\",\"@graph\":[{\"@type\":\"WebPage\",\"@id\":\"https:\\\/\\\/www.omnesbands.international\\\/producto\\\/ambaixadors-de-la-festa\\\/\",\"url\":\"https:\\\/\\\/www.omnesbands.international\\\/producto\\\/ambaixadors-de-la-festa\\\/\",\"name\":\"Ambaixadors de la Festa -\",\"isPartOf\":{\"@id\":\"https:\\\/\\\/www.omnesbands.international\\\/#website\"},\"primaryImageOfPage\":{\"@id\":\"https:\\\/\\\/www.omnesbands.international\\\/producto\\\/ambaixadors-de-la-festa\\\/#primaryimage\"},\"image\":{\"@id\":\"https:\\\/\\\/www.omnesbands.international\\\/producto\\\/ambaixadors-de-la-festa\\\/#primaryimage\"},\"thumbnailUrl\":\"https:\\\/\\\/www.omnesbands.international\\\/wp-content\\\/uploads\\\/2023\\\/01\\\/Ambaixadors-de-la-Festa-2.jpg\",\"datePublished\":\"2023-01-25T02:20:56+00:00\",\"dateModified\":\"2023-11-14T04:00:39+00:00\",\"description\":\"Partituras de m\u00fasica Pasodoble para Orquestas y bandas. M\u00fasica escrita.\",\"breadcrumb\":{\"@id\":\"https:\\\/\\\/www.omnesbands.international\\\/producto\\\/ambaixadors-de-la-festa\\\/#breadcrumb\"},\"inLanguage\":\"fr-FR\",\"potentialAction\":[{\"@type\":\"ReadAction\",\"target\":[\"https:\\\/\\\/www.omnesbands.international\\\/producto\\\/ambaixadors-de-la-festa\\\/\"]}]},{\"@type\":\"ImageObject\",\"inLanguage\":\"fr-FR\",\"@id\":\"https:\\\/\\\/www.omnesbands.international\\\/producto\\\/ambaixadors-de-la-festa\\\/#primaryimage\",\"url\":\"https:\\\/\\\/www.omnesbands.international\\\/wp-content\\\/uploads\\\/2023\\\/01\\\/Ambaixadors-de-la-Festa-2.jpg\",\"contentUrl\":\"https:\\\/\\\/www.omnesbands.international\\\/wp-content\\\/uploads\\\/2023\\\/01\\\/Ambaixadors-de-la-Festa-2.jpg\",\"width\":759,\"height\":796,\"caption\":\"Ambaixadors de la Festa\"},{\"@type\":\"BreadcrumbList\",\"@id\":\"https:\\\/\\\/www.omnesbands.international\\\/producto\\\/ambaixadors-de-la-festa\\\/#breadcrumb\",\"itemListElement\":[{\"@type\":\"ListItem\",\"position\":1,\"name\":\"Portada\",\"item\":\"https:\\\/\\\/www.omnesbands.international\\\/\"},{\"@type\":\"ListItem\",\"position\":2,\"name\":\"Tienda\",\"item\":\"https:\\\/\\\/www.omnesbands.international\\\/en\\\/shop\\\/\"},{\"@type\":\"ListItem\",\"position\":3,\"name\":\"Ambaixadors de la Festa\"}]},{\"@type\":\"WebSite\",\"@id\":\"https:\\\/\\\/www.omnesbands.international\\\/#website\",\"url\":\"https:\\\/\\\/www.omnesbands.international\\\/\",\"name\":\"OMNESBANDS International\",\"description\":\"Partituras Originales de autores y compositores independientes\",\"publisher\":{\"@id\":\"https:\\\/\\\/www.omnesbands.international\\\/#organization\"},\"potentialAction\":[{\"@type\":\"SearchAction\",\"target\":{\"@type\":\"EntryPoint\",\"urlTemplate\":\"https:\\\/\\\/www.omnesbands.international\\\/?s={search_term_string}\"},\"query-input\":{\"@type\":\"PropertyValueSpecification\",\"valueRequired\":true,\"valueName\":\"search_term_string\"}}],\"inLanguage\":\"fr-FR\"},{\"@type\":\"Organization\",\"@id\":\"https:\\\/\\\/www.omnesbands.international\\\/#organization\",\"name\":\"Indra Consultores Internacionales\",\"alternateName\":\"Omnesbands\",\"url\":\"https:\\\/\\\/www.omnesbands.international\\\/\",\"logo\":{\"@type\":\"ImageObject\",\"inLanguage\":\"fr-FR\",\"@id\":\"https:\\\/\\\/www.omnesbands.international\\\/#\\\/schema\\\/logo\\\/image\\\/\",\"url\":\"https:\\\/\\\/omnesbands.international\\\/wp-content\\\/uploads\\\/2023\\\/06\\\/Logo-Nuevo-.png\",\"contentUrl\":\"https:\\\/\\\/omnesbands.international\\\/wp-content\\\/uploads\\\/2023\\\/06\\\/Logo-Nuevo-.png\",\"width\":394,\"height\":212,\"caption\":\"Indra Consultores Internacionales\"},\"image\":{\"@id\":\"https:\\\/\\\/www.omnesbands.international\\\/#\\\/schema\\\/logo\\\/image\\\/\"}}]}<\/script>\n<meta property=\"product:price:amount\" content=\"25.00\" \/>\n<meta property=\"product:price:currency\" content=\"USD\" \/>\n<meta property=\"og:availability\" content=\"instock\" \/>\n<meta property=\"product:availability\" content=\"instock\" \/>\n<meta property=\"product:retailer_item_id\" content=\"AMB-PAS-ESP-22\" \/>\n<meta property=\"product:condition\" content=\"new\" \/>\n<!-- \/ Yoast SEO Premium plugin. -->","yoast_head_json":{"title":"Ambaixadors de la Festa -","description":"Partituras de m\u00fasica Pasodoble para Orquestas y bandas. M\u00fasica escrita.","robots":{"index":"index","follow":"follow","max-snippet":"max-snippet:-1","max-image-preview":"max-image-preview:large","max-video-preview":"max-video-preview:-1"},"canonical":"https:\/\/www.omnesbands.international\/fr\/produit\/ambaixadors-de-la-festa\/","og_locale":"fr_FR","og_type":"article","og_title":"Ambaixadors de la Festa","og_description":"Partituras de m\u00fasica Pasodoble para Orquestas y bandas. M\u00fasica escrita.","og_url":"https:\/\/www.omnesbands.international\/fr\/produit\/ambaixadors-de-la-festa\/","article_modified_time":"2023-11-14T04:00:39+00:00","og_image":[{"width":759,"height":796,"url":"https:\/\/www.omnesbands.international\/wp-content\/uploads\/2023\/01\/Ambaixadors-de-la-Festa-2.jpg","type":"image\/jpeg"}],"twitter_card":"summary_large_image","twitter_misc":{"Prix":"&#36;25.00","Disponibilit\u00e9":"En stock"},"schema":{"@context":"https:\/\/schema.org","@graph":[{"@type":"WebPage","@id":"https:\/\/www.omnesbands.international\/producto\/ambaixadors-de-la-festa\/","url":"https:\/\/www.omnesbands.international\/producto\/ambaixadors-de-la-festa\/","name":"Ambaixadors de la Festa -","isPartOf":{"@id":"https:\/\/www.omnesbands.international\/#website"},"primaryImageOfPage":{"@id":"https:\/\/www.omnesbands.international\/producto\/ambaixadors-de-la-festa\/#primaryimage"},"image":{"@id":"https:\/\/www.omnesbands.international\/producto\/ambaixadors-de-la-festa\/#primaryimage"},"thumbnailUrl":"https:\/\/www.omnesbands.international\/wp-content\/uploads\/2023\/01\/Ambaixadors-de-la-Festa-2.jpg","datePublished":"2023-01-25T02:20:56+00:00","dateModified":"2023-11-14T04:00:39+00:00","description":"Partituras de m\u00fasica Pasodoble para Orquestas y bandas. M\u00fasica escrita.","breadcrumb":{"@id":"https:\/\/www.omnesbands.international\/producto\/ambaixadors-de-la-festa\/#breadcrumb"},"inLanguage":"fr-FR","potentialAction":[{"@type":"ReadAction","target":["https:\/\/www.omnesbands.international\/producto\/ambaixadors-de-la-festa\/"]}]},{"@type":"ImageObject","inLanguage":"fr-FR","@id":"https:\/\/www.omnesbands.international\/producto\/ambaixadors-de-la-festa\/#primaryimage","url":"https:\/\/www.omnesbands.international\/wp-content\/uploads\/2023\/01\/Ambaixadors-de-la-Festa-2.jpg","contentUrl":"https:\/\/www.omnesbands.international\/wp-content\/uploads\/2023\/01\/Ambaixadors-de-la-Festa-2.jpg","width":759,"height":796,"caption":"Ambaixadors de la Festa"},{"@type":"BreadcrumbList","@id":"https:\/\/www.omnesbands.international\/producto\/ambaixadors-de-la-festa\/#breadcrumb","itemListElement":[{"@type":"ListItem","position":1,"name":"Portada","item":"https:\/\/www.omnesbands.international\/"},{"@type":"ListItem","position":2,"name":"Tienda","item":"https:\/\/www.omnesbands.international\/en\/shop\/"},{"@type":"ListItem","position":3,"name":"Ambaixadors de la Festa"}]},{"@type":"WebSite","@id":"https:\/\/www.omnesbands.international\/#website","url":"https:\/\/www.omnesbands.international\/","name":"OMNESBANDS International","description":"Partitions originales d&#039;auteurs et compositeurs ind\u00e9pendants","publisher":{"@id":"https:\/\/www.omnesbands.international\/#organization"},"potentialAction":[{"@type":"SearchAction","target":{"@type":"EntryPoint","urlTemplate":"https:\/\/www.omnesbands.international\/?s={search_term_string}"},"query-input":{"@type":"PropertyValueSpecification","valueRequired":true,"valueName":"search_term_string"}}],"inLanguage":"fr-FR"},{"@type":"Organization","@id":"https:\/\/www.omnesbands.international\/#organization","name":"Indra Consultants Internationaux","alternateName":"Omnesbands","url":"https:\/\/www.omnesbands.international\/","logo":{"@type":"ImageObject","inLanguage":"fr-FR","@id":"https:\/\/www.omnesbands.international\/#\/schema\/logo\/image\/","url":"https:\/\/omnesbands.international\/wp-content\/uploads\/2023\/06\/Logo-Nuevo-.png","contentUrl":"https:\/\/omnesbands.international\/wp-content\/uploads\/2023\/06\/Logo-Nuevo-.png","width":394,"height":212,"caption":"Indra Consultores Internacionales"},"image":{"@id":"https:\/\/www.omnesbands.international\/#\/schema\/logo\/image\/"}}]},"product_price_amount":"25.00","product_price_currency":"USD","og_availability":"instock","product_availability":"instock","product_retailer_item_id":"AMB-PAS-ESP-22","product_condition":"new"},"uagb_featured_image_src":{"full":["https:\/\/www.omnesbands.international\/wp-content\/uploads\/2023\/01\/Ambaixadors-de-la-Festa-2.jpg",759,796,false],"thumbnail":["https:\/\/www.omnesbands.international\/wp-content\/uploads\/2023\/01\/Ambaixadors-de-la-Festa-2-150x150.jpg",150,150,true],"medium":["https:\/\/www.omnesbands.international\/wp-content\/uploads\/2023\/01\/Ambaixadors-de-la-Festa-2-286x300.jpg",286,300,true],"medium_large":["https:\/\/www.omnesbands.international\/wp-content\/uploads\/2023\/01\/Ambaixadors-de-la-Festa-2.jpg",759,796,false],"large":["https:\/\/www.omnesbands.international\/wp-content\/uploads\/2023\/01\/Ambaixadors-de-la-Festa-2.jpg",759,796,false],"1536x1536":["https:\/\/www.omnesbands.international\/wp-content\/uploads\/2023\/01\/Ambaixadors-de-la-Festa-2.jpg",759,796,false],"2048x2048":["https:\/\/www.omnesbands.international\/wp-content\/uploads\/2023\/01\/Ambaixadors-de-la-Festa-2.jpg",759,796,false],"trp-custom-language-flag":["https:\/\/www.omnesbands.international\/wp-content\/uploads\/2023\/01\/Ambaixadors-de-la-Festa-2-11x12.jpg",11,12,true],"gg_gallery_thumbnail":["https:\/\/www.omnesbands.international\/wp-content\/uploads\/2023\/01\/Ambaixadors-de-la-Festa-2-450x250.jpg",450,250,true],"woocommerce_thumbnail":["https:\/\/www.omnesbands.international\/wp-content\/uploads\/2023\/01\/Ambaixadors-de-la-Festa-2-300x300.jpg",300,300,true],"woocommerce_single":["https:\/\/www.omnesbands.international\/wp-content\/uploads\/2023\/01\/Ambaixadors-de-la-Festa-2-600x629.jpg",600,629,true],"woocommerce_gallery_thumbnail":["https:\/\/www.omnesbands.international\/wp-content\/uploads\/2023\/01\/Ambaixadors-de-la-Festa-2-100x100.jpg",100,100,true]},"uagb_author_info":{"display_name":"Melvin R. Portillo A:","author_link":"https:\/\/www.omnesbands.international\/fr\/author\/"},"uagb_comment_info":0,"uagb_excerpt":"Pasodoble obra del autor Jos\u00e9 Ure\u00f1a Eiras. Desde 1997 pertenece a la Societat Uni\u00f3 Art\u00edstica Musical de Ontinyent, donde ha sido director de uno de los grupos de c\u00e1mara que la entidad posee, director de su escuela de m\u00fasica, as\u00ed como director de la orquesta y coro de la misma, profesor de lenguaje musical, trompeta,\u2026","_links":{"self":[{"href":"https:\/\/www.omnesbands.international\/fr\/wp-json\/wp\/v2\/product\/1105","targetHints":{"allow":["GET"]}}],"collection":[{"href":"https:\/\/www.omnesbands.international\/fr\/wp-json\/wp\/v2\/product"}],"about":[{"href":"https:\/\/www.omnesbands.international\/fr\/wp-json\/wp\/v2\/types\/product"}],"replies":[{"embeddable":true,"href":"https:\/\/www.omnesbands.international\/fr\/wp-json\/wp\/v2\/comments?post=1105"}],"wp:featuredmedia":[{"embeddable":true,"href":"https:\/\/www.omnesbands.international\/fr\/wp-json\/wp\/v2\/media\/2821"}],"wp:attachment":[{"href":"https:\/\/www.omnesbands.international\/fr\/wp-json\/wp\/v2\/media?parent=1105"}],"wp:term":[{"taxonomy":"product_brand","embeddable":true,"href":"https:\/\/www.omnesbands.international\/fr\/wp-json\/wp\/v2\/product_brand?post=1105"},{"taxonomy":"product_cat","embeddable":true,"href":"https:\/\/www.omnesbands.international\/fr\/wp-json\/wp\/v2\/product_cat?post=1105"},{"taxonomy":"product_tag","embeddable":true,"href":"https:\/\/www.omnesbands.international\/fr\/wp-json\/wp\/v2\/product_tag?post=1105"}],"curies":[{"name":"wp","href":"https:\/\/api.w.org\/{rel}","templated":true}]}}