{"id":1131,"date":"2023-01-24T21:05:40","date_gmt":"2023-01-25T03:05:40","guid":{"rendered":"https:\/\/omnesbands.international\/?post_type=product&#038;p=1131"},"modified":"2023-11-13T21:04:29","modified_gmt":"2023-11-14T03:04:29","slug":"la-llegenda-de-sant-jordi","status":"publish","type":"product","link":"https:\/\/www.omnesbands.international\/fr\/produit\/la-llegenda-de-sant-jordi\/","title":{"rendered":"La L\u00e9gende de Sant Jordi"},"content":{"rendered":"<p>L&#039;ARRIV\u00c9E DE SANT JORDI \/ La l\u00e9gende de saint Georges<\/p>\n<p>L&#039;intention de cette Suite est d&#039;\u00e9voquer musicalement \u00ab La Llegenda de Sant Jordi \u00bb. La premi\u00e8re partie d\u00e9crit le Montblanc m\u00e9di\u00e9val. Apr\u00e8s l&#039;introduction, les th\u00e8mes des personnages principaux sont pr\u00e9sent\u00e9s, d\u00e9crivant ainsi la princesse, le dragon, Saint Georges et la Rose.<\/p>\n<p>L&#039;intention de cette Suite est d&#039;\u00e9voquer musicalement \u00ab La Llegenda de Sant Jordi \u00bb. La partie initiale d\u00e9crivait Montblanc m\u00e9di\u00e9val. Apr\u00e8s l&#039;introduction, les th\u00e8mes des personnages principaux sont pr\u00e9sent\u00e9s, d\u00e9crivant la princesse, le drac, Sant Jordi et la Rose.<\/p>","protected":false},"excerpt":{"rendered":"<p>L&#039;ARRIV\u00c9E DE SANT JORDI \/ La l\u00e9gende de saint Georges<\/p>\n<p>L&#039;intention de cette Suite est d&#039;\u00e9voquer musicalement \u00ab La Llegenda de Sant Jordi \u00bb. La premi\u00e8re partie d\u00e9crit le Montblanc m\u00e9di\u00e9val. Apr\u00e8s l&#039;introduction, les th\u00e8mes des personnages principaux sont pr\u00e9sent\u00e9s, d\u00e9crivant ainsi la princesse, le dragon, Saint Georges et la Rose.<\/p>\n<p>L&#039;intention de cette Suite est d&#039;\u00e9voquer musicalement \u00ab La Llegenda de Sant Jordi \u00bb. La partie initiale d\u00e9crivait Montblanc m\u00e9di\u00e9val. Apr\u00e8s l&#039;introduction, les th\u00e8mes des personnages principaux sont pr\u00e9sent\u00e9s, d\u00e9crivant la princesse, le drac, Sant Jordi et la Rose.<\/p>","protected":false},"featured_media":1132,"comment_status":"open","ping_status":"closed","template":"","meta":{"_acf_changed":false,"_uag_custom_page_level_css":"","site-sidebar-layout":"default","site-content-layout":"default","ast-site-content-layout":"default","site-content-style":"default","site-sidebar-style":"default","ast-global-header-display":"","ast-banner-title-visibility":"","ast-main-header-display":"","ast-hfb-above-header-display":"","ast-hfb-below-header-display":"","ast-hfb-mobile-header-display":"","site-post-title":"","ast-breadcrumbs-content":"","ast-featured-img":"","footer-sml-layout":"","ast-disable-related-posts":"","theme-transparent-header-meta":"default","adv-header-id-meta":"","stick-header-meta":"default","header-above-stick-meta":"","header-main-stick-meta":"","header-below-stick-meta":"","astra-migrate-meta-layouts":"set","ast-page-background-enabled":"default","ast-page-background-meta":{"desktop":{"background-color":"","background-image":"","background-repeat":"repeat","background-position":"center center","background-size":"auto","background-attachment":"scroll","background-type":"","background-media":"","overlay-type":"","overlay-color":"","overlay-opacity":"","overlay-gradient":""},"tablet":{"background-color":"","background-image":"","background-repeat":"repeat","background-position":"center center","background-size":"auto","background-attachment":"scroll","background-type":"","background-media":"","overlay-type":"","overlay-color":"","overlay-opacity":"","overlay-gradient":""},"mobile":{"background-color":"","background-image":"","background-repeat":"repeat","background-position":"center center","background-size":"auto","background-attachment":"scroll","background-type":"","background-media":"","overlay-type":"","overlay-color":"","overlay-opacity":"","overlay-gradient":""}},"ast-content-background-meta":{"desktop":{"background-color":"var(--ast-global-color-5)","background-image":"","background-repeat":"repeat","background-position":"center center","background-size":"auto","background-attachment":"scroll","background-type":"","background-media":"","overlay-type":"","overlay-color":"","overlay-opacity":"","overlay-gradient":""},"tablet":{"background-color":"var(--ast-global-color-5)","background-image":"","background-repeat":"repeat","background-position":"center center","background-size":"auto","background-attachment":"scroll","background-type":"","background-media":"","overlay-type":"","overlay-color":"","overlay-opacity":"","overlay-gradient":""},"mobile":{"background-color":"var(--ast-global-color-5)","background-image":"","background-repeat":"repeat","background-position":"center center","background-size":"auto","background-attachment":"scroll","background-type":"","background-media":"","overlay-type":"","overlay-color":"","overlay-opacity":"","overlay-gradient":""}}},"product_brand":[],"product_cat":[24],"product_tag":[84],"class_list":{"0":"post-1131","1":"product","2":"type-product","3":"status-publish","4":"has-post-thumbnail","6":"product_cat-sinfonicas","7":"product_tag-tomas-simon-plazas","8":"desktop-align-left","9":"tablet-align-left","10":"mobile-align-left","11":"ast-product-gallery-layout-horizontal-slider","13":"first","14":"instock","15":"downloadable","16":"virtual","17":"taxable","18":"purchasable","19":"product-type-simple"},"acf":[],"yoast_head":"<!-- This site is optimized with the Yoast SEO Premium plugin v22.4 (Yoast SEO v27.4) - https:\/\/yoast.com\/product\/yoast-seo-premium-wordpress\/ -->\n<title>La Llegenda de Sant Jordi -<\/title>\n<meta name=\"description\" content=\"Partituras de m\u00fasica Sinf\u00f3nica para Orquestas y bandas. M\u00fasica escrita\" \/>\n<meta name=\"robots\" content=\"index, follow, max-snippet:-1, max-image-preview:large, max-video-preview:-1\" \/>\n<link rel=\"canonical\" href=\"https:\/\/www.omnesbands.international\/fr\/produit\/la-llegenda-de-sant-jordi\/\" \/>\n<meta property=\"og:locale\" content=\"fr_FR\" \/>\n<meta property=\"og:type\" content=\"article\" \/>\n<meta property=\"og:title\" content=\"La Llegenda de Sant Jordi\" \/>\n<meta property=\"og:description\" content=\"Partituras de m\u00fasica Sinf\u00f3nica para Orquestas y bandas. M\u00fasica escrita\" \/>\n<meta property=\"og:url\" content=\"https:\/\/www.omnesbands.international\/fr\/produit\/la-llegenda-de-sant-jordi\/\" \/>\n<meta property=\"article:modified_time\" content=\"2023-11-14T03:04:29+00:00\" \/>\n<meta property=\"og:image\" content=\"https:\/\/www.omnesbands.international\/wp-content\/uploads\/2023\/01\/La-llegenda-de-San-Jordi.jpg\" \/>\n\t<meta property=\"og:image:width\" content=\"600\" \/>\n\t<meta property=\"og:image:height\" content=\"369\" \/>\n\t<meta property=\"og:image:type\" content=\"image\/jpeg\" \/>\n<meta name=\"twitter:card\" content=\"summary_large_image\" \/>\n<meta name=\"twitter:label1\" content=\"Prix\" \/>\n\t<meta name=\"twitter:data1\" content=\"&#036;40.00\" \/>\n\t<meta name=\"twitter:label2\" content=\"Disponibilit\u00e9\" \/>\n\t<meta name=\"twitter:data2\" content=\"En stock\" \/>\n<script type=\"application\/ld+json\" class=\"yoast-schema-graph\">{\"@context\":\"https:\\\/\\\/schema.org\",\"@graph\":[{\"@type\":\"WebPage\",\"@id\":\"https:\\\/\\\/www.omnesbands.international\\\/producto\\\/la-llegenda-de-sant-jordi\\\/\",\"url\":\"https:\\\/\\\/www.omnesbands.international\\\/producto\\\/la-llegenda-de-sant-jordi\\\/\",\"name\":\"La Llegenda de Sant Jordi -\",\"isPartOf\":{\"@id\":\"https:\\\/\\\/www.omnesbands.international\\\/#website\"},\"primaryImageOfPage\":{\"@id\":\"https:\\\/\\\/www.omnesbands.international\\\/producto\\\/la-llegenda-de-sant-jordi\\\/#primaryimage\"},\"image\":{\"@id\":\"https:\\\/\\\/www.omnesbands.international\\\/producto\\\/la-llegenda-de-sant-jordi\\\/#primaryimage\"},\"thumbnailUrl\":\"https:\\\/\\\/www.omnesbands.international\\\/wp-content\\\/uploads\\\/2023\\\/01\\\/La-llegenda-de-San-Jordi.jpg\",\"datePublished\":\"2023-01-25T03:05:40+00:00\",\"dateModified\":\"2023-11-14T03:04:29+00:00\",\"description\":\"Partituras de m\u00fasica Sinf\u00f3nica para Orquestas y bandas. M\u00fasica escrita\",\"breadcrumb\":{\"@id\":\"https:\\\/\\\/www.omnesbands.international\\\/producto\\\/la-llegenda-de-sant-jordi\\\/#breadcrumb\"},\"inLanguage\":\"fr-FR\",\"potentialAction\":[{\"@type\":\"ReadAction\",\"target\":[\"https:\\\/\\\/www.omnesbands.international\\\/producto\\\/la-llegenda-de-sant-jordi\\\/\"]}]},{\"@type\":\"ImageObject\",\"inLanguage\":\"fr-FR\",\"@id\":\"https:\\\/\\\/www.omnesbands.international\\\/producto\\\/la-llegenda-de-sant-jordi\\\/#primaryimage\",\"url\":\"https:\\\/\\\/www.omnesbands.international\\\/wp-content\\\/uploads\\\/2023\\\/01\\\/La-llegenda-de-San-Jordi.jpg\",\"contentUrl\":\"https:\\\/\\\/www.omnesbands.international\\\/wp-content\\\/uploads\\\/2023\\\/01\\\/La-llegenda-de-San-Jordi.jpg\",\"width\":600,\"height\":369,\"caption\":\"La Llegenda de Sant Jordi\"},{\"@type\":\"BreadcrumbList\",\"@id\":\"https:\\\/\\\/www.omnesbands.international\\\/producto\\\/la-llegenda-de-sant-jordi\\\/#breadcrumb\",\"itemListElement\":[{\"@type\":\"ListItem\",\"position\":1,\"name\":\"Portada\",\"item\":\"https:\\\/\\\/www.omnesbands.international\\\/\"},{\"@type\":\"ListItem\",\"position\":2,\"name\":\"Tienda\",\"item\":\"https:\\\/\\\/www.omnesbands.international\\\/en\\\/shop\\\/\"},{\"@type\":\"ListItem\",\"position\":3,\"name\":\"La Llegenda de Sant Jordi\"}]},{\"@type\":\"WebSite\",\"@id\":\"https:\\\/\\\/www.omnesbands.international\\\/#website\",\"url\":\"https:\\\/\\\/www.omnesbands.international\\\/\",\"name\":\"OMNESBANDS International\",\"description\":\"Partituras Originales de autores y compositores independientes\",\"publisher\":{\"@id\":\"https:\\\/\\\/www.omnesbands.international\\\/#organization\"},\"potentialAction\":[{\"@type\":\"SearchAction\",\"target\":{\"@type\":\"EntryPoint\",\"urlTemplate\":\"https:\\\/\\\/www.omnesbands.international\\\/?s={search_term_string}\"},\"query-input\":{\"@type\":\"PropertyValueSpecification\",\"valueRequired\":true,\"valueName\":\"search_term_string\"}}],\"inLanguage\":\"fr-FR\"},{\"@type\":\"Organization\",\"@id\":\"https:\\\/\\\/www.omnesbands.international\\\/#organization\",\"name\":\"Indra Consultores Internacionales\",\"alternateName\":\"Omnesbands\",\"url\":\"https:\\\/\\\/www.omnesbands.international\\\/\",\"logo\":{\"@type\":\"ImageObject\",\"inLanguage\":\"fr-FR\",\"@id\":\"https:\\\/\\\/www.omnesbands.international\\\/#\\\/schema\\\/logo\\\/image\\\/\",\"url\":\"https:\\\/\\\/omnesbands.international\\\/wp-content\\\/uploads\\\/2023\\\/06\\\/Logo-Nuevo-.png\",\"contentUrl\":\"https:\\\/\\\/omnesbands.international\\\/wp-content\\\/uploads\\\/2023\\\/06\\\/Logo-Nuevo-.png\",\"width\":394,\"height\":212,\"caption\":\"Indra Consultores Internacionales\"},\"image\":{\"@id\":\"https:\\\/\\\/www.omnesbands.international\\\/#\\\/schema\\\/logo\\\/image\\\/\"}}]}<\/script>\n<meta property=\"product:price:amount\" content=\"40.00\" \/>\n<meta property=\"product:price:currency\" content=\"USD\" \/>\n<meta property=\"og:availability\" content=\"instock\" \/>\n<meta property=\"product:availability\" content=\"instock\" \/>\n<meta property=\"product:retailer_item_id\" content=\"LA-SIN-ESP-22\" \/>\n<meta property=\"product:condition\" content=\"new\" \/>\n<!-- \/ Yoast SEO Premium plugin. -->","yoast_head_json":{"title":"La Llegenda de Sant Jordi -","description":"Partituras de m\u00fasica Sinf\u00f3nica para Orquestas y bandas. M\u00fasica escrita","robots":{"index":"index","follow":"follow","max-snippet":"max-snippet:-1","max-image-preview":"max-image-preview:large","max-video-preview":"max-video-preview:-1"},"canonical":"https:\/\/www.omnesbands.international\/fr\/produit\/la-llegenda-de-sant-jordi\/","og_locale":"fr_FR","og_type":"article","og_title":"La Llegenda de Sant Jordi","og_description":"Partituras de m\u00fasica Sinf\u00f3nica para Orquestas y bandas. M\u00fasica escrita","og_url":"https:\/\/www.omnesbands.international\/fr\/produit\/la-llegenda-de-sant-jordi\/","article_modified_time":"2023-11-14T03:04:29+00:00","og_image":[{"width":600,"height":369,"url":"https:\/\/www.omnesbands.international\/wp-content\/uploads\/2023\/01\/La-llegenda-de-San-Jordi.jpg","type":"image\/jpeg"}],"twitter_card":"summary_large_image","twitter_misc":{"Prix":"&#36;40.00","Disponibilit\u00e9":"En stock"},"schema":{"@context":"https:\/\/schema.org","@graph":[{"@type":"WebPage","@id":"https:\/\/www.omnesbands.international\/producto\/la-llegenda-de-sant-jordi\/","url":"https:\/\/www.omnesbands.international\/producto\/la-llegenda-de-sant-jordi\/","name":"La Llegenda de Sant Jordi -","isPartOf":{"@id":"https:\/\/www.omnesbands.international\/#website"},"primaryImageOfPage":{"@id":"https:\/\/www.omnesbands.international\/producto\/la-llegenda-de-sant-jordi\/#primaryimage"},"image":{"@id":"https:\/\/www.omnesbands.international\/producto\/la-llegenda-de-sant-jordi\/#primaryimage"},"thumbnailUrl":"https:\/\/www.omnesbands.international\/wp-content\/uploads\/2023\/01\/La-llegenda-de-San-Jordi.jpg","datePublished":"2023-01-25T03:05:40+00:00","dateModified":"2023-11-14T03:04:29+00:00","description":"Partituras de m\u00fasica Sinf\u00f3nica para Orquestas y bandas. M\u00fasica escrita","breadcrumb":{"@id":"https:\/\/www.omnesbands.international\/producto\/la-llegenda-de-sant-jordi\/#breadcrumb"},"inLanguage":"fr-FR","potentialAction":[{"@type":"ReadAction","target":["https:\/\/www.omnesbands.international\/producto\/la-llegenda-de-sant-jordi\/"]}]},{"@type":"ImageObject","inLanguage":"fr-FR","@id":"https:\/\/www.omnesbands.international\/producto\/la-llegenda-de-sant-jordi\/#primaryimage","url":"https:\/\/www.omnesbands.international\/wp-content\/uploads\/2023\/01\/La-llegenda-de-San-Jordi.jpg","contentUrl":"https:\/\/www.omnesbands.international\/wp-content\/uploads\/2023\/01\/La-llegenda-de-San-Jordi.jpg","width":600,"height":369,"caption":"La Llegenda de Sant Jordi"},{"@type":"BreadcrumbList","@id":"https:\/\/www.omnesbands.international\/producto\/la-llegenda-de-sant-jordi\/#breadcrumb","itemListElement":[{"@type":"ListItem","position":1,"name":"Portada","item":"https:\/\/www.omnesbands.international\/"},{"@type":"ListItem","position":2,"name":"Tienda","item":"https:\/\/www.omnesbands.international\/en\/shop\/"},{"@type":"ListItem","position":3,"name":"La Llegenda de Sant Jordi"}]},{"@type":"WebSite","@id":"https:\/\/www.omnesbands.international\/#website","url":"https:\/\/www.omnesbands.international\/","name":"OMNESBANDS International","description":"Partitions originales d&#039;auteurs et compositeurs ind\u00e9pendants","publisher":{"@id":"https:\/\/www.omnesbands.international\/#organization"},"potentialAction":[{"@type":"SearchAction","target":{"@type":"EntryPoint","urlTemplate":"https:\/\/www.omnesbands.international\/?s={search_term_string}"},"query-input":{"@type":"PropertyValueSpecification","valueRequired":true,"valueName":"search_term_string"}}],"inLanguage":"fr-FR"},{"@type":"Organization","@id":"https:\/\/www.omnesbands.international\/#organization","name":"Indra Consultants Internationaux","alternateName":"Omnesbands","url":"https:\/\/www.omnesbands.international\/","logo":{"@type":"ImageObject","inLanguage":"fr-FR","@id":"https:\/\/www.omnesbands.international\/#\/schema\/logo\/image\/","url":"https:\/\/omnesbands.international\/wp-content\/uploads\/2023\/06\/Logo-Nuevo-.png","contentUrl":"https:\/\/omnesbands.international\/wp-content\/uploads\/2023\/06\/Logo-Nuevo-.png","width":394,"height":212,"caption":"Indra Consultores Internacionales"},"image":{"@id":"https:\/\/www.omnesbands.international\/#\/schema\/logo\/image\/"}}]},"product_price_amount":"40.00","product_price_currency":"USD","og_availability":"instock","product_availability":"instock","product_retailer_item_id":"LA-SIN-ESP-22","product_condition":"new"},"uagb_featured_image_src":{"full":["https:\/\/www.omnesbands.international\/wp-content\/uploads\/2023\/01\/La-llegenda-de-San-Jordi.jpg",600,369,false],"thumbnail":["https:\/\/www.omnesbands.international\/wp-content\/uploads\/2023\/01\/La-llegenda-de-San-Jordi-150x150.jpg",150,150,true],"medium":["https:\/\/www.omnesbands.international\/wp-content\/uploads\/2023\/01\/La-llegenda-de-San-Jordi-300x185.jpg",300,185,true],"medium_large":["https:\/\/www.omnesbands.international\/wp-content\/uploads\/2023\/01\/La-llegenda-de-San-Jordi.jpg",600,369,false],"large":["https:\/\/www.omnesbands.international\/wp-content\/uploads\/2023\/01\/La-llegenda-de-San-Jordi.jpg",600,369,false],"1536x1536":["https:\/\/www.omnesbands.international\/wp-content\/uploads\/2023\/01\/La-llegenda-de-San-Jordi.jpg",600,369,false],"2048x2048":["https:\/\/www.omnesbands.international\/wp-content\/uploads\/2023\/01\/La-llegenda-de-San-Jordi.jpg",600,369,false],"trp-custom-language-flag":["https:\/\/www.omnesbands.international\/wp-content\/uploads\/2023\/01\/La-llegenda-de-San-Jordi.jpg",18,12,false],"gg_gallery_thumbnail":["https:\/\/www.omnesbands.international\/wp-content\/uploads\/2023\/01\/La-llegenda-de-San-Jordi.jpg",407,250,false],"woocommerce_thumbnail":["https:\/\/www.omnesbands.international\/wp-content\/uploads\/2023\/01\/La-llegenda-de-San-Jordi-300x300.jpg",300,300,true],"woocommerce_single":["https:\/\/www.omnesbands.international\/wp-content\/uploads\/2023\/01\/La-llegenda-de-San-Jordi.jpg",600,369,false],"woocommerce_gallery_thumbnail":["https:\/\/www.omnesbands.international\/wp-content\/uploads\/2023\/01\/La-llegenda-de-San-Jordi-100x100.jpg",100,100,true]},"uagb_author_info":{"display_name":"Melvin R. Portillo A:","author_link":"https:\/\/www.omnesbands.international\/fr\/author\/"},"uagb_comment_info":0,"uagb_excerpt":"LA LLEGENDA DE SANT JORDI \/ La leyenda de San Jorge La intenci\u00f3n de esta Suite es evocar musicalmente \u201cLa Llegenda de Sant Jordi\u201d. La parte inicial nos describe el Montblanc Medieval. Despu\u00e9s de la introducci\u00f3n se presentan los temas de los personajes principales, describiendo as\u00ed a la princesa, el drag\u00f3n, San Jorge y la\u2026","_links":{"self":[{"href":"https:\/\/www.omnesbands.international\/fr\/wp-json\/wp\/v2\/product\/1131","targetHints":{"allow":["GET"]}}],"collection":[{"href":"https:\/\/www.omnesbands.international\/fr\/wp-json\/wp\/v2\/product"}],"about":[{"href":"https:\/\/www.omnesbands.international\/fr\/wp-json\/wp\/v2\/types\/product"}],"replies":[{"embeddable":true,"href":"https:\/\/www.omnesbands.international\/fr\/wp-json\/wp\/v2\/comments?post=1131"}],"wp:featuredmedia":[{"embeddable":true,"href":"https:\/\/www.omnesbands.international\/fr\/wp-json\/wp\/v2\/media\/1132"}],"wp:attachment":[{"href":"https:\/\/www.omnesbands.international\/fr\/wp-json\/wp\/v2\/media?parent=1131"}],"wp:term":[{"taxonomy":"product_brand","embeddable":true,"href":"https:\/\/www.omnesbands.international\/fr\/wp-json\/wp\/v2\/product_brand?post=1131"},{"taxonomy":"product_cat","embeddable":true,"href":"https:\/\/www.omnesbands.international\/fr\/wp-json\/wp\/v2\/product_cat?post=1131"},{"taxonomy":"product_tag","embeddable":true,"href":"https:\/\/www.omnesbands.international\/fr\/wp-json\/wp\/v2\/product_tag?post=1131"}],"curies":[{"name":"wp","href":"https:\/\/api.w.org\/{rel}","templated":true}]}}