{"id":1140,"date":"2023-01-24T21:20:55","date_gmt":"2023-01-25T03:20:55","guid":{"rendered":"https:\/\/omnesbands.international\/?post_type=product&#038;p=1140"},"modified":"2023-11-13T20:43:33","modified_gmt":"2023-11-14T02:43:33","slug":"marimba-concerto-version-para-marimba-y-banda","status":"publish","type":"product","link":"https:\/\/www.omnesbands.international\/fr\/produit\/marimba-concerto-version-para-marimba-y-banda\/","title":{"rendered":"Concerto de marimba (version pour marimba et orchestre)"},"content":{"rendered":"<p>Concert pour Marimba et Band, une \u0153uvre du maestro Ram\u00f3n Garc\u00eda i Soler d\u00e9di\u00e9e \u00e0 la m\u00e9moire d&#039;Elena Mart\u00ednez Navarro.<br \/>\nLe \u00ab\u00a0Concerto Marimba\u00a0\u00bb a \u00e9t\u00e9 command\u00e9 par le marimbiste et chef d&#039;orchestre d&#039;Alicante, Jordi Franc\u00e9s Sanjuan. Il a \u00e9t\u00e9 initialement compos\u00e9 pour orchestre entre mai 2005 et janvier 2006. La premi\u00e8re a eu lieu \u00e0 l&#039;Auditorium Mart\u00edn Codax du Conservatoire Sup\u00e9rieur de Vigo (Galice-Espagne) le 24 mai 2006 par le soliste Jordi Franc\u00e9s et son centre d&#039;orchestre, sous la direction du soliste Jordi Franc\u00e9s. sous la direction de Javier Viceiro. Dans cette \u00e9dition, nous pr\u00e9sentons la version pour orchestre symphonique pr\u00e9par\u00e9e par l&#039;auteur Ram\u00f3n Garc\u00eda i Soler lui-m\u00eame.<\/p>\n<p>L&#039;ouvrage est d\u00e9di\u00e9 \u00e0 la m\u00e9moire d&#039;Elena Mart\u00ednez Navarro, une jeune femme connue de l&#039;auteur, d\u00e9c\u00e9d\u00e9e des suites d&#039;une grave maladie quelques jours apr\u00e8s avoir eu son fils.<\/p>\n<p>L&#039;\u0153uvre r\u00e9pond \u00e0 la structure traditionnelle du concert. Il est compos\u00e9 de trois mouvements (Allegro-Adagio-Allegro) ; le premier d&#039;un air jovial en forme de sonate, le second d&#039;un caract\u00e8re m\u00e9ditatif, articul\u00e9 en th\u00e8me vari\u00e9 et le troisi\u00e8me d&#039;un caract\u00e8re transcendant sous la forme d&#039;un scherzo.<\/p>","protected":false},"excerpt":{"rendered":"<p>Concert pour Marimba et Band, une \u0153uvre du maestro Ram\u00f3n Garc\u00eda i Soler d\u00e9di\u00e9e \u00e0 la m\u00e9moire d&#039;Elena Mart\u00ednez Navarro.<br \/>\nLe \u00ab\u00a0Concerto Marimba\u00a0\u00bb a \u00e9t\u00e9 command\u00e9 par le marimbiste et chef d&#039;orchestre d&#039;Alicante, Jordi Franc\u00e9s Sanjuan. Elle a \u00e9t\u00e9 initialement compos\u00e9e pour orchestre entre mai 2005 et janvier 2006. La premi\u00e8re a eu lieu \u00e0 l&#039;Auditorium Mart\u00edn Codax du Conservatoire Sup\u00e9rieur de Vigo (Galice-Espagne) le 24 mai 2006 par le soliste Jordi Franc\u00e9s et son orchestre central, sous la direction sous la direction de Javier Viceiro. Dans cette \u00e9dition, nous pr\u00e9sentons la version pour orchestre symphonique pr\u00e9par\u00e9e par l&#039;auteur Ram\u00f3n Garc\u00eda i Soler lui-m\u00eame. L&#039;ouvrage est d\u00e9di\u00e9 \u00e0 la m\u00e9moire d&#039;Elena Mart\u00ednez Navarro, une jeune femme connue de l&#039;auteur, d\u00e9c\u00e9d\u00e9e des suites d&#039;une grave maladie quelques jours apr\u00e8s avoir eu son fils. L&#039;\u0153uvre r\u00e9pond \u00e0 la structure traditionnelle du concert. Il est compos\u00e9 de trois mouvements (Allegro-Adagio-Allegro) ; le premier d&#039;un air jovial en forme de sonate, le second d&#039;un caract\u00e8re m\u00e9ditatif, articul\u00e9 en th\u00e8me vari\u00e9 et le troisi\u00e8me d&#039;un caract\u00e8re transcendant sous la forme d&#039;un scherzo.<\/p>","protected":false},"featured_media":2782,"comment_status":"open","ping_status":"closed","template":"","meta":{"_acf_changed":false,"_uag_custom_page_level_css":"","site-sidebar-layout":"default","site-content-layout":"default","ast-site-content-layout":"default","site-content-style":"default","site-sidebar-style":"default","ast-global-header-display":"","ast-banner-title-visibility":"","ast-main-header-display":"","ast-hfb-above-header-display":"","ast-hfb-below-header-display":"","ast-hfb-mobile-header-display":"","site-post-title":"","ast-breadcrumbs-content":"","ast-featured-img":"","footer-sml-layout":"","ast-disable-related-posts":"","theme-transparent-header-meta":"default","adv-header-id-meta":"","stick-header-meta":"default","header-above-stick-meta":"","header-main-stick-meta":"","header-below-stick-meta":"","astra-migrate-meta-layouts":"set","ast-page-background-enabled":"default","ast-page-background-meta":{"desktop":{"background-color":"","background-image":"","background-repeat":"repeat","background-position":"center center","background-size":"auto","background-attachment":"scroll","background-type":"","background-media":"","overlay-type":"","overlay-color":"","overlay-opacity":"","overlay-gradient":""},"tablet":{"background-color":"","background-image":"","background-repeat":"repeat","background-position":"center center","background-size":"auto","background-attachment":"scroll","background-type":"","background-media":"","overlay-type":"","overlay-color":"","overlay-opacity":"","overlay-gradient":""},"mobile":{"background-color":"","background-image":"","background-repeat":"repeat","background-position":"center center","background-size":"auto","background-attachment":"scroll","background-type":"","background-media":"","overlay-type":"","overlay-color":"","overlay-opacity":"","overlay-gradient":""}},"ast-content-background-meta":{"desktop":{"background-color":"var(--ast-global-color-5)","background-image":"","background-repeat":"repeat","background-position":"center center","background-size":"auto","background-attachment":"scroll","background-type":"","background-media":"","overlay-type":"","overlay-color":"","overlay-opacity":"","overlay-gradient":""},"tablet":{"background-color":"var(--ast-global-color-5)","background-image":"","background-repeat":"repeat","background-position":"center center","background-size":"auto","background-attachment":"scroll","background-type":"","background-media":"","overlay-type":"","overlay-color":"","overlay-opacity":"","overlay-gradient":""},"mobile":{"background-color":"var(--ast-global-color-5)","background-image":"","background-repeat":"repeat","background-position":"center center","background-size":"auto","background-attachment":"scroll","background-type":"","background-media":"","overlay-type":"","overlay-color":"","overlay-opacity":"","overlay-gradient":""}}},"product_brand":[],"product_cat":[24],"product_tag":[29],"class_list":{"0":"post-1140","1":"product","2":"type-product","3":"status-publish","4":"has-post-thumbnail","6":"product_cat-sinfonicas","7":"product_tag-ramon-garcia-soler","8":"desktop-align-left","9":"tablet-align-left","10":"mobile-align-left","11":"ast-product-gallery-layout-horizontal-slider","13":"first","14":"instock","15":"downloadable","16":"virtual","17":"taxable","18":"purchasable","19":"product-type-simple"},"acf":[],"yoast_head":"<!-- This site is optimized with the Yoast SEO Premium plugin v22.4 (Yoast SEO v27.4) - https:\/\/yoast.com\/product\/yoast-seo-premium-wordpress\/ -->\n<title>Marimba Concerto (Versi\u00f3n para Marimba y Banda) -<\/title>\n<meta name=\"description\" content=\"Partituras de m\u00fasica Sinf\u00f3nica para Orquestas y bandas. M\u00fasica escrita\" \/>\n<meta name=\"robots\" content=\"index, follow, max-snippet:-1, max-image-preview:large, max-video-preview:-1\" \/>\n<link rel=\"canonical\" href=\"https:\/\/www.omnesbands.international\/fr\/produkt\/marimba-concerto-version-para-marimba-y-banda\/\" \/>\n<meta property=\"og:locale\" content=\"fr_FR\" \/>\n<meta property=\"og:type\" content=\"article\" \/>\n<meta property=\"og:title\" content=\"Marimba Concerto (Versi\u00f3n para Marimba y Banda)\" \/>\n<meta property=\"og:description\" content=\"Partituras de m\u00fasica Sinf\u00f3nica para Orquestas y bandas. M\u00fasica escrita\" \/>\n<meta property=\"og:url\" content=\"https:\/\/www.omnesbands.international\/fr\/produkt\/marimba-concerto-version-para-marimba-y-banda\/\" \/>\n<meta property=\"article:modified_time\" content=\"2023-11-14T02:43:33+00:00\" \/>\n<meta property=\"og:image\" content=\"https:\/\/www.omnesbands.international\/wp-content\/uploads\/2023\/01\/Marimba-Concerto-1.jpg\" \/>\n\t<meta property=\"og:image:width\" content=\"751\" \/>\n\t<meta property=\"og:image:height\" content=\"814\" \/>\n\t<meta property=\"og:image:type\" content=\"image\/jpeg\" \/>\n<meta name=\"twitter:card\" content=\"summary_large_image\" \/>\n<meta name=\"twitter:label1\" content=\"Prix\" \/>\n\t<meta name=\"twitter:data1\" content=\"&#036;45.00\" \/>\n\t<meta name=\"twitter:label2\" content=\"Disponibilit\u00e9\" \/>\n\t<meta name=\"twitter:data2\" content=\"En stock\" \/>\n<script type=\"application\/ld+json\" class=\"yoast-schema-graph\">{\"@context\":\"https:\\\/\\\/schema.org\",\"@graph\":[{\"@type\":\"WebPage\",\"@id\":\"https:\\\/\\\/www.omnesbands.international\\\/de\\\/produkt\\\/marimba-concerto-version-para-marimba-y-banda\\\/\",\"url\":\"https:\\\/\\\/www.omnesbands.international\\\/de\\\/produkt\\\/marimba-concerto-version-para-marimba-y-banda\\\/\",\"name\":\"Marimba Concerto (Versi\u00f3n para Marimba y Banda) -\",\"isPartOf\":{\"@id\":\"https:\\\/\\\/www.omnesbands.international\\\/#website\"},\"primaryImageOfPage\":{\"@id\":\"https:\\\/\\\/www.omnesbands.international\\\/de\\\/produkt\\\/marimba-concerto-version-para-marimba-y-banda\\\/#primaryimage\"},\"image\":{\"@id\":\"https:\\\/\\\/www.omnesbands.international\\\/de\\\/produkt\\\/marimba-concerto-version-para-marimba-y-banda\\\/#primaryimage\"},\"thumbnailUrl\":\"https:\\\/\\\/www.omnesbands.international\\\/wp-content\\\/uploads\\\/2023\\\/01\\\/Marimba-Concerto-1.jpg\",\"datePublished\":\"2023-01-25T03:20:55+00:00\",\"dateModified\":\"2023-11-14T02:43:33+00:00\",\"description\":\"Partituras de m\u00fasica Sinf\u00f3nica para Orquestas y bandas. M\u00fasica escrita\",\"breadcrumb\":{\"@id\":\"https:\\\/\\\/www.omnesbands.international\\\/de\\\/produkt\\\/marimba-concerto-version-para-marimba-y-banda\\\/#breadcrumb\"},\"inLanguage\":\"fr-FR\",\"potentialAction\":[{\"@type\":\"ReadAction\",\"target\":[\"https:\\\/\\\/www.omnesbands.international\\\/de\\\/produkt\\\/marimba-concerto-version-para-marimba-y-banda\\\/\"]}]},{\"@type\":\"ImageObject\",\"inLanguage\":\"fr-FR\",\"@id\":\"https:\\\/\\\/www.omnesbands.international\\\/de\\\/produkt\\\/marimba-concerto-version-para-marimba-y-banda\\\/#primaryimage\",\"url\":\"https:\\\/\\\/www.omnesbands.international\\\/wp-content\\\/uploads\\\/2023\\\/01\\\/Marimba-Concerto-1.jpg\",\"contentUrl\":\"https:\\\/\\\/www.omnesbands.international\\\/wp-content\\\/uploads\\\/2023\\\/01\\\/Marimba-Concerto-1.jpg\",\"width\":751,\"height\":814,\"caption\":\"Marimba Concerto\"},{\"@type\":\"BreadcrumbList\",\"@id\":\"https:\\\/\\\/www.omnesbands.international\\\/de\\\/produkt\\\/marimba-concerto-version-para-marimba-y-banda\\\/#breadcrumb\",\"itemListElement\":[{\"@type\":\"ListItem\",\"position\":1,\"name\":\"Portada\",\"item\":\"https:\\\/\\\/www.omnesbands.international\\\/\"},{\"@type\":\"ListItem\",\"position\":2,\"name\":\"Tienda\",\"item\":\"https:\\\/\\\/www.omnesbands.international\\\/en\\\/shop\\\/\"},{\"@type\":\"ListItem\",\"position\":3,\"name\":\"Marimba Concerto (Versi\u00f3n para Marimba y Banda)\"}]},{\"@type\":\"WebSite\",\"@id\":\"https:\\\/\\\/www.omnesbands.international\\\/#website\",\"url\":\"https:\\\/\\\/www.omnesbands.international\\\/\",\"name\":\"OMNESBANDS International\",\"description\":\"Partituras Originales de autores y compositores independientes\",\"publisher\":{\"@id\":\"https:\\\/\\\/www.omnesbands.international\\\/#organization\"},\"potentialAction\":[{\"@type\":\"SearchAction\",\"target\":{\"@type\":\"EntryPoint\",\"urlTemplate\":\"https:\\\/\\\/www.omnesbands.international\\\/?s={search_term_string}\"},\"query-input\":{\"@type\":\"PropertyValueSpecification\",\"valueRequired\":true,\"valueName\":\"search_term_string\"}}],\"inLanguage\":\"fr-FR\"},{\"@type\":\"Organization\",\"@id\":\"https:\\\/\\\/www.omnesbands.international\\\/#organization\",\"name\":\"Indra Consultores Internacionales\",\"alternateName\":\"Omnesbands\",\"url\":\"https:\\\/\\\/www.omnesbands.international\\\/\",\"logo\":{\"@type\":\"ImageObject\",\"inLanguage\":\"fr-FR\",\"@id\":\"https:\\\/\\\/www.omnesbands.international\\\/#\\\/schema\\\/logo\\\/image\\\/\",\"url\":\"https:\\\/\\\/omnesbands.international\\\/wp-content\\\/uploads\\\/2023\\\/06\\\/Logo-Nuevo-.png\",\"contentUrl\":\"https:\\\/\\\/omnesbands.international\\\/wp-content\\\/uploads\\\/2023\\\/06\\\/Logo-Nuevo-.png\",\"width\":394,\"height\":212,\"caption\":\"Indra Consultores Internacionales\"},\"image\":{\"@id\":\"https:\\\/\\\/www.omnesbands.international\\\/#\\\/schema\\\/logo\\\/image\\\/\"}}]}<\/script>\n<meta property=\"product:price:amount\" content=\"45.00\" \/>\n<meta property=\"product:price:currency\" content=\"USD\" \/>\n<meta property=\"og:availability\" content=\"instock\" \/>\n<meta property=\"product:availability\" content=\"instock\" \/>\n<meta property=\"product:retailer_item_id\" content=\"MARI-SIN-ESP-22\" \/>\n<meta property=\"product:condition\" content=\"new\" \/>\n<!-- \/ Yoast SEO Premium plugin. -->","yoast_head_json":{"title":"Marimba Concerto (Versi\u00f3n para Marimba y Banda) -","description":"Partituras de m\u00fasica Sinf\u00f3nica para Orquestas y bandas. M\u00fasica escrita","robots":{"index":"index","follow":"follow","max-snippet":"max-snippet:-1","max-image-preview":"max-image-preview:large","max-video-preview":"max-video-preview:-1"},"canonical":"https:\/\/www.omnesbands.international\/fr\/produkt\/marimba-concerto-version-para-marimba-y-banda\/","og_locale":"fr_FR","og_type":"article","og_title":"Marimba Concerto (Versi\u00f3n para Marimba y Banda)","og_description":"Partituras de m\u00fasica Sinf\u00f3nica para Orquestas y bandas. M\u00fasica escrita","og_url":"https:\/\/www.omnesbands.international\/fr\/produkt\/marimba-concerto-version-para-marimba-y-banda\/","article_modified_time":"2023-11-14T02:43:33+00:00","og_image":[{"width":751,"height":814,"url":"https:\/\/www.omnesbands.international\/wp-content\/uploads\/2023\/01\/Marimba-Concerto-1.jpg","type":"image\/jpeg"}],"twitter_card":"summary_large_image","twitter_misc":{"Prix":"&#36;45.00","Disponibilit\u00e9":"En stock"},"schema":{"@context":"https:\/\/schema.org","@graph":[{"@type":"WebPage","@id":"https:\/\/www.omnesbands.international\/de\/produkt\/marimba-concerto-version-para-marimba-y-banda\/","url":"https:\/\/www.omnesbands.international\/de\/produkt\/marimba-concerto-version-para-marimba-y-banda\/","name":"Marimba Concerto (Versi\u00f3n para Marimba y Banda) -","isPartOf":{"@id":"https:\/\/www.omnesbands.international\/#website"},"primaryImageOfPage":{"@id":"https:\/\/www.omnesbands.international\/de\/produkt\/marimba-concerto-version-para-marimba-y-banda\/#primaryimage"},"image":{"@id":"https:\/\/www.omnesbands.international\/de\/produkt\/marimba-concerto-version-para-marimba-y-banda\/#primaryimage"},"thumbnailUrl":"https:\/\/www.omnesbands.international\/wp-content\/uploads\/2023\/01\/Marimba-Concerto-1.jpg","datePublished":"2023-01-25T03:20:55+00:00","dateModified":"2023-11-14T02:43:33+00:00","description":"Partituras de m\u00fasica Sinf\u00f3nica para Orquestas y bandas. M\u00fasica escrita","breadcrumb":{"@id":"https:\/\/www.omnesbands.international\/de\/produkt\/marimba-concerto-version-para-marimba-y-banda\/#breadcrumb"},"inLanguage":"fr-FR","potentialAction":[{"@type":"ReadAction","target":["https:\/\/www.omnesbands.international\/de\/produkt\/marimba-concerto-version-para-marimba-y-banda\/"]}]},{"@type":"ImageObject","inLanguage":"fr-FR","@id":"https:\/\/www.omnesbands.international\/de\/produkt\/marimba-concerto-version-para-marimba-y-banda\/#primaryimage","url":"https:\/\/www.omnesbands.international\/wp-content\/uploads\/2023\/01\/Marimba-Concerto-1.jpg","contentUrl":"https:\/\/www.omnesbands.international\/wp-content\/uploads\/2023\/01\/Marimba-Concerto-1.jpg","width":751,"height":814,"caption":"Marimba Concerto"},{"@type":"BreadcrumbList","@id":"https:\/\/www.omnesbands.international\/de\/produkt\/marimba-concerto-version-para-marimba-y-banda\/#breadcrumb","itemListElement":[{"@type":"ListItem","position":1,"name":"Portada","item":"https:\/\/www.omnesbands.international\/"},{"@type":"ListItem","position":2,"name":"Tienda","item":"https:\/\/www.omnesbands.international\/en\/shop\/"},{"@type":"ListItem","position":3,"name":"Marimba Concerto (Versi\u00f3n para Marimba y Banda)"}]},{"@type":"WebSite","@id":"https:\/\/www.omnesbands.international\/#website","url":"https:\/\/www.omnesbands.international\/","name":"OMNESBANDS International","description":"Partitions originales d&#039;auteurs et compositeurs ind\u00e9pendants","publisher":{"@id":"https:\/\/www.omnesbands.international\/#organization"},"potentialAction":[{"@type":"SearchAction","target":{"@type":"EntryPoint","urlTemplate":"https:\/\/www.omnesbands.international\/?s={search_term_string}"},"query-input":{"@type":"PropertyValueSpecification","valueRequired":true,"valueName":"search_term_string"}}],"inLanguage":"fr-FR"},{"@type":"Organization","@id":"https:\/\/www.omnesbands.international\/#organization","name":"Indra Consultants Internationaux","alternateName":"Omnesbands","url":"https:\/\/www.omnesbands.international\/","logo":{"@type":"ImageObject","inLanguage":"fr-FR","@id":"https:\/\/www.omnesbands.international\/#\/schema\/logo\/image\/","url":"https:\/\/omnesbands.international\/wp-content\/uploads\/2023\/06\/Logo-Nuevo-.png","contentUrl":"https:\/\/omnesbands.international\/wp-content\/uploads\/2023\/06\/Logo-Nuevo-.png","width":394,"height":212,"caption":"Indra Consultores Internacionales"},"image":{"@id":"https:\/\/www.omnesbands.international\/#\/schema\/logo\/image\/"}}]},"product_price_amount":"45.00","product_price_currency":"USD","og_availability":"instock","product_availability":"instock","product_retailer_item_id":"MARI-SIN-ESP-22","product_condition":"new"},"uagb_featured_image_src":{"full":["https:\/\/www.omnesbands.international\/wp-content\/uploads\/2023\/01\/Marimba-Concerto-1.jpg",751,814,false],"thumbnail":["https:\/\/www.omnesbands.international\/wp-content\/uploads\/2023\/01\/Marimba-Concerto-1-150x150.jpg",150,150,true],"medium":["https:\/\/www.omnesbands.international\/wp-content\/uploads\/2023\/01\/Marimba-Concerto-1-277x300.jpg",277,300,true],"medium_large":["https:\/\/www.omnesbands.international\/wp-content\/uploads\/2023\/01\/Marimba-Concerto-1.jpg",751,814,false],"large":["https:\/\/www.omnesbands.international\/wp-content\/uploads\/2023\/01\/Marimba-Concerto-1.jpg",751,814,false],"1536x1536":["https:\/\/www.omnesbands.international\/wp-content\/uploads\/2023\/01\/Marimba-Concerto-1.jpg",751,814,false],"2048x2048":["https:\/\/www.omnesbands.international\/wp-content\/uploads\/2023\/01\/Marimba-Concerto-1.jpg",751,814,false],"trp-custom-language-flag":["https:\/\/www.omnesbands.international\/wp-content\/uploads\/2023\/01\/Marimba-Concerto-1-11x12.jpg",11,12,true],"gg_gallery_thumbnail":["https:\/\/www.omnesbands.international\/wp-content\/uploads\/2023\/01\/Marimba-Concerto-1-450x250.jpg",450,250,true],"woocommerce_thumbnail":["https:\/\/www.omnesbands.international\/wp-content\/uploads\/2023\/01\/Marimba-Concerto-1-300x300.jpg",300,300,true],"woocommerce_single":["https:\/\/www.omnesbands.international\/wp-content\/uploads\/2023\/01\/Marimba-Concerto-1-600x650.jpg",600,650,true],"woocommerce_gallery_thumbnail":["https:\/\/www.omnesbands.international\/wp-content\/uploads\/2023\/01\/Marimba-Concerto-1-100x100.jpg",100,100,true]},"uagb_author_info":{"display_name":"Melvin R. Portillo A:","author_link":"https:\/\/www.omnesbands.international\/fr\/author\/"},"uagb_comment_info":0,"uagb_excerpt":"Concierto para Marimba y Banda, obra del maestro Ram\u00f3n Garc\u00eda i Soler dedicada a la memoria de Elena Mart\u00ednez Navarro. El \u201cMarimba Concerto\u201d nace por encargo del marimbista y director alicantino Jordi Franc\u00e9s Sanjuan. Fue compuesto originalmente para orquesta entre mayo de 2005 y enero de 2006. El estreno tuvo lugar en el Auditorio Mart\u00edn\u2026","_links":{"self":[{"href":"https:\/\/www.omnesbands.international\/fr\/wp-json\/wp\/v2\/product\/1140","targetHints":{"allow":["GET"]}}],"collection":[{"href":"https:\/\/www.omnesbands.international\/fr\/wp-json\/wp\/v2\/product"}],"about":[{"href":"https:\/\/www.omnesbands.international\/fr\/wp-json\/wp\/v2\/types\/product"}],"replies":[{"embeddable":true,"href":"https:\/\/www.omnesbands.international\/fr\/wp-json\/wp\/v2\/comments?post=1140"}],"wp:featuredmedia":[{"embeddable":true,"href":"https:\/\/www.omnesbands.international\/fr\/wp-json\/wp\/v2\/media\/2782"}],"wp:attachment":[{"href":"https:\/\/www.omnesbands.international\/fr\/wp-json\/wp\/v2\/media?parent=1140"}],"wp:term":[{"taxonomy":"product_brand","embeddable":true,"href":"https:\/\/www.omnesbands.international\/fr\/wp-json\/wp\/v2\/product_brand?post=1140"},{"taxonomy":"product_cat","embeddable":true,"href":"https:\/\/www.omnesbands.international\/fr\/wp-json\/wp\/v2\/product_cat?post=1140"},{"taxonomy":"product_tag","embeddable":true,"href":"https:\/\/www.omnesbands.international\/fr\/wp-json\/wp\/v2\/product_tag?post=1140"}],"curies":[{"name":"wp","href":"https:\/\/api.w.org\/{rel}","templated":true}]}}