{"id":1157,"date":"2023-01-24T21:47:36","date_gmt":"2023-01-25T03:47:36","guid":{"rendered":"https:\/\/omnesbands.international\/?post_type=product&#038;p=1157"},"modified":"2023-11-13T18:59:08","modified_gmt":"2023-11-14T00:59:08","slug":"viento-del-pueblo","status":"publish","type":"product","link":"https:\/\/www.omnesbands.international\/fr\/produit\/viento-del-pueblo\/","title":{"rendered":"Vent de la ville"},"content":{"rendered":"<p>Po\u00e8me symphonique pour groupe, d\u00e9di\u00e9 \u00e0 la m\u00e9moire de Miguel Hern\u00e1ndez \u00e0 l&#039;occasion du 50e anniversaire de sa mort. \u0152uvre \u00e9galement cr\u00e9\u00e9e en version orchestrale. Du compositeur Joan Enric Canet Todoli, de son activit\u00e9 de compositeur, nous pouvons souligner les \u0153uvres suivantes : Sinfon\u00eda concertante, pour orchestre et saxophoniste (cr\u00e9\u00e9e au XIe Congr\u00e8s Mondial du Saxophone et au XIIIe Festival de Musique Contemporaine d&#039;Alicante), L &#039;Album de Nadia (suite pour orchestre), Viento del Pueblo (Po\u00e8me symphonique pour orchestre et \u00e9galement cr\u00e9\u00e9 dans une version pour orchestre symphonique), Sonatine pour basson et piano, Caribe\u00f1a (Septet), Duetto pour violon et violoncelle, Aben-Bazel, Wahabitas et Alfaquies (Marches maures), Benicadell et Novecento (Pasodobles), Tonatiuh (Musique incidente pour la capitainerie de l&#039;entr\u00e9e maure d&#039;Alcoy), Le fils de Zebedeo (Marche processionnelle), Aquarel.la alacantina (composition gagnante du I National Concours de composition &quot;Ville d&#039;Alicante&quot;.<\/p>","protected":false},"excerpt":{"rendered":"<p>Po\u00e8me symphonique pour groupe, d\u00e9di\u00e9 \u00e0 la m\u00e9moire de Miguel Hern\u00e1ndez \u00e0 l&#039;occasion du 50e anniversaire de sa mort. \u0152uvre \u00e9galement cr\u00e9\u00e9e en version orchestrale. Du compositeur Joan Enric Canet Todoli, de son activit\u00e9 de compositeur, nous pouvons souligner les \u0153uvres suivantes : Sinfon\u00eda concertante, pour orchestre et saxophoniste (cr\u00e9\u00e9e au XIe Congr\u00e8s Mondial du Saxophone et au XIIIe Festival de Musique Contemporaine d&#039;Alicante), L &#039;Album de Nadia (suite pour orchestre), Viento del Pueblo (Po\u00e8me symphonique pour orchestre et \u00e9galement cr\u00e9\u00e9 dans une version pour orchestre symphonique), Sonatine pour basson et piano, Caribe\u00f1a (Septet), Duetto pour violon et violoncelle, Aben-Bazel, Wahabitas et Alfaquies (Marches maures), Benicadell et Novecento (Pasodobles), Tonatiuh (Musique incidente pour la capitainerie de l&#039;entr\u00e9e maure d&#039;Alcoy), Le fils de Zebedeo (Marche processionnelle), Aquarel.la alacantina (composition gagnante du I National Concours de composition &quot;Ville d&#039;Alicante&quot;.<\/p>","protected":false},"featured_media":2757,"comment_status":"open","ping_status":"closed","template":"","meta":{"_acf_changed":false,"_uag_custom_page_level_css":"","site-sidebar-layout":"default","site-content-layout":"default","ast-site-content-layout":"default","site-content-style":"default","site-sidebar-style":"default","ast-global-header-display":"","ast-banner-title-visibility":"","ast-main-header-display":"","ast-hfb-above-header-display":"","ast-hfb-below-header-display":"","ast-hfb-mobile-header-display":"","site-post-title":"","ast-breadcrumbs-content":"","ast-featured-img":"","footer-sml-layout":"","ast-disable-related-posts":"","theme-transparent-header-meta":"default","adv-header-id-meta":"","stick-header-meta":"default","header-above-stick-meta":"","header-main-stick-meta":"","header-below-stick-meta":"","astra-migrate-meta-layouts":"set","ast-page-background-enabled":"default","ast-page-background-meta":{"desktop":{"background-color":"","background-image":"","background-repeat":"repeat","background-position":"center center","background-size":"auto","background-attachment":"scroll","background-type":"","background-media":"","overlay-type":"","overlay-color":"","overlay-opacity":"","overlay-gradient":""},"tablet":{"background-color":"","background-image":"","background-repeat":"repeat","background-position":"center center","background-size":"auto","background-attachment":"scroll","background-type":"","background-media":"","overlay-type":"","overlay-color":"","overlay-opacity":"","overlay-gradient":""},"mobile":{"background-color":"","background-image":"","background-repeat":"repeat","background-position":"center center","background-size":"auto","background-attachment":"scroll","background-type":"","background-media":"","overlay-type":"","overlay-color":"","overlay-opacity":"","overlay-gradient":""}},"ast-content-background-meta":{"desktop":{"background-color":"var(--ast-global-color-5)","background-image":"","background-repeat":"repeat","background-position":"center center","background-size":"auto","background-attachment":"scroll","background-type":"","background-media":"","overlay-type":"","overlay-color":"","overlay-opacity":"","overlay-gradient":""},"tablet":{"background-color":"var(--ast-global-color-5)","background-image":"","background-repeat":"repeat","background-position":"center center","background-size":"auto","background-attachment":"scroll","background-type":"","background-media":"","overlay-type":"","overlay-color":"","overlay-opacity":"","overlay-gradient":""},"mobile":{"background-color":"var(--ast-global-color-5)","background-image":"","background-repeat":"repeat","background-position":"center center","background-size":"auto","background-attachment":"scroll","background-type":"","background-media":"","overlay-type":"","overlay-color":"","overlay-opacity":"","overlay-gradient":""}}},"product_brand":[],"product_cat":[24],"product_tag":[50],"class_list":{"0":"post-1157","1":"product","2":"type-product","3":"status-publish","4":"has-post-thumbnail","6":"product_cat-sinfonicas","7":"product_tag-joan-enric-canet-todoli","8":"desktop-align-left","9":"tablet-align-left","10":"mobile-align-left","11":"ast-product-gallery-layout-horizontal-slider","13":"first","14":"instock","15":"downloadable","16":"virtual","17":"taxable","18":"purchasable","19":"product-type-simple"},"acf":[],"yoast_head":"<!-- This site is optimized with the Yoast SEO Premium plugin v22.4 (Yoast SEO v27.4) - https:\/\/yoast.com\/product\/yoast-seo-premium-wordpress\/ -->\n<title>Viento del Pueblo -<\/title>\n<meta name=\"description\" content=\"Poema Sinf\u00f3nico para banda, dedicado a la memoria de Miguel Hern\u00e1ndez en el 50 Aniversario de su muerte. Obra estrenada tambi\u00e9n en versi\u00f3n para orquesta.\" \/>\n<meta name=\"robots\" content=\"index, follow, max-snippet:-1, max-image-preview:large, max-video-preview:-1\" \/>\n<link rel=\"canonical\" href=\"https:\/\/www.omnesbands.international\/fr\/produit\/viento-del-pueblo\/\" \/>\n<meta property=\"og:locale\" content=\"fr_FR\" \/>\n<meta property=\"og:type\" content=\"article\" \/>\n<meta property=\"og:title\" content=\"Viento del Pueblo\" \/>\n<meta property=\"og:description\" content=\"Poema Sinf\u00f3nico para banda, dedicado a la memoria de Miguel Hern\u00e1ndez en el 50 Aniversario de su muerte. Obra estrenada tambi\u00e9n en versi\u00f3n para orquesta.\" \/>\n<meta property=\"og:url\" content=\"https:\/\/www.omnesbands.international\/fr\/produit\/viento-del-pueblo\/\" \/>\n<meta property=\"article:modified_time\" content=\"2023-11-14T00:59:08+00:00\" \/>\n<meta property=\"og:image\" content=\"https:\/\/www.omnesbands.international\/wp-content\/uploads\/2023\/01\/Viento-del-Pueblo-1.jpg\" \/>\n\t<meta property=\"og:image:width\" content=\"765\" \/>\n\t<meta property=\"og:image:height\" content=\"834\" \/>\n\t<meta property=\"og:image:type\" content=\"image\/jpeg\" \/>\n<meta name=\"twitter:card\" content=\"summary_large_image\" \/>\n<meta name=\"twitter:label1\" content=\"Prix\" \/>\n\t<meta name=\"twitter:data1\" content=\"&#036;40.00\" \/>\n\t<meta name=\"twitter:label2\" content=\"Disponibilit\u00e9\" \/>\n\t<meta name=\"twitter:data2\" content=\"En stock\" \/>\n<script type=\"application\/ld+json\" class=\"yoast-schema-graph\">{\"@context\":\"https:\\\/\\\/schema.org\",\"@graph\":[{\"@type\":\"WebPage\",\"@id\":\"https:\\\/\\\/www.omnesbands.international\\\/producto\\\/viento-del-pueblo\\\/\",\"url\":\"https:\\\/\\\/www.omnesbands.international\\\/producto\\\/viento-del-pueblo\\\/\",\"name\":\"Viento del Pueblo -\",\"isPartOf\":{\"@id\":\"https:\\\/\\\/www.omnesbands.international\\\/#website\"},\"primaryImageOfPage\":{\"@id\":\"https:\\\/\\\/www.omnesbands.international\\\/producto\\\/viento-del-pueblo\\\/#primaryimage\"},\"image\":{\"@id\":\"https:\\\/\\\/www.omnesbands.international\\\/producto\\\/viento-del-pueblo\\\/#primaryimage\"},\"thumbnailUrl\":\"https:\\\/\\\/www.omnesbands.international\\\/wp-content\\\/uploads\\\/2023\\\/01\\\/Viento-del-Pueblo-1.jpg\",\"datePublished\":\"2023-01-25T03:47:36+00:00\",\"dateModified\":\"2023-11-14T00:59:08+00:00\",\"description\":\"Poema Sinf\u00f3nico para banda, dedicado a la memoria de Miguel Hern\u00e1ndez en el 50 Aniversario de su muerte. Obra estrenada tambi\u00e9n en versi\u00f3n para orquesta.\",\"breadcrumb\":{\"@id\":\"https:\\\/\\\/www.omnesbands.international\\\/producto\\\/viento-del-pueblo\\\/#breadcrumb\"},\"inLanguage\":\"fr-FR\",\"potentialAction\":[{\"@type\":\"ReadAction\",\"target\":[\"https:\\\/\\\/www.omnesbands.international\\\/producto\\\/viento-del-pueblo\\\/\"]}]},{\"@type\":\"ImageObject\",\"inLanguage\":\"fr-FR\",\"@id\":\"https:\\\/\\\/www.omnesbands.international\\\/producto\\\/viento-del-pueblo\\\/#primaryimage\",\"url\":\"https:\\\/\\\/www.omnesbands.international\\\/wp-content\\\/uploads\\\/2023\\\/01\\\/Viento-del-Pueblo-1.jpg\",\"contentUrl\":\"https:\\\/\\\/www.omnesbands.international\\\/wp-content\\\/uploads\\\/2023\\\/01\\\/Viento-del-Pueblo-1.jpg\",\"width\":765,\"height\":834,\"caption\":\"Viento del Pueblo\"},{\"@type\":\"BreadcrumbList\",\"@id\":\"https:\\\/\\\/www.omnesbands.international\\\/producto\\\/viento-del-pueblo\\\/#breadcrumb\",\"itemListElement\":[{\"@type\":\"ListItem\",\"position\":1,\"name\":\"Portada\",\"item\":\"https:\\\/\\\/www.omnesbands.international\\\/\"},{\"@type\":\"ListItem\",\"position\":2,\"name\":\"Tienda\",\"item\":\"https:\\\/\\\/www.omnesbands.international\\\/en\\\/shop\\\/\"},{\"@type\":\"ListItem\",\"position\":3,\"name\":\"Viento del Pueblo\"}]},{\"@type\":\"WebSite\",\"@id\":\"https:\\\/\\\/www.omnesbands.international\\\/#website\",\"url\":\"https:\\\/\\\/www.omnesbands.international\\\/\",\"name\":\"OMNESBANDS International\",\"description\":\"Partituras Originales de autores y compositores independientes\",\"publisher\":{\"@id\":\"https:\\\/\\\/www.omnesbands.international\\\/#organization\"},\"potentialAction\":[{\"@type\":\"SearchAction\",\"target\":{\"@type\":\"EntryPoint\",\"urlTemplate\":\"https:\\\/\\\/www.omnesbands.international\\\/?s={search_term_string}\"},\"query-input\":{\"@type\":\"PropertyValueSpecification\",\"valueRequired\":true,\"valueName\":\"search_term_string\"}}],\"inLanguage\":\"fr-FR\"},{\"@type\":\"Organization\",\"@id\":\"https:\\\/\\\/www.omnesbands.international\\\/#organization\",\"name\":\"Indra Consultores Internacionales\",\"alternateName\":\"Omnesbands\",\"url\":\"https:\\\/\\\/www.omnesbands.international\\\/\",\"logo\":{\"@type\":\"ImageObject\",\"inLanguage\":\"fr-FR\",\"@id\":\"https:\\\/\\\/www.omnesbands.international\\\/#\\\/schema\\\/logo\\\/image\\\/\",\"url\":\"https:\\\/\\\/omnesbands.international\\\/wp-content\\\/uploads\\\/2023\\\/06\\\/Logo-Nuevo-.png\",\"contentUrl\":\"https:\\\/\\\/omnesbands.international\\\/wp-content\\\/uploads\\\/2023\\\/06\\\/Logo-Nuevo-.png\",\"width\":394,\"height\":212,\"caption\":\"Indra Consultores Internacionales\"},\"image\":{\"@id\":\"https:\\\/\\\/www.omnesbands.international\\\/#\\\/schema\\\/logo\\\/image\\\/\"}}]}<\/script>\n<meta property=\"product:price:amount\" content=\"40.00\" \/>\n<meta property=\"product:price:currency\" content=\"USD\" \/>\n<meta property=\"og:availability\" content=\"instock\" \/>\n<meta property=\"product:availability\" content=\"instock\" \/>\n<meta property=\"product:retailer_item_id\" content=\"VIE-SIN-ESP-22\" \/>\n<meta property=\"product:condition\" content=\"new\" \/>\n<!-- \/ Yoast SEO Premium plugin. -->","yoast_head_json":{"title":"Viento del Pueblo -","description":"Poema Sinf\u00f3nico para banda, dedicado a la memoria de Miguel Hern\u00e1ndez en el 50 Aniversario de su muerte. Obra estrenada tambi\u00e9n en versi\u00f3n para orquesta.","robots":{"index":"index","follow":"follow","max-snippet":"max-snippet:-1","max-image-preview":"max-image-preview:large","max-video-preview":"max-video-preview:-1"},"canonical":"https:\/\/www.omnesbands.international\/fr\/produit\/viento-del-pueblo\/","og_locale":"fr_FR","og_type":"article","og_title":"Viento del Pueblo","og_description":"Poema Sinf\u00f3nico para banda, dedicado a la memoria de Miguel Hern\u00e1ndez en el 50 Aniversario de su muerte. Obra estrenada tambi\u00e9n en versi\u00f3n para orquesta.","og_url":"https:\/\/www.omnesbands.international\/fr\/produit\/viento-del-pueblo\/","article_modified_time":"2023-11-14T00:59:08+00:00","og_image":[{"width":765,"height":834,"url":"https:\/\/www.omnesbands.international\/wp-content\/uploads\/2023\/01\/Viento-del-Pueblo-1.jpg","type":"image\/jpeg"}],"twitter_card":"summary_large_image","twitter_misc":{"Prix":"&#36;40.00","Disponibilit\u00e9":"En stock"},"schema":{"@context":"https:\/\/schema.org","@graph":[{"@type":"WebPage","@id":"https:\/\/www.omnesbands.international\/producto\/viento-del-pueblo\/","url":"https:\/\/www.omnesbands.international\/producto\/viento-del-pueblo\/","name":"Viento del Pueblo -","isPartOf":{"@id":"https:\/\/www.omnesbands.international\/#website"},"primaryImageOfPage":{"@id":"https:\/\/www.omnesbands.international\/producto\/viento-del-pueblo\/#primaryimage"},"image":{"@id":"https:\/\/www.omnesbands.international\/producto\/viento-del-pueblo\/#primaryimage"},"thumbnailUrl":"https:\/\/www.omnesbands.international\/wp-content\/uploads\/2023\/01\/Viento-del-Pueblo-1.jpg","datePublished":"2023-01-25T03:47:36+00:00","dateModified":"2023-11-14T00:59:08+00:00","description":"Poema Sinf\u00f3nico para banda, dedicado a la memoria de Miguel Hern\u00e1ndez en el 50 Aniversario de su muerte. Obra estrenada tambi\u00e9n en versi\u00f3n para orquesta.","breadcrumb":{"@id":"https:\/\/www.omnesbands.international\/producto\/viento-del-pueblo\/#breadcrumb"},"inLanguage":"fr-FR","potentialAction":[{"@type":"ReadAction","target":["https:\/\/www.omnesbands.international\/producto\/viento-del-pueblo\/"]}]},{"@type":"ImageObject","inLanguage":"fr-FR","@id":"https:\/\/www.omnesbands.international\/producto\/viento-del-pueblo\/#primaryimage","url":"https:\/\/www.omnesbands.international\/wp-content\/uploads\/2023\/01\/Viento-del-Pueblo-1.jpg","contentUrl":"https:\/\/www.omnesbands.international\/wp-content\/uploads\/2023\/01\/Viento-del-Pueblo-1.jpg","width":765,"height":834,"caption":"Viento del Pueblo"},{"@type":"BreadcrumbList","@id":"https:\/\/www.omnesbands.international\/producto\/viento-del-pueblo\/#breadcrumb","itemListElement":[{"@type":"ListItem","position":1,"name":"Portada","item":"https:\/\/www.omnesbands.international\/"},{"@type":"ListItem","position":2,"name":"Tienda","item":"https:\/\/www.omnesbands.international\/en\/shop\/"},{"@type":"ListItem","position":3,"name":"Viento del Pueblo"}]},{"@type":"WebSite","@id":"https:\/\/www.omnesbands.international\/#website","url":"https:\/\/www.omnesbands.international\/","name":"OMNESBANDS International","description":"Partitions originales d&#039;auteurs et compositeurs ind\u00e9pendants","publisher":{"@id":"https:\/\/www.omnesbands.international\/#organization"},"potentialAction":[{"@type":"SearchAction","target":{"@type":"EntryPoint","urlTemplate":"https:\/\/www.omnesbands.international\/?s={search_term_string}"},"query-input":{"@type":"PropertyValueSpecification","valueRequired":true,"valueName":"search_term_string"}}],"inLanguage":"fr-FR"},{"@type":"Organization","@id":"https:\/\/www.omnesbands.international\/#organization","name":"Indra Consultants Internationaux","alternateName":"Omnesbands","url":"https:\/\/www.omnesbands.international\/","logo":{"@type":"ImageObject","inLanguage":"fr-FR","@id":"https:\/\/www.omnesbands.international\/#\/schema\/logo\/image\/","url":"https:\/\/omnesbands.international\/wp-content\/uploads\/2023\/06\/Logo-Nuevo-.png","contentUrl":"https:\/\/omnesbands.international\/wp-content\/uploads\/2023\/06\/Logo-Nuevo-.png","width":394,"height":212,"caption":"Indra Consultores Internacionales"},"image":{"@id":"https:\/\/www.omnesbands.international\/#\/schema\/logo\/image\/"}}]},"product_price_amount":"40.00","product_price_currency":"USD","og_availability":"instock","product_availability":"instock","product_retailer_item_id":"VIE-SIN-ESP-22","product_condition":"new"},"uagb_featured_image_src":{"full":["https:\/\/www.omnesbands.international\/wp-content\/uploads\/2023\/01\/Viento-del-Pueblo-1.jpg",765,834,false],"thumbnail":["https:\/\/www.omnesbands.international\/wp-content\/uploads\/2023\/01\/Viento-del-Pueblo-1-150x150.jpg",150,150,true],"medium":["https:\/\/www.omnesbands.international\/wp-content\/uploads\/2023\/01\/Viento-del-Pueblo-1-275x300.jpg",275,300,true],"medium_large":["https:\/\/www.omnesbands.international\/wp-content\/uploads\/2023\/01\/Viento-del-Pueblo-1.jpg",765,834,false],"large":["https:\/\/www.omnesbands.international\/wp-content\/uploads\/2023\/01\/Viento-del-Pueblo-1.jpg",765,834,false],"1536x1536":["https:\/\/www.omnesbands.international\/wp-content\/uploads\/2023\/01\/Viento-del-Pueblo-1.jpg",765,834,false],"2048x2048":["https:\/\/www.omnesbands.international\/wp-content\/uploads\/2023\/01\/Viento-del-Pueblo-1.jpg",765,834,false],"trp-custom-language-flag":["https:\/\/www.omnesbands.international\/wp-content\/uploads\/2023\/01\/Viento-del-Pueblo-1-11x12.jpg",11,12,true],"gg_gallery_thumbnail":["https:\/\/www.omnesbands.international\/wp-content\/uploads\/2023\/01\/Viento-del-Pueblo-1-450x250.jpg",450,250,true],"woocommerce_thumbnail":["https:\/\/www.omnesbands.international\/wp-content\/uploads\/2023\/01\/Viento-del-Pueblo-1-300x300.jpg",300,300,true],"woocommerce_single":["https:\/\/www.omnesbands.international\/wp-content\/uploads\/2023\/01\/Viento-del-Pueblo-1-600x654.jpg",600,654,true],"woocommerce_gallery_thumbnail":["https:\/\/www.omnesbands.international\/wp-content\/uploads\/2023\/01\/Viento-del-Pueblo-1-100x100.jpg",100,100,true]},"uagb_author_info":{"display_name":"Melvin R. Portillo A:","author_link":"https:\/\/www.omnesbands.international\/fr\/author\/"},"uagb_comment_info":0,"uagb_excerpt":"Poema Sinf\u00f3nico para banda, dedicado a la memoria de Miguel Hern\u00e1ndez en el 50 Aniversario de su muerte. Obra estrenada tambi\u00e9n en versi\u00f3n para orquesta. Del compositor Joan Enric Canet Todoli, De su actividad como compositor podemos destacar las siguientes obras: Sinfon\u00eda concertante, para Orquesta y un saxofonista (estrenada en el XI Congreso Mundial del\u2026","_links":{"self":[{"href":"https:\/\/www.omnesbands.international\/fr\/wp-json\/wp\/v2\/product\/1157","targetHints":{"allow":["GET"]}}],"collection":[{"href":"https:\/\/www.omnesbands.international\/fr\/wp-json\/wp\/v2\/product"}],"about":[{"href":"https:\/\/www.omnesbands.international\/fr\/wp-json\/wp\/v2\/types\/product"}],"replies":[{"embeddable":true,"href":"https:\/\/www.omnesbands.international\/fr\/wp-json\/wp\/v2\/comments?post=1157"}],"wp:featuredmedia":[{"embeddable":true,"href":"https:\/\/www.omnesbands.international\/fr\/wp-json\/wp\/v2\/media\/2757"}],"wp:attachment":[{"href":"https:\/\/www.omnesbands.international\/fr\/wp-json\/wp\/v2\/media?parent=1157"}],"wp:term":[{"taxonomy":"product_brand","embeddable":true,"href":"https:\/\/www.omnesbands.international\/fr\/wp-json\/wp\/v2\/product_brand?post=1157"},{"taxonomy":"product_cat","embeddable":true,"href":"https:\/\/www.omnesbands.international\/fr\/wp-json\/wp\/v2\/product_cat?post=1157"},{"taxonomy":"product_tag","embeddable":true,"href":"https:\/\/www.omnesbands.international\/fr\/wp-json\/wp\/v2\/product_tag?post=1157"}],"curies":[{"name":"wp","href":"https:\/\/api.w.org\/{rel}","templated":true}]}}