{"id":955,"date":"2023-01-23T00:07:31","date_gmt":"2023-01-23T06:07:31","guid":{"rendered":"https:\/\/omnesbands.international\/?post_type=product&#038;p=955"},"modified":"2023-12-02T16:14:27","modified_gmt":"2023-12-02T22:14:27","slug":"berlanga-blasco-ibanez","status":"publish","type":"product","link":"https:\/\/www.omnesbands.international\/fr\/produit\/berlanga-blasco-ibanez\/","title":{"rendered":"Berlanga-Blasco Ib\u00e1\u00f1ez"},"content":{"rendered":"<p><strong>Suite pour orchestre symphonique sur des th\u00e8mes du film.<\/strong><\/p>\n<p>Lorsque Berlanga a charg\u00e9 Luis Mendo et Bernardo Fuster de composer la bande originale de la s\u00e9rie t\u00e9l\u00e9vis\u00e9e \u00ab Blasco Ib\u00e1\u00f1ez, le roman de sa vie \u00bb et qu&#039;une fois qu&#039;ils ont lu le sc\u00e9nario, la premi\u00e8re chose qu&#039;ils ont faite a \u00e9t\u00e9 de se rendre \u00e0 Valence pour interviewer le professeur Asins Arb\u00f3. comme le cin\u00e9aste l\u2019a recommand\u00e9. Son intention, outre la connaissance du grand compositeur valencien, \u00e9tait de recueillir des informations sur certains aspects du folklore valencien et de la musique de l&#039;\u00e9poque. L&#039;entretien a \u00e9t\u00e9 totalement enrichissant. Ils sont repartis de chez eux avec des id\u00e9es suffisamment claires pour aborder le projet avec passion.<\/p>\n<p>L&#039;\u00e9tape suivante consistait \u00e0 interpr\u00e9ter tout ce qui \u00e9tait entendu pendant la conf\u00e9rence et \u00e0 le transformer en musique, en s&#039;adaptant dans de nombreux cas aux images film\u00e9es, puisque plusieurs blocs musicaux ont \u00e9t\u00e9 interpr\u00e9t\u00e9s en direct pendant le tournage sous la direction du r\u00e9alisateur.<\/p>\n<p>La vie de l&#039;\u00e9crivain valencien a \u00e9t\u00e9 si riche et prolifique que, selon les mots de Mendo et Fuster : \u00ab elle nous a permis de travailler dans un large spectre de sons allant de la musique intime, des rondallas, du cabaret, jusqu&#039;\u00e0 la fin du folklore ou de la musique populaire. , sans oublier les touches cosmopolites et \u00e9trang\u00e8res qui soulignent la vie passionn\u00e9e, mouvement\u00e9e et voyageuse de l\u2019\u00e9crivain.<\/p>\n<p>Une fois le film termin\u00e9 et projet\u00e9, ils ont vu que le r\u00e9sultat \u00e9tait assez proche de ce qu&#039;ils voulaient, il ne leur restait plus qu&#039;un aspect ou une nuance \u00e0 r\u00e9aliser et cela allait les rapprocher encore plus de l&#039;id\u00e9e musicale qui remplit l&#039;univers de Lu\u00eds. Garc\u00eda Berlanga : fais une suite pour Banda. Une suite qui nous permettrait de rendre hommage au son des groupes valenciens au grand ma\u00eetre de notre cin\u00e9ma et en m\u00eame temps de justifier la vie de Blasco Ib\u00e1\u00f1ez.<\/p>\n<p>Pour ce travail a posteriori, il n&#039;y a rien de mieux que de compter sur la collaboration et la contribution du maestro Ram\u00f3n Garc\u00eda i Soler, qui, d\u00e8s le moment o\u00f9 l&#039;orchestration et l&#039;arrangement de cette suite lui a \u00e9t\u00e9 propos\u00e9, s&#039;est impliqu\u00e9 en apportant ses connaissances cr\u00e9atives, pour donner une nouvelle dimension \u00e0 la bande originale.<\/p>\n<p>Le r\u00e9sultat est cette partition qui, sous la structure de la suite, comprend la musique de la s\u00e9rie t\u00e9l\u00e9vis\u00e9e que Berlanga a longtemps voulu filmer, jusqu&#039;\u00e0 ce qu&#039;il y parvienne, et rendre justice en divulguant la vie de son \u00e9crivain pr\u00e9f\u00e9r\u00e9 et qui maintenant, acquiert une nouvelle dimension en dehors des \u00e9crans, pour continuer \u00e0 rendre hommage \u00e0 un couple si essentiel de la culture valencienne et mondiale.<\/p>","protected":false},"excerpt":{"rendered":"<p>Suite pour orchestre symphonique sur des th\u00e8mes du film des ma\u00eetres Luis Mendo, Bernardo Fuster et Ram\u00f3n Garc\u00eda i Soler. Lorsque Berlanga a charg\u00e9 Luis Mendo et Bernardo Fuster de composer la bande originale de la s\u00e9rie t\u00e9l\u00e9vis\u00e9e \u00ab Blasco Ib\u00e1\u00f1ez, le roman de sa vie \u00bb et qu&#039;une fois qu&#039;ils ont lu le sc\u00e9nario, la premi\u00e8re chose qu&#039;ils ont faite a \u00e9t\u00e9 de se rendre \u00e0 Valence pour interviewer le professeur Asins Arb\u00f3. comme le cin\u00e9aste l\u2019a recommand\u00e9.<\/p>","protected":false},"featured_media":956,"comment_status":"open","ping_status":"closed","template":"","meta":{"_acf_changed":false,"_uag_custom_page_level_css":"","site-sidebar-layout":"default","site-content-layout":"default","ast-site-content-layout":"default","site-content-style":"default","site-sidebar-style":"default","ast-global-header-display":"","ast-banner-title-visibility":"","ast-main-header-display":"","ast-hfb-above-header-display":"","ast-hfb-below-header-display":"","ast-hfb-mobile-header-display":"","site-post-title":"","ast-breadcrumbs-content":"","ast-featured-img":"","footer-sml-layout":"","ast-disable-related-posts":"","theme-transparent-header-meta":"default","adv-header-id-meta":"","stick-header-meta":"default","header-above-stick-meta":"","header-main-stick-meta":"","header-below-stick-meta":"","astra-migrate-meta-layouts":"set","ast-page-background-enabled":"default","ast-page-background-meta":{"desktop":{"background-color":"","background-image":"","background-repeat":"repeat","background-position":"center center","background-size":"auto","background-attachment":"scroll","background-type":"","background-media":"","overlay-type":"","overlay-color":"","overlay-opacity":"","overlay-gradient":""},"tablet":{"background-color":"","background-image":"","background-repeat":"repeat","background-position":"center center","background-size":"auto","background-attachment":"scroll","background-type":"","background-media":"","overlay-type":"","overlay-color":"","overlay-opacity":"","overlay-gradient":""},"mobile":{"background-color":"","background-image":"","background-repeat":"repeat","background-position":"center center","background-size":"auto","background-attachment":"scroll","background-type":"","background-media":"","overlay-type":"","overlay-color":"","overlay-opacity":"","overlay-gradient":""}},"ast-content-background-meta":{"desktop":{"background-color":"var(--ast-global-color-5)","background-image":"","background-repeat":"repeat","background-position":"center center","background-size":"auto","background-attachment":"scroll","background-type":"","background-media":"","overlay-type":"","overlay-color":"","overlay-opacity":"","overlay-gradient":""},"tablet":{"background-color":"var(--ast-global-color-5)","background-image":"","background-repeat":"repeat","background-position":"center center","background-size":"auto","background-attachment":"scroll","background-type":"","background-media":"","overlay-type":"","overlay-color":"","overlay-opacity":"","overlay-gradient":""},"mobile":{"background-color":"var(--ast-global-color-5)","background-image":"","background-repeat":"repeat","background-position":"center center","background-size":"auto","background-attachment":"scroll","background-type":"","background-media":"","overlay-type":"","overlay-color":"","overlay-opacity":"","overlay-gradient":""}}},"product_brand":[],"product_cat":[24],"product_tag":[60,59,29],"class_list":{"0":"post-955","1":"product","2":"type-product","3":"status-publish","4":"has-post-thumbnail","6":"product_cat-sinfonicas","7":"product_tag-bernardo-fuster","8":"product_tag-luis-mendo","9":"product_tag-ramon-garcia-soler","10":"desktop-align-left","11":"tablet-align-left","12":"mobile-align-left","13":"ast-product-gallery-layout-horizontal-slider","15":"first","16":"instock","17":"taxable","18":"shipping-taxable","19":"purchasable","20":"product-type-simple"},"acf":[],"yoast_head":"<!-- This site is optimized with the Yoast SEO Premium plugin v22.4 (Yoast SEO v27.4) - https:\/\/yoast.com\/product\/yoast-seo-premium-wordpress\/ -->\n<title>Berlanga-Blasco Ib\u00e1\u00f1ez -<\/title>\n<meta name=\"description\" content=\"Partituras de m\u00fasica Sinf\u00f3nica para Orquestas y bandas. M\u00fasica escrita.\" \/>\n<meta name=\"robots\" content=\"index, follow, max-snippet:-1, max-image-preview:large, max-video-preview:-1\" \/>\n<link rel=\"canonical\" href=\"https:\/\/www.omnesbands.international\/fr\/produkt\/berlanga-blasco-ibanez\/\" \/>\n<meta property=\"og:locale\" content=\"fr_FR\" \/>\n<meta property=\"og:type\" content=\"article\" \/>\n<meta property=\"og:title\" content=\"Berlanga-Blasco Ib\u00e1\u00f1ez\" \/>\n<meta property=\"og:description\" content=\"Partituras de m\u00fasica Sinf\u00f3nica para Orquestas y bandas. M\u00fasica escrita.\" \/>\n<meta property=\"og:url\" content=\"https:\/\/www.omnesbands.international\/fr\/produkt\/berlanga-blasco-ibanez\/\" \/>\n<meta property=\"article:modified_time\" content=\"2023-12-02T22:14:27+00:00\" \/>\n<meta property=\"og:image\" content=\"https:\/\/www.omnesbands.international\/wp-content\/uploads\/2023\/01\/Berlanga-Blasco-Ibanez.jpg\" \/>\n\t<meta property=\"og:image:width\" content=\"600\" \/>\n\t<meta property=\"og:image:height\" content=\"642\" \/>\n\t<meta property=\"og:image:type\" content=\"image\/jpeg\" \/>\n<meta name=\"twitter:card\" content=\"summary_large_image\" \/>\n<meta name=\"twitter:label1\" content=\"Prix\" \/>\n\t<meta name=\"twitter:data1\" content=\"&#036;30.00\" \/>\n\t<meta name=\"twitter:label2\" content=\"Disponibilit\u00e9\" \/>\n\t<meta name=\"twitter:data2\" content=\"En stock\" \/>\n<script type=\"application\/ld+json\" class=\"yoast-schema-graph\">{\"@context\":\"https:\\\/\\\/schema.org\",\"@graph\":[{\"@type\":\"WebPage\",\"@id\":\"https:\\\/\\\/www.omnesbands.international\\\/de\\\/produkt\\\/berlanga-blasco-ibanez\\\/\",\"url\":\"https:\\\/\\\/www.omnesbands.international\\\/de\\\/produkt\\\/berlanga-blasco-ibanez\\\/\",\"name\":\"Berlanga-Blasco Ib\u00e1\u00f1ez -\",\"isPartOf\":{\"@id\":\"https:\\\/\\\/www.omnesbands.international\\\/#website\"},\"primaryImageOfPage\":{\"@id\":\"https:\\\/\\\/www.omnesbands.international\\\/de\\\/produkt\\\/berlanga-blasco-ibanez\\\/#primaryimage\"},\"image\":{\"@id\":\"https:\\\/\\\/www.omnesbands.international\\\/de\\\/produkt\\\/berlanga-blasco-ibanez\\\/#primaryimage\"},\"thumbnailUrl\":\"https:\\\/\\\/www.omnesbands.international\\\/wp-content\\\/uploads\\\/2023\\\/01\\\/Berlanga-Blasco-Ibanez.jpg\",\"datePublished\":\"2023-01-23T06:07:31+00:00\",\"dateModified\":\"2023-12-02T22:14:27+00:00\",\"description\":\"Partituras de m\u00fasica Sinf\u00f3nica para Orquestas y bandas. M\u00fasica escrita.\",\"breadcrumb\":{\"@id\":\"https:\\\/\\\/www.omnesbands.international\\\/de\\\/produkt\\\/berlanga-blasco-ibanez\\\/#breadcrumb\"},\"inLanguage\":\"fr-FR\",\"potentialAction\":[{\"@type\":\"ReadAction\",\"target\":[\"https:\\\/\\\/www.omnesbands.international\\\/de\\\/produkt\\\/berlanga-blasco-ibanez\\\/\"]}]},{\"@type\":\"ImageObject\",\"inLanguage\":\"fr-FR\",\"@id\":\"https:\\\/\\\/www.omnesbands.international\\\/de\\\/produkt\\\/berlanga-blasco-ibanez\\\/#primaryimage\",\"url\":\"https:\\\/\\\/www.omnesbands.international\\\/wp-content\\\/uploads\\\/2023\\\/01\\\/Berlanga-Blasco-Ibanez.jpg\",\"contentUrl\":\"https:\\\/\\\/www.omnesbands.international\\\/wp-content\\\/uploads\\\/2023\\\/01\\\/Berlanga-Blasco-Ibanez.jpg\",\"width\":600,\"height\":642},{\"@type\":\"BreadcrumbList\",\"@id\":\"https:\\\/\\\/www.omnesbands.international\\\/de\\\/produkt\\\/berlanga-blasco-ibanez\\\/#breadcrumb\",\"itemListElement\":[{\"@type\":\"ListItem\",\"position\":1,\"name\":\"Portada\",\"item\":\"https:\\\/\\\/www.omnesbands.international\\\/\"},{\"@type\":\"ListItem\",\"position\":2,\"name\":\"Tienda\",\"item\":\"https:\\\/\\\/www.omnesbands.international\\\/en\\\/shop\\\/\"},{\"@type\":\"ListItem\",\"position\":3,\"name\":\"Berlanga-Blasco Ib\u00e1\u00f1ez\"}]},{\"@type\":\"WebSite\",\"@id\":\"https:\\\/\\\/www.omnesbands.international\\\/#website\",\"url\":\"https:\\\/\\\/www.omnesbands.international\\\/\",\"name\":\"OMNESBANDS International\",\"description\":\"Partituras Originales de autores y compositores independientes\",\"publisher\":{\"@id\":\"https:\\\/\\\/www.omnesbands.international\\\/#organization\"},\"potentialAction\":[{\"@type\":\"SearchAction\",\"target\":{\"@type\":\"EntryPoint\",\"urlTemplate\":\"https:\\\/\\\/www.omnesbands.international\\\/?s={search_term_string}\"},\"query-input\":{\"@type\":\"PropertyValueSpecification\",\"valueRequired\":true,\"valueName\":\"search_term_string\"}}],\"inLanguage\":\"fr-FR\"},{\"@type\":\"Organization\",\"@id\":\"https:\\\/\\\/www.omnesbands.international\\\/#organization\",\"name\":\"Indra Consultores Internacionales\",\"alternateName\":\"Omnesbands\",\"url\":\"https:\\\/\\\/www.omnesbands.international\\\/\",\"logo\":{\"@type\":\"ImageObject\",\"inLanguage\":\"fr-FR\",\"@id\":\"https:\\\/\\\/www.omnesbands.international\\\/#\\\/schema\\\/logo\\\/image\\\/\",\"url\":\"https:\\\/\\\/omnesbands.international\\\/wp-content\\\/uploads\\\/2023\\\/06\\\/Logo-Nuevo-.png\",\"contentUrl\":\"https:\\\/\\\/omnesbands.international\\\/wp-content\\\/uploads\\\/2023\\\/06\\\/Logo-Nuevo-.png\",\"width\":394,\"height\":212,\"caption\":\"Indra Consultores Internacionales\"},\"image\":{\"@id\":\"https:\\\/\\\/www.omnesbands.international\\\/#\\\/schema\\\/logo\\\/image\\\/\"}}]}<\/script>\n<meta property=\"product:price:amount\" content=\"30.00\" \/>\n<meta property=\"product:price:currency\" content=\"USD\" \/>\n<meta property=\"og:availability\" content=\"instock\" \/>\n<meta property=\"product:availability\" content=\"instock\" \/>\n<meta property=\"product:retailer_item_id\" content=\"BER-SIN-ESP-22\" \/>\n<meta property=\"product:condition\" content=\"new\" \/>\n<!-- \/ Yoast SEO Premium plugin. -->","yoast_head_json":{"title":"Berlanga-Blasco Ib\u00e1\u00f1ez -","description":"Partituras de m\u00fasica Sinf\u00f3nica para Orquestas y bandas. M\u00fasica escrita.","robots":{"index":"index","follow":"follow","max-snippet":"max-snippet:-1","max-image-preview":"max-image-preview:large","max-video-preview":"max-video-preview:-1"},"canonical":"https:\/\/www.omnesbands.international\/fr\/produkt\/berlanga-blasco-ibanez\/","og_locale":"fr_FR","og_type":"article","og_title":"Berlanga-Blasco Ib\u00e1\u00f1ez","og_description":"Partituras de m\u00fasica Sinf\u00f3nica para Orquestas y bandas. M\u00fasica escrita.","og_url":"https:\/\/www.omnesbands.international\/fr\/produkt\/berlanga-blasco-ibanez\/","article_modified_time":"2023-12-02T22:14:27+00:00","og_image":[{"width":600,"height":642,"url":"https:\/\/www.omnesbands.international\/wp-content\/uploads\/2023\/01\/Berlanga-Blasco-Ibanez.jpg","type":"image\/jpeg"}],"twitter_card":"summary_large_image","twitter_misc":{"Prix":"&#36;30.00","Disponibilit\u00e9":"En stock"},"schema":{"@context":"https:\/\/schema.org","@graph":[{"@type":"WebPage","@id":"https:\/\/www.omnesbands.international\/de\/produkt\/berlanga-blasco-ibanez\/","url":"https:\/\/www.omnesbands.international\/de\/produkt\/berlanga-blasco-ibanez\/","name":"Berlanga-Blasco Ib\u00e1\u00f1ez -","isPartOf":{"@id":"https:\/\/www.omnesbands.international\/#website"},"primaryImageOfPage":{"@id":"https:\/\/www.omnesbands.international\/de\/produkt\/berlanga-blasco-ibanez\/#primaryimage"},"image":{"@id":"https:\/\/www.omnesbands.international\/de\/produkt\/berlanga-blasco-ibanez\/#primaryimage"},"thumbnailUrl":"https:\/\/www.omnesbands.international\/wp-content\/uploads\/2023\/01\/Berlanga-Blasco-Ibanez.jpg","datePublished":"2023-01-23T06:07:31+00:00","dateModified":"2023-12-02T22:14:27+00:00","description":"Partituras de m\u00fasica Sinf\u00f3nica para Orquestas y bandas. M\u00fasica escrita.","breadcrumb":{"@id":"https:\/\/www.omnesbands.international\/de\/produkt\/berlanga-blasco-ibanez\/#breadcrumb"},"inLanguage":"fr-FR","potentialAction":[{"@type":"ReadAction","target":["https:\/\/www.omnesbands.international\/de\/produkt\/berlanga-blasco-ibanez\/"]}]},{"@type":"ImageObject","inLanguage":"fr-FR","@id":"https:\/\/www.omnesbands.international\/de\/produkt\/berlanga-blasco-ibanez\/#primaryimage","url":"https:\/\/www.omnesbands.international\/wp-content\/uploads\/2023\/01\/Berlanga-Blasco-Ibanez.jpg","contentUrl":"https:\/\/www.omnesbands.international\/wp-content\/uploads\/2023\/01\/Berlanga-Blasco-Ibanez.jpg","width":600,"height":642},{"@type":"BreadcrumbList","@id":"https:\/\/www.omnesbands.international\/de\/produkt\/berlanga-blasco-ibanez\/#breadcrumb","itemListElement":[{"@type":"ListItem","position":1,"name":"Portada","item":"https:\/\/www.omnesbands.international\/"},{"@type":"ListItem","position":2,"name":"Tienda","item":"https:\/\/www.omnesbands.international\/en\/shop\/"},{"@type":"ListItem","position":3,"name":"Berlanga-Blasco Ib\u00e1\u00f1ez"}]},{"@type":"WebSite","@id":"https:\/\/www.omnesbands.international\/#website","url":"https:\/\/www.omnesbands.international\/","name":"OMNESBANDS International","description":"Partitions originales d&#039;auteurs et compositeurs ind\u00e9pendants","publisher":{"@id":"https:\/\/www.omnesbands.international\/#organization"},"potentialAction":[{"@type":"SearchAction","target":{"@type":"EntryPoint","urlTemplate":"https:\/\/www.omnesbands.international\/?s={search_term_string}"},"query-input":{"@type":"PropertyValueSpecification","valueRequired":true,"valueName":"search_term_string"}}],"inLanguage":"fr-FR"},{"@type":"Organization","@id":"https:\/\/www.omnesbands.international\/#organization","name":"Indra Consultants Internationaux","alternateName":"Omnesbands","url":"https:\/\/www.omnesbands.international\/","logo":{"@type":"ImageObject","inLanguage":"fr-FR","@id":"https:\/\/www.omnesbands.international\/#\/schema\/logo\/image\/","url":"https:\/\/omnesbands.international\/wp-content\/uploads\/2023\/06\/Logo-Nuevo-.png","contentUrl":"https:\/\/omnesbands.international\/wp-content\/uploads\/2023\/06\/Logo-Nuevo-.png","width":394,"height":212,"caption":"Indra Consultores Internacionales"},"image":{"@id":"https:\/\/www.omnesbands.international\/#\/schema\/logo\/image\/"}}]},"product_price_amount":"30.00","product_price_currency":"USD","og_availability":"instock","product_availability":"instock","product_retailer_item_id":"BER-SIN-ESP-22","product_condition":"new"},"uagb_featured_image_src":{"full":["https:\/\/www.omnesbands.international\/wp-content\/uploads\/2023\/01\/Berlanga-Blasco-Ibanez.jpg",600,642,false],"thumbnail":["https:\/\/www.omnesbands.international\/wp-content\/uploads\/2023\/01\/Berlanga-Blasco-Ibanez-150x150.jpg",150,150,true],"medium":["https:\/\/www.omnesbands.international\/wp-content\/uploads\/2023\/01\/Berlanga-Blasco-Ibanez-280x300.jpg",280,300,true],"medium_large":["https:\/\/www.omnesbands.international\/wp-content\/uploads\/2023\/01\/Berlanga-Blasco-Ibanez.jpg",600,642,false],"large":["https:\/\/www.omnesbands.international\/wp-content\/uploads\/2023\/01\/Berlanga-Blasco-Ibanez.jpg",600,642,false],"1536x1536":["https:\/\/www.omnesbands.international\/wp-content\/uploads\/2023\/01\/Berlanga-Blasco-Ibanez.jpg",600,642,false],"2048x2048":["https:\/\/www.omnesbands.international\/wp-content\/uploads\/2023\/01\/Berlanga-Blasco-Ibanez.jpg",600,642,false],"trp-custom-language-flag":["https:\/\/www.omnesbands.international\/wp-content\/uploads\/2023\/01\/Berlanga-Blasco-Ibanez.jpg",11,12,false],"gg_gallery_thumbnail":["https:\/\/www.omnesbands.international\/wp-content\/uploads\/2023\/01\/Berlanga-Blasco-Ibanez.jpg",234,250,false],"woocommerce_thumbnail":["https:\/\/www.omnesbands.international\/wp-content\/uploads\/2023\/01\/Berlanga-Blasco-Ibanez-300x300.jpg",300,300,true],"woocommerce_single":["https:\/\/www.omnesbands.international\/wp-content\/uploads\/2023\/01\/Berlanga-Blasco-Ibanez.jpg",600,642,false],"woocommerce_gallery_thumbnail":["https:\/\/www.omnesbands.international\/wp-content\/uploads\/2023\/01\/Berlanga-Blasco-Ibanez-100x100.jpg",100,100,true]},"uagb_author_info":{"display_name":"Melvin R. Portillo A:","author_link":"https:\/\/www.omnesbands.international\/fr\/author\/"},"uagb_comment_info":0,"uagb_excerpt":"Suite para banda sinf\u00f3nica sobre temas de la pel\u00edcula de los maestros Luis Mendo, Bernardo Fuster y Ram\u00f3n Garc\u00eda i Soler. Cuando Berlanga encarg\u00f3 a Luis Mendo y Bernardo Fuster la composici\u00f3n de la banda sonora de la serie de televisi\u00f3n \u201cBlasco Ib\u00e1\u00f1ez, la novela de su vida\u201d y una vez le\u00eddo el gui\u00f3n, lo\u2026","_links":{"self":[{"href":"https:\/\/www.omnesbands.international\/fr\/wp-json\/wp\/v2\/product\/955","targetHints":{"allow":["GET"]}}],"collection":[{"href":"https:\/\/www.omnesbands.international\/fr\/wp-json\/wp\/v2\/product"}],"about":[{"href":"https:\/\/www.omnesbands.international\/fr\/wp-json\/wp\/v2\/types\/product"}],"replies":[{"embeddable":true,"href":"https:\/\/www.omnesbands.international\/fr\/wp-json\/wp\/v2\/comments?post=955"}],"wp:featuredmedia":[{"embeddable":true,"href":"https:\/\/www.omnesbands.international\/fr\/wp-json\/wp\/v2\/media\/956"}],"wp:attachment":[{"href":"https:\/\/www.omnesbands.international\/fr\/wp-json\/wp\/v2\/media?parent=955"}],"wp:term":[{"taxonomy":"product_brand","embeddable":true,"href":"https:\/\/www.omnesbands.international\/fr\/wp-json\/wp\/v2\/product_brand?post=955"},{"taxonomy":"product_cat","embeddable":true,"href":"https:\/\/www.omnesbands.international\/fr\/wp-json\/wp\/v2\/product_cat?post=955"},{"taxonomy":"product_tag","embeddable":true,"href":"https:\/\/www.omnesbands.international\/fr\/wp-json\/wp\/v2\/product_tag?post=955"}],"curies":[{"name":"wp","href":"https:\/\/api.w.org\/{rel}","templated":true}]}}