{"id":993,"date":"2023-01-23T21:40:25","date_gmt":"2023-01-24T03:40:25","guid":{"rendered":"https:\/\/omnesbands.international\/?post_type=product&#038;p=993"},"modified":"2023-12-02T14:49:16","modified_gmt":"2023-12-02T20:49:16","slug":"cantares-de-la-nueva-tierra","status":"publish","type":"product","link":"https:\/\/www.omnesbands.international\/fr\/produit\/cantares-de-la-nueva-tierra\/","title":{"rendered":"Chants de la Nouvelle Terre"},"content":{"rendered":"<p>L&#039;\u0153uvre comm\u00e9morative du 400e anniversaire de la r\u00e9daction de la Carta Puebla de Chella (Valence), a \u00e9t\u00e9 cr\u00e9\u00e9e le 16 d\u00e9cembre 2011 \u00e0 J\u00e1vea (Alicante), lors du concert de No\u00ebl de l&#039;Orchestre \u00e0 vent du Conservatoire professionnel de musique de Javea .<\/p>\n<p>Lors de la Reconqu\u00eate de Jaime I en 1250, les Maures rest\u00e9s \u00e0 Chella se sont rendus \u00e0 lui et la ferme a \u00e9t\u00e9 donn\u00e9e par Jaime \u00e0 Pere Dovit, bien qu&#039;elle soit plus tard r\u00e9int\u00e9gr\u00e9e dans la couronne. En 1341, Pedro IV d&#039;Aragon la c\u00e9da \u00e0 Tom\u00e1s de Ulmis passant en 1356 au comte de Denia qui la vendit en 1382 \u00e0 Pedro Escintelles et cela \u00e0 son tour \u00e0 Alfonso, duc de Gand\u00eda. \u00c0 la mort d&#039;Alfonso, Chella revint pour faire partie de la couronne mais reviendrait bient\u00f4t aux mains des ducs de Gand\u00eda et des comtes d&#039;Oliva. Au XVIe si\u00e8cle, il devint la propri\u00e9t\u00e9 de la famille Borja. Les Maures r\u00e9sidents se sont r\u00e9volt\u00e9s lors de la r\u00e9bellion des Alpujarras (1568 \u00e0 1571) sous le r\u00e8gne de Philippe II. En 1571, ils sont vaincus et expuls\u00e9s. De nouveaux Maures fid\u00e8les repeuplent la commune mais ils l&#039;abandonneront \u00e9galement en 1609 lors de l&#039;expulsion des Morisques d\u00e9cr\u00e9t\u00e9e par Felipe III en 1609.<\/p>\n<p>Chella serait abandonn\u00e9e pendant deux ans avec 90 maisons construites, cela aurait pu \u00eatre la fin de la population. En 1611, les vassaux de Carlos de Borja arriv\u00e8rent \u00e0 Chella pour la reconstruire et s&#039;installer comme ses nouveaux colons. Cette m\u00eame ann\u00e9e, le 11 juillet, est r\u00e9dig\u00e9e la charte de population qui officialise la fondation de la commune en tant que telle.<\/p>\n<p>On retrouve ainsi des \u00e9l\u00e9ments typiques du folklore islamo-africain comme les gammes modales (Macamat), des rythmes, des danses et des instruments comme la Darbuka, le Djembe ou la fl\u00fbte \u00e0 bec (semblable \u00e0 la fl\u00fbte Ney) ainsi que des fluctuations et des virages microtonaux typiques des traditions orales. Ces r\u00e9miniscences arabes reposent sur l&#039;usage de la variation et de l&#039;improvisation en correspondance avec l&#039;improvisation typique du folklore arabe (Taksim). On retrouve \u00e9galement des r\u00e9f\u00e9rences \u00e0 la musique occidentale de l&#039;\u00e9poque (ca. 1600) comme l&#039;utilisation de fanfares comm\u00e9moratives, l&#039;utilisation de tours modaux, l&#039;ambigu\u00eft\u00e9 tonale\/modale et surtout avec l&#039;apparition d&#039;une citation du motet &quot;O magnum mysterium&quot; de TL de Victoria (vers 147 \u00e0 165).<\/p>\n<p>Le travail est structur\u00e9 comme suit :<\/p>\n<p>\u2013 Introduction (c. 1-17) : en fanfare pr\u00e9liminaire o\u00f9 sont expos\u00e9s les principaux \u00e9l\u00e9ments de l&#039;\u0153uvre.<\/p>\n<p>\u2013 1\u00e8re section (c. 18-30) : sous forme de pri\u00e8re, la fl\u00fbte \u00e0 bec (imitant la fl\u00fbte Nay arabe) pr\u00e9sente un th\u00e8me aux tournures microtonales qui culmine dans une improvisation de darbouka.<\/p>\n<p>\u2013 2e section (vers 31-140) : un th\u00e8me principal appara\u00eet sous la forme d&#039;une danse arabe qui varie constamment dans tous ses \u00e9l\u00e9ments par voie d&#039;improvisation et d&#039;ornementation \u00e9crite imitant les techniques d&#039;improvisation de la musique islamique (Taksim ). \u00c0 la fin de cette section, la danse sera progressivement dilu\u00e9e et absorb\u00e9e par un \u00e9l\u00e9ment m\u00e9lodique qui repr\u00e9sente l&#039;extinction de l&#039;islamisme et la transition vers l&#039;Occident.<\/p>\n<p>\u2013 3e section (vers 141-179) : un autre solo appara\u00eet, en l&#039;occurrence pour saxophone, qui contraste avec le premier solo de fl\u00fbte (Occident contre Islam). Au fil de cette section solo, une citation du motet \u00ab O magnum mysterium \u00bb de T. L de Victoria appara\u00eetra progressivement, repr\u00e9sentant la \u00ab christianisation \u00bb de l&#039;Occident. \u00c0 la fin de cette section, une transition \u00e9labor\u00e9e appara\u00eet avec des \u00e9l\u00e9ments de la fanfare d&#039;ouverture.<\/p>\n<p>\u2013 4e section (c. 180-245) : cette section repr\u00e9sente le conflit des deux cultures, des \u00e9l\u00e9ments et des ressources des sections susmentionn\u00e9es apparaissent, bien qu&#039;avec une plus grande pr\u00e9pond\u00e9rance d&#039;\u00e9l\u00e9ments de tradition occidentale qui conduisent \u00e0 un &quot;Andante majestueux&quot;.<\/p>\n<p>\u2013 5e section (c. 246-273) : \u00ab Andante majestueux \u00bb qui repr\u00e9sente la victoire de l&#039;Occident sur l&#039;Islam et qui reprend les \u00e9l\u00e9ments de la fanfare initiale. Cependant, toute la section n&#039;a pas cet air victorieux, des \u00e9l\u00e9ments de nature d\u00e9formante et dissonante apparaissent... une ombre, un doute, une question... pourquoi la coexistence n&#039;a-t-elle pas \u00e9t\u00e9 possible ?...<\/p>\n<p>Ce travail peut \u00eatre pr\u00e9sent\u00e9 en deux versions ; une version purement musicale ou une version avec un narrateur qui r\u00e9cite des textes de l&#039;\u00e9poque (Cervantes, Quevedo, G\u00f3ngora, Lope de Vega, Juan del Enzina...) entrecoup\u00e9s de musique.<\/p>","protected":false},"excerpt":{"rendered":"<p>&quot;Chants de la nouvelle terre&quot; a \u00e9t\u00e9 \u00e9crit pour comm\u00e9morer le 400e anniversaire de la Charte de Puebla de Chella (Valence).<\/p>","protected":false},"featured_media":994,"comment_status":"open","ping_status":"closed","template":"","meta":{"_acf_changed":false,"_uag_custom_page_level_css":"","site-sidebar-layout":"default","site-content-layout":"default","ast-site-content-layout":"default","site-content-style":"default","site-sidebar-style":"default","ast-global-header-display":"","ast-banner-title-visibility":"","ast-main-header-display":"","ast-hfb-above-header-display":"","ast-hfb-below-header-display":"","ast-hfb-mobile-header-display":"","site-post-title":"","ast-breadcrumbs-content":"","ast-featured-img":"","footer-sml-layout":"","ast-disable-related-posts":"","theme-transparent-header-meta":"default","adv-header-id-meta":"","stick-header-meta":"default","header-above-stick-meta":"","header-main-stick-meta":"","header-below-stick-meta":"","astra-migrate-meta-layouts":"set","ast-page-background-enabled":"default","ast-page-background-meta":{"desktop":{"background-color":"","background-image":"","background-repeat":"repeat","background-position":"center center","background-size":"auto","background-attachment":"scroll","background-type":"","background-media":"","overlay-type":"","overlay-color":"","overlay-opacity":"","overlay-gradient":""},"tablet":{"background-color":"","background-image":"","background-repeat":"repeat","background-position":"center center","background-size":"auto","background-attachment":"scroll","background-type":"","background-media":"","overlay-type":"","overlay-color":"","overlay-opacity":"","overlay-gradient":""},"mobile":{"background-color":"","background-image":"","background-repeat":"repeat","background-position":"center center","background-size":"auto","background-attachment":"scroll","background-type":"","background-media":"","overlay-type":"","overlay-color":"","overlay-opacity":"","overlay-gradient":""}},"ast-content-background-meta":{"desktop":{"background-color":"var(--ast-global-color-5)","background-image":"","background-repeat":"repeat","background-position":"center center","background-size":"auto","background-attachment":"scroll","background-type":"","background-media":"","overlay-type":"","overlay-color":"","overlay-opacity":"","overlay-gradient":""},"tablet":{"background-color":"var(--ast-global-color-5)","background-image":"","background-repeat":"repeat","background-position":"center center","background-size":"auto","background-attachment":"scroll","background-type":"","background-media":"","overlay-type":"","overlay-color":"","overlay-opacity":"","overlay-gradient":""},"mobile":{"background-color":"var(--ast-global-color-5)","background-image":"","background-repeat":"repeat","background-position":"center center","background-size":"auto","background-attachment":"scroll","background-type":"","background-media":"","overlay-type":"","overlay-color":"","overlay-opacity":"","overlay-gradient":""}}},"product_brand":[],"product_cat":[24],"product_tag":[63],"class_list":{"0":"post-993","1":"product","2":"type-product","3":"status-publish","4":"has-post-thumbnail","6":"product_cat-sinfonicas","7":"product_tag-jose-miguel-fayos-jordan","8":"desktop-align-left","9":"tablet-align-left","10":"mobile-align-left","11":"ast-product-gallery-layout-horizontal-slider","13":"first","14":"instock","15":"downloadable","16":"virtual","17":"taxable","18":"purchasable","19":"product-type-simple"},"acf":[],"yoast_head":"<!-- This site is optimized with the Yoast SEO Premium plugin v22.4 (Yoast SEO v27.4) - https:\/\/yoast.com\/product\/yoast-seo-premium-wordpress\/ -->\n<title>Cantares de la Nueva Tierra -<\/title>\n<meta name=\"description\" content=\"Partituras de m\u00fasica Sinf\u00f3nica para Orquestas y bandas. M\u00fasica escrita.\" \/>\n<meta name=\"robots\" content=\"index, follow, max-snippet:-1, max-image-preview:large, max-video-preview:-1\" \/>\n<link rel=\"canonical\" href=\"https:\/\/www.omnesbands.international\/fr\/produit\/cantares-de-la-nueva-tierra\/\" \/>\n<meta property=\"og:locale\" content=\"fr_FR\" \/>\n<meta property=\"og:type\" content=\"article\" \/>\n<meta property=\"og:title\" content=\"Cantares de la Nueva Tierra\" \/>\n<meta property=\"og:description\" content=\"Partituras de m\u00fasica Sinf\u00f3nica para Orquestas y bandas. M\u00fasica escrita.\" \/>\n<meta property=\"og:url\" content=\"https:\/\/www.omnesbands.international\/fr\/produit\/cantares-de-la-nueva-tierra\/\" \/>\n<meta property=\"article:modified_time\" content=\"2023-12-02T20:49:16+00:00\" \/>\n<meta property=\"og:image\" content=\"https:\/\/www.omnesbands.international\/wp-content\/uploads\/2023\/01\/Cantares-de-la-Nueva-Tierra.jpg\" \/>\n\t<meta property=\"og:image:width\" content=\"600\" \/>\n\t<meta property=\"og:image:height\" content=\"420\" \/>\n\t<meta property=\"og:image:type\" content=\"image\/jpeg\" \/>\n<meta name=\"twitter:card\" content=\"summary_large_image\" \/>\n<meta name=\"twitter:label1\" content=\"Prix\" \/>\n\t<meta name=\"twitter:data1\" content=\"&#036;45.00\" \/>\n\t<meta name=\"twitter:label2\" content=\"Disponibilit\u00e9\" \/>\n\t<meta name=\"twitter:data2\" content=\"En stock\" \/>\n<script type=\"application\/ld+json\" class=\"yoast-schema-graph\">{\"@context\":\"https:\\\/\\\/schema.org\",\"@graph\":[{\"@type\":\"WebPage\",\"@id\":\"https:\\\/\\\/www.omnesbands.international\\\/producto\\\/cantares-de-la-nueva-tierra\\\/\",\"url\":\"https:\\\/\\\/www.omnesbands.international\\\/producto\\\/cantares-de-la-nueva-tierra\\\/\",\"name\":\"Cantares de la Nueva Tierra -\",\"isPartOf\":{\"@id\":\"https:\\\/\\\/www.omnesbands.international\\\/#website\"},\"primaryImageOfPage\":{\"@id\":\"https:\\\/\\\/www.omnesbands.international\\\/producto\\\/cantares-de-la-nueva-tierra\\\/#primaryimage\"},\"image\":{\"@id\":\"https:\\\/\\\/www.omnesbands.international\\\/producto\\\/cantares-de-la-nueva-tierra\\\/#primaryimage\"},\"thumbnailUrl\":\"https:\\\/\\\/www.omnesbands.international\\\/wp-content\\\/uploads\\\/2023\\\/01\\\/Cantares-de-la-Nueva-Tierra.jpg\",\"datePublished\":\"2023-01-24T03:40:25+00:00\",\"dateModified\":\"2023-12-02T20:49:16+00:00\",\"description\":\"Partituras de m\u00fasica Sinf\u00f3nica para Orquestas y bandas. M\u00fasica escrita.\",\"breadcrumb\":{\"@id\":\"https:\\\/\\\/www.omnesbands.international\\\/producto\\\/cantares-de-la-nueva-tierra\\\/#breadcrumb\"},\"inLanguage\":\"fr-FR\",\"potentialAction\":[{\"@type\":\"ReadAction\",\"target\":[\"https:\\\/\\\/www.omnesbands.international\\\/producto\\\/cantares-de-la-nueva-tierra\\\/\"]}]},{\"@type\":\"ImageObject\",\"inLanguage\":\"fr-FR\",\"@id\":\"https:\\\/\\\/www.omnesbands.international\\\/producto\\\/cantares-de-la-nueva-tierra\\\/#primaryimage\",\"url\":\"https:\\\/\\\/www.omnesbands.international\\\/wp-content\\\/uploads\\\/2023\\\/01\\\/Cantares-de-la-Nueva-Tierra.jpg\",\"contentUrl\":\"https:\\\/\\\/www.omnesbands.international\\\/wp-content\\\/uploads\\\/2023\\\/01\\\/Cantares-de-la-Nueva-Tierra.jpg\",\"width\":600,\"height\":420,\"caption\":\"Cantares de la Nueva Tierra\"},{\"@type\":\"BreadcrumbList\",\"@id\":\"https:\\\/\\\/www.omnesbands.international\\\/producto\\\/cantares-de-la-nueva-tierra\\\/#breadcrumb\",\"itemListElement\":[{\"@type\":\"ListItem\",\"position\":1,\"name\":\"Portada\",\"item\":\"https:\\\/\\\/www.omnesbands.international\\\/\"},{\"@type\":\"ListItem\",\"position\":2,\"name\":\"Tienda\",\"item\":\"https:\\\/\\\/www.omnesbands.international\\\/en\\\/shop\\\/\"},{\"@type\":\"ListItem\",\"position\":3,\"name\":\"Cantares de la Nueva Tierra\"}]},{\"@type\":\"WebSite\",\"@id\":\"https:\\\/\\\/www.omnesbands.international\\\/#website\",\"url\":\"https:\\\/\\\/www.omnesbands.international\\\/\",\"name\":\"OMNESBANDS International\",\"description\":\"Partituras Originales de autores y compositores independientes\",\"publisher\":{\"@id\":\"https:\\\/\\\/www.omnesbands.international\\\/#organization\"},\"potentialAction\":[{\"@type\":\"SearchAction\",\"target\":{\"@type\":\"EntryPoint\",\"urlTemplate\":\"https:\\\/\\\/www.omnesbands.international\\\/?s={search_term_string}\"},\"query-input\":{\"@type\":\"PropertyValueSpecification\",\"valueRequired\":true,\"valueName\":\"search_term_string\"}}],\"inLanguage\":\"fr-FR\"},{\"@type\":\"Organization\",\"@id\":\"https:\\\/\\\/www.omnesbands.international\\\/#organization\",\"name\":\"Indra Consultores Internacionales\",\"alternateName\":\"Omnesbands\",\"url\":\"https:\\\/\\\/www.omnesbands.international\\\/\",\"logo\":{\"@type\":\"ImageObject\",\"inLanguage\":\"fr-FR\",\"@id\":\"https:\\\/\\\/www.omnesbands.international\\\/#\\\/schema\\\/logo\\\/image\\\/\",\"url\":\"https:\\\/\\\/omnesbands.international\\\/wp-content\\\/uploads\\\/2023\\\/06\\\/Logo-Nuevo-.png\",\"contentUrl\":\"https:\\\/\\\/omnesbands.international\\\/wp-content\\\/uploads\\\/2023\\\/06\\\/Logo-Nuevo-.png\",\"width\":394,\"height\":212,\"caption\":\"Indra Consultores Internacionales\"},\"image\":{\"@id\":\"https:\\\/\\\/www.omnesbands.international\\\/#\\\/schema\\\/logo\\\/image\\\/\"}}]}<\/script>\n<meta property=\"product:price:amount\" content=\"45.00\" \/>\n<meta property=\"product:price:currency\" content=\"USD\" \/>\n<meta property=\"og:availability\" content=\"instock\" \/>\n<meta property=\"product:availability\" content=\"instock\" \/>\n<meta property=\"product:retailer_item_id\" content=\"CAN-SIN-ESP-22\" \/>\n<meta property=\"product:condition\" content=\"new\" \/>\n<!-- \/ Yoast SEO Premium plugin. -->","yoast_head_json":{"title":"Cantares de la Nueva Tierra -","description":"Partituras de m\u00fasica Sinf\u00f3nica para Orquestas y bandas. M\u00fasica escrita.","robots":{"index":"index","follow":"follow","max-snippet":"max-snippet:-1","max-image-preview":"max-image-preview:large","max-video-preview":"max-video-preview:-1"},"canonical":"https:\/\/www.omnesbands.international\/fr\/produit\/cantares-de-la-nueva-tierra\/","og_locale":"fr_FR","og_type":"article","og_title":"Cantares de la Nueva Tierra","og_description":"Partituras de m\u00fasica Sinf\u00f3nica para Orquestas y bandas. M\u00fasica escrita.","og_url":"https:\/\/www.omnesbands.international\/fr\/produit\/cantares-de-la-nueva-tierra\/","article_modified_time":"2023-12-02T20:49:16+00:00","og_image":[{"width":600,"height":420,"url":"https:\/\/www.omnesbands.international\/wp-content\/uploads\/2023\/01\/Cantares-de-la-Nueva-Tierra.jpg","type":"image\/jpeg"}],"twitter_card":"summary_large_image","twitter_misc":{"Prix":"&#36;45.00","Disponibilit\u00e9":"En stock"},"schema":{"@context":"https:\/\/schema.org","@graph":[{"@type":"WebPage","@id":"https:\/\/www.omnesbands.international\/producto\/cantares-de-la-nueva-tierra\/","url":"https:\/\/www.omnesbands.international\/producto\/cantares-de-la-nueva-tierra\/","name":"Cantares de la Nueva Tierra -","isPartOf":{"@id":"https:\/\/www.omnesbands.international\/#website"},"primaryImageOfPage":{"@id":"https:\/\/www.omnesbands.international\/producto\/cantares-de-la-nueva-tierra\/#primaryimage"},"image":{"@id":"https:\/\/www.omnesbands.international\/producto\/cantares-de-la-nueva-tierra\/#primaryimage"},"thumbnailUrl":"https:\/\/www.omnesbands.international\/wp-content\/uploads\/2023\/01\/Cantares-de-la-Nueva-Tierra.jpg","datePublished":"2023-01-24T03:40:25+00:00","dateModified":"2023-12-02T20:49:16+00:00","description":"Partituras de m\u00fasica Sinf\u00f3nica para Orquestas y bandas. M\u00fasica escrita.","breadcrumb":{"@id":"https:\/\/www.omnesbands.international\/producto\/cantares-de-la-nueva-tierra\/#breadcrumb"},"inLanguage":"fr-FR","potentialAction":[{"@type":"ReadAction","target":["https:\/\/www.omnesbands.international\/producto\/cantares-de-la-nueva-tierra\/"]}]},{"@type":"ImageObject","inLanguage":"fr-FR","@id":"https:\/\/www.omnesbands.international\/producto\/cantares-de-la-nueva-tierra\/#primaryimage","url":"https:\/\/www.omnesbands.international\/wp-content\/uploads\/2023\/01\/Cantares-de-la-Nueva-Tierra.jpg","contentUrl":"https:\/\/www.omnesbands.international\/wp-content\/uploads\/2023\/01\/Cantares-de-la-Nueva-Tierra.jpg","width":600,"height":420,"caption":"Cantares de la Nueva Tierra"},{"@type":"BreadcrumbList","@id":"https:\/\/www.omnesbands.international\/producto\/cantares-de-la-nueva-tierra\/#breadcrumb","itemListElement":[{"@type":"ListItem","position":1,"name":"Portada","item":"https:\/\/www.omnesbands.international\/"},{"@type":"ListItem","position":2,"name":"Tienda","item":"https:\/\/www.omnesbands.international\/en\/shop\/"},{"@type":"ListItem","position":3,"name":"Cantares de la Nueva Tierra"}]},{"@type":"WebSite","@id":"https:\/\/www.omnesbands.international\/#website","url":"https:\/\/www.omnesbands.international\/","name":"OMNESBANDS International","description":"Partitions originales d&#039;auteurs et compositeurs ind\u00e9pendants","publisher":{"@id":"https:\/\/www.omnesbands.international\/#organization"},"potentialAction":[{"@type":"SearchAction","target":{"@type":"EntryPoint","urlTemplate":"https:\/\/www.omnesbands.international\/?s={search_term_string}"},"query-input":{"@type":"PropertyValueSpecification","valueRequired":true,"valueName":"search_term_string"}}],"inLanguage":"fr-FR"},{"@type":"Organization","@id":"https:\/\/www.omnesbands.international\/#organization","name":"Indra Consultants Internationaux","alternateName":"Omnesbands","url":"https:\/\/www.omnesbands.international\/","logo":{"@type":"ImageObject","inLanguage":"fr-FR","@id":"https:\/\/www.omnesbands.international\/#\/schema\/logo\/image\/","url":"https:\/\/omnesbands.international\/wp-content\/uploads\/2023\/06\/Logo-Nuevo-.png","contentUrl":"https:\/\/omnesbands.international\/wp-content\/uploads\/2023\/06\/Logo-Nuevo-.png","width":394,"height":212,"caption":"Indra Consultores Internacionales"},"image":{"@id":"https:\/\/www.omnesbands.international\/#\/schema\/logo\/image\/"}}]},"product_price_amount":"45.00","product_price_currency":"USD","og_availability":"instock","product_availability":"instock","product_retailer_item_id":"CAN-SIN-ESP-22","product_condition":"new"},"uagb_featured_image_src":{"full":["https:\/\/www.omnesbands.international\/wp-content\/uploads\/2023\/01\/Cantares-de-la-Nueva-Tierra.jpg",600,420,false],"thumbnail":["https:\/\/www.omnesbands.international\/wp-content\/uploads\/2023\/01\/Cantares-de-la-Nueva-Tierra-150x150.jpg",150,150,true],"medium":["https:\/\/www.omnesbands.international\/wp-content\/uploads\/2023\/01\/Cantares-de-la-Nueva-Tierra-300x210.jpg",300,210,true],"medium_large":["https:\/\/www.omnesbands.international\/wp-content\/uploads\/2023\/01\/Cantares-de-la-Nueva-Tierra.jpg",600,420,false],"large":["https:\/\/www.omnesbands.international\/wp-content\/uploads\/2023\/01\/Cantares-de-la-Nueva-Tierra.jpg",600,420,false],"1536x1536":["https:\/\/www.omnesbands.international\/wp-content\/uploads\/2023\/01\/Cantares-de-la-Nueva-Tierra.jpg",600,420,false],"2048x2048":["https:\/\/www.omnesbands.international\/wp-content\/uploads\/2023\/01\/Cantares-de-la-Nueva-Tierra.jpg",600,420,false],"trp-custom-language-flag":["https:\/\/www.omnesbands.international\/wp-content\/uploads\/2023\/01\/Cantares-de-la-Nueva-Tierra.jpg",18,12,false],"gg_gallery_thumbnail":["https:\/\/www.omnesbands.international\/wp-content\/uploads\/2023\/01\/Cantares-de-la-Nueva-Tierra.jpg",357,250,false],"woocommerce_thumbnail":["https:\/\/www.omnesbands.international\/wp-content\/uploads\/2023\/01\/Cantares-de-la-Nueva-Tierra-300x300.jpg",300,300,true],"woocommerce_single":["https:\/\/www.omnesbands.international\/wp-content\/uploads\/2023\/01\/Cantares-de-la-Nueva-Tierra.jpg",600,420,false],"woocommerce_gallery_thumbnail":["https:\/\/www.omnesbands.international\/wp-content\/uploads\/2023\/01\/Cantares-de-la-Nueva-Tierra-100x100.jpg",100,100,true]},"uagb_author_info":{"display_name":"Melvin R. Portillo A:","author_link":"https:\/\/www.omnesbands.international\/fr\/author\/"},"uagb_comment_info":0,"uagb_excerpt":"\u201cCantares de la nueva tierra\u201d ha sido escrita para conmemorar el 400 aniversario de la Carta Puebla de Chella (Valencia).","_links":{"self":[{"href":"https:\/\/www.omnesbands.international\/fr\/wp-json\/wp\/v2\/product\/993","targetHints":{"allow":["GET"]}}],"collection":[{"href":"https:\/\/www.omnesbands.international\/fr\/wp-json\/wp\/v2\/product"}],"about":[{"href":"https:\/\/www.omnesbands.international\/fr\/wp-json\/wp\/v2\/types\/product"}],"replies":[{"embeddable":true,"href":"https:\/\/www.omnesbands.international\/fr\/wp-json\/wp\/v2\/comments?post=993"}],"wp:featuredmedia":[{"embeddable":true,"href":"https:\/\/www.omnesbands.international\/fr\/wp-json\/wp\/v2\/media\/994"}],"wp:attachment":[{"href":"https:\/\/www.omnesbands.international\/fr\/wp-json\/wp\/v2\/media?parent=993"}],"wp:term":[{"taxonomy":"product_brand","embeddable":true,"href":"https:\/\/www.omnesbands.international\/fr\/wp-json\/wp\/v2\/product_brand?post=993"},{"taxonomy":"product_cat","embeddable":true,"href":"https:\/\/www.omnesbands.international\/fr\/wp-json\/wp\/v2\/product_cat?post=993"},{"taxonomy":"product_tag","embeddable":true,"href":"https:\/\/www.omnesbands.international\/fr\/wp-json\/wp\/v2\/product_tag?post=993"}],"curies":[{"name":"wp","href":"https:\/\/api.w.org\/{rel}","templated":true}]}}