{"id":119,"date":"2020-08-20T10:02:41","date_gmt":"2020-08-20T10:02:41","guid":{"rendered":"https:\/\/omnesbands.international\/about-us\/"},"modified":"2023-08-01T09:20:44","modified_gmt":"2023-08-01T15:20:44","slug":"about-us","status":"publish","type":"page","link":"https:\/\/www.omnesbands.international\/ja\/about-us\/","title":{"rendered":"\u79c1\u305f\u3061"},"content":{"rendered":"<div class=\"wp-block-uagb-container uagb-block-0afa4433 alignfull uagb-is-root-container\"><div class=\"uagb-container-inner-blocks-wrap\">\n<div class=\"wp-block-uagb-advanced-heading uagb-block-436218ea\"><h1 class=\"uagb-heading-text\">\u79c1\u305f\u3061<\/h1><\/div>\n<\/div><\/div>\n\n\n\n<div class=\"wp-block-uagb-container uagb-block-7bf8c863 alignfull uagb-is-root-container\"><div class=\"uagb-container-inner-blocks-wrap\">\n<div class=\"wp-block-uagb-container uagb-block-d1420d59\">\n<div class=\"wp-block-uagb-container uagb-block-6e159daa\">\n<div class=\"wp-block-uagb-advanced-heading uagb-block-99ec071e\"><h3 class=\"uagb-heading-text\">\u30f4\u30a3\u30b8\u30e7\u30f3                                                   <\/h3><\/div>\n<\/div>\n\n\n\n<div class=\"wp-block-uagb-container uagb-block-b3baaebc\">\n<p>\u3059\u3079\u3066\u306e\u4eba\u306e\u5229\u76ca\u306e\u305f\u3081\u306b\u3001\u4eba\u985e\u306e\u512a\u308c\u305f\u7279\u6027\u3067\u3042\u308b\u5275\u9020\u6027\u306e\u958b\u767a\u3068\u666e\u53ca\u306b\u8ca2\u732e\u3057\u307e\u3059\u3002<\/p>\n<\/div>\n<\/div>\n\n\n\n<div class=\"wp-block-uagb-container uagb-block-b9d686e1\">\n<div class=\"wp-block-uagb-container uagb-block-91d08a94\">\n<div class=\"wp-block-uagb-advanced-heading uagb-block-8f3d640a\"><h3 class=\"uagb-heading-text\">\u30df\u30c3\u30b7\u30e7\u30f3<\/h3><\/div>\n<\/div>\n\n\n\n<div class=\"wp-block-uagb-container uagb-block-2bf65cda\">\n<p>\u8457\u8005\u3068\u4f01\u696d\u307e\u305f\u306f\u97f3\u697d\u30b0\u30eb\u30fc\u30d7\u3068\u306e\u9593\u306e\u67b6\u3051\u6a4b\u3068\u306a\u308a\u3001\u900f\u660e\u6027\u3068\u5353\u8d8a\u6027\u3067\u3059\u3079\u3066\u306e\u4eba\u306b\u5229\u76ca\u3092\u3082\u305f\u3089\u3057\u307e\u3059\u3002\u30aa\u30ea\u30b8\u30ca\u30eb\u4f5c\u54c1\u3068\u3001\u65b0\u3057\u304f\u4f5c\u6210\u3055\u308c\u305f\u5305\u62ec\u7684\u306a\u97f3\u697d\u7ba1\u7406\u30e2\u30c7\u30eb\u306e\u307f\u3002<\/p>\n<\/div>\n<\/div>\n\n\n\n<div class=\"wp-block-uagb-container uagb-block-039732ec\">\n<div class=\"wp-block-uagb-advanced-heading uagb-block-0a15d3d5\"><h2 class=\"uagb-heading-text\">\u5f53\u793e<\/h2><p class=\"uagb-desc-text\">20\u6b73\u4ee5\u4e0a\u306e\u65b9 <strong>\u30aa\u30e0\u30cd\u30b9\u30d0\u30f3\u30c9\uff08OBS\uff09<\/strong> \u8457\u4f5c\u6a29\u306e\u7ba1\u7406\u3001\u666e\u53ca\u3001\u304a\u3088\u3073\u8ca9\u58f2\u306e\u65b0\u3057\u3044\u5206\u91ce\u3092\u5b9f\u88c5\u3059\u308b\u3053\u3068\u306b\u3088\u308a\u3001\u65b0\u3057\u3044\u6642\u4ee3\u3092\u958b\u59cb\u3057\u307e\u3059\u3002\u65b0\u3057\u3044\u30c7\u30b8\u30bf\u30eb\u60c5\u5831\u6280\u8853\u3092\u901a\u3058\u3066\u97f3\u697d\u4f5c\u54c1\u3092\u5ba3\u4f1d\u3057\u3001\u3053\u308c\u3089\u306e\u65b0\u3057\u3044\u30ea\u30bd\u30fc\u30b9\u3092\u4f5c\u66f2\u5bb6\u304c\u5229\u7528\u3067\u304d\u308b\u3088\u3046\u306b\u3057\u307e\u3059\u3002<br><strong>\u56fd\u969b\u6295\u5f71: <\/strong>\u56fd\u3001\u6027\u5225\u3001\u4eba\u7a2e\u3001\u5b97\u6559\u306b\u95a2\u4fc2\u306a\u304f\u3001\u3042\u3089\u3086\u308b\u97f3\u697d\u30b8\u30e3\u30f3\u30eb\u306e\u3059\u3079\u3066\u306e\u4f5c\u8005\u306b\u30b9\u30da\u30fc\u30b9\u3092\u4e0e\u3048\u307e\u3059\u3002<br>\u4f5c\u5bb6\u3001\u97f3\u697d\u30b0\u30eb\u30fc\u30d7\u3001\u4e00\u822c\u5927\u8846\u306e\u671f\u5f85\u306b\u5e38\u306b\u6ce8\u610f\u3092\u6255\u3044\u3001\u767a\u751f\u3059\u308b\u65b0\u3057\u3044\u72b6\u6cc1\u306b\u5408\u308f\u305b\u3066\u30de\u30fc\u30b1\u30c6\u30a3\u30f3\u30b0\u8a08\u753b\u3092\u7d99\u7d9a\u7684\u306b\u9069\u5fdc\u3055\u305b\u307e\u3059\u3002<br>6\u793e\u4ee5\u4e0a\u306e\u4fe1\u983c\u3092\u5f97\u3066\u3044\u307e\u3059<strong>\u8457\u540d\u306a\u73fe\u4ee3\u4f5c\u5bb6 0 \u4eba<\/strong>.<\/p><\/div>\n\n\n\n<div class=\"wp-block-uagb-image aligncenter uagb-block-e3277294 wp-block-uagb-image--layout-default wp-block-uagb-image--effect-static wp-block-uagb-image--align-center\"><figure class=\"wp-block-uagb-image__figure\"><img decoding=\"async\" srcset=\"https:\/\/omnesbands.international\/wp-content\/uploads\/2023\/01\/man-conductor-musician-5658724-1024x576.jpg \" sizes=\"auto, (max-width: 480px) 150px\" src=\"https:\/\/omnesbands.international\/wp-content\/uploads\/2023\/01\/man-conductor-musician-5658724-1024x576.jpg\" alt=\"man, conductor, musician-5658724.jpg\" class=\"uag-image-731\" width=\"1024\" height=\"576\" title=\"\" loading=\"lazy\"\/><\/figure><\/div>\n\n\n\n<div class=\"wp-block-uagb-container uagb-block-caeea237\">\n<p>\u79c1\u305f\u3061\u306e\u4f1a\u793e\u306f\u3001\u5171\u901a\u306e\u5229\u76ca\u306e\u305f\u3081\u306e\u7d4c\u6e08\u306e\u6982\u5ff5\u306b\u57fa\u3065\u3044\u3066\u304a\u308a\u3001\u53ce\u5165\u306e\u516c\u5e73\u306a\u5206\u914d (\u5e38\u306b\u4f5c\u66f2\u5bb6\u3092\u512a\u5148\u3059\u308b) \u304c\u3001\u3053\u306e\u65b0\u3057\u3044\u7ba1\u7406\u306b\u5bfe\u51e6\u3059\u308b\u305f\u3081\u306e\u30e2\u30c7\u30eb\u3068\u306a\u3063\u3066\u3044\u307e\u3059\u3002<\/p>\n\n\n\n<p>\u79c1\u305f\u3061\u306b\u3068\u3063\u3066\u3001\u97f3\u697d\u6587\u5316\u306e\u30b5\u30dd\u30fc\u30c8\u306f\u4e0d\u53ef\u6b20\u3067\u3042\u308a\u3001\u5236\u9650\u306a\u304f\u3001\u8ca9\u58f2\u5e02\u5834\u3092\u63a2\u3057\u3001\u7ba1\u7406\u306f\u56fd\u969b\u7684\u306b\u306a\u308a\u307e\u3059\u3002<\/p>\n<\/div>\n<\/div>\n<\/div><\/div>","protected":false},"excerpt":{"rendered":"<p>VISI\u00d3N Contribuir al desarrollo y difusi\u00f3n de la creatividad, caracter\u00edstica descollante de la humanidad, en beneficio de todos. MISI\u00d3N Servir de puente entre autores y empresas o grupos musicales beneficiando a todos con transparencia y excelencia. Solo con obras originales y con un modelo de gesti\u00f3n integral de la m\u00fasica de nueva creaci\u00f3n. Nuestra Empresa [&hellip;]<\/p>\n","protected":false},"author":4,"featured_media":0,"parent":0,"menu_order":0,"comment_status":"closed","ping_status":"closed","template":"","meta":{"_acf_changed":false,"_uag_custom_page_level_css":"","site-sidebar-layout":"default","site-content-layout":"plain-container","ast-site-content-layout":"default","site-content-style":"default","site-sidebar-style":"default","ast-global-header-display":"","ast-banner-title-visibility":"","ast-main-header-display":"","ast-hfb-above-header-display":"","ast-hfb-below-header-display":"","ast-hfb-mobile-header-display":"","site-post-title":"disabled","ast-breadcrumbs-content":"","ast-featured-img":"disabled","footer-sml-layout":"","ast-disable-related-posts":"","theme-transparent-header-meta":"enabled","adv-header-id-meta":"","stick-header-meta":"","header-above-stick-meta":"","header-main-stick-meta":"","header-below-stick-meta":"","astra-migrate-meta-layouts":"default","ast-page-background-enabled":"default","ast-page-background-meta":{"desktop":{"background-color":"","background-image":"","background-repeat":"repeat","background-position":"center center","background-size":"auto","background-attachment":"scroll","background-type":"","background-media":"","overlay-type":"","overlay-color":"","overlay-opacity":"","overlay-gradient":""},"tablet":{"background-color":"","background-image":"","background-repeat":"repeat","background-position":"center center","background-size":"auto","background-attachment":"scroll","background-type":"","background-media":"","overlay-type":"","overlay-color":"","overlay-opacity":"","overlay-gradient":""},"mobile":{"background-color":"","background-image":"","background-repeat":"repeat","background-position":"center center","background-size":"auto","background-attachment":"scroll","background-type":"","background-media":"","overlay-type":"","overlay-color":"","overlay-opacity":"","overlay-gradient":""}},"ast-content-background-meta":{"desktop":{"background-color":"var(--ast-global-color-5)","background-image":"","background-repeat":"repeat","background-position":"center center","background-size":"auto","background-attachment":"scroll","background-type":"","background-media":"","overlay-type":"","overlay-color":"","overlay-opacity":"","overlay-gradient":""},"tablet":{"background-color":"var(--ast-global-color-5)","background-image":"","background-repeat":"repeat","background-position":"center center","background-size":"auto","background-attachment":"scroll","background-type":"","background-media":"","overlay-type":"","overlay-color":"","overlay-opacity":"","overlay-gradient":""},"mobile":{"background-color":"var(--ast-global-color-5)","background-image":"","background-repeat":"repeat","background-position":"center center","background-size":"auto","background-attachment":"scroll","background-type":"","background-media":"","overlay-type":"","overlay-color":"","overlay-opacity":"","overlay-gradient":""}},"footnotes":""},"class_list":["post-119","page","type-page","status-publish","hentry"],"acf":[],"yoast_head":"<!-- This site is optimized with the Yoast SEO Premium plugin v22.4 (Yoast SEO v27.4) - https:\/\/yoast.com\/product\/yoast-seo-premium-wordpress\/ -->\n<title>Nosotros -<\/title>\n<meta name=\"robots\" content=\"index, follow, max-snippet:-1, max-image-preview:large, max-video-preview:-1\" \/>\n<link rel=\"canonical\" href=\"https:\/\/www.omnesbands.international\/ja\/about-us\/\" \/>\n<meta property=\"og:locale\" content=\"ja_JP\" \/>\n<meta property=\"og:type\" content=\"article\" \/>\n<meta property=\"og:title\" content=\"Nosotros\" \/>\n<meta property=\"og:description\" content=\"VISI\u00d3N Contribuir al desarrollo y difusi\u00f3n de la creatividad, caracter\u00edstica descollante de la humanidad, en beneficio de todos. MISI\u00d3N Servir de puente entre autores y empresas o grupos musicales beneficiando a todos con transparencia y excelencia. Solo con obras originales y con un modelo de gesti\u00f3n integral de la m\u00fasica de nueva creaci\u00f3n. Nuestra Empresa [&hellip;]\" \/>\n<meta property=\"og:url\" content=\"https:\/\/www.omnesbands.international\/ja\/about-us\/\" \/>\n<meta property=\"article:modified_time\" content=\"2023-08-01T15:20:44+00:00\" \/>\n<meta property=\"og:image\" content=\"https:\/\/omnesbands.international\/wp-content\/uploads\/2023\/01\/man-conductor-musician-5658724-1024x576.jpg\" \/>\n<meta name=\"twitter:card\" content=\"summary_large_image\" \/>\n<meta name=\"twitter:label1\" content=\"\u63a8\u5b9a\u8aad\u307f\u53d6\u308a\u6642\u9593\" \/>\n\t<meta name=\"twitter:data1\" content=\"3\u5206\" \/>\n<script type=\"application\/ld+json\" class=\"yoast-schema-graph\">{\"@context\":\"https:\\\/\\\/schema.org\",\"@graph\":[{\"@type\":\"WebPage\",\"@id\":\"https:\\\/\\\/www.omnesbands.international\\\/about-us\\\/\",\"url\":\"https:\\\/\\\/www.omnesbands.international\\\/about-us\\\/\",\"name\":\"Nosotros -\",\"isPartOf\":{\"@id\":\"https:\\\/\\\/www.omnesbands.international\\\/#website\"},\"primaryImageOfPage\":{\"@id\":\"https:\\\/\\\/www.omnesbands.international\\\/about-us\\\/#primaryimage\"},\"image\":{\"@id\":\"https:\\\/\\\/www.omnesbands.international\\\/about-us\\\/#primaryimage\"},\"thumbnailUrl\":\"https:\\\/\\\/omnesbands.international\\\/wp-content\\\/uploads\\\/2023\\\/01\\\/man-conductor-musician-5658724-1024x576.jpg\",\"datePublished\":\"2020-08-20T10:02:41+00:00\",\"dateModified\":\"2023-08-01T15:20:44+00:00\",\"breadcrumb\":{\"@id\":\"https:\\\/\\\/www.omnesbands.international\\\/about-us\\\/#breadcrumb\"},\"inLanguage\":\"ja\",\"potentialAction\":[{\"@type\":\"ReadAction\",\"target\":[\"https:\\\/\\\/www.omnesbands.international\\\/about-us\\\/\"]}]},{\"@type\":\"ImageObject\",\"inLanguage\":\"ja\",\"@id\":\"https:\\\/\\\/www.omnesbands.international\\\/about-us\\\/#primaryimage\",\"url\":\"https:\\\/\\\/omnesbands.international\\\/wp-content\\\/uploads\\\/2023\\\/01\\\/man-conductor-musician-5658724-1024x576.jpg\",\"contentUrl\":\"https:\\\/\\\/omnesbands.international\\\/wp-content\\\/uploads\\\/2023\\\/01\\\/man-conductor-musician-5658724-1024x576.jpg\"},{\"@type\":\"BreadcrumbList\",\"@id\":\"https:\\\/\\\/www.omnesbands.international\\\/about-us\\\/#breadcrumb\",\"itemListElement\":[{\"@type\":\"ListItem\",\"position\":1,\"name\":\"Portada\",\"item\":\"https:\\\/\\\/www.omnesbands.international\\\/\"},{\"@type\":\"ListItem\",\"position\":2,\"name\":\"Nosotros\"}]},{\"@type\":\"WebSite\",\"@id\":\"https:\\\/\\\/www.omnesbands.international\\\/#website\",\"url\":\"https:\\\/\\\/www.omnesbands.international\\\/\",\"name\":\"OMNESBANDS International\",\"description\":\"Partituras Originales de autores y compositores independientes\",\"publisher\":{\"@id\":\"https:\\\/\\\/www.omnesbands.international\\\/#organization\"},\"potentialAction\":[{\"@type\":\"SearchAction\",\"target\":{\"@type\":\"EntryPoint\",\"urlTemplate\":\"https:\\\/\\\/www.omnesbands.international\\\/?s={search_term_string}\"},\"query-input\":{\"@type\":\"PropertyValueSpecification\",\"valueRequired\":true,\"valueName\":\"search_term_string\"}}],\"inLanguage\":\"ja\"},{\"@type\":\"Organization\",\"@id\":\"https:\\\/\\\/www.omnesbands.international\\\/#organization\",\"name\":\"Indra Consultores Internacionales\",\"alternateName\":\"Omnesbands\",\"url\":\"https:\\\/\\\/www.omnesbands.international\\\/\",\"logo\":{\"@type\":\"ImageObject\",\"inLanguage\":\"ja\",\"@id\":\"https:\\\/\\\/www.omnesbands.international\\\/#\\\/schema\\\/logo\\\/image\\\/\",\"url\":\"https:\\\/\\\/omnesbands.international\\\/wp-content\\\/uploads\\\/2023\\\/06\\\/Logo-Nuevo-.png\",\"contentUrl\":\"https:\\\/\\\/omnesbands.international\\\/wp-content\\\/uploads\\\/2023\\\/06\\\/Logo-Nuevo-.png\",\"width\":394,\"height\":212,\"caption\":\"Indra Consultores Internacionales\"},\"image\":{\"@id\":\"https:\\\/\\\/www.omnesbands.international\\\/#\\\/schema\\\/logo\\\/image\\\/\"}}]}<\/script>\n<!-- \/ Yoast SEO Premium plugin. -->","yoast_head_json":{"title":"Nosotros -","robots":{"index":"index","follow":"follow","max-snippet":"max-snippet:-1","max-image-preview":"max-image-preview:large","max-video-preview":"max-video-preview:-1"},"canonical":"https:\/\/www.omnesbands.international\/ja\/about-us\/","og_locale":"ja_JP","og_type":"article","og_title":"Nosotros","og_description":"VISI\u00d3N Contribuir al desarrollo y difusi\u00f3n de la creatividad, caracter\u00edstica descollante de la humanidad, en beneficio de todos. MISI\u00d3N Servir de puente entre autores y empresas o grupos musicales beneficiando a todos con transparencia y excelencia. Solo con obras originales y con un modelo de gesti\u00f3n integral de la m\u00fasica de nueva creaci\u00f3n. Nuestra Empresa [&hellip;]","og_url":"https:\/\/www.omnesbands.international\/ja\/about-us\/","article_modified_time":"2023-08-01T15:20:44+00:00","og_image":[{"url":"https:\/\/omnesbands.international\/wp-content\/uploads\/2023\/01\/man-conductor-musician-5658724-1024x576.jpg","type":"","width":"","height":""}],"twitter_card":"summary_large_image","twitter_misc":{"\u63a8\u5b9a\u8aad\u307f\u53d6\u308a\u6642\u9593":"3\u5206"},"schema":{"@context":"https:\/\/schema.org","@graph":[{"@type":"WebPage","@id":"https:\/\/www.omnesbands.international\/about-us\/","url":"https:\/\/www.omnesbands.international\/about-us\/","name":"Nosotros -","isPartOf":{"@id":"https:\/\/www.omnesbands.international\/#website"},"primaryImageOfPage":{"@id":"https:\/\/www.omnesbands.international\/about-us\/#primaryimage"},"image":{"@id":"https:\/\/www.omnesbands.international\/about-us\/#primaryimage"},"thumbnailUrl":"https:\/\/omnesbands.international\/wp-content\/uploads\/2023\/01\/man-conductor-musician-5658724-1024x576.jpg","datePublished":"2020-08-20T10:02:41+00:00","dateModified":"2023-08-01T15:20:44+00:00","breadcrumb":{"@id":"https:\/\/www.omnesbands.international\/about-us\/#breadcrumb"},"inLanguage":"ja","potentialAction":[{"@type":"ReadAction","target":["https:\/\/www.omnesbands.international\/about-us\/"]}]},{"@type":"ImageObject","inLanguage":"ja","@id":"https:\/\/www.omnesbands.international\/about-us\/#primaryimage","url":"https:\/\/omnesbands.international\/wp-content\/uploads\/2023\/01\/man-conductor-musician-5658724-1024x576.jpg","contentUrl":"https:\/\/omnesbands.international\/wp-content\/uploads\/2023\/01\/man-conductor-musician-5658724-1024x576.jpg"},{"@type":"BreadcrumbList","@id":"https:\/\/www.omnesbands.international\/about-us\/#breadcrumb","itemListElement":[{"@type":"ListItem","position":1,"name":"Portada","item":"https:\/\/www.omnesbands.international\/"},{"@type":"ListItem","position":2,"name":"Nosotros"}]},{"@type":"WebSite","@id":"https:\/\/www.omnesbands.international\/#website","url":"https:\/\/www.omnesbands.international\/","name":"OMNESBANDS International","description":"\u72ec\u7acb\u3057\u305f\u4f5c\u5bb6\u3084\u4f5c\u66f2\u5bb6\u306b\u3088\u308b\u30aa\u30ea\u30b8\u30ca\u30eb\u306e\u697d\u8b5c","publisher":{"@id":"https:\/\/www.omnesbands.international\/#organization"},"potentialAction":[{"@type":"SearchAction","target":{"@type":"EntryPoint","urlTemplate":"https:\/\/www.omnesbands.international\/?s={search_term_string}"},"query-input":{"@type":"PropertyValueSpecification","valueRequired":true,"valueName":"search_term_string"}}],"inLanguage":"ja"},{"@type":"Organization","@id":"https:\/\/www.omnesbands.international\/#organization","name":"\u30a4\u30f3\u30c9\u30e9\u56fd\u969b\u30b3\u30f3\u30b5\u30eb\u30bf\u30f3\u30c8","alternateName":"Omnesbands","url":"https:\/\/www.omnesbands.international\/","logo":{"@type":"ImageObject","inLanguage":"ja","@id":"https:\/\/www.omnesbands.international\/#\/schema\/logo\/image\/","url":"https:\/\/omnesbands.international\/wp-content\/uploads\/2023\/06\/Logo-Nuevo-.png","contentUrl":"https:\/\/omnesbands.international\/wp-content\/uploads\/2023\/06\/Logo-Nuevo-.png","width":394,"height":212,"caption":"Indra Consultores Internacionales"},"image":{"@id":"https:\/\/www.omnesbands.international\/#\/schema\/logo\/image\/"}}]}},"uagb_featured_image_src":{"full":false,"thumbnail":false,"medium":false,"medium_large":false,"large":false,"1536x1536":false,"2048x2048":false,"trp-custom-language-flag":false,"gg_gallery_thumbnail":false,"woocommerce_thumbnail":false,"woocommerce_single":false,"woocommerce_gallery_thumbnail":false},"uagb_author_info":{"display_name":"Melvin R. Portillo A:","author_link":"https:\/\/www.omnesbands.international\/ja\/author\/portand\/"},"uagb_comment_info":0,"uagb_excerpt":"VISI\u00d3N Contribuir al desarrollo y difusi\u00f3n de la creatividad, caracter\u00edstica descollante de la humanidad, en beneficio de todos. MISI\u00d3N Servir de puente entre autores y empresas o grupos musicales beneficiando a todos con transparencia y excelencia. Solo con obras originales y con un modelo de gesti\u00f3n integral de la m\u00fasica de nueva creaci\u00f3n. Nuestra Empresa&hellip;","_links":{"self":[{"href":"https:\/\/www.omnesbands.international\/ja\/wp-json\/wp\/v2\/pages\/119","targetHints":{"allow":["GET"]}}],"collection":[{"href":"https:\/\/www.omnesbands.international\/ja\/wp-json\/wp\/v2\/pages"}],"about":[{"href":"https:\/\/www.omnesbands.international\/ja\/wp-json\/wp\/v2\/types\/page"}],"author":[{"embeddable":true,"href":"https:\/\/www.omnesbands.international\/ja\/wp-json\/wp\/v2\/users\/4"}],"replies":[{"embeddable":true,"href":"https:\/\/www.omnesbands.international\/ja\/wp-json\/wp\/v2\/comments?post=119"}],"version-history":[{"count":4,"href":"https:\/\/www.omnesbands.international\/ja\/wp-json\/wp\/v2\/pages\/119\/revisions"}],"predecessor-version":[{"id":2360,"href":"https:\/\/www.omnesbands.international\/ja\/wp-json\/wp\/v2\/pages\/119\/revisions\/2360"}],"wp:attachment":[{"href":"https:\/\/www.omnesbands.international\/ja\/wp-json\/wp\/v2\/media?parent=119"}],"curies":[{"name":"wp","href":"https:\/\/api.w.org\/{rel}","templated":true}]}}