{"id":1566,"date":"2023-01-27T22:43:48","date_gmt":"2023-01-28T04:43:48","guid":{"rendered":"https:\/\/omnesbands.international\/?page_id=1566"},"modified":"2023-01-28T11:37:47","modified_gmt":"2023-01-28T17:37:47","slug":"antonio-cuenca-castello-2","status":"publish","type":"page","link":"https:\/\/www.omnesbands.international\/ja\/antonio-cuenca-castello-2\/","title":{"rendered":"\u30a2\u30f3\u30c8\u30cb\u30aa\u30fb\u30af\u30a8\u30f3\u30ab\u30fb\u30ab\u30b9\u30c6\u30c3\u30ed"},"content":{"rendered":"<div class=\"wp-block-uagb-container uagb-block-c3e9acd5 alignfull uagb-is-root-container\"><div class=\"uagb-container-inner-blocks-wrap\">\n<div class=\"wp-block-uagb-advanced-heading uagb-block-e73e0a66\"><h1 class=\"uagb-heading-text\">\u30a2\u30f3\u30c8\u30cb\u30aa\u30fb\u30af\u30a8\u30f3\u30ab\u30fb\u30ab\u30b9\u30c6\u30c3\u30ed<\/h1><\/div>\n<\/div><\/div>\n\n\n\n<div class=\"wp-block-uagb-container uagb-block-ad6db023 alignfull uagb-is-root-container\"><div class=\"uagb-container-inner-blocks-wrap\">\n<div class=\"wp-block-uagb-container uagb-block-1b6538b3 alignfull uagb-is-root-container\"><div class=\"uagb-container-inner-blocks-wrap\">\n<p>\u30b7\u30a7\u30e9\u30b3\uff08\u30d0\u30ec\u30f3\u30b7\u30a2\uff09\u751f\u307e\u308c\u3002\u5f7c\u306f\u30d0\u30ec\u30f3\u30b7\u30a2\u97f3\u697d\u9662\u3067\u30c8\u30e9\u30f3\u30da\u30c3\u30c8\u3001\u30d4\u30a2\u30ce\u3001\u548c\u58f0\u3001\u5bfe\u4f4d\u6cd5\u3001\u30d5\u30fc\u30ac\u3001\u4f5c\u66f2\u3001\u697d\u5668\u6f14\u594f\u306e\u52c9\u5f37\u3092\u59cb\u3081\u3001\u4f5c\u66f2\u306e\u5c02\u9580\u5206\u91ce\u3067\u4f73\u4f5c\u3092\u53d6\u5f97\u3057\u307e\u3057\u305f\u3002<\/p>\n<p>\u307e\u305f\u3001\u30d5\u30a2\u30f3\u30fb\u30a8\u30b9\u30d4\u30ce\u30fc\u30b5\u3001\u30d5\u30e9\u30f3\u30b7\u30b9\u30b3\u30fb\u30ab\u30d6\u30ec\u30ec\u30b9\u3001\u30db\u30bb\u30fb\u30e9\u30d5\u30a1\u30a8\u30eb\u30fb\u30d1\u30b9\u30af\u30a2\u30eb\u30fb\u30f4\u30a3\u30e9\u30d7\u30e9\u30ca\u3001\u30d5\u30e9\u30f3\u30b3\u30fb\u30bb\u30b6\u30ea\u30fc\u30cb\u306e\u5404\u6559\u5e2b\u304b\u3089\u30d0\u30f3\u30c9\u3001\u5408\u5531\u56e3\u3001\u30aa\u30fc\u30b1\u30b9\u30c8\u30e9\u306e\u6307\u63ee\u6cd5\u3092\u5b66\u3073\u3001\u305d\u306e\u5f8c\u3001\u30ed\u30f3\u30c9\u30f3\u306e\u738b\u7acb\u97f3\u697d\u30a2\u30ab\u30c7\u30df\u30fc\u306e\u30aa\u30fc\u30b1\u30b9\u30c8\u30e9\u6559\u5e2b\u3067\u3042\u308b\u30c7\u30cb\u30b9\u30fb\u30cf\u30e0\u306e\u3082\u3068\u3067\u30c8\u30ec\u30fc\u30cb\u30f3\u30b0\u3092\u62e1\u5927\u3057\u307e\u3057\u305f\u3002<\/p>\n<p>\u4f5c\u66f2\u5bb6\u3068\u3057\u3066\u3001\u5f7c\u306f\u4f5c\u66f2\u30b3\u30f3\u30c6\u30b9\u30c8\u3067\u3055\u307e\u3056\u307e\u306a\u8cde\u3092\u53d7\u8cde\u3057\u3066\u3044\u308b\u30021 \u3064\u306f 1999 \u5e74\u306e\u30d9\u30cb\u30c9\u30eb\u30e0\u3067\u3001\u3082\u3046 1 \u3064\u306f 2009 \u5e74\u306e\u30e0\u30ed\u30fb\u30c7\u30fb\u30a2\u30eb\u30b3\u30a4\u3067\u306e\u4ea4\u97ff\u697d\u56e3\u300c\u30c9\u30c7\u30ab\u30a8\u30c9\u30ed\u30fb\u30bd\u30ce\u30ed\u300d\u306e\u305f\u3081\u306e\u4f5c\u54c1\u3067\u3042\u308a\u3001\u3082\u3046 1 \u3064\u306f\u6ce8\u76ee\u306b\u5024\u3059\u308b\u3002\u6700\u8fd1\uff082011\u5e74\uff09\u3001\u300cCESM\u300d\uff08\u30b9\u30da\u30a4\u30f3\u97f3\u697d\u5354\u4f1a\u9023\u76df\uff09\u306b\u3088\u3063\u3066\u62db\u96c6\u3055\u308c\u3001\u4ea4\u97ff\u66f2\u4f5c\u54c1\u300cONIROS\u300d\u3092\u767a\u8868\u3057\u307e\u3057\u305f\u3002<\/p>\n<p>\u5f7c\u306f\u3001\u300c\u30b7\u30a6\u30bf\u30c3\u30c8\u30fb\u30c0\u30eb\u30b7\u30fc\u30e9\u300d\u591a\u58f0\u5408\u5531\u56e3\u3001\u300c\u30a8\u30eb\u30fb\u30f4\u30a7\u30eb\u30b8\u30a7\u97f3\u697d\u5354\u4f1a\u300d\u3001\u300c\u30b0\u30eb\u30fc\u30d7\u30fb\u30bf\u30eb\u30c9\u30fc\u30eb\u300d\uff08\u58f0\u3068\u30d1\u30eb\u30b9\u3068\u30d7\u30a2\u697d\u5668\u306e\u30b0\u30eb\u30fc\u30d7\uff09\u306e\u9996\u5e2d\u6307\u63ee\u8005\u3092\u52d9\u3081\u3066\u3044\u307e\u3059\u3002 2000\u5e74\u304b\u3089\u306f\u300c\u30e6\u30cb\u30aa\u30f3\u30fb\u30df\u30e5\u30fc\u30b8\u30ab\u30eb\u30fb\u30b7\u30a7\u30e9\u30b3\u300d\u306e\u9996\u5e2d\u6307\u63ee\u8005\u3092\u52d9\u3081\u30012012\u5e74\u304b\u3089\u306f\u300c\u30bd\u30b7\u30a8\u30bf\u30fb\u30a4\u30f3\u30b9\u30c8\u30e9\u30af\u30c6\u30a3\u30d0\u30fb\u30e6\u30cb\u30aa\u30fb\u30df\u30e5\u30fc\u30b8\u30ab\u30eb\u30fb\u30c7\u30fb\u30bb\u30ec\u30b5\u300d\u306e\u9996\u5e2d\u6307\u63ee\u8005\u3092\u52d9\u3081\u3066\u3044\u308b\u3002<\/p>\n<p>\u97f3\u697d\u6307\u5c0e\u306e\u5206\u91ce\u3067\u306f\u3001\u30b7\u30a7\u30e9\u30b3\u97f3\u697d\u5b66\u6821\u3067\u97f3\u697d\u7406\u8ad6\u3068\u30c8\u30e9\u30f3\u30da\u30c3\u30c8\u306e\u6559\u5e2b\u3092\u52d9\u3081\u3001\u30a2\u30eb\u30d5\u30a1\u30b9\u30fb\u30c7\u30eb\u30fb\u30d4\u97f3\u697d\u5b66\u6821\u3067\u97f3\u697d\u7406\u8ad6\u306e\u6559\u5e2b\u3092\u52d9\u3081\u3001\u307e\u305f\u30d7\u30ed\u306e\u97f3\u697d\u9662\u300c\u30de\u30ea\u30c6\u30a3\u30e0\u5730\u533a\u300d\u3067\u548c\u58f0\u3001\u5bfe\u4f4d\u6cd5\u3001\u5206\u6790\u306e\u6559\u5e2b\u3092\u52d9\u3081\u3066\u3044\u308b\u3002\u30b0\u30e9\u30a6\u30fb\u30c7\u30fb\u30ac\u30f3\u30c7\u30a3\u30a2\u3001\u30d0\u30ec\u30f3\u30b7\u30a2\u3001\u30ab\u30b9\u30c6\u30ea\u30e7\u30f3\u3001\u30a2\u30ea\u30ab\u30f3\u30c6\u306e\u9ad8\u7b49\u97f3\u697d\u9662\u3002\u73fe\u5728\u3001\u305d\u3057\u3066 2006 \u5e74\u4ee5\u6765\u3001\u5f7c\u306f\u30d9\u30cb\u30c9\u30eb\u30e0\u306e\u5e02\u7acb\u5c02\u9580\u97f3\u697d\u9662\u300c\u30db\u30bb\u30fb\u30da\u30ec\u30b9\u30fb\u30d0\u30eb\u30bb\u30ed\u300d\u3067\u53cd\u5bfe\u6d3e\u306e\u6559\u6388\u3092\u52d9\u3081\u3066\u3044\u307e\u3059\u3002<\/p>\n\n\n<div class=\"woocommerce columns-4\"><ul class=\"products columns-4\">\n<li class=\"desktop-align-left tablet-align-left mobile-align-left ast-product-gallery-layout-horizontal-slider product type-product post-1127 status-publish first instock product_cat-sinfonicas product_tag-antonio-cuenca-castello has-post-thumbnail downloadable virtual taxable purchasable product-type-simple\">\n\t<a href=\"https:\/\/www.omnesbands.international\/ja\/product\/dodecaedro-sonoro\/\" class=\"woocommerce-LoopProduct-link woocommerce-loop-product__link\"><img loading=\"lazy\" decoding=\"async\" width=\"300\" height=\"300\" src=\"https:\/\/www.omnesbands.international\/wp-content\/uploads\/2023\/01\/Dodecaedro-Sonoro-300x300.jpg\" class=\"attachment-woocommerce_thumbnail size-woocommerce_thumbnail\" alt=\"Dodecaedro Sonoro\" srcset=\"https:\/\/www.omnesbands.international\/wp-content\/uploads\/2023\/01\/Dodecaedro-Sonoro-300x300.jpg 300w, https:\/\/www.omnesbands.international\/wp-content\/uploads\/2023\/01\/Dodecaedro-Sonoro-150x150.jpg 150w, https:\/\/www.omnesbands.international\/wp-content\/uploads\/2023\/01\/Dodecaedro-Sonoro-100x100.jpg 100w\" sizes=\"auto, (max-width: 300px) 100vw, 300px\" \/><h2 class=\"woocommerce-loop-product__title\">\u30bd\u30ce\u30e9\u30b9\u5341\u4e8c\u9762\u4f53<\/h2>\n\t<span class=\"price\"><span class=\"woocommerce-Price-amount amount\"><bdi><span class=\"woocommerce-Price-currencySymbol\">&#36;<\/span>40.00<\/bdi><\/span><\/span>\n<\/a><a href=\"\/ja\/wp-json\/wp\/v2\/pages\/1566?add-to-cart=1127\" aria-describedby=\"woocommerce_loop_add_to_cart_link_describedby_1127\" data-quantity=\"1\" class=\"button product_type_simple add_to_cart_button ajax_add_to_cart\" data-product_id=\"1127\" data-product_sku=\"DOD-SIN-ESP-22\" aria-label=\"\u30ab\u30fc\u30c8\u306b\u8ffd\u52a0: \u300cDodecaedro Sonoro\u300d\" rel=\"nofollow\" data-success_message=\"\u300cDodecaedro Sonoro\u300d\u3092\u304a\u8cb7\u3044\u7269\u30ab\u30b4\u306b\u8ffd\u52a0\u3057\u307e\u3057\u305f\" role=\"button\" data-no-translation=\"\" data-trp-gettext=\"\" data-no-translation-aria-label=\"\" data-no-translation-data-success_message=\"\">\u304a\u8cb7\u3044\u7269\u30ab\u30b4\u306b\u8ffd\u52a0<\/a>\t<span id=\"woocommerce_loop_add_to_cart_link_describedby_1127\" class=\"screen-reader-text\">\n\t\t\t<\/span>\n<\/li>\n<\/ul>\n<\/div>\n<\/div><\/div>\n<\/div><\/div>","protected":false},"excerpt":{"rendered":"<p>ANTONIO CUENCA CASTELL\u00d3 Natural de Xeraco (Valencia). Inicia sus estudios en el Conservatorio de M\u00fasica de Valencia en las materias de trompeta, piano, armon\u00eda, contrapunto, fuga, composici\u00f3n e instrumentaci\u00f3n, obteniendo la menci\u00f3n de honor en la especialidad de composici\u00f3n. Tambi\u00e9n ha estudiado direcci\u00f3n de banda, coro y orquesta con los profesores Juan Espinosa, Francisco Cabrelles, [&hellip;]<\/p>\n","protected":false},"author":4,"featured_media":0,"parent":0,"menu_order":0,"comment_status":"closed","ping_status":"closed","template":"","meta":{"_acf_changed":false,"_uag_custom_page_level_css":"","site-sidebar-layout":"default","site-content-layout":"","ast-site-content-layout":"default","site-content-style":"default","site-sidebar-style":"default","ast-global-header-display":"","ast-banner-title-visibility":"","ast-main-header-display":"","ast-hfb-above-header-display":"","ast-hfb-below-header-display":"","ast-hfb-mobile-header-display":"","site-post-title":"disabled","ast-breadcrumbs-content":"","ast-featured-img":"","footer-sml-layout":"","ast-disable-related-posts":"","theme-transparent-header-meta":"","adv-header-id-meta":"","stick-header-meta":"","header-above-stick-meta":"","header-main-stick-meta":"","header-below-stick-meta":"","astra-migrate-meta-layouts":"default","ast-page-background-enabled":"default","ast-page-background-meta":{"desktop":{"background-color":"","background-image":"","background-repeat":"repeat","background-position":"center center","background-size":"auto","background-attachment":"scroll","background-type":"","background-media":"","overlay-type":"","overlay-color":"","overlay-opacity":"","overlay-gradient":""},"tablet":{"background-color":"","background-image":"","background-repeat":"repeat","background-position":"center center","background-size":"auto","background-attachment":"scroll","background-type":"","background-media":"","overlay-type":"","overlay-color":"","overlay-opacity":"","overlay-gradient":""},"mobile":{"background-color":"","background-image":"","background-repeat":"repeat","background-position":"center center","background-size":"auto","background-attachment":"scroll","background-type":"","background-media":"","overlay-type":"","overlay-color":"","overlay-opacity":"","overlay-gradient":""}},"ast-content-background-meta":{"desktop":{"background-color":"var(--ast-global-color-5)","background-image":"","background-repeat":"repeat","background-position":"center center","background-size":"auto","background-attachment":"scroll","background-type":"","background-media":"","overlay-type":"","overlay-color":"","overlay-opacity":"","overlay-gradient":""},"tablet":{"background-color":"var(--ast-global-color-5)","background-image":"","background-repeat":"repeat","background-position":"center center","background-size":"auto","background-attachment":"scroll","background-type":"","background-media":"","overlay-type":"","overlay-color":"","overlay-opacity":"","overlay-gradient":""},"mobile":{"background-color":"var(--ast-global-color-5)","background-image":"","background-repeat":"repeat","background-position":"center center","background-size":"auto","background-attachment":"scroll","background-type":"","background-media":"","overlay-type":"","overlay-color":"","overlay-opacity":"","overlay-gradient":""}},"footnotes":""},"class_list":["post-1566","page","type-page","status-publish","hentry"],"acf":[],"yoast_head":"<!-- This site is optimized with the Yoast SEO Premium plugin v22.4 (Yoast SEO v27.4) - https:\/\/yoast.com\/product\/yoast-seo-premium-wordpress\/ -->\n<title>ANTONIO CUENCA CASTELL\u00d3 -<\/title>\n<meta name=\"robots\" content=\"index, follow, max-snippet:-1, max-image-preview:large, max-video-preview:-1\" \/>\n<link rel=\"canonical\" href=\"https:\/\/www.omnesbands.international\/ja\/antonio-cuenca-castello-2\/\" \/>\n<meta property=\"og:locale\" content=\"ja_JP\" \/>\n<meta property=\"og:type\" content=\"article\" \/>\n<meta property=\"og:title\" content=\"ANTONIO CUENCA CASTELL\u00d3\" \/>\n<meta property=\"og:description\" content=\"ANTONIO CUENCA CASTELL\u00d3 Natural de Xeraco (Valencia). Inicia sus estudios en el Conservatorio de M\u00fasica de Valencia en las materias de trompeta, piano, armon\u00eda, contrapunto, fuga, composici\u00f3n e instrumentaci\u00f3n, obteniendo la menci\u00f3n de honor en la especialidad de composici\u00f3n. Tambi\u00e9n ha estudiado direcci\u00f3n de banda, coro y orquesta con los profesores Juan Espinosa, Francisco Cabrelles, [&hellip;]\" \/>\n<meta property=\"og:url\" content=\"https:\/\/www.omnesbands.international\/ja\/antonio-cuenca-castello-2\/\" \/>\n<meta property=\"article:modified_time\" content=\"2023-01-28T17:37:47+00:00\" \/>\n<meta property=\"og:image\" content=\"https:\/\/www.omnesbands.international\/wp-content\/uploads\/2023\/01\/music-sheet-music-snowdrop-7107045.jpg\" \/>\n\t<meta property=\"og:image:width\" content=\"1280\" \/>\n\t<meta property=\"og:image:height\" content=\"742\" \/>\n\t<meta property=\"og:image:type\" content=\"image\/jpeg\" \/>\n<meta name=\"twitter:card\" content=\"summary_large_image\" \/>\n<meta name=\"twitter:label1\" content=\"\u63a8\u5b9a\u8aad\u307f\u53d6\u308a\u6642\u9593\" \/>\n\t<meta name=\"twitter:data1\" content=\"1\u5206\" \/>\n<script type=\"application\/ld+json\" class=\"yoast-schema-graph\">{\"@context\":\"https:\\\/\\\/schema.org\",\"@graph\":[{\"@type\":\"WebPage\",\"@id\":\"https:\\\/\\\/www.omnesbands.international\\\/fr\\\/antonio-cuenca-castello-2\\\/\",\"url\":\"https:\\\/\\\/www.omnesbands.international\\\/fr\\\/antonio-cuenca-castello-2\\\/\",\"name\":\"ANTONIO CUENCA CASTELL\u00d3 -\",\"isPartOf\":{\"@id\":\"https:\\\/\\\/www.omnesbands.international\\\/#website\"},\"datePublished\":\"2023-01-28T04:43:48+00:00\",\"dateModified\":\"2023-01-28T17:37:47+00:00\",\"breadcrumb\":{\"@id\":\"https:\\\/\\\/www.omnesbands.international\\\/fr\\\/antonio-cuenca-castello-2\\\/#breadcrumb\"},\"inLanguage\":\"ja\",\"potentialAction\":[{\"@type\":\"ReadAction\",\"target\":[\"https:\\\/\\\/www.omnesbands.international\\\/fr\\\/antonio-cuenca-castello-2\\\/\"]}]},{\"@type\":\"BreadcrumbList\",\"@id\":\"https:\\\/\\\/www.omnesbands.international\\\/fr\\\/antonio-cuenca-castello-2\\\/#breadcrumb\",\"itemListElement\":[{\"@type\":\"ListItem\",\"position\":1,\"name\":\"Portada\",\"item\":\"https:\\\/\\\/www.omnesbands.international\\\/\"},{\"@type\":\"ListItem\",\"position\":2,\"name\":\"ANTONIO CUENCA CASTELL\u00d3\"}]},{\"@type\":\"WebSite\",\"@id\":\"https:\\\/\\\/www.omnesbands.international\\\/#website\",\"url\":\"https:\\\/\\\/www.omnesbands.international\\\/\",\"name\":\"OMNESBANDS International\",\"description\":\"Partituras Originales de autores y compositores independientes\",\"publisher\":{\"@id\":\"https:\\\/\\\/www.omnesbands.international\\\/#organization\"},\"potentialAction\":[{\"@type\":\"SearchAction\",\"target\":{\"@type\":\"EntryPoint\",\"urlTemplate\":\"https:\\\/\\\/www.omnesbands.international\\\/?s={search_term_string}\"},\"query-input\":{\"@type\":\"PropertyValueSpecification\",\"valueRequired\":true,\"valueName\":\"search_term_string\"}}],\"inLanguage\":\"ja\"},{\"@type\":\"Organization\",\"@id\":\"https:\\\/\\\/www.omnesbands.international\\\/#organization\",\"name\":\"Indra Consultores Internacionales\",\"alternateName\":\"Omnesbands\",\"url\":\"https:\\\/\\\/www.omnesbands.international\\\/\",\"logo\":{\"@type\":\"ImageObject\",\"inLanguage\":\"ja\",\"@id\":\"https:\\\/\\\/www.omnesbands.international\\\/#\\\/schema\\\/logo\\\/image\\\/\",\"url\":\"https:\\\/\\\/omnesbands.international\\\/wp-content\\\/uploads\\\/2023\\\/06\\\/Logo-Nuevo-.png\",\"contentUrl\":\"https:\\\/\\\/omnesbands.international\\\/wp-content\\\/uploads\\\/2023\\\/06\\\/Logo-Nuevo-.png\",\"width\":394,\"height\":212,\"caption\":\"Indra Consultores Internacionales\"},\"image\":{\"@id\":\"https:\\\/\\\/www.omnesbands.international\\\/#\\\/schema\\\/logo\\\/image\\\/\"}}]}<\/script>\n<!-- \/ Yoast SEO Premium plugin. -->","yoast_head_json":{"title":"ANTONIO CUENCA CASTELL\u00d3 -","robots":{"index":"index","follow":"follow","max-snippet":"max-snippet:-1","max-image-preview":"max-image-preview:large","max-video-preview":"max-video-preview:-1"},"canonical":"https:\/\/www.omnesbands.international\/ja\/antonio-cuenca-castello-2\/","og_locale":"ja_JP","og_type":"article","og_title":"ANTONIO CUENCA CASTELL\u00d3","og_description":"ANTONIO CUENCA CASTELL\u00d3 Natural de Xeraco (Valencia). Inicia sus estudios en el Conservatorio de M\u00fasica de Valencia en las materias de trompeta, piano, armon\u00eda, contrapunto, fuga, composici\u00f3n e instrumentaci\u00f3n, obteniendo la menci\u00f3n de honor en la especialidad de composici\u00f3n. Tambi\u00e9n ha estudiado direcci\u00f3n de banda, coro y orquesta con los profesores Juan Espinosa, Francisco Cabrelles, [&hellip;]","og_url":"https:\/\/www.omnesbands.international\/ja\/antonio-cuenca-castello-2\/","article_modified_time":"2023-01-28T17:37:47+00:00","og_image":[{"width":1280,"height":742,"url":"https:\/\/www.omnesbands.international\/wp-content\/uploads\/2023\/01\/music-sheet-music-snowdrop-7107045.jpg","type":"image\/jpeg"}],"twitter_card":"summary_large_image","twitter_misc":{"\u63a8\u5b9a\u8aad\u307f\u53d6\u308a\u6642\u9593":"1\u5206"},"schema":{"@context":"https:\/\/schema.org","@graph":[{"@type":"WebPage","@id":"https:\/\/www.omnesbands.international\/fr\/antonio-cuenca-castello-2\/","url":"https:\/\/www.omnesbands.international\/fr\/antonio-cuenca-castello-2\/","name":"ANTONIO CUENCA CASTELL\u00d3 -","isPartOf":{"@id":"https:\/\/www.omnesbands.international\/#website"},"datePublished":"2023-01-28T04:43:48+00:00","dateModified":"2023-01-28T17:37:47+00:00","breadcrumb":{"@id":"https:\/\/www.omnesbands.international\/fr\/antonio-cuenca-castello-2\/#breadcrumb"},"inLanguage":"ja","potentialAction":[{"@type":"ReadAction","target":["https:\/\/www.omnesbands.international\/fr\/antonio-cuenca-castello-2\/"]}]},{"@type":"BreadcrumbList","@id":"https:\/\/www.omnesbands.international\/fr\/antonio-cuenca-castello-2\/#breadcrumb","itemListElement":[{"@type":"ListItem","position":1,"name":"Portada","item":"https:\/\/www.omnesbands.international\/"},{"@type":"ListItem","position":2,"name":"ANTONIO CUENCA CASTELL\u00d3"}]},{"@type":"WebSite","@id":"https:\/\/www.omnesbands.international\/#website","url":"https:\/\/www.omnesbands.international\/","name":"OMNESBANDS International","description":"\u72ec\u7acb\u3057\u305f\u4f5c\u5bb6\u3084\u4f5c\u66f2\u5bb6\u306b\u3088\u308b\u30aa\u30ea\u30b8\u30ca\u30eb\u306e\u697d\u8b5c","publisher":{"@id":"https:\/\/www.omnesbands.international\/#organization"},"potentialAction":[{"@type":"SearchAction","target":{"@type":"EntryPoint","urlTemplate":"https:\/\/www.omnesbands.international\/?s={search_term_string}"},"query-input":{"@type":"PropertyValueSpecification","valueRequired":true,"valueName":"search_term_string"}}],"inLanguage":"ja"},{"@type":"Organization","@id":"https:\/\/www.omnesbands.international\/#organization","name":"\u30a4\u30f3\u30c9\u30e9\u56fd\u969b\u30b3\u30f3\u30b5\u30eb\u30bf\u30f3\u30c8","alternateName":"Omnesbands","url":"https:\/\/www.omnesbands.international\/","logo":{"@type":"ImageObject","inLanguage":"ja","@id":"https:\/\/www.omnesbands.international\/#\/schema\/logo\/image\/","url":"https:\/\/omnesbands.international\/wp-content\/uploads\/2023\/06\/Logo-Nuevo-.png","contentUrl":"https:\/\/omnesbands.international\/wp-content\/uploads\/2023\/06\/Logo-Nuevo-.png","width":394,"height":212,"caption":"Indra Consultores Internacionales"},"image":{"@id":"https:\/\/www.omnesbands.international\/#\/schema\/logo\/image\/"}}]}},"uagb_featured_image_src":{"full":false,"thumbnail":false,"medium":false,"medium_large":false,"large":false,"1536x1536":false,"2048x2048":false,"trp-custom-language-flag":false,"gg_gallery_thumbnail":false,"woocommerce_thumbnail":false,"woocommerce_single":false,"woocommerce_gallery_thumbnail":false},"uagb_author_info":{"display_name":"Melvin R. Portillo A:","author_link":"https:\/\/www.omnesbands.international\/ja\/author\/portand\/"},"uagb_comment_info":0,"uagb_excerpt":"ANTONIO CUENCA CASTELL\u00d3 Natural de Xeraco (Valencia). Inicia sus estudios en el Conservatorio de M\u00fasica de Valencia en las materias de trompeta, piano, armon\u00eda, contrapunto, fuga, composici\u00f3n e instrumentaci\u00f3n, obteniendo la menci\u00f3n de honor en la especialidad de composici\u00f3n. Tambi\u00e9n ha estudiado direcci\u00f3n de banda, coro y orquesta con los profesores Juan Espinosa, Francisco Cabrelles,&hellip;","_links":{"self":[{"href":"https:\/\/www.omnesbands.international\/ja\/wp-json\/wp\/v2\/pages\/1566","targetHints":{"allow":["GET"]}}],"collection":[{"href":"https:\/\/www.omnesbands.international\/ja\/wp-json\/wp\/v2\/pages"}],"about":[{"href":"https:\/\/www.omnesbands.international\/ja\/wp-json\/wp\/v2\/types\/page"}],"author":[{"embeddable":true,"href":"https:\/\/www.omnesbands.international\/ja\/wp-json\/wp\/v2\/users\/4"}],"replies":[{"embeddable":true,"href":"https:\/\/www.omnesbands.international\/ja\/wp-json\/wp\/v2\/comments?post=1566"}],"version-history":[{"count":4,"href":"https:\/\/www.omnesbands.international\/ja\/wp-json\/wp\/v2\/pages\/1566\/revisions"}],"predecessor-version":[{"id":1607,"href":"https:\/\/www.omnesbands.international\/ja\/wp-json\/wp\/v2\/pages\/1566\/revisions\/1607"}],"wp:attachment":[{"href":"https:\/\/www.omnesbands.international\/ja\/wp-json\/wp\/v2\/media?parent=1566"}],"curies":[{"name":"wp","href":"https:\/\/api.w.org\/{rel}","templated":true}]}}